{"id":398,"date":"2020-12-07T14:10:10","date_gmt":"2020-12-07T06:10:10","guid":{"rendered":"https:\/\/f.seowaimao.com\/?post_type=product&amp;p=398"},"modified":"2020-12-07T14:10:10","modified_gmt":"2020-12-07T06:10:10","slug":"oem-sac-parcalar-aluminyum-elektronik-metal-muhafaza-duvar-ozel-rafa-monte-sunucu-kasasi","status":"publish","type":"product","link":"https:\/\/metalpie.com\/tr\/sac-metal-i%cc%87malati\/oem-sac-parcalar-aluminyum-elektronik-metal-muhafaza-duvar-ozel-rafa-monte-sunucu-kasasi\/","title":{"rendered":"OEM sac metal par\u00e7alar al\u00fcminyum elektronik metal muhafaza duvar\u0131 \u00f6zel rafa monte sunucu kasas\u0131"},"content":{"rendered":"<table width=\"612\">\n<tbody>\n<tr>\n<td width=\"97\"><strong>Malzeme<\/strong><\/td>\n<td width=\"515\">Paslanmaz \u00e7elik \/Al\u00fcminyum\/SPCC\/Bak\u0131r \/Pirin\u00e7 \/SGCC \/SECC \/Bronz \/Karbon \u00c7elik<\/td>\n<\/tr>\n<tr>\n<td width=\"97\"><strong>Kal\u0131nl\u0131k<\/strong><\/td>\n<td width=\"515\">0.2-20mm<\/td>\n<\/tr>\n<tr>\n<td width=\"97\"><strong>Renk<\/strong><\/td>\n<td width=\"515\">Renkler \/K\u0131rm\u0131z\u0131\/Ye\u015fil \/Silvery \/Sliver \/Silver Beyaz \/Silvery Siyah \/G\u00fcm\u00fc\u015f gri \/Mor \/Alt\u0131n \/Beyaz \/Koyu gri<\/td>\n<\/tr>\n<tr>\n<td width=\"97\"><strong>\u0130\u015fleme<\/strong><\/td>\n<td width=\"515\">Kesme \/ Lazer Kesim \/ B\u00fckme \/ Damgalama \/ Derin \u00c7ekme \/ CNC i\u015fleme \/ Tornalama \/ Delme \/ K\u0131lavuz \u00e7ekme \/ Per\u00e7inleme \/ kaynak \/ Y\u00fczey i\u015fleme \/ Montaj<\/td>\n<\/tr>\n<tr>\n<td width=\"97\"><strong>Y\u00fczey \u0130\u015flemleri<\/strong><\/td>\n<td width=\"515\">Toz boya \/ Boyama \/ Galvanizleme \/ Elektrokaplama \/ Eloksal \/ Krom kaplama \/ F\u0131r\u00e7alama \/ Parlatma \/ Serigrafi \/ Bask\u0131<\/td>\n<\/tr>\n<tr>\n<td width=\"97\"><strong>Hizmet T\u00fcr\u00fc<\/strong><\/td>\n<td width=\"515\">OEM \/ ODM<\/td>\n<\/tr>\n<tr>\n<td width=\"97\"><strong>Teslimat S\u00fcresi<\/strong><\/td>\n<td width=\"515\">Depozitodan itibaren 7-20 g\u00fcn<\/td>\n<\/tr>\n<\/tbody>\n<\/table>\n<p>&nbsp;<\/p>","protected":false},"excerpt":{"rendered":"<p>Malzeme Paslanmaz \u00e7elik \/Al\u00fcminyum \/ SPCC \/Bak\u0131r \/Pirin\u00e7 \/SGCC \/SECC \/Bronz \/Karbon \u00c7elik Kal\u0131nl\u0131k 0.2-20mm Renk Renkli \/K\u0131rm\u0131z\u0131\/Ye\u015fil \/Silvery \/Sliver \/Silver White \/Silvery Black \/Silver grey \/Purple \/Golden \/White \/Dark grey \u0130\u015fleme Kesme \/LazerKesme \/B\u00fckme \/Damgalama \/Derin\u00c7izim \/CNC i\u015fleme \/Tornalama \/ Delme \/ K\u0131lavuz \u00e7ekme \/ Per\u00e7inleme \/ Kaynak \/ Y\u00fczey i\u015fleme \/ Montaj Y\u00fczey i\u015fleme Toz boya \/ Boyama \/ Galvanizleme \/ Elektrokaplama \/ Eloksal \/ Krom kaplama \/ F\u0131r\u00e7alama \/ Polisaj \/ \u0130pekekran \/ Bask\u0131 Hizmet T\u00fcr\u00fc OEM...<\/p>","protected":false},"featured_media":1029,"comment_status":"open","ping_status":"closed","template":"","meta":[],"product_cat":[109],"class_list":["post-398","product","type-product","status-publish","has-post-thumbnail","hentry","product_cat-sheet-metal-fabrication"],"yoast_head":"<!-- This site is optimized with the Yoast SEO plugin v21.5 - https:\/\/yoast.com\/wordpress\/plugins\/seo\/ -->\n<title>OEM metal enclosure wall custom rackmount server case<\/title>\n<meta name=\"robots\" content=\"index, follow, max-snippet:-1, max-image-preview:large, max-video-preview:-1\" \/>\n<link rel=\"canonical\" href=\"https:\/\/metalpie.com\/tr\/sac-metal-i\u0307malati\/oem-sac-parcalar-aluminyum-elektronik-metal-muhafaza-duvar-ozel-rafa-monte-sunucu-kasasi\/\" \/>\n<meta property=\"og:locale\" content=\"tr_TR\" \/>\n<meta property=\"og:type\" content=\"article\" \/>\n<meta property=\"og:title\" content=\"OEM metal enclosure wall custom rackmount server case\" \/>\n<meta property=\"og:description\" content=\"Material Stainless steel \/Aluminum\/SPCC\/Copper \/Brass \/SGCC \/SECC \/Bronze \/Carbon Steel Thickness 0.2-20mm Color Colorfull \/Red\/Green \/Silvery \/Sliver \/Silver White \/Silvery Black \/Silver grey \/Purple \/Golden \/White \/Dark grey Processing Shearing \/LaserCutting \/Bending \/Stamping \/DeepDrawing \/CNC machining \/Turning \/Drilling \/Tapping \/Riveting \/welding \/Surface\/treatment \/Assembling Surface Treatment Powder coating\/Painting\/Galvanizing\/ Electroplating\/ Anodising\/ Chromeplating\/Brushing\/Polishing\/ Silk-screen\/ Printing Service Type OEM...\" \/>\n<meta property=\"og:url\" content=\"https:\/\/metalpie.com\/tr\/sac-metal-i\u0307malati\/oem-sac-parcalar-aluminyum-elektronik-metal-muhafaza-duvar-ozel-rafa-monte-sunucu-kasasi\/\" \/>\n<meta property=\"og:site_name\" content=\"METALPIE\" \/>\n<meta name=\"twitter:card\" content=\"summary_large_image\" \/>\n<meta name=\"twitter:label1\" content=\"Tahmini okuma s\u00fcresi\" \/>\n\t<meta name=\"twitter:data1\" content=\"1 dakika\" \/>\n<script type=\"application\/ld+json\" class=\"yoast-schema-graph\">{\"@context\":\"https:\/\/schema.org\",\"@graph\":[{\"@type\":\"WebPage\",\"@id\":\"https:\/\/metalpie.com\/sheet-metal-fabrication\/oem-sheet-metal-parts-aluminum-electronic-metal-enclosure-wall-custom-rackmount-server-case\/\",\"url\":\"https:\/\/metalpie.com\/sheet-metal-fabrication\/oem-sheet-metal-parts-aluminum-electronic-metal-enclosure-wall-custom-rackmount-server-case\/\",\"name\":\"OEM metal enclosure wall custom rackmount server case\",\"isPartOf\":{\"@id\":\"https:\/\/metalpie.com\/#website\"},\"datePublished\":\"2020-12-07T06:10:10+00:00\",\"dateModified\":\"2020-12-07T06:10:10+00:00\",\"breadcrumb\":{\"@id\":\"https:\/\/metalpie.com\/sheet-metal-fabrication\/oem-sheet-metal-parts-aluminum-electronic-metal-enclosure-wall-custom-rackmount-server-case\/#breadcrumb\"},\"inLanguage\":\"tr\",\"potentialAction\":[{\"@type\":\"ReadAction\",\"target\":[\"https:\/\/metalpie.com\/sheet-metal-fabrication\/oem-sheet-metal-parts-aluminum-electronic-metal-enclosure-wall-custom-rackmount-server-case\/\"]}]},{\"@type\":\"BreadcrumbList\",\"@id\":\"https:\/\/metalpie.com\/sheet-metal-fabrication\/oem-sheet-metal-parts-aluminum-electronic-metal-enclosure-wall-custom-rackmount-server-case\/#breadcrumb\",\"itemListElement\":[{\"@type\":\"ListItem\",\"position\":1,\"name\":\"Home\",\"item\":\"https:\/\/metalpie.com\/\"},{\"@type\":\"ListItem\",\"position\":2,\"name\":\"Products\",\"item\":\"https:\/\/metalpie.com\/shop\/\"},{\"@type\":\"ListItem\",\"position\":3,\"name\":\"OEM sheet metal parts aluminum electronic metal enclosure wall custom rackmount server case\"}]},{\"@type\":\"WebSite\",\"@id\":\"https:\/\/metalpie.com\/#website\",\"url\":\"https:\/\/metalpie.com\/\",\"name\":\"METALPIE\",\"description\":\"Precision Metal Fabrication | Tools, Processes &amp; More\",\"potentialAction\":[{\"@type\":\"SearchAction\",\"target\":{\"@type\":\"EntryPoint\",\"urlTemplate\":\"https:\/\/metalpie.com\/?s={search_term_string}\"},\"query-input\":\"required name=search_term_string\"}],\"inLanguage\":\"tr\"}]}<\/script>\n<!-- \/ Yoast SEO plugin. -->","yoast_head_json":{"title":"OEM metal muhafaza duvar\u0131 \u00f6zel rafa monte sunucu kasas\u0131","robots":{"index":"index","follow":"follow","max-snippet":"max-snippet:-1","max-image-preview":"max-image-preview:large","max-video-preview":"max-video-preview:-1"},"canonical":"https:\/\/metalpie.com\/tr\/sac-metal-i\u0307malati\/oem-sac-parcalar-aluminyum-elektronik-metal-muhafaza-duvar-ozel-rafa-monte-sunucu-kasasi\/","og_locale":"tr_TR","og_type":"article","og_title":"OEM metal enclosure wall custom rackmount server case","og_description":"Material Stainless steel \/Aluminum\/SPCC\/Copper \/Brass \/SGCC \/SECC \/Bronze \/Carbon Steel Thickness 0.2-20mm Color Colorfull \/Red\/Green \/Silvery \/Sliver \/Silver White \/Silvery Black \/Silver grey \/Purple \/Golden \/White \/Dark grey Processing Shearing \/LaserCutting \/Bending \/Stamping \/DeepDrawing \/CNC machining \/Turning \/Drilling \/Tapping \/Riveting \/welding \/Surface\/treatment \/Assembling Surface Treatment Powder coating\/Painting\/Galvanizing\/ Electroplating\/ Anodising\/ Chromeplating\/Brushing\/Polishing\/ Silk-screen\/ Printing Service Type OEM...","og_url":"https:\/\/metalpie.com\/tr\/sac-metal-i\u0307malati\/oem-sac-parcalar-aluminyum-elektronik-metal-muhafaza-duvar-ozel-rafa-monte-sunucu-kasasi\/","og_site_name":"METALPIE","twitter_card":"summary_large_image","twitter_misc":{"Tahmini okuma s\u00fcresi":"1 dakika"},"schema":{"@context":"https:\/\/schema.org","@graph":[{"@type":"WebPage","@id":"https:\/\/metalpie.com\/sheet-metal-fabrication\/oem-sheet-metal-parts-aluminum-electronic-metal-enclosure-wall-custom-rackmount-server-case\/","url":"https:\/\/metalpie.com\/sheet-metal-fabrication\/oem-sheet-metal-parts-aluminum-electronic-metal-enclosure-wall-custom-rackmount-server-case\/","name":"OEM metal muhafaza duvar\u0131 \u00f6zel rafa monte sunucu kasas\u0131","isPartOf":{"@id":"https:\/\/metalpie.com\/#website"},"datePublished":"2020-12-07T06:10:10+00:00","dateModified":"2020-12-07T06:10:10+00:00","breadcrumb":{"@id":"https:\/\/metalpie.com\/sheet-metal-fabrication\/oem-sheet-metal-parts-aluminum-electronic-metal-enclosure-wall-custom-rackmount-server-case\/#breadcrumb"},"inLanguage":"tr","potentialAction":[{"@type":"ReadAction","target":["https:\/\/metalpie.com\/sheet-metal-fabrication\/oem-sheet-metal-parts-aluminum-electronic-metal-enclosure-wall-custom-rackmount-server-case\/"]}]},{"@type":"BreadcrumbList","@id":"https:\/\/metalpie.com\/sheet-metal-fabrication\/oem-sheet-metal-parts-aluminum-electronic-metal-enclosure-wall-custom-rackmount-server-case\/#breadcrumb","itemListElement":[{"@type":"ListItem","position":1,"name":"Home","item":"https:\/\/metalpie.com\/"},{"@type":"ListItem","position":2,"name":"Products","item":"https:\/\/metalpie.com\/shop\/"},{"@type":"ListItem","position":3,"name":"OEM sheet metal parts aluminum electronic metal enclosure wall custom rackmount server case"}]},{"@type":"WebSite","@id":"https:\/\/metalpie.com\/#website","url":"https:\/\/metalpie.com\/","name":"METALPIE","description":"Hassas Metal \u0130malat\u0131 | Ara\u00e7lar, S\u00fcre\u00e7ler ve Daha Fazlas\u0131","potentialAction":[{"@type":"SearchAction","target":{"@type":"EntryPoint","urlTemplate":"https:\/\/metalpie.com\/?s={search_term_string}"},"query-input":"required name=search_term_string"}],"inLanguage":"tr"}]}},"_links":{"self":[{"href":"https:\/\/metalpie.com\/tr\/wp-json\/wp\/v2\/product\/398","targetHints":{"allow":["GET"]}}],"collection":[{"href":"https:\/\/metalpie.com\/tr\/wp-json\/wp\/v2\/product"}],"about":[{"href":"https:\/\/metalpie.com\/tr\/wp-json\/wp\/v2\/types\/product"}],"replies":[{"embeddable":true,"href":"https:\/\/metalpie.com\/tr\/wp-json\/wp\/v2\/comments?post=398"}],"wp:featuredmedia":[{"embeddable":true,"href":"https:\/\/metalpie.com\/tr\/wp-json\/"}],"wp:attachment":[{"href":"https:\/\/metalpie.com\/tr\/wp-json\/wp\/v2\/media?parent=398"}],"wp:term":[{"taxonomy":"product_cat","embeddable":true,"href":"https:\/\/metalpie.com\/tr\/wp-json\/wp\/v2\/product_cat?post=398"}],"curies":[{"name":"wp","href":"https:\/\/api.w.org\/{rel}","templated":true}]}}