{"id":395,"date":"2020-12-07T14:09:34","date_gmt":"2020-12-07T06:09:34","guid":{"rendered":"https:\/\/f.seowaimao.com\/?post_type=product&amp;p=395"},"modified":"2020-12-07T14:09:34","modified_gmt":"2020-12-07T06:09:34","slug":"ozellestirilmis-oem-lazer-kesim-hizmeti-sac-metal-paslanmaz-celik-aluminyum-isleme-parcalari","status":"publish","type":"product","link":"https:\/\/metalpie.com\/tr\/sac-metal-i%cc%87malati\/ozellestirilmis-oem-lazer-kesim-hizmeti-sac-metal-paslanmaz-celik-aluminyum-isleme-parcalari\/","title":{"rendered":"\u00d6zelle\u015ftirilmi\u015f OEM lazer kesim hizmeti sac metal paslanmaz \u00e7elik al\u00fcminyum i\u015fleme par\u00e7alar\u0131"},"content":{"rendered":"<table width=\"640\">\n<tbody>\n<tr>\n<td width=\"125\"><span style=\"font-size: 120%\"><strong>Malzeme<\/strong><\/span><\/td>\n<td width=\"515\"><span style=\"font-size: 120%\">Paslanmaz \u00e7elik \/Al\u00fcminyum\/SPCC\/Bak\u0131r \/Pirin\u00e7 \/SGCC \/SECC \/Bronz \/Karbon \u00c7elik<\/span><\/td>\n<\/tr>\n<tr>\n<td width=\"125\"><span style=\"font-size: 120%\"><strong>Kal\u0131nl\u0131k<\/strong><\/span><\/td>\n<td width=\"515\"><span style=\"font-size: 120%\">0.2-20mm<\/span><\/td>\n<\/tr>\n<tr>\n<td width=\"125\"><span style=\"font-size: 120%\"><strong>Renk<\/strong><\/span><\/td>\n<td width=\"515\"><span style=\"font-size: 120%\">Renkler \/K\u0131rm\u0131z\u0131\/Ye\u015fil \/Silvery \/Sliver \/Silver Beyaz \/Silvery Siyah \/G\u00fcm\u00fc\u015f gri \/Mor \/Alt\u0131n \/Beyaz \/Koyu gri<\/span><\/td>\n<\/tr>\n<tr>\n<td width=\"125\"><span style=\"font-size: 120%\"><strong>\u0130\u015fleme<\/strong><\/span><\/td>\n<td width=\"515\"><span style=\"font-size: 120%\">Kesme \/ Lazer Kesim \/ B\u00fckme \/ Damgalama \/ Derin \u00c7ekme \/ CNC i\u015fleme \/ Tornalama \/ Delme \/ K\u0131lavuz \u00e7ekme \/ Per\u00e7inleme \/ kaynak \/ Y\u00fczey i\u015fleme \/ Montaj<\/span><\/td>\n<\/tr>\n<tr>\n<td width=\"125\"><span style=\"font-size: 120%\"><strong>Y\u00fczey \u0130\u015flemleri<\/strong><\/span><\/td>\n<td width=\"515\"><span style=\"font-size: 120%\">Toz boya \/ Boyama \/ Galvanizleme \/ Elektrokaplama \/ Eloksal \/ Krom kaplama \/ F\u0131r\u00e7alama \/ Parlatma \/ Serigrafi \/ Bask\u0131<\/span><\/td>\n<\/tr>\n<tr>\n<td width=\"125\"><span style=\"font-size: 120%\"><strong>Hizmet T\u00fcr\u00fc<\/strong><\/span><\/td>\n<td width=\"515\"><span style=\"font-size: 120%\">OEM \/ ODM<\/span><\/td>\n<\/tr>\n<tr>\n<td width=\"125\"><span style=\"font-size: 120%\"><strong>Teslimat S\u00fcresi<\/strong><\/span><\/td>\n<td width=\"515\"><span style=\"font-size: 120%\">Depozitodan itibaren 7-20 g\u00fcn<\/span><\/td>\n<\/tr>\n<\/tbody>\n<\/table>","protected":false},"excerpt":{"rendered":"<p>Malzeme Paslanmaz \u00e7elik \/Al\u00fcminyum \/ SPCC \/Bak\u0131r \/Pirin\u00e7 \/SGCC \/SECC \/Bronz \/Karbon \u00c7elik Kal\u0131nl\u0131k 0.2-20mm Renk Renkli \/K\u0131rm\u0131z\u0131\/Ye\u015fil \/Silvery \/Sliver \/Silver White \/Silvery Black \/Silver grey \/Purple \/Golden \/White \/Dark grey \u0130\u015fleme Kesme \/LazerKesme \/B\u00fckme \/Damgalama \/Derin\u00c7izim \/CNC i\u015fleme \/Tornalama \/ Delme \/ K\u0131lavuz \u00e7ekme \/ Per\u00e7inleme \/ Kaynak \/ Y\u00fczey i\u015fleme \/ Montaj Y\u00fczey i\u015fleme Toz boya \/ Boyama \/ Galvanizleme \/ Elektrokaplama \/ Eloksal \/ Krom kaplama \/ F\u0131r\u00e7alama \/ Polisaj \/ \u0130pekekran \/ Bask\u0131 Hizmet T\u00fcr\u00fc OEM...<\/p>","protected":false},"featured_media":1041,"comment_status":"open","ping_status":"closed","template":"","meta":[],"product_cat":[109],"class_list":["post-395","product","type-product","status-publish","has-post-thumbnail","hentry","product_cat-sheet-metal-fabrication"],"yoast_head":"<!-- This site is optimized with the Yoast SEO plugin v21.5 - https:\/\/yoast.com\/wordpress\/plugins\/seo\/ -->\n<title>Customized OEM laser cutting service sheet metal stainless steel aluminum processing parts - METALPIE<\/title>\n<meta name=\"robots\" content=\"index, follow, max-snippet:-1, max-image-preview:large, max-video-preview:-1\" \/>\n<link rel=\"canonical\" href=\"https:\/\/metalpie.com\/tr\/sac-metal-i\u0307malati\/ozellestirilmis-oem-lazer-kesim-hizmeti-sac-metal-paslanmaz-celik-aluminyum-isleme-parcalari\/\" \/>\n<meta property=\"og:locale\" content=\"tr_TR\" \/>\n<meta property=\"og:type\" content=\"article\" \/>\n<meta property=\"og:title\" content=\"Customized OEM laser cutting service sheet metal stainless steel aluminum processing parts - METALPIE\" \/>\n<meta property=\"og:description\" content=\"Material Stainless steel \/Aluminum\/SPCC\/Copper \/Brass \/SGCC \/SECC \/Bronze \/Carbon Steel Thickness 0.2-20mm Color Colorfull \/Red\/Green \/Silvery \/Sliver \/Silver White \/Silvery Black \/Silver grey \/Purple \/Golden \/White \/Dark grey Processing Shearing \/LaserCutting \/Bending \/Stamping \/DeepDrawing \/CNC machining \/Turning \/Drilling \/Tapping \/Riveting \/welding \/Surface\/treatment \/Assembling Surface Treatment Powder coating\/Painting\/Galvanizing\/ Electroplating\/ Anodising\/ Chromeplating\/Brushing\/Polishing\/ Silk-screen\/ Printing Service Type OEM...\" \/>\n<meta property=\"og:url\" content=\"https:\/\/metalpie.com\/tr\/sac-metal-i\u0307malati\/ozellestirilmis-oem-lazer-kesim-hizmeti-sac-metal-paslanmaz-celik-aluminyum-isleme-parcalari\/\" \/>\n<meta property=\"og:site_name\" content=\"METALPIE\" \/>\n<meta name=\"twitter:card\" content=\"summary_large_image\" \/>\n<meta name=\"twitter:label1\" content=\"Tahmini okuma s\u00fcresi\" \/>\n\t<meta name=\"twitter:data1\" content=\"1 dakika\" \/>\n<script type=\"application\/ld+json\" class=\"yoast-schema-graph\">{\"@context\":\"https:\/\/schema.org\",\"@graph\":[{\"@type\":\"WebPage\",\"@id\":\"https:\/\/metalpie.com\/sheet-metal-fabrication\/customized-oem-laser-cutting-service-sheet-metal-stainless-steel-aluminum-processing-parts\/\",\"url\":\"https:\/\/metalpie.com\/sheet-metal-fabrication\/customized-oem-laser-cutting-service-sheet-metal-stainless-steel-aluminum-processing-parts\/\",\"name\":\"Customized OEM laser cutting service sheet metal stainless steel aluminum processing parts - METALPIE\",\"isPartOf\":{\"@id\":\"https:\/\/metalpie.com\/#website\"},\"datePublished\":\"2020-12-07T06:09:34+00:00\",\"dateModified\":\"2020-12-07T06:09:34+00:00\",\"breadcrumb\":{\"@id\":\"https:\/\/metalpie.com\/sheet-metal-fabrication\/customized-oem-laser-cutting-service-sheet-metal-stainless-steel-aluminum-processing-parts\/#breadcrumb\"},\"inLanguage\":\"tr\",\"potentialAction\":[{\"@type\":\"ReadAction\",\"target\":[\"https:\/\/metalpie.com\/sheet-metal-fabrication\/customized-oem-laser-cutting-service-sheet-metal-stainless-steel-aluminum-processing-parts\/\"]}]},{\"@type\":\"BreadcrumbList\",\"@id\":\"https:\/\/metalpie.com\/sheet-metal-fabrication\/customized-oem-laser-cutting-service-sheet-metal-stainless-steel-aluminum-processing-parts\/#breadcrumb\",\"itemListElement\":[{\"@type\":\"ListItem\",\"position\":1,\"name\":\"Home\",\"item\":\"https:\/\/metalpie.com\/\"},{\"@type\":\"ListItem\",\"position\":2,\"name\":\"Products\",\"item\":\"https:\/\/metalpie.com\/shop\/\"},{\"@type\":\"ListItem\",\"position\":3,\"name\":\"Customized OEM laser cutting service sheet metal stainless steel aluminum processing parts\"}]},{\"@type\":\"WebSite\",\"@id\":\"https:\/\/metalpie.com\/#website\",\"url\":\"https:\/\/metalpie.com\/\",\"name\":\"METALPIE\",\"description\":\"Precision Metal Fabrication | Tools, Processes &amp; More\",\"potentialAction\":[{\"@type\":\"SearchAction\",\"target\":{\"@type\":\"EntryPoint\",\"urlTemplate\":\"https:\/\/metalpie.com\/?s={search_term_string}\"},\"query-input\":\"required name=search_term_string\"}],\"inLanguage\":\"tr\"}]}<\/script>\n<!-- \/ Yoast SEO plugin. -->","yoast_head_json":{"title":"\u00d6zelle\u015ftirilmi\u015f OEM lazer kesim hizmeti sac metal paslanmaz \u00e7elik al\u00fcminyum i\u015fleme par\u00e7alar\u0131 - METALPIE","robots":{"index":"index","follow":"follow","max-snippet":"max-snippet:-1","max-image-preview":"max-image-preview:large","max-video-preview":"max-video-preview:-1"},"canonical":"https:\/\/metalpie.com\/tr\/sac-metal-i\u0307malati\/ozellestirilmis-oem-lazer-kesim-hizmeti-sac-metal-paslanmaz-celik-aluminyum-isleme-parcalari\/","og_locale":"tr_TR","og_type":"article","og_title":"Customized OEM laser cutting service sheet metal stainless steel aluminum processing parts - METALPIE","og_description":"Material Stainless steel \/Aluminum\/SPCC\/Copper \/Brass \/SGCC \/SECC \/Bronze \/Carbon Steel Thickness 0.2-20mm Color Colorfull \/Red\/Green \/Silvery \/Sliver \/Silver White \/Silvery Black \/Silver grey \/Purple \/Golden \/White \/Dark grey Processing Shearing \/LaserCutting \/Bending \/Stamping \/DeepDrawing \/CNC machining \/Turning \/Drilling \/Tapping \/Riveting \/welding \/Surface\/treatment \/Assembling Surface Treatment Powder coating\/Painting\/Galvanizing\/ Electroplating\/ Anodising\/ Chromeplating\/Brushing\/Polishing\/ Silk-screen\/ Printing Service Type OEM...","og_url":"https:\/\/metalpie.com\/tr\/sac-metal-i\u0307malati\/ozellestirilmis-oem-lazer-kesim-hizmeti-sac-metal-paslanmaz-celik-aluminyum-isleme-parcalari\/","og_site_name":"METALPIE","twitter_card":"summary_large_image","twitter_misc":{"Tahmini okuma s\u00fcresi":"1 dakika"},"schema":{"@context":"https:\/\/schema.org","@graph":[{"@type":"WebPage","@id":"https:\/\/metalpie.com\/sheet-metal-fabrication\/customized-oem-laser-cutting-service-sheet-metal-stainless-steel-aluminum-processing-parts\/","url":"https:\/\/metalpie.com\/sheet-metal-fabrication\/customized-oem-laser-cutting-service-sheet-metal-stainless-steel-aluminum-processing-parts\/","name":"\u00d6zelle\u015ftirilmi\u015f OEM lazer kesim hizmeti sac metal paslanmaz \u00e7elik al\u00fcminyum i\u015fleme par\u00e7alar\u0131 - METALPIE","isPartOf":{"@id":"https:\/\/metalpie.com\/#website"},"datePublished":"2020-12-07T06:09:34+00:00","dateModified":"2020-12-07T06:09:34+00:00","breadcrumb":{"@id":"https:\/\/metalpie.com\/sheet-metal-fabrication\/customized-oem-laser-cutting-service-sheet-metal-stainless-steel-aluminum-processing-parts\/#breadcrumb"},"inLanguage":"tr","potentialAction":[{"@type":"ReadAction","target":["https:\/\/metalpie.com\/sheet-metal-fabrication\/customized-oem-laser-cutting-service-sheet-metal-stainless-steel-aluminum-processing-parts\/"]}]},{"@type":"BreadcrumbList","@id":"https:\/\/metalpie.com\/sheet-metal-fabrication\/customized-oem-laser-cutting-service-sheet-metal-stainless-steel-aluminum-processing-parts\/#breadcrumb","itemListElement":[{"@type":"ListItem","position":1,"name":"Home","item":"https:\/\/metalpie.com\/"},{"@type":"ListItem","position":2,"name":"Products","item":"https:\/\/metalpie.com\/shop\/"},{"@type":"ListItem","position":3,"name":"Customized OEM laser cutting service sheet metal stainless steel aluminum processing parts"}]},{"@type":"WebSite","@id":"https:\/\/metalpie.com\/#website","url":"https:\/\/metalpie.com\/","name":"METALPIE","description":"Hassas Metal \u0130malat\u0131 | Ara\u00e7lar, S\u00fcre\u00e7ler ve Daha Fazlas\u0131","potentialAction":[{"@type":"SearchAction","target":{"@type":"EntryPoint","urlTemplate":"https:\/\/metalpie.com\/?s={search_term_string}"},"query-input":"required name=search_term_string"}],"inLanguage":"tr"}]}},"_links":{"self":[{"href":"https:\/\/metalpie.com\/tr\/wp-json\/wp\/v2\/product\/395","targetHints":{"allow":["GET"]}}],"collection":[{"href":"https:\/\/metalpie.com\/tr\/wp-json\/wp\/v2\/product"}],"about":[{"href":"https:\/\/metalpie.com\/tr\/wp-json\/wp\/v2\/types\/product"}],"replies":[{"embeddable":true,"href":"https:\/\/metalpie.com\/tr\/wp-json\/wp\/v2\/comments?post=395"}],"wp:featuredmedia":[{"embeddable":true,"href":"https:\/\/metalpie.com\/tr\/wp-json\/"}],"wp:attachment":[{"href":"https:\/\/metalpie.com\/tr\/wp-json\/wp\/v2\/media?parent=395"}],"wp:term":[{"taxonomy":"product_cat","embeddable":true,"href":"https:\/\/metalpie.com\/tr\/wp-json\/wp\/v2\/product_cat?post=395"}],"curies":[{"name":"wp","href":"https:\/\/api.w.org\/{rel}","templated":true}]}}