{"id":390,"date":"2020-12-07T14:03:26","date_gmt":"2020-12-07T06:03:26","guid":{"rendered":"https:\/\/f.seowaimao.com\/?post_type=product&amp;p=390"},"modified":"2020-12-07T14:03:26","modified_gmt":"2020-12-07T06:03:26","slug":"ozel-hassas-torna-i%cc%87sleme-parcalari","status":"publish","type":"product","link":"https:\/\/metalpie.com\/tr\/cnc-i%cc%87sleme-parcalari\/ozel-hassas-torna-i%cc%87sleme-parcalari\/","title":{"rendered":"\u00d6zel Hassas Torna \u0130\u015fleme Par\u00e7alar\u0131"},"content":{"rendered":"<table style=\"border-collapse: collapse; width: 687px; height: 306px;\" border=\"0\" width=\"703\" cellspacing=\"0\" cellpadding=\"0\">\n<tbody>\n<tr style=\"height: 15.00pt;\">\n<td class=\"et3\" style=\"height: 15.00pt; width: 141.00pt;\" width=\"188\" height=\"20\"><strong><span style=\"font-size: 120%;\">Tip<\/span><\/strong><\/td>\n<td class=\"et4\" style=\"width: 386.25pt;\" width=\"515\"><span style=\"font-size: 120%;\">DELME\/ Lazer \u0130\u015fleme\/ Frezeleme\/ Tornalama\/ Tel Erozyon<\/span><\/td>\n<\/tr>\n<tr style=\"height: 14.25pt;\">\n<td class=\"et3\" style=\"height: 14.25pt; width: 141.00pt;\" width=\"188\" height=\"19\"><strong><span style=\"font-size: 120%;\">Malzeme<\/span><\/strong><\/td>\n<td class=\"et4\" style=\"width: 386.25pt;\" width=\"515\"><span style=\"font-size: 120%;\">Al\u00fcminyum\/ Paslanmaz \u00e7elik\/ Bak\u0131r\/ Pirin\u00e7\/ Galvinize vb.<\/span><\/td>\n<\/tr>\n<tr style=\"height: 14.25pt;\">\n<td class=\"et3\" style=\"height: 14.25pt; width: 141.00pt;\" width=\"188\" height=\"19\"><strong><span style=\"font-size: 120%;\">Boyut<\/span><\/strong><\/td>\n<td class=\"et4\" style=\"width: 386.25pt;\" width=\"515\"><span style=\"font-size: 120%;\">\u00d6zelle\u015ftirilmi\u015f<\/span><\/td>\n<\/tr>\n<tr style=\"height: 14.25pt;\">\n<td class=\"et3\" style=\"height: 14.25pt; width: 141.00pt;\" width=\"188\" height=\"19\"><strong><span style=\"font-size: 120%;\">Y\u00fczey i\u015fleme<\/span><\/strong><\/td>\n<td class=\"et4\" style=\"width: 386.25pt;\" width=\"515\"><span style=\"font-size: 120%;\">Toz kaplama\/ Elektrokaplama\/ Oksit\/ Eloksal<\/span><\/td>\n<\/tr>\n<tr style=\"height: 14.25pt;\">\n<td class=\"et3\" style=\"height: 14.25pt; width: 141.00pt;\" width=\"188\" height=\"19\"><strong><span style=\"font-size: 120%;\">Teknik<\/span><\/strong><\/td>\n<td class=\"et4\" style=\"width: 386.25pt;\" width=\"515\"><span style=\"font-size: 120%;\">Lazer kesim\/ B\u00fckme\/ Kaynak\/ Damga<\/span><\/td>\n<\/tr>\n<tr style=\"height: 14.25pt;\">\n<td class=\"et3\" style=\"height: 14.25pt; width: 141.00pt;\" width=\"188\" height=\"19\"><strong><span style=\"font-size: 120%;\">Sertifikasyon<\/span><\/strong><\/td>\n<td class=\"et4\" style=\"width: 386.25pt;\" width=\"515\"><span style=\"font-size: 120%;\">ISO9001<\/span><\/td>\n<\/tr>\n<tr style=\"height: 14.25pt;\">\n<td class=\"et3\" style=\"height: 14.25pt; width: 141.00pt;\" width=\"188\" height=\"19\"><strong><span style=\"font-size: 120%;\">OEM<\/span><\/strong><\/td>\n<td class=\"et4\" style=\"width: 386.25pt;\" width=\"515\"><span style=\"font-size: 120%;\">Kabul et<\/span><\/td>\n<\/tr>\n<tr style=\"height: 14.25pt;\">\n<td class=\"et3\" style=\"height: 14.25pt; width: 141.00pt;\" width=\"188\" height=\"19\"><strong><span style=\"font-size: 120%;\">\u00c7izim Format\u0131<\/span><\/strong><\/td>\n<td class=\"et4\" style=\"width: 386.25pt;\" width=\"515\"><span style=\"font-size: 120%;\">3D\/CAD\/Dwg\/IGS\/STP<\/span><\/td>\n<\/tr>\n<tr style=\"height: 14.25pt;\">\n<td class=\"et3\" style=\"height: 14.25pt; width: 141.00pt;\" width=\"188\" height=\"19\"><strong><span style=\"font-size: 120%;\">Renk<\/span><\/strong><\/td>\n<td class=\"et4\" style=\"width: 386.25pt;\" width=\"515\"><span style=\"font-size: 120%;\">\u00d6zelle\u015ftirilmi\u015f<\/span><\/td>\n<\/tr>\n<tr style=\"height: 27.00pt;\">\n<td class=\"et3\" style=\"height: 27.00pt; width: 141.00pt;\" width=\"188\" height=\"36\"><strong><span style=\"font-size: 120%;\">Uygulama<\/span><\/strong><\/td>\n<td class=\"et4\" style=\"width: 386.25pt;\" width=\"515\"><span style=\"font-size: 120%;\">Cihaz\/ Oto\/ Bina\/ Sermaye ekipman\u0131\/ Enerji\/ Enstr\u00fcmantasyon\/ T\u0131bbi cihaz\/ Telekom\u00fcnikasyon<\/span><\/td>\n<\/tr>\n<\/tbody>\n<\/table>\n<p>&nbsp;<\/p>","protected":false},"excerpt":{"rendered":"<p>Tip DELME \/ Lazer \u0130\u015fleme \/ Frezeleme \/ Tornalama \/ Tel EDM Malzeme Al\u00fcminyum \/ Paslanmaz \u00e7elik \/ Bak\u0131r \/ Pirin\u00e7 \/ Galvinize vb. Boyut \u00d6zelle\u015ftirilmi\u015f Y\u00fczey i\u015fleme Toz kaplama \/ Elektrokaplama \/ Oksit \/ Eloksal Teknikleri Lazer kesim \/ B\u00fckme \/ Kaynak \/ Damga Sertifikasyon ISO9001 OEM \u00c7izim Format\u0131n\u0131 Kabul Et 3D \/ CAD \/ Dwg \/ IGS \/ STP Renk \u00d6zelle\u015ftirilmi\u015f Uygulama Cihaz \/ Oto \/ Bina \/ Sermaye ekipman\u0131 \/ Enerji \/ Enstr\u00fcmantasyon \/ T\u0131bbi cihaz \/ Telekom\u00fcnikasyon &nbsp;<\/p>","protected":false},"featured_media":1070,"comment_status":"open","ping_status":"closed","template":"","meta":[],"product_cat":[108],"class_list":["post-390","product","type-product","status-publish","has-post-thumbnail","hentry","product_cat-cnc-machining-parts"],"yoast_head":"<!-- This site is optimized with the Yoast SEO plugin v21.5 - https:\/\/yoast.com\/wordpress\/plugins\/seo\/ -->\n<title>Custom Lathe Machining Parts | Precision CNC Machining Parts<\/title>\n<meta name=\"description\" content=\"We provide custom lathe machining parts and many other CNC machining metal parts. We have our factory in China so that we can make mass production.\" \/>\n<meta name=\"robots\" content=\"index, follow, max-snippet:-1, max-image-preview:large, max-video-preview:-1\" \/>\n<link rel=\"canonical\" href=\"https:\/\/metalpie.com\/tr\/cnc-i\u0307sleme-parcalari\/ozel-hassas-torna-i\u0307sleme-parcalari\/\" \/>\n<meta property=\"og:locale\" content=\"tr_TR\" \/>\n<meta property=\"og:type\" content=\"article\" \/>\n<meta property=\"og:title\" content=\"Custom Lathe Machining Parts | Precision CNC Machining Parts\" \/>\n<meta property=\"og:description\" content=\"We provide custom lathe machining parts and many other CNC machining metal parts. We have our factory in China so that we can make mass production.\" \/>\n<meta property=\"og:url\" content=\"https:\/\/metalpie.com\/tr\/cnc-i\u0307sleme-parcalari\/ozel-hassas-torna-i\u0307sleme-parcalari\/\" \/>\n<meta property=\"og:site_name\" content=\"METALPIE\" \/>\n<meta property=\"og:image\" content=\"https:\/\/metalpie.com\/wp-content\/uploads\/2023\/12\/H6081b72a2b484bd6be2761c368df19c9y.jpg_720x720q50.webp\" \/>\n\t<meta property=\"og:image:width\" content=\"600\" \/>\n\t<meta property=\"og:image:height\" content=\"600\" \/>\n\t<meta property=\"og:image:type\" content=\"image\/webp\" \/>\n<meta name=\"twitter:card\" content=\"summary_large_image\" \/>\n<meta name=\"twitter:label1\" content=\"Tahmini okuma s\u00fcresi\" \/>\n\t<meta name=\"twitter:data1\" content=\"1 dakika\" \/>\n<script type=\"application\/ld+json\" class=\"yoast-schema-graph\">{\"@context\":\"https:\/\/schema.org\",\"@graph\":[{\"@type\":\"WebPage\",\"@id\":\"https:\/\/metalpie.com\/cnc-machining-parts\/custom-precision-lathe-machining-parts\/\",\"url\":\"https:\/\/metalpie.com\/cnc-machining-parts\/custom-precision-lathe-machining-parts\/\",\"name\":\"Custom Lathe Machining Parts | Precision CNC Machining Parts\",\"isPartOf\":{\"@id\":\"https:\/\/metalpie.com\/#website\"},\"datePublished\":\"2020-12-07T06:03:26+00:00\",\"dateModified\":\"2020-12-07T06:03:26+00:00\",\"description\":\"We provide custom lathe machining parts and many other CNC machining metal parts. We have our factory in China so that we can make mass production.\",\"breadcrumb\":{\"@id\":\"https:\/\/metalpie.com\/cnc-machining-parts\/custom-precision-lathe-machining-parts\/#breadcrumb\"},\"inLanguage\":\"tr\",\"potentialAction\":[{\"@type\":\"ReadAction\",\"target\":[\"https:\/\/metalpie.com\/cnc-machining-parts\/custom-precision-lathe-machining-parts\/\"]}]},{\"@type\":\"BreadcrumbList\",\"@id\":\"https:\/\/metalpie.com\/cnc-machining-parts\/custom-precision-lathe-machining-parts\/#breadcrumb\",\"itemListElement\":[{\"@type\":\"ListItem\",\"position\":1,\"name\":\"Home\",\"item\":\"https:\/\/metalpie.com\/\"},{\"@type\":\"ListItem\",\"position\":2,\"name\":\"Products\",\"item\":\"https:\/\/metalpie.com\/shop\/\"},{\"@type\":\"ListItem\",\"position\":3,\"name\":\"Custom Precision Lathe Machining Parts\"}]},{\"@type\":\"WebSite\",\"@id\":\"https:\/\/metalpie.com\/#website\",\"url\":\"https:\/\/metalpie.com\/\",\"name\":\"METALPIE\",\"description\":\"Precision Metal Fabrication | Tools, Processes &amp; More\",\"potentialAction\":[{\"@type\":\"SearchAction\",\"target\":{\"@type\":\"EntryPoint\",\"urlTemplate\":\"https:\/\/metalpie.com\/?s={search_term_string}\"},\"query-input\":\"required name=search_term_string\"}],\"inLanguage\":\"tr\"}]}<\/script>\n<!-- \/ Yoast SEO plugin. -->","yoast_head_json":{"title":"\u00d6zel Torna \u0130\u015fleme Par\u00e7alar\u0131 | Hassas CNC \u0130\u015fleme Par\u00e7alar\u0131","description":"\u00d6zel torna i\u015fleme par\u00e7alar\u0131 ve di\u011fer bir\u00e7ok CNC i\u015fleme metal par\u00e7as\u0131 sa\u011fl\u0131yoruz. Seri \u00fcretim yapabilmemiz i\u00e7in \u00c7in'de fabrikam\u0131z var.","robots":{"index":"index","follow":"follow","max-snippet":"max-snippet:-1","max-image-preview":"max-image-preview:large","max-video-preview":"max-video-preview:-1"},"canonical":"https:\/\/metalpie.com\/tr\/cnc-i\u0307sleme-parcalari\/ozel-hassas-torna-i\u0307sleme-parcalari\/","og_locale":"tr_TR","og_type":"article","og_title":"Custom Lathe Machining Parts | Precision CNC Machining Parts","og_description":"We provide custom lathe machining parts and many other CNC machining metal parts. We have our factory in China so that we can make mass production.","og_url":"https:\/\/metalpie.com\/tr\/cnc-i\u0307sleme-parcalari\/ozel-hassas-torna-i\u0307sleme-parcalari\/","og_site_name":"METALPIE","og_image":[{"width":600,"height":600,"url":"https:\/\/metalpie.com\/wp-content\/uploads\/2023\/12\/H6081b72a2b484bd6be2761c368df19c9y.jpg_720x720q50.webp","type":"image\/webp"}],"twitter_card":"summary_large_image","twitter_misc":{"Tahmini okuma s\u00fcresi":"1 dakika"},"schema":{"@context":"https:\/\/schema.org","@graph":[{"@type":"WebPage","@id":"https:\/\/metalpie.com\/cnc-machining-parts\/custom-precision-lathe-machining-parts\/","url":"https:\/\/metalpie.com\/cnc-machining-parts\/custom-precision-lathe-machining-parts\/","name":"\u00d6zel Torna \u0130\u015fleme Par\u00e7alar\u0131 | Hassas CNC \u0130\u015fleme Par\u00e7alar\u0131","isPartOf":{"@id":"https:\/\/metalpie.com\/#website"},"datePublished":"2020-12-07T06:03:26+00:00","dateModified":"2020-12-07T06:03:26+00:00","description":"\u00d6zel torna i\u015fleme par\u00e7alar\u0131 ve di\u011fer bir\u00e7ok CNC i\u015fleme metal par\u00e7as\u0131 sa\u011fl\u0131yoruz. Seri \u00fcretim yapabilmemiz i\u00e7in \u00c7in'de fabrikam\u0131z var.","breadcrumb":{"@id":"https:\/\/metalpie.com\/cnc-machining-parts\/custom-precision-lathe-machining-parts\/#breadcrumb"},"inLanguage":"tr","potentialAction":[{"@type":"ReadAction","target":["https:\/\/metalpie.com\/cnc-machining-parts\/custom-precision-lathe-machining-parts\/"]}]},{"@type":"BreadcrumbList","@id":"https:\/\/metalpie.com\/cnc-machining-parts\/custom-precision-lathe-machining-parts\/#breadcrumb","itemListElement":[{"@type":"ListItem","position":1,"name":"Home","item":"https:\/\/metalpie.com\/"},{"@type":"ListItem","position":2,"name":"Products","item":"https:\/\/metalpie.com\/shop\/"},{"@type":"ListItem","position":3,"name":"Custom Precision Lathe Machining Parts"}]},{"@type":"WebSite","@id":"https:\/\/metalpie.com\/#website","url":"https:\/\/metalpie.com\/","name":"METALPIE","description":"Hassas Metal \u0130malat\u0131 | Ara\u00e7lar, S\u00fcre\u00e7ler ve Daha Fazlas\u0131","potentialAction":[{"@type":"SearchAction","target":{"@type":"EntryPoint","urlTemplate":"https:\/\/metalpie.com\/?s={search_term_string}"},"query-input":"required name=search_term_string"}],"inLanguage":"tr"}]}},"_links":{"self":[{"href":"https:\/\/metalpie.com\/tr\/wp-json\/wp\/v2\/product\/390","targetHints":{"allow":["GET"]}}],"collection":[{"href":"https:\/\/metalpie.com\/tr\/wp-json\/wp\/v2\/product"}],"about":[{"href":"https:\/\/metalpie.com\/tr\/wp-json\/wp\/v2\/types\/product"}],"replies":[{"embeddable":true,"href":"https:\/\/metalpie.com\/tr\/wp-json\/wp\/v2\/comments?post=390"}],"wp:featuredmedia":[{"embeddable":true,"href":"https:\/\/metalpie.com\/tr\/wp-json\/wp\/v2\/media\/1070"}],"wp:attachment":[{"href":"https:\/\/metalpie.com\/tr\/wp-json\/wp\/v2\/media?parent=390"}],"wp:term":[{"taxonomy":"product_cat","embeddable":true,"href":"https:\/\/metalpie.com\/tr\/wp-json\/wp\/v2\/product_cat?post=390"}],"curies":[{"name":"wp","href":"https:\/\/api.w.org\/{rel}","templated":true}]}}