{"id":388,"date":"2020-12-07T14:03:26","date_gmt":"2020-12-07T06:03:26","guid":{"rendered":"https:\/\/f.seowaimao.com\/?post_type=product&amp;p=388"},"modified":"2020-12-07T14:03:26","modified_gmt":"2020-12-07T06:03:26","slug":"cnc-freze-isleme-parcalari-ve-cnc-isleme-torna-parcalari","status":"publish","type":"product","link":"https:\/\/metalpie.com\/tr\/cnc-i%cc%87sleme-parcalari\/cnc-freze-isleme-parcalari-ve-cnc-isleme-torna-parcalari\/","title":{"rendered":"CNC Freze \u0130\u015fleme Par\u00e7alar\u0131 ve CNC \u0130\u015fleme Torna Par\u00e7alar\u0131"},"content":{"rendered":"<table style=\"border-collapse: collapse; width: 687px; height: 306px;\" border=\"0\" width=\"703\" cellspacing=\"0\" cellpadding=\"0\">\n<tbody>\n<tr style=\"height: 15.00pt;\">\n<td class=\"et3\" style=\"height: 15.00pt; width: 141.00pt;\" width=\"188\" height=\"20\"><strong><span style=\"font-size: 120%;\">Tip<\/span><\/strong><\/td>\n<td class=\"et4\" style=\"width: 386.25pt;\" width=\"515\"><span style=\"font-size: 120%;\">DELME\/ Lazer \u0130\u015fleme\/ Frezeleme\/ Tornalama\/ Tel Erozyon<\/span><\/td>\n<\/tr>\n<tr style=\"height: 14.25pt;\">\n<td class=\"et3\" style=\"height: 14.25pt; width: 141.00pt;\" width=\"188\" height=\"19\"><strong><span style=\"font-size: 120%;\">Malzeme<\/span><\/strong><\/td>\n<td class=\"et4\" style=\"width: 386.25pt;\" width=\"515\"><span style=\"font-size: 120%;\">Al\u00fcminyum\/ Paslanmaz \u00e7elik\/ Bak\u0131r\/ Pirin\u00e7\/ Galvinize vb.<\/span><\/td>\n<\/tr>\n<tr style=\"height: 14.25pt;\">\n<td class=\"et3\" style=\"height: 14.25pt; width: 141.00pt;\" width=\"188\" height=\"19\"><strong><span style=\"font-size: 120%;\">Boyut<\/span><\/strong><\/td>\n<td class=\"et4\" style=\"width: 386.25pt;\" width=\"515\"><span style=\"font-size: 120%;\">\u00d6zelle\u015ftirilmi\u015f<\/span><\/td>\n<\/tr>\n<tr style=\"height: 14.25pt;\">\n<td class=\"et3\" style=\"height: 14.25pt; width: 141.00pt;\" width=\"188\" height=\"19\"><strong><span style=\"font-size: 120%;\">Y\u00fczey i\u015fleme<\/span><\/strong><\/td>\n<td class=\"et4\" style=\"width: 386.25pt;\" width=\"515\"><span style=\"font-size: 120%;\">Toz kaplama\/ Elektrokaplama\/ Oksit\/ Eloksal<\/span><\/td>\n<\/tr>\n<tr style=\"height: 14.25pt;\">\n<td class=\"et3\" style=\"height: 14.25pt; width: 141.00pt;\" width=\"188\" height=\"19\"><strong><span style=\"font-size: 120%;\">Teknik<\/span><\/strong><\/td>\n<td class=\"et4\" style=\"width: 386.25pt;\" width=\"515\"><span style=\"font-size: 120%;\">Lazer kesim\/ B\u00fckme\/ Kaynak\/ Damga<\/span><\/td>\n<\/tr>\n<tr style=\"height: 14.25pt;\">\n<td class=\"et3\" style=\"height: 14.25pt; width: 141.00pt;\" width=\"188\" height=\"19\"><strong><span style=\"font-size: 120%;\">Sertifikasyon<\/span><\/strong><\/td>\n<td class=\"et4\" style=\"width: 386.25pt;\" width=\"515\"><span style=\"font-size: 120%;\">ISO9001<\/span><\/td>\n<\/tr>\n<tr style=\"height: 14.25pt;\">\n<td class=\"et3\" style=\"height: 14.25pt; width: 141.00pt;\" width=\"188\" height=\"19\"><strong><span style=\"font-size: 120%;\">OEM<\/span><\/strong><\/td>\n<td class=\"et4\" style=\"width: 386.25pt;\" width=\"515\"><span style=\"font-size: 120%;\">Kabul et<\/span><\/td>\n<\/tr>\n<tr style=\"height: 14.25pt;\">\n<td class=\"et3\" style=\"height: 14.25pt; width: 141.00pt;\" width=\"188\" height=\"19\"><strong><span style=\"font-size: 120%;\">\u00c7izim Format\u0131<\/span><\/strong><\/td>\n<td class=\"et4\" style=\"width: 386.25pt;\" width=\"515\"><span style=\"font-size: 120%;\">3D\/CAD\/Dwg\/IGS\/STP<\/span><\/td>\n<\/tr>\n<tr style=\"height: 14.25pt;\">\n<td class=\"et3\" style=\"height: 14.25pt; width: 141.00pt;\" width=\"188\" height=\"19\"><strong><span style=\"font-size: 120%;\">Renk<\/span><\/strong><\/td>\n<td class=\"et4\" style=\"width: 386.25pt;\" width=\"515\"><span style=\"font-size: 120%;\">\u00d6zelle\u015ftirilmi\u015f<\/span><\/td>\n<\/tr>\n<tr style=\"height: 27.00pt;\">\n<td class=\"et3\" style=\"height: 27.00pt; width: 141.00pt;\" width=\"188\" height=\"36\"><strong><span style=\"font-size: 120%;\">Uygulama<\/span><\/strong><\/td>\n<td class=\"et4\" style=\"width: 386.25pt;\" width=\"515\"><span style=\"font-size: 120%;\">Cihaz\/ Oto\/ Bina\/ Sermaye ekipman\u0131\/ Enerji\/ Enstr\u00fcmantasyon\/ T\u0131bbi cihaz\/ Telekom\u00fcnikasyon<\/span><\/td>\n<\/tr>\n<\/tbody>\n<\/table>","protected":false},"excerpt":{"rendered":"<p>Tip DELME \/ Lazer \u0130\u015fleme \/ Frezeleme \/ Tornalama \/ Tel EDM Malzeme Al\u00fcminyum \/ Paslanmaz \u00e7elik \/ Bak\u0131r \/ Pirin\u00e7 \/ Galvinize vb. Boyut \u00d6zelle\u015ftirilmi\u015f Y\u00fczey i\u015fleme Toz kaplama \/ Elektrokaplama \/ Oksit \/ Eloksal Teknikleri Lazer kesim \/ B\u00fckme \/ Kaynak \/ Damga Sertifikasyon ISO9001 OEM \u00c7izim Format\u0131n\u0131 Kabul Et 3D \/ CAD \/ Dwg \/ IGS \/ STP Renk \u00d6zelle\u015ftirilmi\u015f Uygulama Cihaz \/ Oto \/ Bina \/ Sermaye ekipman\u0131 \/ Enerji \/ Enstr\u00fcmantasyon \/ T\u0131bbi cihaz \/ Telekom\u00fcnikasyon<\/p>","protected":false},"featured_media":1064,"comment_status":"open","ping_status":"closed","template":"","meta":[],"product_cat":[108],"class_list":["post-388","product","type-product","status-publish","has-post-thumbnail","hentry","product_cat-cnc-machining-parts"],"yoast_head":"<!-- This site is optimized with the Yoast SEO plugin v21.5 - https:\/\/yoast.com\/wordpress\/plugins\/seo\/ -->\n<title>CNC Milling Machining Parts and CNC Machining Turning Parts<\/title>\n<meta name=\"description\" content=\"We are a CNC machining parts manufacturer with our CNC machining turning parts factory. We provide unmatched sheet metal fabrication services.\" \/>\n<meta name=\"robots\" content=\"index, follow, max-snippet:-1, max-image-preview:large, max-video-preview:-1\" \/>\n<link rel=\"canonical\" href=\"https:\/\/metalpie.com\/tr\/cnc-i\u0307sleme-parcalari\/cnc-freze-isleme-parcalari-ve-cnc-isleme-torna-parcalari\/\" \/>\n<meta property=\"og:locale\" content=\"tr_TR\" \/>\n<meta property=\"og:type\" content=\"article\" \/>\n<meta property=\"og:title\" content=\"CNC Milling Machining Parts and CNC Machining Turning Parts\" \/>\n<meta property=\"og:description\" content=\"We are a CNC machining parts manufacturer with our CNC machining turning parts factory. We provide unmatched sheet metal fabrication services.\" \/>\n<meta property=\"og:url\" content=\"https:\/\/metalpie.com\/tr\/cnc-i\u0307sleme-parcalari\/cnc-freze-isleme-parcalari-ve-cnc-isleme-torna-parcalari\/\" \/>\n<meta property=\"og:site_name\" content=\"METALPIE\" \/>\n<meta property=\"og:image\" content=\"https:\/\/metalpie.com\/wp-content\/uploads\/2023\/11\/Copper.jpg\" \/>\n\t<meta property=\"og:image:width\" content=\"1024\" \/>\n\t<meta property=\"og:image:height\" content=\"683\" \/>\n\t<meta property=\"og:image:type\" content=\"image\/jpeg\" \/>\n<meta name=\"twitter:card\" content=\"summary_large_image\" \/>\n<meta name=\"twitter:label1\" content=\"Tahmini okuma s\u00fcresi\" \/>\n\t<meta name=\"twitter:data1\" content=\"1 dakika\" \/>\n<script type=\"application\/ld+json\" class=\"yoast-schema-graph\">{\"@context\":\"https:\/\/schema.org\",\"@graph\":[{\"@type\":\"WebPage\",\"@id\":\"https:\/\/metalpie.com\/cnc-machining-parts\/cnc-milling-machining-parts-and-cnc-machining-turning-parts\/\",\"url\":\"https:\/\/metalpie.com\/cnc-machining-parts\/cnc-milling-machining-parts-and-cnc-machining-turning-parts\/\",\"name\":\"CNC Milling Machining Parts and CNC Machining Turning Parts\",\"isPartOf\":{\"@id\":\"https:\/\/metalpie.com\/#website\"},\"datePublished\":\"2020-12-07T06:03:26+00:00\",\"dateModified\":\"2020-12-07T06:03:26+00:00\",\"description\":\"We are a CNC machining parts manufacturer with our CNC machining turning parts factory. We provide unmatched sheet metal fabrication services.\",\"breadcrumb\":{\"@id\":\"https:\/\/metalpie.com\/cnc-machining-parts\/cnc-milling-machining-parts-and-cnc-machining-turning-parts\/#breadcrumb\"},\"inLanguage\":\"tr\",\"potentialAction\":[{\"@type\":\"ReadAction\",\"target\":[\"https:\/\/metalpie.com\/cnc-machining-parts\/cnc-milling-machining-parts-and-cnc-machining-turning-parts\/\"]}]},{\"@type\":\"BreadcrumbList\",\"@id\":\"https:\/\/metalpie.com\/cnc-machining-parts\/cnc-milling-machining-parts-and-cnc-machining-turning-parts\/#breadcrumb\",\"itemListElement\":[{\"@type\":\"ListItem\",\"position\":1,\"name\":\"Home\",\"item\":\"https:\/\/metalpie.com\/\"},{\"@type\":\"ListItem\",\"position\":2,\"name\":\"Products\",\"item\":\"https:\/\/metalpie.com\/shop\/\"},{\"@type\":\"ListItem\",\"position\":3,\"name\":\"CNC Milling Machining Parts and CNC Machining Turning Parts\"}]},{\"@type\":\"WebSite\",\"@id\":\"https:\/\/metalpie.com\/#website\",\"url\":\"https:\/\/metalpie.com\/\",\"name\":\"METALPIE\",\"description\":\"Precision Metal Fabrication | Tools, Processes &amp; More\",\"potentialAction\":[{\"@type\":\"SearchAction\",\"target\":{\"@type\":\"EntryPoint\",\"urlTemplate\":\"https:\/\/metalpie.com\/?s={search_term_string}\"},\"query-input\":\"required name=search_term_string\"}],\"inLanguage\":\"tr\"}]}<\/script>\n<!-- \/ Yoast SEO plugin. -->","yoast_head_json":{"title":"CNC Freze \u0130\u015fleme Par\u00e7alar\u0131 ve CNC \u0130\u015fleme Torna Par\u00e7alar\u0131","description":"CNC i\u015fleme torna par\u00e7alar\u0131 fabrikam\u0131z ile CNC i\u015fleme par\u00e7alar\u0131 \u00fcreticisiyiz. E\u015fsiz sac metal imalat hizmetleri sunmaktay\u0131z.","robots":{"index":"index","follow":"follow","max-snippet":"max-snippet:-1","max-image-preview":"max-image-preview:large","max-video-preview":"max-video-preview:-1"},"canonical":"https:\/\/metalpie.com\/tr\/cnc-i\u0307sleme-parcalari\/cnc-freze-isleme-parcalari-ve-cnc-isleme-torna-parcalari\/","og_locale":"tr_TR","og_type":"article","og_title":"CNC Milling Machining Parts and CNC Machining Turning Parts","og_description":"We are a CNC machining parts manufacturer with our CNC machining turning parts factory. We provide unmatched sheet metal fabrication services.","og_url":"https:\/\/metalpie.com\/tr\/cnc-i\u0307sleme-parcalari\/cnc-freze-isleme-parcalari-ve-cnc-isleme-torna-parcalari\/","og_site_name":"METALPIE","og_image":[{"width":1024,"height":683,"url":"https:\/\/metalpie.com\/wp-content\/uploads\/2023\/11\/Copper.jpg","type":"image\/jpeg"}],"twitter_card":"summary_large_image","twitter_misc":{"Tahmini okuma s\u00fcresi":"1 dakika"},"schema":{"@context":"https:\/\/schema.org","@graph":[{"@type":"WebPage","@id":"https:\/\/metalpie.com\/cnc-machining-parts\/cnc-milling-machining-parts-and-cnc-machining-turning-parts\/","url":"https:\/\/metalpie.com\/cnc-machining-parts\/cnc-milling-machining-parts-and-cnc-machining-turning-parts\/","name":"CNC Freze \u0130\u015fleme Par\u00e7alar\u0131 ve CNC \u0130\u015fleme Torna Par\u00e7alar\u0131","isPartOf":{"@id":"https:\/\/metalpie.com\/#website"},"datePublished":"2020-12-07T06:03:26+00:00","dateModified":"2020-12-07T06:03:26+00:00","description":"CNC i\u015fleme torna par\u00e7alar\u0131 fabrikam\u0131z ile CNC i\u015fleme par\u00e7alar\u0131 \u00fcreticisiyiz. E\u015fsiz sac metal imalat hizmetleri sunmaktay\u0131z.","breadcrumb":{"@id":"https:\/\/metalpie.com\/cnc-machining-parts\/cnc-milling-machining-parts-and-cnc-machining-turning-parts\/#breadcrumb"},"inLanguage":"tr","potentialAction":[{"@type":"ReadAction","target":["https:\/\/metalpie.com\/cnc-machining-parts\/cnc-milling-machining-parts-and-cnc-machining-turning-parts\/"]}]},{"@type":"BreadcrumbList","@id":"https:\/\/metalpie.com\/cnc-machining-parts\/cnc-milling-machining-parts-and-cnc-machining-turning-parts\/#breadcrumb","itemListElement":[{"@type":"ListItem","position":1,"name":"Home","item":"https:\/\/metalpie.com\/"},{"@type":"ListItem","position":2,"name":"Products","item":"https:\/\/metalpie.com\/shop\/"},{"@type":"ListItem","position":3,"name":"CNC Milling Machining Parts and CNC Machining Turning Parts"}]},{"@type":"WebSite","@id":"https:\/\/metalpie.com\/#website","url":"https:\/\/metalpie.com\/","name":"METALPIE","description":"Hassas Metal \u0130malat\u0131 | Ara\u00e7lar, S\u00fcre\u00e7ler ve Daha Fazlas\u0131","potentialAction":[{"@type":"SearchAction","target":{"@type":"EntryPoint","urlTemplate":"https:\/\/metalpie.com\/?s={search_term_string}"},"query-input":"required name=search_term_string"}],"inLanguage":"tr"}]}},"_links":{"self":[{"href":"https:\/\/metalpie.com\/tr\/wp-json\/wp\/v2\/product\/388","targetHints":{"allow":["GET"]}}],"collection":[{"href":"https:\/\/metalpie.com\/tr\/wp-json\/wp\/v2\/product"}],"about":[{"href":"https:\/\/metalpie.com\/tr\/wp-json\/wp\/v2\/types\/product"}],"replies":[{"embeddable":true,"href":"https:\/\/metalpie.com\/tr\/wp-json\/wp\/v2\/comments?post=388"}],"wp:featuredmedia":[{"embeddable":true,"href":"https:\/\/metalpie.com\/tr\/wp-json\/wp\/v2\/media\/1064"}],"wp:attachment":[{"href":"https:\/\/metalpie.com\/tr\/wp-json\/wp\/v2\/media?parent=388"}],"wp:term":[{"taxonomy":"product_cat","embeddable":true,"href":"https:\/\/metalpie.com\/tr\/wp-json\/wp\/v2\/product_cat?post=388"}],"curies":[{"name":"wp","href":"https:\/\/api.w.org\/{rel}","templated":true}]}}