{"id":3314,"date":"2022-12-22T08:41:03","date_gmt":"2022-12-22T00:41:03","guid":{"rendered":"https:\/\/metalpie.com\/?post_type=product&#038;p=3314"},"modified":"2023-02-01T16:16:08","modified_gmt":"2023-02-01T08:16:08","slug":"aluminyum-kamyon-kasasi-kargo-kamyon-kasasi","status":"publish","type":"product","link":"https:\/\/metalpie.com\/tr\/alumi%cc%87nyum-araclar\/aluminyum-kamyon-kasasi-kargo-kamyon-kasasi\/","title":{"rendered":"Al\u00fcminyum Kamyon G\u00f6vdesi &amp; Kargo Kamyon G\u00f6vdesi"},"content":{"rendered":"<section class=\"section\" id=\"section_2011311160\">\n\t\t<div class=\"bg section-bg fill bg-fill  bg-loaded\" >\n\n\t\t\t\n\t\t\t\n\t\t\t\n\n\t\t<\/div>\n\n\t\t\n\n\t\t<div class=\"section-content relative\">\n\t\t\t\n<div class=\"row\"  id=\"row-556075630\">\n\n\t<div id=\"col-199222858\" class=\"col small-12 large-12\"  >\n\t\t\t\t<div class=\"col-inner\"  >\n\t\t\t\n\t\t\t\n<h2>Kargo Kamyonu G\u00f6vde Parametresi<\/h2>\n<table width=\"718\">\n<tbody>\n<tr>\n<td width=\"210\"><strong>D\u0131\u015f Uzunluk<\/strong><\/td>\n<td width=\"259\"><strong>D\u0131\u015f Geni\u015flik<\/strong><\/td>\n<td width=\"249\"><strong>D\u0131\u015f Y\u00fckseklik<\/strong><\/td>\n<\/tr>\n<tr>\n<td width=\"210\">6850<\/td>\n<td width=\"259\">2550<\/td>\n<td width=\"249\">2845<\/td>\n<\/tr>\n<tr>\n<td width=\"210\"><strong>\u0130\u00e7 Uzunluk<\/strong><\/td>\n<td width=\"259\"><strong>\u0130\u00e7 Geni\u015flik<\/strong><\/td>\n<td width=\"249\"><strong>\u0130\u00e7 Y\u00fckseklik<\/strong><\/td>\n<\/tr>\n<tr>\n<td width=\"210\">6800<\/td>\n<td width=\"259\">2500<\/td>\n<td width=\"249\">2600<\/td>\n<\/tr>\n<tr>\n<td width=\"210\"><strong>Yan Kap\u0131<\/strong><\/td>\n<td width=\"259\"><strong>Arka Kap\u0131<\/strong><\/td>\n<td width=\"249\"><strong>Kilitler<\/strong><\/td>\n<\/tr>\n<tr>\n<td width=\"210\">Hay\u0131r<\/td>\n<td width=\"259\">\u00c7ift Panel A\u00e7\u0131l\u0131m\u0131<\/td>\n<td width=\"249\">Galvanizli<\/td>\n<\/tr>\n<tr>\n<td width=\"210\"><strong>Al\u00fcminyum Braketler<\/strong><\/td>\n<td width=\"259\"><strong>Kutudaki Kanal Geni\u015fli\u011fi<\/strong><\/td>\n<td width=\"249\"><strong>Kutu G\u00f6vde A\u011f\u0131rl\u0131\u011f\u0131\/kg<\/strong><\/td>\n<\/tr>\n<tr>\n<td width=\"210\">2 Taraf 4 Kat<\/td>\n<td width=\"259\">765 mm<\/td>\n<td width=\"249\">1400<\/td>\n<\/tr>\n<\/tbody>\n<\/table>\n<h2><span data-preserver-spaces=\"true\">A\u00e7\u0131klama<\/span><\/h2>\n<p><span data-preserver-spaces=\"true\">Kargo kamyonu g\u00f6vdesi profil ta\u015f\u0131mac\u0131l\u0131\u011f\u0131 i\u00e7in \u00f6zel olarak tasarlanm\u0131\u015ft\u0131r. Profilleri sabitlemek i\u00e7in, al\u00fcminyum raflar ve destek \u00e7ubuklar\u0131 takmak gibi profillerin \u00e7\u00f6kmesini \u00f6nlemek i\u00e7in bir\u00e7ok \u00f6nlem al\u0131yoruz. Bu nedenle, i\u015finiz i\u00e7in m\u00fckemmel bir se\u00e7imdir.<\/span><\/p>\n<h2>Al\u00fcminyum Kamyon G\u00f6vdesi \u00d6zellikleri<\/h2>\n<p><span data-preserver-spaces=\"true\">1. Bu model \u00f6zellikle sabit uzunluktaki profillerin ta\u015f\u0131nmas\u0131 i\u00e7in kullan\u0131l\u0131r. Kutudaki katmanl\u0131 yap\u0131, k\u00fc\u00e7\u00fck profil partilerinin ve d\u00f6kme mallar\u0131n teslimat\u0131n\u0131 kolayla\u015ft\u0131rabilir.<\/span><\/p>\n<p><span data-preserver-spaces=\"true\">2. Kolayl\u0131k sa\u011flamak i\u00e7in braketleri ayr\u0131 ayr\u0131 geri \u00e7ekebilir ve y\u00fcksekli\u011fi her 50 mm'de bir manuel olarak ayarlayabilirsiniz. Kutudaki katman say\u0131s\u0131 ve tek bir katman\u0131n y\u00fcksekli\u011fi iste\u011fe ba\u011fl\u0131d\u0131r. Kutudaki katman say\u0131s\u0131 ve tek bir katman\u0131n y\u00fcksekli\u011fi iste\u011fe ba\u011fl\u0131d\u0131r.<\/span><\/p>\n<p><span data-preserver-spaces=\"true\">3. G\u00fcvenlik \u00f6nlemleri: Braket \u00fczerinde kaymay\u0131 \u00f6nleyici bir cihaz vard\u0131r ve braket, profilin hareket etmesini \u00f6nlemek i\u00e7in \u00e7ift limitli olarak tasarlanm\u0131\u015ft\u0131r. Profilin b\u00f6lme panosuna zarar vermesinden kaynaklanan tehlikeyi \u00f6nlemek i\u00e7in \u00f6n plakaya \u00e7arp\u0131\u015fma \u00f6nleyici bir yap\u0131 yerle\u015ftirdik.<\/span><\/p>\n<p><span data-preserver-spaces=\"true\">4. Kutu panelinin geni\u015f kesiti: Al\u00fcminyum kamyon g\u00f6vdesinin tek bir kutu panelinin geni\u015fli\u011fi 600 mm'ye \u00e7\u0131kar. Bu geni\u015flik, piyasadaki yayg\u0131n \u00f6zelliklerden 200-300 mm daha b\u00fcy\u00fckt\u00fcr. Daha az eklemle, al\u00fcminyum kamyon g\u00f6vdesinin genel sertli\u011fi iyidir, bu da kutu g\u00f6vdesinin anti-deformasyon kapasitesini etkili bir \u015fekilde art\u0131r\u0131r ve daha iyi bir ta\u015f\u0131ma kapasitesine sahiptir.\u00a0<\/span><\/p>\n<p><span data-preserver-spaces=\"true\">5. Genel sertlik iyidir: ana y\u00fck ta\u015f\u0131y\u0131c\u0131 yap\u0131, \u00e7elik kutu \u00e7er\u00e7evesine monte edilen bir profil braketidir. \u00c7elik kutu \u00e7er\u00e7evesi, t\u00fcm kutu g\u00f6vdesi ile entegre edilmi\u015ftir ve genel kuvvet ve yerel stres konsantrasyonu sorununu etkili bir \u015fekilde \u00e7\u00f6zer. Bu \u00fcr\u00fcn\u00fcn tasar\u0131m s\u00fcrecinde, tasar\u0131m g\u00fcc\u00fcn\u00fc sa\u011flamak i\u00e7in CAE sim\u00fclasyon hesaplamas\u0131n\u0131 kulland\u0131k. \u0130lk \u00fcr\u00fcn grubu bir y\u0131ldan fazla bir s\u00fcredir piyasada faaliyet g\u00f6stermektedir ve m\u00fc\u015fteri geri bildirimleri iyidir.<\/span><\/p>\n<p><span data-preserver-spaces=\"true\">6. Profillerin yerle\u015ftirilmesi daha uygundur: Kutudaki braketler m\u00fc\u015fteri gereksinimlerine g\u00f6re 3-5 katmanla ayarlanabilir. Her katman\u0131n y\u00fcksekli\u011fini her nakliye talebine g\u00f6re manuel olarak ayarlayabilirsiniz. Al\u00fcminyum kutu kamyon g\u00f6vdesi de iki b\u00f6l\u00fcme ayr\u0131labilir: \u00f6n par\u00e7a deposu ve arka profil deposu. Par\u00e7a deposunda kap\u0131 ve pencere aksesuarlar\u0131, sarf malzemeleri ve di\u011fer da\u011f\u0131n\u0131k aksesuarlar depolan\u0131r. Profil deposu, \u00f6zel olarak kesilmi\u015f profillerin ta\u015f\u0131nmas\u0131 i\u00e7in kullan\u0131l\u0131r. Yukar\u0131daki se\u00e7enekler kabinin kullan\u0131m\u0131n\u0131 daha esnek hale getirir.<\/span><\/p>\n\t\t<\/div>\n\t\t\t\t\t<\/div>\n\n\t\n<\/div>\n\t\t<\/div>\n\n\t\t\n<style>\n#section_2011311160 {\n  padding-top: 30px;\n  padding-bottom: 30px;\n}\n<\/style>\n\t<\/section>","protected":false},"excerpt":{"rendered":"<p>Kargo kamyonu g\u00f6vdesi b\u00fcy\u00fck bir y\u00fckleme kapasitesine sahiptir. Al\u00fcminyum profilleri, \u00e7elik profilleri ve di\u011fer bir\u00e7ok profili ta\u015f\u0131yabilir.<\/p>","protected":false},"featured_media":3315,"comment_status":"closed","ping_status":"closed","template":"","meta":[],"product_cat":[98],"class_list":["post-3314","product","type-product","status-publish","has-post-thumbnail","hentry","product_cat-aluminum-vehicles"],"yoast_head":"<!-- This site is optimized with the Yoast SEO plugin v21.5 - https:\/\/yoast.com\/wordpress\/plugins\/seo\/ -->\n<title>Aluminum Truck Body &amp; Wing Body for Window and Door Display<\/title>\n<meta name=\"description\" content=\"We provide various aluminum truck bodies, such as box truck bodies and wing bodies. We also deliver custom truck body service.\" \/>\n<meta name=\"robots\" content=\"index, follow, max-snippet:-1, max-image-preview:large, max-video-preview:-1\" \/>\n<link rel=\"canonical\" href=\"https:\/\/metalpie.com\/tr\/alumi\u0307nyum-araclar\/aluminyum-kamyon-kasasi-kargo-kamyon-kasasi\/\" \/>\n<meta property=\"og:locale\" content=\"tr_TR\" \/>\n<meta property=\"og:type\" content=\"article\" \/>\n<meta property=\"og:title\" content=\"Aluminum Truck Body &amp; Wing Body for Window and Door Display\" \/>\n<meta property=\"og:description\" content=\"We provide various aluminum truck bodies, such as box truck bodies and wing bodies. We also deliver custom truck body service.\" \/>\n<meta property=\"og:url\" content=\"https:\/\/metalpie.com\/tr\/alumi\u0307nyum-araclar\/aluminyum-kamyon-kasasi-kargo-kamyon-kasasi\/\" \/>\n<meta property=\"og:site_name\" content=\"METALPIE\" \/>\n<meta property=\"article:modified_time\" content=\"2023-02-01T08:16:08+00:00\" \/>\n<meta property=\"og:image\" content=\"https:\/\/metalpie.com\/wp-content\/uploads\/2022\/12\/aluminum_box_truck_body-2.webp\" \/>\n\t<meta property=\"og:image:width\" content=\"1000\" \/>\n\t<meta property=\"og:image:height\" content=\"750\" \/>\n\t<meta property=\"og:image:type\" content=\"image\/webp\" \/>\n<meta name=\"twitter:card\" content=\"summary_large_image\" \/>\n<meta name=\"twitter:label1\" content=\"Tahmini okuma s\u00fcresi\" \/>\n\t<meta name=\"twitter:data1\" content=\"3 dakika\" \/>\n<script type=\"application\/ld+json\" class=\"yoast-schema-graph\">{\"@context\":\"https:\/\/schema.org\",\"@graph\":[{\"@type\":\"WebPage\",\"@id\":\"https:\/\/metalpie.com\/ru\/%d0%b0%d0%bb%d1%8e%d0%bc%d0%b8%d0%bd%d0%b8%d0%b5%d0%b2%d1%8b%d0%b5-%d0%b0%d0%b2%d1%82%d0%be%d0%bc%d0%be%d0%b1%d0%b8%d0%bb%d0%b8\/%d0%b0%d0%bb%d1%8e%d0%bc%d0%b8%d0%bd%d0%b8%d0%b5%d0%b2%d1%8b%d0%b9-%d0%ba%d1%83%d0%b7%d0%be%d0%b2-%d0%b3%d1%80%d1%83%d0%b7%d0%be%d0%b2%d0%be%d0%b3%d0%be-%d0%b0%d0%b2%d1%82%d0%be%d0%bc%d0%be%d0%b1\/\",\"url\":\"https:\/\/metalpie.com\/ru\/%d0%b0%d0%bb%d1%8e%d0%bc%d0%b8%d0%bd%d0%b8%d0%b5%d0%b2%d1%8b%d0%b5-%d0%b0%d0%b2%d1%82%d0%be%d0%bc%d0%be%d0%b1%d0%b8%d0%bb%d0%b8\/%d0%b0%d0%bb%d1%8e%d0%bc%d0%b8%d0%bd%d0%b8%d0%b5%d0%b2%d1%8b%d0%b9-%d0%ba%d1%83%d0%b7%d0%be%d0%b2-%d0%b3%d1%80%d1%83%d0%b7%d0%be%d0%b2%d0%be%d0%b3%d0%be-%d0%b0%d0%b2%d1%82%d0%be%d0%bc%d0%be%d0%b1\/\",\"name\":\"Aluminum Truck Body & Wing Body for Window and Door Display\",\"isPartOf\":{\"@id\":\"https:\/\/metalpie.com\/#website\"},\"datePublished\":\"2022-12-22T00:41:03+00:00\",\"dateModified\":\"2023-02-01T08:16:08+00:00\",\"description\":\"We provide various aluminum truck bodies, such as box truck bodies and wing bodies. We also deliver custom truck body service.\",\"breadcrumb\":{\"@id\":\"https:\/\/metalpie.com\/ru\/%d0%b0%d0%bb%d1%8e%d0%bc%d0%b8%d0%bd%d0%b8%d0%b5%d0%b2%d1%8b%d0%b5-%d0%b0%d0%b2%d1%82%d0%be%d0%bc%d0%be%d0%b1%d0%b8%d0%bb%d0%b8\/%d0%b0%d0%bb%d1%8e%d0%bc%d0%b8%d0%bd%d0%b8%d0%b5%d0%b2%d1%8b%d0%b9-%d0%ba%d1%83%d0%b7%d0%be%d0%b2-%d0%b3%d1%80%d1%83%d0%b7%d0%be%d0%b2%d0%be%d0%b3%d0%be-%d0%b0%d0%b2%d1%82%d0%be%d0%bc%d0%be%d0%b1\/#breadcrumb\"},\"inLanguage\":\"tr\",\"potentialAction\":[{\"@type\":\"ReadAction\",\"target\":[\"https:\/\/metalpie.com\/ru\/%d0%b0%d0%bb%d1%8e%d0%bc%d0%b8%d0%bd%d0%b8%d0%b5%d0%b2%d1%8b%d0%b5-%d0%b0%d0%b2%d1%82%d0%be%d0%bc%d0%be%d0%b1%d0%b8%d0%bb%d0%b8\/%d0%b0%d0%bb%d1%8e%d0%bc%d0%b8%d0%bd%d0%b8%d0%b5%d0%b2%d1%8b%d0%b9-%d0%ba%d1%83%d0%b7%d0%be%d0%b2-%d0%b3%d1%80%d1%83%d0%b7%d0%be%d0%b2%d0%be%d0%b3%d0%be-%d0%b0%d0%b2%d1%82%d0%be%d0%bc%d0%be%d0%b1\/\"]}]},{\"@type\":\"BreadcrumbList\",\"@id\":\"https:\/\/metalpie.com\/ru\/%d0%b0%d0%bb%d1%8e%d0%bc%d0%b8%d0%bd%d0%b8%d0%b5%d0%b2%d1%8b%d0%b5-%d0%b0%d0%b2%d1%82%d0%be%d0%bc%d0%be%d0%b1%d0%b8%d0%bb%d0%b8\/%d0%b0%d0%bb%d1%8e%d0%bc%d0%b8%d0%bd%d0%b8%d0%b5%d0%b2%d1%8b%d0%b9-%d0%ba%d1%83%d0%b7%d0%be%d0%b2-%d0%b3%d1%80%d1%83%d0%b7%d0%be%d0%b2%d0%be%d0%b3%d0%be-%d0%b0%d0%b2%d1%82%d0%be%d0%bc%d0%be%d0%b1\/#breadcrumb\",\"itemListElement\":[{\"@type\":\"ListItem\",\"position\":1,\"name\":\"Home\",\"item\":\"https:\/\/metalpie.com\/\"},{\"@type\":\"ListItem\",\"position\":2,\"name\":\"Products\",\"item\":\"https:\/\/metalpie.com\/shop\/\"},{\"@type\":\"ListItem\",\"position\":3,\"name\":\"Aluminum Truck Body &#038; Cargo Truck Body\"}]},{\"@type\":\"WebSite\",\"@id\":\"https:\/\/metalpie.com\/#website\",\"url\":\"https:\/\/metalpie.com\/\",\"name\":\"METALPIE\",\"description\":\"Precision Metal Fabrication | Tools, Processes &amp; More\",\"potentialAction\":[{\"@type\":\"SearchAction\",\"target\":{\"@type\":\"EntryPoint\",\"urlTemplate\":\"https:\/\/metalpie.com\/?s={search_term_string}\"},\"query-input\":\"required name=search_term_string\"}],\"inLanguage\":\"tr\"}]}<\/script>\n<!-- \/ Yoast SEO plugin. -->","yoast_head_json":{"title":"Pencere ve Kap\u0131 Ekran\u0131 i\u00e7in Al\u00fcminyum Kamyon G\u00f6vdesi ve Kanat G\u00f6vdesi","description":"Kutu kamyon kasalar\u0131 ve kanat kasalar\u0131 gibi \u00e7e\u015fitli al\u00fcminyum kamyon kasalar\u0131 sa\u011fl\u0131yoruz. Ayr\u0131ca \u00f6zel kamyon g\u00f6vdesi hizmeti de sunuyoruz.","robots":{"index":"index","follow":"follow","max-snippet":"max-snippet:-1","max-image-preview":"max-image-preview:large","max-video-preview":"max-video-preview:-1"},"canonical":"https:\/\/metalpie.com\/tr\/alumi\u0307nyum-araclar\/aluminyum-kamyon-kasasi-kargo-kamyon-kasasi\/","og_locale":"tr_TR","og_type":"article","og_title":"Aluminum Truck Body & Wing Body for Window and Door Display","og_description":"We provide various aluminum truck bodies, such as box truck bodies and wing bodies. We also deliver custom truck body service.","og_url":"https:\/\/metalpie.com\/tr\/alumi\u0307nyum-araclar\/aluminyum-kamyon-kasasi-kargo-kamyon-kasasi\/","og_site_name":"METALPIE","article_modified_time":"2023-02-01T08:16:08+00:00","og_image":[{"width":1000,"height":750,"url":"https:\/\/metalpie.com\/wp-content\/uploads\/2022\/12\/aluminum_box_truck_body-2.webp","type":"image\/webp"}],"twitter_card":"summary_large_image","twitter_misc":{"Tahmini okuma s\u00fcresi":"3 dakika"},"schema":{"@context":"https:\/\/schema.org","@graph":[{"@type":"WebPage","@id":"https:\/\/metalpie.com\/ru\/%d0%b0%d0%bb%d1%8e%d0%bc%d0%b8%d0%bd%d0%b8%d0%b5%d0%b2%d1%8b%d0%b5-%d0%b0%d0%b2%d1%82%d0%be%d0%bc%d0%be%d0%b1%d0%b8%d0%bb%d0%b8\/%d0%b0%d0%bb%d1%8e%d0%bc%d0%b8%d0%bd%d0%b8%d0%b5%d0%b2%d1%8b%d0%b9-%d0%ba%d1%83%d0%b7%d0%be%d0%b2-%d0%b3%d1%80%d1%83%d0%b7%d0%be%d0%b2%d0%be%d0%b3%d0%be-%d0%b0%d0%b2%d1%82%d0%be%d0%bc%d0%be%d0%b1\/","url":"https:\/\/metalpie.com\/ru\/%d0%b0%d0%bb%d1%8e%d0%bc%d0%b8%d0%bd%d0%b8%d0%b5%d0%b2%d1%8b%d0%b5-%d0%b0%d0%b2%d1%82%d0%be%d0%bc%d0%be%d0%b1%d0%b8%d0%bb%d0%b8\/%d0%b0%d0%bb%d1%8e%d0%bc%d0%b8%d0%bd%d0%b8%d0%b5%d0%b2%d1%8b%d0%b9-%d0%ba%d1%83%d0%b7%d0%be%d0%b2-%d0%b3%d1%80%d1%83%d0%b7%d0%be%d0%b2%d0%be%d0%b3%d0%be-%d0%b0%d0%b2%d1%82%d0%be%d0%bc%d0%be%d0%b1\/","name":"Pencere ve Kap\u0131 Ekran\u0131 i\u00e7in Al\u00fcminyum Kamyon G\u00f6vdesi ve Kanat G\u00f6vdesi","isPartOf":{"@id":"https:\/\/metalpie.com\/#website"},"datePublished":"2022-12-22T00:41:03+00:00","dateModified":"2023-02-01T08:16:08+00:00","description":"Kutu kamyon kasalar\u0131 ve kanat kasalar\u0131 gibi \u00e7e\u015fitli al\u00fcminyum kamyon kasalar\u0131 sa\u011fl\u0131yoruz. Ayr\u0131ca \u00f6zel kamyon g\u00f6vdesi hizmeti de sunuyoruz.","breadcrumb":{"@id":"https:\/\/metalpie.com\/ru\/%d0%b0%d0%bb%d1%8e%d0%bc%d0%b8%d0%bd%d0%b8%d0%b5%d0%b2%d1%8b%d0%b5-%d0%b0%d0%b2%d1%82%d0%be%d0%bc%d0%be%d0%b1%d0%b8%d0%bb%d0%b8\/%d0%b0%d0%bb%d1%8e%d0%bc%d0%b8%d0%bd%d0%b8%d0%b5%d0%b2%d1%8b%d0%b9-%d0%ba%d1%83%d0%b7%d0%be%d0%b2-%d0%b3%d1%80%d1%83%d0%b7%d0%be%d0%b2%d0%be%d0%b3%d0%be-%d0%b0%d0%b2%d1%82%d0%be%d0%bc%d0%be%d0%b1\/#breadcrumb"},"inLanguage":"tr","potentialAction":[{"@type":"ReadAction","target":["https:\/\/metalpie.com\/ru\/%d0%b0%d0%bb%d1%8e%d0%bc%d0%b8%d0%bd%d0%b8%d0%b5%d0%b2%d1%8b%d0%b5-%d0%b0%d0%b2%d1%82%d0%be%d0%bc%d0%be%d0%b1%d0%b8%d0%bb%d0%b8\/%d0%b0%d0%bb%d1%8e%d0%bc%d0%b8%d0%bd%d0%b8%d0%b5%d0%b2%d1%8b%d0%b9-%d0%ba%d1%83%d0%b7%d0%be%d0%b2-%d0%b3%d1%80%d1%83%d0%b7%d0%be%d0%b2%d0%be%d0%b3%d0%be-%d0%b0%d0%b2%d1%82%d0%be%d0%bc%d0%be%d0%b1\/"]}]},{"@type":"BreadcrumbList","@id":"https:\/\/metalpie.com\/ru\/%d0%b0%d0%bb%d1%8e%d0%bc%d0%b8%d0%bd%d0%b8%d0%b5%d0%b2%d1%8b%d0%b5-%d0%b0%d0%b2%d1%82%d0%be%d0%bc%d0%be%d0%b1%d0%b8%d0%bb%d0%b8\/%d0%b0%d0%bb%d1%8e%d0%bc%d0%b8%d0%bd%d0%b8%d0%b5%d0%b2%d1%8b%d0%b9-%d0%ba%d1%83%d0%b7%d0%be%d0%b2-%d0%b3%d1%80%d1%83%d0%b7%d0%be%d0%b2%d0%be%d0%b3%d0%be-%d0%b0%d0%b2%d1%82%d0%be%d0%bc%d0%be%d0%b1\/#breadcrumb","itemListElement":[{"@type":"ListItem","position":1,"name":"Home","item":"https:\/\/metalpie.com\/"},{"@type":"ListItem","position":2,"name":"Products","item":"https:\/\/metalpie.com\/shop\/"},{"@type":"ListItem","position":3,"name":"Aluminum Truck Body &#038; Cargo Truck Body"}]},{"@type":"WebSite","@id":"https:\/\/metalpie.com\/#website","url":"https:\/\/metalpie.com\/","name":"METALPIE","description":"Hassas Metal \u0130malat\u0131 | Ara\u00e7lar, S\u00fcre\u00e7ler ve Daha Fazlas\u0131","potentialAction":[{"@type":"SearchAction","target":{"@type":"EntryPoint","urlTemplate":"https:\/\/metalpie.com\/?s={search_term_string}"},"query-input":"required name=search_term_string"}],"inLanguage":"tr"}]}},"_links":{"self":[{"href":"https:\/\/metalpie.com\/tr\/wp-json\/wp\/v2\/product\/3314","targetHints":{"allow":["GET"]}}],"collection":[{"href":"https:\/\/metalpie.com\/tr\/wp-json\/wp\/v2\/product"}],"about":[{"href":"https:\/\/metalpie.com\/tr\/wp-json\/wp\/v2\/types\/product"}],"replies":[{"embeddable":true,"href":"https:\/\/metalpie.com\/tr\/wp-json\/wp\/v2\/comments?post=3314"}],"wp:featuredmedia":[{"embeddable":true,"href":"https:\/\/metalpie.com\/tr\/wp-json\/wp\/v2\/media\/3315"}],"wp:attachment":[{"href":"https:\/\/metalpie.com\/tr\/wp-json\/wp\/v2\/media?parent=3314"}],"wp:term":[{"taxonomy":"product_cat","embeddable":true,"href":"https:\/\/metalpie.com\/tr\/wp-json\/wp\/v2\/product_cat?post=3314"}],"curies":[{"name":"wp","href":"https:\/\/api.w.org\/{rel}","templated":true}]}}