{"id":3306,"date":"2022-12-20T13:27:29","date_gmt":"2022-12-20T05:27:29","guid":{"rendered":"https:\/\/metalpie.com\/?post_type=product&#038;p=3306"},"modified":"2023-01-31T15:17:52","modified_gmt":"2023-01-31T07:17:52","slug":"pencere-ve-kapi-ekrani-icin-aluminyum-kamyon-govdesi-kanat-govdesi","status":"publish","type":"product","link":"https:\/\/metalpie.com\/tr\/alumi%cc%87nyum-araclar\/pencere-ve-kapi-ekrani-icin-aluminyum-kamyon-govdesi-kanat-govdesi\/","title":{"rendered":"Pencere ve Kap\u0131 Ekran\u0131 i\u00e7in Al\u00fcminyum Kamyon G\u00f6vdesi ve Kanat G\u00f6vdesi"},"content":{"rendered":"<section class=\"section\" id=\"section_59771164\">\n\t\t<div class=\"bg section-bg fill bg-fill  bg-loaded\" >\n\n\t\t\t\n\t\t\t\n\t\t\t\n\n\t\t<\/div>\n\n\t\t\n\n\t\t<div class=\"section-content relative\">\n\t\t\t\n<div class=\"row\"  id=\"row-950369507\">\n\n\t<div id=\"col-2124866907\" class=\"col small-12 large-12\"  >\n\t\t\t\t<div class=\"col-inner\"  >\n\t\t\t\n\t\t\t\n<h2>Al\u00fcminyum Kanat G\u00f6vdesi Parametresi<\/h2>\n<table width=\"418\">\n<tbody>\n<tr>\n<td width=\"131\"><strong>D\u0131\u015f Uzunluk<\/strong><\/td>\n<td width=\"127\"><strong>D\u0131\u015f Geni\u015flik<\/strong><\/td>\n<td width=\"160\"><strong>D\u0131\u015f Y\u00fckseklik<\/strong><\/td>\n<\/tr>\n<tr>\n<td width=\"131\">4190<\/td>\n<td width=\"127\">2150<\/td>\n<td width=\"160\">2325<\/td>\n<\/tr>\n<tr>\n<td width=\"131\"><strong>\u0130\u00e7 Uzunluk<\/strong><\/td>\n<td width=\"127\"><strong>\u0130\u00e7 Geni\u015flik<\/strong><\/td>\n<td width=\"160\"><strong>\u0130\u00e7 Y\u00fckseklik<\/strong><\/td>\n<\/tr>\n<tr>\n<td width=\"131\">4140<\/td>\n<td width=\"127\">2100<\/td>\n<td width=\"160\">2100<\/td>\n<\/tr>\n<tr>\n<td width=\"131\"><strong>Yan Kap\u0131<\/strong><\/td>\n<td width=\"127\"><strong>Arka Kap\u0131<\/strong><\/td>\n<td width=\"160\"><strong>Yan Arka Koruma<\/strong><\/td>\n<\/tr>\n<tr>\n<td width=\"131\">Yan kald\u0131r\u0131labilir kap\u0131lar<\/td>\n<td width=\"127\">Arka kald\u0131r\u0131labilir kap\u0131lar<\/td>\n<td width=\"160\">Etek Stili<\/td>\n<\/tr>\n<tr>\n<td width=\"131\"><strong>Kap\u0131 ve Pencere Te\u015fhir Raf\u0131<\/strong><\/td>\n<td width=\"127\"><strong>Pencere Numune Te\u015fhir Dolab\u0131<\/strong><\/td>\n<td width=\"160\"><strong>Alet Dolab\u0131<\/strong><\/td>\n<\/tr>\n<tr>\n<td width=\"131\">5 Par\u00e7a<\/td>\n<td width=\"127\">\u0130ste\u011fe Ba\u011fl\u0131 Miktar<\/td>\n<td width=\"160\">1 Tak\u0131m<\/td>\n<\/tr>\n<tr>\n<td width=\"131\"><strong>Kutu G\u00f6vde A\u011f\u0131rl\u0131\u011f\u0131\/kg<\/strong><\/td>\n<td width=\"127\">\u00a0<\/td>\n<td width=\"160\">\u00a0<\/td>\n<\/tr>\n<tr>\n<td width=\"131\">1150<\/td>\n<td width=\"127\">\u00a0<\/td>\n<td>\u00a0<\/td>\n<\/tr>\n<\/tbody>\n<\/table>\n<h2>Al\u00fcminyum Kamyon G\u00f6vdesi A\u00e7\u0131klamas\u0131<\/h2>\n<p>Al\u00fcminyum kamyon g\u00f6vdesi, pencereleri veya kap\u0131lar\u0131 g\u00f6r\u00fcnt\u00fclemek i\u00e7in bir kanat g\u00f6vdesidir. Yan ve arka kap\u0131lar yukar\u0131 kald\u0131r\u0131labilir. Bir yan kap\u0131 al\u00fcminyum pencere \u00f6rneklerini sergilemek i\u00e7in, di\u011fer taraf ise al\u00fcminyum kap\u0131lar\u0131 sergilemek i\u00e7in kullan\u0131l\u0131r. Al\u00fcminyum kamyon kasas\u0131, yan ve arka korumada \u00f6nemli bir rol oynayan etekli kamyon yataklar\u0131na sahiptir. Te\u015fhir dolab\u0131ndaki kafes miktar\u0131 iste\u011fe ba\u011fl\u0131d\u0131r. \u0130sterseniz kabinin d\u00fczenini ayarlayabiliriz.<\/p>\n<h2>Al\u00fcminyum Kamyon G\u00f6vdesi \u00d6zellikleri<\/h2>\n<p>1. Bu al\u00fcminyum kamyon g\u00f6vdesi \u00f6zellikle kap\u0131 ve pencere \u00f6rneklerini, aksesuarlar\u0131, aletleri vb. sergilemek i\u00e7in kullan\u0131l\u0131r. M\u00fc\u015fteri ihtiya\u00e7lar\u0131na g\u00f6re deneysel dolaplar, katlan\u0131r TV'ler ve di\u011fer konfig\u00fcrasyonlarla kurulabilir.<\/p>\n<p>2. Kutunun b\u00fcy\u00fck kesiti: tek bir kutunun geni\u015fli\u011fi 600 mm'ye \u00e7\u0131kar\u0131lm\u0131\u015ft\u0131r. Al\u00fcminyum kamyon g\u00f6vde plakam\u0131z, piyasadaki yayg\u0131n \u00f6zelliklerden 200-300 mm daha b\u00fcy\u00fckt\u00fcr. Daha az eklemli ve iyi bir genel sertli\u011fe sahip kutu, kutunun anti-deformasyon kapasitesini etkili bir \u015fekilde art\u0131r\u0131r ve daha iyi bir ta\u015f\u0131ma kapasitesine sahiptir.<\/p>\n<p>3. Al\u00fcminyum kutunun toplam uzunlu\u011fu 4,2 metredir.<\/p>\n<p>4. A\u00e7ma y\u00f6ntemi: her iki tarafta ve arkada standart kald\u0131rma, genel yukar\u0131 d\u00f6n\u00fc\u015f yap\u0131s\u0131, yukar\u0131 d\u00f6n\u00fc\u015f a\u00e7\u0131s\u0131 \u2265 90 \u00b0 'dir, uygun ve verimli olan gazl\u0131 yaylarla desteklenir. Alt k\u0131s\u0131m, yedek par\u00e7alar\u0131 sergilemek i\u00e7in d\u00fcz durabilen bir \u00e7it yap\u0131s\u0131 ile tasarlanm\u0131\u015ft\u0131r. \u00c7it olmadan iste\u011fe ba\u011fl\u0131.<\/p>\n<p>5. Kap\u0131 ve pencere yedek par\u00e7a te\u015fhir alan\u0131. <br \/>Araban\u0131n sol taraf\u0131nda pencere \u00f6rneklerini, kap\u0131 kilidi aksesuarlar\u0131n\u0131 vb. sergileyebilen bir te\u015fhir dolab\u0131 bulunmaktad\u0131r. Dolab\u0131n boyutunu m\u00fc\u015fteri ihtiya\u00e7lar\u0131na g\u00f6re \u00f6zelle\u015ftirebiliriz.<\/p>\n<p>6. \u00d6rnek pencere g\u00f6r\u00fcnt\u00fcleme alan\u0131. <br \/>Al\u00fcminyum kamyon g\u00f6vdesinin sa\u011f taraf\u0131nda kap\u0131 ve pencere \u00f6rneklerini s\u0131k\u0131ca sabitleyebilen bir kap\u0131 ve pencere vitrin raf\u0131 bulunmaktad\u0131r. Ayn\u0131 zamanda, vitrin yukar\u0131 ve a\u015fa\u011f\u0131 k\u0131lavuz raylar ve makaralarla donat\u0131lm\u0131\u015ft\u0131r ve m\u00fc\u015fterilerin dikkatle g\u00f6zlemlemesi i\u00e7in herhangi bir sergi araban\u0131n arka ucundan \u00e7ekilebilir.<\/p>\n<p>7. Alet dolab\u0131 alan\u0131.<br \/>Kap\u0131 ve pencere montaj\u0131nda kullan\u0131lan alet ve cihazlar\u0131 sergileyebilir ve kap\u0131 ve pencere test tezgah\u0131n\u0131 d\u00fczenleyebilir.<\/p>\n\t\t<\/div>\n\t\t\t\t\t<\/div>\n\n\t\n<\/div>\n\t\t<\/div>\n\n\t\t\n<style>\n#section_59771164 {\n  padding-top: 30px;\n  padding-bottom: 30px;\n}\n<\/style>\n\t<\/section>","protected":false},"excerpt":{"rendered":"<p>Kanat g\u00f6vdesi tamamen y\u00fcksek performansl\u0131 al\u00fcminyum kal\u0131ptan \u00fcretilmi\u015ftir. G\u00fc\u00e7l\u00fc ve dayan\u0131kl\u0131d\u0131r. \u0130htiya\u00e7lar\u0131n\u0131za uyacak \u015fekilde belirli \u00f6zelliklerin \u00f6zelle\u015ftirilmesini sunuyoruz.<\/p>","protected":false},"featured_media":3308,"comment_status":"closed","ping_status":"closed","template":"","meta":[],"product_cat":[98],"class_list":["post-3306","product","type-product","status-publish","has-post-thumbnail","hentry","product_cat-aluminum-vehicles"],"yoast_head":"<!-- This site is optimized with the Yoast SEO plugin v21.5 - https:\/\/yoast.com\/wordpress\/plugins\/seo\/ -->\n<title>Aluminum Truck Body &amp; Wing Body for Window and Door Display<\/title>\n<meta name=\"description\" content=\"We provide various aluminum truck bodies, such as box truck bodies and wing bodies. We also deliver custom truck body service.\" \/>\n<meta name=\"robots\" content=\"index, follow, max-snippet:-1, max-image-preview:large, max-video-preview:-1\" \/>\n<link rel=\"canonical\" href=\"https:\/\/metalpie.com\/tr\/alumi\u0307nyum-araclar\/pencere-ve-kapi-ekrani-icin-aluminyum-kamyon-govdesi-kanat-govdesi\/\" \/>\n<meta property=\"og:locale\" content=\"tr_TR\" \/>\n<meta property=\"og:type\" content=\"article\" \/>\n<meta property=\"og:title\" content=\"Aluminum Truck Body &amp; Wing Body for Window and Door Display\" \/>\n<meta property=\"og:description\" content=\"We provide various aluminum truck bodies, such as box truck bodies and wing bodies. We also deliver custom truck body service.\" \/>\n<meta property=\"og:url\" content=\"https:\/\/metalpie.com\/tr\/alumi\u0307nyum-araclar\/pencere-ve-kapi-ekrani-icin-aluminyum-kamyon-govdesi-kanat-govdesi\/\" \/>\n<meta property=\"og:site_name\" content=\"METALPIE\" \/>\n<meta property=\"article:modified_time\" content=\"2023-01-31T07:17:52+00:00\" \/>\n<meta property=\"og:image\" content=\"https:\/\/metalpie.com\/wp-content\/uploads\/2022\/12\/aluminum_box_truck_body_new-1.webp\" \/>\n\t<meta property=\"og:image:width\" content=\"1000\" \/>\n\t<meta property=\"og:image:height\" content=\"750\" \/>\n\t<meta property=\"og:image:type\" content=\"image\/webp\" \/>\n<meta name=\"twitter:card\" content=\"summary_large_image\" \/>\n<meta name=\"twitter:label1\" content=\"Tahmini okuma s\u00fcresi\" \/>\n\t<meta name=\"twitter:data1\" content=\"2 dakika\" \/>\n<script type=\"application\/ld+json\" class=\"yoast-schema-graph\">{\"@context\":\"https:\/\/schema.org\",\"@graph\":[{\"@type\":\"WebPage\",\"@id\":\"https:\/\/metalpie.com\/ru\/%d0%b0%d0%bb%d1%8e%d0%bc%d0%b8%d0%bd%d0%b8%d0%b5%d0%b2%d1%8b%d0%b5-%d0%b0%d0%b2%d1%82%d0%be%d0%bc%d0%be%d0%b1%d0%b8%d0%bb%d0%b8\/%d0%b0%d0%bb%d1%8e%d0%bc%d0%b8%d0%bd%d0%b8%d0%b5%d0%b2%d1%8b%d0%b9-%d0%ba%d1%83%d0%b7%d0%be%d0%b2-%d0%b3%d1%80%d1%83%d0%b7%d0%be%d0%b2%d0%b8%d0%ba%d0%b0-%d1%81-%d0%ba%d1%80%d1%8b%d0%bb%d1%8c%d1%8f\/\",\"url\":\"https:\/\/metalpie.com\/ru\/%d0%b0%d0%bb%d1%8e%d0%bc%d0%b8%d0%bd%d0%b8%d0%b5%d0%b2%d1%8b%d0%b5-%d0%b0%d0%b2%d1%82%d0%be%d0%bc%d0%be%d0%b1%d0%b8%d0%bb%d0%b8\/%d0%b0%d0%bb%d1%8e%d0%bc%d0%b8%d0%bd%d0%b8%d0%b5%d0%b2%d1%8b%d0%b9-%d0%ba%d1%83%d0%b7%d0%be%d0%b2-%d0%b3%d1%80%d1%83%d0%b7%d0%be%d0%b2%d0%b8%d0%ba%d0%b0-%d1%81-%d0%ba%d1%80%d1%8b%d0%bb%d1%8c%d1%8f\/\",\"name\":\"Aluminum Truck Body & Wing Body for Window and Door Display\",\"isPartOf\":{\"@id\":\"https:\/\/metalpie.com\/#website\"},\"datePublished\":\"2022-12-20T05:27:29+00:00\",\"dateModified\":\"2023-01-31T07:17:52+00:00\",\"description\":\"We provide various aluminum truck bodies, such as box truck bodies and wing bodies. We also deliver custom truck body service.\",\"breadcrumb\":{\"@id\":\"https:\/\/metalpie.com\/ru\/%d0%b0%d0%bb%d1%8e%d0%bc%d0%b8%d0%bd%d0%b8%d0%b5%d0%b2%d1%8b%d0%b5-%d0%b0%d0%b2%d1%82%d0%be%d0%bc%d0%be%d0%b1%d0%b8%d0%bb%d0%b8\/%d0%b0%d0%bb%d1%8e%d0%bc%d0%b8%d0%bd%d0%b8%d0%b5%d0%b2%d1%8b%d0%b9-%d0%ba%d1%83%d0%b7%d0%be%d0%b2-%d0%b3%d1%80%d1%83%d0%b7%d0%be%d0%b2%d0%b8%d0%ba%d0%b0-%d1%81-%d0%ba%d1%80%d1%8b%d0%bb%d1%8c%d1%8f\/#breadcrumb\"},\"inLanguage\":\"tr\",\"potentialAction\":[{\"@type\":\"ReadAction\",\"target\":[\"https:\/\/metalpie.com\/ru\/%d0%b0%d0%bb%d1%8e%d0%bc%d0%b8%d0%bd%d0%b8%d0%b5%d0%b2%d1%8b%d0%b5-%d0%b0%d0%b2%d1%82%d0%be%d0%bc%d0%be%d0%b1%d0%b8%d0%bb%d0%b8\/%d0%b0%d0%bb%d1%8e%d0%bc%d0%b8%d0%bd%d0%b8%d0%b5%d0%b2%d1%8b%d0%b9-%d0%ba%d1%83%d0%b7%d0%be%d0%b2-%d0%b3%d1%80%d1%83%d0%b7%d0%be%d0%b2%d0%b8%d0%ba%d0%b0-%d1%81-%d0%ba%d1%80%d1%8b%d0%bb%d1%8c%d1%8f\/\"]}]},{\"@type\":\"BreadcrumbList\",\"@id\":\"https:\/\/metalpie.com\/ru\/%d0%b0%d0%bb%d1%8e%d0%bc%d0%b8%d0%bd%d0%b8%d0%b5%d0%b2%d1%8b%d0%b5-%d0%b0%d0%b2%d1%82%d0%be%d0%bc%d0%be%d0%b1%d0%b8%d0%bb%d0%b8\/%d0%b0%d0%bb%d1%8e%d0%bc%d0%b8%d0%bd%d0%b8%d0%b5%d0%b2%d1%8b%d0%b9-%d0%ba%d1%83%d0%b7%d0%be%d0%b2-%d0%b3%d1%80%d1%83%d0%b7%d0%be%d0%b2%d0%b8%d0%ba%d0%b0-%d1%81-%d0%ba%d1%80%d1%8b%d0%bb%d1%8c%d1%8f\/#breadcrumb\",\"itemListElement\":[{\"@type\":\"ListItem\",\"position\":1,\"name\":\"Home\",\"item\":\"https:\/\/metalpie.com\/\"},{\"@type\":\"ListItem\",\"position\":2,\"name\":\"Products\",\"item\":\"https:\/\/metalpie.com\/shop\/\"},{\"@type\":\"ListItem\",\"position\":3,\"name\":\"Aluminum Truck Body &#038; Wing Body for Window and Door Display\"}]},{\"@type\":\"WebSite\",\"@id\":\"https:\/\/metalpie.com\/#website\",\"url\":\"https:\/\/metalpie.com\/\",\"name\":\"METALPIE\",\"description\":\"Precision Metal Fabrication | Tools, Processes &amp; More\",\"potentialAction\":[{\"@type\":\"SearchAction\",\"target\":{\"@type\":\"EntryPoint\",\"urlTemplate\":\"https:\/\/metalpie.com\/?s={search_term_string}\"},\"query-input\":\"required name=search_term_string\"}],\"inLanguage\":\"tr\"}]}<\/script>\n<!-- \/ Yoast SEO plugin. -->","yoast_head_json":{"title":"Pencere ve Kap\u0131 Ekran\u0131 i\u00e7in Al\u00fcminyum Kamyon G\u00f6vdesi ve Kanat G\u00f6vdesi","description":"Kutu kamyon kasalar\u0131 ve kanat kasalar\u0131 gibi \u00e7e\u015fitli al\u00fcminyum kamyon kasalar\u0131 sa\u011fl\u0131yoruz. Ayr\u0131ca \u00f6zel kamyon g\u00f6vdesi hizmeti de sunuyoruz.","robots":{"index":"index","follow":"follow","max-snippet":"max-snippet:-1","max-image-preview":"max-image-preview:large","max-video-preview":"max-video-preview:-1"},"canonical":"https:\/\/metalpie.com\/tr\/alumi\u0307nyum-araclar\/pencere-ve-kapi-ekrani-icin-aluminyum-kamyon-govdesi-kanat-govdesi\/","og_locale":"tr_TR","og_type":"article","og_title":"Aluminum Truck Body & Wing Body for Window and Door Display","og_description":"We provide various aluminum truck bodies, such as box truck bodies and wing bodies. We also deliver custom truck body service.","og_url":"https:\/\/metalpie.com\/tr\/alumi\u0307nyum-araclar\/pencere-ve-kapi-ekrani-icin-aluminyum-kamyon-govdesi-kanat-govdesi\/","og_site_name":"METALPIE","article_modified_time":"2023-01-31T07:17:52+00:00","og_image":[{"width":1000,"height":750,"url":"https:\/\/metalpie.com\/wp-content\/uploads\/2022\/12\/aluminum_box_truck_body_new-1.webp","type":"image\/webp"}],"twitter_card":"summary_large_image","twitter_misc":{"Tahmini okuma s\u00fcresi":"2 dakika"},"schema":{"@context":"https:\/\/schema.org","@graph":[{"@type":"WebPage","@id":"https:\/\/metalpie.com\/ru\/%d0%b0%d0%bb%d1%8e%d0%bc%d0%b8%d0%bd%d0%b8%d0%b5%d0%b2%d1%8b%d0%b5-%d0%b0%d0%b2%d1%82%d0%be%d0%bc%d0%be%d0%b1%d0%b8%d0%bb%d0%b8\/%d0%b0%d0%bb%d1%8e%d0%bc%d0%b8%d0%bd%d0%b8%d0%b5%d0%b2%d1%8b%d0%b9-%d0%ba%d1%83%d0%b7%d0%be%d0%b2-%d0%b3%d1%80%d1%83%d0%b7%d0%be%d0%b2%d0%b8%d0%ba%d0%b0-%d1%81-%d0%ba%d1%80%d1%8b%d0%bb%d1%8c%d1%8f\/","url":"https:\/\/metalpie.com\/ru\/%d0%b0%d0%bb%d1%8e%d0%bc%d0%b8%d0%bd%d0%b8%d0%b5%d0%b2%d1%8b%d0%b5-%d0%b0%d0%b2%d1%82%d0%be%d0%bc%d0%be%d0%b1%d0%b8%d0%bb%d0%b8\/%d0%b0%d0%bb%d1%8e%d0%bc%d0%b8%d0%bd%d0%b8%d0%b5%d0%b2%d1%8b%d0%b9-%d0%ba%d1%83%d0%b7%d0%be%d0%b2-%d0%b3%d1%80%d1%83%d0%b7%d0%be%d0%b2%d0%b8%d0%ba%d0%b0-%d1%81-%d0%ba%d1%80%d1%8b%d0%bb%d1%8c%d1%8f\/","name":"Pencere ve Kap\u0131 Ekran\u0131 i\u00e7in Al\u00fcminyum Kamyon G\u00f6vdesi ve Kanat G\u00f6vdesi","isPartOf":{"@id":"https:\/\/metalpie.com\/#website"},"datePublished":"2022-12-20T05:27:29+00:00","dateModified":"2023-01-31T07:17:52+00:00","description":"Kutu kamyon kasalar\u0131 ve kanat kasalar\u0131 gibi \u00e7e\u015fitli al\u00fcminyum kamyon kasalar\u0131 sa\u011fl\u0131yoruz. Ayr\u0131ca \u00f6zel kamyon g\u00f6vdesi hizmeti de sunuyoruz.","breadcrumb":{"@id":"https:\/\/metalpie.com\/ru\/%d0%b0%d0%bb%d1%8e%d0%bc%d0%b8%d0%bd%d0%b8%d0%b5%d0%b2%d1%8b%d0%b5-%d0%b0%d0%b2%d1%82%d0%be%d0%bc%d0%be%d0%b1%d0%b8%d0%bb%d0%b8\/%d0%b0%d0%bb%d1%8e%d0%bc%d0%b8%d0%bd%d0%b8%d0%b5%d0%b2%d1%8b%d0%b9-%d0%ba%d1%83%d0%b7%d0%be%d0%b2-%d0%b3%d1%80%d1%83%d0%b7%d0%be%d0%b2%d0%b8%d0%ba%d0%b0-%d1%81-%d0%ba%d1%80%d1%8b%d0%bb%d1%8c%d1%8f\/#breadcrumb"},"inLanguage":"tr","potentialAction":[{"@type":"ReadAction","target":["https:\/\/metalpie.com\/ru\/%d0%b0%d0%bb%d1%8e%d0%bc%d0%b8%d0%bd%d0%b8%d0%b5%d0%b2%d1%8b%d0%b5-%d0%b0%d0%b2%d1%82%d0%be%d0%bc%d0%be%d0%b1%d0%b8%d0%bb%d0%b8\/%d0%b0%d0%bb%d1%8e%d0%bc%d0%b8%d0%bd%d0%b8%d0%b5%d0%b2%d1%8b%d0%b9-%d0%ba%d1%83%d0%b7%d0%be%d0%b2-%d0%b3%d1%80%d1%83%d0%b7%d0%be%d0%b2%d0%b8%d0%ba%d0%b0-%d1%81-%d0%ba%d1%80%d1%8b%d0%bb%d1%8c%d1%8f\/"]}]},{"@type":"BreadcrumbList","@id":"https:\/\/metalpie.com\/ru\/%d0%b0%d0%bb%d1%8e%d0%bc%d0%b8%d0%bd%d0%b8%d0%b5%d0%b2%d1%8b%d0%b5-%d0%b0%d0%b2%d1%82%d0%be%d0%bc%d0%be%d0%b1%d0%b8%d0%bb%d0%b8\/%d0%b0%d0%bb%d1%8e%d0%bc%d0%b8%d0%bd%d0%b8%d0%b5%d0%b2%d1%8b%d0%b9-%d0%ba%d1%83%d0%b7%d0%be%d0%b2-%d0%b3%d1%80%d1%83%d0%b7%d0%be%d0%b2%d0%b8%d0%ba%d0%b0-%d1%81-%d0%ba%d1%80%d1%8b%d0%bb%d1%8c%d1%8f\/#breadcrumb","itemListElement":[{"@type":"ListItem","position":1,"name":"Home","item":"https:\/\/metalpie.com\/"},{"@type":"ListItem","position":2,"name":"Products","item":"https:\/\/metalpie.com\/shop\/"},{"@type":"ListItem","position":3,"name":"Aluminum Truck Body &#038; Wing Body for Window and Door Display"}]},{"@type":"WebSite","@id":"https:\/\/metalpie.com\/#website","url":"https:\/\/metalpie.com\/","name":"METALPIE","description":"Hassas Metal \u0130malat\u0131 | Ara\u00e7lar, S\u00fcre\u00e7ler ve Daha Fazlas\u0131","potentialAction":[{"@type":"SearchAction","target":{"@type":"EntryPoint","urlTemplate":"https:\/\/metalpie.com\/?s={search_term_string}"},"query-input":"required name=search_term_string"}],"inLanguage":"tr"}]}},"_links":{"self":[{"href":"https:\/\/metalpie.com\/tr\/wp-json\/wp\/v2\/product\/3306","targetHints":{"allow":["GET"]}}],"collection":[{"href":"https:\/\/metalpie.com\/tr\/wp-json\/wp\/v2\/product"}],"about":[{"href":"https:\/\/metalpie.com\/tr\/wp-json\/wp\/v2\/types\/product"}],"replies":[{"embeddable":true,"href":"https:\/\/metalpie.com\/tr\/wp-json\/wp\/v2\/comments?post=3306"}],"wp:featuredmedia":[{"embeddable":true,"href":"https:\/\/metalpie.com\/tr\/wp-json\/wp\/v2\/media\/3308"}],"wp:attachment":[{"href":"https:\/\/metalpie.com\/tr\/wp-json\/wp\/v2\/media?parent=3306"}],"wp:term":[{"taxonomy":"product_cat","embeddable":true,"href":"https:\/\/metalpie.com\/tr\/wp-json\/wp\/v2\/product_cat?post=3306"}],"curies":[{"name":"wp","href":"https:\/\/api.w.org\/{rel}","templated":true}]}}