{"id":3229,"date":"2022-12-20T10:30:52","date_gmt":"2022-12-20T02:30:52","guid":{"rendered":"https:\/\/metalpie.com\/?post_type=product&#038;p=3229"},"modified":"2023-01-31T15:02:37","modified_gmt":"2023-01-31T07:02:37","slug":"aluminyum-kapali-kasa-kamyon-kasalari","status":"publish","type":"product","link":"https:\/\/metalpie.com\/tr\/alumi%cc%87nyum-araclar\/aluminyum-kapali-kasa-kamyon-kasalari\/","title":{"rendered":"Al\u00fcminyum Kutu Kamyon G\u00f6vdesi"},"content":{"rendered":"<section class=\"section\" id=\"section_224215549\">\n\t\t<div class=\"bg section-bg fill bg-fill  bg-loaded\" >\n\n\t\t\t\n\t\t\t\n\t\t\t\n\n\t\t<\/div>\n\n\t\t\n\n\t\t<div class=\"section-content relative\">\n\t\t\t\n<div class=\"row\"  id=\"row-990755125\">\n\n\t<div id=\"col-2139206875\" class=\"col small-12 large-12\"  >\n\t\t\t\t<div class=\"col-inner\"  >\n\t\t\t\n\t\t\t\n<h2>Al\u00fcminyum Kutu Kamyon G\u00f6vdesi Parametresi<\/h2>\n<table style=\"border-collapse: collapse; width: 729.02pt;\" border=\"0\" width=\"972\" cellspacing=\"0\" cellpadding=\"0\">\n<tbody>\n<tr style=\"height: 20.25pt;\">\n<td class=\"et2\" style=\"height: 20.25pt; width: 298.50pt;\" width=\"398\" height=\"27\"><strong>D\u0131\u015f Uzunluk<\/strong><\/td>\n<td class=\"et2\" style=\"width: 215.25pt;\" width=\"287\"><strong>D\u0131\u015f Geni\u015flik<\/strong><\/td>\n<td class=\"et2\" style=\"width: 215.25pt;\" width=\"287\"><strong>D\u0131\u015f Y\u00fckseklik<\/strong><\/td>\n<\/tr>\n<tr style=\"height: 20.25pt;\">\n<td class=\"et6\" style=\"height: 20.25pt;\" height=\"27\">4190<\/td>\n<td class=\"et6\">2150<\/td>\n<td class=\"et6\">2325<\/td>\n<\/tr>\n<tr style=\"height: 20.25pt;\">\n<td class=\"et2\" style=\"height: 20.25pt;\" height=\"27\"><strong>\u0130\u00e7 Uzunluk<\/strong><\/td>\n<td class=\"et2\"><strong>\u0130\u00e7 Geni\u015flik<\/strong><\/td>\n<td class=\"et2\"><strong>\u0130\u00e7 Y\u00fckseklik<\/strong><\/td>\n<\/tr>\n<tr style=\"height: 20.25pt;\">\n<td class=\"et6\" style=\"height: 20.25pt;\" height=\"27\">4140<\/td>\n<td class=\"et6\">2100<\/td>\n<td class=\"et6\">2100<\/td>\n<\/tr>\n<tr style=\"height: 20.25pt;\">\n<td class=\"et2\" style=\"height: 20.25pt;\" height=\"27\"><strong>Yan Panellerin Kal\u0131nl\u0131\u011f\u0131<\/strong><\/td>\n<td class=\"et2\"><strong>Dool Panel Kal\u0131nl\u0131\u011f\u0131<\/strong><\/td>\n<td class=\"et2\"><strong>Alt Plaka<\/strong><\/td>\n<\/tr>\n<tr style=\"height: 20.25pt;\">\n<td class=\"et6\" style=\"height: 20.25pt;\" height=\"27\">20<\/td>\n<td class=\"et6\">20<\/td>\n<td class=\"et6\">Al\u00fcminyum profiller<\/td>\n<\/tr>\n<tr style=\"height: 20.25pt;\">\n<td class=\"et2\" style=\"height: 20.25pt;\" height=\"27\"><strong>Yan Kap\u0131<\/strong><\/td>\n<td class=\"et2\"><strong>Arka Kap\u0131<\/strong><\/td>\n<td class=\"et2\"><strong>Kilitler<\/strong><\/td>\n<\/tr>\n<tr style=\"height: 20.25pt;\">\n<td class=\"et2\" style=\"height: 20.25pt;\" height=\"27\">Sa\u011f tarafta \u00e7ift panel a\u00e7\u0131kl\u0131\u011f\u0131<\/td>\n<td class=\"et2\">\u00c7ift panel a\u00e7\u0131kl\u0131\u011f\u0131<\/td>\n<td class=\"et2\">Galvanizli<\/td>\n<\/tr>\n<tr style=\"height: 20.25pt;\">\n<td class=\"et2\" style=\"height: 20.25pt;\" height=\"27\"><strong>Kutu G\u00f6vde A\u011f\u0131rl\u0131\u011f\u0131<\/strong><\/td>\n<td class=\"et2\"><strong>Maksimum Kapasite<\/strong><\/td>\n<td class=\"et2\"><strong>Tasar\u0131m Y\u00fck\u00fc<\/strong><\/td>\n<\/tr>\n<tr style=\"height: 20.25pt;\">\n<td class=\"et2\" style=\"height: 20.25pt;\" height=\"27\">430kg<\/td>\n<td class=\"et2\">18,2 metrek\u00fcp<\/td>\n<td class=\"et2\">5t<\/td>\n<\/tr>\n<\/tbody>\n<\/table>\n\t\t<\/div>\n\t\t\t\t\t<\/div>\n\n\t\n<\/div>\n\t\t<\/div>\n\n\t\t\n<style>\n#section_224215549 {\n  padding-top: 30px;\n  padding-bottom: 30px;\n}\n<\/style>\n\t<\/section>\n\t\n\t<section class=\"section\" id=\"section_2118433736\">\n\t\t<div class=\"bg section-bg fill bg-fill  bg-loaded\" >\n\n\t\t\t\n\t\t\t\n\t\t\t\n\n\t\t<\/div>\n\n\t\t\n\n\t\t<div class=\"section-content relative\">\n\t\t\t\n<div class=\"row\"  id=\"row-2017934901\">\n\n\t<div id=\"col-393289806\" class=\"col small-12 large-12\"  >\n\t\t\t\t<div class=\"col-inner\"  >\n\t\t\t\n\t\t\t\n<h2>A\u00e7\u0131klama<\/h2>\n<p>Huajian, d\u00fcnyan\u0131n \u00f6nde gelen al\u00fcminyum kamyon g\u00f6vde \u00fcreticilerinden biridir. Merkezimiz, bol ve en kaliteli al\u00fcminyum malzemelere sahip olan Linqu il\u00e7esinde bulunmaktad\u0131r. Firmam\u0131zda \u00fcretilen kamyon kasalar\u0131nda g\u00fc\u00e7l\u00fc al\u00fcminyum profiller kullan\u0131lmaktad\u0131r. \u00d6zel tekniklerle i\u015flenen al\u00fcminyum kutu kamyon kasalar\u0131 hafif ve korozyona dayan\u0131kl\u0131d\u0131r. Ayn\u0131 zamanda, bir kamyonun a\u011f\u0131rl\u0131\u011f\u0131n\u0131 azaltmaya yard\u0131mc\u0131 olur. <br \/>Bu tip kutu g\u00f6vdelerin renkleri mevcuttur. Bize sadece gereksinimlerinizi s\u00f6yleyin, biz de sizin i\u00e7in m\u00fckemmel \u00f6zel al\u00fcminyum kamyon kasalar\u0131 sa\u011flayal\u0131m.<\/p>\n\t\t<\/div>\n\t\t\t\t\t<\/div>\n\n\t\n<\/div>\n\t\t<\/div>\n\n\t\t\n<style>\n#section_2118433736 {\n  padding-top: 30px;\n  padding-bottom: 30px;\n}\n<\/style>\n\t<\/section>\n\t\n\t<section class=\"section\" id=\"section_694032893\">\n\t\t<div class=\"bg section-bg fill bg-fill  bg-loaded\" >\n\n\t\t\t\n\t\t\t\n\t\t\t\n\n\t\t<\/div>\n\n\t\t\n\n\t\t<div class=\"section-content relative\">\n\t\t\t\n<div class=\"row\"  id=\"row-1518383830\">\n\n\t<div id=\"col-1162873972\" class=\"col small-12 large-12\"  >\n\t\t\t\t<div class=\"col-inner\"  >\n\t\t\t\n\t\t\t\n<h2>\u00d6zellikler<\/h2>\n<p>1. Al\u00fcminyum minib\u00fcs g\u00f6vdesi kendi y\u00fcksek mukavemetli al\u00fcminyum profillerimizden yap\u0131lm\u0131\u015ft\u0131r. \u00c7o\u011fu par\u00e7ay\u0131 ba\u011flamak i\u00e7in ana y\u00f6ntemler olarak per\u00e7inleme, kaynak ve vidalamay\u0131 benimser. Ve geri kalan par\u00e7alar\u0131 ba\u011flamak i\u00e7in yap\u0131\u015ft\u0131rma y\u00f6ntemini kullan\u0131r. Yap\u0131s\u0131, montaj\u0131 ve bak\u0131m\u0131 kolayla\u015ft\u0131r\u0131r.<br \/>2. Alt plaka, al\u00fcminyum profillerden olu\u015fan birle\u015ftirilmi\u015f bir yap\u0131 kullan\u0131r. \u0130yi bir mukavemete sahiptir ve montaj\u0131 kolayd\u0131r.<br \/>3. Kolonlar, yan kiri\u015fler ve di\u011fer yap\u0131lar, daha g\u00fczel olan ve daha az r\u00fczgar direncine sahip yay \u015feklinde yap\u0131lar olarak tasarlanm\u0131\u015ft\u0131r;<br \/>4. \u0130ste\u011fe ba\u011fl\u0131 al\u00fcminyum ala\u015f\u0131ml\u0131 kuyruk plakas\u0131. Kuyruk plakas\u0131n\u0131n boyutu 2100 * 1630'dur. Ve kuyruk plakas\u0131n\u0131n \u00fcst k\u0131sm\u0131, y\u00fckleme ve bo\u015faltma i\u00e7in uygun olan bir kanat kap\u0131s\u0131 ile donat\u0131lm\u0131\u015ft\u0131r.<\/p>\n\t\t<\/div>\n\t\t\t\t\t<\/div>\n\n\t\n<\/div>\n\t\t<\/div>\n\n\t\t\n<style>\n#section_694032893 {\n  padding-top: 30px;\n  padding-bottom: 30px;\n}\n<\/style>\n\t<\/section>","protected":false},"excerpt":{"rendered":"<p>Bu kapal\u0131 kasa kamyon g\u00f6vdesi geni\u015f bir uygulama yelpazesine sahiptir. Paketler, t\u0131bbi \u015feyler, bakkaliye vb. gibi bir\u00e7ok mal t\u00fcr\u00fcn\u00fc teslim etmek i\u00e7in kullan\u0131labilir. Bu al\u00fcminyum kamyon g\u00f6vdesini yapmak i\u00e7in g\u00fc\u00e7l\u00fc al\u00fcminyum malzemeler kullan\u0131yoruz. G\u00fc\u00e7l\u00fc bir yap\u0131ya sahiptir ve montaj\u0131 ve bak\u0131m\u0131 kolayd\u0131r. Boyut iste\u011fe ba\u011fl\u0131d\u0131r. \u00d6zel kutu g\u00f6vdelerini destekliyoruz. Herhangi bir sorunuz varsa, l\u00fctfen bizimle ileti\u015fime ge\u00e7mekten \u00e7ekinmeyin!<\/p>","protected":false},"featured_media":3256,"comment_status":"closed","ping_status":"closed","template":"","meta":[],"product_cat":[98],"class_list":["post-3229","product","type-product","status-publish","has-post-thumbnail","hentry","product_cat-aluminum-vehicles"],"yoast_head":"<!-- This site is optimized with the Yoast SEO plugin v21.5 - https:\/\/yoast.com\/wordpress\/plugins\/seo\/ -->\n<title>Aluminum Box Truck Body | Aluminum Truck Bodies for Sale<\/title>\n<meta name=\"description\" content=\"Hualv aluminum box truck body is of good quality. It is popular among clients due to its high quality, competitive rate, and custom size.\" \/>\n<meta name=\"robots\" content=\"index, follow, max-snippet:-1, max-image-preview:large, max-video-preview:-1\" \/>\n<link rel=\"canonical\" href=\"https:\/\/metalpie.com\/tr\/alumi\u0307nyum-araclar\/aluminyum-kapali-kasa-kamyon-kasalari\/\" \/>\n<meta property=\"og:locale\" content=\"tr_TR\" \/>\n<meta property=\"og:type\" content=\"article\" \/>\n<meta property=\"og:title\" content=\"Aluminum Box Truck Body | Aluminum Truck Bodies for Sale\" \/>\n<meta property=\"og:description\" content=\"Hualv aluminum box truck body is of good quality. It is popular among clients due to its high quality, competitive rate, and custom size.\" \/>\n<meta property=\"og:url\" content=\"https:\/\/metalpie.com\/tr\/alumi\u0307nyum-araclar\/aluminyum-kapali-kasa-kamyon-kasalari\/\" \/>\n<meta property=\"og:site_name\" content=\"METALPIE\" \/>\n<meta property=\"article:modified_time\" content=\"2023-01-31T07:02:37+00:00\" \/>\n<meta property=\"og:image\" content=\"https:\/\/metalpie.com\/wp-content\/uploads\/2022\/12\/Aluminum_Truck_Bodies_new.webp\" \/>\n\t<meta property=\"og:image:width\" content=\"1000\" \/>\n\t<meta property=\"og:image:height\" content=\"750\" \/>\n\t<meta property=\"og:image:type\" content=\"image\/webp\" \/>\n<meta name=\"twitter:card\" content=\"summary_large_image\" \/>\n<meta name=\"twitter:label1\" content=\"Tahmini okuma s\u00fcresi\" \/>\n\t<meta name=\"twitter:data1\" content=\"1 dakika\" \/>\n<script type=\"application\/ld+json\" class=\"yoast-schema-graph\">{\"@context\":\"https:\/\/schema.org\",\"@graph\":[{\"@type\":\"WebPage\",\"@id\":\"https:\/\/metalpie.com\/ru\/%d0%b0%d0%bb%d1%8e%d0%bc%d0%b8%d0%bd%d0%b8%d0%b5%d0%b2%d1%8b%d0%b5-%d0%b0%d0%b2%d1%82%d0%be%d0%bc%d0%be%d0%b1%d0%b8%d0%bb%d0%b8\/%d0%b0%d0%bb%d1%8e%d0%bc%d0%b8%d0%bd%d0%b8%d0%b5%d0%b2%d1%8b%d0%b5-%d0%ba%d1%83%d0%b7%d0%be%d0%b2%d0%b0-%d0%b3%d1%80%d1%83%d0%b7%d0%be%d0%b2%d0%b8%d0%ba%d0%be%d0%b2\/\",\"url\":\"https:\/\/metalpie.com\/ru\/%d0%b0%d0%bb%d1%8e%d0%bc%d0%b8%d0%bd%d0%b8%d0%b5%d0%b2%d1%8b%d0%b5-%d0%b0%d0%b2%d1%82%d0%be%d0%bc%d0%be%d0%b1%d0%b8%d0%bb%d0%b8\/%d0%b0%d0%bb%d1%8e%d0%bc%d0%b8%d0%bd%d0%b8%d0%b5%d0%b2%d1%8b%d0%b5-%d0%ba%d1%83%d0%b7%d0%be%d0%b2%d0%b0-%d0%b3%d1%80%d1%83%d0%b7%d0%be%d0%b2%d0%b8%d0%ba%d0%be%d0%b2\/\",\"name\":\"Aluminum Box Truck Body | Aluminum Truck Bodies for Sale\",\"isPartOf\":{\"@id\":\"https:\/\/metalpie.com\/#website\"},\"datePublished\":\"2022-12-20T02:30:52+00:00\",\"dateModified\":\"2023-01-31T07:02:37+00:00\",\"description\":\"Hualv aluminum box truck body is of good quality. It is popular among clients due to its high quality, competitive rate, and custom size.\",\"breadcrumb\":{\"@id\":\"https:\/\/metalpie.com\/ru\/%d0%b0%d0%bb%d1%8e%d0%bc%d0%b8%d0%bd%d0%b8%d0%b5%d0%b2%d1%8b%d0%b5-%d0%b0%d0%b2%d1%82%d0%be%d0%bc%d0%be%d0%b1%d0%b8%d0%bb%d0%b8\/%d0%b0%d0%bb%d1%8e%d0%bc%d0%b8%d0%bd%d0%b8%d0%b5%d0%b2%d1%8b%d0%b5-%d0%ba%d1%83%d0%b7%d0%be%d0%b2%d0%b0-%d0%b3%d1%80%d1%83%d0%b7%d0%be%d0%b2%d0%b8%d0%ba%d0%be%d0%b2\/#breadcrumb\"},\"inLanguage\":\"tr\",\"potentialAction\":[{\"@type\":\"ReadAction\",\"target\":[\"https:\/\/metalpie.com\/ru\/%d0%b0%d0%bb%d1%8e%d0%bc%d0%b8%d0%bd%d0%b8%d0%b5%d0%b2%d1%8b%d0%b5-%d0%b0%d0%b2%d1%82%d0%be%d0%bc%d0%be%d0%b1%d0%b8%d0%bb%d0%b8\/%d0%b0%d0%bb%d1%8e%d0%bc%d0%b8%d0%bd%d0%b8%d0%b5%d0%b2%d1%8b%d0%b5-%d0%ba%d1%83%d0%b7%d0%be%d0%b2%d0%b0-%d0%b3%d1%80%d1%83%d0%b7%d0%be%d0%b2%d0%b8%d0%ba%d0%be%d0%b2\/\"]}]},{\"@type\":\"BreadcrumbList\",\"@id\":\"https:\/\/metalpie.com\/ru\/%d0%b0%d0%bb%d1%8e%d0%bc%d0%b8%d0%bd%d0%b8%d0%b5%d0%b2%d1%8b%d0%b5-%d0%b0%d0%b2%d1%82%d0%be%d0%bc%d0%be%d0%b1%d0%b8%d0%bb%d0%b8\/%d0%b0%d0%bb%d1%8e%d0%bc%d0%b8%d0%bd%d0%b8%d0%b5%d0%b2%d1%8b%d0%b5-%d0%ba%d1%83%d0%b7%d0%be%d0%b2%d0%b0-%d0%b3%d1%80%d1%83%d0%b7%d0%be%d0%b2%d0%b8%d0%ba%d0%be%d0%b2\/#breadcrumb\",\"itemListElement\":[{\"@type\":\"ListItem\",\"position\":1,\"name\":\"Home\",\"item\":\"https:\/\/metalpie.com\/\"},{\"@type\":\"ListItem\",\"position\":2,\"name\":\"Products\",\"item\":\"https:\/\/metalpie.com\/shop\/\"},{\"@type\":\"ListItem\",\"position\":3,\"name\":\"Aluminum Box Truck Body\"}]},{\"@type\":\"WebSite\",\"@id\":\"https:\/\/metalpie.com\/#website\",\"url\":\"https:\/\/metalpie.com\/\",\"name\":\"METALPIE\",\"description\":\"Precision Metal Fabrication | Tools, Processes &amp; More\",\"potentialAction\":[{\"@type\":\"SearchAction\",\"target\":{\"@type\":\"EntryPoint\",\"urlTemplate\":\"https:\/\/metalpie.com\/?s={search_term_string}\"},\"query-input\":\"required name=search_term_string\"}],\"inLanguage\":\"tr\"}]}<\/script>\n<!-- \/ Yoast SEO plugin. -->","yoast_head_json":{"title":"Al\u00fcminyum Kutu Kamyon G\u00f6vdesi | Sat\u0131l\u0131k Al\u00fcminyum Kamyon G\u00f6vdeleri","description":"Hualv al\u00fcminyum kutu kamyon g\u00f6vdesi iyi kalitededir. Y\u00fcksek kalitesi, rekabet\u00e7i oran\u0131 ve \u00f6zel boyutu nedeniyle m\u00fc\u015fteriler aras\u0131nda pop\u00fclerdir.","robots":{"index":"index","follow":"follow","max-snippet":"max-snippet:-1","max-image-preview":"max-image-preview:large","max-video-preview":"max-video-preview:-1"},"canonical":"https:\/\/metalpie.com\/tr\/alumi\u0307nyum-araclar\/aluminyum-kapali-kasa-kamyon-kasalari\/","og_locale":"tr_TR","og_type":"article","og_title":"Aluminum Box Truck Body | Aluminum Truck Bodies for Sale","og_description":"Hualv aluminum box truck body is of good quality. It is popular among clients due to its high quality, competitive rate, and custom size.","og_url":"https:\/\/metalpie.com\/tr\/alumi\u0307nyum-araclar\/aluminyum-kapali-kasa-kamyon-kasalari\/","og_site_name":"METALPIE","article_modified_time":"2023-01-31T07:02:37+00:00","og_image":[{"width":1000,"height":750,"url":"https:\/\/metalpie.com\/wp-content\/uploads\/2022\/12\/Aluminum_Truck_Bodies_new.webp","type":"image\/webp"}],"twitter_card":"summary_large_image","twitter_misc":{"Tahmini okuma s\u00fcresi":"1 dakika"},"schema":{"@context":"https:\/\/schema.org","@graph":[{"@type":"WebPage","@id":"https:\/\/metalpie.com\/ru\/%d0%b0%d0%bb%d1%8e%d0%bc%d0%b8%d0%bd%d0%b8%d0%b5%d0%b2%d1%8b%d0%b5-%d0%b0%d0%b2%d1%82%d0%be%d0%bc%d0%be%d0%b1%d0%b8%d0%bb%d0%b8\/%d0%b0%d0%bb%d1%8e%d0%bc%d0%b8%d0%bd%d0%b8%d0%b5%d0%b2%d1%8b%d0%b5-%d0%ba%d1%83%d0%b7%d0%be%d0%b2%d0%b0-%d0%b3%d1%80%d1%83%d0%b7%d0%be%d0%b2%d0%b8%d0%ba%d0%be%d0%b2\/","url":"https:\/\/metalpie.com\/ru\/%d0%b0%d0%bb%d1%8e%d0%bc%d0%b8%d0%bd%d0%b8%d0%b5%d0%b2%d1%8b%d0%b5-%d0%b0%d0%b2%d1%82%d0%be%d0%bc%d0%be%d0%b1%d0%b8%d0%bb%d0%b8\/%d0%b0%d0%bb%d1%8e%d0%bc%d0%b8%d0%bd%d0%b8%d0%b5%d0%b2%d1%8b%d0%b5-%d0%ba%d1%83%d0%b7%d0%be%d0%b2%d0%b0-%d0%b3%d1%80%d1%83%d0%b7%d0%be%d0%b2%d0%b8%d0%ba%d0%be%d0%b2\/","name":"Al\u00fcminyum Kutu Kamyon G\u00f6vdesi | Sat\u0131l\u0131k Al\u00fcminyum Kamyon G\u00f6vdeleri","isPartOf":{"@id":"https:\/\/metalpie.com\/#website"},"datePublished":"2022-12-20T02:30:52+00:00","dateModified":"2023-01-31T07:02:37+00:00","description":"Hualv al\u00fcminyum kutu kamyon g\u00f6vdesi iyi kalitededir. Y\u00fcksek kalitesi, rekabet\u00e7i oran\u0131 ve \u00f6zel boyutu nedeniyle m\u00fc\u015fteriler aras\u0131nda pop\u00fclerdir.","breadcrumb":{"@id":"https:\/\/metalpie.com\/ru\/%d0%b0%d0%bb%d1%8e%d0%bc%d0%b8%d0%bd%d0%b8%d0%b5%d0%b2%d1%8b%d0%b5-%d0%b0%d0%b2%d1%82%d0%be%d0%bc%d0%be%d0%b1%d0%b8%d0%bb%d0%b8\/%d0%b0%d0%bb%d1%8e%d0%bc%d0%b8%d0%bd%d0%b8%d0%b5%d0%b2%d1%8b%d0%b5-%d0%ba%d1%83%d0%b7%d0%be%d0%b2%d0%b0-%d0%b3%d1%80%d1%83%d0%b7%d0%be%d0%b2%d0%b8%d0%ba%d0%be%d0%b2\/#breadcrumb"},"inLanguage":"tr","potentialAction":[{"@type":"ReadAction","target":["https:\/\/metalpie.com\/ru\/%d0%b0%d0%bb%d1%8e%d0%bc%d0%b8%d0%bd%d0%b8%d0%b5%d0%b2%d1%8b%d0%b5-%d0%b0%d0%b2%d1%82%d0%be%d0%bc%d0%be%d0%b1%d0%b8%d0%bb%d0%b8\/%d0%b0%d0%bb%d1%8e%d0%bc%d0%b8%d0%bd%d0%b8%d0%b5%d0%b2%d1%8b%d0%b5-%d0%ba%d1%83%d0%b7%d0%be%d0%b2%d0%b0-%d0%b3%d1%80%d1%83%d0%b7%d0%be%d0%b2%d0%b8%d0%ba%d0%be%d0%b2\/"]}]},{"@type":"BreadcrumbList","@id":"https:\/\/metalpie.com\/ru\/%d0%b0%d0%bb%d1%8e%d0%bc%d0%b8%d0%bd%d0%b8%d0%b5%d0%b2%d1%8b%d0%b5-%d0%b0%d0%b2%d1%82%d0%be%d0%bc%d0%be%d0%b1%d0%b8%d0%bb%d0%b8\/%d0%b0%d0%bb%d1%8e%d0%bc%d0%b8%d0%bd%d0%b8%d0%b5%d0%b2%d1%8b%d0%b5-%d0%ba%d1%83%d0%b7%d0%be%d0%b2%d0%b0-%d0%b3%d1%80%d1%83%d0%b7%d0%be%d0%b2%d0%b8%d0%ba%d0%be%d0%b2\/#breadcrumb","itemListElement":[{"@type":"ListItem","position":1,"name":"Home","item":"https:\/\/metalpie.com\/"},{"@type":"ListItem","position":2,"name":"Products","item":"https:\/\/metalpie.com\/shop\/"},{"@type":"ListItem","position":3,"name":"Aluminum Box Truck Body"}]},{"@type":"WebSite","@id":"https:\/\/metalpie.com\/#website","url":"https:\/\/metalpie.com\/","name":"METALPIE","description":"Hassas Metal \u0130malat\u0131 | Ara\u00e7lar, S\u00fcre\u00e7ler ve Daha Fazlas\u0131","potentialAction":[{"@type":"SearchAction","target":{"@type":"EntryPoint","urlTemplate":"https:\/\/metalpie.com\/?s={search_term_string}"},"query-input":"required name=search_term_string"}],"inLanguage":"tr"}]}},"_links":{"self":[{"href":"https:\/\/metalpie.com\/tr\/wp-json\/wp\/v2\/product\/3229","targetHints":{"allow":["GET"]}}],"collection":[{"href":"https:\/\/metalpie.com\/tr\/wp-json\/wp\/v2\/product"}],"about":[{"href":"https:\/\/metalpie.com\/tr\/wp-json\/wp\/v2\/types\/product"}],"replies":[{"embeddable":true,"href":"https:\/\/metalpie.com\/tr\/wp-json\/wp\/v2\/comments?post=3229"}],"wp:featuredmedia":[{"embeddable":true,"href":"https:\/\/metalpie.com\/tr\/wp-json\/wp\/v2\/media\/3256"}],"wp:attachment":[{"href":"https:\/\/metalpie.com\/tr\/wp-json\/wp\/v2\/media?parent=3229"}],"wp:term":[{"taxonomy":"product_cat","embeddable":true,"href":"https:\/\/metalpie.com\/tr\/wp-json\/wp\/v2\/product_cat?post=3229"}],"curies":[{"name":"wp","href":"https:\/\/api.w.org\/{rel}","templated":true}]}}