{"id":3216,"date":"2022-12-20T09:33:23","date_gmt":"2022-12-20T01:33:23","guid":{"rendered":"https:\/\/metalpie.com\/?post_type=product&#038;p=3216"},"modified":"2023-02-17T16:50:35","modified_gmt":"2023-02-17T08:50:35","slug":"alumi%cc%87nyum-kamyon-kasalari","status":"publish","type":"product","link":"https:\/\/metalpie.com\/tr\/alumi%cc%87nyum-araclar\/alumi%cc%87nyum-kamyon-kasalari\/","title":{"rendered":"Yol Kenar\u0131 Hizmet Ara\u00e7lar\u0131 i\u00e7in Al\u00fcminyum Kamyon Kasalar\u0131"},"content":{"rendered":"<section class=\"section\" id=\"section_2145246550\">\n\t\t<div class=\"bg section-bg fill bg-fill  bg-loaded\" >\n\n\t\t\t\n\t\t\t\n\t\t\t\n\n\t\t<\/div>\n\n\t\t\n\n\t\t<div class=\"section-content relative\">\n\t\t\t\n<div class=\"row\"  id=\"row-375088005\">\n\n\t<div id=\"col-1241808313\" class=\"col small-12 large-12\"  >\n\t\t\t\t<div class=\"col-inner\"  >\n\t\t\t\n\t\t\t\n<h2>Al\u00fcminyum Kamyon Kasalar\u0131 \u00d6zellikleri<\/h2>\n<table width=\"285\">\n<tbody>\n<tr>\n<td width=\"95\"><strong>D\u0131\u015f Uzunluk<\/strong><\/td>\n<td width=\"95\"><strong>D\u0131\u015f Geni\u015flik<\/strong><\/td>\n<td width=\"95\"><strong>D\u0131\u015f Y\u00fckseklik<\/strong><\/td>\n<\/tr>\n<tr>\n<td width=\"95\">3220<\/td>\n<td width=\"95\">1920<\/td>\n<td width=\"95\">1995<\/td>\n<\/tr>\n<tr>\n<td width=\"95\"><strong>\u0130\u00e7 Uzunluk<\/strong><\/td>\n<td width=\"95\"><strong>\u0130\u00e7 Geni\u015flik<\/strong><\/td>\n<td width=\"95\"><strong>\u0130\u00e7 Y\u00fckseklik<\/strong><\/td>\n<\/tr>\n<tr>\n<td width=\"95\">3175<\/td>\n<td width=\"95\">1875<\/td>\n<td width=\"95\">1775<\/td>\n<\/tr>\n<tr>\n<td width=\"95\"><strong>\u00c7at\u0131 Panelinin Toplam Kal\u0131nl\u0131\u011f\u0131<\/strong><\/td>\n<td width=\"95\"><strong>Kap\u0131 Panelinin Toplam Kal\u0131nl\u0131\u011f\u0131<\/strong><\/td>\n<td width=\"95\"><strong>Alt Plakan\u0131n Toplam Kal\u0131nl\u0131\u011f\u0131<\/strong><\/td>\n<\/tr>\n<tr>\n<td width=\"95\">20<\/td>\n<td width=\"95\">20<\/td>\n<td width=\"95\">25<\/td>\n<\/tr>\n<tr>\n<td width=\"95\"><strong>Yan Kap\u0131<\/strong><\/td>\n<td width=\"95\"><strong>Arka Kap\u0131<\/strong><\/td>\n<td width=\"95\"><strong>Kilitler<\/strong><\/td>\n<\/tr>\n<tr>\n<td width=\"95\">Al\u00fcminyum Panjur<\/td>\n<td width=\"95\">\u00c7ift Kap\u0131l\u0131<\/td>\n<td width=\"95\">Paslanmaz \u00c7elik<\/td>\n<\/tr>\n<tr>\n<td width=\"95\"><strong>Kutu G\u00f6vde A\u011f\u0131rl\u0131\u011f\u0131\/kg<\/strong><\/td>\n<td width=\"95\"><strong>Tasar\u0131m Y\u00fck\u00fc\/Ton<\/strong><\/td>\n<td width=\"95\">\u00a0<\/td>\n<\/tr>\n<tr>\n<td width=\"95\">470<\/td>\n<td width=\"95\">3<\/td>\n<td>\u00a0<\/td>\n<\/tr>\n<\/tbody>\n<\/table>\n<h2><strong><span data-preserver-spaces=\"true\">Al\u00fcminyum Kamyon Kasalar\u0131 A\u00e7\u0131klamas\u0131<\/span><\/strong><\/h2>\n<p><span data-preserver-spaces=\"true\">Firmam\u0131z a\u011f\u0131rl\u0131kl\u0131 olarak her t\u00fcrl\u00fc al\u00fcminyum kamyon kasas\u0131 \u00fcretmektedir. Ta\u015f\u0131y\u0131c\u0131lar\u0131n y\u00fczeyi \u00e7e\u015fitli renklerde yap\u0131labilir ve ta\u015f\u0131y\u0131c\u0131lar\u0131n boyutu m\u00fc\u015fteri ihtiya\u00e7lar\u0131na g\u00f6re \u00f6zelle\u015ftirilebilir.<\/span><\/p>\n<p><span data-preserver-spaces=\"true\">Profesyonel bir Ar-Ge ekibimiz var ve ihtiya\u00e7lar\u0131n\u0131za g\u00f6re ihtiyac\u0131n\u0131z olan \u00fcr\u00fcnleri geli\u015ftirebiliriz.<\/span><\/p>\n<h2><strong><span data-preserver-spaces=\"true\">\u00d6zellikler<\/span><\/strong><\/h2>\n<p><span data-preserver-spaces=\"true\">1. Al\u00fcminyum kutu kamyon g\u00f6vdesi, ba\u011f\u0131ms\u0131z olarak geli\u015ftirilen ve \u00fcretilen y\u00fcksek mukavemetli al\u00fcminyum profillerden yap\u0131lm\u0131\u015ft\u0131r. M\u00fc\u015fteri ihtiya\u00e7lar\u0131na g\u00f6re \u00e7er\u00e7eve boyan\u0131r;<\/span><\/p>\n<p><span data-preserver-spaces=\"true\">2. Her iki taraftaki sarmal kepenk yap\u0131s\u0131 yerden tasarruf sa\u011flar ve \u00e7al\u0131\u015fmay\u0131 kolayla\u015ft\u0131r\u0131r;<\/span><\/p>\n<p><span data-preserver-spaces=\"true\">3. Al\u00fcminyum arka kap\u0131, g\u00fczel ve c\u00f6mert olan yerle\u015fik bir kau\u00e7uk \u015ferit yap\u0131s\u0131 ile birlikte yerle\u015fik bir kilit kullan\u0131r. Bagaj kapa\u011f\u0131 s\u0131n\u0131r\u0131 bir gazl\u0131 yay yap\u0131s\u0131 kullan\u0131r.<\/span><\/p>\n\t\t<\/div>\n\t\t\t\t\t<\/div>\n\n\t\n<\/div>\n\t\t<\/div>\n\n\t\t\n<style>\n#section_2145246550 {\n  padding-top: 30px;\n  padding-bottom: 30px;\n}\n<\/style>\n\t<\/section>","protected":false},"excerpt":{"rendered":"","protected":false},"featured_media":3223,"comment_status":"closed","ping_status":"closed","template":"","meta":[],"product_cat":[98],"class_list":["post-3216","product","type-product","status-publish","has-post-thumbnail","hentry","product_cat-aluminum-vehicles"],"yoast_head":"<!-- This site is optimized with the Yoast SEO plugin v21.5 - https:\/\/yoast.com\/wordpress\/plugins\/seo\/ -->\n<title>Aluminum Truck Bodies for Roadside Service Vehicles<\/title>\n<meta name=\"description\" content=\"We provide unmatched aluminum truck bodies for roadside service vehicles. Welcome to contact us to make your custom truck bodies!\" \/>\n<meta name=\"robots\" content=\"index, follow, max-snippet:-1, max-image-preview:large, max-video-preview:-1\" \/>\n<link rel=\"canonical\" href=\"https:\/\/metalpie.com\/tr\/alumi\u0307nyum-araclar\/alumi\u0307nyum-kamyon-kasalari\/\" \/>\n<meta property=\"og:locale\" content=\"tr_TR\" \/>\n<meta property=\"og:type\" content=\"article\" \/>\n<meta property=\"og:title\" content=\"Aluminum Truck Bodies for Roadside Service Vehicles\" \/>\n<meta property=\"og:description\" content=\"We provide unmatched aluminum truck bodies for roadside service vehicles. Welcome to contact us to make your custom truck bodies!\" \/>\n<meta property=\"og:url\" content=\"https:\/\/metalpie.com\/tr\/alumi\u0307nyum-araclar\/alumi\u0307nyum-kamyon-kasalari\/\" \/>\n<meta property=\"og:site_name\" content=\"METALPIE\" \/>\n<meta property=\"article:modified_time\" content=\"2023-02-17T08:50:35+00:00\" \/>\n<meta property=\"og:image\" content=\"https:\/\/metalpie.com\/wp-content\/uploads\/2022\/12\/Aluminum_Roa_side_Assistance_Truck_Bed.webp\" \/>\n\t<meta property=\"og:image:width\" content=\"1000\" \/>\n\t<meta property=\"og:image:height\" content=\"750\" \/>\n\t<meta property=\"og:image:type\" content=\"image\/webp\" \/>\n<meta name=\"twitter:card\" content=\"summary_large_image\" \/>\n<meta name=\"twitter:label1\" content=\"Tahmini okuma s\u00fcresi\" \/>\n\t<meta name=\"twitter:data1\" content=\"1 dakika\" \/>\n<script type=\"application\/ld+json\" class=\"yoast-schema-graph\">{\"@context\":\"https:\/\/schema.org\",\"@graph\":[{\"@type\":\"WebPage\",\"@id\":\"https:\/\/metalpie.com\/ru\/%d0%b0%d0%bb%d1%8e%d0%bc%d0%b8%d0%bd%d0%b8%d0%b5%d0%b2%d1%8b%d0%b5-%d0%b0%d0%b2%d1%82%d0%be%d0%bc%d0%be%d0%b1%d0%b8%d0%bb%d0%b8\/%d0%b0%d0%bb%d1%8e%d0%bc%d0%b8%d0%bd%d0%b8%d0%b5%d0%b2%d1%8b%d0%b5-%d0%ba%d1%83%d0%b7%d0%be%d0%b2%d0%b0-%d0%b3%d1%80%d1%83%d0%b7%d0%be%d0%b2%d0%b8%d0%ba%d0%be%d0%b2-2\/\",\"url\":\"https:\/\/metalpie.com\/ru\/%d0%b0%d0%bb%d1%8e%d0%bc%d0%b8%d0%bd%d0%b8%d0%b5%d0%b2%d1%8b%d0%b5-%d0%b0%d0%b2%d1%82%d0%be%d0%bc%d0%be%d0%b1%d0%b8%d0%bb%d0%b8\/%d0%b0%d0%bb%d1%8e%d0%bc%d0%b8%d0%bd%d0%b8%d0%b5%d0%b2%d1%8b%d0%b5-%d0%ba%d1%83%d0%b7%d0%be%d0%b2%d0%b0-%d0%b3%d1%80%d1%83%d0%b7%d0%be%d0%b2%d0%b8%d0%ba%d0%be%d0%b2-2\/\",\"name\":\"Aluminum Truck Bodies for Roadside Service Vehicles\",\"isPartOf\":{\"@id\":\"https:\/\/metalpie.com\/#website\"},\"datePublished\":\"2022-12-20T01:33:23+00:00\",\"dateModified\":\"2023-02-17T08:50:35+00:00\",\"description\":\"We provide unmatched aluminum truck bodies for roadside service vehicles. Welcome to contact us to make your custom truck bodies!\",\"breadcrumb\":{\"@id\":\"https:\/\/metalpie.com\/ru\/%d0%b0%d0%bb%d1%8e%d0%bc%d0%b8%d0%bd%d0%b8%d0%b5%d0%b2%d1%8b%d0%b5-%d0%b0%d0%b2%d1%82%d0%be%d0%bc%d0%be%d0%b1%d0%b8%d0%bb%d0%b8\/%d0%b0%d0%bb%d1%8e%d0%bc%d0%b8%d0%bd%d0%b8%d0%b5%d0%b2%d1%8b%d0%b5-%d0%ba%d1%83%d0%b7%d0%be%d0%b2%d0%b0-%d0%b3%d1%80%d1%83%d0%b7%d0%be%d0%b2%d0%b8%d0%ba%d0%be%d0%b2-2\/#breadcrumb\"},\"inLanguage\":\"tr\",\"potentialAction\":[{\"@type\":\"ReadAction\",\"target\":[\"https:\/\/metalpie.com\/ru\/%d0%b0%d0%bb%d1%8e%d0%bc%d0%b8%d0%bd%d0%b8%d0%b5%d0%b2%d1%8b%d0%b5-%d0%b0%d0%b2%d1%82%d0%be%d0%bc%d0%be%d0%b1%d0%b8%d0%bb%d0%b8\/%d0%b0%d0%bb%d1%8e%d0%bc%d0%b8%d0%bd%d0%b8%d0%b5%d0%b2%d1%8b%d0%b5-%d0%ba%d1%83%d0%b7%d0%be%d0%b2%d0%b0-%d0%b3%d1%80%d1%83%d0%b7%d0%be%d0%b2%d0%b8%d0%ba%d0%be%d0%b2-2\/\"]}]},{\"@type\":\"BreadcrumbList\",\"@id\":\"https:\/\/metalpie.com\/ru\/%d0%b0%d0%bb%d1%8e%d0%bc%d0%b8%d0%bd%d0%b8%d0%b5%d0%b2%d1%8b%d0%b5-%d0%b0%d0%b2%d1%82%d0%be%d0%bc%d0%be%d0%b1%d0%b8%d0%bb%d0%b8\/%d0%b0%d0%bb%d1%8e%d0%bc%d0%b8%d0%bd%d0%b8%d0%b5%d0%b2%d1%8b%d0%b5-%d0%ba%d1%83%d0%b7%d0%be%d0%b2%d0%b0-%d0%b3%d1%80%d1%83%d0%b7%d0%be%d0%b2%d0%b8%d0%ba%d0%be%d0%b2-2\/#breadcrumb\",\"itemListElement\":[{\"@type\":\"ListItem\",\"position\":1,\"name\":\"Home\",\"item\":\"https:\/\/metalpie.com\/\"},{\"@type\":\"ListItem\",\"position\":2,\"name\":\"Products\",\"item\":\"https:\/\/metalpie.com\/shop\/\"},{\"@type\":\"ListItem\",\"position\":3,\"name\":\"Aluminum Truck Bodies for Roadside Service Vehicles\"}]},{\"@type\":\"WebSite\",\"@id\":\"https:\/\/metalpie.com\/#website\",\"url\":\"https:\/\/metalpie.com\/\",\"name\":\"METALPIE\",\"description\":\"Precision Metal Fabrication | Tools, Processes &amp; More\",\"potentialAction\":[{\"@type\":\"SearchAction\",\"target\":{\"@type\":\"EntryPoint\",\"urlTemplate\":\"https:\/\/metalpie.com\/?s={search_term_string}\"},\"query-input\":\"required name=search_term_string\"}],\"inLanguage\":\"tr\"}]}<\/script>\n<!-- \/ Yoast SEO plugin. -->","yoast_head_json":{"title":"Yol Kenar\u0131 Hizmet Ara\u00e7lar\u0131 i\u00e7in Al\u00fcminyum Kamyon Kasalar\u0131","description":"Yol kenar\u0131 servis ara\u00e7lar\u0131 i\u00e7in e\u015fsiz al\u00fcminyum kamyon kasalar\u0131 sa\u011fl\u0131yoruz. \u00d6zel kamyon g\u00f6vdelerinizi yapmak i\u00e7in bizimle ileti\u015fime ge\u00e7ebilirsiniz!","robots":{"index":"index","follow":"follow","max-snippet":"max-snippet:-1","max-image-preview":"max-image-preview:large","max-video-preview":"max-video-preview:-1"},"canonical":"https:\/\/metalpie.com\/tr\/alumi\u0307nyum-araclar\/alumi\u0307nyum-kamyon-kasalari\/","og_locale":"tr_TR","og_type":"article","og_title":"Aluminum Truck Bodies for Roadside Service Vehicles","og_description":"We provide unmatched aluminum truck bodies for roadside service vehicles. Welcome to contact us to make your custom truck bodies!","og_url":"https:\/\/metalpie.com\/tr\/alumi\u0307nyum-araclar\/alumi\u0307nyum-kamyon-kasalari\/","og_site_name":"METALPIE","article_modified_time":"2023-02-17T08:50:35+00:00","og_image":[{"width":1000,"height":750,"url":"https:\/\/metalpie.com\/wp-content\/uploads\/2022\/12\/Aluminum_Roa_side_Assistance_Truck_Bed.webp","type":"image\/webp"}],"twitter_card":"summary_large_image","twitter_misc":{"Tahmini okuma s\u00fcresi":"1 dakika"},"schema":{"@context":"https:\/\/schema.org","@graph":[{"@type":"WebPage","@id":"https:\/\/metalpie.com\/ru\/%d0%b0%d0%bb%d1%8e%d0%bc%d0%b8%d0%bd%d0%b8%d0%b5%d0%b2%d1%8b%d0%b5-%d0%b0%d0%b2%d1%82%d0%be%d0%bc%d0%be%d0%b1%d0%b8%d0%bb%d0%b8\/%d0%b0%d0%bb%d1%8e%d0%bc%d0%b8%d0%bd%d0%b8%d0%b5%d0%b2%d1%8b%d0%b5-%d0%ba%d1%83%d0%b7%d0%be%d0%b2%d0%b0-%d0%b3%d1%80%d1%83%d0%b7%d0%be%d0%b2%d0%b8%d0%ba%d0%be%d0%b2-2\/","url":"https:\/\/metalpie.com\/ru\/%d0%b0%d0%bb%d1%8e%d0%bc%d0%b8%d0%bd%d0%b8%d0%b5%d0%b2%d1%8b%d0%b5-%d0%b0%d0%b2%d1%82%d0%be%d0%bc%d0%be%d0%b1%d0%b8%d0%bb%d0%b8\/%d0%b0%d0%bb%d1%8e%d0%bc%d0%b8%d0%bd%d0%b8%d0%b5%d0%b2%d1%8b%d0%b5-%d0%ba%d1%83%d0%b7%d0%be%d0%b2%d0%b0-%d0%b3%d1%80%d1%83%d0%b7%d0%be%d0%b2%d0%b8%d0%ba%d0%be%d0%b2-2\/","name":"Yol Kenar\u0131 Hizmet Ara\u00e7lar\u0131 i\u00e7in Al\u00fcminyum Kamyon Kasalar\u0131","isPartOf":{"@id":"https:\/\/metalpie.com\/#website"},"datePublished":"2022-12-20T01:33:23+00:00","dateModified":"2023-02-17T08:50:35+00:00","description":"Yol kenar\u0131 servis ara\u00e7lar\u0131 i\u00e7in e\u015fsiz al\u00fcminyum kamyon kasalar\u0131 sa\u011fl\u0131yoruz. \u00d6zel kamyon g\u00f6vdelerinizi yapmak i\u00e7in bizimle ileti\u015fime ge\u00e7ebilirsiniz!","breadcrumb":{"@id":"https:\/\/metalpie.com\/ru\/%d0%b0%d0%bb%d1%8e%d0%bc%d0%b8%d0%bd%d0%b8%d0%b5%d0%b2%d1%8b%d0%b5-%d0%b0%d0%b2%d1%82%d0%be%d0%bc%d0%be%d0%b1%d0%b8%d0%bb%d0%b8\/%d0%b0%d0%bb%d1%8e%d0%bc%d0%b8%d0%bd%d0%b8%d0%b5%d0%b2%d1%8b%d0%b5-%d0%ba%d1%83%d0%b7%d0%be%d0%b2%d0%b0-%d0%b3%d1%80%d1%83%d0%b7%d0%be%d0%b2%d0%b8%d0%ba%d0%be%d0%b2-2\/#breadcrumb"},"inLanguage":"tr","potentialAction":[{"@type":"ReadAction","target":["https:\/\/metalpie.com\/ru\/%d0%b0%d0%bb%d1%8e%d0%bc%d0%b8%d0%bd%d0%b8%d0%b5%d0%b2%d1%8b%d0%b5-%d0%b0%d0%b2%d1%82%d0%be%d0%bc%d0%be%d0%b1%d0%b8%d0%bb%d0%b8\/%d0%b0%d0%bb%d1%8e%d0%bc%d0%b8%d0%bd%d0%b8%d0%b5%d0%b2%d1%8b%d0%b5-%d0%ba%d1%83%d0%b7%d0%be%d0%b2%d0%b0-%d0%b3%d1%80%d1%83%d0%b7%d0%be%d0%b2%d0%b8%d0%ba%d0%be%d0%b2-2\/"]}]},{"@type":"BreadcrumbList","@id":"https:\/\/metalpie.com\/ru\/%d0%b0%d0%bb%d1%8e%d0%bc%d0%b8%d0%bd%d0%b8%d0%b5%d0%b2%d1%8b%d0%b5-%d0%b0%d0%b2%d1%82%d0%be%d0%bc%d0%be%d0%b1%d0%b8%d0%bb%d0%b8\/%d0%b0%d0%bb%d1%8e%d0%bc%d0%b8%d0%bd%d0%b8%d0%b5%d0%b2%d1%8b%d0%b5-%d0%ba%d1%83%d0%b7%d0%be%d0%b2%d0%b0-%d0%b3%d1%80%d1%83%d0%b7%d0%be%d0%b2%d0%b8%d0%ba%d0%be%d0%b2-2\/#breadcrumb","itemListElement":[{"@type":"ListItem","position":1,"name":"Home","item":"https:\/\/metalpie.com\/"},{"@type":"ListItem","position":2,"name":"Products","item":"https:\/\/metalpie.com\/shop\/"},{"@type":"ListItem","position":3,"name":"Aluminum Truck Bodies for Roadside Service Vehicles"}]},{"@type":"WebSite","@id":"https:\/\/metalpie.com\/#website","url":"https:\/\/metalpie.com\/","name":"METALPIE","description":"Hassas Metal \u0130malat\u0131 | Ara\u00e7lar, S\u00fcre\u00e7ler ve Daha Fazlas\u0131","potentialAction":[{"@type":"SearchAction","target":{"@type":"EntryPoint","urlTemplate":"https:\/\/metalpie.com\/?s={search_term_string}"},"query-input":"required name=search_term_string"}],"inLanguage":"tr"}]}},"_links":{"self":[{"href":"https:\/\/metalpie.com\/tr\/wp-json\/wp\/v2\/product\/3216","targetHints":{"allow":["GET"]}}],"collection":[{"href":"https:\/\/metalpie.com\/tr\/wp-json\/wp\/v2\/product"}],"about":[{"href":"https:\/\/metalpie.com\/tr\/wp-json\/wp\/v2\/types\/product"}],"replies":[{"embeddable":true,"href":"https:\/\/metalpie.com\/tr\/wp-json\/wp\/v2\/comments?post=3216"}],"wp:featuredmedia":[{"embeddable":true,"href":"https:\/\/metalpie.com\/tr\/wp-json\/wp\/v2\/media\/3223"}],"wp:attachment":[{"href":"https:\/\/metalpie.com\/tr\/wp-json\/wp\/v2\/media?parent=3216"}],"wp:term":[{"taxonomy":"product_cat","embeddable":true,"href":"https:\/\/metalpie.com\/tr\/wp-json\/wp\/v2\/product_cat?post=3216"}],"curies":[{"name":"wp","href":"https:\/\/api.w.org\/{rel}","templated":true}]}}