{"id":3183,"date":"2022-12-19T17:08:38","date_gmt":"2022-12-19T09:08:38","guid":{"rendered":"https:\/\/metalpie.com\/?post_type=product&#038;p=3183"},"modified":"2023-02-17T17:23:18","modified_gmt":"2023-02-17T09:23:18","slug":"9-8-metre-arka-kaportali-aluminyum-kargo-romorklari","status":"publish","type":"product","link":"https:\/\/metalpie.com\/tr\/alumi%cc%87nyum-araclar\/9-8-metre-arka-kaportali-aluminyum-kargo-romorklari\/","title":{"rendered":"9.8 Metre Tamam\u0131 Al\u00fcminyum Arka Kaportal\u0131 Kargo R\u00f6morklar\u0131"},"content":{"rendered":"<section class=\"section\" id=\"section_689949037\">\n\t\t<div class=\"bg section-bg fill bg-fill  bg-loaded\" >\n\n\t\t\t\n\t\t\t\n\t\t\t\n\n\t\t<\/div>\n\n\t\t\n\n\t\t<div class=\"section-content relative\">\n\t\t\t\n<div class=\"row\"  id=\"row-304207844\">\n\n\t<div id=\"col-1430986910\" class=\"col small-12 large-12\"  >\n\t\t\t\t<div class=\"col-inner\"  >\n\t\t\t\n\t\t\t\n<h2>T\u00fcm Al\u00fcminyum Kargo Treyler Parametreleri<\/h2>\n<table width=\"285\">\n<tbody>\n<tr>\n<td width=\"95\"><strong>D\u0131\u015f Uzunluk<\/strong><\/td>\n<td width=\"95\"><strong>D\u0131\u015f Geni\u015flik<\/strong><\/td>\n<td width=\"95\"><strong>D\u0131\u015f Y\u00fckseklik<\/strong><\/td>\n<\/tr>\n<tr>\n<td width=\"95\">4190<\/td>\n<td width=\"95\">2150<\/td>\n<td width=\"95\">2325<\/td>\n<\/tr>\n<tr>\n<td width=\"95\"><strong>\u0130\u00e7 Uzunluk<\/strong><\/td>\n<td width=\"95\"><strong>\u0130\u00e7 Geni\u015flik<\/strong><\/td>\n<td width=\"95\"><strong>\u0130\u00e7 Y\u00fckseklik<\/strong><\/td>\n<\/tr>\n<tr>\n<td width=\"95\">4140<\/td>\n<td width=\"95\">2100<\/td>\n<td width=\"95\">2100<\/td>\n<\/tr>\n<tr>\n<td width=\"95\"><strong>Yan Panellerin Kal\u0131nl\u0131\u011f\u0131<\/strong><\/td>\n<td width=\"95\"><strong>Kap\u0131 Paneli Kal\u0131nl\u0131\u011f\u0131<\/strong><\/td>\n<td width=\"95\"><strong>Alt Plaka<\/strong><\/td>\n<\/tr>\n<tr>\n<td width=\"95\">20<\/td>\n<td width=\"95\">20<\/td>\n<td width=\"95\">Al\u00fcminyum Profiller<\/td>\n<\/tr>\n<tr>\n<td width=\"95\"><strong>Yan Kap\u0131<\/strong><\/td>\n<td width=\"95\"><strong>Arka Kap\u0131<\/strong><\/td>\n<td width=\"95\"><strong>Kilitler<\/strong><\/td>\n<\/tr>\n<tr>\n<td width=\"95\">\u00c7ift Kap\u0131l\u0131<\/td>\n<td width=\"95\">\u00c7ift Kap\u0131l\u0131<\/td>\n<td width=\"95\">galvanizli<\/td>\n<\/tr>\n<tr>\n<td width=\"95\"><strong>\u00c7\u0131plak Kutu A\u011f\u0131rl\u0131\u011f\u0131\/kg<\/strong><\/td>\n<td width=\"95\"><strong>Hacim\/m\u00b3<\/strong><\/td>\n<td width=\"95\"><strong>Tasar\u0131m Y\u00fck\u00fc\/Ton<\/strong><\/td>\n<\/tr>\n<tr>\n<td width=\"95\">430<\/td>\n<td width=\"95\">18.2<\/td>\n<td width=\"95\">5<\/td>\n<\/tr>\n<\/tbody>\n<\/table>\n<h2>A\u00e7\u0131klama<\/h2>\n<p><span data-preserver-spaces=\"true\">Firmam\u0131z a\u011f\u0131rl\u0131kl\u0131 olarak her t\u00fcrl\u00fc al\u00fcminyum ala\u015f\u0131ml\u0131 araba \u00fcretmektedir. Ta\u015f\u0131y\u0131c\u0131lar\u0131n y\u00fczeyi \u00e7e\u015fitli renklerde yap\u0131labilir ve ta\u015f\u0131y\u0131c\u0131lar\u0131n boyutu m\u00fc\u015fteri ihtiya\u00e7lar\u0131na g\u00f6re \u00f6zelle\u015ftirilebilir.<\/span><\/p>\n<p><span data-preserver-spaces=\"true\">Profesyonel bir Ar-Ge ekibimiz var ve ihtiya\u00e7lar\u0131n\u0131za g\u00f6re ihtiyac\u0131n\u0131z olan \u00fcr\u00fcnleri geli\u015ftirebiliriz.<\/span><\/p>\n<h2>T\u00fcm Al\u00fcminyum Kargo R\u00f6morklar\u0131 \u00d6zellikleri<\/h2>\n<p><span data-preserver-spaces=\"true\">1. Kutu g\u00f6vdesi, kolay montaj ve bak\u0131m i\u00e7in yap\u0131\u015ft\u0131rma vb. ile desteklenen ana ba\u011flant\u0131 y\u00f6ntemleri olarak per\u00e7inleme, kaynak ve vidalama ile ba\u011f\u0131ms\u0131z olarak geli\u015ftirilen ve \u00fcretilen y\u00fcksek mukavemetli al\u00fcminyum profillerden yap\u0131lm\u0131\u015ft\u0131r;<\/span><\/p>\n<p><span data-preserver-spaces=\"true\">2. Al\u00fcminyum r\u00f6mork g\u00fcvertesi, iyi mukavemete sahip ve montaj\u0131 kolay olan al\u00fcminyum profillerin birle\u015ftirilmi\u015f bir yap\u0131s\u0131n\u0131 benimser;<\/span><\/p>\n<p><span data-preserver-spaces=\"true\">3. Kolonlar, yan kiri\u015fler ve di\u011fer yap\u0131lar, daha g\u00fczel olan ve daha az r\u00fczgar direncine sahip yay \u015feklinde yap\u0131lar olarak tasarlanm\u0131\u015ft\u0131r;<\/span><\/p>\n<p><span data-preserver-spaces=\"true\">4. \u0130ste\u011fe ba\u011fl\u0131 al\u00fcminyum ala\u015f\u0131ml\u0131 kuyruk plakas\u0131, kuyruk plakas\u0131n\u0131n boyutu 2100 * 1630'dur ve kuyruk plakas\u0131n\u0131n \u00fcst k\u0131sm\u0131, y\u00fckleme ve bo\u015faltma i\u00e7in uygun olan bir kanatl\u0131 kap\u0131 ile donat\u0131lm\u0131\u015ft\u0131r.<\/span><\/p>\n\t\t<\/div>\n\t\t\t\t\t<\/div>\n\n\t\n<\/div>\n\t\t<\/div>\n\n\t\t\n<style>\n#section_689949037 {\n  padding-top: 30px;\n  padding-bottom: 30px;\n}\n<\/style>\n\t<\/section>","protected":false},"excerpt":{"rendered":"","protected":false},"featured_media":3184,"comment_status":"closed","ping_status":"closed","template":"","meta":[],"product_cat":[98],"class_list":["post-3183","product","type-product","status-publish","has-post-thumbnail","hentry","product_cat-aluminum-vehicles"],"yoast_head":"<!-- This site is optimized with the Yoast SEO plugin v21.5 - https:\/\/yoast.com\/wordpress\/plugins\/seo\/ -->\n<title>9.8 Meters All Aluminum Cargo Trailers with Rear Fairing<\/title>\n<meta name=\"description\" content=\"We provide all aluminum cargo trailers and other aluminum truck bodies. Contact us to customize cargo trailers for your business!\" \/>\n<meta name=\"robots\" content=\"index, follow, max-snippet:-1, max-image-preview:large, max-video-preview:-1\" \/>\n<link rel=\"canonical\" href=\"https:\/\/metalpie.com\/tr\/alumi\u0307nyum-araclar\/9-8-metre-arka-kaportali-aluminyum-kargo-romorklari\/\" \/>\n<meta property=\"og:locale\" content=\"tr_TR\" \/>\n<meta property=\"og:type\" content=\"article\" \/>\n<meta property=\"og:title\" content=\"9.8 Meters All Aluminum Cargo Trailers with Rear Fairing\" \/>\n<meta property=\"og:description\" content=\"We provide all aluminum cargo trailers and other aluminum truck bodies. Contact us to customize cargo trailers for your business!\" \/>\n<meta property=\"og:url\" content=\"https:\/\/metalpie.com\/tr\/alumi\u0307nyum-araclar\/9-8-metre-arka-kaportali-aluminyum-kargo-romorklari\/\" \/>\n<meta property=\"og:site_name\" content=\"METALPIE\" \/>\n<meta property=\"article:modified_time\" content=\"2023-02-17T09:23:18+00:00\" \/>\n<meta property=\"og:image\" content=\"https:\/\/metalpie.com\/wp-content\/uploads\/2022\/12\/Aluminum_Cargo_Trailers_with_Rear_Fairing_feature_image.jpg\" \/>\n\t<meta property=\"og:image:width\" content=\"1000\" \/>\n\t<meta property=\"og:image:height\" content=\"750\" \/>\n\t<meta property=\"og:image:type\" content=\"image\/jpeg\" \/>\n<meta name=\"twitter:card\" content=\"summary_large_image\" \/>\n<meta name=\"twitter:label1\" content=\"Tahmini okuma s\u00fcresi\" \/>\n\t<meta name=\"twitter:data1\" content=\"1 dakika\" \/>\n<script type=\"application\/ld+json\" class=\"yoast-schema-graph\">{\"@context\":\"https:\/\/schema.org\",\"@graph\":[{\"@type\":\"WebPage\",\"@id\":\"https:\/\/metalpie.com\/ru\/%d0%b0%d0%bb%d1%8e%d0%bc%d0%b8%d0%bd%d0%b8%d0%b5%d0%b2%d1%8b%d0%b5-%d0%b0%d0%b2%d1%82%d0%be%d0%bc%d0%be%d0%b1%d0%b8%d0%bb%d0%b8\/9-8-%d0%bc%d0%b5%d1%82%d1%80%d0%be%d0%b2-%d0%b0%d0%bb%d1%8e%d0%bc%d0%b8%d0%bd%d0%b8%d0%b5%d0%b2%d1%8b%d1%85-%d0%b3%d1%80%d1%83%d0%b7%d0%be%d0%b2%d1%8b%d1%85-%d0%bf%d1%80%d0%b8%d1%86%d0%b5%d0%bf%d0%be\/\",\"url\":\"https:\/\/metalpie.com\/ru\/%d0%b0%d0%bb%d1%8e%d0%bc%d0%b8%d0%bd%d0%b8%d0%b5%d0%b2%d1%8b%d0%b5-%d0%b0%d0%b2%d1%82%d0%be%d0%bc%d0%be%d0%b1%d0%b8%d0%bb%d0%b8\/9-8-%d0%bc%d0%b5%d1%82%d1%80%d0%be%d0%b2-%d0%b0%d0%bb%d1%8e%d0%bc%d0%b8%d0%bd%d0%b8%d0%b5%d0%b2%d1%8b%d1%85-%d0%b3%d1%80%d1%83%d0%b7%d0%be%d0%b2%d1%8b%d1%85-%d0%bf%d1%80%d0%b8%d1%86%d0%b5%d0%bf%d0%be\/\",\"name\":\"9.8 Meters All Aluminum Cargo Trailers with Rear Fairing\",\"isPartOf\":{\"@id\":\"https:\/\/metalpie.com\/#website\"},\"datePublished\":\"2022-12-19T09:08:38+00:00\",\"dateModified\":\"2023-02-17T09:23:18+00:00\",\"description\":\"We provide all aluminum cargo trailers and other aluminum truck bodies. Contact us to customize cargo trailers for your business!\",\"breadcrumb\":{\"@id\":\"https:\/\/metalpie.com\/ru\/%d0%b0%d0%bb%d1%8e%d0%bc%d0%b8%d0%bd%d0%b8%d0%b5%d0%b2%d1%8b%d0%b5-%d0%b0%d0%b2%d1%82%d0%be%d0%bc%d0%be%d0%b1%d0%b8%d0%bb%d0%b8\/9-8-%d0%bc%d0%b5%d1%82%d1%80%d0%be%d0%b2-%d0%b0%d0%bb%d1%8e%d0%bc%d0%b8%d0%bd%d0%b8%d0%b5%d0%b2%d1%8b%d1%85-%d0%b3%d1%80%d1%83%d0%b7%d0%be%d0%b2%d1%8b%d1%85-%d0%bf%d1%80%d0%b8%d1%86%d0%b5%d0%bf%d0%be\/#breadcrumb\"},\"inLanguage\":\"tr\",\"potentialAction\":[{\"@type\":\"ReadAction\",\"target\":[\"https:\/\/metalpie.com\/ru\/%d0%b0%d0%bb%d1%8e%d0%bc%d0%b8%d0%bd%d0%b8%d0%b5%d0%b2%d1%8b%d0%b5-%d0%b0%d0%b2%d1%82%d0%be%d0%bc%d0%be%d0%b1%d0%b8%d0%bb%d0%b8\/9-8-%d0%bc%d0%b5%d1%82%d1%80%d0%be%d0%b2-%d0%b0%d0%bb%d1%8e%d0%bc%d0%b8%d0%bd%d0%b8%d0%b5%d0%b2%d1%8b%d1%85-%d0%b3%d1%80%d1%83%d0%b7%d0%be%d0%b2%d1%8b%d1%85-%d0%bf%d1%80%d0%b8%d1%86%d0%b5%d0%bf%d0%be\/\"]}]},{\"@type\":\"BreadcrumbList\",\"@id\":\"https:\/\/metalpie.com\/ru\/%d0%b0%d0%bb%d1%8e%d0%bc%d0%b8%d0%bd%d0%b8%d0%b5%d0%b2%d1%8b%d0%b5-%d0%b0%d0%b2%d1%82%d0%be%d0%bc%d0%be%d0%b1%d0%b8%d0%bb%d0%b8\/9-8-%d0%bc%d0%b5%d1%82%d1%80%d0%be%d0%b2-%d0%b0%d0%bb%d1%8e%d0%bc%d0%b8%d0%bd%d0%b8%d0%b5%d0%b2%d1%8b%d1%85-%d0%b3%d1%80%d1%83%d0%b7%d0%be%d0%b2%d1%8b%d1%85-%d0%bf%d1%80%d0%b8%d1%86%d0%b5%d0%bf%d0%be\/#breadcrumb\",\"itemListElement\":[{\"@type\":\"ListItem\",\"position\":1,\"name\":\"Home\",\"item\":\"https:\/\/metalpie.com\/\"},{\"@type\":\"ListItem\",\"position\":2,\"name\":\"Products\",\"item\":\"https:\/\/metalpie.com\/shop\/\"},{\"@type\":\"ListItem\",\"position\":3,\"name\":\"9.8 Meters All Aluminum Cargo Trailers with Rear Fairing\"}]},{\"@type\":\"WebSite\",\"@id\":\"https:\/\/metalpie.com\/#website\",\"url\":\"https:\/\/metalpie.com\/\",\"name\":\"METALPIE\",\"description\":\"Precision Metal Fabrication | Tools, Processes &amp; More\",\"potentialAction\":[{\"@type\":\"SearchAction\",\"target\":{\"@type\":\"EntryPoint\",\"urlTemplate\":\"https:\/\/metalpie.com\/?s={search_term_string}\"},\"query-input\":\"required name=search_term_string\"}],\"inLanguage\":\"tr\"}]}<\/script>\n<!-- \/ Yoast SEO plugin. -->","yoast_head_json":{"title":"9.8 Metre Tamam\u0131 Al\u00fcminyum Arka Kaportal\u0131 Kargo R\u00f6morklar\u0131","description":"T\u00fcm al\u00fcminyum kargo r\u00f6morklar\u0131n\u0131 ve di\u011fer al\u00fcminyum kamyon kasalar\u0131n\u0131 sa\u011fl\u0131yoruz. \u0130\u015fletmeniz i\u00e7in kargo r\u00f6morklar\u0131n\u0131 \u00f6zelle\u015ftirmek i\u00e7in bizimle ileti\u015fime ge\u00e7in!","robots":{"index":"index","follow":"follow","max-snippet":"max-snippet:-1","max-image-preview":"max-image-preview:large","max-video-preview":"max-video-preview:-1"},"canonical":"https:\/\/metalpie.com\/tr\/alumi\u0307nyum-araclar\/9-8-metre-arka-kaportali-aluminyum-kargo-romorklari\/","og_locale":"tr_TR","og_type":"article","og_title":"9.8 Meters All Aluminum Cargo Trailers with Rear Fairing","og_description":"We provide all aluminum cargo trailers and other aluminum truck bodies. Contact us to customize cargo trailers for your business!","og_url":"https:\/\/metalpie.com\/tr\/alumi\u0307nyum-araclar\/9-8-metre-arka-kaportali-aluminyum-kargo-romorklari\/","og_site_name":"METALPIE","article_modified_time":"2023-02-17T09:23:18+00:00","og_image":[{"width":1000,"height":750,"url":"https:\/\/metalpie.com\/wp-content\/uploads\/2022\/12\/Aluminum_Cargo_Trailers_with_Rear_Fairing_feature_image.jpg","type":"image\/jpeg"}],"twitter_card":"summary_large_image","twitter_misc":{"Tahmini okuma s\u00fcresi":"1 dakika"},"schema":{"@context":"https:\/\/schema.org","@graph":[{"@type":"WebPage","@id":"https:\/\/metalpie.com\/ru\/%d0%b0%d0%bb%d1%8e%d0%bc%d0%b8%d0%bd%d0%b8%d0%b5%d0%b2%d1%8b%d0%b5-%d0%b0%d0%b2%d1%82%d0%be%d0%bc%d0%be%d0%b1%d0%b8%d0%bb%d0%b8\/9-8-%d0%bc%d0%b5%d1%82%d1%80%d0%be%d0%b2-%d0%b0%d0%bb%d1%8e%d0%bc%d0%b8%d0%bd%d0%b8%d0%b5%d0%b2%d1%8b%d1%85-%d0%b3%d1%80%d1%83%d0%b7%d0%be%d0%b2%d1%8b%d1%85-%d0%bf%d1%80%d0%b8%d1%86%d0%b5%d0%bf%d0%be\/","url":"https:\/\/metalpie.com\/ru\/%d0%b0%d0%bb%d1%8e%d0%bc%d0%b8%d0%bd%d0%b8%d0%b5%d0%b2%d1%8b%d0%b5-%d0%b0%d0%b2%d1%82%d0%be%d0%bc%d0%be%d0%b1%d0%b8%d0%bb%d0%b8\/9-8-%d0%bc%d0%b5%d1%82%d1%80%d0%be%d0%b2-%d0%b0%d0%bb%d1%8e%d0%bc%d0%b8%d0%bd%d0%b8%d0%b5%d0%b2%d1%8b%d1%85-%d0%b3%d1%80%d1%83%d0%b7%d0%be%d0%b2%d1%8b%d1%85-%d0%bf%d1%80%d0%b8%d1%86%d0%b5%d0%bf%d0%be\/","name":"9.8 Metre Tamam\u0131 Al\u00fcminyum Arka Kaportal\u0131 Kargo R\u00f6morklar\u0131","isPartOf":{"@id":"https:\/\/metalpie.com\/#website"},"datePublished":"2022-12-19T09:08:38+00:00","dateModified":"2023-02-17T09:23:18+00:00","description":"T\u00fcm al\u00fcminyum kargo r\u00f6morklar\u0131n\u0131 ve di\u011fer al\u00fcminyum kamyon kasalar\u0131n\u0131 sa\u011fl\u0131yoruz. \u0130\u015fletmeniz i\u00e7in kargo r\u00f6morklar\u0131n\u0131 \u00f6zelle\u015ftirmek i\u00e7in bizimle ileti\u015fime ge\u00e7in!","breadcrumb":{"@id":"https:\/\/metalpie.com\/ru\/%d0%b0%d0%bb%d1%8e%d0%bc%d0%b8%d0%bd%d0%b8%d0%b5%d0%b2%d1%8b%d0%b5-%d0%b0%d0%b2%d1%82%d0%be%d0%bc%d0%be%d0%b1%d0%b8%d0%bb%d0%b8\/9-8-%d0%bc%d0%b5%d1%82%d1%80%d0%be%d0%b2-%d0%b0%d0%bb%d1%8e%d0%bc%d0%b8%d0%bd%d0%b8%d0%b5%d0%b2%d1%8b%d1%85-%d0%b3%d1%80%d1%83%d0%b7%d0%be%d0%b2%d1%8b%d1%85-%d0%bf%d1%80%d0%b8%d1%86%d0%b5%d0%bf%d0%be\/#breadcrumb"},"inLanguage":"tr","potentialAction":[{"@type":"ReadAction","target":["https:\/\/metalpie.com\/ru\/%d0%b0%d0%bb%d1%8e%d0%bc%d0%b8%d0%bd%d0%b8%d0%b5%d0%b2%d1%8b%d0%b5-%d0%b0%d0%b2%d1%82%d0%be%d0%bc%d0%be%d0%b1%d0%b8%d0%bb%d0%b8\/9-8-%d0%bc%d0%b5%d1%82%d1%80%d0%be%d0%b2-%d0%b0%d0%bb%d1%8e%d0%bc%d0%b8%d0%bd%d0%b8%d0%b5%d0%b2%d1%8b%d1%85-%d0%b3%d1%80%d1%83%d0%b7%d0%be%d0%b2%d1%8b%d1%85-%d0%bf%d1%80%d0%b8%d1%86%d0%b5%d0%bf%d0%be\/"]}]},{"@type":"BreadcrumbList","@id":"https:\/\/metalpie.com\/ru\/%d0%b0%d0%bb%d1%8e%d0%bc%d0%b8%d0%bd%d0%b8%d0%b5%d0%b2%d1%8b%d0%b5-%d0%b0%d0%b2%d1%82%d0%be%d0%bc%d0%be%d0%b1%d0%b8%d0%bb%d0%b8\/9-8-%d0%bc%d0%b5%d1%82%d1%80%d0%be%d0%b2-%d0%b0%d0%bb%d1%8e%d0%bc%d0%b8%d0%bd%d0%b8%d0%b5%d0%b2%d1%8b%d1%85-%d0%b3%d1%80%d1%83%d0%b7%d0%be%d0%b2%d1%8b%d1%85-%d0%bf%d1%80%d0%b8%d1%86%d0%b5%d0%bf%d0%be\/#breadcrumb","itemListElement":[{"@type":"ListItem","position":1,"name":"Home","item":"https:\/\/metalpie.com\/"},{"@type":"ListItem","position":2,"name":"Products","item":"https:\/\/metalpie.com\/shop\/"},{"@type":"ListItem","position":3,"name":"9.8 Meters All Aluminum Cargo Trailers with Rear Fairing"}]},{"@type":"WebSite","@id":"https:\/\/metalpie.com\/#website","url":"https:\/\/metalpie.com\/","name":"METALPIE","description":"Hassas Metal \u0130malat\u0131 | Ara\u00e7lar, S\u00fcre\u00e7ler ve Daha Fazlas\u0131","potentialAction":[{"@type":"SearchAction","target":{"@type":"EntryPoint","urlTemplate":"https:\/\/metalpie.com\/?s={search_term_string}"},"query-input":"required name=search_term_string"}],"inLanguage":"tr"}]}},"_links":{"self":[{"href":"https:\/\/metalpie.com\/tr\/wp-json\/wp\/v2\/product\/3183","targetHints":{"allow":["GET"]}}],"collection":[{"href":"https:\/\/metalpie.com\/tr\/wp-json\/wp\/v2\/product"}],"about":[{"href":"https:\/\/metalpie.com\/tr\/wp-json\/wp\/v2\/types\/product"}],"replies":[{"embeddable":true,"href":"https:\/\/metalpie.com\/tr\/wp-json\/wp\/v2\/comments?post=3183"}],"wp:featuredmedia":[{"embeddable":true,"href":"https:\/\/metalpie.com\/tr\/wp-json\/wp\/v2\/media\/3184"}],"wp:attachment":[{"href":"https:\/\/metalpie.com\/tr\/wp-json\/wp\/v2\/media?parent=3183"}],"wp:term":[{"taxonomy":"product_cat","embeddable":true,"href":"https:\/\/metalpie.com\/tr\/wp-json\/wp\/v2\/product_cat?post=3183"}],"curies":[{"name":"wp","href":"https:\/\/api.w.org\/{rel}","templated":true}]}}