{"id":2773,"date":"2022-10-09T13:28:02","date_gmt":"2022-10-09T05:28:02","guid":{"rendered":"https:\/\/metalpie.com\/?post_type=product&#038;p=2773"},"modified":"2023-02-17T14:52:09","modified_gmt":"2023-02-17T06:52:09","slug":"es116-surgulu-kapi","status":"publish","type":"product","link":"https:\/\/metalpie.com\/tr\/aluminyum-pencere-kapi\/es116-surgulu-kapi\/","title":{"rendered":"ES116 Al\u00fcminyum S\u00fcrme Cam Kap\u0131"},"content":{"rendered":"<section class=\"section\" id=\"section_1082962082\">\n\t\t<div class=\"bg section-bg fill bg-fill  bg-loaded\" >\n\n\t\t\t\n\t\t\t\n\t\t\t\n\n\t\t<\/div>\n\n\t\t\n\n\t\t<div class=\"section-content relative\">\n\t\t\t\n<div class=\"row\"  id=\"row-1615707638\">\n\n\t<div id=\"col-1481232042\" class=\"col small-12 large-12\"  >\n\t\t\t\t<div class=\"col-inner\"  >\n\t\t\t\n\t\t\t\n<h2><span data-preserver-spaces=\"true\">ES116 Al\u00fcminyum Kayar Kap\u0131 A\u00e7\u0131klamas\u0131<\/span><\/h2>\n<p><span data-preserver-spaces=\"true\">ES116, al\u00fcminyum s\u00fcrg\u00fcl\u00fc cam kap\u0131lar\u0131m\u0131z\u0131n en \u00e7ok satanlar\u0131ndan biridir. Kap\u0131 \u00fczerinde iki b\u00fcy\u00fck cam par\u00e7as\u0131 bulunmaktad\u0131r. Ve al\u00fcminyum kap\u0131 \u00e7er\u00e7eveleri sadece k\u00fc\u00e7\u00fck bir k\u0131sm\u0131 kaplar. Bu y\u00fczden iyi \u0131\u015f\u0131k isteyenler i\u00e7in son derece uygundur. Evler i\u00e7in, balkonunuza odalar ve balkon aras\u0131nda bir b\u00f6lme olarak monte edebilirsiniz. Ayr\u0131ca ayr\u0131 olmas\u0131 i\u00e7in banyoya da monte edebilirsiniz. \u00d6zelle\u015ftirmeyi destekliyoruz, bu nedenle kap\u0131 cam\u0131n\u0131 banyoda daha iyi kullan\u0131lan buzlu cama d\u00f6n\u00fc\u015ft\u00fcrebiliriz. Ayr\u0131ca renk de se\u00e7ilebilir. \u0130stedi\u011finiz herhangi bir renk, fikrinizi bizimle payla\u015fabilirsiniz. Sizin i\u00e7in harika bir s\u00fcrg\u00fcl\u00fc kap\u0131 sa\u011flayaca\u011f\u0131z.\u00a0<\/span><\/p>\n<h2>Al\u00fcminyum Kap\u0131 Donan\u0131m\u0131<\/h2>\n<ul>\n<li>Kaliteli kap\u0131 tokma\u011f\u0131. Y\u00fcksek kaliteli malzemeden yap\u0131lm\u0131\u015ft\u0131r. Bu y\u00fczden kolay k\u0131r\u0131l\u0131r veya \u00e7\u0131karsa endi\u015felenmenize gerek yok. \u00d6zel i\u015flem sayesinde y\u00fczey kaplamas\u0131 da \u00e7\u0131kmaz.<\/li>\n<li>Kap\u0131 mente\u015fesi. M\u00fckemmel kap\u0131 mente\u015feleri g\u00fc\u00e7l\u00fc ve a\u015f\u0131nmaya dayan\u0131kl\u0131d\u0131r.<\/li>\n<\/ul>\n<h2 class=\"okr-block-clipboard lark-doc\" data-okr=\"%7B%22okrDelta%22%3A%5B%7B%22lineType%22%3A%22text%22%2C%22lineOptions%22%3A%7B%7D%2C%22lineContent%22%3A%5B%7B%22opType%22%3A%22text%22%2C%22options%22%3A%7B%22text%22%3A%22Color%20%26%20Size%22%7D%7D%5D%7D%2C%7B%22lineType%22%3A%22text%22%2C%22lineOptions%22%3A%7B%7D%2C%22lineContent%22%3A%5B%7B%22opType%22%3A%22text%22%2C%22options%22%3A%7B%22text%22%3A%22We%20use%20five%20processes%20powder%20coating%2C%20PVDF%20coating%2C%20wood%20grain%2C%20anodized%2C%20and%20electrophoresis%20to%20color%20aluminum%20window%20frames.%20Custom%20colors%20and%20sizes%20are%20also%20available.%22%7D%7D%5D%7D%5D%2C%22businessKey%22%3A%22lark-doc%22%7D\"><span style=\"font-size: 23.04px;\">Renk ve Boyut<\/span><\/h2>\n<div data-zone-id=\"grpfj1bsuo\" data-line-index=\"1\">Al\u00fcminyum pencere \u00e7er\u00e7evelerini renklendirmek i\u00e7in toz kaplama, PVDF kaplama, ah\u015fap tah\u0131l, anodize ve elektroforez olmak \u00fczere be\u015f i\u015flem kullan\u0131yoruz. \u00d6zel renkler ve boyutlar da mevcuttur.<\/div>\n<div data-zone-id=\"grpfj1bsuo\" data-line-index=\"1\"><\/div>\n<div data-zone-id=\"grpfj1bsuo\" data-line-index=\"1\">\n<h2>\u00d6zellikler<\/h2>\n<ul>\n<li><span data-preserver-spaces=\"true\">Geni\u015f a\u00e7\u0131kl\u0131k alan\u0131 ve geni\u015f g\u00f6r\u00fc\u015f<\/span><\/li>\n<li><span data-preserver-spaces=\"true\">Daha az profil ve basit i\u015fleme<\/span><\/li>\n<li><span data-preserver-spaces=\"true\">A\u00e7t\u0131ktan sonra i\u00e7 mekan\u0131 i\u015fgal etmeyin.<\/span><\/li>\n<li><span data-preserver-spaces=\"true\">\u0130\u00e7erideki cam boncuk, pencereyi g\u00fcvenli ve sa\u011flam hale getirir\u3002<\/span><\/li>\n<li><span data-preserver-spaces=\"true\">Avrupa standard\u0131 \u00e7entik tasar\u0131m\u0131, G\u00fc\u00e7l\u00fc uyumlulu\u011fa sahip donan\u0131m.<\/span><\/li>\n<li><span data-preserver-spaces=\"true\">\u00c7ok kanall\u0131 s\u0131zd\u0131rmazl\u0131k tasar\u0131m\u0131, s\u0131zd\u0131rmazl\u0131\u011f\u0131 m\u00fckemmel hale getirir.<\/span><\/li>\n<li><span data-preserver-spaces=\"true\">Hem i\u00e7 hem de d\u0131\u015f kap\u0131 olarak kullan\u0131labilir.<\/span><\/li>\n<\/ul>\n<\/div>\n<div data-zone-id=\"grpfj1bsuo\" data-line-index=\"1\"><\/div>\n\t\t<\/div>\n\t\t\t\t\t<\/div>\n\n\t\n<\/div>\n\t\t<\/div>\n\n\t\t\n<style>\n#section_1082962082 {\n  padding-top: 30px;\n  padding-bottom: 30px;\n}\n<\/style>\n\t<\/section>\n\t\n\t<section class=\"section\" id=\"section_686092827\">\n\t\t<div class=\"bg section-bg fill bg-fill  bg-loaded\" >\n\n\t\t\t\n\t\t\t\n\t\t\t\n\n\t\t<\/div>\n\n\t\t\t<div class=\"ux-shape-divider ux-shape-divider--top ux-shape-divider--style-curve-opacity\">\n\t\t<svg viewbox=\"0 0 1000 100\" xmlns=\"http:\/\/www.w3.org\/2000\/svg\" preserveaspectratio=\"none\">\n\t\t<path class=\"ux-shape-fill\" opacity=\"0.15\" d=\"M0 14C0 14 88.64 17.48 300 50C560 90 814 77 1003 40L1015 68L1018 104H0V14Z\"\/>\n\t\t<path class=\"ux-shape-fill\" opacity=\"0.3\" d=\"M0 45C0 45 271 90.13 500 77C657 68 830 30 1015 14V100H0V45Z\"\/>\n\t\t<path class=\"ux-shape-fill\" d=\"M0 58C0 58 188.29 90 508 90C798 90 1002 55 1002 55V100H0V58Z\"\/>\n<\/svg>\n\t<\/div>\n\n\n\t\t<div class=\"section-content relative\">\n\t\t\t\n<div class=\"is-divider divider clearfix\" style=\"margin-top:0px;margin-bottom:0px;max-width:0px;height:30px;\"><\/div>\n<div class=\"row row-collapse align-middle\"  id=\"row-776558234\">\n\n\t<div id=\"col-1982302629\" class=\"col medium-6 small-12 large-6\"  >\n\t\t\t\t<div class=\"col-inner\"  >\n\t\t\t\n\t\t\t\n<div class=\"row row-small align-middle\"  id=\"row-1664475944\">\n\n\t<div id=\"col-1992585198\" class=\"col medium-7 small-12 large-7\"  >\n\t\t\t\t<div class=\"col-inner\"  >\n\t\t\t\n\t\t\t\n\t<div class=\"img has-hover x md-x lg-x y md-y lg-y\" id=\"image_817838824\">\n\t\t\t\t\t\t\t\t<div class=\"img-inner dark\" >\n\t\t\t<img loading=\"lazy\" decoding=\"async\" width=\"532\" height=\"366\" src=\"https:\/\/metalpie.com\/wp-content\/uploads\/2022\/09\/block_Universal_products_bottom_001.1image.jpg.webp\" class=\"attachment-original size-original\" alt=\"\" srcset=\"https:\/\/metalpie.com\/wp-content\/uploads\/2022\/09\/block_Universal_products_bottom_001.1image.jpg.webp 532w, https:\/\/metalpie.com\/wp-content\/uploads\/2022\/09\/block_Universal_products_bottom_001.1image.jpg-300x206.webp 300w\" sizes=\"auto, (max-width: 532px) 100vw, 532px\" \/>\t\t\t\t\t\t\n\t\t\t\t\t<\/div>\n\t\t\t\t\t\t\t\t\n<style>\n#image_817838824 {\n  width: 100%;\n}\n<\/style>\n\t<\/div>\n\t\n\t\t<\/div>\n\t\t\t\t\t<\/div>\n\n\t\n\n\t<div id=\"col-1433906384\" class=\"col medium-5 small-12 large-5\"  >\n\t\t\t\t<div class=\"col-inner\"  >\n\t\t\t\n\t\t\t\n\t<div id=\"text-593647949\" class=\"text\">\n\t\t\n<h5>Hava Ge\u00e7irmez Performans<\/h5>\n\t\t\n<style>\n#text-593647949 {\n  text-align: center;\n}\n@media (min-width:550px) {\n  #text-593647949 {\n    text-align: left;\n  }\n}\n<\/style>\n\t<\/div>\n\t\n\t<div id=\"text-1971030551\" class=\"text\">\n\t\t\n<p><b>Seviye 5<\/b><\/p>\n\t\t\n<style>\n#text-1971030551 {\n  text-align: center;\n}\n@media (min-width:550px) {\n  #text-1971030551 {\n    text-align: left;\n  }\n}\n<\/style>\n\t<\/div>\n\t\n\t\t<\/div>\n\t\t\t\t\t<\/div>\n\n\t\n<\/div>\n\t\t<\/div>\n\t\t\t\t\t<\/div>\n\n\t\n\n\t<div id=\"col-1504584556\" class=\"col medium-6 small-12 large-6\"  >\n\t\t\t\t<div class=\"col-inner\"  >\n\t\t\t\n\t\t\t\n<div class=\"row row-small align-middle\"  id=\"row-142700706\">\n\n\t<div id=\"col-1686599786\" class=\"col medium-7 small-12 large-7\"  >\n\t\t\t\t<div class=\"col-inner\"  >\n\t\t\t\n\t\t\t\n\t<div class=\"img has-hover x md-x lg-x y md-y lg-y\" id=\"image_2011535922\">\n\t\t\t\t\t\t\t\t<div class=\"img-inner dark\" >\n\t\t\t<img loading=\"lazy\" decoding=\"async\" width=\"534\" height=\"368\" src=\"https:\/\/metalpie.com\/wp-content\/uploads\/2022\/09\/block_Universal_products_bottom_002.2image.jpg.webp\" class=\"attachment-original size-original\" alt=\"\" srcset=\"https:\/\/metalpie.com\/wp-content\/uploads\/2022\/09\/block_Universal_products_bottom_002.2image.jpg.webp 534w, https:\/\/metalpie.com\/wp-content\/uploads\/2022\/09\/block_Universal_products_bottom_002.2image.jpg-300x207.webp 300w\" sizes=\"auto, (max-width: 534px) 100vw, 534px\" \/>\t\t\t\t\t\t\n\t\t\t\t\t<\/div>\n\t\t\t\t\t\t\t\t\n<style>\n#image_2011535922 {\n  width: 100%;\n}\n<\/style>\n\t<\/div>\n\t\n\t\t<\/div>\n\t\t\t\t\t<\/div>\n\n\t\n\n\t<div id=\"col-1861425100\" class=\"col medium-5 small-12 large-5\"  >\n\t\t\t\t<div class=\"col-inner\"  >\n\t\t\t\n\t\t\t\n\t<div id=\"text-2972645015\" class=\"text\">\n\t\t\n<h5>R\u00fczgar Bas\u0131nc\u0131 direnci<\/h5>\n\t\t\n<style>\n#text-2972645015 {\n  text-align: center;\n}\n@media (min-width:550px) {\n  #text-2972645015 {\n    text-align: left;\n  }\n}\n<\/style>\n\t<\/div>\n\t\n\t<div id=\"text-1548849562\" class=\"text\">\n\t\t\n<p><strong>Seviye 9<\/strong><\/p>\n\t\t\n<style>\n#text-1548849562 {\n  text-align: center;\n}\n@media (min-width:550px) {\n  #text-1548849562 {\n    text-align: left;\n  }\n}\n<\/style>\n\t<\/div>\n\t\n\t\t<\/div>\n\t\t\t\t\t<\/div>\n\n\t\n<\/div>\n\t\t<\/div>\n\t\t\t\t\t<\/div>\n\n\t\n\n\t<div id=\"col-1440966611\" class=\"col medium-6 small-12 large-6\"  >\n\t\t\t\t<div class=\"col-inner\"  >\n\t\t\t\n\t\t\t\n<div class=\"row row-small align-middle\"  id=\"row-1855668275\">\n\n\t<div id=\"col-848825027\" class=\"col medium-7 small-12 large-7\"  >\n\t\t\t\t<div class=\"col-inner\"  >\n\t\t\t\n\t\t\t\n\t<div class=\"img has-hover x md-x lg-x y md-y lg-y\" id=\"image_924442735\">\n\t\t\t\t\t\t\t\t<div class=\"img-inner dark\" >\n\t\t\t<img loading=\"lazy\" decoding=\"async\" width=\"531\" height=\"366\" src=\"https:\/\/metalpie.com\/wp-content\/uploads\/2022\/09\/block_Universal_products_bottom_003.3image.jpg.webp\" class=\"attachment-original size-original\" alt=\"\" srcset=\"https:\/\/metalpie.com\/wp-content\/uploads\/2022\/09\/block_Universal_products_bottom_003.3image.jpg.webp 531w, https:\/\/metalpie.com\/wp-content\/uploads\/2022\/09\/block_Universal_products_bottom_003.3image.jpg-300x207.webp 300w\" sizes=\"auto, (max-width: 531px) 100vw, 531px\" \/>\t\t\t\t\t\t\n\t\t\t\t\t<\/div>\n\t\t\t\t\t\t\t\t\n<style>\n#image_924442735 {\n  width: 100%;\n}\n<\/style>\n\t<\/div>\n\t\n\t\t<\/div>\n\t\t\t\t\t<\/div>\n\n\t\n\n\t<div id=\"col-2142514225\" class=\"col medium-5 small-12 large-5\"  >\n\t\t\t\t<div class=\"col-inner\"  >\n\t\t\t\n\t\t\t\n\t<div id=\"text-2634008079\" class=\"text\">\n\t\t\n<h5>Su Ge\u00e7irmezlik Performans\u0131<\/h5>\n\t\t\n<style>\n#text-2634008079 {\n  text-align: center;\n}\n@media (min-width:550px) {\n  #text-2634008079 {\n    text-align: left;\n  }\n}\n<\/style>\n\t<\/div>\n\t\n\t<div id=\"text-4052505545\" class=\"text\">\n\t\t\n<p><strong>Seviye 3<\/strong><\/p>\n\t\t\n<style>\n#text-4052505545 {\n  text-align: center;\n}\n@media (min-width:550px) {\n  #text-4052505545 {\n    text-align: left;\n  }\n}\n<\/style>\n\t<\/div>\n\t\n\t\t<\/div>\n\t\t\t\t\t<\/div>\n\n\t\n<\/div>\n\t\t<\/div>\n\t\t\t\t\t<\/div>\n\n\t\n\n\t<div id=\"col-61905691\" class=\"col medium-6 small-12 large-6\"  >\n\t\t\t\t<div class=\"col-inner\"  >\n\t\t\t\n\t\t\t\n<div class=\"row row-small align-middle\"  id=\"row-422326503\">\n\n\t<div id=\"col-420050791\" class=\"col medium-7 small-12 large-7\"  >\n\t\t\t\t<div class=\"col-inner\"  >\n\t\t\t\n\t\t\t\n\t<div class=\"img has-hover x md-x lg-x y md-y lg-y\" id=\"image_672433410\">\n\t\t\t\t\t\t\t\t<div class=\"img-inner dark\" >\n\t\t\t<img loading=\"lazy\" decoding=\"async\" width=\"531\" height=\"365\" src=\"https:\/\/metalpie.com\/wp-content\/uploads\/2022\/09\/block_Universal_products_bottom_004.4image.jpg.webp\" class=\"attachment-original size-original\" alt=\"\" srcset=\"https:\/\/metalpie.com\/wp-content\/uploads\/2022\/09\/block_Universal_products_bottom_004.4image.jpg.webp 531w, https:\/\/metalpie.com\/wp-content\/uploads\/2022\/09\/block_Universal_products_bottom_004.4image.jpg-300x206.webp 300w\" sizes=\"auto, (max-width: 531px) 100vw, 531px\" \/>\t\t\t\t\t\t\n\t\t\t\t\t<\/div>\n\t\t\t\t\t\t\t\t\n<style>\n#image_672433410 {\n  width: 100%;\n}\n<\/style>\n\t<\/div>\n\t\n\t\t<\/div>\n\t\t\t\t\t<\/div>\n\n\t\n\n\t<div id=\"col-1372160927\" class=\"col medium-5 small-12 large-5\"  >\n\t\t\t\t<div class=\"col-inner\"  >\n\t\t\t\n\t\t\t\n\t<div id=\"text-2683588143\" class=\"text\">\n\t\t\n<h5>Yal\u0131t\u0131m Performans\u0131<\/h5>\n\t\t\n<style>\n#text-2683588143 {\n  text-align: center;\n}\n@media (min-width:550px) {\n  #text-2683588143 {\n    text-align: left;\n  }\n}\n<\/style>\n\t<\/div>\n\t\n\t<div id=\"text-3189975594\" class=\"text\">\n\t\t\n<p>K=2,2~ 2,8W\/(\u33a1.K)<\/p>\n\t\t\n<style>\n#text-3189975594 {\n  text-align: center;\n}\n@media (min-width:550px) {\n  #text-3189975594 {\n    text-align: left;\n  }\n}\n<\/style>\n\t<\/div>\n\t\n\t\t<\/div>\n\t\t\t\t\t<\/div>\n\n\t\n<\/div>\n\t\t<\/div>\n\t\t\t\t\t<\/div>\n\n\t\n\n<style>\n#row-776558234 > .col > .col-inner {\n  padding: 0px 20px 0px 20px;\n}\n<\/style>\n<\/div>\n\t\t<\/div>\n\n\t\t\n<style>\n#section_686092827 {\n  padding-top: 0px;\n  padding-bottom: 0px;\n  background-color: rgb(245, 245, 245);\n}\n#section_686092827 .ux-shape-divider--top svg {\n  height: 143px;\n  --divider-top-width: 100%;\n}\n<\/style>\n\t<\/section>\n\t\n\t<section class=\"section\" id=\"section_1950641100\">\n\t\t<div class=\"bg section-bg fill bg-fill  bg-loaded\" >\n\n\t\t\t\n\t\t\t\n\t\t\t\n\n\t\t<\/div>\n\n\t\t\n\n\t\t<div class=\"section-content relative\">\n\t\t\t\n<div class=\"row\"  id=\"row-1013456368\">\n\n\t<div id=\"col-1146067631\" class=\"col small-12 large-12\"  >\n\t\t\t\t<div class=\"col-inner\"  >\n\t\t\t\n\t\t\t\n<h2>ES116 Al\u00fcminyum Kayar Kap\u0131 Uygulama Alanlar\u0131<\/h2>\n<ul>\n<li>\u00c7al\u0131\u015fma<\/li>\n<li>Al\u0131\u015fveri\u015f merkezleri<\/li>\n<li>Villalar<\/li>\n<li>Ofis binalar\u0131<\/li>\n<\/ul>\n\t\t<\/div>\n\t\t\t\t\t<\/div>\n\n\t\n<\/div>\n\t\t<\/div>\n\n\t\t\n<style>\n#section_1950641100 {\n  padding-top: 30px;\n  padding-bottom: 30px;\n}\n<\/style>\n\t<\/section>\n\t\n\t<section class=\"section\" id=\"section_808662290\">\n\t\t<div class=\"bg section-bg fill bg-fill  bg-loaded\" >\n\n\t\t\t\n\t\t\t<div class=\"section-bg-overlay absolute fill\"><\/div>\n\t\t\t\n\n\t\t<\/div>\n\n\t\t\n\n\t\t<div class=\"section-content relative\">\n\t\t\t\n<div class=\"is-divider divider clearfix\" style=\"margin-top:0.0em;margin-bottom:0.0em;max-width:0px;height:20px;\"><\/div>\n<div class=\"row row-large align-middle\"  id=\"row-2059072117\">\n\n\t<div id=\"col-1169771936\" class=\"col medium-6 small-12 large-6\"  >\n\t\t\t\t<div class=\"col-inner\"  >\n\t\t\t\n\t\t\t\n\t<div class=\"img has-hover x md-x lg-x y md-y lg-y\" id=\"image_1286948575\">\n\t\t\t\t\t\t\t\t<div class=\"img-inner dark\" >\n\t\t\t<img loading=\"lazy\" decoding=\"async\" width=\"1000\" height=\"1000\" src=\"https:\/\/metalpie.com\/wp-content\/uploads\/2022\/11\/ES_116.webp\" class=\"attachment-large size-large\" alt=\"ES116 al\u00fcminyum kayar kap\u0131 \u00f6rne\u011fi\" srcset=\"https:\/\/metalpie.com\/wp-content\/uploads\/2022\/11\/ES_116.webp 1000w, https:\/\/metalpie.com\/wp-content\/uploads\/2022\/11\/ES_116-300x300.webp 300w, https:\/\/metalpie.com\/wp-content\/uploads\/2022\/11\/ES_116-80x80.webp 80w, https:\/\/metalpie.com\/wp-content\/uploads\/2022\/11\/ES_116-768x768.webp 768w, https:\/\/metalpie.com\/wp-content\/uploads\/2022\/11\/ES_116-500x500.webp 500w, https:\/\/metalpie.com\/wp-content\/uploads\/2022\/11\/ES_116-800x800.webp 800w, https:\/\/metalpie.com\/wp-content\/uploads\/2022\/11\/ES_116-100x100.webp 100w\" sizes=\"auto, (max-width: 1000px) 100vw, 1000px\" \/>\t\t\t\t\t\t\n\t\t\t\t\t<\/div>\n\t\t\t\t\t\t\t\t\n<style>\n#image_1286948575 {\n  width: 100%;\n}\n<\/style>\n\t<\/div>\n\t\n\t\t<\/div>\n\t\t\t\t\t<\/div>\n\n\t\n\n\t<div id=\"col-39997135\" class=\"col medium-6 small-12 large-6\"  >\n\t\t\t\t<div class=\"col-inner text-left\"  >\n\t\t\t\n\t\t\t\n<h2><span data-preserver-spaces=\"true\">ES116 Al\u00fcminyum Kayar Kap\u0131 \u00d6rne\u011fi<\/span><\/h2>\n<p><span data-preserver-spaces=\"true\">Resimden, ES116 al\u00fcminyum s\u00fcrg\u00fcl\u00fc kap\u0131 i\u00e7in \u00e7ift cam par\u00e7as\u0131 oldu\u011funu g\u00f6rebilirsiniz. Daha iyi \u0131s\u0131 yal\u0131t\u0131m\u0131 i\u00e7in al\u00fcminyum kap\u0131 \u00e7er\u00e7evesinden ayr\u0131lmak \u00fczere bir termal k\u0131r\u0131lma ekliyoruz. Bu pop\u00fcler bir k\u0131r\u0131k k\u00f6pr\u00fc al\u00fcminyum tasar\u0131m\u0131d\u0131r. Bir kap\u0131 \u00f6rne\u011fi istiyorsan\u0131z, bizimle ileti\u015fime ge\u00e7ebilirsiniz!<\/span><\/p>\n<p><strong>\u00d6zellikler:<\/strong><\/p>\n<ul>\n<li><span data-preserver-spaces=\"true\">\u00c7er\u00e7eve derinli\u011fi: 116mm<\/span><\/li>\n<li><span data-preserver-spaces=\"true\">Termal k\u0131r\u0131lma: 15mm\/18.6mm<\/span><\/li>\n<li><span data-preserver-spaces=\"true\">Fan derinli\u011fi: 52mm<\/span><\/li>\n<li><span data-preserver-spaces=\"true\">Termal k\u0131r\u0131lma: 15mm<\/span><\/li>\n<\/ul>\n\t\t<\/div>\n\t\t\t\t\t<\/div>\n\n\t\n\n<style>\n#row-2059072117 > .col > .col-inner {\n  padding: 0px 20px 0px 20px;\n}\n<\/style>\n<\/div>\n\t\t<\/div>\n\n\t\t\n<style>\n#section_808662290 {\n  padding-top: 0px;\n  padding-bottom: 0px;\n  background-color: rgb(193, 193, 193);\n}\n#section_808662290 .section-bg-overlay {\n  background-color: rgba(255, 255, 255, 0.85);\n}\n<\/style>\n\t<\/section>","protected":false},"excerpt":{"rendered":"<p>ES116 katlan\u0131r kap\u0131, mutfak kap\u0131s\u0131na, balkona, toplant\u0131 odas\u0131na vb. uygulanabilen basit bir stildir. Bu katlan\u0131r kap\u0131 odan\u0131z\u0131n \u00e7ok daha temiz ve d\u00fczenli g\u00f6r\u00fcnmesini sa\u011flar.<\/p>","protected":false},"featured_media":2774,"comment_status":"closed","ping_status":"closed","template":"","meta":[],"product_cat":[15],"class_list":["post-2773","product","type-product","status-publish","has-post-thumbnail","hentry","product_cat-aluminum-windows-doors"],"yoast_head":"<!-- This site is optimized with the Yoast SEO plugin v21.5 - https:\/\/yoast.com\/wordpress\/plugins\/seo\/ -->\n<title>ES116 Sliding Door | Aluminum Sliding Glass Doors- METALPIE<\/title>\n<meta name=\"description\" content=\"ES116 sliding door is suitable for home, hotel, and company, including kitchen, balcony, bathroom, and meeting room... We can customize the size you want.\" \/>\n<meta name=\"robots\" content=\"index, follow, max-snippet:-1, max-image-preview:large, max-video-preview:-1\" \/>\n<link rel=\"canonical\" href=\"https:\/\/metalpie.com\/tr\/aluminyum-pencere-kapi\/es116-surgulu-kapi\/\" \/>\n<meta property=\"og:locale\" content=\"tr_TR\" \/>\n<meta property=\"og:type\" content=\"article\" \/>\n<meta property=\"og:title\" content=\"ES116 Sliding Door | Aluminum Sliding Glass Doors- METALPIE\" \/>\n<meta property=\"og:description\" content=\"ES116 sliding door is suitable for home, hotel, and company, including kitchen, balcony, bathroom, and meeting room... We can customize the size you want.\" \/>\n<meta property=\"og:url\" content=\"https:\/\/metalpie.com\/tr\/aluminyum-pencere-kapi\/es116-surgulu-kapi\/\" \/>\n<meta property=\"og:site_name\" content=\"METALPIE\" \/>\n<meta property=\"article:modified_time\" content=\"2023-02-17T06:52:09+00:00\" \/>\n<meta property=\"og:image\" content=\"https:\/\/metalpie.com\/wp-content\/uploads\/2022\/10\/ES116_sliding_door_001image.webp\" \/>\n\t<meta property=\"og:image:width\" content=\"1000\" \/>\n\t<meta property=\"og:image:height\" content=\"1000\" \/>\n\t<meta property=\"og:image:type\" content=\"image\/webp\" \/>\n<meta name=\"twitter:card\" content=\"summary_large_image\" \/>\n<meta name=\"twitter:label1\" content=\"Tahmini okuma s\u00fcresi\" \/>\n\t<meta name=\"twitter:data1\" content=\"3 dakika\" \/>\n<script type=\"application\/ld+json\" class=\"yoast-schema-graph\">{\"@context\":\"https:\/\/schema.org\",\"@graph\":[{\"@type\":\"WebPage\",\"@id\":\"https:\/\/metalpie.com\/aluminum-windows-doors\/es116-sliding-door\/\",\"url\":\"https:\/\/metalpie.com\/aluminum-windows-doors\/es116-sliding-door\/\",\"name\":\"ES116 Sliding Door | Aluminum Sliding Glass Doors- METALPIE\",\"isPartOf\":{\"@id\":\"https:\/\/metalpie.com\/#website\"},\"datePublished\":\"2022-10-09T05:28:02+00:00\",\"dateModified\":\"2023-02-17T06:52:09+00:00\",\"description\":\"ES116 sliding door is suitable for home, hotel, and company, including kitchen, balcony, bathroom, and meeting room... We can customize the size you want.\",\"breadcrumb\":{\"@id\":\"https:\/\/metalpie.com\/aluminum-windows-doors\/es116-sliding-door\/#breadcrumb\"},\"inLanguage\":\"tr\",\"potentialAction\":[{\"@type\":\"ReadAction\",\"target\":[\"https:\/\/metalpie.com\/aluminum-windows-doors\/es116-sliding-door\/\"]}]},{\"@type\":\"BreadcrumbList\",\"@id\":\"https:\/\/metalpie.com\/aluminum-windows-doors\/es116-sliding-door\/#breadcrumb\",\"itemListElement\":[{\"@type\":\"ListItem\",\"position\":1,\"name\":\"Home\",\"item\":\"https:\/\/metalpie.com\/\"},{\"@type\":\"ListItem\",\"position\":2,\"name\":\"Products\",\"item\":\"https:\/\/metalpie.com\/shop\/\"},{\"@type\":\"ListItem\",\"position\":3,\"name\":\"ES116 Aluminum Sliding Glass Door\"}]},{\"@type\":\"WebSite\",\"@id\":\"https:\/\/metalpie.com\/#website\",\"url\":\"https:\/\/metalpie.com\/\",\"name\":\"METALPIE\",\"description\":\"Precision Metal Fabrication | Tools, Processes &amp; More\",\"potentialAction\":[{\"@type\":\"SearchAction\",\"target\":{\"@type\":\"EntryPoint\",\"urlTemplate\":\"https:\/\/metalpie.com\/?s={search_term_string}\"},\"query-input\":\"required name=search_term_string\"}],\"inLanguage\":\"tr\"}]}<\/script>\n<!-- \/ Yoast SEO plugin. -->","yoast_head_json":{"title":"ES116 S\u00fcrg\u00fcl\u00fc Kap\u0131 | Al\u00fcminyum S\u00fcrg\u00fcl\u00fc Cam Kap\u0131lar - METALPIE","description":"ES116 s\u00fcrg\u00fcl\u00fc kap\u0131, mutfak, balkon, banyo ve toplant\u0131 odas\u0131 dahil olmak \u00fczere ev, otel ve \u015firket i\u00e7in uygundur ... \u0130stedi\u011finiz boyutu \u00f6zelle\u015ftirebiliriz.","robots":{"index":"index","follow":"follow","max-snippet":"max-snippet:-1","max-image-preview":"max-image-preview:large","max-video-preview":"max-video-preview:-1"},"canonical":"https:\/\/metalpie.com\/tr\/aluminyum-pencere-kapi\/es116-surgulu-kapi\/","og_locale":"tr_TR","og_type":"article","og_title":"ES116 Sliding Door | Aluminum Sliding Glass Doors- METALPIE","og_description":"ES116 sliding door is suitable for home, hotel, and company, including kitchen, balcony, bathroom, and meeting room... We can customize the size you want.","og_url":"https:\/\/metalpie.com\/tr\/aluminyum-pencere-kapi\/es116-surgulu-kapi\/","og_site_name":"METALPIE","article_modified_time":"2023-02-17T06:52:09+00:00","og_image":[{"width":1000,"height":1000,"url":"https:\/\/metalpie.com\/wp-content\/uploads\/2022\/10\/ES116_sliding_door_001image.webp","type":"image\/webp"}],"twitter_card":"summary_large_image","twitter_misc":{"Tahmini okuma s\u00fcresi":"3 dakika"},"schema":{"@context":"https:\/\/schema.org","@graph":[{"@type":"WebPage","@id":"https:\/\/metalpie.com\/aluminum-windows-doors\/es116-sliding-door\/","url":"https:\/\/metalpie.com\/aluminum-windows-doors\/es116-sliding-door\/","name":"ES116 S\u00fcrg\u00fcl\u00fc Kap\u0131 | Al\u00fcminyum S\u00fcrg\u00fcl\u00fc Cam Kap\u0131lar - METALPIE","isPartOf":{"@id":"https:\/\/metalpie.com\/#website"},"datePublished":"2022-10-09T05:28:02+00:00","dateModified":"2023-02-17T06:52:09+00:00","description":"ES116 s\u00fcrg\u00fcl\u00fc kap\u0131, mutfak, balkon, banyo ve toplant\u0131 odas\u0131 dahil olmak \u00fczere ev, otel ve \u015firket i\u00e7in uygundur ... \u0130stedi\u011finiz boyutu \u00f6zelle\u015ftirebiliriz.","breadcrumb":{"@id":"https:\/\/metalpie.com\/aluminum-windows-doors\/es116-sliding-door\/#breadcrumb"},"inLanguage":"tr","potentialAction":[{"@type":"ReadAction","target":["https:\/\/metalpie.com\/aluminum-windows-doors\/es116-sliding-door\/"]}]},{"@type":"BreadcrumbList","@id":"https:\/\/metalpie.com\/aluminum-windows-doors\/es116-sliding-door\/#breadcrumb","itemListElement":[{"@type":"ListItem","position":1,"name":"Home","item":"https:\/\/metalpie.com\/"},{"@type":"ListItem","position":2,"name":"Products","item":"https:\/\/metalpie.com\/shop\/"},{"@type":"ListItem","position":3,"name":"ES116 Aluminum Sliding Glass Door"}]},{"@type":"WebSite","@id":"https:\/\/metalpie.com\/#website","url":"https:\/\/metalpie.com\/","name":"METALPIE","description":"Hassas Metal \u0130malat\u0131 | Ara\u00e7lar, S\u00fcre\u00e7ler ve Daha Fazlas\u0131","potentialAction":[{"@type":"SearchAction","target":{"@type":"EntryPoint","urlTemplate":"https:\/\/metalpie.com\/?s={search_term_string}"},"query-input":"required name=search_term_string"}],"inLanguage":"tr"}]}},"_links":{"self":[{"href":"https:\/\/metalpie.com\/tr\/wp-json\/wp\/v2\/product\/2773","targetHints":{"allow":["GET"]}}],"collection":[{"href":"https:\/\/metalpie.com\/tr\/wp-json\/wp\/v2\/product"}],"about":[{"href":"https:\/\/metalpie.com\/tr\/wp-json\/wp\/v2\/types\/product"}],"replies":[{"embeddable":true,"href":"https:\/\/metalpie.com\/tr\/wp-json\/wp\/v2\/comments?post=2773"}],"wp:featuredmedia":[{"embeddable":true,"href":"https:\/\/metalpie.com\/tr\/wp-json\/wp\/v2\/media\/2774"}],"wp:attachment":[{"href":"https:\/\/metalpie.com\/tr\/wp-json\/wp\/v2\/media?parent=2773"}],"wp:term":[{"taxonomy":"product_cat","embeddable":true,"href":"https:\/\/metalpie.com\/tr\/wp-json\/wp\/v2\/product_cat?post=2773"}],"curies":[{"name":"wp","href":"https:\/\/api.w.org\/{rel}","templated":true}]}}