{"id":2768,"date":"2022-10-09T13:17:33","date_gmt":"2022-10-09T05:17:33","guid":{"rendered":"https:\/\/metalpie.com\/?post_type=product&#038;p=2768"},"modified":"2022-11-29T08:27:23","modified_gmt":"2022-11-29T00:27:23","slug":"ep86-alumi%cc%87nyum-surgulu-kapi","status":"publish","type":"product","link":"https:\/\/metalpie.com\/tr\/aluminyum-pencere-kapi\/ep86-alumi%cc%87nyum-surgulu-kapi\/","title":{"rendered":"EP86 Al\u00fcminyum Kayar Kap\u0131"},"content":{"rendered":"<section class=\"section\" id=\"section_1845477014\">\n\t\t<div class=\"bg section-bg fill bg-fill  bg-loaded\" >\n\n\t\t\t\n\t\t\t\n\t\t\t\n\n\t\t<\/div>\n\n\t\t\n\n\t\t<div class=\"section-content relative\">\n\t\t\t\n<div class=\"row\"  id=\"row-1945524077\">\n\n\t<div id=\"col-1296834576\" class=\"col small-12 large-12\"  >\n\t\t\t\t<div class=\"col-inner\"  >\n\t\t\t\n\t\t\t\n<h2>Al\u00fcminyum S\u00fcrme Kap\u0131 A\u00e7\u0131klamas\u0131<\/h2>\n<p>EP86 tek hatl\u0131 bir kayar kap\u0131d\u0131r. Sa\u011f ve sol taraflar\u0131 kayd\u0131rarak a\u00e7mak kolayd\u0131r. Bir\u00e7ok al\u00fcminyum \u00e7er\u00e7eve cam\u0131 birka\u00e7 par\u00e7aya b\u00f6ler, bu da bir b\u00f6lme kap\u0131s\u0131 i\u00e7in iyidir. Siyah \u00e7er\u00e7eveler dikkatinizi da\u011f\u0131t\u0131r, bu nedenle bu kap\u0131 dekorasyonunuzu daha iyi zenginle\u015ftirir. Bu kap\u0131 sadece k\u0131smen a\u00e7\u0131labilir ve a\u00e7\u0131l\u0131rken iki panel sabitlenir.<\/p>\n<h2><span data-preserver-spaces=\"true\">Al\u00fcminyum Kap\u0131 Donan\u0131m\u0131<\/span><\/h2>\n<ul>\n<li><span data-preserver-spaces=\"true\">D\u00f6rt adet panel bulunmaktad\u0131r. \u0130ki panel sabit, di\u011fer iki panel ise s\u00fcrg\u00fcl\u00fcd\u00fcr. Aktif paneller, kap\u0131 kolu olarak geni\u015fletilmi\u015f bir al\u00fcminyum kap\u0131 \u00e7er\u00e7evesine sahiptir. B\u00f6ylece kap\u0131y\u0131 a\u00e7mak kolay ve g\u00fcvenlidir.<\/span><\/li>\n<li><span data-preserver-spaces=\"true\">Al\u00fcminyum kap\u0131 \u00e7er\u00e7evesi k\u0131r\u0131k bir k\u00f6pr\u00fc al\u00fcminyum de\u011fildir. Eviniz k\u0131\u015f\u0131n \u0131s\u0131n\u0131yorsa, \u0131s\u0131y\u0131 her odaya aktarmak kolay olacakt\u0131r.\u00a0\u00a0<\/span><\/li>\n<\/ul>\n<h2>Renk ve Boyut<\/h2>\n<p>Al\u00fcminyum pencere \u00e7er\u00e7evelerini renklendirmek i\u00e7in toz kaplama, PVDF kaplama, ah\u015fap tah\u0131l, anodize ve elektroforez olmak \u00fczere be\u015f i\u015flem kullan\u0131yoruz. \u00d6zel renkler ve boyutlar da mevcuttur.<\/p>\n<h2><span data-preserver-spaces=\"true\">\u00d6zellikler<\/span><\/h2>\n<ul>\n<li><span data-preserver-spaces=\"true\">Al\u00fcminyum kap\u0131 \u00e7er\u00e7eveleri, bir b\u00f6lme kap\u0131s\u0131n\u0131n i\u015flevini yerine getirmek i\u00e7in ki\u015finin g\u00f6r\u00fc\u015f\u00fcn\u00fc engelleyebilen ola\u011fan\u00fcst\u00fcd\u00fcr.<\/span><\/li>\n<li><span data-preserver-spaces=\"true\">Tek hatl\u0131 bir kayar kap\u0131d\u0131r.\u00a0<\/span><\/li>\n<li><span data-preserver-spaces=\"true\">Her iki tarafa a\u00e7\u0131lan bir kap\u0131d\u0131r.<\/span><\/li>\n<\/ul>\n\t\t<\/div>\n\t\t\t\t\t<\/div>\n\n\t\n<\/div>\n\t\t<\/div>\n\n\t\t\n<style>\n#section_1845477014 {\n  padding-top: 30px;\n  padding-bottom: 30px;\n}\n<\/style>\n\t<\/section>\n\t\n\t<section class=\"section\" id=\"section_409847171\">\n\t\t<div class=\"bg section-bg fill bg-fill  bg-loaded\" >\n\n\t\t\t\n\t\t\t\n\t\t\t\n\n\t\t<\/div>\n\n\t\t\t<div class=\"ux-shape-divider ux-shape-divider--top ux-shape-divider--style-curve-opacity\">\n\t\t<svg viewbox=\"0 0 1000 100\" xmlns=\"http:\/\/www.w3.org\/2000\/svg\" preserveaspectratio=\"none\">\n\t\t<path class=\"ux-shape-fill\" opacity=\"0.15\" d=\"M0 14C0 14 88.64 17.48 300 50C560 90 814 77 1003 40L1015 68L1018 104H0V14Z\"\/>\n\t\t<path class=\"ux-shape-fill\" opacity=\"0.3\" d=\"M0 45C0 45 271 90.13 500 77C657 68 830 30 1015 14V100H0V45Z\"\/>\n\t\t<path class=\"ux-shape-fill\" d=\"M0 58C0 58 188.29 90 508 90C798 90 1002 55 1002 55V100H0V58Z\"\/>\n<\/svg>\n\t<\/div>\n\n\n\t\t<div class=\"section-content relative\">\n\t\t\t\n<div class=\"is-divider divider clearfix\" style=\"margin-top:0px;margin-bottom:0px;max-width:0px;height:30px;\"><\/div>\n<div class=\"row row-collapse align-middle\"  id=\"row-2095577377\">\n\n\t<div id=\"col-1192440485\" class=\"col medium-6 small-12 large-6\"  >\n\t\t\t\t<div class=\"col-inner\"  >\n\t\t\t\n\t\t\t\n<div class=\"row row-small align-middle\"  id=\"row-1131421043\">\n\n\t<div id=\"col-1485978916\" class=\"col medium-7 small-12 large-7\"  >\n\t\t\t\t<div class=\"col-inner\"  >\n\t\t\t\n\t\t\t\n\t<div class=\"img has-hover x md-x lg-x y md-y lg-y\" id=\"image_979057443\">\n\t\t\t\t\t\t\t\t<div class=\"img-inner dark\" >\n\t\t\t<img loading=\"lazy\" decoding=\"async\" width=\"532\" height=\"366\" src=\"https:\/\/metalpie.com\/wp-content\/uploads\/2022\/09\/block_Universal_products_bottom_001.1image.jpg.webp\" class=\"attachment-original size-original\" alt=\"\" srcset=\"https:\/\/metalpie.com\/wp-content\/uploads\/2022\/09\/block_Universal_products_bottom_001.1image.jpg.webp 532w, https:\/\/metalpie.com\/wp-content\/uploads\/2022\/09\/block_Universal_products_bottom_001.1image.jpg-300x206.webp 300w\" sizes=\"auto, (max-width: 532px) 100vw, 532px\" \/>\t\t\t\t\t\t\n\t\t\t\t\t<\/div>\n\t\t\t\t\t\t\t\t\n<style>\n#image_979057443 {\n  width: 100%;\n}\n<\/style>\n\t<\/div>\n\t\n\t\t<\/div>\n\t\t\t\t\t<\/div>\n\n\t\n\n\t<div id=\"col-831866622\" class=\"col medium-5 small-12 large-5\"  >\n\t\t\t\t<div class=\"col-inner\"  >\n\t\t\t\n\t\t\t\n\t<div id=\"text-3365489656\" class=\"text\">\n\t\t\n<h5>\u0130yi Hava Ge\u00e7irmezlik Performans\u0131<\/h5>\n\t\t\n<style>\n#text-3365489656 {\n  text-align: center;\n}\n@media (min-width:550px) {\n  #text-3365489656 {\n    text-align: left;\n  }\n}\n<\/style>\n\t<\/div>\n\t\n\t\t<\/div>\n\t\t\t\t\t<\/div>\n\n\t\n<\/div>\n\t\t<\/div>\n\t\t\t\t\t<\/div>\n\n\t\n\n\t<div id=\"col-789121283\" class=\"col medium-6 small-12 large-6\"  >\n\t\t\t\t<div class=\"col-inner\"  >\n\t\t\t\n\t\t\t\n<div class=\"row row-small align-middle\"  id=\"row-973135735\">\n\n\t<div id=\"col-1825263359\" class=\"col medium-7 small-12 large-7\"  >\n\t\t\t\t<div class=\"col-inner\"  >\n\t\t\t\n\t\t\t\n\t<div class=\"img has-hover x md-x lg-x y md-y lg-y\" id=\"image_1188828336\">\n\t\t\t\t\t\t\t\t<div class=\"img-inner dark\" >\n\t\t\t<img loading=\"lazy\" decoding=\"async\" width=\"534\" height=\"368\" src=\"https:\/\/metalpie.com\/wp-content\/uploads\/2022\/09\/block_Universal_products_bottom_002.2image.jpg.webp\" class=\"attachment-original size-original\" alt=\"\" srcset=\"https:\/\/metalpie.com\/wp-content\/uploads\/2022\/09\/block_Universal_products_bottom_002.2image.jpg.webp 534w, https:\/\/metalpie.com\/wp-content\/uploads\/2022\/09\/block_Universal_products_bottom_002.2image.jpg-300x207.webp 300w\" sizes=\"auto, (max-width: 534px) 100vw, 534px\" \/>\t\t\t\t\t\t\n\t\t\t\t\t<\/div>\n\t\t\t\t\t\t\t\t\n<style>\n#image_1188828336 {\n  width: 100%;\n}\n<\/style>\n\t<\/div>\n\t\n\t\t<\/div>\n\t\t\t\t\t<\/div>\n\n\t\n\n\t<div id=\"col-274805307\" class=\"col medium-5 small-12 large-5\"  >\n\t\t\t\t<div class=\"col-inner\"  >\n\t\t\t\n\t\t\t\n\t<div id=\"text-2633836719\" class=\"text\">\n\t\t\n<h5>\u0130yi R\u00fczgar Bas\u0131nc\u0131 direnci<\/h5>\n\t\t\n<style>\n#text-2633836719 {\n  text-align: center;\n}\n@media (min-width:550px) {\n  #text-2633836719 {\n    text-align: left;\n  }\n}\n<\/style>\n\t<\/div>\n\t\n\t\t<\/div>\n\t\t\t\t\t<\/div>\n\n\t\n<\/div>\n\t\t<\/div>\n\t\t\t\t\t<\/div>\n\n\t\n\n\t<div id=\"col-2138596061\" class=\"col medium-6 small-12 large-6\"  >\n\t\t\t\t<div class=\"col-inner\"  >\n\t\t\t\n\t\t\t\n<div class=\"row row-small align-middle\"  id=\"row-515424882\">\n\n\t<div id=\"col-1725975712\" class=\"col medium-7 small-12 large-7\"  >\n\t\t\t\t<div class=\"col-inner\"  >\n\t\t\t\n\t\t\t\n\t<div class=\"img has-hover x md-x lg-x y md-y lg-y\" id=\"image_102791668\">\n\t\t\t\t\t\t\t\t<div class=\"img-inner dark\" >\n\t\t\t<img loading=\"lazy\" decoding=\"async\" width=\"531\" height=\"366\" src=\"https:\/\/metalpie.com\/wp-content\/uploads\/2022\/09\/block_Universal_products_bottom_003.3image.jpg.webp\" class=\"attachment-original size-original\" alt=\"\" srcset=\"https:\/\/metalpie.com\/wp-content\/uploads\/2022\/09\/block_Universal_products_bottom_003.3image.jpg.webp 531w, https:\/\/metalpie.com\/wp-content\/uploads\/2022\/09\/block_Universal_products_bottom_003.3image.jpg-300x207.webp 300w\" sizes=\"auto, (max-width: 531px) 100vw, 531px\" \/>\t\t\t\t\t\t\n\t\t\t\t\t<\/div>\n\t\t\t\t\t\t\t\t\n<style>\n#image_102791668 {\n  width: 100%;\n}\n<\/style>\n\t<\/div>\n\t\n\t\t<\/div>\n\t\t\t\t\t<\/div>\n\n\t\n\n\t<div id=\"col-1995672230\" class=\"col medium-5 small-12 large-5\"  >\n\t\t\t\t<div class=\"col-inner\"  >\n\t\t\t\n\t\t\t\n\t<div id=\"text-1424751540\" class=\"text\">\n\t\t\n<h5>\u0130yi Su Ge\u00e7irmezlik Performans\u0131<\/h5>\n\t\t\n<style>\n#text-1424751540 {\n  text-align: center;\n}\n@media (min-width:550px) {\n  #text-1424751540 {\n    text-align: left;\n  }\n}\n<\/style>\n\t<\/div>\n\t\n\t\t<\/div>\n\t\t\t\t\t<\/div>\n\n\t\n<\/div>\n\t\t<\/div>\n\t\t\t\t\t<\/div>\n\n\t\n\n\t<div id=\"col-1106992650\" class=\"col medium-6 small-12 large-6\"  >\n\t\t\t\t<div class=\"col-inner\"  >\n\t\t\t\n\t\t\t\n<div class=\"row row-small align-middle\"  id=\"row-856358172\">\n\n\t<div id=\"col-1048791952\" class=\"col medium-7 small-12 large-7\"  >\n\t\t\t\t<div class=\"col-inner\"  >\n\t\t\t\n\t\t\t\n\t<div class=\"img has-hover x md-x lg-x y md-y lg-y\" id=\"image_1712947479\">\n\t\t\t\t\t\t\t\t<div class=\"img-inner dark\" >\n\t\t\t<img loading=\"lazy\" decoding=\"async\" width=\"531\" height=\"365\" src=\"https:\/\/metalpie.com\/wp-content\/uploads\/2022\/09\/block_Universal_products_bottom_004.4image.jpg.webp\" class=\"attachment-original size-original\" alt=\"\" srcset=\"https:\/\/metalpie.com\/wp-content\/uploads\/2022\/09\/block_Universal_products_bottom_004.4image.jpg.webp 531w, https:\/\/metalpie.com\/wp-content\/uploads\/2022\/09\/block_Universal_products_bottom_004.4image.jpg-300x206.webp 300w\" sizes=\"auto, (max-width: 531px) 100vw, 531px\" \/>\t\t\t\t\t\t\n\t\t\t\t\t<\/div>\n\t\t\t\t\t\t\t\t\n<style>\n#image_1712947479 {\n  width: 100%;\n}\n<\/style>\n\t<\/div>\n\t\n\t\t<\/div>\n\t\t\t\t\t<\/div>\n\n\t\n\n\t<div id=\"col-1309337482\" class=\"col medium-5 small-12 large-5\"  >\n\t\t\t\t<div class=\"col-inner\"  >\n\t\t\t\n\t\t\t\n\t<div id=\"text-1813351276\" class=\"text\">\n\t\t\n<h5>\u0130yi Is\u0131 Yal\u0131t\u0131m Performans\u0131<\/h5>\n\t\t\n<style>\n#text-1813351276 {\n  text-align: center;\n}\n@media (min-width:550px) {\n  #text-1813351276 {\n    text-align: left;\n  }\n}\n<\/style>\n\t<\/div>\n\t\n\t\t<\/div>\n\t\t\t\t\t<\/div>\n\n\t\n<\/div>\n\t\t<\/div>\n\t\t\t\t\t<\/div>\n\n\t\n\n<style>\n#row-2095577377 > .col > .col-inner {\n  padding: 0px 20px 0px 20px;\n}\n<\/style>\n<\/div>\n\t\t<\/div>\n\n\t\t\n<style>\n#section_409847171 {\n  padding-top: 0px;\n  padding-bottom: 0px;\n  background-color: rgb(245, 245, 245);\n}\n#section_409847171 .ux-shape-divider--top svg {\n  height: 143px;\n  --divider-top-width: 100%;\n}\n<\/style>\n\t<\/section>\n\t\n\t<section class=\"section\" id=\"section_809226181\">\n\t\t<div class=\"bg section-bg fill bg-fill  bg-loaded\" >\n\n\t\t\t\n\t\t\t\n\t\t\t\n\n\t\t<\/div>\n\n\t\t\n\n\t\t<div class=\"section-content relative\">\n\t\t\t\n<div class=\"row\"  id=\"row-1394824787\">\n\n\t<div id=\"col-1662140639\" class=\"col small-12 large-12\"  >\n\t\t\t\t<div class=\"col-inner\"  >\n\t\t\t\n\t\t\t\n<h2>EP86 Al\u00fcminyum Kayar Kap\u0131 Uygulama Alanlar\u0131<\/h2>\n<ul>\n<li>Evler<\/li>\n<li>Villalar<\/li>\n<li>Ofis binalar\u0131<\/li>\n<li>Al\u0131\u015fveri\u015f merkezleri<\/li>\n<\/ul>\n\t\t<\/div>\n\t\t\t\t\t<\/div>\n\n\t\n<\/div>\n\t\t<\/div>\n\n\t\t\n<style>\n#section_809226181 {\n  padding-top: 30px;\n  padding-bottom: 30px;\n}\n<\/style>\n\t<\/section>","protected":false},"excerpt":{"rendered":"<p>EP86 kayar kap\u0131, \u00e7e\u015fitli \u00f6zelliklerin \u00f6zelle\u015ftirilmesini destekler. Al\u00fcminyum kap\u0131 \u00e7er\u00e7evesi rengini dekorasyon stilinize g\u00f6re en yayg\u0131n, beyaz veya siyah gibi se\u00e7ebilirsiniz.<\/p>","protected":false},"featured_media":2769,"comment_status":"closed","ping_status":"closed","template":"","meta":[],"product_cat":[15],"class_list":["post-2768","product","type-product","status-publish","has-post-thumbnail","hentry","product_cat-aluminum-windows-doors"],"yoast_head":"<!-- This site is optimized with the Yoast SEO plugin v21.5 - https:\/\/yoast.com\/wordpress\/plugins\/seo\/ -->\n<title>EP86 Aluminum Sliding Door | Aluminum Door Frame<\/title>\n<meta name=\"description\" content=\"EP86 aluminum sliding door is a simple style with multiple square or rectangular frames. These frames will not block the view and are very fashionable.\" \/>\n<meta name=\"robots\" content=\"index, follow, max-snippet:-1, max-image-preview:large, max-video-preview:-1\" \/>\n<link rel=\"canonical\" href=\"https:\/\/metalpie.com\/tr\/aluminyum-pencere-kapi\/ep86-alumi\u0307nyum-surgulu-kapi\/\" \/>\n<meta property=\"og:locale\" content=\"tr_TR\" \/>\n<meta property=\"og:type\" content=\"article\" \/>\n<meta property=\"og:title\" content=\"EP86 Aluminum Sliding Door | Aluminum Door Frame\" \/>\n<meta property=\"og:description\" content=\"EP86 aluminum sliding door is a simple style with multiple square or rectangular frames. These frames will not block the view and are very fashionable.\" \/>\n<meta property=\"og:url\" content=\"https:\/\/metalpie.com\/tr\/aluminyum-pencere-kapi\/ep86-alumi\u0307nyum-surgulu-kapi\/\" \/>\n<meta property=\"og:site_name\" content=\"METALPIE\" \/>\n<meta property=\"article:modified_time\" content=\"2022-11-29T00:27:23+00:00\" \/>\n<meta property=\"og:image\" content=\"https:\/\/metalpie.com\/wp-content\/uploads\/2022\/10\/EP86_sliding_door_001image.webp\" \/>\n\t<meta property=\"og:image:width\" content=\"1000\" \/>\n\t<meta property=\"og:image:height\" content=\"1000\" \/>\n\t<meta property=\"og:image:type\" content=\"image\/webp\" \/>\n<meta name=\"twitter:card\" content=\"summary_large_image\" \/>\n<meta name=\"twitter:label1\" content=\"Tahmini okuma s\u00fcresi\" \/>\n\t<meta name=\"twitter:data1\" content=\"2 dakika\" \/>\n<script type=\"application\/ld+json\" class=\"yoast-schema-graph\">{\"@context\":\"https:\/\/schema.org\",\"@graph\":[{\"@type\":\"WebPage\",\"@id\":\"https:\/\/metalpie.com\/pt\/janelas-e-portas-de-aluminio\/porta-deslizante-de-aluminio-ep86\/\",\"url\":\"https:\/\/metalpie.com\/pt\/janelas-e-portas-de-aluminio\/porta-deslizante-de-aluminio-ep86\/\",\"name\":\"EP86 Aluminum Sliding Door | Aluminum Door Frame\",\"isPartOf\":{\"@id\":\"https:\/\/metalpie.com\/#website\"},\"datePublished\":\"2022-10-09T05:17:33+00:00\",\"dateModified\":\"2022-11-29T00:27:23+00:00\",\"description\":\"EP86 aluminum sliding door is a simple style with multiple square or rectangular frames. These frames will not block the view and are very fashionable.\",\"breadcrumb\":{\"@id\":\"https:\/\/metalpie.com\/pt\/janelas-e-portas-de-aluminio\/porta-deslizante-de-aluminio-ep86\/#breadcrumb\"},\"inLanguage\":\"tr\",\"potentialAction\":[{\"@type\":\"ReadAction\",\"target\":[\"https:\/\/metalpie.com\/pt\/janelas-e-portas-de-aluminio\/porta-deslizante-de-aluminio-ep86\/\"]}]},{\"@type\":\"BreadcrumbList\",\"@id\":\"https:\/\/metalpie.com\/pt\/janelas-e-portas-de-aluminio\/porta-deslizante-de-aluminio-ep86\/#breadcrumb\",\"itemListElement\":[{\"@type\":\"ListItem\",\"position\":1,\"name\":\"Home\",\"item\":\"https:\/\/metalpie.com\/\"},{\"@type\":\"ListItem\",\"position\":2,\"name\":\"Products\",\"item\":\"https:\/\/metalpie.com\/shop\/\"},{\"@type\":\"ListItem\",\"position\":3,\"name\":\"EP86 Aluminum Sliding Door\"}]},{\"@type\":\"WebSite\",\"@id\":\"https:\/\/metalpie.com\/#website\",\"url\":\"https:\/\/metalpie.com\/\",\"name\":\"METALPIE\",\"description\":\"Precision Metal Fabrication | Tools, Processes &amp; More\",\"potentialAction\":[{\"@type\":\"SearchAction\",\"target\":{\"@type\":\"EntryPoint\",\"urlTemplate\":\"https:\/\/metalpie.com\/?s={search_term_string}\"},\"query-input\":\"required name=search_term_string\"}],\"inLanguage\":\"tr\"}]}<\/script>\n<!-- \/ Yoast SEO plugin. -->","yoast_head_json":{"title":"EP86 Al\u00fcminyum Kayar Kap\u0131 | Al\u00fcminyum Kap\u0131 Kasas\u0131","description":"EP86 al\u00fcminyum kayar kap\u0131, \u00e7oklu kare veya dikd\u00f6rtgen \u00e7er\u00e7eveli basit bir stildir. Bu \u00e7er\u00e7eveler g\u00f6r\u00fc\u015f\u00fc engellemez ve \u00e7ok \u015f\u0131kt\u0131r.","robots":{"index":"index","follow":"follow","max-snippet":"max-snippet:-1","max-image-preview":"max-image-preview:large","max-video-preview":"max-video-preview:-1"},"canonical":"https:\/\/metalpie.com\/tr\/aluminyum-pencere-kapi\/ep86-alumi\u0307nyum-surgulu-kapi\/","og_locale":"tr_TR","og_type":"article","og_title":"EP86 Aluminum Sliding Door | Aluminum Door Frame","og_description":"EP86 aluminum sliding door is a simple style with multiple square or rectangular frames. These frames will not block the view and are very fashionable.","og_url":"https:\/\/metalpie.com\/tr\/aluminyum-pencere-kapi\/ep86-alumi\u0307nyum-surgulu-kapi\/","og_site_name":"METALPIE","article_modified_time":"2022-11-29T00:27:23+00:00","og_image":[{"width":1000,"height":1000,"url":"https:\/\/metalpie.com\/wp-content\/uploads\/2022\/10\/EP86_sliding_door_001image.webp","type":"image\/webp"}],"twitter_card":"summary_large_image","twitter_misc":{"Tahmini okuma s\u00fcresi":"2 dakika"},"schema":{"@context":"https:\/\/schema.org","@graph":[{"@type":"WebPage","@id":"https:\/\/metalpie.com\/pt\/janelas-e-portas-de-aluminio\/porta-deslizante-de-aluminio-ep86\/","url":"https:\/\/metalpie.com\/pt\/janelas-e-portas-de-aluminio\/porta-deslizante-de-aluminio-ep86\/","name":"EP86 Al\u00fcminyum Kayar Kap\u0131 | Al\u00fcminyum Kap\u0131 Kasas\u0131","isPartOf":{"@id":"https:\/\/metalpie.com\/#website"},"datePublished":"2022-10-09T05:17:33+00:00","dateModified":"2022-11-29T00:27:23+00:00","description":"EP86 al\u00fcminyum kayar kap\u0131, \u00e7oklu kare veya dikd\u00f6rtgen \u00e7er\u00e7eveli basit bir stildir. Bu \u00e7er\u00e7eveler g\u00f6r\u00fc\u015f\u00fc engellemez ve \u00e7ok \u015f\u0131kt\u0131r.","breadcrumb":{"@id":"https:\/\/metalpie.com\/pt\/janelas-e-portas-de-aluminio\/porta-deslizante-de-aluminio-ep86\/#breadcrumb"},"inLanguage":"tr","potentialAction":[{"@type":"ReadAction","target":["https:\/\/metalpie.com\/pt\/janelas-e-portas-de-aluminio\/porta-deslizante-de-aluminio-ep86\/"]}]},{"@type":"BreadcrumbList","@id":"https:\/\/metalpie.com\/pt\/janelas-e-portas-de-aluminio\/porta-deslizante-de-aluminio-ep86\/#breadcrumb","itemListElement":[{"@type":"ListItem","position":1,"name":"Home","item":"https:\/\/metalpie.com\/"},{"@type":"ListItem","position":2,"name":"Products","item":"https:\/\/metalpie.com\/shop\/"},{"@type":"ListItem","position":3,"name":"EP86 Aluminum Sliding Door"}]},{"@type":"WebSite","@id":"https:\/\/metalpie.com\/#website","url":"https:\/\/metalpie.com\/","name":"METALPIE","description":"Hassas Metal \u0130malat\u0131 | Ara\u00e7lar, S\u00fcre\u00e7ler ve Daha Fazlas\u0131","potentialAction":[{"@type":"SearchAction","target":{"@type":"EntryPoint","urlTemplate":"https:\/\/metalpie.com\/?s={search_term_string}"},"query-input":"required name=search_term_string"}],"inLanguage":"tr"}]}},"_links":{"self":[{"href":"https:\/\/metalpie.com\/tr\/wp-json\/wp\/v2\/product\/2768","targetHints":{"allow":["GET"]}}],"collection":[{"href":"https:\/\/metalpie.com\/tr\/wp-json\/wp\/v2\/product"}],"about":[{"href":"https:\/\/metalpie.com\/tr\/wp-json\/wp\/v2\/types\/product"}],"replies":[{"embeddable":true,"href":"https:\/\/metalpie.com\/tr\/wp-json\/wp\/v2\/comments?post=2768"}],"wp:featuredmedia":[{"embeddable":true,"href":"https:\/\/metalpie.com\/tr\/wp-json\/wp\/v2\/media\/2769"}],"wp:attachment":[{"href":"https:\/\/metalpie.com\/tr\/wp-json\/wp\/v2\/media?parent=2768"}],"wp:term":[{"taxonomy":"product_cat","embeddable":true,"href":"https:\/\/metalpie.com\/tr\/wp-json\/wp\/v2\/product_cat?post=2768"}],"curies":[{"name":"wp","href":"https:\/\/api.w.org\/{rel}","templated":true}]}}