{"id":2743,"date":"2022-10-09T12:44:33","date_gmt":"2022-10-09T04:44:33","guid":{"rendered":"https:\/\/metalpie.com\/?post_type=product&#038;p=2743"},"modified":"2022-12-08T17:00:20","modified_gmt":"2022-12-08T09:00:20","slug":"es40-kanatli-kapi","status":"publish","type":"product","link":"https:\/\/metalpie.com\/tr\/aluminyum-pencere-kapi\/es40-kanatli-kapi\/","title":{"rendered":"ES40 Kanatl\u0131 Kap\u0131"},"content":{"rendered":"<section class=\"section\" id=\"section_598168786\">\n\t\t<div class=\"bg section-bg fill bg-fill  bg-loaded\" >\n\n\t\t\t\n\t\t\t\n\t\t\t\n\n\t\t<\/div>\n\n\t\t\n\n\t\t<div class=\"section-content relative\">\n\t\t\t\n<div class=\"row\"  id=\"row-1318142069\">\n\n\t<div id=\"col-1852898299\" class=\"col small-12 large-12\"  >\n\t\t\t\t<div class=\"col-inner\"  >\n\t\t\t\n\t\t\t\n<h2>ES40 Al\u00fcminyum Kanatl\u0131 Kap\u0131 A\u00e7\u0131klamas\u0131<\/h2>\n<p><span data-preserver-spaces=\"true\">ES40 tek kap\u0131l\u0131 a\u00e7\u0131l\u0131r bir tasar\u0131md\u0131r. Resimden iki kap\u0131 paneli oldu\u011funu ve sadece bir panelin a\u00e7\u0131labildi\u011fini g\u00f6rebilirsiniz. Di\u011fer kap\u0131 paneli sabit ve daha dard\u0131r. Al\u00fcminyum kap\u0131 \u00e7er\u00e7evesi geni\u015ftir ve kap\u0131y\u0131 s\u0131k\u0131ca destekler. Gizlili\u011finizi daha iyi koruyabilen buzlu cam kullan\u0131r.\u00a0<\/span><\/p>\n<p><span data-preserver-spaces=\"true\">\u00d6zel al\u00fcminyum kap\u0131 hizmeti sunuyoruz. Bu resimler siyah al\u00fcminyum kap\u0131 \u00e7er\u00e7evelerini g\u00f6stermektedir. D\u00fczinelerce renk mevcuttur, bu nedenle rengi gri, \u015fampanya, alt\u0131n ve ah\u015fap tah\u0131l gibi \u00e7e\u015fitli renklerden se\u00e7ebilirsiniz. \u015eu anda, 60'tan fazla \u00f6zelle\u015ftirme rengi sunuyoruz. Al\u00fcminyum kap\u0131 \u00f6zelle\u015ftirme s\u00f6z konusu oldu\u011funda, s\u00fcre\u00e7 a\u015fa\u011f\u0131daki gibidir:<\/span><\/p>\n<p><span data-preserver-spaces=\"true\">1 M\u00fc\u015fteri, al\u00fcminyum kanatl\u0131 kap\u0131 \u00e7izimlerini veya \u015fartnamelerini sat\u0131\u015flar\u0131m\u0131za g\u00f6nderir.<\/span><\/p>\n<p><span data-preserver-spaces=\"true\">2 Detaylar\u0131, fiyat\u0131 ve teslimat s\u00fcresini m\u00fc\u015fterilerle teyit ediyoruz.<\/span><\/p>\n<p><span data-preserver-spaces=\"true\">3 Al\u00fcminyum kanatl\u0131 kap\u0131 \u00fcretimine ba\u015flad\u0131k.<\/span><\/p>\n<p><span data-preserver-spaces=\"true\">4 Kalite testinden sonra, onlar\u0131 g\u00f6nderece\u011fiz.<\/span><\/p>\n<h2>Al\u00fcminyum Kap\u0131 Donan\u0131m\u0131<\/h2>\n<ul>\n<li><span data-preserver-spaces=\"true\">\u00c7ift tarafl\u0131 tutamak sayesinde kap\u0131y\u0131 a\u00e7mak kolayd\u0131r.<\/span><\/li>\n<li><span data-preserver-spaces=\"true\">\u00c7ok noktal\u0131 kilitleme sistemi, g\u00fcvenli ve g\u00fcvenilir.<\/span><\/li>\n<li><span data-preserver-spaces=\"true\">Y\u00fcksek kaliteli mente\u015feler en d\u00fc\u015f\u00fck tolerans\u0131 sa\u011flar ve al\u00fcminyum kanatl\u0131 kap\u0131y\u0131 a\u011f\u0131r hizmet tipi ve kolay a\u00e7\u0131l\u0131p kapan\u0131r hale getirir.<\/span><\/li>\n<\/ul>\n<h2>Renk ve Boyut<\/h2>\n<p><span data-preserver-spaces=\"true\">60'\u0131n \u00fczerinde \u00f6zelle\u015ftirme rengi sunuyoruz. Al\u00fcminyum kap\u0131 kasalar\u0131n\u0131 renklendirmek i\u00e7in be\u015f i\u015flem toz kaplama, PVDF kaplama, ah\u015fap tah\u0131l, anodize ve elektroforez kullan\u0131yoruz. G\u00fcm\u00fc\u015f, alt\u0131n, \u015fampanya vb. \u00d6zel renkler ve boyutlar da mevcuttur. Benzersiz renginizi \u00f6zelle\u015ftirmek istiyorsan\u0131z, sat\u0131\u015flar\u0131m\u0131zla ileti\u015fime ge\u00e7mekten \u00e7ekinmeyin!<\/span><\/p>\n<h2>\u00d6zellikler<\/h2>\n<ul>\n<li><span data-preserver-spaces=\"true\">\u0130ste\u011fe ba\u011fl\u0131 olarak buzlu cam ve \u015feffaf cam vard\u0131r. Buzlu cam mahremiyeti daha iyi korur ve \u015feffaf cam odan\u0131za maksimum \u0131\u015f\u0131\u011f\u0131n girmesini sa\u011flar.\u00a0<\/span><\/li>\n<li><span data-preserver-spaces=\"true\">Bir kap\u0131 paneli sabittir, bu y\u00fczden a\u00e7amazs\u0131n\u0131z. Bu al\u00fcminyum cam kap\u0131, bir ofis binas\u0131 veya kalabal\u0131k insanlar\u0131n bulundu\u011fu di\u011fer halka a\u00e7\u0131k yerler i\u00e7in iyi bir se\u00e7im de\u011fildir. Ancak bu al\u00fcminyum kanatl\u0131 kap\u0131, evinizde kullan\u0131lan iyi bir se\u00e7imdir. \u0130ster banyo kap\u0131s\u0131 ister f\u0131rt\u0131na kap\u0131s\u0131 olarak kullan\u0131n, m\u00fckemmel bir se\u00e7imdir.<\/span><\/li>\n<li><span data-preserver-spaces=\"true\">Bu al\u00fcminyum cam kap\u0131n\u0131n montaj\u0131 kolayd\u0131r. Kendiniz kurabilir, cebinizden para tasarrufu yapabilirsiniz.<\/span><\/li>\n<li><span data-preserver-spaces=\"true\">\u0130yi s\u0131zd\u0131rmazl\u0131k performans\u0131na sahip bir hava ko\u015fulland\u0131rma \u015feridi ile donat\u0131lm\u0131\u015ft\u0131r.<\/span><\/li>\n<li><span data-preserver-spaces=\"true\">Hem i\u00e7 kap\u0131 hem de d\u0131\u015f kap\u0131 olarak kullan\u0131labilir.<\/span><\/li>\n<\/ul>\n\t\t<\/div>\n\t\t\t\t\t<\/div>\n\n\t\n<\/div>\n\t\t<\/div>\n\n\t\t\n<style>\n#section_598168786 {\n  padding-top: 30px;\n  padding-bottom: 30px;\n}\n<\/style>\n\t<\/section>\n\t\n\t<section class=\"section\" id=\"section_1354038079\">\n\t\t<div class=\"bg section-bg fill bg-fill  bg-loaded\" >\n\n\t\t\t\n\t\t\t\n\t\t\t\n\n\t\t<\/div>\n\n\t\t\t<div class=\"ux-shape-divider ux-shape-divider--top ux-shape-divider--style-curve-opacity\">\n\t\t<svg viewbox=\"0 0 1000 100\" xmlns=\"http:\/\/www.w3.org\/2000\/svg\" preserveaspectratio=\"none\">\n\t\t<path class=\"ux-shape-fill\" opacity=\"0.15\" d=\"M0 14C0 14 88.64 17.48 300 50C560 90 814 77 1003 40L1015 68L1018 104H0V14Z\"\/>\n\t\t<path class=\"ux-shape-fill\" opacity=\"0.3\" d=\"M0 45C0 45 271 90.13 500 77C657 68 830 30 1015 14V100H0V45Z\"\/>\n\t\t<path class=\"ux-shape-fill\" d=\"M0 58C0 58 188.29 90 508 90C798 90 1002 55 1002 55V100H0V58Z\"\/>\n<\/svg>\n\t<\/div>\n\n\n\t\t<div class=\"section-content relative\">\n\t\t\t\n<div class=\"is-divider divider clearfix\" style=\"margin-top:0px;margin-bottom:0px;max-width:0px;height:30px;\"><\/div>\n<div class=\"row row-collapse align-middle\"  id=\"row-2086497510\">\n\n\t<div id=\"col-1496592647\" class=\"col medium-6 small-12 large-6\"  >\n\t\t\t\t<div class=\"col-inner\"  >\n\t\t\t\n\t\t\t\n<div class=\"row row-small align-middle\"  id=\"row-106559179\">\n\n\t<div id=\"col-1632715279\" class=\"col medium-7 small-12 large-7\"  >\n\t\t\t\t<div class=\"col-inner\"  >\n\t\t\t\n\t\t\t\n\t<div class=\"img has-hover x md-x lg-x y md-y lg-y\" id=\"image_2048643682\">\n\t\t\t\t\t\t\t\t<div class=\"img-inner dark\" >\n\t\t\t<img loading=\"lazy\" decoding=\"async\" width=\"532\" height=\"366\" src=\"https:\/\/metalpie.com\/wp-content\/uploads\/2022\/09\/block_Universal_products_bottom_001.1image.jpg.webp\" class=\"attachment-original size-original\" alt=\"\" srcset=\"https:\/\/metalpie.com\/wp-content\/uploads\/2022\/09\/block_Universal_products_bottom_001.1image.jpg.webp 532w, https:\/\/metalpie.com\/wp-content\/uploads\/2022\/09\/block_Universal_products_bottom_001.1image.jpg-300x206.webp 300w\" sizes=\"auto, (max-width: 532px) 100vw, 532px\" \/>\t\t\t\t\t\t\n\t\t\t\t\t<\/div>\n\t\t\t\t\t\t\t\t\n<style>\n#image_2048643682 {\n  width: 100%;\n}\n<\/style>\n\t<\/div>\n\t\n\t\t<\/div>\n\t\t\t\t\t<\/div>\n\n\t\n\n\t<div id=\"col-846221040\" class=\"col medium-5 small-12 large-5\"  >\n\t\t\t\t<div class=\"col-inner\"  >\n\t\t\t\n\t\t\t\n\t<div id=\"text-3637103340\" class=\"text\">\n\t\t\n<h5>\u0130yi Hava Ge\u00e7irmezlik Performans\u0131<\/h5>\n\t\t\n<style>\n#text-3637103340 {\n  text-align: center;\n}\n@media (min-width:550px) {\n  #text-3637103340 {\n    text-align: left;\n  }\n}\n<\/style>\n\t<\/div>\n\t\n\t\t<\/div>\n\t\t\t\t\t<\/div>\n\n\t\n<\/div>\n\t\t<\/div>\n\t\t\t\t\t<\/div>\n\n\t\n\n\t<div id=\"col-1770963378\" class=\"col medium-6 small-12 large-6\"  >\n\t\t\t\t<div class=\"col-inner\"  >\n\t\t\t\n\t\t\t\n<div class=\"row row-small align-middle\"  id=\"row-771335067\">\n\n\t<div id=\"col-1313689572\" class=\"col medium-7 small-12 large-7\"  >\n\t\t\t\t<div class=\"col-inner\"  >\n\t\t\t\n\t\t\t\n\t<div class=\"img has-hover x md-x lg-x y md-y lg-y\" id=\"image_2116806975\">\n\t\t\t\t\t\t\t\t<div class=\"img-inner dark\" >\n\t\t\t<img loading=\"lazy\" decoding=\"async\" width=\"534\" height=\"368\" src=\"https:\/\/metalpie.com\/wp-content\/uploads\/2022\/09\/block_Universal_products_bottom_002.2image.jpg.webp\" class=\"attachment-original size-original\" alt=\"\" srcset=\"https:\/\/metalpie.com\/wp-content\/uploads\/2022\/09\/block_Universal_products_bottom_002.2image.jpg.webp 534w, https:\/\/metalpie.com\/wp-content\/uploads\/2022\/09\/block_Universal_products_bottom_002.2image.jpg-300x207.webp 300w\" sizes=\"auto, (max-width: 534px) 100vw, 534px\" \/>\t\t\t\t\t\t\n\t\t\t\t\t<\/div>\n\t\t\t\t\t\t\t\t\n<style>\n#image_2116806975 {\n  width: 100%;\n}\n<\/style>\n\t<\/div>\n\t\n\t\t<\/div>\n\t\t\t\t\t<\/div>\n\n\t\n\n\t<div id=\"col-1042160856\" class=\"col medium-5 small-12 large-5\"  >\n\t\t\t\t<div class=\"col-inner\"  >\n\t\t\t\n\t\t\t\n\t<div id=\"text-4065999849\" class=\"text\">\n\t\t\n<h5>B\u00fcy\u00fck R\u00fczgar Bas\u0131nc\u0131 direnci<\/h5>\n\t\t\n<style>\n#text-4065999849 {\n  text-align: center;\n}\n@media (min-width:550px) {\n  #text-4065999849 {\n    text-align: left;\n  }\n}\n<\/style>\n\t<\/div>\n\t\n\t\t<\/div>\n\t\t\t\t\t<\/div>\n\n\t\n<\/div>\n\t\t<\/div>\n\t\t\t\t\t<\/div>\n\n\t\n\n\t<div id=\"col-1874866801\" class=\"col medium-6 small-12 large-6\"  >\n\t\t\t\t<div class=\"col-inner\"  >\n\t\t\t\n\t\t\t\n<div class=\"row row-small align-middle\"  id=\"row-1919183832\">\n\n\t<div id=\"col-1392703644\" class=\"col medium-7 small-12 large-7\"  >\n\t\t\t\t<div class=\"col-inner\"  >\n\t\t\t\n\t\t\t\n\t<div class=\"img has-hover x md-x lg-x y md-y lg-y\" id=\"image_1367923337\">\n\t\t\t\t\t\t\t\t<div class=\"img-inner dark\" >\n\t\t\t<img loading=\"lazy\" decoding=\"async\" width=\"531\" height=\"366\" src=\"https:\/\/metalpie.com\/wp-content\/uploads\/2022\/09\/block_Universal_products_bottom_003.3image.jpg.webp\" class=\"attachment-original size-original\" alt=\"\" srcset=\"https:\/\/metalpie.com\/wp-content\/uploads\/2022\/09\/block_Universal_products_bottom_003.3image.jpg.webp 531w, https:\/\/metalpie.com\/wp-content\/uploads\/2022\/09\/block_Universal_products_bottom_003.3image.jpg-300x207.webp 300w\" sizes=\"auto, (max-width: 531px) 100vw, 531px\" \/>\t\t\t\t\t\t\n\t\t\t\t\t<\/div>\n\t\t\t\t\t\t\t\t\n<style>\n#image_1367923337 {\n  width: 100%;\n}\n<\/style>\n\t<\/div>\n\t\n\t\t<\/div>\n\t\t\t\t\t<\/div>\n\n\t\n\n\t<div id=\"col-1301066617\" class=\"col medium-5 small-12 large-5\"  >\n\t\t\t\t<div class=\"col-inner\"  >\n\t\t\t\n\t\t\t\n\t<div id=\"text-4022653413\" class=\"text\">\n\t\t\n<h5>\u0130yi Su Ge\u00e7irmezlik Performans\u0131<\/h5>\n\t\t\n<style>\n#text-4022653413 {\n  text-align: center;\n}\n@media (min-width:550px) {\n  #text-4022653413 {\n    text-align: left;\n  }\n}\n<\/style>\n\t<\/div>\n\t\n\t\t<\/div>\n\t\t\t\t\t<\/div>\n\n\t\n<\/div>\n\t\t<\/div>\n\t\t\t\t\t<\/div>\n\n\t\n\n\t<div id=\"col-160039272\" class=\"col medium-6 small-12 large-6\"  >\n\t\t\t\t<div class=\"col-inner\"  >\n\t\t\t\n\t\t\t\n<div class=\"row row-small align-middle\"  id=\"row-1313465523\">\n\n\t<div id=\"col-872043272\" class=\"col medium-7 small-12 large-7\"  >\n\t\t\t\t<div class=\"col-inner\"  >\n\t\t\t\n\t\t\t\n\t<div class=\"img has-hover x md-x lg-x y md-y lg-y\" id=\"image_766455600\">\n\t\t\t\t\t\t\t\t<div class=\"img-inner dark\" >\n\t\t\t<img loading=\"lazy\" decoding=\"async\" width=\"531\" height=\"365\" src=\"https:\/\/metalpie.com\/wp-content\/uploads\/2022\/09\/block_Universal_products_bottom_004.4image.jpg.webp\" class=\"attachment-original size-original\" alt=\"\" srcset=\"https:\/\/metalpie.com\/wp-content\/uploads\/2022\/09\/block_Universal_products_bottom_004.4image.jpg.webp 531w, https:\/\/metalpie.com\/wp-content\/uploads\/2022\/09\/block_Universal_products_bottom_004.4image.jpg-300x206.webp 300w\" sizes=\"auto, (max-width: 531px) 100vw, 531px\" \/>\t\t\t\t\t\t\n\t\t\t\t\t<\/div>\n\t\t\t\t\t\t\t\t\n<style>\n#image_766455600 {\n  width: 100%;\n}\n<\/style>\n\t<\/div>\n\t\n\t\t<\/div>\n\t\t\t\t\t<\/div>\n\n\t\n\n\t<div id=\"col-1286467056\" class=\"col medium-5 small-12 large-5\"  >\n\t\t\t\t<div class=\"col-inner\"  >\n\t\t\t\n\t\t\t\n\t<div id=\"text-2369746601\" class=\"text\">\n\t\t\n<h5>M\u00fckemmel Yal\u0131t\u0131m Performans\u0131<\/h5>\n\t\t\n<style>\n#text-2369746601 {\n  text-align: center;\n}\n@media (min-width:550px) {\n  #text-2369746601 {\n    text-align: left;\n  }\n}\n<\/style>\n\t<\/div>\n\t\n\t\t<\/div>\n\t\t\t\t\t<\/div>\n\n\t\n<\/div>\n\t\t<\/div>\n\t\t\t\t\t<\/div>\n\n\t\n\n<style>\n#row-2086497510 > .col > .col-inner {\n  padding: 0px 20px 0px 20px;\n}\n<\/style>\n<\/div>\n\t\t<\/div>\n\n\t\t\n<style>\n#section_1354038079 {\n  padding-top: 0px;\n  padding-bottom: 0px;\n  background-color: rgb(245, 245, 245);\n}\n#section_1354038079 .ux-shape-divider--top svg {\n  height: 143px;\n  --divider-top-width: 100%;\n}\n<\/style>\n\t<\/section>\n\t\n\t<section class=\"section\" id=\"section_702152275\">\n\t\t<div class=\"bg section-bg fill bg-fill  bg-loaded\" >\n\n\t\t\t\n\t\t\t\n\t\t\t\n\n\t\t<\/div>\n\n\t\t\n\n\t\t<div class=\"section-content relative\">\n\t\t\t\n<div class=\"row\"  id=\"row-813290029\">\n\n\t<div id=\"col-279816116\" class=\"col small-12 large-12\"  >\n\t\t\t\t<div class=\"col-inner\"  >\n\t\t\t\n\t\t\t\n<h2>ES40 Al\u00fcminyum Kanatl\u0131 Kap\u0131 Uygulama Alanlar\u0131<\/h2>\n<ul>\n<li>Apartmanlar<\/li>\n<li>Al\u0131\u015fveri\u015f merkezleri<\/li>\n<li>Villalar<\/li>\n<li>Ofis binas\u0131<\/li>\n<li>Oteller<\/li>\n<\/ul>\n\t\t<\/div>\n\t\t\t\t\t<\/div>\n\n\t\n<\/div>\n\t\t<\/div>\n\n\t\t\n<style>\n#section_702152275 {\n  padding-top: 30px;\n  padding-bottom: 30px;\n}\n<\/style>\n\t<\/section>","protected":false},"excerpt":{"rendered":"<p>ES40 kanatl\u0131 kap\u0131 banyo i\u00e7in iyi bir se\u00e7imdir. Tek kap\u0131l\u0131 tasar\u0131m\u0131 ve buzlu cam\u0131 mahremiyetinizi daha iyi koruyabilir, size biraz \u00f6zel alan sa\u011flayabilir ve size en b\u00fcy\u00fck g\u00fcvenlik hissini verebilir.<\/p>","protected":false},"featured_media":2744,"comment_status":"closed","ping_status":"closed","template":"","meta":[],"product_cat":[15],"class_list":["post-2743","product","type-product","status-publish","has-post-thumbnail","hentry","product_cat-aluminum-windows-doors"],"yoast_head":"<!-- This site is optimized with the Yoast SEO plugin v21.5 - https:\/\/yoast.com\/wordpress\/plugins\/seo\/ -->\n<title>ES40 Aluminum Casement Door | Frosted Glass Door<\/title>\n<meta name=\"description\" content=\"ES40 casement door consists of aluminum profiles and frosted glass, which protects your privacy. This door is a good choice if you want some private space.\" \/>\n<meta name=\"robots\" content=\"index, follow, max-snippet:-1, max-image-preview:large, max-video-preview:-1\" \/>\n<link rel=\"canonical\" href=\"https:\/\/metalpie.com\/tr\/aluminyum-pencere-kapi\/es40-kanatli-kapi\/\" \/>\n<meta property=\"og:locale\" content=\"tr_TR\" \/>\n<meta property=\"og:type\" content=\"article\" \/>\n<meta property=\"og:title\" content=\"ES40 Aluminum Casement Door | Frosted Glass Door\" \/>\n<meta property=\"og:description\" content=\"ES40 casement door consists of aluminum profiles and frosted glass, which protects your privacy. This door is a good choice if you want some private space.\" \/>\n<meta property=\"og:url\" content=\"https:\/\/metalpie.com\/tr\/aluminyum-pencere-kapi\/es40-kanatli-kapi\/\" \/>\n<meta property=\"og:site_name\" content=\"METALPIE\" \/>\n<meta property=\"article:modified_time\" content=\"2022-12-08T09:00:20+00:00\" \/>\n<meta property=\"og:image\" content=\"https:\/\/metalpie.com\/wp-content\/uploads\/2022\/10\/ES40_casement_door_001image.webp\" \/>\n\t<meta property=\"og:image:width\" content=\"1000\" \/>\n\t<meta property=\"og:image:height\" content=\"1000\" \/>\n\t<meta property=\"og:image:type\" content=\"image\/webp\" \/>\n<meta name=\"twitter:card\" content=\"summary_large_image\" \/>\n<meta name=\"twitter:label1\" content=\"Tahmini okuma s\u00fcresi\" \/>\n\t<meta name=\"twitter:data1\" content=\"3 dakika\" \/>\n<script type=\"application\/ld+json\" class=\"yoast-schema-graph\">{\"@context\":\"https:\/\/schema.org\",\"@graph\":[{\"@type\":\"WebPage\",\"@id\":\"https:\/\/metalpie.com\/ru\/%d0%b0%d0%bb%d1%8e%d0%bc%d0%b8%d0%bd%d0%b8%d0%b5%d0%b2%d1%8b%d0%b5-%d0%be%d0%ba%d0%bd%d0%b0-%d0%b4%d0%b2%d0%b5%d1%80%d0%b8\/%d1%81%d1%82%d0%b2%d0%be%d1%80%d1%87%d0%b0%d1%82%d0%b0%d1%8f-%d0%b4%d0%b2%d0%b5%d1%80%d1%8c-es40\/\",\"url\":\"https:\/\/metalpie.com\/ru\/%d0%b0%d0%bb%d1%8e%d0%bc%d0%b8%d0%bd%d0%b8%d0%b5%d0%b2%d1%8b%d0%b5-%d0%be%d0%ba%d0%bd%d0%b0-%d0%b4%d0%b2%d0%b5%d1%80%d0%b8\/%d1%81%d1%82%d0%b2%d0%be%d1%80%d1%87%d0%b0%d1%82%d0%b0%d1%8f-%d0%b4%d0%b2%d0%b5%d1%80%d1%8c-es40\/\",\"name\":\"ES40 Aluminum Casement Door | Frosted Glass Door\",\"isPartOf\":{\"@id\":\"https:\/\/metalpie.com\/#website\"},\"datePublished\":\"2022-10-09T04:44:33+00:00\",\"dateModified\":\"2022-12-08T09:00:20+00:00\",\"description\":\"ES40 casement door consists of aluminum profiles and frosted glass, which protects your privacy. This door is a good choice if you want some private space.\",\"breadcrumb\":{\"@id\":\"https:\/\/metalpie.com\/ru\/%d0%b0%d0%bb%d1%8e%d0%bc%d0%b8%d0%bd%d0%b8%d0%b5%d0%b2%d1%8b%d0%b5-%d0%be%d0%ba%d0%bd%d0%b0-%d0%b4%d0%b2%d0%b5%d1%80%d0%b8\/%d1%81%d1%82%d0%b2%d0%be%d1%80%d1%87%d0%b0%d1%82%d0%b0%d1%8f-%d0%b4%d0%b2%d0%b5%d1%80%d1%8c-es40\/#breadcrumb\"},\"inLanguage\":\"tr\",\"potentialAction\":[{\"@type\":\"ReadAction\",\"target\":[\"https:\/\/metalpie.com\/ru\/%d0%b0%d0%bb%d1%8e%d0%bc%d0%b8%d0%bd%d0%b8%d0%b5%d0%b2%d1%8b%d0%b5-%d0%be%d0%ba%d0%bd%d0%b0-%d0%b4%d0%b2%d0%b5%d1%80%d0%b8\/%d1%81%d1%82%d0%b2%d0%be%d1%80%d1%87%d0%b0%d1%82%d0%b0%d1%8f-%d0%b4%d0%b2%d0%b5%d1%80%d1%8c-es40\/\"]}]},{\"@type\":\"BreadcrumbList\",\"@id\":\"https:\/\/metalpie.com\/ru\/%d0%b0%d0%bb%d1%8e%d0%bc%d0%b8%d0%bd%d0%b8%d0%b5%d0%b2%d1%8b%d0%b5-%d0%be%d0%ba%d0%bd%d0%b0-%d0%b4%d0%b2%d0%b5%d1%80%d0%b8\/%d1%81%d1%82%d0%b2%d0%be%d1%80%d1%87%d0%b0%d1%82%d0%b0%d1%8f-%d0%b4%d0%b2%d0%b5%d1%80%d1%8c-es40\/#breadcrumb\",\"itemListElement\":[{\"@type\":\"ListItem\",\"position\":1,\"name\":\"Home\",\"item\":\"https:\/\/metalpie.com\/\"},{\"@type\":\"ListItem\",\"position\":2,\"name\":\"Products\",\"item\":\"https:\/\/metalpie.com\/shop\/\"},{\"@type\":\"ListItem\",\"position\":3,\"name\":\"ES40 Casement Door\"}]},{\"@type\":\"WebSite\",\"@id\":\"https:\/\/metalpie.com\/#website\",\"url\":\"https:\/\/metalpie.com\/\",\"name\":\"METALPIE\",\"description\":\"Precision Metal Fabrication | Tools, Processes &amp; More\",\"potentialAction\":[{\"@type\":\"SearchAction\",\"target\":{\"@type\":\"EntryPoint\",\"urlTemplate\":\"https:\/\/metalpie.com\/?s={search_term_string}\"},\"query-input\":\"required name=search_term_string\"}],\"inLanguage\":\"tr\"}]}<\/script>\n<!-- \/ Yoast SEO plugin. -->","yoast_head_json":{"title":"ES40 Al\u00fcminyum Kanatl\u0131 Kap\u0131 | Buzlu Cam Kap\u0131","description":"ES40 kanatl\u0131 kap\u0131, gizlili\u011finizi koruyan al\u00fcminyum profillerden ve buzlu camdan olu\u015fur. Biraz \u00f6zel alan istiyorsan\u0131z bu kap\u0131 iyi bir se\u00e7imdir.","robots":{"index":"index","follow":"follow","max-snippet":"max-snippet:-1","max-image-preview":"max-image-preview:large","max-video-preview":"max-video-preview:-1"},"canonical":"https:\/\/metalpie.com\/tr\/aluminyum-pencere-kapi\/es40-kanatli-kapi\/","og_locale":"tr_TR","og_type":"article","og_title":"ES40 Aluminum Casement Door | Frosted Glass Door","og_description":"ES40 casement door consists of aluminum profiles and frosted glass, which protects your privacy. This door is a good choice if you want some private space.","og_url":"https:\/\/metalpie.com\/tr\/aluminyum-pencere-kapi\/es40-kanatli-kapi\/","og_site_name":"METALPIE","article_modified_time":"2022-12-08T09:00:20+00:00","og_image":[{"width":1000,"height":1000,"url":"https:\/\/metalpie.com\/wp-content\/uploads\/2022\/10\/ES40_casement_door_001image.webp","type":"image\/webp"}],"twitter_card":"summary_large_image","twitter_misc":{"Tahmini okuma s\u00fcresi":"3 dakika"},"schema":{"@context":"https:\/\/schema.org","@graph":[{"@type":"WebPage","@id":"https:\/\/metalpie.com\/ru\/%d0%b0%d0%bb%d1%8e%d0%bc%d0%b8%d0%bd%d0%b8%d0%b5%d0%b2%d1%8b%d0%b5-%d0%be%d0%ba%d0%bd%d0%b0-%d0%b4%d0%b2%d0%b5%d1%80%d0%b8\/%d1%81%d1%82%d0%b2%d0%be%d1%80%d1%87%d0%b0%d1%82%d0%b0%d1%8f-%d0%b4%d0%b2%d0%b5%d1%80%d1%8c-es40\/","url":"https:\/\/metalpie.com\/ru\/%d0%b0%d0%bb%d1%8e%d0%bc%d0%b8%d0%bd%d0%b8%d0%b5%d0%b2%d1%8b%d0%b5-%d0%be%d0%ba%d0%bd%d0%b0-%d0%b4%d0%b2%d0%b5%d1%80%d0%b8\/%d1%81%d1%82%d0%b2%d0%be%d1%80%d1%87%d0%b0%d1%82%d0%b0%d1%8f-%d0%b4%d0%b2%d0%b5%d1%80%d1%8c-es40\/","name":"ES40 Al\u00fcminyum Kanatl\u0131 Kap\u0131 | Buzlu Cam Kap\u0131","isPartOf":{"@id":"https:\/\/metalpie.com\/#website"},"datePublished":"2022-10-09T04:44:33+00:00","dateModified":"2022-12-08T09:00:20+00:00","description":"ES40 kanatl\u0131 kap\u0131, gizlili\u011finizi koruyan al\u00fcminyum profillerden ve buzlu camdan olu\u015fur. Biraz \u00f6zel alan istiyorsan\u0131z bu kap\u0131 iyi bir se\u00e7imdir.","breadcrumb":{"@id":"https:\/\/metalpie.com\/ru\/%d0%b0%d0%bb%d1%8e%d0%bc%d0%b8%d0%bd%d0%b8%d0%b5%d0%b2%d1%8b%d0%b5-%d0%be%d0%ba%d0%bd%d0%b0-%d0%b4%d0%b2%d0%b5%d1%80%d0%b8\/%d1%81%d1%82%d0%b2%d0%be%d1%80%d1%87%d0%b0%d1%82%d0%b0%d1%8f-%d0%b4%d0%b2%d0%b5%d1%80%d1%8c-es40\/#breadcrumb"},"inLanguage":"tr","potentialAction":[{"@type":"ReadAction","target":["https:\/\/metalpie.com\/ru\/%d0%b0%d0%bb%d1%8e%d0%bc%d0%b8%d0%bd%d0%b8%d0%b5%d0%b2%d1%8b%d0%b5-%d0%be%d0%ba%d0%bd%d0%b0-%d0%b4%d0%b2%d0%b5%d1%80%d0%b8\/%d1%81%d1%82%d0%b2%d0%be%d1%80%d1%87%d0%b0%d1%82%d0%b0%d1%8f-%d0%b4%d0%b2%d0%b5%d1%80%d1%8c-es40\/"]}]},{"@type":"BreadcrumbList","@id":"https:\/\/metalpie.com\/ru\/%d0%b0%d0%bb%d1%8e%d0%bc%d0%b8%d0%bd%d0%b8%d0%b5%d0%b2%d1%8b%d0%b5-%d0%be%d0%ba%d0%bd%d0%b0-%d0%b4%d0%b2%d0%b5%d1%80%d0%b8\/%d1%81%d1%82%d0%b2%d0%be%d1%80%d1%87%d0%b0%d1%82%d0%b0%d1%8f-%d0%b4%d0%b2%d0%b5%d1%80%d1%8c-es40\/#breadcrumb","itemListElement":[{"@type":"ListItem","position":1,"name":"Home","item":"https:\/\/metalpie.com\/"},{"@type":"ListItem","position":2,"name":"Products","item":"https:\/\/metalpie.com\/shop\/"},{"@type":"ListItem","position":3,"name":"ES40 Casement Door"}]},{"@type":"WebSite","@id":"https:\/\/metalpie.com\/#website","url":"https:\/\/metalpie.com\/","name":"METALPIE","description":"Hassas Metal \u0130malat\u0131 | Ara\u00e7lar, S\u00fcre\u00e7ler ve Daha Fazlas\u0131","potentialAction":[{"@type":"SearchAction","target":{"@type":"EntryPoint","urlTemplate":"https:\/\/metalpie.com\/?s={search_term_string}"},"query-input":"required name=search_term_string"}],"inLanguage":"tr"}]}},"_links":{"self":[{"href":"https:\/\/metalpie.com\/tr\/wp-json\/wp\/v2\/product\/2743","targetHints":{"allow":["GET"]}}],"collection":[{"href":"https:\/\/metalpie.com\/tr\/wp-json\/wp\/v2\/product"}],"about":[{"href":"https:\/\/metalpie.com\/tr\/wp-json\/wp\/v2\/types\/product"}],"replies":[{"embeddable":true,"href":"https:\/\/metalpie.com\/tr\/wp-json\/wp\/v2\/comments?post=2743"}],"wp:featuredmedia":[{"embeddable":true,"href":"https:\/\/metalpie.com\/tr\/wp-json\/wp\/v2\/media\/2744"}],"wp:attachment":[{"href":"https:\/\/metalpie.com\/tr\/wp-json\/wp\/v2\/media?parent=2743"}],"wp:term":[{"taxonomy":"product_cat","embeddable":true,"href":"https:\/\/metalpie.com\/tr\/wp-json\/wp\/v2\/product_cat?post=2743"}],"curies":[{"name":"wp","href":"https:\/\/api.w.org\/{rel}","templated":true}]}}