{"id":2731,"date":"2022-10-09T12:30:36","date_gmt":"2022-10-09T04:30:36","guid":{"rendered":"https:\/\/metalpie.com\/?post_type=product&#038;p=2731"},"modified":"2022-11-08T15:15:50","modified_gmt":"2022-11-08T07:15:50","slug":"es65-cift-kanat-disa-acilir-pencere","status":"publish","type":"product","link":"https:\/\/metalpie.com\/tr\/aluminyum-pencere-kapi\/es65-cift-kanat-disa-acilir-pencere\/","title":{"rendered":"ES65 \u00c7ift Kanatl\u0131 Pencere"},"content":{"rendered":"<section class=\"section\" id=\"section_464872017\">\n\t\t<div class=\"bg section-bg fill bg-fill  bg-loaded\" >\n\n\t\t\t\n\t\t\t\n\t\t\t\n\n\t\t<\/div>\n\n\t\t\t<div class=\"ux-shape-divider ux-shape-divider--top ux-shape-divider--style-curve-opacity\">\n\t\t<svg viewbox=\"0 0 1000 100\" xmlns=\"http:\/\/www.w3.org\/2000\/svg\" preserveaspectratio=\"none\">\n\t\t<path class=\"ux-shape-fill\" opacity=\"0.15\" d=\"M0 14C0 14 88.64 17.48 300 50C560 90 814 77 1003 40L1015 68L1018 104H0V14Z\"\/>\n\t\t<path class=\"ux-shape-fill\" opacity=\"0.3\" d=\"M0 45C0 45 271 90.13 500 77C657 68 830 30 1015 14V100H0V45Z\"\/>\n\t\t<path class=\"ux-shape-fill\" d=\"M0 58C0 58 188.29 90 508 90C798 90 1002 55 1002 55V100H0V58Z\"\/>\n<\/svg>\n\t<\/div>\n\n\n\t\t<div class=\"section-content relative\">\n\t\t\t\n<div class=\"is-divider divider clearfix\" style=\"margin-top:0px;margin-bottom:0px;max-width:0px;height:30px;\"><\/div>\n<div class=\"row row-collapse align-middle\"  id=\"row-1079104323\">\n\n\t<div id=\"col-577674872\" class=\"col medium-6 small-12 large-6\"  >\n\t\t\t\t<div class=\"col-inner\"  >\n\t\t\t\n\t\t\t\n<div class=\"row row-small align-middle\"  id=\"row-543075024\">\n\n\t<div id=\"col-175894783\" class=\"col medium-7 small-12 large-7\"  >\n\t\t\t\t<div class=\"col-inner\"  >\n\t\t\t\n\t\t\t\n\t<div class=\"img has-hover x md-x lg-x y md-y lg-y\" id=\"image_931071859\">\n\t\t\t\t\t\t\t\t<div class=\"img-inner dark\" >\n\t\t\t<img loading=\"lazy\" decoding=\"async\" width=\"532\" height=\"366\" src=\"https:\/\/metalpie.com\/wp-content\/uploads\/2022\/09\/block_Universal_products_bottom_001.1image.jpg.webp\" class=\"attachment-original size-original\" alt=\"\" srcset=\"https:\/\/metalpie.com\/wp-content\/uploads\/2022\/09\/block_Universal_products_bottom_001.1image.jpg.webp 532w, https:\/\/metalpie.com\/wp-content\/uploads\/2022\/09\/block_Universal_products_bottom_001.1image.jpg-300x206.webp 300w\" sizes=\"auto, (max-width: 532px) 100vw, 532px\" \/>\t\t\t\t\t\t\n\t\t\t\t\t<\/div>\n\t\t\t\t\t\t\t\t\n<style>\n#image_931071859 {\n  width: 100%;\n}\n<\/style>\n\t<\/div>\n\t\n\t\t<\/div>\n\t\t\t\t\t<\/div>\n\n\t\n\n\t<div id=\"col-2032019296\" class=\"col medium-5 small-12 large-5\"  >\n\t\t\t\t<div class=\"col-inner\"  >\n\t\t\t\n\t\t\t\n\t<div id=\"text-1240971448\" class=\"text\">\n\t\t\n<h5>Hava Ge\u00e7irmez Performans<\/h5>\n\t\t\n<style>\n#text-1240971448 {\n  text-align: center;\n}\n@media (min-width:550px) {\n  #text-1240971448 {\n    text-align: left;\n  }\n}\n<\/style>\n\t<\/div>\n\t\n\t<div id=\"text-1741551637\" class=\"text\">\n\t\t\n<p><b>Seviye 8<br \/><\/b>q1=0,3 m\u00b3 \/ (m.h)<br \/>q2=0,5 m\u00b3\/ ( \u33a1.h )<\/p>\n\t\t\n<style>\n#text-1741551637 {\n  text-align: center;\n}\n@media (min-width:550px) {\n  #text-1741551637 {\n    text-align: left;\n  }\n}\n<\/style>\n\t<\/div>\n\t\n\t\t<\/div>\n\t\t\t\t\t<\/div>\n\n\t\n<\/div>\n\t\t<\/div>\n\t\t\t\t\t<\/div>\n\n\t\n\n\t<div id=\"col-1629429206\" class=\"col medium-6 small-12 large-6\"  >\n\t\t\t\t<div class=\"col-inner\"  >\n\t\t\t\n\t\t\t\n<div class=\"row row-small align-middle\"  id=\"row-1160918393\">\n\n\t<div id=\"col-294536543\" class=\"col medium-7 small-12 large-7\"  >\n\t\t\t\t<div class=\"col-inner\"  >\n\t\t\t\n\t\t\t\n\t<div class=\"img has-hover x md-x lg-x y md-y lg-y\" id=\"image_768085009\">\n\t\t\t\t\t\t\t\t<div class=\"img-inner dark\" >\n\t\t\t<img loading=\"lazy\" decoding=\"async\" width=\"534\" height=\"368\" src=\"https:\/\/metalpie.com\/wp-content\/uploads\/2022\/09\/block_Universal_products_bottom_002.2image.jpg.webp\" class=\"attachment-original size-original\" alt=\"\" srcset=\"https:\/\/metalpie.com\/wp-content\/uploads\/2022\/09\/block_Universal_products_bottom_002.2image.jpg.webp 534w, https:\/\/metalpie.com\/wp-content\/uploads\/2022\/09\/block_Universal_products_bottom_002.2image.jpg-300x207.webp 300w\" sizes=\"auto, (max-width: 534px) 100vw, 534px\" \/>\t\t\t\t\t\t\n\t\t\t\t\t<\/div>\n\t\t\t\t\t\t\t\t\n<style>\n#image_768085009 {\n  width: 100%;\n}\n<\/style>\n\t<\/div>\n\t\n\t\t<\/div>\n\t\t\t\t\t<\/div>\n\n\t\n\n\t<div id=\"col-1178809266\" class=\"col medium-5 small-12 large-5\"  >\n\t\t\t\t<div class=\"col-inner\"  >\n\t\t\t\n\t\t\t\n\t<div id=\"text-1033659838\" class=\"text\">\n\t\t\n<h5>R\u00fczgar Bas\u0131nc\u0131 direnci<\/h5>\n\t\t\n<style>\n#text-1033659838 {\n  text-align: center;\n}\n@media (min-width:550px) {\n  #text-1033659838 {\n    text-align: left;\n  }\n}\n<\/style>\n\t<\/div>\n\t\n\t<div id=\"text-3222587270\" class=\"text\">\n\t\t\n<p><strong>Seviye 9<\/strong><br \/>p3=5,0 Kpa<\/p>\n\t\t\n<style>\n#text-3222587270 {\n  text-align: center;\n}\n@media (min-width:550px) {\n  #text-3222587270 {\n    text-align: left;\n  }\n}\n<\/style>\n\t<\/div>\n\t\n\t\t<\/div>\n\t\t\t\t\t<\/div>\n\n\t\n<\/div>\n\t\t<\/div>\n\t\t\t\t\t<\/div>\n\n\t\n\n\t<div id=\"col-1162888333\" class=\"col medium-6 small-12 large-6\"  >\n\t\t\t\t<div class=\"col-inner\"  >\n\t\t\t\n\t\t\t\n<div class=\"row row-small align-middle\"  id=\"row-334811321\">\n\n\t<div id=\"col-1217087674\" class=\"col medium-7 small-12 large-7\"  >\n\t\t\t\t<div class=\"col-inner\"  >\n\t\t\t\n\t\t\t\n\t<div class=\"img has-hover x md-x lg-x y md-y lg-y\" id=\"image_1319902731\">\n\t\t\t\t\t\t\t\t<div class=\"img-inner dark\" >\n\t\t\t<img loading=\"lazy\" decoding=\"async\" width=\"531\" height=\"366\" src=\"https:\/\/metalpie.com\/wp-content\/uploads\/2022\/09\/block_Universal_products_bottom_003.3image.jpg.webp\" class=\"attachment-original size-original\" alt=\"\" srcset=\"https:\/\/metalpie.com\/wp-content\/uploads\/2022\/09\/block_Universal_products_bottom_003.3image.jpg.webp 531w, https:\/\/metalpie.com\/wp-content\/uploads\/2022\/09\/block_Universal_products_bottom_003.3image.jpg-300x207.webp 300w\" sizes=\"auto, (max-width: 531px) 100vw, 531px\" \/>\t\t\t\t\t\t\n\t\t\t\t\t<\/div>\n\t\t\t\t\t\t\t\t\n<style>\n#image_1319902731 {\n  width: 100%;\n}\n<\/style>\n\t<\/div>\n\t\n\t\t<\/div>\n\t\t\t\t\t<\/div>\n\n\t\n\n\t<div id=\"col-1318538689\" class=\"col medium-5 small-12 large-5\"  >\n\t\t\t\t<div class=\"col-inner\"  >\n\t\t\t\n\t\t\t\n\t<div id=\"text-1777275917\" class=\"text\">\n\t\t\n<h5>Su Ge\u00e7irmezlik Performans\u0131<\/h5>\n\t\t\n<style>\n#text-1777275917 {\n  text-align: center;\n}\n@media (min-width:550px) {\n  #text-1777275917 {\n    text-align: left;\n  }\n}\n<\/style>\n\t<\/div>\n\t\n\t<div id=\"text-761442405\" class=\"text\">\n\t\t\n<p><strong>Seviye 6<\/strong><br \/>\u25b3P=700 pa<\/p>\n\t\t\n<style>\n#text-761442405 {\n  text-align: center;\n}\n@media (min-width:550px) {\n  #text-761442405 {\n    text-align: left;\n  }\n}\n<\/style>\n\t<\/div>\n\t\n\t\t<\/div>\n\t\t\t\t\t<\/div>\n\n\t\n<\/div>\n\t\t<\/div>\n\t\t\t\t\t<\/div>\n\n\t\n\n\t<div id=\"col-1718873718\" class=\"col medium-6 small-12 large-6\"  >\n\t\t\t\t<div class=\"col-inner\"  >\n\t\t\t\n\t\t\t\n<div class=\"row row-small align-middle\"  id=\"row-267776603\">\n\n\t<div id=\"col-1113399805\" class=\"col medium-7 small-12 large-7\"  >\n\t\t\t\t<div class=\"col-inner\"  >\n\t\t\t\n\t\t\t\n\t<div class=\"img has-hover x md-x lg-x y md-y lg-y\" id=\"image_418201987\">\n\t\t\t\t\t\t\t\t<div class=\"img-inner dark\" >\n\t\t\t<img loading=\"lazy\" decoding=\"async\" width=\"531\" height=\"365\" src=\"https:\/\/metalpie.com\/wp-content\/uploads\/2022\/09\/block_Universal_products_bottom_004.4image.jpg.webp\" class=\"attachment-original size-original\" alt=\"\" srcset=\"https:\/\/metalpie.com\/wp-content\/uploads\/2022\/09\/block_Universal_products_bottom_004.4image.jpg.webp 531w, https:\/\/metalpie.com\/wp-content\/uploads\/2022\/09\/block_Universal_products_bottom_004.4image.jpg-300x206.webp 300w\" sizes=\"auto, (max-width: 531px) 100vw, 531px\" \/>\t\t\t\t\t\t\n\t\t\t\t\t<\/div>\n\t\t\t\t\t\t\t\t\n<style>\n#image_418201987 {\n  width: 100%;\n}\n<\/style>\n\t<\/div>\n\t\n\t\t<\/div>\n\t\t\t\t\t<\/div>\n\n\t\n\n\t<div id=\"col-1835065696\" class=\"col medium-5 small-12 large-5\"  >\n\t\t\t\t<div class=\"col-inner\"  >\n\t\t\t\n\t\t\t\n\t<div id=\"text-3362348133\" class=\"text\">\n\t\t\n<h5>Yal\u0131t\u0131m Performans\u0131<\/h5>\n\t\t\n<style>\n#text-3362348133 {\n  text-align: center;\n}\n@media (min-width:550px) {\n  #text-3362348133 {\n    text-align: left;\n  }\n}\n<\/style>\n\t<\/div>\n\t\n\t<div id=\"text-1747301200\" class=\"text\">\n\t\t\n<p><strong>Seviye 7<\/strong><br \/>K=1,8~ 2,2W\/(\u33a1.K)<\/p>\n\t\t\n<style>\n#text-1747301200 {\n  text-align: center;\n}\n@media (min-width:550px) {\n  #text-1747301200 {\n    text-align: left;\n  }\n}\n<\/style>\n\t<\/div>\n\t\n\t\t<\/div>\n\t\t\t\t\t<\/div>\n\n\t\n<\/div>\n\t\t<\/div>\n\t\t\t\t\t<\/div>\n\n\t\n\n<style>\n#row-1079104323 > .col > .col-inner {\n  padding: 0px 20px 0px 20px;\n}\n<\/style>\n<\/div>\n\t\t<\/div>\n\n\t\t\n<style>\n#section_464872017 {\n  padding-top: 0px;\n  padding-bottom: 0px;\n  background-color: rgb(245, 245, 245);\n}\n#section_464872017 .ux-shape-divider--top svg {\n  height: 143px;\n  --divider-top-width: 100%;\n}\n<\/style>\n\t<\/section>","protected":false},"excerpt":{"rendered":"<p>ES65 \u00e7ift kanatl\u0131 pencere d\u0131\u015fa a\u00e7\u0131lan bir penceredir, bu nedenle \u00e7ocuklar pencerenin alt\u0131nda oynarken \u00e7ok g\u00fcvenlidir. D\u0131\u015fa do\u011fru a\u00e7\u0131lan pencereler yerden de tasarruf sa\u011flar. B\u00fcy\u00fck bir pencere olmas\u0131na ra\u011fmen, al\u00fcminyum pencere \u00e7er\u00e7evesi k\u00f6t\u00fc havalarda \u015fiddetli r\u00fczgara kar\u015f\u0131 koyabilir. Bu pencere havan\u0131n de\u011fi\u015fken oldu\u011fu yerler i\u00e7in uygundur.<\/p>","protected":false},"featured_media":2727,"comment_status":"closed","ping_status":"closed","template":"","meta":[],"product_cat":[15],"class_list":["post-2731","product","type-product","status-publish","has-post-thumbnail","hentry","product_cat-aluminum-windows-doors"],"yoast_head":"<!-- This site is optimized with the Yoast SEO plugin v21.5 - https:\/\/yoast.com\/wordpress\/plugins\/seo\/ -->\n<title>ES65 Double Sash Window | Windows that open outward<\/title>\n<meta name=\"description\" content=\"ES65 double sash window is a sliding window that opens outward. Its window frames are good aluminum profiles that are solid and can resist strong winds.\" \/>\n<meta name=\"robots\" content=\"index, follow, max-snippet:-1, max-image-preview:large, max-video-preview:-1\" \/>\n<link rel=\"canonical\" href=\"https:\/\/metalpie.com\/tr\/aluminyum-pencere-kapi\/es65-cift-kanat-disa-acilir-pencere\/\" \/>\n<meta property=\"og:locale\" content=\"tr_TR\" \/>\n<meta property=\"og:type\" content=\"article\" \/>\n<meta property=\"og:title\" content=\"ES65 Double Sash Window | Windows that open outward\" \/>\n<meta property=\"og:description\" content=\"ES65 double sash window is a sliding window that opens outward. Its window frames are good aluminum profiles that are solid and can resist strong winds.\" \/>\n<meta property=\"og:url\" content=\"https:\/\/metalpie.com\/tr\/aluminyum-pencere-kapi\/es65-cift-kanat-disa-acilir-pencere\/\" \/>\n<meta property=\"og:site_name\" content=\"METALPIE\" \/>\n<meta property=\"article:modified_time\" content=\"2022-11-08T07:15:50+00:00\" \/>\n<meta property=\"og:image\" content=\"https:\/\/metalpie.com\/wp-content\/uploads\/2022\/10\/ES65_double_sash_outward_open_window_001image.webp\" \/>\n\t<meta property=\"og:image:width\" content=\"1000\" \/>\n\t<meta property=\"og:image:height\" content=\"1000\" \/>\n\t<meta property=\"og:image:type\" content=\"image\/webp\" \/>\n<meta name=\"twitter:card\" content=\"summary_large_image\" \/>\n<script type=\"application\/ld+json\" class=\"yoast-schema-graph\">{\"@context\":\"https:\/\/schema.org\",\"@graph\":[{\"@type\":\"WebPage\",\"@id\":\"https:\/\/metalpie.com\/es\/ventanas-puertas-de-aluminio\/es65-ventana-de-doble-hoja-con-apertura-hacia-el-exterior\/\",\"url\":\"https:\/\/metalpie.com\/es\/ventanas-puertas-de-aluminio\/es65-ventana-de-doble-hoja-con-apertura-hacia-el-exterior\/\",\"name\":\"ES65 Double Sash Window | Windows that open outward\",\"isPartOf\":{\"@id\":\"https:\/\/metalpie.com\/#website\"},\"datePublished\":\"2022-10-09T04:30:36+00:00\",\"dateModified\":\"2022-11-08T07:15:50+00:00\",\"description\":\"ES65 double sash window is a sliding window that opens outward. Its window frames are good aluminum profiles that are solid and can resist strong winds.\",\"breadcrumb\":{\"@id\":\"https:\/\/metalpie.com\/es\/ventanas-puertas-de-aluminio\/es65-ventana-de-doble-hoja-con-apertura-hacia-el-exterior\/#breadcrumb\"},\"inLanguage\":\"tr\",\"potentialAction\":[{\"@type\":\"ReadAction\",\"target\":[\"https:\/\/metalpie.com\/es\/ventanas-puertas-de-aluminio\/es65-ventana-de-doble-hoja-con-apertura-hacia-el-exterior\/\"]}]},{\"@type\":\"BreadcrumbList\",\"@id\":\"https:\/\/metalpie.com\/es\/ventanas-puertas-de-aluminio\/es65-ventana-de-doble-hoja-con-apertura-hacia-el-exterior\/#breadcrumb\",\"itemListElement\":[{\"@type\":\"ListItem\",\"position\":1,\"name\":\"Home\",\"item\":\"https:\/\/metalpie.com\/\"},{\"@type\":\"ListItem\",\"position\":2,\"name\":\"Products\",\"item\":\"https:\/\/metalpie.com\/shop\/\"},{\"@type\":\"ListItem\",\"position\":3,\"name\":\"ES65 Double Sash Window\"}]},{\"@type\":\"WebSite\",\"@id\":\"https:\/\/metalpie.com\/#website\",\"url\":\"https:\/\/metalpie.com\/\",\"name\":\"METALPIE\",\"description\":\"Precision Metal Fabrication | Tools, Processes &amp; More\",\"potentialAction\":[{\"@type\":\"SearchAction\",\"target\":{\"@type\":\"EntryPoint\",\"urlTemplate\":\"https:\/\/metalpie.com\/?s={search_term_string}\"},\"query-input\":\"required name=search_term_string\"}],\"inLanguage\":\"tr\"}]}<\/script>\n<!-- \/ Yoast SEO plugin. -->","yoast_head_json":{"title":"ES65 \u00c7ift Kanatl\u0131 Pencere | D\u0131\u015fa do\u011fru a\u00e7\u0131lan pencereler","description":"ES65 \u00e7ift kanatl\u0131 pencere d\u0131\u015fa do\u011fru a\u00e7\u0131lan s\u00fcrg\u00fcl\u00fc bir penceredir. Pencere \u00e7er\u00e7eveleri sa\u011flam ve g\u00fc\u00e7l\u00fc r\u00fczgarlara dayanabilen iyi al\u00fcminyum profillerdir.","robots":{"index":"index","follow":"follow","max-snippet":"max-snippet:-1","max-image-preview":"max-image-preview:large","max-video-preview":"max-video-preview:-1"},"canonical":"https:\/\/metalpie.com\/tr\/aluminyum-pencere-kapi\/es65-cift-kanat-disa-acilir-pencere\/","og_locale":"tr_TR","og_type":"article","og_title":"ES65 Double Sash Window | Windows that open outward","og_description":"ES65 double sash window is a sliding window that opens outward. Its window frames are good aluminum profiles that are solid and can resist strong winds.","og_url":"https:\/\/metalpie.com\/tr\/aluminyum-pencere-kapi\/es65-cift-kanat-disa-acilir-pencere\/","og_site_name":"METALPIE","article_modified_time":"2022-11-08T07:15:50+00:00","og_image":[{"width":1000,"height":1000,"url":"https:\/\/metalpie.com\/wp-content\/uploads\/2022\/10\/ES65_double_sash_outward_open_window_001image.webp","type":"image\/webp"}],"twitter_card":"summary_large_image","schema":{"@context":"https:\/\/schema.org","@graph":[{"@type":"WebPage","@id":"https:\/\/metalpie.com\/es\/ventanas-puertas-de-aluminio\/es65-ventana-de-doble-hoja-con-apertura-hacia-el-exterior\/","url":"https:\/\/metalpie.com\/es\/ventanas-puertas-de-aluminio\/es65-ventana-de-doble-hoja-con-apertura-hacia-el-exterior\/","name":"ES65 \u00c7ift Kanatl\u0131 Pencere | D\u0131\u015fa do\u011fru a\u00e7\u0131lan pencereler","isPartOf":{"@id":"https:\/\/metalpie.com\/#website"},"datePublished":"2022-10-09T04:30:36+00:00","dateModified":"2022-11-08T07:15:50+00:00","description":"ES65 \u00e7ift kanatl\u0131 pencere d\u0131\u015fa do\u011fru a\u00e7\u0131lan s\u00fcrg\u00fcl\u00fc bir penceredir. Pencere \u00e7er\u00e7eveleri sa\u011flam ve g\u00fc\u00e7l\u00fc r\u00fczgarlara dayanabilen iyi al\u00fcminyum profillerdir.","breadcrumb":{"@id":"https:\/\/metalpie.com\/es\/ventanas-puertas-de-aluminio\/es65-ventana-de-doble-hoja-con-apertura-hacia-el-exterior\/#breadcrumb"},"inLanguage":"tr","potentialAction":[{"@type":"ReadAction","target":["https:\/\/metalpie.com\/es\/ventanas-puertas-de-aluminio\/es65-ventana-de-doble-hoja-con-apertura-hacia-el-exterior\/"]}]},{"@type":"BreadcrumbList","@id":"https:\/\/metalpie.com\/es\/ventanas-puertas-de-aluminio\/es65-ventana-de-doble-hoja-con-apertura-hacia-el-exterior\/#breadcrumb","itemListElement":[{"@type":"ListItem","position":1,"name":"Home","item":"https:\/\/metalpie.com\/"},{"@type":"ListItem","position":2,"name":"Products","item":"https:\/\/metalpie.com\/shop\/"},{"@type":"ListItem","position":3,"name":"ES65 Double Sash Window"}]},{"@type":"WebSite","@id":"https:\/\/metalpie.com\/#website","url":"https:\/\/metalpie.com\/","name":"METALPIE","description":"Hassas Metal \u0130malat\u0131 | Ara\u00e7lar, S\u00fcre\u00e7ler ve Daha Fazlas\u0131","potentialAction":[{"@type":"SearchAction","target":{"@type":"EntryPoint","urlTemplate":"https:\/\/metalpie.com\/?s={search_term_string}"},"query-input":"required name=search_term_string"}],"inLanguage":"tr"}]}},"_links":{"self":[{"href":"https:\/\/metalpie.com\/tr\/wp-json\/wp\/v2\/product\/2731","targetHints":{"allow":["GET"]}}],"collection":[{"href":"https:\/\/metalpie.com\/tr\/wp-json\/wp\/v2\/product"}],"about":[{"href":"https:\/\/metalpie.com\/tr\/wp-json\/wp\/v2\/types\/product"}],"replies":[{"embeddable":true,"href":"https:\/\/metalpie.com\/tr\/wp-json\/wp\/v2\/comments?post=2731"}],"wp:featuredmedia":[{"embeddable":true,"href":"https:\/\/metalpie.com\/tr\/wp-json\/wp\/v2\/media\/2727"}],"wp:attachment":[{"href":"https:\/\/metalpie.com\/tr\/wp-json\/wp\/v2\/media?parent=2731"}],"wp:term":[{"taxonomy":"product_cat","embeddable":true,"href":"https:\/\/metalpie.com\/tr\/wp-json\/wp\/v2\/product_cat?post=2731"}],"curies":[{"name":"wp","href":"https:\/\/api.w.org\/{rel}","templated":true}]}}