{"id":2716,"date":"2022-10-09T11:57:11","date_gmt":"2022-10-09T03:57:11","guid":{"rendered":"https:\/\/metalpie.com\/?post_type=product&#038;p=2716"},"modified":"2022-11-16T15:59:35","modified_gmt":"2022-11-16T07:59:35","slug":"es65-kanatli-pencere","status":"publish","type":"product","link":"https:\/\/metalpie.com\/tr\/aluminyum-pencere-kapi\/es65-kanatli-pencere\/","title":{"rendered":"ES65 Kanatl\u0131 Pencere"},"content":{"rendered":"<section class=\"section\" id=\"section_56845447\">\n\t\t<div class=\"bg section-bg fill bg-fill  bg-loaded\" >\n\n\t\t\t\n\t\t\t\n\t\t\t\n\n\t\t<\/div>\n\n\t\t\n\n\t\t<div class=\"section-content relative\">\n\t\t\t\n<div class=\"row\"  id=\"row-372158568\">\n\n\t<div id=\"col-428863196\" class=\"col small-12 large-12\"  >\n\t\t\t\t<div class=\"col-inner\"  >\n\t\t\t\n\t\t\t\n<h2>ES65 Kanatl\u0131 Pencere A\u00e7\u0131klamas\u0131<\/h2>\n<p>\u0130yi bir \u0131s\u0131 yal\u0131t\u0131m performans\u0131 sa\u011flayan k\u0131r\u0131k k\u00f6pr\u00fc al\u00fcminyum tasar\u0131m\u0131n\u0131 benimser. Daha iyi ses yal\u0131t\u0131m\u0131 i\u00e7in \u00e7ift par\u00e7a cam kullan\u0131r. Yatak odan\u0131za monte ederseniz, t\u00fcm g\u00fcr\u00fclt\u00fc azal\u0131r ve rahat bir uykunun tad\u0131n\u0131 \u00e7\u0131kar\u0131rs\u0131n\u0131z.<br \/>\u0130ki tip ES65 vard\u0131r. Biri i\u00e7e a\u00e7\u0131lan penceredir. Di\u011feri ise d\u0131\u015fa a\u00e7\u0131lan penceredir. Tercihinize g\u00f6re birini se\u00e7ebilirsiniz.<\/p>\n<h2><span data-preserver-spaces=\"true\">Al\u00fcminyum Pencere Donan\u0131m\u0131<\/span><\/h2>\n<ul>\n<li><span data-preserver-spaces=\"true\">Pencere mente\u015fesi. M\u00fckemmel pencere mente\u015feleri g\u00fc\u00e7l\u00fc ve a\u015f\u0131nmaya dayan\u0131kl\u0131d\u0131r. Sadece pencereleri a\u00e7mak kolay de\u011fildir, ayn\u0131 zamanda k\u00f6t\u00fc hava ko\u015fullar\u0131nda pencereyi destekleyebilir.<\/span><\/li>\n<li><span data-preserver-spaces=\"true\">Pencere kolu. Y\u00fcksek kaliteli malzemeden yap\u0131lm\u0131\u015ft\u0131r. Bu y\u00fczden kolay k\u0131r\u0131l\u0131r veya \u00e7\u0131kar diye endi\u015felenmenize gerek yok. Ayr\u0131ca \u00f6zel i\u015flem sayesinde y\u00fczey kaplamas\u0131 da \u00e7\u0131kmaz.<\/span><\/li>\n<\/ul>\n<h2>Renk ve Boyut<\/h2>\n<p>Al\u00fcminyum pencere \u00e7er\u00e7evelerini renklendirmek i\u00e7in toz kaplama, PVDF kaplama, ah\u015fap tah\u0131l, anodize ve elektroforez olmak \u00fczere be\u015f i\u015flem kullan\u0131yoruz. \u00d6zel renkler ve boyutlar da mevcuttur.<\/p>\n<h2>\u00d6zellikler<\/h2>\n<ul>\n<li>Geni\u015f a\u00e7\u0131kl\u0131k alan\u0131 ve geni\u015f g\u00f6r\u00fc\u015f<\/li>\n<li>Daha az profil ve basit i\u015fleme<\/li>\n<li>M\u00fckemmel \u0131s\u0131 yal\u0131t\u0131m\u0131, hava ge\u00e7irmezlik, su ge\u00e7irmezlik, r\u00fczgar bas\u0131nc\u0131na dayan\u0131kl\u0131l\u0131k ve ses yal\u0131t\u0131m performans\u0131.<\/li>\n<li>Y\u00fcksek kaliteli pencere mente\u015feleri ve pencere kolu.<\/li>\n<\/ul>\n\t\t<\/div>\n\t\t\t\t\t<\/div>\n\n\t\n<\/div>\n\t\t<\/div>\n\n\t\t\n<style>\n#section_56845447 {\n  padding-top: 30px;\n  padding-bottom: 30px;\n}\n<\/style>\n\t<\/section>\n\t\n\t<section class=\"section\" id=\"section_308183374\">\n\t\t<div class=\"bg section-bg fill bg-fill  bg-loaded\" >\n\n\t\t\t\n\t\t\t\n\t\t\t\n\n\t\t<\/div>\n\n\t\t\t<div class=\"ux-shape-divider ux-shape-divider--top ux-shape-divider--style-curve-opacity\">\n\t\t<svg viewbox=\"0 0 1000 100\" xmlns=\"http:\/\/www.w3.org\/2000\/svg\" preserveaspectratio=\"none\">\n\t\t<path class=\"ux-shape-fill\" opacity=\"0.15\" d=\"M0 14C0 14 88.64 17.48 300 50C560 90 814 77 1003 40L1015 68L1018 104H0V14Z\"\/>\n\t\t<path class=\"ux-shape-fill\" opacity=\"0.3\" d=\"M0 45C0 45 271 90.13 500 77C657 68 830 30 1015 14V100H0V45Z\"\/>\n\t\t<path class=\"ux-shape-fill\" d=\"M0 58C0 58 188.29 90 508 90C798 90 1002 55 1002 55V100H0V58Z\"\/>\n<\/svg>\n\t<\/div>\n\n\n\t\t<div class=\"section-content relative\">\n\t\t\t\n<div class=\"is-divider divider clearfix\" style=\"margin-top:0px;margin-bottom:0px;max-width:0px;height:30px;\"><\/div>\n<div class=\"row row-collapse align-middle\"  id=\"row-717299722\">\n\n\t<div id=\"col-1332842564\" class=\"col medium-6 small-12 large-6\"  >\n\t\t\t\t<div class=\"col-inner\"  >\n\t\t\t\n\t\t\t\n<div class=\"row row-small align-middle\"  id=\"row-959323845\">\n\n\t<div id=\"col-1611924755\" class=\"col medium-7 small-12 large-7\"  >\n\t\t\t\t<div class=\"col-inner\"  >\n\t\t\t\n\t\t\t\n\t<div class=\"img has-hover x md-x lg-x y md-y lg-y\" id=\"image_741162876\">\n\t\t\t\t\t\t\t\t<div class=\"img-inner dark\" >\n\t\t\t<img loading=\"lazy\" decoding=\"async\" width=\"532\" height=\"366\" src=\"https:\/\/metalpie.com\/wp-content\/uploads\/2022\/09\/block_Universal_products_bottom_001.1image.jpg.webp\" class=\"attachment-original size-original\" alt=\"\" srcset=\"https:\/\/metalpie.com\/wp-content\/uploads\/2022\/09\/block_Universal_products_bottom_001.1image.jpg.webp 532w, https:\/\/metalpie.com\/wp-content\/uploads\/2022\/09\/block_Universal_products_bottom_001.1image.jpg-300x206.webp 300w\" sizes=\"auto, (max-width: 532px) 100vw, 532px\" \/>\t\t\t\t\t\t\n\t\t\t\t\t<\/div>\n\t\t\t\t\t\t\t\t\n<style>\n#image_741162876 {\n  width: 100%;\n}\n<\/style>\n\t<\/div>\n\t\n\t\t<\/div>\n\t\t\t\t\t<\/div>\n\n\t\n\n\t<div id=\"col-965644345\" class=\"col medium-5 small-12 large-5\"  >\n\t\t\t\t<div class=\"col-inner\"  >\n\t\t\t\n\t\t\t\n\t<div id=\"text-744534158\" class=\"text\">\n\t\t\n<h5>Hava Ge\u00e7irmez Performans<\/h5>\n\t\t\n<style>\n#text-744534158 {\n  text-align: center;\n}\n@media (min-width:550px) {\n  #text-744534158 {\n    text-align: left;\n  }\n}\n<\/style>\n\t<\/div>\n\t\n\t<div id=\"text-1556965290\" class=\"text\">\n\t\t\n<p><b>Seviye 8<\/b><\/p>\n\t\t\n<style>\n#text-1556965290 {\n  text-align: center;\n}\n@media (min-width:550px) {\n  #text-1556965290 {\n    text-align: left;\n  }\n}\n<\/style>\n\t<\/div>\n\t\n\t\t<\/div>\n\t\t\t\t\t<\/div>\n\n\t\n<\/div>\n\t\t<\/div>\n\t\t\t\t\t<\/div>\n\n\t\n\n\t<div id=\"col-1519911918\" class=\"col medium-6 small-12 large-6\"  >\n\t\t\t\t<div class=\"col-inner\"  >\n\t\t\t\n\t\t\t\n<div class=\"row row-small align-middle\"  id=\"row-1101728835\">\n\n\t<div id=\"col-555762238\" class=\"col medium-7 small-12 large-7\"  >\n\t\t\t\t<div class=\"col-inner\"  >\n\t\t\t\n\t\t\t\n\t<div class=\"img has-hover x md-x lg-x y md-y lg-y\" id=\"image_926625961\">\n\t\t\t\t\t\t\t\t<div class=\"img-inner dark\" >\n\t\t\t<img loading=\"lazy\" decoding=\"async\" width=\"534\" height=\"368\" src=\"https:\/\/metalpie.com\/wp-content\/uploads\/2022\/09\/block_Universal_products_bottom_002.2image.jpg.webp\" class=\"attachment-original size-original\" alt=\"\" srcset=\"https:\/\/metalpie.com\/wp-content\/uploads\/2022\/09\/block_Universal_products_bottom_002.2image.jpg.webp 534w, https:\/\/metalpie.com\/wp-content\/uploads\/2022\/09\/block_Universal_products_bottom_002.2image.jpg-300x207.webp 300w\" sizes=\"auto, (max-width: 534px) 100vw, 534px\" \/>\t\t\t\t\t\t\n\t\t\t\t\t<\/div>\n\t\t\t\t\t\t\t\t\n<style>\n#image_926625961 {\n  width: 100%;\n}\n<\/style>\n\t<\/div>\n\t\n\t\t<\/div>\n\t\t\t\t\t<\/div>\n\n\t\n\n\t<div id=\"col-1404700840\" class=\"col medium-5 small-12 large-5\"  >\n\t\t\t\t<div class=\"col-inner\"  >\n\t\t\t\n\t\t\t\n\t<div id=\"text-52863646\" class=\"text\">\n\t\t\n<h5>R\u00fczgar Bas\u0131nc\u0131 direnci<\/h5>\n\t\t\n<style>\n#text-52863646 {\n  text-align: center;\n}\n@media (min-width:550px) {\n  #text-52863646 {\n    text-align: left;\n  }\n}\n<\/style>\n\t<\/div>\n\t\n\t<div id=\"text-2477224381\" class=\"text\">\n\t\t\n<p><strong>Seviye 9<\/strong><\/p>\n\t\t\n<style>\n#text-2477224381 {\n  text-align: center;\n}\n@media (min-width:550px) {\n  #text-2477224381 {\n    text-align: left;\n  }\n}\n<\/style>\n\t<\/div>\n\t\n\t\t<\/div>\n\t\t\t\t\t<\/div>\n\n\t\n<\/div>\n\t\t<\/div>\n\t\t\t\t\t<\/div>\n\n\t\n\n\t<div id=\"col-60990634\" class=\"col medium-6 small-12 large-6\"  >\n\t\t\t\t<div class=\"col-inner\"  >\n\t\t\t\n\t\t\t\n<div class=\"row row-small align-middle\"  id=\"row-441493566\">\n\n\t<div id=\"col-2040198589\" class=\"col medium-7 small-12 large-7\"  >\n\t\t\t\t<div class=\"col-inner\"  >\n\t\t\t\n\t\t\t\n\t<div class=\"img has-hover x md-x lg-x y md-y lg-y\" id=\"image_768408535\">\n\t\t\t\t\t\t\t\t<div class=\"img-inner dark\" >\n\t\t\t<img loading=\"lazy\" decoding=\"async\" width=\"531\" height=\"366\" src=\"https:\/\/metalpie.com\/wp-content\/uploads\/2022\/09\/block_Universal_products_bottom_003.3image.jpg.webp\" class=\"attachment-original size-original\" alt=\"\" srcset=\"https:\/\/metalpie.com\/wp-content\/uploads\/2022\/09\/block_Universal_products_bottom_003.3image.jpg.webp 531w, https:\/\/metalpie.com\/wp-content\/uploads\/2022\/09\/block_Universal_products_bottom_003.3image.jpg-300x207.webp 300w\" sizes=\"auto, (max-width: 531px) 100vw, 531px\" \/>\t\t\t\t\t\t\n\t\t\t\t\t<\/div>\n\t\t\t\t\t\t\t\t\n<style>\n#image_768408535 {\n  width: 100%;\n}\n<\/style>\n\t<\/div>\n\t\n\t\t<\/div>\n\t\t\t\t\t<\/div>\n\n\t\n\n\t<div id=\"col-1646536701\" class=\"col medium-5 small-12 large-5\"  >\n\t\t\t\t<div class=\"col-inner\"  >\n\t\t\t\n\t\t\t\n\t<div id=\"text-1431431386\" class=\"text\">\n\t\t\n<h5>Su Ge\u00e7irmezlik Performans\u0131<\/h5>\n\t\t\n<style>\n#text-1431431386 {\n  text-align: center;\n}\n@media (min-width:550px) {\n  #text-1431431386 {\n    text-align: left;\n  }\n}\n<\/style>\n\t<\/div>\n\t\n\t<div id=\"text-3051021159\" class=\"text\">\n\t\t\n<p><strong>Seviye 6<\/strong><\/p>\n\t\t\n<style>\n#text-3051021159 {\n  text-align: center;\n}\n@media (min-width:550px) {\n  #text-3051021159 {\n    text-align: left;\n  }\n}\n<\/style>\n\t<\/div>\n\t\n\t\t<\/div>\n\t\t\t\t\t<\/div>\n\n\t\n<\/div>\n\t\t<\/div>\n\t\t\t\t\t<\/div>\n\n\t\n\n\t<div id=\"col-1964506064\" class=\"col medium-6 small-12 large-6\"  >\n\t\t\t\t<div class=\"col-inner\"  >\n\t\t\t\n\t\t\t\n<div class=\"row row-small align-middle\"  id=\"row-685644245\">\n\n\t<div id=\"col-152640629\" class=\"col medium-7 small-12 large-7\"  >\n\t\t\t\t<div class=\"col-inner\"  >\n\t\t\t\n\t\t\t\n\t<div class=\"img has-hover x md-x lg-x y md-y lg-y\" id=\"image_876324296\">\n\t\t\t\t\t\t\t\t<div class=\"img-inner dark\" >\n\t\t\t<img loading=\"lazy\" decoding=\"async\" width=\"531\" height=\"365\" src=\"https:\/\/metalpie.com\/wp-content\/uploads\/2022\/09\/block_Universal_products_bottom_004.4image.jpg.webp\" class=\"attachment-original size-original\" alt=\"\" srcset=\"https:\/\/metalpie.com\/wp-content\/uploads\/2022\/09\/block_Universal_products_bottom_004.4image.jpg.webp 531w, https:\/\/metalpie.com\/wp-content\/uploads\/2022\/09\/block_Universal_products_bottom_004.4image.jpg-300x206.webp 300w\" sizes=\"auto, (max-width: 531px) 100vw, 531px\" \/>\t\t\t\t\t\t\n\t\t\t\t\t<\/div>\n\t\t\t\t\t\t\t\t\n<style>\n#image_876324296 {\n  width: 100%;\n}\n<\/style>\n\t<\/div>\n\t\n\t\t<\/div>\n\t\t\t\t\t<\/div>\n\n\t\n\n\t<div id=\"col-203260440\" class=\"col medium-5 small-12 large-5\"  >\n\t\t\t\t<div class=\"col-inner\"  >\n\t\t\t\n\t\t\t\n\t<div id=\"text-305697645\" class=\"text\">\n\t\t\n<h5>Yal\u0131t\u0131m Performans\u0131<\/h5>\n\t\t\n<style>\n#text-305697645 {\n  text-align: center;\n}\n@media (min-width:550px) {\n  #text-305697645 {\n    text-align: left;\n  }\n}\n<\/style>\n\t<\/div>\n\t\n\t<div id=\"text-1702047047\" class=\"text\">\n\t\t\n<p>K=1,5~ 2,0W\/(\u33a1.K)<\/p>\n\t\t\n<style>\n#text-1702047047 {\n  text-align: center;\n}\n@media (min-width:550px) {\n  #text-1702047047 {\n    text-align: left;\n  }\n}\n<\/style>\n\t<\/div>\n\t\n\t\t<\/div>\n\t\t\t\t\t<\/div>\n\n\t\n<\/div>\n\t\t<\/div>\n\t\t\t\t\t<\/div>\n\n\t\n\n<style>\n#row-717299722 > .col > .col-inner {\n  padding: 0px 20px 0px 20px;\n}\n<\/style>\n<\/div>\n\t\t<\/div>\n\n\t\t\n<style>\n#section_308183374 {\n  padding-top: 0px;\n  padding-bottom: 0px;\n  background-color: rgb(245, 245, 245);\n}\n#section_308183374 .ux-shape-divider--top svg {\n  height: 143px;\n  --divider-top-width: 100%;\n}\n<\/style>\n\t<\/section>\n\t\n\t<section class=\"section\" id=\"section_1710987978\">\n\t\t<div class=\"bg section-bg fill bg-fill  bg-loaded\" >\n\n\t\t\t\n\t\t\t\n\t\t\t\n\n\t\t<\/div>\n\n\t\t\n\n\t\t<div class=\"section-content relative\">\n\t\t\t\n<div class=\"row\"  id=\"row-601486833\">\n\n\t<div id=\"col-920960725\" class=\"col small-12 large-12\"  >\n\t\t\t\t<div class=\"col-inner\"  >\n\t\t\t\n\t\t\t\n<h2>ES65 Kanatl\u0131 Pencere Uygulama Alanlar\u0131<\/h2>\n<ul>\n<li>Evler<\/li>\n<li>Ofis binalar\u0131<\/li>\n<li>Al\u0131\u015fveri\u015f merkezleri<\/li>\n<\/ul>\n\t\t<\/div>\n\t\t\t\t\t<\/div>\n\n\t\n<\/div>\n\t\t<\/div>\n\n\t\t\n<style>\n#section_1710987978 {\n  padding-top: 30px;\n  padding-bottom: 30px;\n}\n<\/style>\n\t<\/section>\n\t\n\t<section class=\"section\" id=\"section_48088458\">\n\t\t<div class=\"bg section-bg fill bg-fill  bg-loaded\" >\n\n\t\t\t\n\t\t\t<div class=\"section-bg-overlay absolute fill\"><\/div>\n\t\t\t\n\n\t\t<\/div>\n\n\t\t\n\n\t\t<div class=\"section-content relative\">\n\t\t\t\n<div class=\"is-divider divider clearfix\" style=\"margin-top:0.0em;margin-bottom:0.0em;max-width:0px;height:20px;\"><\/div>\n<div class=\"row row-large align-middle\"  id=\"row-28160016\">\n\n\t<div id=\"col-1938643537\" class=\"col medium-6 small-12 large-6\"  >\n\t\t\t\t<div class=\"col-inner\"  >\n\t\t\t\n\t\t\t\n\t<div class=\"img has-hover x md-x lg-x y md-y lg-y\" id=\"image_695309266\">\n\t\t\t\t\t\t\t\t<div class=\"img-inner dark\" >\n\t\t\t<img loading=\"lazy\" decoding=\"async\" width=\"1020\" height=\"1020\" src=\"https:\/\/metalpie.com\/wp-content\/uploads\/2022\/11\/es65_aluminum_casement_window-1-1030x1030.webp\" class=\"attachment-large size-large\" alt=\"es65 al\u00fcminyum kanatl\u0131 pencere \u00f6rne\u011fi\" srcset=\"https:\/\/metalpie.com\/wp-content\/uploads\/2022\/11\/es65_aluminum_casement_window-1-1030x1030.webp 1030w, https:\/\/metalpie.com\/wp-content\/uploads\/2022\/11\/es65_aluminum_casement_window-1-300x300.webp 300w, https:\/\/metalpie.com\/wp-content\/uploads\/2022\/11\/es65_aluminum_casement_window-1-80x80.webp 80w, https:\/\/metalpie.com\/wp-content\/uploads\/2022\/11\/es65_aluminum_casement_window-1-768x768.webp 768w, https:\/\/metalpie.com\/wp-content\/uploads\/2022\/11\/es65_aluminum_casement_window-1-1536x1536.webp 1536w, https:\/\/metalpie.com\/wp-content\/uploads\/2022\/11\/es65_aluminum_casement_window-1-500x500.webp 500w, https:\/\/metalpie.com\/wp-content\/uploads\/2022\/11\/es65_aluminum_casement_window-1-800x800.webp 800w, https:\/\/metalpie.com\/wp-content\/uploads\/2022\/11\/es65_aluminum_casement_window-1-100x100.webp 100w, https:\/\/metalpie.com\/wp-content\/uploads\/2022\/11\/es65_aluminum_casement_window-1.webp 2000w\" sizes=\"auto, (max-width: 1020px) 100vw, 1020px\" \/>\t\t\t\t\t\t\n\t\t\t\t\t<\/div>\n\t\t\t\t\t\t\t\t\n<style>\n#image_695309266 {\n  width: 100%;\n}\n<\/style>\n\t<\/div>\n\t\n\t\t<\/div>\n\t\t\t\t\t<\/div>\n\n\t\n\n\t<div id=\"col-2078212121\" class=\"col medium-6 small-12 large-6\"  >\n\t\t\t\t<div class=\"col-inner text-left\"  >\n\t\t\t\n\t\t\t\n<h2><span data-preserver-spaces=\"true\">ES65 Al\u00fcminyum Kanatl\u0131 Pencere \u00d6rne\u011fi<\/span><\/h2>\n<p><span data-preserver-spaces=\"true\">Resimden, ES65 al\u00fcminyum kanatl\u0131 pencere i\u00e7in \u00e7ift cam par\u00e7as\u0131 oldu\u011funu g\u00f6rebilirsiniz. Daha iyi \u0131s\u0131 yal\u0131t\u0131m\u0131 i\u00e7in al\u00fcminyum kap\u0131 \u00e7er\u00e7evesinden ayr\u0131lmak \u00fczere bir termal k\u0131r\u0131lma ekliyoruz. Bu pop\u00fcler bir k\u0131r\u0131k k\u00f6pr\u00fc al\u00fcminyum tasar\u0131m\u0131d\u0131r. Bir pencere \u00f6rne\u011fi istiyorsan\u0131z, bizimle ileti\u015fime ge\u00e7ebilirsiniz!<\/span><\/p>\n<p><strong>\u00d6zellikler:<\/strong><\/p>\n<ul>\n<li><span data-preserver-spaces=\"true\">\u00c7er\u00e7eve derinli\u011fi: 65mm<\/span><\/li>\n<li><span data-preserver-spaces=\"true\">Termal k\u0131r\u0131lma: 28mm<\/span><\/li>\n<li><span data-preserver-spaces=\"true\">Kanat derinli\u011fi: 74mm<\/span><\/li>\n<li><span data-preserver-spaces=\"true\">Termal k\u0131r\u0131lma: 28mm<\/span><\/li>\n<\/ul>\n\t\t<\/div>\n\t\t\t\t\t<\/div>\n\n\t\n\n<style>\n#row-28160016 > .col > .col-inner {\n  padding: 0px 20px 0px 20px;\n}\n<\/style>\n<\/div>\n\t\t<\/div>\n\n\t\t\n<style>\n#section_48088458 {\n  padding-top: 0px;\n  padding-bottom: 0px;\n  background-color: rgb(193, 193, 193);\n}\n#section_48088458 .section-bg-overlay {\n  background-color: rgba(255, 255, 255, 0.85);\n}\n<\/style>\n\t<\/section>","protected":false},"excerpt":{"rendered":"<p>ES65 kanatl\u0131 pencere ES65 \u00c7ift kanatl\u0131 pencereden farkl\u0131d\u0131r. \u0130lki i\u00e7e do\u011fru a\u00e7\u0131lan bir pencere, ikincisi ise d\u0131\u015fa do\u011fru a\u00e7\u0131lan bir penceredir. D\u0131\u015fa a\u00e7\u0131lan pencerelerle kar\u015f\u0131la\u015ft\u0131r\u0131ld\u0131\u011f\u0131nda, i\u00e7e a\u00e7\u0131lan pencereler daha iyi havaland\u0131rmaya sahiptir. R\u00fczgar, daha yumu\u015fak olan cam boyunca odam\u0131za akar. Bu pencere \u00e7al\u0131\u015fma odan\u0131z, balkonunuz, yatak odan\u0131z vb. i\u00e7in m\u00fckemmeldir.<\/p>","protected":false},"featured_media":2717,"comment_status":"closed","ping_status":"closed","template":"","meta":[],"product_cat":[15],"class_list":["post-2716","product","type-product","status-publish","has-post-thumbnail","hentry","product_cat-aluminum-windows-doors"],"yoast_head":"<!-- This site is optimized with the Yoast SEO plugin v21.5 - https:\/\/yoast.com\/wordpress\/plugins\/seo\/ -->\n<title>ES65 Casement Window | Inward Opening Window<\/title>\n<meta name=\"description\" content=\"ES65 casement window that opens inward creates good views. You can&#039;t miss it if you love to enjoy the scenery through the window.\" \/>\n<meta name=\"robots\" content=\"index, follow, max-snippet:-1, max-image-preview:large, max-video-preview:-1\" \/>\n<link rel=\"canonical\" href=\"https:\/\/metalpie.com\/tr\/aluminyum-pencere-kapi\/es65-kanatli-pencere\/\" \/>\n<meta property=\"og:locale\" content=\"tr_TR\" \/>\n<meta property=\"og:type\" content=\"article\" \/>\n<meta property=\"og:title\" content=\"ES65 Casement Window | Inward Opening Window\" \/>\n<meta property=\"og:description\" content=\"ES65 casement window that opens inward creates good views. You can&#039;t miss it if you love to enjoy the scenery through the window.\" \/>\n<meta property=\"og:url\" content=\"https:\/\/metalpie.com\/tr\/aluminyum-pencere-kapi\/es65-kanatli-pencere\/\" \/>\n<meta property=\"og:site_name\" content=\"METALPIE\" \/>\n<meta property=\"article:modified_time\" content=\"2022-11-16T07:59:35+00:00\" \/>\n<meta property=\"og:image\" content=\"https:\/\/metalpie.com\/wp-content\/uploads\/2022\/10\/ES65_casement_window_001image.webp\" \/>\n\t<meta property=\"og:image:width\" content=\"1000\" \/>\n\t<meta property=\"og:image:height\" content=\"1000\" \/>\n\t<meta property=\"og:image:type\" content=\"image\/webp\" \/>\n<meta name=\"twitter:card\" content=\"summary_large_image\" \/>\n<meta name=\"twitter:label1\" content=\"Tahmini okuma s\u00fcresi\" \/>\n\t<meta name=\"twitter:data1\" content=\"2 dakika\" \/>\n<script type=\"application\/ld+json\" class=\"yoast-schema-graph\">{\"@context\":\"https:\/\/schema.org\",\"@graph\":[{\"@type\":\"WebPage\",\"@id\":\"https:\/\/metalpie.com\/pt\/janelas-e-portas-de-aluminio\/janela-de-batente-es65\/\",\"url\":\"https:\/\/metalpie.com\/pt\/janelas-e-portas-de-aluminio\/janela-de-batente-es65\/\",\"name\":\"ES65 Casement Window | Inward Opening Window\",\"isPartOf\":{\"@id\":\"https:\/\/metalpie.com\/#website\"},\"datePublished\":\"2022-10-09T03:57:11+00:00\",\"dateModified\":\"2022-11-16T07:59:35+00:00\",\"description\":\"ES65 casement window that opens inward creates good views. You can't miss it if you love to enjoy the scenery through the window.\",\"breadcrumb\":{\"@id\":\"https:\/\/metalpie.com\/pt\/janelas-e-portas-de-aluminio\/janela-de-batente-es65\/#breadcrumb\"},\"inLanguage\":\"tr\",\"potentialAction\":[{\"@type\":\"ReadAction\",\"target\":[\"https:\/\/metalpie.com\/pt\/janelas-e-portas-de-aluminio\/janela-de-batente-es65\/\"]}]},{\"@type\":\"BreadcrumbList\",\"@id\":\"https:\/\/metalpie.com\/pt\/janelas-e-portas-de-aluminio\/janela-de-batente-es65\/#breadcrumb\",\"itemListElement\":[{\"@type\":\"ListItem\",\"position\":1,\"name\":\"Home\",\"item\":\"https:\/\/metalpie.com\/\"},{\"@type\":\"ListItem\",\"position\":2,\"name\":\"Products\",\"item\":\"https:\/\/metalpie.com\/shop\/\"},{\"@type\":\"ListItem\",\"position\":3,\"name\":\"ES65 Casement Window\"}]},{\"@type\":\"WebSite\",\"@id\":\"https:\/\/metalpie.com\/#website\",\"url\":\"https:\/\/metalpie.com\/\",\"name\":\"METALPIE\",\"description\":\"Precision Metal Fabrication | Tools, Processes &amp; More\",\"potentialAction\":[{\"@type\":\"SearchAction\",\"target\":{\"@type\":\"EntryPoint\",\"urlTemplate\":\"https:\/\/metalpie.com\/?s={search_term_string}\"},\"query-input\":\"required name=search_term_string\"}],\"inLanguage\":\"tr\"}]}<\/script>\n<!-- \/ Yoast SEO plugin. -->","yoast_head_json":{"title":"ES65 Kanatl\u0131 Pencere | \u0130\u00e7e A\u00e7\u0131lan Pencere","description":"\u0130\u00e7e do\u011fru a\u00e7\u0131lan ES65 kanatl\u0131 pencere iyi manzaralar yarat\u0131r. Pencereden manzaran\u0131n tad\u0131n\u0131 \u00e7\u0131karmay\u0131 seviyorsan\u0131z bunu ka\u00e7\u0131ramazs\u0131n\u0131z.","robots":{"index":"index","follow":"follow","max-snippet":"max-snippet:-1","max-image-preview":"max-image-preview:large","max-video-preview":"max-video-preview:-1"},"canonical":"https:\/\/metalpie.com\/tr\/aluminyum-pencere-kapi\/es65-kanatli-pencere\/","og_locale":"tr_TR","og_type":"article","og_title":"ES65 Casement Window | Inward Opening Window","og_description":"ES65 casement window that opens inward creates good views. You can't miss it if you love to enjoy the scenery through the window.","og_url":"https:\/\/metalpie.com\/tr\/aluminyum-pencere-kapi\/es65-kanatli-pencere\/","og_site_name":"METALPIE","article_modified_time":"2022-11-16T07:59:35+00:00","og_image":[{"width":1000,"height":1000,"url":"https:\/\/metalpie.com\/wp-content\/uploads\/2022\/10\/ES65_casement_window_001image.webp","type":"image\/webp"}],"twitter_card":"summary_large_image","twitter_misc":{"Tahmini okuma s\u00fcresi":"2 dakika"},"schema":{"@context":"https:\/\/schema.org","@graph":[{"@type":"WebPage","@id":"https:\/\/metalpie.com\/pt\/janelas-e-portas-de-aluminio\/janela-de-batente-es65\/","url":"https:\/\/metalpie.com\/pt\/janelas-e-portas-de-aluminio\/janela-de-batente-es65\/","name":"ES65 Kanatl\u0131 Pencere | \u0130\u00e7e A\u00e7\u0131lan Pencere","isPartOf":{"@id":"https:\/\/metalpie.com\/#website"},"datePublished":"2022-10-09T03:57:11+00:00","dateModified":"2022-11-16T07:59:35+00:00","description":"\u0130\u00e7e do\u011fru a\u00e7\u0131lan ES65 kanatl\u0131 pencere iyi manzaralar yarat\u0131r. Pencereden manzaran\u0131n tad\u0131n\u0131 \u00e7\u0131karmay\u0131 seviyorsan\u0131z bunu ka\u00e7\u0131ramazs\u0131n\u0131z.","breadcrumb":{"@id":"https:\/\/metalpie.com\/pt\/janelas-e-portas-de-aluminio\/janela-de-batente-es65\/#breadcrumb"},"inLanguage":"tr","potentialAction":[{"@type":"ReadAction","target":["https:\/\/metalpie.com\/pt\/janelas-e-portas-de-aluminio\/janela-de-batente-es65\/"]}]},{"@type":"BreadcrumbList","@id":"https:\/\/metalpie.com\/pt\/janelas-e-portas-de-aluminio\/janela-de-batente-es65\/#breadcrumb","itemListElement":[{"@type":"ListItem","position":1,"name":"Home","item":"https:\/\/metalpie.com\/"},{"@type":"ListItem","position":2,"name":"Products","item":"https:\/\/metalpie.com\/shop\/"},{"@type":"ListItem","position":3,"name":"ES65 Casement Window"}]},{"@type":"WebSite","@id":"https:\/\/metalpie.com\/#website","url":"https:\/\/metalpie.com\/","name":"METALPIE","description":"Hassas Metal \u0130malat\u0131 | Ara\u00e7lar, S\u00fcre\u00e7ler ve Daha Fazlas\u0131","potentialAction":[{"@type":"SearchAction","target":{"@type":"EntryPoint","urlTemplate":"https:\/\/metalpie.com\/?s={search_term_string}"},"query-input":"required name=search_term_string"}],"inLanguage":"tr"}]}},"_links":{"self":[{"href":"https:\/\/metalpie.com\/tr\/wp-json\/wp\/v2\/product\/2716","targetHints":{"allow":["GET"]}}],"collection":[{"href":"https:\/\/metalpie.com\/tr\/wp-json\/wp\/v2\/product"}],"about":[{"href":"https:\/\/metalpie.com\/tr\/wp-json\/wp\/v2\/types\/product"}],"replies":[{"embeddable":true,"href":"https:\/\/metalpie.com\/tr\/wp-json\/wp\/v2\/comments?post=2716"}],"wp:featuredmedia":[{"embeddable":true,"href":"https:\/\/metalpie.com\/tr\/wp-json\/wp\/v2\/media\/2717"}],"wp:attachment":[{"href":"https:\/\/metalpie.com\/tr\/wp-json\/wp\/v2\/media?parent=2716"}],"wp:term":[{"taxonomy":"product_cat","embeddable":true,"href":"https:\/\/metalpie.com\/tr\/wp-json\/wp\/v2\/product_cat?post=2716"}],"curies":[{"name":"wp","href":"https:\/\/api.w.org\/{rel}","templated":true}]}}