{"id":2701,"date":"2022-10-09T09:09:14","date_gmt":"2022-10-09T01:09:14","guid":{"rendered":"https:\/\/metalpie.com\/?post_type=product&#038;p=2701"},"modified":"2023-04-11T09:24:21","modified_gmt":"2023-04-11T01:24:21","slug":"alumi%cc%87nyum-profi%cc%87l","status":"publish","type":"product","link":"https:\/\/metalpie.com\/tr\/alumi%cc%87nyum-profi%cc%87l\/alumi%cc%87nyum-profi%cc%87l\/","title":{"rendered":"Al\u00fcminyum Profil"},"content":{"rendered":"<section class=\"section\" id=\"section_1376518972\">\n\t\t<div class=\"bg section-bg fill bg-fill  bg-loaded\" >\n\n\t\t\t\n\t\t\t\n\t\t\t\n\n\t\t<\/div>\n\n\t\t\n\n\t\t<div class=\"section-content relative\">\n\t\t\t\n<div class=\"row\"  id=\"row-1374233771\">\n\n\t<div id=\"col-1600049727\" class=\"col small-12 large-12\"  >\n\t\t\t\t<div class=\"col-inner\"  >\n\t\t\t\n\t\t\t\n<h2>Giydirme Cephe Al\u00fcminyum Profil \u00c7e\u015fitleri<\/h2>\n<ul>\n<li>\u00c7er\u00e7evenin d\u0131\u015far\u0131dan g\u00f6r\u00fcn\u00fcp g\u00f6r\u00fcnmemesine g\u00f6re, gizli \u00e7er\u00e7eve perde duvar ve a\u00e7\u0131k \u00e7er\u00e7eve perde duvar olarak ikiye ayr\u0131labilir.<\/li>\n<li>Farkl\u0131 serilere g\u00f6re, s\u0131radan perde duvarlar ve \u0131s\u0131 yal\u0131t\u0131m perde duvarlar\u0131 olarak ikiye ayr\u0131labilir. S\u0131radan perde duvar esas olarak y\u0131l boyunca \u0131l\u0131man iklim b\u00f6lgeleri i\u00e7in uygundur. Is\u0131 yal\u0131t\u0131ml\u0131 perde duvar esas olarak kuzeydeki so\u011fuk alanlar ve yaz\u0131n s\u0131cak alanlar i\u00e7in ge\u00e7erlidir, bu da m\u00fckemmel bir i\u00e7 mekan \u0131s\u0131 yal\u0131t\u0131m etkisi oynayabilir.<\/li>\n<\/ul>\n\t\t<\/div>\n\t\t\t\t\t<\/div>\n\n\t\n<\/div>\n<div class=\"row\"  id=\"row-273613528\">\n\n\t<div id=\"col-542017991\" class=\"col small-12 large-12\"  >\n\t\t\t\t<div class=\"col-inner\"  >\n\t\t\t\n\t\t\t\n<h2>Al\u00fcminyum giydirme cephe y\u00fczey rengi<\/h2>\n<p>Huajian Al\u00fcminyum \u015firketi en iyi al\u00fcminyum perde duvar \u00fcreticilerinden biridir. RAL uluslararas\u0131 renk koduna g\u00f6re \u00e7e\u015fitli renkler \u00fcretebiliriz. En \u00e7ok kullan\u0131lan y\u00fczey i\u015flemi p\u00fcsk\u00fcrtme veya florokarbon kaplamad\u0131r.<\/p>\n\t\t<\/div>\n\t\t\t\t\t<\/div>\n\n\t\n<\/div>\n<div class=\"row\"  id=\"row-524080030\">\n\n\t<div id=\"col-1449194625\" class=\"col small-12 large-12\"  >\n\t\t\t\t<div class=\"col-inner\"  >\n\t\t\t\n\t\t\t\n<h2>Al\u00fcminyum giydirme cephe \u00f6zellikleri<\/h2>\n<ul>\n<li>\u00c7e\u015fitli y\u00fczey renkleri ve zengin g\u00f6r\u00fcnt\u00fc stili.<\/li>\n<li>Al\u00fcminyum ala\u015f\u0131ml\u0131 malzeme, hafif kalite, korozyon \u00f6nleyici, pas \u00f6nleyici, \u015fekillendirmesi kolay.<\/li>\n<li>P\u00fcsk\u00fcrtme veya florokarbon renk \u00e7e\u015fitlili\u011fi, solma yok, renk kayb\u0131 yok, yeni gibi kal\u0131c\u0131, \u015f\u0131k bir atmosfer.<\/li>\n<li>Is\u0131 yal\u0131t\u0131m serisi, \u00fcst d\u00fczey ve l\u00fcks g\u00f6steren m\u00fckemmel performansa sahip Alman ithal Taino r\u00fczgar \u0131s\u0131 yal\u0131t\u0131m \u015feridini benimser.<\/li>\n<\/ul>\n\t\t<\/div>\n\t\t\t\t\t<\/div>\n\n\t\n<\/div>\n\t\t<\/div>\n\n\t\t\n<style>\n#section_1376518972 {\n  padding-top: 30px;\n  padding-bottom: 30px;\n}\n<\/style>\n\t<\/section>","protected":false},"excerpt":{"rendered":"<p>G\u00fcn\u00fcm\u00fczde, giydirme cephe al\u00fcminyum profili y\u00fcksek binalar\u0131n cephelerinde giderek daha fazla kullan\u0131lmaktad\u0131r. \u00d6zel olarak i\u015flenmi\u015f cam\u0131n \u00e7e\u015fitli renkleri ile sade ve atmosferik bir g\u00f6r\u00fcn\u00fcm etkisi sunabilir.<br \/>\nAyr\u0131ca, perde duvar d\u0131\u015f dekorasyonu i\u00e7in al\u00fcminyum ala\u015f\u0131ml\u0131 panjurlar\u0131n farkl\u0131 \u00f6zellikleri ile de e\u015fle\u015ftirilebilir. \u00c7e\u015fitli \u015fekillerle, bu, genel bina cephe tasar\u0131m\u0131n\u0131n moda anlay\u0131\u015f\u0131n\u0131 ger\u00e7ekle\u015ftirebilir.<\/p>","protected":false},"featured_media":2577,"comment_status":"closed","ping_status":"closed","template":"","meta":[],"product_cat":[101],"class_list":["post-2701","product","type-product","status-publish","has-post-thumbnail","hentry","product_cat-aluminum-profile"],"yoast_head":"<!-- This site is optimized with the Yoast SEO plugin v21.5 - https:\/\/yoast.com\/wordpress\/plugins\/seo\/ -->\n<title>Extruded Aluminum Profiles | Aluminum Extrusion Profiles<\/title>\n<meta name=\"description\" content=\"We are a leading China aluminum extrusion profile manufacturer. We have strong productivity and advanced techniques in the aluminum profiles industry.\" \/>\n<meta name=\"robots\" content=\"index, follow, max-snippet:-1, max-image-preview:large, max-video-preview:-1\" \/>\n<link rel=\"canonical\" href=\"https:\/\/metalpie.com\/tr\/alumi\u0307nyum-profi\u0307l\/alumi\u0307nyum-profi\u0307l\/\" \/>\n<meta property=\"og:locale\" content=\"tr_TR\" \/>\n<meta property=\"og:type\" content=\"article\" \/>\n<meta property=\"og:title\" content=\"Extruded Aluminum Profiles | Aluminum Extrusion Profiles\" \/>\n<meta property=\"og:description\" content=\"We are a leading China aluminum extrusion profile manufacturer. We have strong productivity and advanced techniques in the aluminum profiles industry.\" \/>\n<meta property=\"og:url\" content=\"https:\/\/metalpie.com\/tr\/alumi\u0307nyum-profi\u0307l\/alumi\u0307nyum-profi\u0307l\/\" \/>\n<meta property=\"og:site_name\" content=\"METALPIE\" \/>\n<meta property=\"article:modified_time\" content=\"2023-04-11T01:24:21+00:00\" \/>\n<meta property=\"og:image\" content=\"https:\/\/metalpie.com\/wp-content\/uploads\/2022\/10\/Aluminium_Profile_007image.webp\" \/>\n\t<meta property=\"og:image:width\" content=\"1000\" \/>\n\t<meta property=\"og:image:height\" content=\"1000\" \/>\n\t<meta property=\"og:image:type\" content=\"image\/webp\" \/>\n<meta name=\"twitter:card\" content=\"summary_large_image\" \/>\n<meta name=\"twitter:label1\" content=\"Tahmini okuma s\u00fcresi\" \/>\n\t<meta name=\"twitter:data1\" content=\"1 dakika\" \/>\n<script type=\"application\/ld+json\" class=\"yoast-schema-graph\">{\"@context\":\"https:\/\/schema.org\",\"@graph\":[{\"@type\":\"WebPage\",\"@id\":\"https:\/\/metalpie.com\/aluminum-profile\/aluminum-profile\/\",\"url\":\"https:\/\/metalpie.com\/aluminum-profile\/aluminum-profile\/\",\"name\":\"Extruded Aluminum Profiles | Aluminum Extrusion Profiles\",\"isPartOf\":{\"@id\":\"https:\/\/metalpie.com\/#website\"},\"datePublished\":\"2022-10-09T01:09:14+00:00\",\"dateModified\":\"2023-04-11T01:24:21+00:00\",\"description\":\"We are a leading China aluminum extrusion profile manufacturer. We have strong productivity and advanced techniques in the aluminum profiles industry.\",\"breadcrumb\":{\"@id\":\"https:\/\/metalpie.com\/aluminum-profile\/aluminum-profile\/#breadcrumb\"},\"inLanguage\":\"tr\",\"potentialAction\":[{\"@type\":\"ReadAction\",\"target\":[\"https:\/\/metalpie.com\/aluminum-profile\/aluminum-profile\/\"]}]},{\"@type\":\"BreadcrumbList\",\"@id\":\"https:\/\/metalpie.com\/aluminum-profile\/aluminum-profile\/#breadcrumb\",\"itemListElement\":[{\"@type\":\"ListItem\",\"position\":1,\"name\":\"Home\",\"item\":\"https:\/\/metalpie.com\/\"},{\"@type\":\"ListItem\",\"position\":2,\"name\":\"Products\",\"item\":\"https:\/\/metalpie.com\/shop\/\"},{\"@type\":\"ListItem\",\"position\":3,\"name\":\"Aluminum Profile\"}]},{\"@type\":\"WebSite\",\"@id\":\"https:\/\/metalpie.com\/#website\",\"url\":\"https:\/\/metalpie.com\/\",\"name\":\"METALPIE\",\"description\":\"Precision Metal Fabrication | Tools, Processes &amp; More\",\"potentialAction\":[{\"@type\":\"SearchAction\",\"target\":{\"@type\":\"EntryPoint\",\"urlTemplate\":\"https:\/\/metalpie.com\/?s={search_term_string}\"},\"query-input\":\"required name=search_term_string\"}],\"inLanguage\":\"tr\"}]}<\/script>\n<!-- \/ Yoast SEO plugin. -->","yoast_head_json":{"title":"Ekstr\u00fczyon Al\u00fcminyum Profiller | Al\u00fcminyum Ekstr\u00fczyon Profiller","description":"Biz lider bir \u00c7in al\u00fcminyum ekstr\u00fczyon profil \u00fcreticisiyiz. Al\u00fcminyum profil end\u00fcstrisinde g\u00fc\u00e7l\u00fc \u00fcretkenli\u011fe ve geli\u015fmi\u015f tekniklere sahibiz.","robots":{"index":"index","follow":"follow","max-snippet":"max-snippet:-1","max-image-preview":"max-image-preview:large","max-video-preview":"max-video-preview:-1"},"canonical":"https:\/\/metalpie.com\/tr\/alumi\u0307nyum-profi\u0307l\/alumi\u0307nyum-profi\u0307l\/","og_locale":"tr_TR","og_type":"article","og_title":"Extruded Aluminum Profiles | Aluminum Extrusion Profiles","og_description":"We are a leading China aluminum extrusion profile manufacturer. We have strong productivity and advanced techniques in the aluminum profiles industry.","og_url":"https:\/\/metalpie.com\/tr\/alumi\u0307nyum-profi\u0307l\/alumi\u0307nyum-profi\u0307l\/","og_site_name":"METALPIE","article_modified_time":"2023-04-11T01:24:21+00:00","og_image":[{"width":1000,"height":1000,"url":"https:\/\/metalpie.com\/wp-content\/uploads\/2022\/10\/Aluminium_Profile_007image.webp","type":"image\/webp"}],"twitter_card":"summary_large_image","twitter_misc":{"Tahmini okuma s\u00fcresi":"1 dakika"},"schema":{"@context":"https:\/\/schema.org","@graph":[{"@type":"WebPage","@id":"https:\/\/metalpie.com\/aluminum-profile\/aluminum-profile\/","url":"https:\/\/metalpie.com\/aluminum-profile\/aluminum-profile\/","name":"Ekstr\u00fczyon Al\u00fcminyum Profiller | Al\u00fcminyum Ekstr\u00fczyon Profiller","isPartOf":{"@id":"https:\/\/metalpie.com\/#website"},"datePublished":"2022-10-09T01:09:14+00:00","dateModified":"2023-04-11T01:24:21+00:00","description":"Biz lider bir \u00c7in al\u00fcminyum ekstr\u00fczyon profil \u00fcreticisiyiz. Al\u00fcminyum profil end\u00fcstrisinde g\u00fc\u00e7l\u00fc \u00fcretkenli\u011fe ve geli\u015fmi\u015f tekniklere sahibiz.","breadcrumb":{"@id":"https:\/\/metalpie.com\/aluminum-profile\/aluminum-profile\/#breadcrumb"},"inLanguage":"tr","potentialAction":[{"@type":"ReadAction","target":["https:\/\/metalpie.com\/aluminum-profile\/aluminum-profile\/"]}]},{"@type":"BreadcrumbList","@id":"https:\/\/metalpie.com\/aluminum-profile\/aluminum-profile\/#breadcrumb","itemListElement":[{"@type":"ListItem","position":1,"name":"Home","item":"https:\/\/metalpie.com\/"},{"@type":"ListItem","position":2,"name":"Products","item":"https:\/\/metalpie.com\/shop\/"},{"@type":"ListItem","position":3,"name":"Aluminum Profile"}]},{"@type":"WebSite","@id":"https:\/\/metalpie.com\/#website","url":"https:\/\/metalpie.com\/","name":"METALPIE","description":"Hassas Metal \u0130malat\u0131 | Ara\u00e7lar, S\u00fcre\u00e7ler ve Daha Fazlas\u0131","potentialAction":[{"@type":"SearchAction","target":{"@type":"EntryPoint","urlTemplate":"https:\/\/metalpie.com\/?s={search_term_string}"},"query-input":"required name=search_term_string"}],"inLanguage":"tr"}]}},"_links":{"self":[{"href":"https:\/\/metalpie.com\/tr\/wp-json\/wp\/v2\/product\/2701","targetHints":{"allow":["GET"]}}],"collection":[{"href":"https:\/\/metalpie.com\/tr\/wp-json\/wp\/v2\/product"}],"about":[{"href":"https:\/\/metalpie.com\/tr\/wp-json\/wp\/v2\/types\/product"}],"replies":[{"embeddable":true,"href":"https:\/\/metalpie.com\/tr\/wp-json\/wp\/v2\/comments?post=2701"}],"wp:featuredmedia":[{"embeddable":true,"href":"https:\/\/metalpie.com\/tr\/wp-json\/wp\/v2\/media\/2577"}],"wp:attachment":[{"href":"https:\/\/metalpie.com\/tr\/wp-json\/wp\/v2\/media?parent=2701"}],"wp:term":[{"taxonomy":"product_cat","embeddable":true,"href":"https:\/\/metalpie.com\/tr\/wp-json\/wp\/v2\/product_cat?post=2701"}],"curies":[{"name":"wp","href":"https:\/\/api.w.org\/{rel}","templated":true}]}}