{"id":2692,"date":"2022-10-09T09:00:48","date_gmt":"2022-10-09T01:00:48","guid":{"rendered":"https:\/\/metalpie.com\/?post_type=product&#038;p=2692"},"modified":"2023-08-23T14:15:46","modified_gmt":"2023-08-23T06:15:46","slug":"aluminyum-kalip-2","status":"publish","type":"product","link":"https:\/\/metalpie.com\/tr\/aluminyum-kalip\/aluminyum-kalip-2\/","title":{"rendered":"Al\u00fcminyum Kal\u0131p"},"content":{"rendered":"<section class=\"section\" id=\"section_244771546\">\n\t\t<div class=\"bg section-bg fill bg-fill  bg-loaded\" >\n\n\t\t\t\n\t\t\t\n\t\t\t\n\n\t\t<\/div>\n\n\t\t\n\n\t\t<div class=\"section-content relative\">\n\t\t\t\n<div class=\"row\"  id=\"row-468111677\">\n\n\t<div id=\"col-1183061910\" class=\"col small-12 large-12\"  >\n\t\t\t\t<div class=\"col-inner\"  >\n\t\t\t\n\t\t\t\n<h2><strong>Al\u00fcminyum Beton Kal\u0131plar\u0131<\/strong><\/h2>\n<p>D\u00fcnya \u00e7ap\u0131nda daha geli\u015fmi\u015f \u00fclkeler al\u00fcminyum yap\u0131 kal\u0131b\u0131 kullanmaktad\u0131r. Malzeme ve in\u015faat etkileri a\u00e7\u0131s\u0131ndan \u00fcst\u00fcnd\u00fcr. Ayr\u0131ca maliyet b\u00fct\u00e7esi, hizmet \u00f6mr\u00fc ve \u00e7evre koruma a\u00e7\u0131s\u0131ndan da daha iyidir. Al\u00fcminyum kal\u0131p proje maliyetini d\u00fc\u015f\u00fcr\u00fcr, m\u00fchendislik kalitesini art\u0131r\u0131r, in\u015faat\u0131 h\u0131zland\u0131r\u0131r ve s\u00fcre\u00e7te insan hatas\u0131n\u0131 \u00f6nler. B\u00f6ylece in\u015faat i\u015f\u00e7ileri i\u00e7in g\u00fcvenli ve medeni bir \u00e7al\u0131\u015fma ortam\u0131 sa\u011flar.<\/p>\n<div class=\"row\"  id=\"row-513242948\">\n\n\t<div id=\"col-1110536812\" class=\"col medium-6 small-12 large-6\"  >\n\t\t\t\t<div class=\"col-inner\"  >\n\t\t\t\n\t\t\t\n\t<div class=\"img has-hover x md-x lg-x y md-y lg-y\" id=\"image_244777252\">\n\t\t\t\t\t\t\t\t<div class=\"img-inner dark\" >\n\t\t\t<img loading=\"lazy\" decoding=\"async\" width=\"554\" height=\"341\" src=\"https:\/\/metalpie.com\/wp-content\/uploads\/2022\/10\/ALUMINIUM_FORMA_WORK_PLATE_004image.webp\" class=\"attachment-original size-original\" alt=\"\" srcset=\"https:\/\/metalpie.com\/wp-content\/uploads\/2022\/10\/ALUMINIUM_FORMA_WORK_PLATE_004image.webp 554w, https:\/\/metalpie.com\/wp-content\/uploads\/2022\/10\/ALUMINIUM_FORMA_WORK_PLATE_004image-300x185.webp 300w\" sizes=\"auto, (max-width: 554px) 100vw, 554px\" \/>\t\t\t\t\t\t\n\t\t\t\t\t<\/div>\n\t\t\t\t\t\t\t\t\n<style>\n#image_244777252 {\n  width: 100%;\n}\n<\/style>\n\t<\/div>\n\t\n\t\t<\/div>\n\t\t\t\t\t<\/div>\n\n\t\n\n\t<div id=\"col-452019876\" class=\"col medium-6 small-12 large-6\"  >\n\t\t\t\t<div class=\"col-inner\"  >\n\t\t\t\n\t\t\t\n\t\t<\/div>\n\t\t\t\t\t<\/div>\n\n\t\n<\/div>\n\t\t<\/div>\n\t\t\t\t\t<\/div>\n\n\t\n<\/div>\n<div class=\"row\"  id=\"row-985820186\">\n\n\t<div id=\"col-129791798\" class=\"col small-12 large-12\"  >\n\t\t\t\t<div class=\"col-inner\"  >\n\t\t\t\n\t\t\t\n<p>Al\u00fcminyum \u015fablon hafiflik ve esneklik \u00f6zelliklerine sahiptir. Y\u00fcksek sertli\u011fe, uzun hizmet \u00f6mr\u00fcne ve geni\u015f bir plaka y\u00fczeyine sahiptir. Di\u011fer nitelikleri d\u00fc\u015f\u00fck yar\u0131klar, y\u00fcksek hassasiyet ve p\u00fcr\u00fczs\u00fcz y\u00fczeydir. \u0130n\u015faat i\u00e7in makinelere olan ba\u011f\u0131ml\u0131l\u0131\u011f\u0131 d\u00fc\u015f\u00fckt\u00fcr. D\u00fc\u015f\u00fck i\u015f\u00e7ilik ve malzeme maliyetlerini kolayla\u015ft\u0131r\u0131r. Al\u00fcminyum ala\u015f\u0131ml\u0131 \u015fablon geni\u015f bir uygulama aral\u0131\u011f\u0131na, d\u00fc\u015f\u00fck bak\u0131m maliyetine, y\u00fcksek in\u015faat verimlili\u011fine ve y\u00fcksek geri kazan\u0131m de\u011ferine sahiptir.<\/p>\n<div class=\"row\"  id=\"row-54203409\">\n\n\t<div id=\"col-1596545045\" class=\"col medium-6 small-12 large-6\"  >\n\t\t\t\t<div class=\"col-inner\"  >\n\t\t\t\n\t\t\t\n\t<div class=\"img has-hover x md-x lg-x y md-y lg-y\" id=\"image_1258624947\">\n\t\t\t\t\t\t\t\t<div class=\"img-inner dark\" >\n\t\t\t<img loading=\"lazy\" decoding=\"async\" width=\"553\" height=\"369\" src=\"https:\/\/metalpie.com\/wp-content\/uploads\/2022\/10\/ALUMINIUM_FORMA_WORK_PLATE_005image.webp\" class=\"attachment-original size-original\" alt=\"\" srcset=\"https:\/\/metalpie.com\/wp-content\/uploads\/2022\/10\/ALUMINIUM_FORMA_WORK_PLATE_005image.webp 553w, https:\/\/metalpie.com\/wp-content\/uploads\/2022\/10\/ALUMINIUM_FORMA_WORK_PLATE_005image-300x200.webp 300w\" sizes=\"auto, (max-width: 553px) 100vw, 553px\" \/>\t\t\t\t\t\t\n\t\t\t\t\t<\/div>\n\t\t\t\t\t\t\t\t\n<style>\n#image_1258624947 {\n  width: 100%;\n}\n<\/style>\n\t<\/div>\n\t\n\t\t<\/div>\n\t\t\t\t\t<\/div>\n\n\t\n\n\t<div id=\"col-471025552\" class=\"col medium-6 small-12 large-6\"  >\n\t\t\t\t<div class=\"col-inner\"  >\n\t\t\t\n\t\t\t\n\t\t<\/div>\n\t\t\t\t\t<\/div>\n\n\t\n<\/div>\n\t\t<\/div>\n\t\t\t\t\t<\/div>\n\n\t\n<\/div>\n<div class=\"row\"  id=\"row-1899320799\">\n\n\t<div id=\"col-485177640\" class=\"col small-12 large-12\"  >\n\t\t\t\t<div class=\"col-inner\"  >\n\t\t\t\n\t\t\t\n<p>\u00dcr\u00fcn, m\u00fc\u015fteriler taraf\u0131ndan yap\u0131lan bina projelerinin tasar\u0131m \u00e7izimlerine g\u00f6re tasarlanabilir ve i\u015flenebilir. Gergi \u00e7ubu\u011fu plakalar aras\u0131ndaki mesafeyi ayarlayabilir. \u015eablonun kenar\u0131ndaki delikler belirli bir aral\u0131\u011fa g\u00f6re da\u011f\u0131t\u0131lm\u0131\u015ft\u0131r. Ba\u011flant\u0131lar \u00e7o\u011funlukla silindirik ekler ve kama \u015feklindeki eklerdir. Herhangi bir \u015fablonun arkas\u0131ndaki bir diyagonal veya kare, kolayl\u0131k ve pratiklik i\u00e7in s\u0131rtl\u0131k deste\u011fi sa\u011flar.<\/p>\n<div class=\"row\"  id=\"row-1905997380\">\n\n\t<div id=\"col-659304934\" class=\"col medium-6 small-12 large-6\"  >\n\t\t\t\t<div class=\"col-inner\"  >\n\t\t\t\n\t\t\t\n\t<div class=\"img has-hover x md-x lg-x y md-y lg-y\" id=\"image_118609140\">\n\t\t\t\t\t\t\t\t<div class=\"img-inner dark\" >\n\t\t\t<img loading=\"lazy\" decoding=\"async\" width=\"554\" height=\"342\" src=\"https:\/\/metalpie.com\/wp-content\/uploads\/2022\/10\/ALUMINIUM_FORMA_WORK_PLATE_006image.webp\" class=\"attachment-original size-original\" alt=\"\" srcset=\"https:\/\/metalpie.com\/wp-content\/uploads\/2022\/10\/ALUMINIUM_FORMA_WORK_PLATE_006image.webp 554w, https:\/\/metalpie.com\/wp-content\/uploads\/2022\/10\/ALUMINIUM_FORMA_WORK_PLATE_006image-300x185.webp 300w\" sizes=\"auto, (max-width: 554px) 100vw, 554px\" \/>\t\t\t\t\t\t\n\t\t\t\t\t<\/div>\n\t\t\t\t\t\t\t\t\n<style>\n#image_118609140 {\n  width: 100%;\n}\n<\/style>\n\t<\/div>\n\t\n\t\t<\/div>\n\t\t\t\t\t<\/div>\n\n\t\n\n\t<div id=\"col-545117229\" class=\"col medium-6 small-12 large-6\"  >\n\t\t\t\t<div class=\"col-inner\"  >\n\t\t\t\n\t\t\t\n\t\t<\/div>\n\t\t\t\t\t<\/div>\n\n\t\n<\/div>\n\t\t<\/div>\n\t\t\t\t\t<\/div>\n\n\t\n<\/div>\n<div class=\"row\"  id=\"row-418607829\">\n\n\t<div id=\"col-842534455\" class=\"col small-12 large-12\"  >\n\t\t\t\t<div class=\"col-inner\"  >\n\t\t\t\n\t\t\t\n<h3>\u00a0Al\u00fcminyum Kal\u0131p Ne \u0130\u015fe Yarar?<\/h3>\n<p>Al\u00fcminyum ala\u015f\u0131ml\u0131 bina kal\u0131b\u0131, \u015fablonlar\u0131 kullanmak i\u00e7in uygundur. Bunlar duvar kal\u0131b\u0131, yatay zemin, kolon, kiri\u015f, paletli ve k\u00f6pr\u00fc kal\u0131b\u0131 olabilir. K\u00fc\u00e7\u00fck, orta veya b\u00fcy\u00fck bir \u015fablon haline getirilir. \u00dcr\u00fcn\u00fcn a\u011f\u0131rl\u0131\u011f\u0131 hafiftir, tamamen insan yap\u0131m\u0131 olabilir ve mekanik kald\u0131rma i\u015fleminden sonra da olu\u015fturulabilir. Birincil ba\u011flant\u0131 bir kama pimi ba\u011flant\u0131s\u0131d\u0131r. Yap\u0131 genellikle sadece bir anahtar veya k\u00fc\u00e7\u00fck bir \u00e7eki\u00e7 gerektirir, bu da kullan\u0131\u015fl\u0131 ve h\u0131zl\u0131d\u0131r. Kurulumdan \u00f6nce, sadece in\u015faat personelini basit\u00e7e e\u011fitmek gerekir. Al\u00fcminyum kal\u0131p sistemi nas\u0131l kullan\u0131l\u0131rsa kullan\u0131ls\u0131n, temel y\u00f6ntemler ve bile\u015fenler ayn\u0131d\u0131r ve in\u015faat\u00e7\u0131lar bunlar\u0131 ustaca kullanabilir. Sonu\u00e7 olarak, \u015fablonun hassasiyeti y\u00fcksektir. Ayr\u0131ca ikincil s\u0131va ve i\u015f\u00e7ilik maliyetlerinden tasarruf sa\u011flar ve binaya daha y\u00fcksek bir kalite g\u00fcvenli\u011fi fakt\u00f6r\u00fc kazand\u0131r\u0131r.<\/p>\n<p>Al\u00fcminyum Ala\u015f\u0131ml\u0131 yap\u0131 \u015fablonu daha y\u00fcksek bir geri kazan\u0131m de\u011ferine ve daha d\u00fc\u015f\u00fck maliyet payla\u015f\u0131m\u0131na sahiptir. Geli\u015fmi\u015f \u00fclkelerde ve b\u00f6lgelerde on y\u0131ldan fazla bir ge\u00e7mi\u015fe sahip olan bu \u00fcr\u00fcn, g\u00fcn\u00fcm\u00fczde giderek daha pop\u00fcler hale gelmektedir. A\u00e7\u0131k avantajlar\u0131 nedeniyle, ayn\u0131 zamanda yenilenebilir enerjidir. Gelecekteki geli\u015fim y\u00f6n\u00fc olan \"d\u00f6rt b\u00f6l\u00fcm ve bir \u00e7evre korumas\u0131na\" ba\u011fl\u0131d\u0131r.<\/p>\n<div class=\"row\"  id=\"row-144923319\">\n\n\t<div id=\"col-697129533\" class=\"col medium-6 small-12 large-6\"  >\n\t\t\t\t<div class=\"col-inner\"  >\n\t\t\t\n\t\t\t\n\t<div class=\"img has-hover x md-x lg-x y md-y lg-y\" id=\"image_1574196225\">\n\t\t\t\t\t\t\t\t<div class=\"img-inner dark\" >\n\t\t\t<img loading=\"lazy\" decoding=\"async\" width=\"553\" height=\"337\" src=\"https:\/\/metalpie.com\/wp-content\/uploads\/2022\/10\/ALUMINIUM_FORMA_WORK_PLATE_007image.webp\" class=\"attachment-original size-original\" alt=\"\" srcset=\"https:\/\/metalpie.com\/wp-content\/uploads\/2022\/10\/ALUMINIUM_FORMA_WORK_PLATE_007image.webp 553w, https:\/\/metalpie.com\/wp-content\/uploads\/2022\/10\/ALUMINIUM_FORMA_WORK_PLATE_007image-300x183.webp 300w\" sizes=\"auto, (max-width: 553px) 100vw, 553px\" \/>\t\t\t\t\t\t\n\t\t\t\t\t<\/div>\n\t\t\t\t\t\t\t\t\n<style>\n#image_1574196225 {\n  width: 100%;\n}\n<\/style>\n\t<\/div>\n\t\n\t\t<\/div>\n\t\t\t\t\t<\/div>\n\n\t\n\n\t<div id=\"col-1306673065\" class=\"col medium-6 small-12 large-6\"  >\n\t\t\t\t<div class=\"col-inner\"  >\n\t\t\t\n\t\t\t\n\t\t<\/div>\n\t\t\t\t\t<\/div>\n\n\t\n<\/div>\n\t\t<\/div>\n\t\t\t\t\t<\/div>\n\n\t\n<\/div>\n<div class=\"row\"  id=\"row-1311501253\">\n\n\t<div id=\"col-1194830417\" class=\"col small-12 large-12\"  >\n\t\t\t\t<div class=\"col-inner\"  >\n\t\t\t\n\t\t\t\n<h2>Al\u00fcminyum beton kal\u0131plar\u0131n en \u00f6nemli 10 avantaj\u0131<\/h2>\n<div><\/div>\n<h3>1 D\u00fc\u015f\u00fck maliyet:<\/h3>\n<div><\/div>\n<div>Al\u00fcminyum Kal\u0131p sistemi, son derece dayan\u0131kl\u0131 bir bile\u015fen olan ve \u00e7ok ekonomik bir oranda 300'den fazla kez tekrar tekrar kullan\u0131labilen Al\u00fcminyum Ala\u015f\u0131ml\u0131 ekstr\u00fczyon malzemesi a.k.a 6061-T6 i\u00e7erir. Bunun nedeni, kullan\u0131m\u0131 i\u00e7in daha az bak\u0131m ve beceri gerektirmesi ve hafif yap\u0131s\u0131 nedeniyle a\u011f\u0131r makinelerin m\u00fcdahalesi olmadan kolayca kald\u0131r\u0131l\u0131p ta\u015f\u0131nabilmesidir.<\/div>\n<div><\/div>\n<h3>2 G\u00fcvenli ve verimli:<\/h3>\n<div><\/div>\n<div>Hafif ve sa\u011flam yap\u0131s\u0131, y\u00fcksek binalar ve daireler i\u00e7in g\u00fc\u00e7l\u00fc bir \u00e7er\u00e7eve sa\u011flar ve ayr\u0131ca i\u015f\u00e7iler i\u00e7in g\u00fcvenli bir \u015fantiye alan\u0131 sunar. Ayr\u0131ca, a\u015f\u0131nd\u0131r\u0131c\u0131 ve geri d\u00f6n\u00fc\u015ft\u00fcr\u00fclemeyen \u00e7elik, kontrplak ve plastik gibi di\u011fer kal\u0131p malzemelerinin aksine temizlenmesi ve onar\u0131lmas\u0131 kolayd\u0131r.<\/div>\n<div><\/div>\n<h3>3 Zaman a\u00e7\u0131s\u0131ndan verimli kurulum:<\/h3>\n<div><\/div>\n<div>Ala\u015f\u0131ml\u0131 kal\u0131p, in\u015faat s\u00fcresini k\u0131saltan ve y\u00f6netim maliyetlerinden tasarruf sa\u011flayan h\u0131zl\u0131 bir montaj ve s\u00f6kme sistemidir. A\u011f\u0131rl\u0131\u011f\u0131 23-24 kg\/m2 civar\u0131nda olan kal\u0131p, makine kullan\u0131lmadan manuel olarak monte edilebilir. Vas\u0131fl\u0131 bir montaj i\u015f\u00e7isi, minimum denetimle g\u00fcnde 20-30 metrekare kurabilir.<\/div>\n<div><\/div>\n<h3>4 Geni\u015f uygulama ve esneklik:<\/h3>\n<div><\/div>\n<div>Al\u00fcminyum kal\u0131p, duvarlar, yatay zeminler, kolonlar, kiri\u015fler, merdivenler, denizlikler, kanatlar vb. gibi \u00e7ok \u00e7e\u015fitli cihazlara yerle\u015ftirilebilir ve halka kiri\u015fler, yap\u0131sal kolonlar ve \u00e7arpma \u00f6nleyiciler i\u00e7in yap\u0131sal destek sunar. Ayr\u0131ca, al\u00fcminyum \u015fablon farkl\u0131 standart boyutlarda ve \u00f6l\u00e7\u00fclerde gelir ve proje gereksinimlerine g\u00f6re uyarlanabilir.<\/div>\n<div><\/div>\n<h3>5 \u00c7evre dostu:<\/h3>\n<div><\/div>\n<div>Al\u00fcminyum ala\u015f\u0131ml\u0131 kal\u0131plar\u0131n yerle\u015ftirilmesi ve kurulumu \u015fantiyede \u00e7ok az kal\u0131nt\u0131 b\u0131rak\u0131r veya hi\u00e7 kal\u0131nt\u0131 b\u0131rakmaz. Kal\u0131p, proje tamamland\u0131ktan sonra kolayca s\u00f6k\u00fclebilir ve kald\u0131r\u0131labilir, b\u00f6ylece t\u00fcm in\u015faat ortam\u0131n\u0131 g\u00fcvenli, temiz ve d\u00fczenli tutar. Ayr\u0131ca, al\u00fcminyum kal\u0131p sisteminin t\u00fcm malzemeleri enerji tasarrufu, \u00e7evre koruma ve d\u00fc\u015f\u00fck karbon emisyonu y\u00f6netmeliklerine uygundur.<\/div>\n<div><\/div>\n<h3>6 G\u00fcvenilir Dayan\u0131kl\u0131l\u0131k:<\/h3>\n<div><\/div>\n<div>Kal\u0131p, sa\u011flam stabilite ve metrekare ba\u015f\u0131na 60 kg'a kadar patlay\u0131c\u0131 ta\u015f\u0131ma kapasitesi sa\u011flayan Al\u00fcminyum Ala\u015f\u0131ml\u0131 Plakadan olu\u015fur. Kal\u0131p, in\u015faat s\u00fcrecini daha da kolayla\u015ft\u0131rabilecek \u00e7ok fazla bas\u0131n\u00e7 ve a\u011f\u0131r makine a\u011f\u0131rl\u0131\u011f\u0131na dayanabilir.<\/div>\n<div><\/div>\n<h3>7 Kullan\u0131\u015fl\u0131 destek sistemi:<\/h3>\n<div><\/div>\n<div>Daha y\u00fcksek maliyetli tam \u00e7er\u00e7eveleme i\u00e7eren geleneksel in\u015faat y\u00f6ntemlerinin aksine, al\u00fcminyum \u015fablon i\u00e7in destek \u00e7ubuklar\u0131 nispeten daha ucuzdur (her ba\u011f\u0131ms\u0131z destek aras\u0131ndaki aral\u0131k yakla\u015f\u0131k 1350 mm), bu nedenle daha geni\u015f bir \u00e7al\u0131\u015fma alan\u0131, personel eri\u015fimi ve kolay saha y\u00f6netimi i\u00e7in malzeme ta\u015f\u0131ma sa\u011flar.<\/div>\n<div><\/div>\n<h3>8 Daha Y\u00fcksek Hal\u0131 Alan\u0131<\/h3>\n<div><\/div>\n<div>Kal\u0131p sistemi, daha az yer kaplayan ve in\u015faat faaliyetlerinin sorunsuz ak\u0131\u015f\u0131 i\u00e7in daha geni\u015f bir y\u00fczey alan\u0131 sunan ince perde duvarlardan olu\u015fur. Sonu\u00e7 olarak, in\u015faat projelerini h\u0131zland\u0131rmak i\u00e7in herhangi bir zamanda \u00f6nemli miktarda makine ve i\u015fg\u00fcc\u00fc kullan\u0131labilir.<\/div>\n<div><\/div>\n<h3>9 Y\u00fcksek sovtaj de\u011feri:<\/h3>\n<div><\/div>\n<div>Al\u00fcminyum kal\u0131plar\u0131n hurda de\u011feri y\u00fcksektir. Yani, malzeme 100% geri d\u00f6n\u00fc\u015ft\u00fcr\u00fclebilir ve birden fazla in\u015faat projesinde yeniden kullan\u0131labilen at\u0131k \u015feklinde kaz\u0131n\u0131r.<\/div>\n<div><\/div>\n<div><\/div>\n<h3>10 \u0130yi y\u00fczey efektleri:<\/h3>\n<div><\/div>\n<div>Al\u00fcminyum ala\u015f\u0131ml\u0131 kal\u0131b\u0131n \u00e7\u0131kar\u0131lmas\u0131 kolayd\u0131r ve \u00e7\u0131kar\u0131ld\u0131ktan sonra beton y\u00fczeyin kalitesi \u00fczerinde herhangi bir olumsuz etkisi yoktur. Y\u00fczey p\u00fcr\u00fczs\u00fcz ve d\u00fczenli kal\u0131r ve dolay\u0131s\u0131yla i\u00e7 ve d\u0131\u015f s\u0131vaya yat\u0131r\u0131m yapma ihtiyac\u0131n\u0131 ortadan kald\u0131r\u0131r.<\/div>\n<div class=\"row\"  id=\"row-1590412164\">\n\n\t<div id=\"col-1347916418\" class=\"col medium-6 small-12 large-6\"  >\n\t\t\t\t<div class=\"col-inner\"  >\n\t\t\t\n\t\t\t\n\t<div class=\"img has-hover x md-x lg-x y md-y lg-y\" id=\"image_552420694\">\n\t\t\t\t\t\t\t\t<div class=\"img-inner dark\" >\n\t\t\t<img loading=\"lazy\" decoding=\"async\" width=\"553\" height=\"369\" src=\"https:\/\/metalpie.com\/wp-content\/uploads\/2022\/10\/ALUMINIUM_FORMA_WORK_PLATE_008image.webp\" class=\"attachment-original size-original\" alt=\"\" srcset=\"https:\/\/metalpie.com\/wp-content\/uploads\/2022\/10\/ALUMINIUM_FORMA_WORK_PLATE_008image.webp 553w, https:\/\/metalpie.com\/wp-content\/uploads\/2022\/10\/ALUMINIUM_FORMA_WORK_PLATE_008image-300x200.webp 300w\" sizes=\"auto, (max-width: 553px) 100vw, 553px\" \/>\t\t\t\t\t\t\n\t\t\t\t\t<\/div>\n\t\t\t\t\t\t\t\t\n<style>\n#image_552420694 {\n  width: 100%;\n}\n<\/style>\n\t<\/div>\n\t\n\t\t<\/div>\n\t\t\t\t\t<\/div>\n\n\t\n\n\t<div id=\"col-1819249012\" class=\"col medium-6 small-12 large-6\"  >\n\t\t\t\t<div class=\"col-inner\"  >\n\t\t\t\n\t\t\t\n\t\t<\/div>\n\t\t\t\t\t<\/div>\n\n\t\n<\/div>\n\t\t<\/div>\n\t\t\t\t\t<\/div>\n\n\t\n<\/div>\n<div class=\"row\"  id=\"row-917655287\">\n\n\t<div id=\"col-1219677018\" class=\"col small-12 large-12\"  >\n\t\t\t\t<div class=\"col-inner\"  >\n\t\t\t\n\t\t\t\n<h2>Shandong Huajian Al\u00fcminyum yeni bir bina kal\u0131b\u0131 modeli yarat\u0131yor.<\/h2>\n<p>Shandong Hualv Kal\u0131p Co, Ltd Linqu County, Shandong Eyaleti Longshan y\u00fcksek teknoloji End\u00fcstri Park\u0131'nda yer almaktad\u0131r. Bu 200 mu'dan fazla bir alana ve 170.000 metrekareden fazla bir alana sahip kapsaml\u0131 bir kurulu\u015ftur. Al\u00fcminyum ala\u015f\u0131ml\u0131 kal\u0131p ve al\u00fcminyum ala\u015f\u0131ml\u0131 kal\u0131p kapasitesine sahiptir. \u00dcretim kapasitesi y\u0131lda 200.000 metrekaredir. Sahip oldu\u011fu<\/p>\n<ul>\n<li>geli\u015fmi\u015f al\u00fcminyum ala\u015f\u0131ml\u0131 \u015fablon \u00fcretim hatt\u0131 5.<\/li>\n<li>otomatik ayarlanabilir elektronik besleme testeresi 8.<\/li>\n<li>say\u0131sal kontrol cetvel testeresi 8,<\/li>\n<li>keyfi a\u00e7\u0131l\u0131 say\u0131sal kontrol testeresi 4,<\/li>\n<li>Kuka \u00e7ift pozisyonlu kaynak robotu.<\/li>\n<li>s\u0131k\u0131 \u00fcretim y\u00f6netim sistemi<\/li>\n<li>bilimsel s\u00fcre\u00e7 ve ileri i\u015fleme teknolojisi.<\/li>\n<\/ul>\n<p>\u00dcr\u00fcn geli\u015ftirme, tasar\u0131m ve kalite kontrol merkezi ile tamamlanm\u0131\u015ft\u0131r. Huajian, \u00fcr\u00fcn kalitesinin s\u0131k\u0131 kontrol\u00fcn\u00fc ve kullan\u0131c\u0131lar i\u00e7in 6S y\u00f6netim y\u00f6nteminin uygulanmas\u0131n\u0131 takip eder. Bu, birinci s\u0131n\u0131f \u00fcr\u00fcnlerin ve y\u00fcksek kaliteli hizmetlerin olu\u015fturulmas\u0131n\u0131 sa\u011flar.<\/p>\n\t\t<\/div>\n\t\t\t\t\t<\/div>\n\n\t\n<\/div>\n\t\t<\/div>\n\n\t\t\n<style>\n#section_244771546 {\n  padding-top: 30px;\n  padding-bottom: 30px;\n}\n<\/style>\n\t<\/section>","protected":false},"excerpt":{"rendered":"<p>D\u00fcnya \u00e7ap\u0131nda daha geli\u015fmi\u015f \u00fclkeler al\u00fcminyum kal\u0131p kullanmaktad\u0131r. Al\u00fcminyum kal\u0131p, malzeme ve in\u015faat etkileri a\u00e7\u0131s\u0131ndan \u00fcst\u00fcnd\u00fcr. Ayr\u0131ca maliyet b\u00fct\u00e7esi, hizmet \u00f6mr\u00fc ve \u00e7evre koruma a\u00e7\u0131s\u0131ndan da daha iyidir. Al\u00fcminyum kal\u0131p proje maliyetini d\u00fc\u015f\u00fcr\u00fcr, m\u00fchendislik kalitesini art\u0131r\u0131r, in\u015faat\u0131 h\u0131zland\u0131r\u0131r ve s\u00fcre\u00e7te insan hatas\u0131n\u0131 \u00f6nler. B\u00f6ylece in\u015faat i\u015f\u00e7ileri i\u00e7in g\u00fcvenli ve medeni bir \u00e7al\u0131\u015fma ortam\u0131 sa\u011flar.<\/p>","protected":false},"featured_media":2693,"comment_status":"closed","ping_status":"closed","template":"","meta":[],"product_cat":[97],"class_list":["post-2692","product","type-product","status-publish","has-post-thumbnail","hentry","product_cat-aluminum-formwork"],"yoast_head":"<!-- This site is optimized with the Yoast SEO plugin v21.5 - https:\/\/yoast.com\/wordpress\/plugins\/seo\/ -->\n<title>Aluminum Formwork Suppliers | Aluminum Concrete Forms<\/title>\n<meta name=\"description\" content=\"Aluminum formwork is a popular construction material. Huajian delivers high-quality aluminum concrete forms for our customers.\" \/>\n<meta name=\"robots\" content=\"index, follow, max-snippet:-1, max-image-preview:large, max-video-preview:-1\" \/>\n<link rel=\"canonical\" href=\"https:\/\/metalpie.com\/tr\/aluminyum-kalip\/aluminyum-kalip-2\/\" \/>\n<meta property=\"og:locale\" content=\"tr_TR\" \/>\n<meta property=\"og:type\" content=\"article\" \/>\n<meta property=\"og:title\" content=\"Aluminum Formwork Suppliers | Aluminum Concrete Forms\" \/>\n<meta property=\"og:description\" content=\"Aluminum formwork is a popular construction material. Huajian delivers high-quality aluminum concrete forms for our customers.\" \/>\n<meta property=\"og:url\" content=\"https:\/\/metalpie.com\/tr\/aluminyum-kalip\/aluminyum-kalip-2\/\" \/>\n<meta property=\"og:site_name\" content=\"METALPIE\" \/>\n<meta property=\"article:modified_time\" content=\"2023-08-23T06:15:46+00:00\" \/>\n<meta property=\"og:image\" content=\"https:\/\/metalpie.com\/wp-content\/uploads\/2022\/10\/ALUMINIUM_FORMA_WORK_PLATE_001image.webp\" \/>\n\t<meta property=\"og:image:width\" content=\"800\" \/>\n\t<meta property=\"og:image:height\" content=\"800\" \/>\n\t<meta property=\"og:image:type\" content=\"image\/webp\" \/>\n<meta name=\"twitter:card\" content=\"summary_large_image\" \/>\n<meta name=\"twitter:label1\" content=\"Tahmini okuma s\u00fcresi\" \/>\n\t<meta name=\"twitter:data1\" content=\"6 dakika\" \/>\n<script type=\"application\/ld+json\" class=\"yoast-schema-graph\">{\"@context\":\"https:\/\/schema.org\",\"@graph\":[{\"@type\":\"WebPage\",\"@id\":\"https:\/\/metalpie.com\/pt\/formas-de-aluminio\/formas-de-aluminio-2\/\",\"url\":\"https:\/\/metalpie.com\/pt\/formas-de-aluminio\/formas-de-aluminio-2\/\",\"name\":\"Aluminum Formwork Suppliers | Aluminum Concrete Forms\",\"isPartOf\":{\"@id\":\"https:\/\/metalpie.com\/#website\"},\"datePublished\":\"2022-10-09T01:00:48+00:00\",\"dateModified\":\"2023-08-23T06:15:46+00:00\",\"description\":\"Aluminum formwork is a popular construction material. Huajian delivers high-quality aluminum concrete forms for our customers.\",\"breadcrumb\":{\"@id\":\"https:\/\/metalpie.com\/pt\/formas-de-aluminio\/formas-de-aluminio-2\/#breadcrumb\"},\"inLanguage\":\"tr\",\"potentialAction\":[{\"@type\":\"ReadAction\",\"target\":[\"https:\/\/metalpie.com\/pt\/formas-de-aluminio\/formas-de-aluminio-2\/\"]}]},{\"@type\":\"BreadcrumbList\",\"@id\":\"https:\/\/metalpie.com\/pt\/formas-de-aluminio\/formas-de-aluminio-2\/#breadcrumb\",\"itemListElement\":[{\"@type\":\"ListItem\",\"position\":1,\"name\":\"Home\",\"item\":\"https:\/\/metalpie.com\/\"},{\"@type\":\"ListItem\",\"position\":2,\"name\":\"Products\",\"item\":\"https:\/\/metalpie.com\/shop\/\"},{\"@type\":\"ListItem\",\"position\":3,\"name\":\"Aluminium Formwork\"}]},{\"@type\":\"WebSite\",\"@id\":\"https:\/\/metalpie.com\/#website\",\"url\":\"https:\/\/metalpie.com\/\",\"name\":\"METALPIE\",\"description\":\"Precision Metal Fabrication | Tools, Processes &amp; More\",\"potentialAction\":[{\"@type\":\"SearchAction\",\"target\":{\"@type\":\"EntryPoint\",\"urlTemplate\":\"https:\/\/metalpie.com\/?s={search_term_string}\"},\"query-input\":\"required name=search_term_string\"}],\"inLanguage\":\"tr\"}]}<\/script>\n<!-- \/ Yoast SEO plugin. -->","yoast_head_json":{"title":"Al\u00fcminyum Kal\u0131p Tedarik\u00e7ileri | Al\u00fcminyum Beton Kal\u0131plar\u0131","description":"Al\u00fcminyum kal\u0131p pop\u00fcler bir in\u015faat malzemesidir. Huajian, m\u00fc\u015fterilerimiz i\u00e7in y\u00fcksek kaliteli al\u00fcminyum beton formlar\u0131 sunar.","robots":{"index":"index","follow":"follow","max-snippet":"max-snippet:-1","max-image-preview":"max-image-preview:large","max-video-preview":"max-video-preview:-1"},"canonical":"https:\/\/metalpie.com\/tr\/aluminyum-kalip\/aluminyum-kalip-2\/","og_locale":"tr_TR","og_type":"article","og_title":"Aluminum Formwork Suppliers | Aluminum Concrete Forms","og_description":"Aluminum formwork is a popular construction material. Huajian delivers high-quality aluminum concrete forms for our customers.","og_url":"https:\/\/metalpie.com\/tr\/aluminyum-kalip\/aluminyum-kalip-2\/","og_site_name":"METALPIE","article_modified_time":"2023-08-23T06:15:46+00:00","og_image":[{"width":800,"height":800,"url":"https:\/\/metalpie.com\/wp-content\/uploads\/2022\/10\/ALUMINIUM_FORMA_WORK_PLATE_001image.webp","type":"image\/webp"}],"twitter_card":"summary_large_image","twitter_misc":{"Tahmini okuma s\u00fcresi":"6 dakika"},"schema":{"@context":"https:\/\/schema.org","@graph":[{"@type":"WebPage","@id":"https:\/\/metalpie.com\/pt\/formas-de-aluminio\/formas-de-aluminio-2\/","url":"https:\/\/metalpie.com\/pt\/formas-de-aluminio\/formas-de-aluminio-2\/","name":"Al\u00fcminyum Kal\u0131p Tedarik\u00e7ileri | Al\u00fcminyum Beton Kal\u0131plar\u0131","isPartOf":{"@id":"https:\/\/metalpie.com\/#website"},"datePublished":"2022-10-09T01:00:48+00:00","dateModified":"2023-08-23T06:15:46+00:00","description":"Al\u00fcminyum kal\u0131p pop\u00fcler bir in\u015faat malzemesidir. Huajian, m\u00fc\u015fterilerimiz i\u00e7in y\u00fcksek kaliteli al\u00fcminyum beton formlar\u0131 sunar.","breadcrumb":{"@id":"https:\/\/metalpie.com\/pt\/formas-de-aluminio\/formas-de-aluminio-2\/#breadcrumb"},"inLanguage":"tr","potentialAction":[{"@type":"ReadAction","target":["https:\/\/metalpie.com\/pt\/formas-de-aluminio\/formas-de-aluminio-2\/"]}]},{"@type":"BreadcrumbList","@id":"https:\/\/metalpie.com\/pt\/formas-de-aluminio\/formas-de-aluminio-2\/#breadcrumb","itemListElement":[{"@type":"ListItem","position":1,"name":"Home","item":"https:\/\/metalpie.com\/"},{"@type":"ListItem","position":2,"name":"Products","item":"https:\/\/metalpie.com\/shop\/"},{"@type":"ListItem","position":3,"name":"Aluminium Formwork"}]},{"@type":"WebSite","@id":"https:\/\/metalpie.com\/#website","url":"https:\/\/metalpie.com\/","name":"METALPIE","description":"Hassas Metal \u0130malat\u0131 | Ara\u00e7lar, S\u00fcre\u00e7ler ve Daha Fazlas\u0131","potentialAction":[{"@type":"SearchAction","target":{"@type":"EntryPoint","urlTemplate":"https:\/\/metalpie.com\/?s={search_term_string}"},"query-input":"required name=search_term_string"}],"inLanguage":"tr"}]}},"_links":{"self":[{"href":"https:\/\/metalpie.com\/tr\/wp-json\/wp\/v2\/product\/2692","targetHints":{"allow":["GET"]}}],"collection":[{"href":"https:\/\/metalpie.com\/tr\/wp-json\/wp\/v2\/product"}],"about":[{"href":"https:\/\/metalpie.com\/tr\/wp-json\/wp\/v2\/types\/product"}],"replies":[{"embeddable":true,"href":"https:\/\/metalpie.com\/tr\/wp-json\/wp\/v2\/comments?post=2692"}],"wp:featuredmedia":[{"embeddable":true,"href":"https:\/\/metalpie.com\/tr\/wp-json\/wp\/v2\/media\/2693"}],"wp:attachment":[{"href":"https:\/\/metalpie.com\/tr\/wp-json\/wp\/v2\/media?parent=2692"}],"wp:term":[{"taxonomy":"product_cat","embeddable":true,"href":"https:\/\/metalpie.com\/tr\/wp-json\/wp\/v2\/product_cat?post=2692"}],"curies":[{"name":"wp","href":"https:\/\/api.w.org\/{rel}","templated":true}]}}