{"id":2651,"date":"2022-10-08T22:04:59","date_gmt":"2022-10-08T14:04:59","guid":{"rendered":"https:\/\/metalpie.com\/?post_type=product&#038;p=2651"},"modified":"2022-10-08T22:11:00","modified_gmt":"2022-10-08T14:11:00","slug":"otomobi%cc%87l-alumi%cc%87nyum-profi%cc%87li%cc%87","status":"publish","type":"product","link":"https:\/\/metalpie.com\/tr\/alumi%cc%87nyum-araclar\/otomobi%cc%87l-alumi%cc%87nyum-profi%cc%87li%cc%87\/","title":{"rendered":"Otomobil Al\u00fcminyum Profil"},"content":{"rendered":"<section class=\"section\" id=\"section_1182156496\">\n\t\t<div class=\"bg section-bg fill bg-fill  bg-loaded\" >\n\n\t\t\t\n\t\t\t\n\t\t\t\n\n\t\t<\/div>\n\n\t\t\n\n\t\t<div class=\"section-content relative\">\n\t\t\t\n<div class=\"row align-middle\"  id=\"row-2010587141\">\n\n\t<div id=\"col-1137104025\" class=\"col medium-6 small-12 large-6\"  >\n\t\t\t\t<div class=\"col-inner\"  >\n\t\t\t\n\t\t\t\n\t<div class=\"img has-hover x md-x lg-x y md-y lg-y\" id=\"image_141831609\">\n\t\t\t\t\t\t\t\t<div class=\"img-inner dark\" >\n\t\t\t<img loading=\"lazy\" decoding=\"async\" width=\"652\" height=\"490\" src=\"https:\/\/metalpie.com\/wp-content\/uploads\/2022\/10\/AUTOMOBILE_ALUMINIUM_PROFILE_004image.webp\" class=\"attachment-original size-original\" alt=\"\" srcset=\"https:\/\/metalpie.com\/wp-content\/uploads\/2022\/10\/AUTOMOBILE_ALUMINIUM_PROFILE_004image.webp 652w, https:\/\/metalpie.com\/wp-content\/uploads\/2022\/10\/AUTOMOBILE_ALUMINIUM_PROFILE_004image-300x225.webp 300w\" sizes=\"auto, (max-width: 652px) 100vw, 652px\" \/>\t\t\t\t\t\t\n\t\t\t\t\t<\/div>\n\t\t\t\t\t\t\t\t\n<style>\n#image_141831609 {\n  width: 100%;\n}\n<\/style>\n\t<\/div>\n\t\n\t\t<\/div>\n\t\t\t\t\t<\/div>\n\n\t\n\n\t<div id=\"col-964256295\" class=\"col medium-6 small-12 large-6\"  >\n\t\t\t\t<div class=\"col-inner\"  >\n\t\t\t\n\t\t\t\n<p>Huajian Al\u00fcminyum grubu ara\u015ft\u0131rmas\u0131, enerji t\u00fcketiminin yakla\u015f\u0131k 75%'sinin otomobilin a\u011f\u0131rl\u0131\u011f\u0131yla ilgili oldu\u011funu, otomobilin a\u011f\u0131rl\u0131\u011f\u0131n\u0131 azaltman\u0131n yak\u0131t t\u00fcketimini ve emisyonlar\u0131 etkili bir \u015fekilde azaltabilece\u011fini g\u00f6stermektedir. \u00c7elik ile kar\u015f\u0131la\u015ft\u0131r\u0131ld\u0131\u011f\u0131nda al\u00fcminyumun belirgin avantajlar\u0131 vard\u0131r. Al\u00fcminyumun yo\u011funlu\u011fu \u00e7eli\u011fin sadece yakla\u015f\u0131k 1\/3'\u00fc kadard\u0131r. Ayn\u0131 zamanda al\u00fcminyum, yerli end\u00fcstriyel malzemeler aras\u0131nda \u00e7elikten sonra ikinci s\u0131rada yer almaktad\u0131r. \u00dcretim ve tedarik end\u00fcstrisinde \u00e7ok olgunla\u015fm\u0131\u015ft\u0131r ve otomotiv end\u00fcstrisine istikrarl\u0131 bir \u015fekilde tedarik etme kabiliyetine sahiptir, bu da otomotiv end\u00fcstrisinin kalite kontrol sistemi i\u00e7in gereksinimlerini kar\u015f\u0131layabilir.<\/p>\n\t\t<\/div>\n\t\t\t\t\t<\/div>\n\n\t\n<\/div>\n<div class=\"row\"  id=\"row-438565928\">\n\n\t<div id=\"col-487624989\" class=\"col small-12 large-12\"  >\n\t\t\t\t<div class=\"col-inner\"  >\n\t\t\t\n\t\t\t\n\t<div class=\"img has-hover x md-x lg-x y md-y lg-y\" id=\"image_489194049\">\n\t\t\t\t\t\t\t\t<div class=\"img-inner dark\" >\n\t\t\t<img loading=\"lazy\" decoding=\"async\" width=\"747\" height=\"484\" src=\"https:\/\/metalpie.com\/wp-content\/uploads\/2022\/10\/AUTOMOBILE_ALUMINIUM_PROFILE_005image.webp\" class=\"attachment-original size-original\" alt=\"\" srcset=\"https:\/\/metalpie.com\/wp-content\/uploads\/2022\/10\/AUTOMOBILE_ALUMINIUM_PROFILE_005image.webp 747w, https:\/\/metalpie.com\/wp-content\/uploads\/2022\/10\/AUTOMOBILE_ALUMINIUM_PROFILE_005image-300x194.webp 300w\" sizes=\"auto, (max-width: 747px) 100vw, 747px\" \/>\t\t\t\t\t\t\n\t\t\t\t\t<\/div>\n\t\t\t\t\t\t\t\t\n<style>\n#image_489194049 {\n  width: 100%;\n}\n<\/style>\n\t<\/div>\n\t\n<p>Araba g\u00f6vdesi uygulamalar\u0131nda al\u00fcminyum ala\u015f\u0131m\u0131n\u0131n \u00fc\u00e7 ana \u015fekillendirme \u015fekli vard\u0131r: damgalama, ekstr\u00fczyon kal\u0131plama, d\u00f6k\u00fcm kal\u0131plama. Damgalama esas olarak kal\u0131p tasar\u0131m\u0131, i\u015fleme ve \u015fekillendirme yoluyla sac malzemeye dayan\u0131r, genellikle elde etmek i\u00e7in birka\u00e7 dizi gerektirir, kap\u0131 d\u0131\u015f panelleri, sa\u00e7 kapa\u011f\u0131 i\u00e7 ve d\u0131\u015f panelleri ve di\u011fer par\u00e7alar gibi par\u00e7alar\u0131n seri \u00fcretimi i\u00e7in daha uygundur; ekstr\u00fczyon \u015fekillendirme Esas olarak baz\u0131 uzun kiri\u015f par\u00e7alar\u0131 yapmak i\u00e7in uygundur. \u00c7elikten daha karma\u015f\u0131k olan tasarlanm\u0131\u015f enine kesit sayesinde, uzunlamas\u0131na kiri\u015fler, \u00f6n ve arka \u00e7arp\u0131\u015fma \u00f6nleyici kiri\u015fler vb. gibi sertlik ve \u00e7arp\u0131\u015fma a\u00e7\u0131s\u0131ndan genel performans. \u00c7elik kullan\u0131lan baz\u0131 par\u00e7alar birden fazla par\u00e7a gerektirirken, d\u00f6kme al\u00fcminyum kullan\u0131larak kule destekleri gibi tek bir par\u00e7a ile elde edilebilir. Al\u00fcminyumun \u00f6zelli\u011fi, elastik mod\u00fcl\u00fcn\u00fcn \u00e7eli\u011fin 1\/3'\u00fc kadar olmas\u0131d\u0131r. Teorik analize g\u00f6re, al\u00fcminyum kal\u0131nl\u0131\u011f\u0131n\u0131n 1,4 kat\u0131n\u0131n rijitli\u011fi \u00e7eli\u011finkine e\u015fde\u011fer olabilir. Teorik olarak, ara\u00e7 g\u00f6vdesinin rijitli\u011fini sa\u011flama perspektifinden bak\u0131ld\u0131\u011f\u0131nda, \u00e7eli\u011fin 1,4 kat kal\u0131nl\u0131\u011f\u0131nda al\u00fcminyum ile de\u011fi\u015ftirilmesi ayn\u0131 rijitli\u011fi sa\u011flayabilir ve a\u011f\u0131rl\u0131\u011f\u0131 50% azaltabilir. Mevcut modellerde, i\u00e7 plaka esas olarak 5 serisi al\u00fcminyum ala\u015f\u0131mdan ve d\u0131\u015f plaka esas olarak f\u0131r\u0131nlama sertle\u015ftirme \u00f6zelliklerine sahip 6 serisi al\u00fcminyum ala\u015f\u0131mdan yap\u0131lm\u0131\u015ft\u0131r. D\u00f6kme al\u00fcminyum ve ekstr\u00fcde al\u00fcminyum, karma\u015f\u0131k kesit tasar\u0131m\u0131 sayesinde daha fazla performans elde edebilir.<\/p>\n\t\t<\/div>\n\t\t\t\t\t<\/div>\n\n\t\n<\/div>\n<div class=\"row align-middle\"  id=\"row-1863356120\">\n\n\t<div id=\"col-93183660\" class=\"col medium-6 small-12 large-6\"  >\n\t\t\t\t<div class=\"col-inner\"  >\n\t\t\t\n\t\t\t\n\t<div class=\"img has-hover x md-x lg-x y md-y lg-y\" id=\"image_1179600042\">\n\t\t\t\t\t\t\t\t<div class=\"img-inner dark\" >\n\t\t\t<img loading=\"lazy\" decoding=\"async\" width=\"641\" height=\"516\" src=\"https:\/\/metalpie.com\/wp-content\/uploads\/2022\/10\/AUTOMOBILE_ALUMINIUM_PROFILE_006image.webp\" class=\"attachment-original size-original\" alt=\"\" srcset=\"https:\/\/metalpie.com\/wp-content\/uploads\/2022\/10\/AUTOMOBILE_ALUMINIUM_PROFILE_006image.webp 641w, https:\/\/metalpie.com\/wp-content\/uploads\/2022\/10\/AUTOMOBILE_ALUMINIUM_PROFILE_006image-300x241.webp 300w\" sizes=\"auto, (max-width: 641px) 100vw, 641px\" \/>\t\t\t\t\t\t\n\t\t\t\t\t<\/div>\n\t\t\t\t\t\t\t\t\n<style>\n#image_1179600042 {\n  width: 100%;\n}\n<\/style>\n\t<\/div>\n\t\n\t\t<\/div>\n\t\t\t\t\t<\/div>\n\n\t\n\n\t<div id=\"col-507799173\" class=\"col medium-6 small-12 large-6\"  >\n\t\t\t\t<div class=\"col-inner\"  >\n\t\t\t\n\t\t\t\n<p>Ekstr\u00fcde al\u00fcminyum ala\u015f\u0131m\u0131 esas olarak ara\u00e7 g\u00f6vdesinin baz\u0131 kiri\u015f par\u00e7alar\u0131nda kullan\u0131l\u0131r.<\/p>\n<p>Kap\u0131 e\u015fikleri, uzunlamas\u0131na kiri\u015fler, kiri\u015fler vb. gibi ekstr\u00fcde al\u00fcminyum, \u00e7elikten daha karma\u015f\u0131k bir kesit yap\u0131s\u0131 sayesinde daha iyi sertlik ve \u00e7arp\u0131\u015fma elde edebilir. 1990'larda Japonya tamamen al\u00fcminyum g\u00f6vdeli bir NSX spor otomobil \u00fcretti. Ekstr\u00fcde profiller toplam a\u011f\u0131rl\u0131\u011f\u0131n 12%'sini olu\u015fturuyordu. Profillerin y\u00fcksek hassasiyetli \u00fc\u00e7 boyutlu b\u00fckme i\u015fleme teknolojisinin ve 6 serisi ala\u015f\u0131mlar\u0131n yap\u0131 kontrol ve mukavemet kontrol teknolojisinin kademeli olarak ilerlemesiyle Honda'n\u0131n INSIGHT modelinde kullan\u0131lan ekstr\u00fcde al\u00fcminyum ala\u015f\u0131m\u0131n a\u011f\u0131rl\u0131\u011f\u0131 30%'ye y\u00fckseldi. Bununla birlikte, di\u011fer teknolojilerin geli\u015fmesi ve pazar ortam\u0131n\u0131n etkisiyle, son 10 y\u0131lda ECB otomobil g\u00f6vdesindeki ekstr\u00fcde profillerin a\u011f\u0131rl\u0131\u011f\u0131 yakla\u015f\u0131k 3%'dir ve kullan\u0131lan par\u00e7a aral\u0131\u011f\u0131 nispeten sabittir.<\/p>\n\t\t<\/div>\n\t\t\t\t\t<\/div>\n\n\t\n<\/div>\n\t<div class=\"img has-hover x md-x lg-x y md-y lg-y\" id=\"image_759861266\">\n\t\t\t\t\t\t\t\t<div class=\"img-inner dark\" >\n\t\t\t<img loading=\"lazy\" decoding=\"async\" width=\"757\" height=\"569\" src=\"https:\/\/metalpie.com\/wp-content\/uploads\/2022\/10\/AUTOMOBILE_ALUMINIUM_PROFILE_007image.webp\" class=\"attachment-original size-original\" alt=\"\" srcset=\"https:\/\/metalpie.com\/wp-content\/uploads\/2022\/10\/AUTOMOBILE_ALUMINIUM_PROFILE_007image.webp 757w, https:\/\/metalpie.com\/wp-content\/uploads\/2022\/10\/AUTOMOBILE_ALUMINIUM_PROFILE_007image-300x225.webp 300w\" sizes=\"auto, (max-width: 757px) 100vw, 757px\" \/>\t\t\t\t\t\t\n\t\t\t\t\t<\/div>\n\t\t\t\t\t\t\t\t\n<style>\n#image_759861266 {\n  width: 100%;\n}\n<\/style>\n\t<\/div>\n\t\n<p>Al\u00fcminyum ala\u015f\u0131m\u0131n\u0131n d\u00fc\u015f\u00fck yo\u011funlu\u011fu, onu hafif g\u00f6vde i\u00e7in \u00f6nemli bir malzeme haline getirir.<\/p>\n<p>\u00c7eli\u011fin ikame edilmesi a\u00e7\u0131s\u0131ndan, t\u00fcm arac\u0131n performans\u0131 yakla\u015f\u0131k 1,5 kat kal\u0131nl\u0131k ve d\u00f6k\u00fcm\u00fcn \u00f6zel yap\u0131sal tasar\u0131m\u0131 ile iyile\u015ftirilebilir; bisikletin a\u011f\u0131rl\u0131k oran\u0131 a\u00e7\u0131s\u0131ndan, sac metal damgal\u0131 al\u00fcminyum oran\u0131 en b\u00fcy\u00fckt\u00fcr, bunu d\u00f6kme al\u00fcminyum ve ekstr\u00fcde al\u00fcminyum takip eder. Bununla birlikte, enerjiyi verimli bir \u015fekilde emmesi ve izinsiz giri\u015f miktar\u0131n\u0131 azaltmas\u0131 gereken yan panel tertibat\u0131nda, s\u0131cak \u015fekillendirilmi\u015f \u00e7eli\u011fe k\u0131yasla hi\u00e7bir avantaj\u0131 yoktur.<\/p>\n<p>Huajian Al\u00fcminyum grubu 2000 y\u0131l\u0131ndan bu yana ekstr\u00fczyon al\u00fcminyum malzeme konusunda \u00e7aba sarf etmektedir ve \u015firketin \u00fcretim becerisi otomobil tedariki konusunda olgunla\u015fm\u0131\u015ft\u0131r.<\/p>\n\t\t<\/div>\n\n\t\t\n<style>\n#section_1182156496 {\n  padding-top: 30px;\n  padding-bottom: 30px;\n}\n<\/style>\n\t<\/section>","protected":false},"excerpt":{"rendered":"<p>Huajian Al\u00fcminyum grubu ara\u015ft\u0131rmas\u0131, enerji t\u00fcketiminin yakla\u015f\u0131k 75%'sinin otomobilin a\u011f\u0131rl\u0131\u011f\u0131yla ilgili oldu\u011funu, otomobilin a\u011f\u0131rl\u0131\u011f\u0131n\u0131 azaltman\u0131n yak\u0131t t\u00fcketimini ve emisyonlar\u0131 etkili bir \u015fekilde azaltabilece\u011fini g\u00f6stermektedir. \u00c7elik ile kar\u015f\u0131la\u015ft\u0131r\u0131ld\u0131\u011f\u0131nda al\u00fcminyumun belirgin avantajlar\u0131 vard\u0131r.<\/p>","protected":false},"featured_media":2652,"comment_status":"closed","ping_status":"closed","template":"","meta":[],"product_cat":[98],"class_list":["post-2651","product","type-product","status-publish","has-post-thumbnail","hentry","product_cat-aluminum-vehicles"],"yoast_head":"<!-- This site is optimized with the Yoast SEO plugin v21.5 - https:\/\/yoast.com\/wordpress\/plugins\/seo\/ -->\n<title>Fresh Air Window - METALPIE<\/title>\n<meta name=\"robots\" content=\"index, follow, max-snippet:-1, max-image-preview:large, max-video-preview:-1\" \/>\n<link rel=\"canonical\" href=\"https:\/\/metalpie.com\/tr\/alumi\u0307nyum-araclar\/otomobi\u0307l-alumi\u0307nyum-profi\u0307li\u0307\/\" \/>\n<meta property=\"og:locale\" content=\"tr_TR\" \/>\n<meta property=\"og:type\" content=\"article\" \/>\n<meta property=\"og:title\" content=\"Fresh Air Window - METALPIE\" \/>\n<meta property=\"og:description\" content=\"Huajian Aluminium group research shows that about 75% of energy consumption is related to the weight of automobile\uff0cdecrease car\u2018s weight can effectively reduce fuel consumption and emissions. Compared with steel, aluminum has obvious advantages.\" \/>\n<meta property=\"og:url\" content=\"https:\/\/metalpie.com\/tr\/alumi\u0307nyum-araclar\/otomobi\u0307l-alumi\u0307nyum-profi\u0307li\u0307\/\" \/>\n<meta property=\"og:site_name\" content=\"METALPIE\" \/>\n<meta property=\"article:modified_time\" content=\"2022-10-08T14:11:00+00:00\" \/>\n<meta property=\"og:image\" content=\"https:\/\/metalpie.com\/wp-content\/uploads\/2022\/10\/AUTOMOBILE_ALUMINIUM_PROFILE_001image.webp\" \/>\n\t<meta property=\"og:image:width\" content=\"800\" \/>\n\t<meta property=\"og:image:height\" content=\"800\" \/>\n\t<meta property=\"og:image:type\" content=\"image\/webp\" \/>\n<meta name=\"twitter:card\" content=\"summary_large_image\" \/>\n<meta name=\"twitter:label1\" content=\"Tahmini okuma s\u00fcresi\" \/>\n\t<meta name=\"twitter:data1\" content=\"4 dakika\" \/>\n<script type=\"application\/ld+json\" class=\"yoast-schema-graph\">{\"@context\":\"https:\/\/schema.org\",\"@graph\":[{\"@type\":\"WebPage\",\"@id\":\"https:\/\/metalpie.com\/ru\/%d0%b0%d0%bb%d1%8e%d0%bc%d0%b8%d0%bd%d0%b8%d0%b5%d0%b2%d1%8b%d0%b5-%d0%b0%d0%b2%d1%82%d0%be%d0%bc%d0%be%d0%b1%d0%b8%d0%bb%d0%b8\/%d0%b0%d0%b2%d1%82%d0%be%d0%bc%d0%be%d0%b1%d0%b8%d0%bb%d1%8c%d0%bd%d1%8b%d0%b9-%d0%b0%d0%bb%d1%8e%d0%bc%d0%b8%d0%bd%d0%b8%d0%b5%d0%b2%d1%8b%d0%b9-%d0%bf%d1%80%d0%be%d1%84%d0%b8%d0%bb%d1%8c\/\",\"url\":\"https:\/\/metalpie.com\/ru\/%d0%b0%d0%bb%d1%8e%d0%bc%d0%b8%d0%bd%d0%b8%d0%b5%d0%b2%d1%8b%d0%b5-%d0%b0%d0%b2%d1%82%d0%be%d0%bc%d0%be%d0%b1%d0%b8%d0%bb%d0%b8\/%d0%b0%d0%b2%d1%82%d0%be%d0%bc%d0%be%d0%b1%d0%b8%d0%bb%d1%8c%d0%bd%d1%8b%d0%b9-%d0%b0%d0%bb%d1%8e%d0%bc%d0%b8%d0%bd%d0%b8%d0%b5%d0%b2%d1%8b%d0%b9-%d0%bf%d1%80%d0%be%d1%84%d0%b8%d0%bb%d1%8c\/\",\"name\":\"Fresh Air Window - METALPIE\",\"isPartOf\":{\"@id\":\"https:\/\/metalpie.com\/#website\"},\"datePublished\":\"2022-10-08T14:04:59+00:00\",\"dateModified\":\"2022-10-08T14:11:00+00:00\",\"breadcrumb\":{\"@id\":\"https:\/\/metalpie.com\/ru\/%d0%b0%d0%bb%d1%8e%d0%bc%d0%b8%d0%bd%d0%b8%d0%b5%d0%b2%d1%8b%d0%b5-%d0%b0%d0%b2%d1%82%d0%be%d0%bc%d0%be%d0%b1%d0%b8%d0%bb%d0%b8\/%d0%b0%d0%b2%d1%82%d0%be%d0%bc%d0%be%d0%b1%d0%b8%d0%bb%d1%8c%d0%bd%d1%8b%d0%b9-%d0%b0%d0%bb%d1%8e%d0%bc%d0%b8%d0%bd%d0%b8%d0%b5%d0%b2%d1%8b%d0%b9-%d0%bf%d1%80%d0%be%d1%84%d0%b8%d0%bb%d1%8c\/#breadcrumb\"},\"inLanguage\":\"tr\",\"potentialAction\":[{\"@type\":\"ReadAction\",\"target\":[\"https:\/\/metalpie.com\/ru\/%d0%b0%d0%bb%d1%8e%d0%bc%d0%b8%d0%bd%d0%b8%d0%b5%d0%b2%d1%8b%d0%b5-%d0%b0%d0%b2%d1%82%d0%be%d0%bc%d0%be%d0%b1%d0%b8%d0%bb%d0%b8\/%d0%b0%d0%b2%d1%82%d0%be%d0%bc%d0%be%d0%b1%d0%b8%d0%bb%d1%8c%d0%bd%d1%8b%d0%b9-%d0%b0%d0%bb%d1%8e%d0%bc%d0%b8%d0%bd%d0%b8%d0%b5%d0%b2%d1%8b%d0%b9-%d0%bf%d1%80%d0%be%d1%84%d0%b8%d0%bb%d1%8c\/\"]}]},{\"@type\":\"BreadcrumbList\",\"@id\":\"https:\/\/metalpie.com\/ru\/%d0%b0%d0%bb%d1%8e%d0%bc%d0%b8%d0%bd%d0%b8%d0%b5%d0%b2%d1%8b%d0%b5-%d0%b0%d0%b2%d1%82%d0%be%d0%bc%d0%be%d0%b1%d0%b8%d0%bb%d0%b8\/%d0%b0%d0%b2%d1%82%d0%be%d0%bc%d0%be%d0%b1%d0%b8%d0%bb%d1%8c%d0%bd%d1%8b%d0%b9-%d0%b0%d0%bb%d1%8e%d0%bc%d0%b8%d0%bd%d0%b8%d0%b5%d0%b2%d1%8b%d0%b9-%d0%bf%d1%80%d0%be%d1%84%d0%b8%d0%bb%d1%8c\/#breadcrumb\",\"itemListElement\":[{\"@type\":\"ListItem\",\"position\":1,\"name\":\"Home\",\"item\":\"https:\/\/metalpie.com\/\"},{\"@type\":\"ListItem\",\"position\":2,\"name\":\"Products\",\"item\":\"https:\/\/metalpie.com\/shop\/\"},{\"@type\":\"ListItem\",\"position\":3,\"name\":\"Automobile Aluminium Profile\"}]},{\"@type\":\"WebSite\",\"@id\":\"https:\/\/metalpie.com\/#website\",\"url\":\"https:\/\/metalpie.com\/\",\"name\":\"METALPIE\",\"description\":\"Precision Metal Fabrication | Tools, Processes &amp; More\",\"potentialAction\":[{\"@type\":\"SearchAction\",\"target\":{\"@type\":\"EntryPoint\",\"urlTemplate\":\"https:\/\/metalpie.com\/?s={search_term_string}\"},\"query-input\":\"required name=search_term_string\"}],\"inLanguage\":\"tr\"}]}<\/script>\n<!-- \/ Yoast SEO plugin. -->","yoast_head_json":{"title":"Temiz Hava Penceresi - METALPIE","robots":{"index":"index","follow":"follow","max-snippet":"max-snippet:-1","max-image-preview":"max-image-preview:large","max-video-preview":"max-video-preview:-1"},"canonical":"https:\/\/metalpie.com\/tr\/alumi\u0307nyum-araclar\/otomobi\u0307l-alumi\u0307nyum-profi\u0307li\u0307\/","og_locale":"tr_TR","og_type":"article","og_title":"Fresh Air Window - METALPIE","og_description":"Huajian Aluminium group research shows that about 75% of energy consumption is related to the weight of automobile\uff0cdecrease car\u2018s weight can effectively reduce fuel consumption and emissions. Compared with steel, aluminum has obvious advantages.","og_url":"https:\/\/metalpie.com\/tr\/alumi\u0307nyum-araclar\/otomobi\u0307l-alumi\u0307nyum-profi\u0307li\u0307\/","og_site_name":"METALPIE","article_modified_time":"2022-10-08T14:11:00+00:00","og_image":[{"width":800,"height":800,"url":"https:\/\/metalpie.com\/wp-content\/uploads\/2022\/10\/AUTOMOBILE_ALUMINIUM_PROFILE_001image.webp","type":"image\/webp"}],"twitter_card":"summary_large_image","twitter_misc":{"Tahmini okuma s\u00fcresi":"4 dakika"},"schema":{"@context":"https:\/\/schema.org","@graph":[{"@type":"WebPage","@id":"https:\/\/metalpie.com\/ru\/%d0%b0%d0%bb%d1%8e%d0%bc%d0%b8%d0%bd%d0%b8%d0%b5%d0%b2%d1%8b%d0%b5-%d0%b0%d0%b2%d1%82%d0%be%d0%bc%d0%be%d0%b1%d0%b8%d0%bb%d0%b8\/%d0%b0%d0%b2%d1%82%d0%be%d0%bc%d0%be%d0%b1%d0%b8%d0%bb%d1%8c%d0%bd%d1%8b%d0%b9-%d0%b0%d0%bb%d1%8e%d0%bc%d0%b8%d0%bd%d0%b8%d0%b5%d0%b2%d1%8b%d0%b9-%d0%bf%d1%80%d0%be%d1%84%d0%b8%d0%bb%d1%8c\/","url":"https:\/\/metalpie.com\/ru\/%d0%b0%d0%bb%d1%8e%d0%bc%d0%b8%d0%bd%d0%b8%d0%b5%d0%b2%d1%8b%d0%b5-%d0%b0%d0%b2%d1%82%d0%be%d0%bc%d0%be%d0%b1%d0%b8%d0%bb%d0%b8\/%d0%b0%d0%b2%d1%82%d0%be%d0%bc%d0%be%d0%b1%d0%b8%d0%bb%d1%8c%d0%bd%d1%8b%d0%b9-%d0%b0%d0%bb%d1%8e%d0%bc%d0%b8%d0%bd%d0%b8%d0%b5%d0%b2%d1%8b%d0%b9-%d0%bf%d1%80%d0%be%d1%84%d0%b8%d0%bb%d1%8c\/","name":"Temiz Hava Penceresi - METALPIE","isPartOf":{"@id":"https:\/\/metalpie.com\/#website"},"datePublished":"2022-10-08T14:04:59+00:00","dateModified":"2022-10-08T14:11:00+00:00","breadcrumb":{"@id":"https:\/\/metalpie.com\/ru\/%d0%b0%d0%bb%d1%8e%d0%bc%d0%b8%d0%bd%d0%b8%d0%b5%d0%b2%d1%8b%d0%b5-%d0%b0%d0%b2%d1%82%d0%be%d0%bc%d0%be%d0%b1%d0%b8%d0%bb%d0%b8\/%d0%b0%d0%b2%d1%82%d0%be%d0%bc%d0%be%d0%b1%d0%b8%d0%bb%d1%8c%d0%bd%d1%8b%d0%b9-%d0%b0%d0%bb%d1%8e%d0%bc%d0%b8%d0%bd%d0%b8%d0%b5%d0%b2%d1%8b%d0%b9-%d0%bf%d1%80%d0%be%d1%84%d0%b8%d0%bb%d1%8c\/#breadcrumb"},"inLanguage":"tr","potentialAction":[{"@type":"ReadAction","target":["https:\/\/metalpie.com\/ru\/%d0%b0%d0%bb%d1%8e%d0%bc%d0%b8%d0%bd%d0%b8%d0%b5%d0%b2%d1%8b%d0%b5-%d0%b0%d0%b2%d1%82%d0%be%d0%bc%d0%be%d0%b1%d0%b8%d0%bb%d0%b8\/%d0%b0%d0%b2%d1%82%d0%be%d0%bc%d0%be%d0%b1%d0%b8%d0%bb%d1%8c%d0%bd%d1%8b%d0%b9-%d0%b0%d0%bb%d1%8e%d0%bc%d0%b8%d0%bd%d0%b8%d0%b5%d0%b2%d1%8b%d0%b9-%d0%bf%d1%80%d0%be%d1%84%d0%b8%d0%bb%d1%8c\/"]}]},{"@type":"BreadcrumbList","@id":"https:\/\/metalpie.com\/ru\/%d0%b0%d0%bb%d1%8e%d0%bc%d0%b8%d0%bd%d0%b8%d0%b5%d0%b2%d1%8b%d0%b5-%d0%b0%d0%b2%d1%82%d0%be%d0%bc%d0%be%d0%b1%d0%b8%d0%bb%d0%b8\/%d0%b0%d0%b2%d1%82%d0%be%d0%bc%d0%be%d0%b1%d0%b8%d0%bb%d1%8c%d0%bd%d1%8b%d0%b9-%d0%b0%d0%bb%d1%8e%d0%bc%d0%b8%d0%bd%d0%b8%d0%b5%d0%b2%d1%8b%d0%b9-%d0%bf%d1%80%d0%be%d1%84%d0%b8%d0%bb%d1%8c\/#breadcrumb","itemListElement":[{"@type":"ListItem","position":1,"name":"Home","item":"https:\/\/metalpie.com\/"},{"@type":"ListItem","position":2,"name":"Products","item":"https:\/\/metalpie.com\/shop\/"},{"@type":"ListItem","position":3,"name":"Automobile Aluminium Profile"}]},{"@type":"WebSite","@id":"https:\/\/metalpie.com\/#website","url":"https:\/\/metalpie.com\/","name":"METALPIE","description":"Hassas Metal \u0130malat\u0131 | Ara\u00e7lar, S\u00fcre\u00e7ler ve Daha Fazlas\u0131","potentialAction":[{"@type":"SearchAction","target":{"@type":"EntryPoint","urlTemplate":"https:\/\/metalpie.com\/?s={search_term_string}"},"query-input":"required name=search_term_string"}],"inLanguage":"tr"}]}},"_links":{"self":[{"href":"https:\/\/metalpie.com\/tr\/wp-json\/wp\/v2\/product\/2651","targetHints":{"allow":["GET"]}}],"collection":[{"href":"https:\/\/metalpie.com\/tr\/wp-json\/wp\/v2\/product"}],"about":[{"href":"https:\/\/metalpie.com\/tr\/wp-json\/wp\/v2\/types\/product"}],"replies":[{"embeddable":true,"href":"https:\/\/metalpie.com\/tr\/wp-json\/wp\/v2\/comments?post=2651"}],"wp:featuredmedia":[{"embeddable":true,"href":"https:\/\/metalpie.com\/tr\/wp-json\/wp\/v2\/media\/2652"}],"wp:attachment":[{"href":"https:\/\/metalpie.com\/tr\/wp-json\/wp\/v2\/media?parent=2651"}],"wp:term":[{"taxonomy":"product_cat","embeddable":true,"href":"https:\/\/metalpie.com\/tr\/wp-json\/wp\/v2\/product_cat?post=2651"}],"curies":[{"name":"wp","href":"https:\/\/api.w.org\/{rel}","templated":true}]}}