{"id":1300,"date":"2022-08-19T17:20:50","date_gmt":"2022-08-19T09:20:50","guid":{"rendered":"https:\/\/goodsheet.bbswaimao.com\/?post_type=product&amp;p=1300"},"modified":"2022-08-19T17:20:50","modified_gmt":"2022-08-19T09:20:50","slug":"3d-yazici-makinesi-icin-sac-metal-imalati-paslanmaz-celik-braketler","status":"publish","type":"product","link":"https:\/\/metalpie.com\/tr\/metal-3d-yazici\/3d-yazici-makinesi-icin-sac-metal-imalati-paslanmaz-celik-braketler\/","title":{"rendered":"3D Yaz\u0131c\u0131 Makinesi \u0130\u00e7in Sac Metal \u0130malat\u0131 Paslanmaz \u00c7elik Braketler"},"content":{"rendered":"<p><span style=\"font-size: 170%\">\u00a0Braket Sac \u0130malat\u0131n\u0131n \u00d6zellikleri<\/span><\/p>\n<div class=\"over-tabs\">\n<table style=\"height: 584px\" width=\"718\" cellspacing=\"0\" cellpadding=\"0\">\n<colgroup>\n<col \/>\n<col \/>\n<col \/><\/colgroup>\n<tbody>\n<tr class=\"firstRow\">\n<td>Malzeme<\/td>\n<td colspan=\"2\">Al\u00fcminyum, Bak\u0131r, Pirin\u00e7, Paslanmaz \u00e7elik<\/td>\n<\/tr>\n<tr>\n<td>Plaka kal\u0131nl\u0131\u011f\u0131<\/td>\n<td colspan=\"2\">0,9 mm - 20 mm<\/td>\n<\/tr>\n<tr>\n<td>S\u00fcre\u00e7<\/td>\n<td colspan=\"2\">Delme, Kesme, Damgalama, B\u00fckme<\/td>\n<\/tr>\n<tr>\n<td>Uygulama<\/td>\n<td colspan=\"2\">Metal Sac Konsollar, Duvar Konsollar\u0131, Montaj Konsollar\u0131,<br \/>\nTV Braketleri, TV Duvar Braketleri, LCD Duvar Montaj Braketi, vb.<\/td>\n<\/tr>\n<tr>\n<td>Y\u00fczey kaplamas\u0131<\/td>\n<td colspan=\"2\">Eloksal, \u00c7inko, Krom kaplama, Toz kaplama ve Serigrafi vb.<\/td>\n<\/tr>\n<tr>\n<td rowspan=\"6\">Ho\u015fg\u00f6r\u00fc<\/td>\n<td>Deli\u011fe veya \u00f6zelli\u011fe do\u011fru b\u00fck\u00fcn:<\/td>\n<td>\u00b10,2 mm<\/td>\n<\/tr>\n<tr>\n<td>\u015eekillendirme ve b\u00fckme:<\/td>\n<td>\u00b10,4 mm<\/td>\n<\/tr>\n<tr>\n<td>Ek par\u00e7alar ile \u00e7ap:<\/td>\n<td>\u00b10,06 mm<\/td>\n<\/tr>\n<tr>\n<td>Do\u011frusal boyutlar hari\u00e7<br \/>\nvirajlar\u0131n yerleri:<\/td>\n<td>\u00b10.1mm<\/td>\n<\/tr>\n<tr>\n<td>A\u00e7\u0131sall\u0131k<\/td>\n<td>\u00b12 derece<\/td>\n<\/tr>\n<tr>\n<td>Y\u00fczey p\u00fcr\u00fczl\u00fcl\u00fc\u011f\u00fc<\/td>\n<td>\u00b13,2 mikrometre<\/td>\n<\/tr>\n<tr>\n<td>Teslim s\u00fcresi<\/td>\n<td colspan=\"2\">7-35 g\u00fcn, miktara g\u00f6re de\u011fi\u015fir<\/td>\n<\/tr>\n<\/tbody>\n<\/table>\n<p>&nbsp;<\/p>\n<\/div>","protected":false},"excerpt":{"rendered":"<p>Braket sac metal imalat\u0131, elektronik aletler, ileti\u015fim, otomobil end\u00fcstrisi, t\u0131bbi ekipman ve di\u011fer alanlarda yayg\u0131n olarak kullan\u0131lmaktad\u0131r. Sac metal braketin \u00f6zellikleri hafif, y\u00fcksek mukavemetli, elektrik iletkenli\u011fi ve maliyeti, iyi seri \u00fcretim performans\u0131 vb.<\/p>","protected":false},"featured_media":1304,"comment_status":"open","ping_status":"closed","template":"","meta":[],"product_cat":[111],"class_list":["post-1300","product","type-product","status-publish","has-post-thumbnail","hentry","product_cat-metal-3d-printer"],"yoast_head":"<!-- This site is optimized with the Yoast SEO plugin v21.5 - https:\/\/yoast.com\/wordpress\/plugins\/seo\/ -->\n<title>Sheet Metal Fabrication Stainless Steel Brackets For 3D Printer Machine - METALPIE<\/title>\n<meta name=\"robots\" content=\"index, follow, max-snippet:-1, max-image-preview:large, max-video-preview:-1\" \/>\n<link rel=\"canonical\" href=\"https:\/\/metalpie.com\/tr\/metal-3d-yazici\/3d-yazici-makinesi-icin-sac-metal-imalati-paslanmaz-celik-braketler\/\" \/>\n<meta property=\"og:locale\" content=\"tr_TR\" \/>\n<meta property=\"og:type\" content=\"article\" \/>\n<meta property=\"og:title\" content=\"Sheet Metal Fabrication Stainless Steel Brackets For 3D Printer Machine - METALPIE\" \/>\n<meta property=\"og:description\" content=\"Bracket sheet metal fabrication has widely used in electronic appliances, communication, automobile industry, medical equipment and other fields. The characteristics of sheet metal bracket are light weight, high strength, electrical conductivity ow cost, good mass production performance and so on.\" \/>\n<meta property=\"og:url\" content=\"https:\/\/metalpie.com\/tr\/metal-3d-yazici\/3d-yazici-makinesi-icin-sac-metal-imalati-paslanmaz-celik-braketler\/\" \/>\n<meta property=\"og:site_name\" content=\"METALPIE\" \/>\n<meta name=\"twitter:card\" content=\"summary_large_image\" \/>\n<script type=\"application\/ld+json\" class=\"yoast-schema-graph\">{\"@context\":\"https:\/\/schema.org\",\"@graph\":[{\"@type\":\"WebPage\",\"@id\":\"https:\/\/metalpie.com\/metal-3d-printer\/sheet-metal-fabrication-stainless-steel-brackets-for-3d-printer-machine\/\",\"url\":\"https:\/\/metalpie.com\/metal-3d-printer\/sheet-metal-fabrication-stainless-steel-brackets-for-3d-printer-machine\/\",\"name\":\"Sheet Metal Fabrication Stainless Steel Brackets For 3D Printer Machine - METALPIE\",\"isPartOf\":{\"@id\":\"https:\/\/metalpie.com\/#website\"},\"datePublished\":\"2022-08-19T09:20:50+00:00\",\"dateModified\":\"2022-08-19T09:20:50+00:00\",\"breadcrumb\":{\"@id\":\"https:\/\/metalpie.com\/metal-3d-printer\/sheet-metal-fabrication-stainless-steel-brackets-for-3d-printer-machine\/#breadcrumb\"},\"inLanguage\":\"tr\",\"potentialAction\":[{\"@type\":\"ReadAction\",\"target\":[\"https:\/\/metalpie.com\/metal-3d-printer\/sheet-metal-fabrication-stainless-steel-brackets-for-3d-printer-machine\/\"]}]},{\"@type\":\"BreadcrumbList\",\"@id\":\"https:\/\/metalpie.com\/metal-3d-printer\/sheet-metal-fabrication-stainless-steel-brackets-for-3d-printer-machine\/#breadcrumb\",\"itemListElement\":[{\"@type\":\"ListItem\",\"position\":1,\"name\":\"Home\",\"item\":\"https:\/\/metalpie.com\/\"},{\"@type\":\"ListItem\",\"position\":2,\"name\":\"Products\",\"item\":\"https:\/\/metalpie.com\/shop\/\"},{\"@type\":\"ListItem\",\"position\":3,\"name\":\"Sheet Metal Fabrication Stainless Steel Brackets For 3D Printer Machine\"}]},{\"@type\":\"WebSite\",\"@id\":\"https:\/\/metalpie.com\/#website\",\"url\":\"https:\/\/metalpie.com\/\",\"name\":\"METALPIE\",\"description\":\"Precision Metal Fabrication | Tools, Processes &amp; More\",\"potentialAction\":[{\"@type\":\"SearchAction\",\"target\":{\"@type\":\"EntryPoint\",\"urlTemplate\":\"https:\/\/metalpie.com\/?s={search_term_string}\"},\"query-input\":\"required name=search_term_string\"}],\"inLanguage\":\"tr\"}]}<\/script>\n<!-- \/ Yoast SEO plugin. -->","yoast_head_json":{"title":"3D Yaz\u0131c\u0131 Makinesi \u0130\u00e7in Sac Metal \u0130malat\u0131 Paslanmaz \u00c7elik Braketler - METALPIE","robots":{"index":"index","follow":"follow","max-snippet":"max-snippet:-1","max-image-preview":"max-image-preview:large","max-video-preview":"max-video-preview:-1"},"canonical":"https:\/\/metalpie.com\/tr\/metal-3d-yazici\/3d-yazici-makinesi-icin-sac-metal-imalati-paslanmaz-celik-braketler\/","og_locale":"tr_TR","og_type":"article","og_title":"Sheet Metal Fabrication Stainless Steel Brackets For 3D Printer Machine - METALPIE","og_description":"Bracket sheet metal fabrication has widely used in electronic appliances, communication, automobile industry, medical equipment and other fields. The characteristics of sheet metal bracket are light weight, high strength, electrical conductivity ow cost, good mass production performance and so on.","og_url":"https:\/\/metalpie.com\/tr\/metal-3d-yazici\/3d-yazici-makinesi-icin-sac-metal-imalati-paslanmaz-celik-braketler\/","og_site_name":"METALPIE","twitter_card":"summary_large_image","schema":{"@context":"https:\/\/schema.org","@graph":[{"@type":"WebPage","@id":"https:\/\/metalpie.com\/metal-3d-printer\/sheet-metal-fabrication-stainless-steel-brackets-for-3d-printer-machine\/","url":"https:\/\/metalpie.com\/metal-3d-printer\/sheet-metal-fabrication-stainless-steel-brackets-for-3d-printer-machine\/","name":"3D Yaz\u0131c\u0131 Makinesi \u0130\u00e7in Sac Metal \u0130malat\u0131 Paslanmaz \u00c7elik Braketler - METALPIE","isPartOf":{"@id":"https:\/\/metalpie.com\/#website"},"datePublished":"2022-08-19T09:20:50+00:00","dateModified":"2022-08-19T09:20:50+00:00","breadcrumb":{"@id":"https:\/\/metalpie.com\/metal-3d-printer\/sheet-metal-fabrication-stainless-steel-brackets-for-3d-printer-machine\/#breadcrumb"},"inLanguage":"tr","potentialAction":[{"@type":"ReadAction","target":["https:\/\/metalpie.com\/metal-3d-printer\/sheet-metal-fabrication-stainless-steel-brackets-for-3d-printer-machine\/"]}]},{"@type":"BreadcrumbList","@id":"https:\/\/metalpie.com\/metal-3d-printer\/sheet-metal-fabrication-stainless-steel-brackets-for-3d-printer-machine\/#breadcrumb","itemListElement":[{"@type":"ListItem","position":1,"name":"Home","item":"https:\/\/metalpie.com\/"},{"@type":"ListItem","position":2,"name":"Products","item":"https:\/\/metalpie.com\/shop\/"},{"@type":"ListItem","position":3,"name":"Sheet Metal Fabrication Stainless Steel Brackets For 3D Printer Machine"}]},{"@type":"WebSite","@id":"https:\/\/metalpie.com\/#website","url":"https:\/\/metalpie.com\/","name":"METALPIE","description":"Hassas Metal \u0130malat\u0131 | Ara\u00e7lar, S\u00fcre\u00e7ler ve Daha Fazlas\u0131","potentialAction":[{"@type":"SearchAction","target":{"@type":"EntryPoint","urlTemplate":"https:\/\/metalpie.com\/?s={search_term_string}"},"query-input":"required name=search_term_string"}],"inLanguage":"tr"}]}},"_links":{"self":[{"href":"https:\/\/metalpie.com\/tr\/wp-json\/wp\/v2\/product\/1300","targetHints":{"allow":["GET"]}}],"collection":[{"href":"https:\/\/metalpie.com\/tr\/wp-json\/wp\/v2\/product"}],"about":[{"href":"https:\/\/metalpie.com\/tr\/wp-json\/wp\/v2\/types\/product"}],"replies":[{"embeddable":true,"href":"https:\/\/metalpie.com\/tr\/wp-json\/wp\/v2\/comments?post=1300"}],"wp:featuredmedia":[{"embeddable":true,"href":"https:\/\/metalpie.com\/tr\/wp-json\/"}],"wp:attachment":[{"href":"https:\/\/metalpie.com\/tr\/wp-json\/wp\/v2\/media?parent=1300"}],"wp:term":[{"taxonomy":"product_cat","embeddable":true,"href":"https:\/\/metalpie.com\/tr\/wp-json\/wp\/v2\/product_cat?post=1300"}],"curies":[{"name":"wp","href":"https:\/\/api.w.org\/{rel}","templated":true}]}}