{"id":1293,"date":"2022-08-19T16:44:22","date_gmt":"2022-08-19T08:44:22","guid":{"rendered":"https:\/\/goodsheet.bbswaimao.com\/?post_type=product&amp;p=1293"},"modified":"2022-08-19T16:44:22","modified_gmt":"2022-08-19T08:44:22","slug":"3d-yazici-plaka-parcalari-icin-ozel-sac-metal-yedek-parcalar-gri-toz-kaplama-kabuk","status":"publish","type":"product","link":"https:\/\/metalpie.com\/tr\/metal-3d-yazici\/3d-yazici-plaka-parcalari-icin-ozel-sac-metal-yedek-parcalar-gri-toz-kaplama-kabuk\/","title":{"rendered":"3D Yaz\u0131c\u0131 Plaka Par\u00e7alar\u0131 i\u00e7in \u00d6zel Sac Metal Yedek Par\u00e7alar\u0131 Gri Toz Boya Kabu\u011fu"},"content":{"rendered":"<h3 class=\"specifications-title\" data-v-a1e7a598=\"\">Anahtar \u00d6zellikler\/\u00d6zel \u00d6zellikler:<\/h3>\n<div class=\"tpl_txt_editor\" data-v-a1e7a598=\"\"><b>Malzemeler\u00a0<\/b><br \/>\nAl\u00fcminyum Ala\u015f\u0131m: 5052\/6061\/6063\/7075 vb<br \/>\nBrass Alloy:3602\/2604\/h59\/h62\/etc<br \/>\nPaslanmaz \u00c7elik Ala\u015f\u0131m:303\/304\/316\/412\/etc<br \/>\n\u00c7elik Ala\u015f\u0131m:Karbon\/Kal\u0131p \u00c7elik\/vb<br \/>\nDi\u011fer \u00d6zel Malzemeler:Lucite\/Naylon\/Bakalit\/vb<br \/>\nDi\u011fer bir\u00e7ok malzeme t\u00fcr\u00fcn\u00fc i\u015fliyoruz. \u0130htiyac\u0131n\u0131z olan malzeme yukar\u0131da listelenmemi\u015fse l\u00fctfen bizimle ileti\u015fime ge\u00e7in.<br \/>\n<b>Y\u00fczey \u0130\u015flemleri\u00a0<\/b><br \/>\nKarartma, parlatma, anotlama, krom kaplama, \u00e7inko kaplama, nikel kaplama, renklendirme<br \/>\n<b>Test ekipmanlar\u0131\u00a0<\/b><br \/>\nCMM; Tak\u0131m mikroskobu; \u00e7ok eklemli kol; Otomatik y\u00fckseklik g\u00f6stergesi; Manuel y\u00fckseklik g\u00f6stergesi; Kadranl\u0131 g\u00f6sterge; Mermer platform; P\u00fcr\u00fczl\u00fcl\u00fck \u00f6l\u00e7\u00fcm\u00fc<br \/>\n<b>Tefti\u015f<\/b><br \/>\nMitutoyo Tak\u0131m Mikroskobumuz 300mmX x 175mmY x 220mmZ'ye kadar \u00f6l\u00e7\u00fcm yapabilir<br \/>\n<b>Dosya Formatlar\u0131<\/b><br \/>\nSolid Works, Pro\/Engineer, AutoCAD (DXF, DWG), PDF, TIF vb.<br \/>\n<b>Paketleme\u00a0<\/b><br \/>\n1. End\u00fcstriyel ambalaj plastik t\u00fcp + karton + tahta sand\u0131k<br \/>\n2. Ticari ambalaj plastik torba + kutu + karton + ah\u015fap paletler<br \/>\n3. M\u00fc\u015fterilerin gereksinimi olarak<br \/>\n<b>Teslim Et\u00a0<\/b><br \/>\nDHL, FEDEX. TNT, SF Veya m\u00fc\u015fterilerin ihtiyac\u0131na g\u00f6re<br \/>\nTeslimat Detay\u0131: 5-25 i\u015f g\u00fcn\u00fc i\u00e7erisinde nominal olarak haz\u0131r mal ve stok<br \/>\n<b>Kalite G\u00fcvence<\/b><br \/>\nISO9001:2008 Sertifikal\u0131.TUV<br \/>\n<b>S\u00fcre\u00e7 kapasitesi<\/b><br \/>\nM\u00fc\u015fterilerimizin ihtiyac\u0131na g\u00f6re sac metal, mekanik par\u00e7a i\u015fleme, eloksal ve kaplama gibi y\u00fczey i\u015flemleri tedarik edebiliyoruz.<br \/>\n<b>servis verilebilir aral\u0131k<\/b><br \/>\nPar\u00e7alar ara\u00e7larda, bask\u0131 makinelerinde, g\u0131da i\u015fleme makinelerinde, tekstil makinelerinde, elektronik makinelerde vb. kullan\u0131l\u0131r.<br \/>\n<b>\u0130hra\u00e7 Edilen<\/b><br \/>\nJaponya, Amerika, Kanada, \u0130ngiltere ve Bel\u00e7ika Almanya, Rusya, Fransa, \u0130talya ve t\u00fcm \u00fclkeler<br \/>\n<b>Uygulama<\/b><br \/>\nMakine yedek par\u00e7alar\u0131, Motor Makineleri Elektrikli Aletler, Spor Aparatlar\u0131, mutfak e\u015fyalar\u0131, ofis ekipmanlar\u0131, Scooter Al\u00fcminyum pencereler, Du\u015f bloklar\u0131, as\u0131l\u0131 yuvarlak, dolap tekerle\u011fi, oyuncaklar.etc<br \/>\n<b>Sertifikasyon<\/b>ISO9001, RoHS, SGS vb.<\/div>","protected":false},"excerpt":{"rendered":"<p>Kaynak ekibimiz, TIG, MIG, Saplama ve Punta kayna\u011f\u0131n\u0131 di\u011fer imalat ad\u0131mlar\u0131na entegre ederek toplam \u00fcretim s\u00fcresini azaltmak i\u00e7in tesis genelinde seferber olur. S\u0131kl\u0131kla, par\u00e7alar\u0131n belirtilen boyuta b\u00fck\u00fcld\u00fc\u011f\u00fc veya donan\u0131m\u0131n sac levhaya yerle\u015ftirildi\u011fi \u015fekillendirme veya donan\u0131m s\u00fcrecine kat\u0131l\u0131rlar.<\/p>","protected":false},"featured_media":1294,"comment_status":"open","ping_status":"closed","template":"","meta":[],"product_cat":[111],"class_list":["post-1293","product","type-product","status-publish","has-post-thumbnail","hentry","product_cat-metal-3d-printer"],"yoast_head":"<!-- This site is optimized with the Yoast SEO plugin v21.5 - https:\/\/yoast.com\/wordpress\/plugins\/seo\/ -->\n<title>Custom Sheet Metal Spare Parts Grey Powder Coating Shell for 3D Printer Plate Parts - METALPIE<\/title>\n<meta name=\"robots\" content=\"index, follow, max-snippet:-1, max-image-preview:large, max-video-preview:-1\" \/>\n<link rel=\"canonical\" href=\"https:\/\/metalpie.com\/tr\/metal-3d-yazici\/3d-yazici-plaka-parcalari-icin-ozel-sac-metal-yedek-parcalar-gri-toz-kaplama-kabuk\/\" \/>\n<meta property=\"og:locale\" content=\"tr_TR\" \/>\n<meta property=\"og:type\" content=\"article\" \/>\n<meta property=\"og:title\" content=\"Custom Sheet Metal Spare Parts Grey Powder Coating Shell for 3D Printer Plate Parts - METALPIE\" \/>\n<meta property=\"og:description\" content=\"Our weld team mobilizes across the facility to integrate TIG, MIG, Stud, and Spot welding into other fabrication steps, reducing overall production time. Frequently, they will join the forming or hardware process where parts are being bent to specified dimension or where hardware is inserted into the sheet metal.\" \/>\n<meta property=\"og:url\" content=\"https:\/\/metalpie.com\/tr\/metal-3d-yazici\/3d-yazici-plaka-parcalari-icin-ozel-sac-metal-yedek-parcalar-gri-toz-kaplama-kabuk\/\" \/>\n<meta property=\"og:site_name\" content=\"METALPIE\" \/>\n<meta name=\"twitter:card\" content=\"summary_large_image\" \/>\n<meta name=\"twitter:label1\" content=\"Tahmini okuma s\u00fcresi\" \/>\n\t<meta name=\"twitter:data1\" content=\"1 dakika\" \/>\n<script type=\"application\/ld+json\" class=\"yoast-schema-graph\">{\"@context\":\"https:\/\/schema.org\",\"@graph\":[{\"@type\":\"WebPage\",\"@id\":\"https:\/\/metalpie.com\/metal-3d-printer\/custom-sheet-metal-spare-parts-grey-powder-coating-shell-for-3d-printer-plate-parts\/\",\"url\":\"https:\/\/metalpie.com\/metal-3d-printer\/custom-sheet-metal-spare-parts-grey-powder-coating-shell-for-3d-printer-plate-parts\/\",\"name\":\"Custom Sheet Metal Spare Parts Grey Powder Coating Shell for 3D Printer Plate Parts - METALPIE\",\"isPartOf\":{\"@id\":\"https:\/\/metalpie.com\/#website\"},\"datePublished\":\"2022-08-19T08:44:22+00:00\",\"dateModified\":\"2022-08-19T08:44:22+00:00\",\"breadcrumb\":{\"@id\":\"https:\/\/metalpie.com\/metal-3d-printer\/custom-sheet-metal-spare-parts-grey-powder-coating-shell-for-3d-printer-plate-parts\/#breadcrumb\"},\"inLanguage\":\"tr\",\"potentialAction\":[{\"@type\":\"ReadAction\",\"target\":[\"https:\/\/metalpie.com\/metal-3d-printer\/custom-sheet-metal-spare-parts-grey-powder-coating-shell-for-3d-printer-plate-parts\/\"]}]},{\"@type\":\"BreadcrumbList\",\"@id\":\"https:\/\/metalpie.com\/metal-3d-printer\/custom-sheet-metal-spare-parts-grey-powder-coating-shell-for-3d-printer-plate-parts\/#breadcrumb\",\"itemListElement\":[{\"@type\":\"ListItem\",\"position\":1,\"name\":\"Home\",\"item\":\"https:\/\/metalpie.com\/\"},{\"@type\":\"ListItem\",\"position\":2,\"name\":\"Products\",\"item\":\"https:\/\/metalpie.com\/shop\/\"},{\"@type\":\"ListItem\",\"position\":3,\"name\":\"Custom Sheet Metal Spare Parts Grey Powder Coating Shell for 3D Printer Plate Parts\"}]},{\"@type\":\"WebSite\",\"@id\":\"https:\/\/metalpie.com\/#website\",\"url\":\"https:\/\/metalpie.com\/\",\"name\":\"METALPIE\",\"description\":\"Precision Metal Fabrication | Tools, Processes &amp; More\",\"potentialAction\":[{\"@type\":\"SearchAction\",\"target\":{\"@type\":\"EntryPoint\",\"urlTemplate\":\"https:\/\/metalpie.com\/?s={search_term_string}\"},\"query-input\":\"required name=search_term_string\"}],\"inLanguage\":\"tr\"}]}<\/script>\n<!-- \/ Yoast SEO plugin. -->","yoast_head_json":{"title":"\u00d6zel Sac Metal Yedek Par\u00e7alar\u0131 3D Yaz\u0131c\u0131 Plaka Par\u00e7alar\u0131 i\u00e7in Gri Toz Boya Kabu\u011fu - METALPIE","robots":{"index":"index","follow":"follow","max-snippet":"max-snippet:-1","max-image-preview":"max-image-preview:large","max-video-preview":"max-video-preview:-1"},"canonical":"https:\/\/metalpie.com\/tr\/metal-3d-yazici\/3d-yazici-plaka-parcalari-icin-ozel-sac-metal-yedek-parcalar-gri-toz-kaplama-kabuk\/","og_locale":"tr_TR","og_type":"article","og_title":"Custom Sheet Metal Spare Parts Grey Powder Coating Shell for 3D Printer Plate Parts - METALPIE","og_description":"Our weld team mobilizes across the facility to integrate TIG, MIG, Stud, and Spot welding into other fabrication steps, reducing overall production time. Frequently, they will join the forming or hardware process where parts are being bent to specified dimension or where hardware is inserted into the sheet metal.","og_url":"https:\/\/metalpie.com\/tr\/metal-3d-yazici\/3d-yazici-plaka-parcalari-icin-ozel-sac-metal-yedek-parcalar-gri-toz-kaplama-kabuk\/","og_site_name":"METALPIE","twitter_card":"summary_large_image","twitter_misc":{"Tahmini okuma s\u00fcresi":"1 dakika"},"schema":{"@context":"https:\/\/schema.org","@graph":[{"@type":"WebPage","@id":"https:\/\/metalpie.com\/metal-3d-printer\/custom-sheet-metal-spare-parts-grey-powder-coating-shell-for-3d-printer-plate-parts\/","url":"https:\/\/metalpie.com\/metal-3d-printer\/custom-sheet-metal-spare-parts-grey-powder-coating-shell-for-3d-printer-plate-parts\/","name":"\u00d6zel Sac Metal Yedek Par\u00e7alar\u0131 3D Yaz\u0131c\u0131 Plaka Par\u00e7alar\u0131 i\u00e7in Gri Toz Boya Kabu\u011fu - METALPIE","isPartOf":{"@id":"https:\/\/metalpie.com\/#website"},"datePublished":"2022-08-19T08:44:22+00:00","dateModified":"2022-08-19T08:44:22+00:00","breadcrumb":{"@id":"https:\/\/metalpie.com\/metal-3d-printer\/custom-sheet-metal-spare-parts-grey-powder-coating-shell-for-3d-printer-plate-parts\/#breadcrumb"},"inLanguage":"tr","potentialAction":[{"@type":"ReadAction","target":["https:\/\/metalpie.com\/metal-3d-printer\/custom-sheet-metal-spare-parts-grey-powder-coating-shell-for-3d-printer-plate-parts\/"]}]},{"@type":"BreadcrumbList","@id":"https:\/\/metalpie.com\/metal-3d-printer\/custom-sheet-metal-spare-parts-grey-powder-coating-shell-for-3d-printer-plate-parts\/#breadcrumb","itemListElement":[{"@type":"ListItem","position":1,"name":"Home","item":"https:\/\/metalpie.com\/"},{"@type":"ListItem","position":2,"name":"Products","item":"https:\/\/metalpie.com\/shop\/"},{"@type":"ListItem","position":3,"name":"Custom Sheet Metal Spare Parts Grey Powder Coating Shell for 3D Printer Plate Parts"}]},{"@type":"WebSite","@id":"https:\/\/metalpie.com\/#website","url":"https:\/\/metalpie.com\/","name":"METALPIE","description":"Hassas Metal \u0130malat\u0131 | Ara\u00e7lar, S\u00fcre\u00e7ler ve Daha Fazlas\u0131","potentialAction":[{"@type":"SearchAction","target":{"@type":"EntryPoint","urlTemplate":"https:\/\/metalpie.com\/?s={search_term_string}"},"query-input":"required name=search_term_string"}],"inLanguage":"tr"}]}},"_links":{"self":[{"href":"https:\/\/metalpie.com\/tr\/wp-json\/wp\/v2\/product\/1293","targetHints":{"allow":["GET"]}}],"collection":[{"href":"https:\/\/metalpie.com\/tr\/wp-json\/wp\/v2\/product"}],"about":[{"href":"https:\/\/metalpie.com\/tr\/wp-json\/wp\/v2\/types\/product"}],"replies":[{"embeddable":true,"href":"https:\/\/metalpie.com\/tr\/wp-json\/wp\/v2\/comments?post=1293"}],"wp:featuredmedia":[{"embeddable":true,"href":"https:\/\/metalpie.com\/tr\/wp-json\/"}],"wp:attachment":[{"href":"https:\/\/metalpie.com\/tr\/wp-json\/wp\/v2\/media?parent=1293"}],"wp:term":[{"taxonomy":"product_cat","embeddable":true,"href":"https:\/\/metalpie.com\/tr\/wp-json\/wp\/v2\/product_cat?post=1293"}],"curies":[{"name":"wp","href":"https:\/\/api.w.org\/{rel}","templated":true}]}}