{"id":1198,"date":"2022-08-18T23:01:39","date_gmt":"2022-08-18T15:01:39","guid":{"rendered":"https:\/\/goodsheet.bbswaimao.com\/?post_type=product&amp;p=1198"},"modified":"2022-08-18T23:01:39","modified_gmt":"2022-08-18T15:01:39","slug":"bukme-parcalari-3d-yazicinin-yapisal-parcalari-sac-metal-yatak-sabitleme-cercevesi","status":"publish","type":"product","link":"https:\/\/metalpie.com\/tr\/metal-3d-yazici\/bukme-parcalari-3d-yazicinin-yapisal-parcalari-sac-metal-yatak-sabitleme-cercevesi\/","title":{"rendered":"B\u00fckme Par\u00e7alar\u0131 3D Yaz\u0131c\u0131n\u0131n Yap\u0131sal Par\u00e7alar\u0131 Sac Metal Rulman Sabitleme Kap\u0131s\u0131"},"content":{"rendered":"<p>&nbsp;<\/p>\n<table border=\"1\" cellspacing=\"0\">\n<tbody>\n<tr>\n<td valign=\"center\"><a data-spm-anchor-id=\"a2700.details.0.0\">\u0130\u015flem t\u00fcr\u00fc<\/a><\/td>\n<td valign=\"center\">Damgalama, delme, ta\u015flama, b\u00fckme, kaynak, Lazer kesim, tel EDM kesim, CNC i\u015fleme vb.<\/td>\n<\/tr>\n<tr>\n<td rowspan=\"2\" valign=\"center\">Y\u00fczey i\u015fleme<\/td>\n<td valign=\"center\">Kumlama, parlatma, Eloksal, \u00e7inko\/nikel\/krom\/kaplama,<\/td>\n<\/tr>\n<tr>\n<td valign=\"center\">G\u00fc\u00e7 kaplama, pasivasyon, Is\u0131l i\u015flem vb.<\/td>\n<\/tr>\n<tr>\n<td valign=\"center\">Uygulamal\u0131 Yaz\u0131l\u0131m<\/td>\n<td valign=\"center\">PRO\/E, Auto CAD, Solid Works, IGS, UG, CAD\/CAM\/CAE<\/td>\n<\/tr>\n<tr>\n<td valign=\"center\">Ho\u015fg\u00f6r\u00fc<\/td>\n<td valign=\"center\">0.1-0.2mm de \u00f6zelle\u015ftirilebilir<\/td>\n<\/tr>\n<tr>\n<td valign=\"center\">Boyut<\/td>\n<td valign=\"center\">M\u00fc\u015fterilerin iste\u011fine g\u00f6re<\/td>\n<\/tr>\n<tr>\n<td rowspan=\"6\" valign=\"center\">Malzeme<\/td>\n<td valign=\"center\">1. Paslanmaz \u00c7elik: AISI303, AISI304, AISI316F, 420,440, vb.<\/td>\n<\/tr>\n<tr>\n<td valign=\"center\">2. Al\u00fcminyum: Al6061, Al6063, Al7075, Al6082, Al5052, vb.<\/td>\n<\/tr>\n<tr>\n<td valign=\"center\">3. Pirin\u00e7: C36000, C37700, Hpb59-1, H62, C27200 (CuZn37), vb.<\/td>\n<\/tr>\n<tr>\n<td valign=\"center\">4. \u00c7elik: karbon \u00e7eli\u011fi, ala\u015f\u0131ml\u0131 \u00e7elik, vb.<\/td>\n<\/tr>\n<tr>\n<td valign=\"center\">\n<p data-spm-anchor-id=\"a2700.details.0.i32.39a95ff8UE0RtD\">5.Bak\u0131r<\/p>\n<\/td>\n<\/tr>\n<tr>\n<td valign=\"center\">6. \u00c7inko \u00e7elik levha<\/td>\n<\/tr>\n<tr>\n<td valign=\"center\">Deneme \u00f6rnek s\u00fcresi<\/td>\n<td valign=\"center\">Onayland\u0131ktan sonra yakla\u015f\u0131k 7-15 g\u00fcn<\/td>\n<\/tr>\n<tr>\n<td valign=\"center\">Teslimat s\u00fcresi<\/td>\n<td valign=\"center\">Depozitodan itibaren 15-20 g\u00fcn<\/td>\n<\/tr>\n<tr>\n<td rowspan=\"2\" valign=\"center\">Paketleme detay\u0131<\/td>\n<td valign=\"center\">1. \u00c7evre dostu pp torba \/ EPE K\u00f6p\u00fck \/ Karton kutular veya ah\u015fap kutular<\/td>\n<\/tr>\n<tr>\n<td valign=\"center\">2. M\u00fc\u015fterinin \u00f6zel gereksinimleri olarak<\/td>\n<\/tr>\n<tr>\n<td rowspan=\"2\" valign=\"center\">End\u00fcstri Standartlar\u0131<\/td>\n<td valign=\"center\">DIN\/ ISO 9001:2015<\/td>\n<\/tr>\n<\/tbody>\n<\/table>\n<p>&nbsp;<\/p>","protected":false},"excerpt":{"rendered":"<p>Shengen, \u00e7ok \u00e7e\u015fitli metal 3D yaz\u0131c\u0131 muhafazalar\u0131 \u00fcretmektedir. ISO taraf\u0131ndan \u00fcretim sertifikas\u0131na sahibiz. Her tip veya derecelendirme, UL ve NEMA standartlar\u0131na g\u00f6re belirli \u00e7evresel ko\u015fullara kar\u015f\u0131 bir dereceye kadar koruma sa\u011flamak i\u00e7in \u00fcretilir ve test edilir.<\/p>","protected":false},"featured_media":1201,"comment_status":"open","ping_status":"closed","template":"","meta":[],"product_cat":[111],"class_list":["post-1198","product","type-product","status-publish","has-post-thumbnail","hentry","product_cat-metal-3d-printer"],"yoast_head":"<!-- This site is optimized with the Yoast SEO plugin v21.5 - https:\/\/yoast.com\/wordpress\/plugins\/seo\/ -->\n<title>Bending Parts Structural Parts of 3D Printer Sheet Metal Bearing Fixing Door - METALPIE<\/title>\n<meta name=\"robots\" content=\"index, follow, max-snippet:-1, max-image-preview:large, max-video-preview:-1\" \/>\n<link rel=\"canonical\" href=\"https:\/\/metalpie.com\/tr\/metal-3d-yazici\/bukme-parcalari-3d-yazicinin-yapisal-parcalari-sac-metal-yatak-sabitleme-cercevesi\/\" \/>\n<meta property=\"og:locale\" content=\"tr_TR\" \/>\n<meta property=\"og:type\" content=\"article\" \/>\n<meta property=\"og:title\" content=\"Bending Parts Structural Parts of 3D Printer Sheet Metal Bearing Fixing Door - METALPIE\" \/>\n<meta property=\"og:description\" content=\"Shengen manufacturers a wide range of metal 3D printer enclosures. We are certified by ISO to manufacture. Each type or rating is manufactured and tested to provide a degree of protection against certain environmental conditions per the standards of UL and NEMA.\" \/>\n<meta property=\"og:url\" content=\"https:\/\/metalpie.com\/tr\/metal-3d-yazici\/bukme-parcalari-3d-yazicinin-yapisal-parcalari-sac-metal-yatak-sabitleme-cercevesi\/\" \/>\n<meta property=\"og:site_name\" content=\"METALPIE\" \/>\n<meta name=\"twitter:card\" content=\"summary_large_image\" \/>\n<meta name=\"twitter:label1\" content=\"Tahmini okuma s\u00fcresi\" \/>\n\t<meta name=\"twitter:data1\" content=\"1 dakika\" \/>\n<script type=\"application\/ld+json\" class=\"yoast-schema-graph\">{\"@context\":\"https:\/\/schema.org\",\"@graph\":[{\"@type\":\"WebPage\",\"@id\":\"https:\/\/metalpie.com\/metal-3d-printer\/bending-parts-structural-parts-of-3d-printer-sheet-metal-bearing-fixing-frame\/\",\"url\":\"https:\/\/metalpie.com\/metal-3d-printer\/bending-parts-structural-parts-of-3d-printer-sheet-metal-bearing-fixing-frame\/\",\"name\":\"Bending Parts Structural Parts of 3D Printer Sheet Metal Bearing Fixing Door - METALPIE\",\"isPartOf\":{\"@id\":\"https:\/\/metalpie.com\/#website\"},\"datePublished\":\"2022-08-18T15:01:39+00:00\",\"dateModified\":\"2022-08-18T15:01:39+00:00\",\"breadcrumb\":{\"@id\":\"https:\/\/metalpie.com\/metal-3d-printer\/bending-parts-structural-parts-of-3d-printer-sheet-metal-bearing-fixing-frame\/#breadcrumb\"},\"inLanguage\":\"tr\",\"potentialAction\":[{\"@type\":\"ReadAction\",\"target\":[\"https:\/\/metalpie.com\/metal-3d-printer\/bending-parts-structural-parts-of-3d-printer-sheet-metal-bearing-fixing-frame\/\"]}]},{\"@type\":\"BreadcrumbList\",\"@id\":\"https:\/\/metalpie.com\/metal-3d-printer\/bending-parts-structural-parts-of-3d-printer-sheet-metal-bearing-fixing-frame\/#breadcrumb\",\"itemListElement\":[{\"@type\":\"ListItem\",\"position\":1,\"name\":\"Home\",\"item\":\"https:\/\/metalpie.com\/\"},{\"@type\":\"ListItem\",\"position\":2,\"name\":\"Products\",\"item\":\"https:\/\/metalpie.com\/shop\/\"},{\"@type\":\"ListItem\",\"position\":3,\"name\":\"Bending Parts Structural Parts of 3D Printer Sheet Metal Bearing Fixing Door\"}]},{\"@type\":\"WebSite\",\"@id\":\"https:\/\/metalpie.com\/#website\",\"url\":\"https:\/\/metalpie.com\/\",\"name\":\"METALPIE\",\"description\":\"Precision Metal Fabrication | Tools, Processes &amp; More\",\"potentialAction\":[{\"@type\":\"SearchAction\",\"target\":{\"@type\":\"EntryPoint\",\"urlTemplate\":\"https:\/\/metalpie.com\/?s={search_term_string}\"},\"query-input\":\"required name=search_term_string\"}],\"inLanguage\":\"tr\"}]}<\/script>\n<!-- \/ Yoast SEO plugin. -->","yoast_head_json":{"title":"B\u00fckme Par\u00e7alar\u0131 3D Yaz\u0131c\u0131n\u0131n Yap\u0131sal Par\u00e7alar\u0131 Sac Metal Rulman Sabitleme Kap\u0131s\u0131 - METALPIE","robots":{"index":"index","follow":"follow","max-snippet":"max-snippet:-1","max-image-preview":"max-image-preview:large","max-video-preview":"max-video-preview:-1"},"canonical":"https:\/\/metalpie.com\/tr\/metal-3d-yazici\/bukme-parcalari-3d-yazicinin-yapisal-parcalari-sac-metal-yatak-sabitleme-cercevesi\/","og_locale":"tr_TR","og_type":"article","og_title":"Bending Parts Structural Parts of 3D Printer Sheet Metal Bearing Fixing Door - METALPIE","og_description":"Shengen manufacturers a wide range of metal 3D printer enclosures. We are certified by ISO to manufacture. Each type or rating is manufactured and tested to provide a degree of protection against certain environmental conditions per the standards of UL and NEMA.","og_url":"https:\/\/metalpie.com\/tr\/metal-3d-yazici\/bukme-parcalari-3d-yazicinin-yapisal-parcalari-sac-metal-yatak-sabitleme-cercevesi\/","og_site_name":"METALPIE","twitter_card":"summary_large_image","twitter_misc":{"Tahmini okuma s\u00fcresi":"1 dakika"},"schema":{"@context":"https:\/\/schema.org","@graph":[{"@type":"WebPage","@id":"https:\/\/metalpie.com\/metal-3d-printer\/bending-parts-structural-parts-of-3d-printer-sheet-metal-bearing-fixing-frame\/","url":"https:\/\/metalpie.com\/metal-3d-printer\/bending-parts-structural-parts-of-3d-printer-sheet-metal-bearing-fixing-frame\/","name":"B\u00fckme Par\u00e7alar\u0131 3D Yaz\u0131c\u0131n\u0131n Yap\u0131sal Par\u00e7alar\u0131 Sac Metal Rulman Sabitleme Kap\u0131s\u0131 - METALPIE","isPartOf":{"@id":"https:\/\/metalpie.com\/#website"},"datePublished":"2022-08-18T15:01:39+00:00","dateModified":"2022-08-18T15:01:39+00:00","breadcrumb":{"@id":"https:\/\/metalpie.com\/metal-3d-printer\/bending-parts-structural-parts-of-3d-printer-sheet-metal-bearing-fixing-frame\/#breadcrumb"},"inLanguage":"tr","potentialAction":[{"@type":"ReadAction","target":["https:\/\/metalpie.com\/metal-3d-printer\/bending-parts-structural-parts-of-3d-printer-sheet-metal-bearing-fixing-frame\/"]}]},{"@type":"BreadcrumbList","@id":"https:\/\/metalpie.com\/metal-3d-printer\/bending-parts-structural-parts-of-3d-printer-sheet-metal-bearing-fixing-frame\/#breadcrumb","itemListElement":[{"@type":"ListItem","position":1,"name":"Home","item":"https:\/\/metalpie.com\/"},{"@type":"ListItem","position":2,"name":"Products","item":"https:\/\/metalpie.com\/shop\/"},{"@type":"ListItem","position":3,"name":"Bending Parts Structural Parts of 3D Printer Sheet Metal Bearing Fixing Door"}]},{"@type":"WebSite","@id":"https:\/\/metalpie.com\/#website","url":"https:\/\/metalpie.com\/","name":"METALPIE","description":"Hassas Metal \u0130malat\u0131 | Ara\u00e7lar, S\u00fcre\u00e7ler ve Daha Fazlas\u0131","potentialAction":[{"@type":"SearchAction","target":{"@type":"EntryPoint","urlTemplate":"https:\/\/metalpie.com\/?s={search_term_string}"},"query-input":"required name=search_term_string"}],"inLanguage":"tr"}]}},"_links":{"self":[{"href":"https:\/\/metalpie.com\/tr\/wp-json\/wp\/v2\/product\/1198","targetHints":{"allow":["GET"]}}],"collection":[{"href":"https:\/\/metalpie.com\/tr\/wp-json\/wp\/v2\/product"}],"about":[{"href":"https:\/\/metalpie.com\/tr\/wp-json\/wp\/v2\/types\/product"}],"replies":[{"embeddable":true,"href":"https:\/\/metalpie.com\/tr\/wp-json\/wp\/v2\/comments?post=1198"}],"wp:featuredmedia":[{"embeddable":true,"href":"https:\/\/metalpie.com\/tr\/wp-json\/"}],"wp:attachment":[{"href":"https:\/\/metalpie.com\/tr\/wp-json\/wp\/v2\/media?parent=1198"}],"wp:term":[{"taxonomy":"product_cat","embeddable":true,"href":"https:\/\/metalpie.com\/tr\/wp-json\/wp\/v2\/product_cat?post=1198"}],"curies":[{"name":"wp","href":"https:\/\/api.w.org\/{rel}","templated":true}]}}