{"id":1111,"date":"2022-08-08T11:17:27","date_gmt":"2022-08-08T03:17:27","guid":{"rendered":"https:\/\/goodsheet.bbswaimao.com\/?post_type=product&amp;p=1111"},"modified":"2022-08-08T11:17:27","modified_gmt":"2022-08-08T03:17:27","slug":"ozel-metal-damgalama-parcalari-aluminyum-paslanmaz-celik-damgali-sac-parca","status":"publish","type":"product","link":"https:\/\/metalpie.com\/tr\/metal-damgalama-parcasi\/ozel-metal-damgalama-parcalari-aluminyum-paslanmaz-celik-damgali-sac-parca\/","title":{"rendered":"\u00d6zel metal damgalama par\u00e7alar\u0131 al\u00fcminyum paslanmaz \u00e7elik damgal\u0131 sac par\u00e7a"},"content":{"rendered":"<table style=\"height: 478px\" width=\"1291\">\n<tbody>\n<tr>\n<td width=\"206\">\u00dcr\u00fcn Ad\u0131<\/td>\n<td width=\"535\">\u00d6zelle\u015ftirilmi\u015f metal par\u00e7alar paslanmaz \u00e7elik al\u00fcminyum bak\u0131r damgalama par\u00e7alar\u0131<\/td>\n<\/tr>\n<tr>\n<td width=\"206\">Malzeme<\/td>\n<td width=\"535\">SPCC SECC AL SST<\/td>\n<\/tr>\n<tr>\n<td width=\"206\">Boyut<\/td>\n<td width=\"535\">\u00c7izimlere, numunelere veya isteklerinize g\u00f6re<\/td>\n<\/tr>\n<tr>\n<td width=\"206\">Hizmetler<\/td>\n<td width=\"535\">M\u00fc\u015fterilere damgalama, d\u00f6vme, d\u00f6k\u00fcm ve i\u015fleme hizmetleri sunan Tek Noktadan Hizmet tedarik\u00e7isi<\/td>\n<\/tr>\n<tr>\n<td width=\"206\">Tasar\u0131m<\/td>\n<td width=\"535\">\u00c7izimlere, numunelere veya isteklerinize g\u00f6re<\/td>\n<\/tr>\n<tr>\n<td width=\"206\">End\u00fcstri Standartlar\u0131<\/td>\n<td width=\"535\">&nbsp;<\/p>\n<p>DIN\/ ISO 9001:2015 RoHS uyumlu<\/td>\n<\/tr>\n<tr>\n<td width=\"206\">\u00d6deme S\u00fcresi<\/td>\n<td width=\"535\">\u00a0\u00a0L \/ C, T \/ T, Paypal, \u00d6demeyi daha kolay hale getirmek i\u00e7in \u00e7e\u015fitli se\u00e7enekler<\/td>\n<\/tr>\n<tr>\n<td width=\"206\">Kalite kontrol<\/td>\n<td width=\"535\">\u00a0RoHS test cihaz\u0131, kumpaslar, tuz spary test cihaz\u0131, kordonat \u00f6l\u00e7\u00fcm cihaz\u0131<\/td>\n<\/tr>\n<tr>\n<td width=\"206\">Ek<\/td>\n<td width=\"535\">\u00a01) \u00d6rnek Sipari\u015f ve K\u00fc\u00e7\u00fck Sipari\u015f kabul edilebilir;<br \/>\n2) Teslimat y\u00f6ntemleri: DHL, EMS, UPS veya Fedex (daha h\u0131zl\u0131 ve daha g\u00fcvenli)<br \/>\n3) \u00c7in-shenzhen \u015fehrinin \u00fcretim \u00fcss\u00fcnde bulunan, m\u00fc\u015fterilerin ihtiya\u00e7lar\u0131na ve \u00fcr\u00fcnlerin uygulamas\u0131na g\u00f6re m\u00fc\u015fteri tasar\u0131m\u0131na da yard\u0131mc\u0131 oluyoruz.<\/td>\n<\/tr>\n<\/tbody>\n<\/table>","protected":false},"excerpt":{"rendered":"<p>Bu yatay bo\u015f damgalama etiketleri, tak\u0131 yap\u0131m\u0131, yap\u0131m i\u015fareti, kolye, bilezik, kolye ucu, anahtarl\u0131k, \u00e7anta kolye ucu, kazak zinciri kolye u\u00e7lar\u0131, s\u00fcs e\u015fyalar\u0131 i\u00e7in yayg\u0131n olarak uygulanabilir veya birden fazla ihtiyac\u0131n\u0131z\u0131 kar\u015f\u0131layabilecek basit anlaml\u0131 kelimeleri veya desenleri hediye olarak damgalayabilirsiniz.<\/p>","protected":false},"featured_media":1113,"comment_status":"open","ping_status":"closed","template":"","meta":[],"product_cat":[110],"class_list":["post-1111","product","type-product","status-publish","has-post-thumbnail","hentry","product_cat-metal-stamping-part"],"yoast_head":"<!-- This site is optimized with the Yoast SEO plugin v21.5 - https:\/\/yoast.com\/wordpress\/plugins\/seo\/ -->\n<title>Custom metal stamping parts aluminum stainless steel stamped sheet metal part - METALPIE<\/title>\n<meta name=\"robots\" content=\"index, follow, max-snippet:-1, max-image-preview:large, max-video-preview:-1\" \/>\n<link rel=\"canonical\" href=\"https:\/\/metalpie.com\/tr\/metal-damgalama-parcasi\/ozel-metal-damgalama-parcalari-aluminyum-paslanmaz-celik-damgali-sac-parca\/\" \/>\n<meta property=\"og:locale\" content=\"tr_TR\" \/>\n<meta property=\"og:type\" content=\"article\" \/>\n<meta property=\"og:title\" content=\"Custom metal stamping parts aluminum stainless steel stamped sheet metal part - METALPIE\" \/>\n<meta property=\"og:description\" content=\"These horizontal blank stamping tags can be widely applied for jewelry making, makings sign, necklace, bracelet, pendant, key chain, bag pendant, sweater chain pendants, ornaments or you can stamp simple meaningful words or patterns as gifts, which can meet your multiple needs.\" \/>\n<meta property=\"og:url\" content=\"https:\/\/metalpie.com\/tr\/metal-damgalama-parcasi\/ozel-metal-damgalama-parcalari-aluminyum-paslanmaz-celik-damgali-sac-parca\/\" \/>\n<meta property=\"og:site_name\" content=\"METALPIE\" \/>\n<meta name=\"twitter:card\" content=\"summary_large_image\" \/>\n<meta name=\"twitter:label1\" content=\"Tahmini okuma s\u00fcresi\" \/>\n\t<meta name=\"twitter:data1\" content=\"1 dakika\" \/>\n<script type=\"application\/ld+json\" class=\"yoast-schema-graph\">{\"@context\":\"https:\/\/schema.org\",\"@graph\":[{\"@type\":\"WebPage\",\"@id\":\"https:\/\/metalpie.com\/metal-stamping-part\/custom-metal-stamping-parts-aluminum-stainless-steel-stamped-sheet-metal-part\/\",\"url\":\"https:\/\/metalpie.com\/metal-stamping-part\/custom-metal-stamping-parts-aluminum-stainless-steel-stamped-sheet-metal-part\/\",\"name\":\"Custom metal stamping parts aluminum stainless steel stamped sheet metal part - METALPIE\",\"isPartOf\":{\"@id\":\"https:\/\/metalpie.com\/#website\"},\"datePublished\":\"2022-08-08T03:17:27+00:00\",\"dateModified\":\"2022-08-08T03:17:27+00:00\",\"breadcrumb\":{\"@id\":\"https:\/\/metalpie.com\/metal-stamping-part\/custom-metal-stamping-parts-aluminum-stainless-steel-stamped-sheet-metal-part\/#breadcrumb\"},\"inLanguage\":\"tr\",\"potentialAction\":[{\"@type\":\"ReadAction\",\"target\":[\"https:\/\/metalpie.com\/metal-stamping-part\/custom-metal-stamping-parts-aluminum-stainless-steel-stamped-sheet-metal-part\/\"]}]},{\"@type\":\"BreadcrumbList\",\"@id\":\"https:\/\/metalpie.com\/metal-stamping-part\/custom-metal-stamping-parts-aluminum-stainless-steel-stamped-sheet-metal-part\/#breadcrumb\",\"itemListElement\":[{\"@type\":\"ListItem\",\"position\":1,\"name\":\"Home\",\"item\":\"https:\/\/metalpie.com\/\"},{\"@type\":\"ListItem\",\"position\":2,\"name\":\"Products\",\"item\":\"https:\/\/metalpie.com\/shop\/\"},{\"@type\":\"ListItem\",\"position\":3,\"name\":\"Custom metal stamping parts aluminum stainless steel stamped sheet metal part\"}]},{\"@type\":\"WebSite\",\"@id\":\"https:\/\/metalpie.com\/#website\",\"url\":\"https:\/\/metalpie.com\/\",\"name\":\"METALPIE\",\"description\":\"Precision Metal Fabrication | Tools, Processes &amp; More\",\"potentialAction\":[{\"@type\":\"SearchAction\",\"target\":{\"@type\":\"EntryPoint\",\"urlTemplate\":\"https:\/\/metalpie.com\/?s={search_term_string}\"},\"query-input\":\"required name=search_term_string\"}],\"inLanguage\":\"tr\"}]}<\/script>\n<!-- \/ Yoast SEO plugin. -->","yoast_head_json":{"title":"\u00d6zel metal damgalama par\u00e7alar\u0131 al\u00fcminyum paslanmaz \u00e7elik damgal\u0131 sac par\u00e7a - METALPIE","robots":{"index":"index","follow":"follow","max-snippet":"max-snippet:-1","max-image-preview":"max-image-preview:large","max-video-preview":"max-video-preview:-1"},"canonical":"https:\/\/metalpie.com\/tr\/metal-damgalama-parcasi\/ozel-metal-damgalama-parcalari-aluminyum-paslanmaz-celik-damgali-sac-parca\/","og_locale":"tr_TR","og_type":"article","og_title":"Custom metal stamping parts aluminum stainless steel stamped sheet metal part - METALPIE","og_description":"These horizontal blank stamping tags can be widely applied for jewelry making, makings sign, necklace, bracelet, pendant, key chain, bag pendant, sweater chain pendants, ornaments or you can stamp simple meaningful words or patterns as gifts, which can meet your multiple needs.","og_url":"https:\/\/metalpie.com\/tr\/metal-damgalama-parcasi\/ozel-metal-damgalama-parcalari-aluminyum-paslanmaz-celik-damgali-sac-parca\/","og_site_name":"METALPIE","twitter_card":"summary_large_image","twitter_misc":{"Tahmini okuma s\u00fcresi":"1 dakika"},"schema":{"@context":"https:\/\/schema.org","@graph":[{"@type":"WebPage","@id":"https:\/\/metalpie.com\/metal-stamping-part\/custom-metal-stamping-parts-aluminum-stainless-steel-stamped-sheet-metal-part\/","url":"https:\/\/metalpie.com\/metal-stamping-part\/custom-metal-stamping-parts-aluminum-stainless-steel-stamped-sheet-metal-part\/","name":"\u00d6zel metal damgalama par\u00e7alar\u0131 al\u00fcminyum paslanmaz \u00e7elik damgal\u0131 sac par\u00e7a - METALPIE","isPartOf":{"@id":"https:\/\/metalpie.com\/#website"},"datePublished":"2022-08-08T03:17:27+00:00","dateModified":"2022-08-08T03:17:27+00:00","breadcrumb":{"@id":"https:\/\/metalpie.com\/metal-stamping-part\/custom-metal-stamping-parts-aluminum-stainless-steel-stamped-sheet-metal-part\/#breadcrumb"},"inLanguage":"tr","potentialAction":[{"@type":"ReadAction","target":["https:\/\/metalpie.com\/metal-stamping-part\/custom-metal-stamping-parts-aluminum-stainless-steel-stamped-sheet-metal-part\/"]}]},{"@type":"BreadcrumbList","@id":"https:\/\/metalpie.com\/metal-stamping-part\/custom-metal-stamping-parts-aluminum-stainless-steel-stamped-sheet-metal-part\/#breadcrumb","itemListElement":[{"@type":"ListItem","position":1,"name":"Home","item":"https:\/\/metalpie.com\/"},{"@type":"ListItem","position":2,"name":"Products","item":"https:\/\/metalpie.com\/shop\/"},{"@type":"ListItem","position":3,"name":"Custom metal stamping parts aluminum stainless steel stamped sheet metal part"}]},{"@type":"WebSite","@id":"https:\/\/metalpie.com\/#website","url":"https:\/\/metalpie.com\/","name":"METALPIE","description":"Hassas Metal \u0130malat\u0131 | Ara\u00e7lar, S\u00fcre\u00e7ler ve Daha Fazlas\u0131","potentialAction":[{"@type":"SearchAction","target":{"@type":"EntryPoint","urlTemplate":"https:\/\/metalpie.com\/?s={search_term_string}"},"query-input":"required name=search_term_string"}],"inLanguage":"tr"}]}},"_links":{"self":[{"href":"https:\/\/metalpie.com\/tr\/wp-json\/wp\/v2\/product\/1111","targetHints":{"allow":["GET"]}}],"collection":[{"href":"https:\/\/metalpie.com\/tr\/wp-json\/wp\/v2\/product"}],"about":[{"href":"https:\/\/metalpie.com\/tr\/wp-json\/wp\/v2\/types\/product"}],"replies":[{"embeddable":true,"href":"https:\/\/metalpie.com\/tr\/wp-json\/wp\/v2\/comments?post=1111"}],"wp:featuredmedia":[{"embeddable":true,"href":"https:\/\/metalpie.com\/tr\/wp-json\/"}],"wp:attachment":[{"href":"https:\/\/metalpie.com\/tr\/wp-json\/wp\/v2\/media?parent=1111"}],"wp:term":[{"taxonomy":"product_cat","embeddable":true,"href":"https:\/\/metalpie.com\/tr\/wp-json\/wp\/v2\/product_cat?post=1111"}],"curies":[{"name":"wp","href":"https:\/\/api.w.org\/{rel}","templated":true}]}}