{"id":1080,"date":"2022-07-23T10:06:59","date_gmt":"2022-07-23T02:06:59","guid":{"rendered":"https:\/\/goodsheet.bbswaimao.com\/?post_type=product&amp;p=1080"},"modified":"2022-07-23T10:06:59","modified_gmt":"2022-07-23T02:06:59","slug":"oem-ozel-yuksek-hassasiyetli-braket-sac-metal-damgalama-parcalari","status":"publish","type":"product","link":"https:\/\/metalpie.com\/tr\/metal-damgalama-parcasi\/oem-ozel-yuksek-hassasiyetli-braket-sac-metal-damgalama-parcalari\/","title":{"rendered":"OEM \u00f6zel y\u00fcksek hassasiyetli braket sac metal damgalama par\u00e7alar\u0131"},"content":{"rendered":"<table style=\"height: 364px\" width=\"1425\">\n<tbody>\n<tr>\n<td width=\"206\">\u00dcr\u00fcn Ad\u0131<\/td>\n<td width=\"535\">\u00d6zelle\u015ftirilmi\u015f metal par\u00e7alar paslanmaz \u00e7elik al\u00fcminyum bak\u0131r damgalama par\u00e7alar\u0131<\/td>\n<\/tr>\n<tr>\n<td width=\"206\">Malzeme<\/td>\n<td width=\"535\">SPCC SECC AL SST<\/td>\n<\/tr>\n<tr>\n<td width=\"206\">Boyut<\/td>\n<td width=\"535\">\u00c7izimlere, numunelere veya isteklerinize g\u00f6re<\/td>\n<\/tr>\n<tr>\n<td width=\"206\">Hizmetler<\/td>\n<td width=\"535\">M\u00fc\u015fterilere damgalama, d\u00f6vme, d\u00f6k\u00fcm ve i\u015fleme hizmetleri sunan Tek Noktadan Hizmet tedarik\u00e7isi<\/td>\n<\/tr>\n<tr>\n<td width=\"206\">Tasar\u0131m<\/td>\n<td width=\"535\">\u00c7izimlere, numunelere veya isteklerinize g\u00f6re<\/td>\n<\/tr>\n<tr>\n<td width=\"206\">End\u00fcstri Standartlar\u0131<\/td>\n<td width=\"535\">&nbsp;<\/p>\n<p>DIN\/ ISO 9001:2015 RoHS uyumlu<\/td>\n<\/tr>\n<tr>\n<td width=\"206\">\u00d6deme S\u00fcresi<\/td>\n<td width=\"535\">\u00a0\u00a0L \/ C, T \/ T, Paypal, \u00d6demeyi daha kolay hale getirmek i\u00e7in \u00e7e\u015fitli se\u00e7enekler<\/td>\n<\/tr>\n<tr>\n<td width=\"206\">Kalite kontrol<\/td>\n<td width=\"535\">\u00a0RoHS test cihaz\u0131, kumpaslar, tuz spary test cihaz\u0131, kordonat \u00f6l\u00e7\u00fcm cihaz\u0131<\/td>\n<\/tr>\n<tr>\n<td width=\"206\">Ek<\/td>\n<td width=\"535\">\u00a01) \u00d6rnek Sipari\u015f ve K\u00fc\u00e7\u00fck Sipari\u015f kabul edilebilir;<br \/>\n2) Teslimat y\u00f6ntemleri: DHL, EMS, UPS veya Fedex (daha h\u0131zl\u0131 ve daha g\u00fcvenli)<br \/>\n3) \u00c7in'in Shenzhen \u015fehrinin \u00fcretim \u00fcss\u00fcnde bulunan, m\u00fc\u015fterilerin gereksinimlerine ve \u00fcr\u00fcnlerin uygulamas\u0131na g\u00f6re m\u00fc\u015fteri tasar\u0131m\u0131na da yard\u0131mc\u0131 oluyoruz.<\/td>\n<\/tr>\n<\/tbody>\n<\/table>","protected":false},"excerpt":{"rendered":"<p>Damgalama par\u00e7alar\u0131, plastik deformasyon veya ayr\u0131lma \u00fcretmek i\u00e7in plakalara, \u015feritlere, borulara ve profillere d\u0131\u015f kuvvetler uygulamak i\u00e7in preslere ve kal\u0131plara dayan\u0131r.<\/p>","protected":false},"featured_media":1087,"comment_status":"closed","ping_status":"closed","template":"","meta":[],"product_cat":[110],"class_list":["post-1080","product","type-product","status-publish","has-post-thumbnail","hentry","product_cat-metal-stamping-part"],"yoast_head":"<!-- This site is optimized with the Yoast SEO plugin v21.5 - https:\/\/yoast.com\/wordpress\/plugins\/seo\/ -->\n<title>OEM custom high precision bracket sheet metal stamping parts - METALPIE<\/title>\n<meta name=\"robots\" content=\"index, follow, max-snippet:-1, max-image-preview:large, max-video-preview:-1\" \/>\n<link rel=\"canonical\" href=\"https:\/\/metalpie.com\/tr\/metal-damgalama-parcasi\/oem-ozel-yuksek-hassasiyetli-braket-sac-metal-damgalama-parcalari\/\" \/>\n<meta property=\"og:locale\" content=\"tr_TR\" \/>\n<meta property=\"og:type\" content=\"article\" \/>\n<meta property=\"og:title\" content=\"OEM custom high precision bracket sheet metal stamping parts - METALPIE\" \/>\n<meta property=\"og:description\" content=\"Stamping parts rely on presses and molds to exert external forces on plates, strips, pipes and profiles to produce plastic deformation or separation.\" \/>\n<meta property=\"og:url\" content=\"https:\/\/metalpie.com\/tr\/metal-damgalama-parcasi\/oem-ozel-yuksek-hassasiyetli-braket-sac-metal-damgalama-parcalari\/\" \/>\n<meta property=\"og:site_name\" content=\"METALPIE\" \/>\n<meta name=\"twitter:card\" content=\"summary_large_image\" \/>\n<meta name=\"twitter:label1\" content=\"Tahmini okuma s\u00fcresi\" \/>\n\t<meta name=\"twitter:data1\" content=\"1 dakika\" \/>\n<script type=\"application\/ld+json\" class=\"yoast-schema-graph\">{\"@context\":\"https:\/\/schema.org\",\"@graph\":[{\"@type\":\"WebPage\",\"@id\":\"https:\/\/metalpie.com\/metal-stamping-part\/oem-custom-high-precision-bracket-sheet-metal-stamping-parts\/\",\"url\":\"https:\/\/metalpie.com\/metal-stamping-part\/oem-custom-high-precision-bracket-sheet-metal-stamping-parts\/\",\"name\":\"OEM custom high precision bracket sheet metal stamping parts - METALPIE\",\"isPartOf\":{\"@id\":\"https:\/\/metalpie.com\/#website\"},\"datePublished\":\"2022-07-23T02:06:59+00:00\",\"dateModified\":\"2022-07-23T02:06:59+00:00\",\"breadcrumb\":{\"@id\":\"https:\/\/metalpie.com\/metal-stamping-part\/oem-custom-high-precision-bracket-sheet-metal-stamping-parts\/#breadcrumb\"},\"inLanguage\":\"tr\",\"potentialAction\":[{\"@type\":\"ReadAction\",\"target\":[\"https:\/\/metalpie.com\/metal-stamping-part\/oem-custom-high-precision-bracket-sheet-metal-stamping-parts\/\"]}]},{\"@type\":\"BreadcrumbList\",\"@id\":\"https:\/\/metalpie.com\/metal-stamping-part\/oem-custom-high-precision-bracket-sheet-metal-stamping-parts\/#breadcrumb\",\"itemListElement\":[{\"@type\":\"ListItem\",\"position\":1,\"name\":\"Home\",\"item\":\"https:\/\/metalpie.com\/\"},{\"@type\":\"ListItem\",\"position\":2,\"name\":\"Products\",\"item\":\"https:\/\/metalpie.com\/shop\/\"},{\"@type\":\"ListItem\",\"position\":3,\"name\":\"OEM custom high precision bracket sheet metal stamping parts\"}]},{\"@type\":\"WebSite\",\"@id\":\"https:\/\/metalpie.com\/#website\",\"url\":\"https:\/\/metalpie.com\/\",\"name\":\"METALPIE\",\"description\":\"Precision Metal Fabrication | Tools, Processes &amp; More\",\"potentialAction\":[{\"@type\":\"SearchAction\",\"target\":{\"@type\":\"EntryPoint\",\"urlTemplate\":\"https:\/\/metalpie.com\/?s={search_term_string}\"},\"query-input\":\"required name=search_term_string\"}],\"inLanguage\":\"tr\"}]}<\/script>\n<!-- \/ Yoast SEO plugin. -->","yoast_head_json":{"title":"OEM \u00f6zel y\u00fcksek hassasiyetli braket sac metal damgalama par\u00e7alar\u0131 - METALPIE","robots":{"index":"index","follow":"follow","max-snippet":"max-snippet:-1","max-image-preview":"max-image-preview:large","max-video-preview":"max-video-preview:-1"},"canonical":"https:\/\/metalpie.com\/tr\/metal-damgalama-parcasi\/oem-ozel-yuksek-hassasiyetli-braket-sac-metal-damgalama-parcalari\/","og_locale":"tr_TR","og_type":"article","og_title":"OEM custom high precision bracket sheet metal stamping parts - METALPIE","og_description":"Stamping parts rely on presses and molds to exert external forces on plates, strips, pipes and profiles to produce plastic deformation or separation.","og_url":"https:\/\/metalpie.com\/tr\/metal-damgalama-parcasi\/oem-ozel-yuksek-hassasiyetli-braket-sac-metal-damgalama-parcalari\/","og_site_name":"METALPIE","twitter_card":"summary_large_image","twitter_misc":{"Tahmini okuma s\u00fcresi":"1 dakika"},"schema":{"@context":"https:\/\/schema.org","@graph":[{"@type":"WebPage","@id":"https:\/\/metalpie.com\/metal-stamping-part\/oem-custom-high-precision-bracket-sheet-metal-stamping-parts\/","url":"https:\/\/metalpie.com\/metal-stamping-part\/oem-custom-high-precision-bracket-sheet-metal-stamping-parts\/","name":"OEM \u00f6zel y\u00fcksek hassasiyetli braket sac metal damgalama par\u00e7alar\u0131 - METALPIE","isPartOf":{"@id":"https:\/\/metalpie.com\/#website"},"datePublished":"2022-07-23T02:06:59+00:00","dateModified":"2022-07-23T02:06:59+00:00","breadcrumb":{"@id":"https:\/\/metalpie.com\/metal-stamping-part\/oem-custom-high-precision-bracket-sheet-metal-stamping-parts\/#breadcrumb"},"inLanguage":"tr","potentialAction":[{"@type":"ReadAction","target":["https:\/\/metalpie.com\/metal-stamping-part\/oem-custom-high-precision-bracket-sheet-metal-stamping-parts\/"]}]},{"@type":"BreadcrumbList","@id":"https:\/\/metalpie.com\/metal-stamping-part\/oem-custom-high-precision-bracket-sheet-metal-stamping-parts\/#breadcrumb","itemListElement":[{"@type":"ListItem","position":1,"name":"Home","item":"https:\/\/metalpie.com\/"},{"@type":"ListItem","position":2,"name":"Products","item":"https:\/\/metalpie.com\/shop\/"},{"@type":"ListItem","position":3,"name":"OEM custom high precision bracket sheet metal stamping parts"}]},{"@type":"WebSite","@id":"https:\/\/metalpie.com\/#website","url":"https:\/\/metalpie.com\/","name":"METALPIE","description":"Hassas Metal \u0130malat\u0131 | Ara\u00e7lar, S\u00fcre\u00e7ler ve Daha Fazlas\u0131","potentialAction":[{"@type":"SearchAction","target":{"@type":"EntryPoint","urlTemplate":"https:\/\/metalpie.com\/?s={search_term_string}"},"query-input":"required name=search_term_string"}],"inLanguage":"tr"}]}},"_links":{"self":[{"href":"https:\/\/metalpie.com\/tr\/wp-json\/wp\/v2\/product\/1080","targetHints":{"allow":["GET"]}}],"collection":[{"href":"https:\/\/metalpie.com\/tr\/wp-json\/wp\/v2\/product"}],"about":[{"href":"https:\/\/metalpie.com\/tr\/wp-json\/wp\/v2\/types\/product"}],"replies":[{"embeddable":true,"href":"https:\/\/metalpie.com\/tr\/wp-json\/wp\/v2\/comments?post=1080"}],"wp:featuredmedia":[{"embeddable":true,"href":"https:\/\/metalpie.com\/tr\/wp-json\/"}],"wp:attachment":[{"href":"https:\/\/metalpie.com\/tr\/wp-json\/wp\/v2\/media?parent=1080"}],"wp:term":[{"taxonomy":"product_cat","embeddable":true,"href":"https:\/\/metalpie.com\/tr\/wp-json\/wp\/v2\/product_cat?post=1080"}],"curies":[{"name":"wp","href":"https:\/\/api.w.org\/{rel}","templated":true}]}}