{"id":1076,"date":"2022-08-15T23:16:56","date_gmt":"2022-08-15T15:16:56","guid":{"rendered":"https:\/\/goodsheet.bbswaimao.com\/?post_type=product&amp;p=1076"},"modified":"2022-08-15T23:16:56","modified_gmt":"2022-08-15T15:16:56","slug":"lorem-ipsum-dolor-sit-amet-consectetuer-adipisci-%e5%a4%8d%e5%88%b6-duplicate-1","status":"publish","type":"product","link":"https:\/\/metalpie.com\/tr\/metal-3d-yazici\/lorem-ipsum-dolor-sit-amet-consectetuer-adipisci-%e5%a4%8d%e5%88%b6-duplicate-1\/","title":{"rendered":"OEM \u00d6zelle\u015ftirilmi\u015f Sac Metal \u0130malat\u0131 3D Yaz\u0131c\u0131 Muhafazas\u0131"},"content":{"rendered":"<table class=\"has-title hight-light-first-column all magic-4\" style=\"height: 409px\" width=\"800\">\n<tbody>\n<tr>\n<td colspan=\"1\" rowspan=\"1\">\n<div class=\"magic-5\" data-spm-anchor-id=\"a2700.details.0.i30.64901cea8wrLjz\">\u0130sim<\/div>\n<\/td>\n<td colspan=\"1\" rowspan=\"1\">\n<div class=\"magic-6\">OEM \u00d6zelle\u015ftirilmi\u015f Sac Metal \u0130malat\u0131 3D Yaz\u0131c\u0131 Muhafaza Hizmeti<\/div>\n<\/td>\n<\/tr>\n<tr>\n<td colspan=\"1\" rowspan=\"1\">\n<div class=\"magic-5\">Malzeme<\/div>\n<\/td>\n<td colspan=\"1\" rowspan=\"1\">\n<div class=\"magic-6\">Haddelenmi\u015f \u00e7elik<\/div>\n<\/td>\n<\/tr>\n<tr>\n<td colspan=\"1\" rowspan=\"1\">Y\u00fczey i\u015fleme<\/td>\n<td colspan=\"1\" rowspan=\"1\">Toz boya kapl\u0131<\/td>\n<\/tr>\n<tr>\n<td colspan=\"1\" rowspan=\"1\">Uygulama<\/td>\n<td colspan=\"1\" rowspan=\"1\">3D yaz\u0131c\u0131<\/td>\n<\/tr>\n<tr>\n<td colspan=\"1\" rowspan=\"1\">\n<div class=\"magic-5\">Paketleme<\/div>\n<\/td>\n<td colspan=\"1\" rowspan=\"1\">\n<div class=\"magic-6\">\u0130\u00e7 ambalaj: k\u00f6p\u00fck \/ plastik torba \/ ka\u011f\u0131t \/ kabarc\u0131k torba \/ stre\u00e7 film.<br \/>\nD\u0131\u015f ambalaj: sert karton kutular \/ \u00f6zel ah\u015fap kutular.<\/div>\n<\/td>\n<\/tr>\n<tr>\n<td colspan=\"1\" rowspan=\"1\">\n<div class=\"magic-5\">\u00dcretim Ekipmanlar\u0131<\/div>\n<\/td>\n<td colspan=\"1\" rowspan=\"1\">\n<div class=\"magic-6\">Lazer Kesim B\u00fckme Kaynak<\/div>\n<\/td>\n<\/tr>\n<tr>\n<td colspan=\"1\" rowspan=\"1\">\n<div class=\"magic-5\">Test Ekipmanlar\u0131<\/div>\n<\/td>\n<td colspan=\"1\" rowspan=\"1\">\n<div class=\"magic-6\">Projeksiyon aparat\u0131, Tuz P\u00fcsk\u00fcrtme Testi, Durometre ve Kaplama kal\u0131nl\u0131\u011f\u0131 test cihaz\u0131<\/div>\n<\/td>\n<\/tr>\n<tr>\n<td colspan=\"1\" rowspan=\"1\">\n<div class=\"magic-5\">\u00a0Ho\u015fg\u00f6r\u00fc<\/div>\n<\/td>\n<td colspan=\"1\" rowspan=\"1\">\n<div class=\"magic-6\">\u00b10.1~0.2mm<\/div>\n<\/td>\n<\/tr>\n<tr>\n<td colspan=\"1\" rowspan=\"1\">\n<div class=\"magic-5\">\u00c7izim<\/div>\n<\/td>\n<td colspan=\"1\" rowspan=\"1\">\n<div class=\"magic-6\">JPG, PDF, CAD, DWG, STP, STEP<\/div>\n<\/td>\n<\/tr>\n<\/tbody>\n<\/table>\n<p>&nbsp;<\/p>","protected":false},"excerpt":{"rendered":"<p>B\u00fcy\u00fck yaz\u0131c\u0131 makinesinde bas\u0131lmak ve monte edilmek \u00fczere tasarlanm\u0131\u015f bir 3d yaz\u0131c\u0131 muhafazas\u0131. S\u0131n\u0131rs\u0131z muhafazay\u0131 yazd\u0131r\u0131n ve istedi\u011finiz boyuta \u00f6l\u00e7eklendirin.<\/p>\n<p>Bu tasar\u0131m, so\u011fuk haddelenmi\u015f \u00e7elik kullan\u0131m\u0131n\u0131n yan\u0131 s\u0131ra D\u0131\u015f Mekan s\u0131n\u0131f\u0131 toz kaplama yapmaya odaklanmaktad\u0131r. \u00dcst d\u00fczey end\u00fcstriyel metal renk tozu ve sa\u011flam bir kaynak i\u015flemi, \u00fcr\u00fcnlerin t\u00fcm m\u00fc\u015fterilerin beklentilerini m\u00fckemmel bir \u015fekilde kar\u015f\u0131lamas\u0131n\u0131 sa\u011flayacakt\u0131r.<\/p>","protected":false},"featured_media":1103,"comment_status":"closed","ping_status":"closed","template":"","meta":[],"product_cat":[111],"class_list":["post-1076","product","type-product","status-publish","has-post-thumbnail","hentry","product_cat-metal-3d-printer"],"yoast_head":"<!-- This site is optimized with the Yoast SEO plugin v21.5 - https:\/\/yoast.com\/wordpress\/plugins\/seo\/ -->\n<title>OEM Customized Sheet Metal Fabrication 3D Printer Enclosure - METALPIE<\/title>\n<meta name=\"robots\" content=\"index, follow, max-snippet:-1, max-image-preview:large, max-video-preview:-1\" \/>\n<link rel=\"canonical\" href=\"https:\/\/metalpie.com\/tr\/metal-3d-yazici\/lorem-ipsum-dolor-sit-amet-consectetuer-adipisci-\u590d\u5236-duplicate-1\/\" \/>\n<meta property=\"og:locale\" content=\"tr_TR\" \/>\n<meta property=\"og:type\" content=\"article\" \/>\n<meta property=\"og:title\" content=\"OEM Customized Sheet Metal Fabrication 3D Printer Enclosure - METALPIE\" \/>\n<meta property=\"og:description\" content=\"A 3d printer enclosure designed to be printed and assembled at big printer machine. Print out unlimited enclosures and scale them to any size. This design focuses on the use of cold rolled steel as well as and make the Outdoor grade powder coating. Up-market industrial metal color powder and a firm welding process will let the products perfectly matched all customer&#039;s expectations.\" \/>\n<meta property=\"og:url\" content=\"https:\/\/metalpie.com\/tr\/metal-3d-yazici\/lorem-ipsum-dolor-sit-amet-consectetuer-adipisci-\u590d\u5236-duplicate-1\/\" \/>\n<meta property=\"og:site_name\" content=\"METALPIE\" \/>\n<meta name=\"twitter:card\" content=\"summary_large_image\" \/>\n<meta name=\"twitter:label1\" content=\"Tahmini okuma s\u00fcresi\" \/>\n\t<meta name=\"twitter:data1\" content=\"1 dakika\" \/>\n<script type=\"application\/ld+json\" class=\"yoast-schema-graph\">{\"@context\":\"https:\/\/schema.org\",\"@graph\":[{\"@type\":\"WebPage\",\"@id\":\"https:\/\/metalpie.com\/metal-3d-printer\/lorem-ipsum-dolor-sit-amet-consectetuer-adipisci-%e5%a4%8d%e5%88%b6-duplicate-1\/\",\"url\":\"https:\/\/metalpie.com\/metal-3d-printer\/lorem-ipsum-dolor-sit-amet-consectetuer-adipisci-%e5%a4%8d%e5%88%b6-duplicate-1\/\",\"name\":\"OEM Customized Sheet Metal Fabrication 3D Printer Enclosure - METALPIE\",\"isPartOf\":{\"@id\":\"https:\/\/metalpie.com\/#website\"},\"datePublished\":\"2022-08-15T15:16:56+00:00\",\"dateModified\":\"2022-08-15T15:16:56+00:00\",\"breadcrumb\":{\"@id\":\"https:\/\/metalpie.com\/metal-3d-printer\/lorem-ipsum-dolor-sit-amet-consectetuer-adipisci-%e5%a4%8d%e5%88%b6-duplicate-1\/#breadcrumb\"},\"inLanguage\":\"tr\",\"potentialAction\":[{\"@type\":\"ReadAction\",\"target\":[\"https:\/\/metalpie.com\/metal-3d-printer\/lorem-ipsum-dolor-sit-amet-consectetuer-adipisci-%e5%a4%8d%e5%88%b6-duplicate-1\/\"]}]},{\"@type\":\"BreadcrumbList\",\"@id\":\"https:\/\/metalpie.com\/metal-3d-printer\/lorem-ipsum-dolor-sit-amet-consectetuer-adipisci-%e5%a4%8d%e5%88%b6-duplicate-1\/#breadcrumb\",\"itemListElement\":[{\"@type\":\"ListItem\",\"position\":1,\"name\":\"Home\",\"item\":\"https:\/\/metalpie.com\/\"},{\"@type\":\"ListItem\",\"position\":2,\"name\":\"Products\",\"item\":\"https:\/\/metalpie.com\/shop\/\"},{\"@type\":\"ListItem\",\"position\":3,\"name\":\"OEM Customized Sheet Metal Fabrication 3D Printer Enclosure\"}]},{\"@type\":\"WebSite\",\"@id\":\"https:\/\/metalpie.com\/#website\",\"url\":\"https:\/\/metalpie.com\/\",\"name\":\"METALPIE\",\"description\":\"Precision Metal Fabrication | Tools, Processes &amp; More\",\"potentialAction\":[{\"@type\":\"SearchAction\",\"target\":{\"@type\":\"EntryPoint\",\"urlTemplate\":\"https:\/\/metalpie.com\/?s={search_term_string}\"},\"query-input\":\"required name=search_term_string\"}],\"inLanguage\":\"tr\"}]}<\/script>\n<!-- \/ Yoast SEO plugin. -->","yoast_head_json":{"title":"OEM \u00d6zelle\u015ftirilmi\u015f Sac Metal \u0130malat\u0131 3D Yaz\u0131c\u0131 Muhafazas\u0131 - METALPIE","robots":{"index":"index","follow":"follow","max-snippet":"max-snippet:-1","max-image-preview":"max-image-preview:large","max-video-preview":"max-video-preview:-1"},"canonical":"https:\/\/metalpie.com\/tr\/metal-3d-yazici\/lorem-ipsum-dolor-sit-amet-consectetuer-adipisci-\u590d\u5236-duplicate-1\/","og_locale":"tr_TR","og_type":"article","og_title":"OEM Customized Sheet Metal Fabrication 3D Printer Enclosure - METALPIE","og_description":"A 3d printer enclosure designed to be printed and assembled at big printer machine. Print out unlimited enclosures and scale them to any size. This design focuses on the use of cold rolled steel as well as and make the Outdoor grade powder coating. Up-market industrial metal color powder and a firm welding process will let the products perfectly matched all customer's expectations.","og_url":"https:\/\/metalpie.com\/tr\/metal-3d-yazici\/lorem-ipsum-dolor-sit-amet-consectetuer-adipisci-\u590d\u5236-duplicate-1\/","og_site_name":"METALPIE","twitter_card":"summary_large_image","twitter_misc":{"Tahmini okuma s\u00fcresi":"1 dakika"},"schema":{"@context":"https:\/\/schema.org","@graph":[{"@type":"WebPage","@id":"https:\/\/metalpie.com\/metal-3d-printer\/lorem-ipsum-dolor-sit-amet-consectetuer-adipisci-%e5%a4%8d%e5%88%b6-duplicate-1\/","url":"https:\/\/metalpie.com\/metal-3d-printer\/lorem-ipsum-dolor-sit-amet-consectetuer-adipisci-%e5%a4%8d%e5%88%b6-duplicate-1\/","name":"OEM \u00d6zelle\u015ftirilmi\u015f Sac Metal \u0130malat\u0131 3D Yaz\u0131c\u0131 Muhafazas\u0131 - METALPIE","isPartOf":{"@id":"https:\/\/metalpie.com\/#website"},"datePublished":"2022-08-15T15:16:56+00:00","dateModified":"2022-08-15T15:16:56+00:00","breadcrumb":{"@id":"https:\/\/metalpie.com\/metal-3d-printer\/lorem-ipsum-dolor-sit-amet-consectetuer-adipisci-%e5%a4%8d%e5%88%b6-duplicate-1\/#breadcrumb"},"inLanguage":"tr","potentialAction":[{"@type":"ReadAction","target":["https:\/\/metalpie.com\/metal-3d-printer\/lorem-ipsum-dolor-sit-amet-consectetuer-adipisci-%e5%a4%8d%e5%88%b6-duplicate-1\/"]}]},{"@type":"BreadcrumbList","@id":"https:\/\/metalpie.com\/metal-3d-printer\/lorem-ipsum-dolor-sit-amet-consectetuer-adipisci-%e5%a4%8d%e5%88%b6-duplicate-1\/#breadcrumb","itemListElement":[{"@type":"ListItem","position":1,"name":"Home","item":"https:\/\/metalpie.com\/"},{"@type":"ListItem","position":2,"name":"Products","item":"https:\/\/metalpie.com\/shop\/"},{"@type":"ListItem","position":3,"name":"OEM Customized Sheet Metal Fabrication 3D Printer Enclosure"}]},{"@type":"WebSite","@id":"https:\/\/metalpie.com\/#website","url":"https:\/\/metalpie.com\/","name":"METALPIE","description":"Hassas Metal \u0130malat\u0131 | Ara\u00e7lar, S\u00fcre\u00e7ler ve Daha Fazlas\u0131","potentialAction":[{"@type":"SearchAction","target":{"@type":"EntryPoint","urlTemplate":"https:\/\/metalpie.com\/?s={search_term_string}"},"query-input":"required name=search_term_string"}],"inLanguage":"tr"}]}},"_links":{"self":[{"href":"https:\/\/metalpie.com\/tr\/wp-json\/wp\/v2\/product\/1076","targetHints":{"allow":["GET"]}}],"collection":[{"href":"https:\/\/metalpie.com\/tr\/wp-json\/wp\/v2\/product"}],"about":[{"href":"https:\/\/metalpie.com\/tr\/wp-json\/wp\/v2\/types\/product"}],"replies":[{"embeddable":true,"href":"https:\/\/metalpie.com\/tr\/wp-json\/wp\/v2\/comments?post=1076"}],"wp:featuredmedia":[{"embeddable":true,"href":"https:\/\/metalpie.com\/tr\/wp-json\/"}],"wp:attachment":[{"href":"https:\/\/metalpie.com\/tr\/wp-json\/wp\/v2\/media?parent=1076"}],"wp:term":[{"taxonomy":"product_cat","embeddable":true,"href":"https:\/\/metalpie.com\/tr\/wp-json\/wp\/v2\/product_cat?post=1076"}],"curies":[{"name":"wp","href":"https:\/\/api.w.org\/{rel}","templated":true}]}}