{"id":2452,"date":"2022-09-29T08:31:26","date_gmt":"2022-09-29T00:31:26","guid":{"rendered":"https:\/\/metalpie.com\/?page_id=2452"},"modified":"2022-10-31T15:03:38","modified_gmt":"2022-10-31T07:03:38","slug":"blog","status":"publish","type":"page","link":"https:\/\/metalpie.com\/tr\/blog\/","title":{"rendered":"Blog"},"content":{"rendered":"","protected":false},"excerpt":{"rendered":"","protected":false},"author":11,"featured_media":0,"parent":0,"menu_order":0,"comment_status":"closed","ping_status":"closed","template":"page-blank.php","meta":{"footnotes":""},"class_list":["post-2452","page","type-page","status-publish","hentry"],"yoast_head":"<!-- This site is optimized with the Yoast SEO plugin v21.5 - https:\/\/yoast.com\/wordpress\/plugins\/seo\/ -->\n<title>Blog - METALPIE<\/title>\n<meta name=\"description\" content=\"We provide many aluminum window and door solutions for homes, offices, and shopping malls. If you are looking for windows, you can read them.\" \/>\n<meta name=\"robots\" content=\"index, follow, max-snippet:-1, max-image-preview:large, max-video-preview:-1\" \/>\n<link rel=\"canonical\" href=\"https:\/\/metalpie.com\/tr\/blog\/\" \/>\n<meta property=\"og:locale\" content=\"tr_TR\" \/>\n<meta property=\"og:type\" content=\"article\" \/>\n<meta property=\"og:title\" content=\"Blog - METALPIE\" \/>\n<meta property=\"og:description\" content=\"We provide many aluminum window and door solutions for homes, offices, and shopping malls. If you are looking for windows, you can read them.\" \/>\n<meta property=\"og:url\" content=\"https:\/\/metalpie.com\/tr\/blog\/\" \/>\n<meta property=\"og:site_name\" content=\"METALPIE\" \/>\n<meta property=\"article:modified_time\" content=\"2022-10-31T07:03:38+00:00\" \/>\n<meta name=\"twitter:card\" content=\"summary_large_image\" \/>\n<script type=\"application\/ld+json\" class=\"yoast-schema-graph\">{\"@context\":\"https:\/\/schema.org\",\"@graph\":[{\"@type\":\"WebPage\",\"@id\":\"https:\/\/metalpie.com\/blog\/\",\"url\":\"https:\/\/metalpie.com\/blog\/\",\"name\":\"Blog - METALPIE\",\"isPartOf\":{\"@id\":\"https:\/\/metalpie.com\/#website\"},\"datePublished\":\"2022-09-29T00:31:26+00:00\",\"dateModified\":\"2022-10-31T07:03:38+00:00\",\"description\":\"We provide many aluminum window and door solutions for homes, offices, and shopping malls. If you are looking for windows, you can read them.\",\"breadcrumb\":{\"@id\":\"https:\/\/metalpie.com\/blog\/#breadcrumb\"},\"inLanguage\":\"tr\",\"potentialAction\":[{\"@type\":\"ReadAction\",\"target\":[\"https:\/\/metalpie.com\/blog\/\"]}]},{\"@type\":\"BreadcrumbList\",\"@id\":\"https:\/\/metalpie.com\/blog\/#breadcrumb\",\"itemListElement\":[{\"@type\":\"ListItem\",\"position\":1,\"name\":\"Home\",\"item\":\"https:\/\/metalpie.com\/\"},{\"@type\":\"ListItem\",\"position\":2,\"name\":\"Blog\"}]},{\"@type\":\"WebSite\",\"@id\":\"https:\/\/metalpie.com\/#website\",\"url\":\"https:\/\/metalpie.com\/\",\"name\":\"METALPIE\",\"description\":\"Precision Metal Fabrication | Tools, Processes &amp; More\",\"potentialAction\":[{\"@type\":\"SearchAction\",\"target\":{\"@type\":\"EntryPoint\",\"urlTemplate\":\"https:\/\/metalpie.com\/?s={search_term_string}\"},\"query-input\":\"required name=search_term_string\"}],\"inLanguage\":\"tr\"}]}<\/script>\n<!-- \/ Yoast SEO plugin. -->","yoast_head_json":{"title":"Blog - METALPIE","description":"Evler, ofisler ve al\u0131\u015fveri\u015f merkezleri i\u00e7in bir\u00e7ok al\u00fcminyum pencere ve kap\u0131 \u00e7\u00f6z\u00fcm\u00fc sunuyoruz. Pencere ar\u0131yorsan\u0131z, bunlar\u0131 okuyabilirsiniz.","robots":{"index":"index","follow":"follow","max-snippet":"max-snippet:-1","max-image-preview":"max-image-preview:large","max-video-preview":"max-video-preview:-1"},"canonical":"https:\/\/metalpie.com\/tr\/blog\/","og_locale":"tr_TR","og_type":"article","og_title":"Blog - METALPIE","og_description":"We provide many aluminum window and door solutions for homes, offices, and shopping malls. If you are looking for windows, you can read them.","og_url":"https:\/\/metalpie.com\/tr\/blog\/","og_site_name":"METALPIE","article_modified_time":"2022-10-31T07:03:38+00:00","twitter_card":"summary_large_image","schema":{"@context":"https:\/\/schema.org","@graph":[{"@type":"WebPage","@id":"https:\/\/metalpie.com\/blog\/","url":"https:\/\/metalpie.com\/blog\/","name":"Blog - METALPIE","isPartOf":{"@id":"https:\/\/metalpie.com\/#website"},"datePublished":"2022-09-29T00:31:26+00:00","dateModified":"2022-10-31T07:03:38+00:00","description":"Evler, ofisler ve al\u0131\u015fveri\u015f merkezleri i\u00e7in bir\u00e7ok al\u00fcminyum pencere ve kap\u0131 \u00e7\u00f6z\u00fcm\u00fc sunuyoruz. Pencere ar\u0131yorsan\u0131z, bunlar\u0131 okuyabilirsiniz.","breadcrumb":{"@id":"https:\/\/metalpie.com\/blog\/#breadcrumb"},"inLanguage":"tr","potentialAction":[{"@type":"ReadAction","target":["https:\/\/metalpie.com\/blog\/"]}]},{"@type":"BreadcrumbList","@id":"https:\/\/metalpie.com\/blog\/#breadcrumb","itemListElement":[{"@type":"ListItem","position":1,"name":"Home","item":"https:\/\/metalpie.com\/"},{"@type":"ListItem","position":2,"name":"Blog"}]},{"@type":"WebSite","@id":"https:\/\/metalpie.com\/#website","url":"https:\/\/metalpie.com\/","name":"METALPIE","description":"Hassas Metal \u0130malat\u0131 | Ara\u00e7lar, S\u00fcre\u00e7ler ve Daha Fazlas\u0131","potentialAction":[{"@type":"SearchAction","target":{"@type":"EntryPoint","urlTemplate":"https:\/\/metalpie.com\/?s={search_term_string}"},"query-input":"required name=search_term_string"}],"inLanguage":"tr"}]}},"_links":{"self":[{"href":"https:\/\/metalpie.com\/tr\/wp-json\/wp\/v2\/pages\/2452","targetHints":{"allow":["GET"]}}],"collection":[{"href":"https:\/\/metalpie.com\/tr\/wp-json\/wp\/v2\/pages"}],"about":[{"href":"https:\/\/metalpie.com\/tr\/wp-json\/wp\/v2\/types\/page"}],"author":[{"embeddable":true,"href":"https:\/\/metalpie.com\/tr\/wp-json\/wp\/v2\/users\/11"}],"replies":[{"embeddable":true,"href":"https:\/\/metalpie.com\/tr\/wp-json\/wp\/v2\/comments?post=2452"}],"version-history":[{"count":0,"href":"https:\/\/metalpie.com\/tr\/wp-json\/wp\/v2\/pages\/2452\/revisions"}],"wp:attachment":[{"href":"https:\/\/metalpie.com\/tr\/wp-json\/wp\/v2\/media?parent=2452"}],"curies":[{"name":"wp","href":"https:\/\/api.w.org\/{rel}","templated":true}]}}