{"id":2128,"date":"2022-09-23T10:45:32","date_gmt":"2022-09-23T02:45:32","guid":{"rendered":"https:\/\/metalpie.com\/?page_id=2128"},"modified":"2022-12-30T16:50:18","modified_gmt":"2022-12-30T08:50:18","slug":"hakkimizda","status":"publish","type":"page","link":"https:\/\/metalpie.com\/tr\/hakkimizda\/","title":{"rendered":"Hakk\u0131m\u0131zda"},"content":{"rendered":"<div class=\"banner has-hover\" id=\"banner-1969299342\">\n          <div class=\"banner-inner fill\">\n        <div class=\"banner-bg fill\" >\n            <div class=\"bg fill bg-fill\"><\/div>\n                                    \n                    <\/div>\n\t\t\n        <div class=\"banner-layers container\">\n            <div class=\"fill banner-link\"><\/div>            \n\n   <div id=\"text-box-461949706\" class=\"text-box banner-layer x50 md-x5 lg-x5 y50 md-y50 lg-y50 res-text\">\n                                <div class=\"text-box-content text dark\">\n              \n              <div class=\"text-inner text-center\">\n                  \n\n\t<div id=\"text-183497077\" class=\"text\">\n\t\t\n\n<h1>Hakk\u0131m\u0131zda<\/h1>\n\t\t\n<style>\n#text-183497077 {\n  text-align: center;\n}\n@media (min-width:550px) {\n  #text-183497077 {\n    text-align: left;\n  }\n}\n<\/style>\n\t<\/div>\n\t\n\t<div id=\"text-280295265\" class=\"text\">\n\t\t\n\nAnasayfa \/ Hakk\u0131m\u0131zda\n\t\t\n<style>\n#text-280295265 {\n  text-align: center;\n}\n@media (min-width:550px) {\n  #text-280295265 {\n    text-align: left;\n  }\n}\n<\/style>\n\t<\/div>\n\t\n\n              <\/div>\n           <\/div>\n                            \n<style>\n#text-box-461949706 {\n  width: 74%;\n}\n#text-box-461949706 .text-box-content {\n  font-size: 100%;\n}\n@media (min-width:550px) {\n  #text-box-461949706 {\n    width: 60%;\n  }\n}\n@media (min-width:850px) {\n  #text-box-461949706 {\n    width: 18%;\n  }\n}\n<\/style>\n    <\/div>\n \n\n        <\/div>\n      <\/div>\n\n            \n<style>\n#banner-1969299342 {\n  padding-top: 44%;\n}\n#banner-1969299342 .bg.bg-loaded {\n  background-image: url(https:\/\/metalpie.com\/wp-content\/uploads\/2022\/09\/test_banner_all.webp);\n}\n#banner-1969299342 .bg {\n  background-position: 0% 90%;\n}\n@media (min-width:550px) {\n  #banner-1969299342 {\n    padding-top: 20%;\n  }\n}\n<\/style>\n  <\/div>\n\n\n\t<section class=\"section\" id=\"section_1468274879\">\n\t\t<div class=\"bg section-bg fill bg-fill  bg-loaded\" >\n\n\t\t\t\n\t\t\t\n\t\t\t\n\n\t\t<\/div>\n\n\t\t\n\n\t\t<div class=\"section-content relative\">\n\t\t\t\n\n<div class=\"row align-bottom align-center\"  id=\"row-721187807\">\n\n\n\t<div id=\"col-190491157\" class=\"col medium-12 small-12 large-6\"  >\n\t\t\t\t<div class=\"col-inner\"  >\n\t\t\t\n\t\t\t\n\n\t<div id=\"text-4265281094\" class=\"text\">\n\t\t\n\nHuajian Hakk\u0131nda\n\t\t\n<style>\n#text-4265281094 {\n  font-size: 1rem;\n  text-align: center;\n  color: rgb(240, 129, 1);\n}\n#text-4265281094 > * {\n  color: rgb(240, 129, 1);\n}\n@media (min-width:550px) {\n  #text-4265281094 {\n    font-size: 1.1rem;\n    text-align: left;\n  }\n}\n<\/style>\n\t<\/div>\n\t\n\t<div id=\"text-3807478829\" class=\"text\">\n\t\t\n\n<h2><span style=\"color: #f08101;\">Kim<\/span> Biz<\/h2>\n\t\t\n<style>\n#text-3807478829 {\n  font-size: 1rem;\n  text-align: center;\n}\n@media (min-width:550px) {\n  #text-3807478829 {\n    font-size: 1.2rem;\n    text-align: left;\n  }\n}\n<\/style>\n\t<\/div>\n\t\n\t<div id=\"gap-1491140752\" class=\"gap-element clearfix\" style=\"display:block; height:auto;\">\n\t\t\n<style>\n#gap-1491140752 {\n  padding-top: 28px;\n}\n<\/style>\n\t<\/div>\n\t\n\n<p>2000 y\u0131l\u0131nda Huajian Al\u00fcminyum \u015firketi \u00c7in'in Linqu \u0130l\u00e7esinde kuruldu. Kurulu\u015fumuzdan bu yana, al\u00fcminyum profiller, kap\u0131lar, pencereler, beton formlar vb. \u00fcretmeye odakland\u0131k.<br \/>Huajian Al\u00fcminyum, 20 y\u0131ll\u0131k geli\u015fimin ard\u0131ndan \u00c7in'in en b\u00fcy\u00fck al\u00fcminyum profil \u00fcreticilerinden biri haline geldi. Art\u0131k kendi al\u00fcminyum kap\u0131 ve pencere markam\u0131z ve be\u015f fabrikam\u0131z var. ISO9001, ISO4001 ve CE sertifikalar\u0131na sahip \u00fcr\u00fcnlerimiz Avrupa, Afrika ve Amerika'ya ihra\u00e7 edilmekte ve olumlu m\u00fc\u015fteri geri bildirimleri almaktad\u0131r.<\/p>\n\n\t\t<\/div>\n\t\t\t\t\t<\/div>\n\n\t\n\n\t<div id=\"col-703444629\" class=\"col medium-12 small-12 large-6\"  >\n\t\t\t\t<div class=\"col-inner\"  >\n\t\t\t\n\t\t\t\n\n<div class=\"video video-fit mb\" style=\"padding-top:56.25%;\"><iframe loading=\"lazy\" title=\"Huajian al\u00fcminyum grubu tan\u0131t\u0131m\u0131\" width=\"1020\" height=\"574\" src=\"https:\/\/www.youtube.com\/embed\/fkq4gHRezv8?feature=oembed\" frameborder=\"0\" allow=\"accelerometer; autoplay; clipboard-write; encrypted-media; gyroscope; picture-in-picture\" allowfullscreen><\/iframe><\/div>\n\n\n\t\t<\/div>\n\t\t\t\t\t<\/div>\n\n\t\n\n<\/div>\n\n\t\t<\/div>\n\n\t\t\n<style>\n#section_1468274879 {\n  padding-top: 10px;\n  padding-bottom: 10px;\n}\n@media (min-width:550px) {\n  #section_1468274879 {\n    padding-top: 30px;\n    padding-bottom: 30px;\n  }\n}\n<\/style>\n\t<\/section>\n\t\n\t<section class=\"section\" id=\"section_2144742876\">\n\t\t<div class=\"bg section-bg fill bg-fill  bg-loaded\" >\n\n\t\t\t\n\t\t\t\n\t\t\t\n\n\t\t<\/div>\n\n\t\t\n\n\t\t<div class=\"section-content relative\">\n\t\t\t\n\n<div class=\"row align-middle align-center\"  id=\"row-1598894822\">\n\n\n\t<div id=\"col-2048114685\" class=\"col small-12 large-12\"  >\n\t\t\t\t<div class=\"col-inner\"  >\n\t\t\t\n\t\t\t\n\n\t<div id=\"gap-222513952\" class=\"gap-element clearfix hide-for-small\" style=\"display:block; height:auto;\">\n\t\t\n<style>\n#gap-222513952 {\n  padding-top: 0px;\n}\n@media (min-width:850px) {\n  #gap-222513952 {\n    padding-top: 75px;\n  }\n}\n<\/style>\n\t<\/div>\n\t\n\n<div class=\"row align-center\"  id=\"row-1476094280\">\n\n\n\t<div id=\"col-253283682\" class=\"col medium-5 small-12 large-5\"  >\n\t\t\t\t<div class=\"col-inner\"  >\n\t\t\t\n\t\t\t\n\n\t<div class=\"box has-hover   has-hover box-text-bottom\" >\n\n\t\t<div class=\"box-image\" >\n\t\t\t\t\t\t<div class=\"\" >\n\t\t\t\t<img loading=\"lazy\" decoding=\"async\" width=\"1000\" height=\"750\" src=\"https:\/\/metalpie.com\/wp-content\/uploads\/2022\/09\/about_page_case_002image.jpg\" class=\"attachment- size-\" alt=\"\" srcset=\"https:\/\/metalpie.com\/wp-content\/uploads\/2022\/09\/about_page_case_002image.jpg 1000w, https:\/\/metalpie.com\/wp-content\/uploads\/2022\/09\/about_page_case_002image-300x225.jpg 300w, https:\/\/metalpie.com\/wp-content\/uploads\/2022\/09\/about_page_case_002image-768x576.jpg 768w\" sizes=\"auto, (max-width: 1000px) 100vw, 1000px\" \/>\t\t\t\t\t\t\t\t\t\t\t<\/div>\n\t\t\t\t\t<\/div>\n\n\t\t<div class=\"box-text text-center\" >\n\t\t\t<div class=\"box-text-inner\">\n\t\t\t\t\n\n\n\t\t\t<\/div>\n\t\t<\/div>\n\t<\/div>\n\t\n\n\t\t<\/div>\n\t\t\t\t\t<\/div>\n\n\t\n\n\t<div id=\"col-1198429615\" class=\"col medium-1 small-12 large-1\"  >\n\t\t\t\t<div class=\"col-inner\"  >\n\t\t\t\n\t\t\t\n\n\n\t\t<\/div>\n\t\t\t\t\t<\/div>\n\n\t\n\n\t<div id=\"col-751799793\" class=\"col medium-5 small-12 large-5\"  >\n\t\t\t\t<div class=\"col-inner\"  >\n\t\t\t\n\t\t\t\n\n\t<div id=\"text-2043294232\" class=\"text\">\n\t\t\n\n<h2>Bizim <span style=\"color: #f08101;\">Proje<\/span><\/h2>\n\t\t\n<style>\n#text-2043294232 {\n  font-size: 1rem;\n  text-align: center;\n}\n@media (min-width:550px) {\n  #text-2043294232 {\n    font-size: 1.3rem;\n    text-align: left;\n  }\n}\n<\/style>\n\t<\/div>\n\t\n<p>\u00c7in'in en y\u00fcksek yap\u0131s\u0131 olan 528 metre y\u00fcksekli\u011findeki CITIC Kulesi'nin yap\u0131m\u0131na kat\u0131ld\u0131k. Perde duvarlar\u0131 Huajian Al\u00fcminyum'dan yap\u0131lm\u0131\u015ft\u0131r. Ayr\u0131ca CCTV binalar\u0131, \u00c7in Ulusal Kapal\u0131 Stadyumu ve di\u011fer bir\u00e7ok proje i\u00e7in al\u00fcminyum profiller sa\u011flad\u0131k.<\/p>\n\t<div id=\"text-1062815722\" class=\"text\">\n\t\t\n\n<a class=\"button button_orange\" style=\"border-radius: 8px;\" data-fancybox=\"\" data-src=\"#hidden-CF7\">Teklif \u0130steyin<\/a>\n\t\t\n<style>\n#text-1062815722 {\n  text-align: center;\n}\n@media (min-width:550px) {\n  #text-1062815722 {\n    text-align: left;\n  }\n}\n<\/style>\n\t<\/div>\n\t\n\n\t\t<\/div>\n\t\t\t\t\t<\/div>\n\n\t\n\n<\/div>\n\n\t\t<\/div>\n\t\t\t\t\t<\/div>\n\n\t\n\n<\/div>\n\n\t\t<\/div>\n\n\t\t\n<style>\n#section_2144742876 {\n  padding-top: 0px;\n  padding-bottom: 0px;\n}\n@media (min-width:550px) {\n  #section_2144742876 {\n    padding-top: 0px;\n    padding-bottom: 0px;\n  }\n}\n@media (min-width:850px) {\n  #section_2144742876 {\n    padding-top: 30px;\n    padding-bottom: 30px;\n  }\n}\n<\/style>\n\t<\/section>\n\t\n\t<section class=\"section dark has-parallax\" id=\"section_57747737\">\n\t\t<div class=\"bg section-bg fill bg-fill\" data-parallax-container=\".section\" data-parallax-background data-parallax=\"-10\">\n\n\t\t\t\n\t\t\t\n\t\t\t\n\n\t\t<\/div>\n\n\t\t\n\n\t\t<div class=\"section-content relative\">\n\t\t\t\n\n<div class=\"row\"  id=\"row-779971126\">\n\n\n\t<div id=\"col-118478150\" class=\"col medium-12 small-12 large-9\"  >\n\t\t\t\t<div class=\"col-inner\"  >\n\t\t\t\n\t\t\t\n\n\t<div id=\"text-1511756532\" class=\"text\">\n\t\t\n\n<h3>\"M\u00fc\u015fteri Odakl\u0131, Y\u00f6netimden G\u00fc\u00e7 Alan, \u0130novasyona Dayal\u0131 Geli\u015fim\" Temel De\u011ferlerimizdir.<\/h3>\n\t\t\n<style>\n#text-1511756532 {\n  font-size: 1rem;\n  text-align: center;\n}\n@media (min-width:550px) {\n  #text-1511756532 {\n    font-size: 1.3rem;\n  }\n}\n@media (min-width:850px) {\n  #text-1511756532 {\n    text-align: left;\n  }\n}\n<\/style>\n\t<\/div>\n\t\n\n\t\t<\/div>\n\t\t\t\t\t<\/div>\n\n\t\n\n<\/div>\n\n\t\t<\/div>\n\n\t\t\n<style>\n#section_57747737 {\n  padding-top: 15px;\n  padding-bottom: 15px;\n}\n#section_57747737 .section-bg.bg-loaded {\n  background-image: url(https:\/\/metalpie.com\/wp-content\/uploads\/2022\/09\/about_page_bg_002image.webp);\n}\n@media (min-width:550px) {\n  #section_57747737 {\n    padding-top: 30px;\n    padding-bottom: 30px;\n  }\n}\n<\/style>\n\t<\/section>\n\t\n\t<section class=\"section\" id=\"section_1802544302\">\n\t\t<div class=\"bg section-bg fill bg-fill  bg-loaded\" >\n\n\t\t\t\n\t\t\t\n\t\t\t\n\n\t\t<\/div>\n\n\t\t\n\n\t\t<div class=\"section-content relative\">\n\t\t\t\n\n<div class=\"row\"  id=\"row-201074551\">\n\n\n\t<div id=\"col-903817747\" class=\"col small-12 large-12\"  >\n\t\t\t\t<div class=\"col-inner\"  >\n\t\t\t\n\t\t\t\n\n\t<div id=\"text-2359950137\" class=\"text\">\n\t\t\n\n<h2>Bizim <span style=\"color: #f08101;\">Tak\u0131m<\/span><\/h2>\n\t\t\n<style>\n#text-2359950137 {\n  font-size: 1rem;\n  text-align: center;\n}\n@media (min-width:550px) {\n  #text-2359950137 {\n    font-size: 1.3rem;\n    text-align: left;\n  }\n}\n<\/style>\n\t<\/div>\n\t\n\t<div id=\"text-282299844\" class=\"text\">\n\t\t\n\n<p>\u00d6zel in\u015faat al\u00fcminyum profilleri, end\u00fcstriyel al\u00fcminyum profiller, al\u00fcminyum beton kal\u0131plar\u0131 ve otomobil al\u00fcminyum profilleri \u00fcretiminden sorumlu d\u00f6rt dairemiz var. Hedefimiz al\u00fcminyum profil \u00fcretiminde lider olmak ve m\u00fckemmel performansa sahip al\u00fcminyum \u00fcr\u00fcnler \u00fcretmektir.<\/p>\n\t\t\n<style>\n#text-282299844 {\n  font-size: 1rem;\n}\n@media (min-width:550px) {\n  #text-282299844 {\n    font-size: 1.1rem;\n  }\n}\n<\/style>\n\t<\/div>\n\t\n\t<div class=\"img has-hover x md-x lg-x y md-y lg-y\" id=\"image_1492702838\">\n\t\t\t\t\t\t\t\t<div class=\"img-inner dark\" >\n\t\t\t<img loading=\"lazy\" decoding=\"async\" width=\"1000\" height=\"417\" src=\"https:\/\/metalpie.com\/wp-content\/uploads\/2022\/09\/about_page_team_005image.webp\" class=\"attachment-original size-original\" alt=\"\" srcset=\"https:\/\/metalpie.com\/wp-content\/uploads\/2022\/09\/about_page_team_005image.webp 1000w, https:\/\/metalpie.com\/wp-content\/uploads\/2022\/09\/about_page_team_005image-300x125.webp 300w, https:\/\/metalpie.com\/wp-content\/uploads\/2022\/09\/about_page_team_005image-768x320.webp 768w\" sizes=\"auto, (max-width: 1000px) 100vw, 1000px\" \/>\t\t\t\t\t\t\n\t\t\t\t\t<\/div>\n\t\t\t\t\t\t\t\t\n<style>\n#image_1492702838 {\n  width: 100%;\n}\n<\/style>\n\t<\/div>\n\t\n\n\n\n\n\t\t<\/div>\n\t\t\t\t\t<\/div>\n\n\t\n\n<\/div>\n\n\t\t<\/div>\n\n\t\t\n<style>\n#section_1802544302 {\n  padding-top: 13px;\n  padding-bottom: 13px;\n}\n@media (min-width:550px) {\n  #section_1802544302 {\n    padding-top: 30px;\n    padding-bottom: 30px;\n  }\n}\n<\/style>\n\t<\/section>\n\t\n\t<section class=\"section\" id=\"section_1086336907\">\n\t\t<div class=\"bg section-bg fill bg-fill  bg-loaded\" >\n\n\t\t\t\n\t\t\t\n\t\t\t\n\n\t\t<\/div>\n\n\t\t\n\n\t\t<div class=\"section-content relative\">\n\t\t\t\n\n<div class=\"row align-center\"  id=\"row-1894559733\">\n\n\n\t<div id=\"col-1432604204\" class=\"col small-12 large-12\"  >\n\t\t\t\t<div class=\"col-inner\"  >\n\t\t\t\n\t\t\t\n\n\t<div id=\"text-522253529\" class=\"text\">\n\t\t\n\n<h2><span style=\"color: #f08101;\">Sertifika<\/span><\/h2>\n\t\t\n<style>\n#text-522253529 {\n  font-size: 1rem;\n  text-align: center;\n}\n@media (min-width:550px) {\n  #text-522253529 {\n    font-size: 1.3rem;\n  }\n}\n<\/style>\n\t<\/div>\n\t\n\n\n\n\t\t<\/div>\n\t\t\t\t\t<\/div>\n\n\t\n\n<\/div>\n\n\t\t<\/div>\n\n\t\t\n<style>\n#section_1086336907 {\n  padding-top: 0px;\n  padding-bottom: 0px;\n}\n@media (min-width:550px) {\n  #section_1086336907 {\n    padding-top: 0px;\n    padding-bottom: 0px;\n  }\n}\n@media (min-width:850px) {\n  #section_1086336907 {\n    padding-top: 30px;\n    padding-bottom: 30px;\n  }\n}\n<\/style>\n\t<\/section>","protected":false},"excerpt":{"rendered":"","protected":false},"author":11,"featured_media":0,"parent":0,"menu_order":0,"comment_status":"closed","ping_status":"closed","template":"page-blank.php","meta":{"footnotes":""},"class_list":["post-2128","page","type-page","status-publish","hentry"],"yoast_head":"<!-- This site is optimized with the Yoast SEO plugin v21.5 - https:\/\/yoast.com\/wordpress\/plugins\/seo\/ -->\n<title>About Us - METALPIE<\/title>\n<meta name=\"description\" content=\"We are aluminum profiles, aluminum windows, and doors manufacturer from China. Aluminum windows are our most popular products with endless design options.\" \/>\n<meta name=\"robots\" content=\"index, follow, max-snippet:-1, max-image-preview:large, max-video-preview:-1\" \/>\n<link rel=\"canonical\" href=\"https:\/\/metalpie.com\/tr\/hakkimizda\/\" \/>\n<meta property=\"og:locale\" content=\"tr_TR\" \/>\n<meta property=\"og:type\" content=\"article\" \/>\n<meta property=\"og:title\" content=\"About Us - METALPIE\" \/>\n<meta property=\"og:description\" content=\"We are aluminum profiles, aluminum windows, and doors manufacturer from China. Aluminum windows are our most popular products with endless design options.\" \/>\n<meta property=\"og:url\" content=\"https:\/\/metalpie.com\/tr\/hakkimizda\/\" \/>\n<meta property=\"og:site_name\" content=\"METALPIE\" \/>\n<meta property=\"article:modified_time\" content=\"2022-12-30T08:50:18+00:00\" \/>\n<meta name=\"twitter:card\" content=\"summary_large_image\" \/>\n<meta name=\"twitter:label1\" content=\"Tahmini okuma s\u00fcresi\" \/>\n\t<meta name=\"twitter:data1\" content=\"2 dakika\" \/>\n<script type=\"application\/ld+json\" class=\"yoast-schema-graph\">{\"@context\":\"https:\/\/schema.org\",\"@graph\":[{\"@type\":\"WebPage\",\"@id\":\"https:\/\/metalpie.com\/about-us\/\",\"url\":\"https:\/\/metalpie.com\/about-us\/\",\"name\":\"About Us - METALPIE\",\"isPartOf\":{\"@id\":\"https:\/\/metalpie.com\/#website\"},\"datePublished\":\"2022-09-23T02:45:32+00:00\",\"dateModified\":\"2022-12-30T08:50:18+00:00\",\"description\":\"We are aluminum profiles, aluminum windows, and doors manufacturer from China. Aluminum windows are our most popular products with endless design options.\",\"breadcrumb\":{\"@id\":\"https:\/\/metalpie.com\/about-us\/#breadcrumb\"},\"inLanguage\":\"tr\",\"potentialAction\":[{\"@type\":\"ReadAction\",\"target\":[\"https:\/\/metalpie.com\/about-us\/\"]}]},{\"@type\":\"BreadcrumbList\",\"@id\":\"https:\/\/metalpie.com\/about-us\/#breadcrumb\",\"itemListElement\":[{\"@type\":\"ListItem\",\"position\":1,\"name\":\"Home\",\"item\":\"https:\/\/metalpie.com\/\"},{\"@type\":\"ListItem\",\"position\":2,\"name\":\"About Us\"}]},{\"@type\":\"WebSite\",\"@id\":\"https:\/\/metalpie.com\/#website\",\"url\":\"https:\/\/metalpie.com\/\",\"name\":\"METALPIE\",\"description\":\"Precision Metal Fabrication | Tools, Processes &amp; More\",\"potentialAction\":[{\"@type\":\"SearchAction\",\"target\":{\"@type\":\"EntryPoint\",\"urlTemplate\":\"https:\/\/metalpie.com\/?s={search_term_string}\"},\"query-input\":\"required name=search_term_string\"}],\"inLanguage\":\"tr\"}]}<\/script>\n<!-- \/ Yoast SEO plugin. -->","yoast_head_json":{"title":"Hakk\u0131m\u0131zda - METALPIE","description":"\u00c7in'den al\u00fcminyum profil, al\u00fcminyum pencere ve kap\u0131 \u00fcreticisiyiz. Al\u00fcminyum pencereler sonsuz tasar\u0131m se\u00e7enekleri ile en pop\u00fcler \u00fcr\u00fcnlerimizdir.","robots":{"index":"index","follow":"follow","max-snippet":"max-snippet:-1","max-image-preview":"max-image-preview:large","max-video-preview":"max-video-preview:-1"},"canonical":"https:\/\/metalpie.com\/tr\/hakkimizda\/","og_locale":"tr_TR","og_type":"article","og_title":"About Us - METALPIE","og_description":"We are aluminum profiles, aluminum windows, and doors manufacturer from China. Aluminum windows are our most popular products with endless design options.","og_url":"https:\/\/metalpie.com\/tr\/hakkimizda\/","og_site_name":"METALPIE","article_modified_time":"2022-12-30T08:50:18+00:00","twitter_card":"summary_large_image","twitter_misc":{"Tahmini okuma s\u00fcresi":"2 dakika"},"schema":{"@context":"https:\/\/schema.org","@graph":[{"@type":"WebPage","@id":"https:\/\/metalpie.com\/about-us\/","url":"https:\/\/metalpie.com\/about-us\/","name":"Hakk\u0131m\u0131zda - METALPIE","isPartOf":{"@id":"https:\/\/metalpie.com\/#website"},"datePublished":"2022-09-23T02:45:32+00:00","dateModified":"2022-12-30T08:50:18+00:00","description":"\u00c7in'den al\u00fcminyum profil, al\u00fcminyum pencere ve kap\u0131 \u00fcreticisiyiz. Al\u00fcminyum pencereler sonsuz tasar\u0131m se\u00e7enekleri ile en pop\u00fcler \u00fcr\u00fcnlerimizdir.","breadcrumb":{"@id":"https:\/\/metalpie.com\/about-us\/#breadcrumb"},"inLanguage":"tr","potentialAction":[{"@type":"ReadAction","target":["https:\/\/metalpie.com\/about-us\/"]}]},{"@type":"BreadcrumbList","@id":"https:\/\/metalpie.com\/about-us\/#breadcrumb","itemListElement":[{"@type":"ListItem","position":1,"name":"Home","item":"https:\/\/metalpie.com\/"},{"@type":"ListItem","position":2,"name":"About Us"}]},{"@type":"WebSite","@id":"https:\/\/metalpie.com\/#website","url":"https:\/\/metalpie.com\/","name":"METALPIE","description":"Hassas Metal \u0130malat\u0131 | Ara\u00e7lar, S\u00fcre\u00e7ler ve Daha Fazlas\u0131","potentialAction":[{"@type":"SearchAction","target":{"@type":"EntryPoint","urlTemplate":"https:\/\/metalpie.com\/?s={search_term_string}"},"query-input":"required name=search_term_string"}],"inLanguage":"tr"}]}},"_links":{"self":[{"href":"https:\/\/metalpie.com\/tr\/wp-json\/wp\/v2\/pages\/2128","targetHints":{"allow":["GET"]}}],"collection":[{"href":"https:\/\/metalpie.com\/tr\/wp-json\/wp\/v2\/pages"}],"about":[{"href":"https:\/\/metalpie.com\/tr\/wp-json\/wp\/v2\/types\/page"}],"author":[{"embeddable":true,"href":"https:\/\/metalpie.com\/tr\/wp-json\/wp\/v2\/users\/11"}],"replies":[{"embeddable":true,"href":"https:\/\/metalpie.com\/tr\/wp-json\/wp\/v2\/comments?post=2128"}],"version-history":[{"count":0,"href":"https:\/\/metalpie.com\/tr\/wp-json\/wp\/v2\/pages\/2128\/revisions"}],"wp:attachment":[{"href":"https:\/\/metalpie.com\/tr\/wp-json\/wp\/v2\/media?parent=2128"}],"curies":[{"name":"wp","href":"https:\/\/api.w.org\/{rel}","templated":true}]}}