{"id":391,"date":"2020-12-07T14:03:27","date_gmt":"2020-12-07T06:03:27","guid":{"rendered":"https:\/\/f.seowaimao.com\/?post_type=product&amp;p=391"},"modified":"2020-12-07T14:03:27","modified_gmt":"2020-12-07T06:03:27","slug":"gabinete-de-computador-personalizado-oem-desktop-mini-cooler-master-towers-gabinete-de-computador-micro-2u-em-aluminio","status":"publish","type":"product","link":"https:\/\/metalpie.com\/pt\/fabricacao-de-chapas-metalicas\/gabinete-de-computador-personalizado-oem-desktop-mini-cooler-master-towers-gabinete-de-computador-micro-2u-em-aluminio\/","title":{"rendered":"OEM Customize computer case desktop Mini cooler master Towers Cases micro 2U Aluminum Computer Case"},"content":{"rendered":"<table width=\"640\">\n<tbody>\n<tr>\n<td width=\"125\"><span style=\"font-size: 120%\"><strong>Material<\/strong><\/span><\/td>\n<td width=\"515\"><span style=\"font-size: 120%\">A\u00e7o inoxid\u00e1vel \/Alum\u00ednio\/SPCC\/Cobre \/Crass \/SGCC \/SECC \/Bronze \/A\u00e7o carbono<\/span><\/td>\n<\/tr>\n<tr>\n<td width=\"125\"><span style=\"font-size: 120%\"><strong>Espessura<\/strong><\/span><\/td>\n<td width=\"515\"><span style=\"font-size: 120%\">0,2-20 mm<\/span><\/td>\n<\/tr>\n<tr>\n<td width=\"125\"><span style=\"font-size: 120%\"><strong>Cor<\/strong><\/span><\/td>\n<td width=\"515\"><span style=\"font-size: 120%\">Colorfull \/Red\/Green \/Silvery \/Sliver \/Silver White \/Silvery Black \/Silver grey \/Purple \/Golden \/White \/Dark grey<\/span><\/td>\n<\/tr>\n<tr>\n<td width=\"125\"><span style=\"font-size: 120%\"><strong>Processamento<\/strong><\/span><\/td>\n<td width=\"515\"><span style=\"font-size: 120%\">Cisalhamento \/Corte a laser \/Dobradura \/Estampagem \/Desenho profundo \/Usinagem CNC \/Tornear \/Furar \/Tornear \/Rebitagem \/Soldagem \/Tratamento de superf\u00edcie \/Montagem<\/span><\/td>\n<\/tr>\n<tr>\n<td width=\"125\"><span style=\"font-size: 120%\"><strong>Tratamento de superf\u00edcie<\/strong><\/span><\/td>\n<td width=\"515\"><span style=\"font-size: 120%\">Revestimento em p\u00f3\/ Pintura\/ Galvaniza\u00e7\u00e3o\/ Galvanoplastia\/ Anodiza\u00e7\u00e3o\/ Cromagem\/ Escova\u00e7\u00e3o\/ Polimento\/ Serigrafia\/ Impress\u00e3o<\/span><\/td>\n<\/tr>\n<tr>\n<td width=\"125\"><span style=\"font-size: 120%\"><strong>Tipo de servi\u00e7o<\/strong><\/span><\/td>\n<td width=\"515\"><span style=\"font-size: 120%\">OEM \/ ODM<\/span><\/td>\n<\/tr>\n<tr>\n<td width=\"125\"><span style=\"font-size: 120%\"><strong>Prazo de entrega<\/strong><\/span><\/td>\n<td width=\"515\"><span style=\"font-size: 120%\">7 a 20 dias ap\u00f3s o dep\u00f3sito<\/span><\/td>\n<\/tr>\n<\/tbody>\n<\/table>","protected":false},"excerpt":{"rendered":"<p>Material A\u00e7o inoxid\u00e1vel \/Alum\u00ednio\/SPCC\/Cobre \/Lat\u00e3o \/SGCC \/SECC \/Bronze \/A\u00e7o carbono Espessura 0.2-20 mm Cor Colorido \/Vermelho\/Verde \/Prateado \/F\u00edgado \/Branco prateado \/Prateado preto \/Cinza prateado \/P\u00farpura \/Dourado \/Branco \/Cinza escuro Processamento Cisalhamento \/Corte a laser \/Flex\u00e3o \/Estampagem \/Desenho profundo \/Usinagem CNC \/Torneamento \/ Perfura\u00e7\u00e3o \/ Rosqueamento \/ Rebitagem \/ Soldagem \/ Tratamento de superf\u00edcie \/ Montagem Tratamento de superf\u00edcie Revestimento em p\u00f3 \/ Pintura \/ Galvaniza\u00e7\u00e3o \/ Galvanoplastia \/ Anodiza\u00e7\u00e3o \/ Cromagem \/ Escova\u00e7\u00e3o \/ Polimento \/ Serigrafia \/ Impress\u00e3oSerigrafia\/ Impress\u00e3o Tipo de servi\u00e7o OEM...<\/p>","protected":false},"featured_media":1044,"comment_status":"closed","ping_status":"closed","template":"","meta":[],"product_cat":[109],"class_list":["post-391","product","type-product","status-publish","has-post-thumbnail","hentry","product_cat-sheet-metal-fabrication"],"yoast_head":"<!-- This site is optimized with the Yoast SEO plugin v21.5 - https:\/\/yoast.com\/wordpress\/plugins\/seo\/ -->\n<title>OEM Customize computer case desktop Mini cooler master Towers Cases micro 2U Aluminum Computer Case - METALPIE<\/title>\n<meta name=\"robots\" content=\"index, follow, max-snippet:-1, max-image-preview:large, max-video-preview:-1\" \/>\n<link rel=\"canonical\" href=\"https:\/\/metalpie.com\/pt\/fabricacao-de-chapas-metalicas\/gabinete-de-computador-personalizado-oem-desktop-mini-cooler-master-towers-gabinete-de-computador-micro-2u-em-aluminio\/\" \/>\n<meta property=\"og:locale\" content=\"pt_BR\" \/>\n<meta property=\"og:type\" content=\"article\" \/>\n<meta property=\"og:title\" content=\"OEM Customize computer case desktop Mini cooler master Towers Cases micro 2U Aluminum Computer Case - METALPIE\" \/>\n<meta property=\"og:description\" content=\"Material Stainless steel \/Aluminum\/SPCC\/Copper \/Brass \/SGCC \/SECC \/Bronze \/Carbon Steel Thickness 0.2-20mm Color Colorfull \/Red\/Green \/Silvery \/Sliver \/Silver White \/Silvery Black \/Silver grey \/Purple \/Golden \/White \/Dark grey Processing Shearing \/LaserCutting \/Bending \/Stamping \/DeepDrawing \/CNC machining \/Turning \/Drilling \/Tapping \/Riveting \/welding \/Surface\/treatment \/Assembling Surface Treatment Powder coating\/Painting\/Galvanizing\/ Electroplating\/ Anodising\/ Chromeplating\/Brushing\/Polishing\/ Silk-screen\/ Printing Service Type OEM...\" \/>\n<meta property=\"og:url\" content=\"https:\/\/metalpie.com\/pt\/fabricacao-de-chapas-metalicas\/gabinete-de-computador-personalizado-oem-desktop-mini-cooler-master-towers-gabinete-de-computador-micro-2u-em-aluminio\/\" \/>\n<meta property=\"og:site_name\" content=\"METALPIE\" \/>\n<meta name=\"twitter:card\" content=\"summary_large_image\" \/>\n<meta name=\"twitter:label1\" content=\"Est. tempo de leitura\" \/>\n\t<meta name=\"twitter:data1\" content=\"1 minuto\" \/>\n<script type=\"application\/ld+json\" class=\"yoast-schema-graph\">{\"@context\":\"https:\/\/schema.org\",\"@graph\":[{\"@type\":\"WebPage\",\"@id\":\"https:\/\/metalpie.com\/sheet-metal-fabrication\/oem-customize-computer-case-desktop-mini-cooler-master-towers-cases-micro-2u-aluminum-computer-case\/\",\"url\":\"https:\/\/metalpie.com\/sheet-metal-fabrication\/oem-customize-computer-case-desktop-mini-cooler-master-towers-cases-micro-2u-aluminum-computer-case\/\",\"name\":\"OEM Customize computer case desktop Mini cooler master Towers Cases micro 2U Aluminum Computer Case - METALPIE\",\"isPartOf\":{\"@id\":\"https:\/\/metalpie.com\/#website\"},\"datePublished\":\"2020-12-07T06:03:27+00:00\",\"dateModified\":\"2020-12-07T06:03:27+00:00\",\"breadcrumb\":{\"@id\":\"https:\/\/metalpie.com\/sheet-metal-fabrication\/oem-customize-computer-case-desktop-mini-cooler-master-towers-cases-micro-2u-aluminum-computer-case\/#breadcrumb\"},\"inLanguage\":\"pt-BR\",\"potentialAction\":[{\"@type\":\"ReadAction\",\"target\":[\"https:\/\/metalpie.com\/sheet-metal-fabrication\/oem-customize-computer-case-desktop-mini-cooler-master-towers-cases-micro-2u-aluminum-computer-case\/\"]}]},{\"@type\":\"BreadcrumbList\",\"@id\":\"https:\/\/metalpie.com\/sheet-metal-fabrication\/oem-customize-computer-case-desktop-mini-cooler-master-towers-cases-micro-2u-aluminum-computer-case\/#breadcrumb\",\"itemListElement\":[{\"@type\":\"ListItem\",\"position\":1,\"name\":\"Home\",\"item\":\"https:\/\/metalpie.com\/\"},{\"@type\":\"ListItem\",\"position\":2,\"name\":\"Products\",\"item\":\"https:\/\/metalpie.com\/shop\/\"},{\"@type\":\"ListItem\",\"position\":3,\"name\":\"OEM Customize computer case desktop Mini cooler master Towers Cases micro 2U Aluminum Computer Case\"}]},{\"@type\":\"WebSite\",\"@id\":\"https:\/\/metalpie.com\/#website\",\"url\":\"https:\/\/metalpie.com\/\",\"name\":\"METALPIE\",\"description\":\"Precision Metal Fabrication | Tools, Processes &amp; More\",\"potentialAction\":[{\"@type\":\"SearchAction\",\"target\":{\"@type\":\"EntryPoint\",\"urlTemplate\":\"https:\/\/metalpie.com\/?s={search_term_string}\"},\"query-input\":\"required name=search_term_string\"}],\"inLanguage\":\"pt-BR\"}]}<\/script>\n<!-- \/ Yoast SEO plugin. -->","yoast_head_json":{"title":"Personaliza\u00e7\u00e3o OEM do gabinete do computador desktop Mini cooler master Towers Cases micro 2U gabinete de alum\u00ednio para computador - METALPIE","robots":{"index":"index","follow":"follow","max-snippet":"max-snippet:-1","max-image-preview":"max-image-preview:large","max-video-preview":"max-video-preview:-1"},"canonical":"https:\/\/metalpie.com\/pt\/fabricacao-de-chapas-metalicas\/gabinete-de-computador-personalizado-oem-desktop-mini-cooler-master-towers-gabinete-de-computador-micro-2u-em-aluminio\/","og_locale":"pt_BR","og_type":"article","og_title":"OEM Customize computer case desktop Mini cooler master Towers Cases micro 2U Aluminum Computer Case - METALPIE","og_description":"Material Stainless steel \/Aluminum\/SPCC\/Copper \/Brass \/SGCC \/SECC \/Bronze \/Carbon Steel Thickness 0.2-20mm Color Colorfull \/Red\/Green \/Silvery \/Sliver \/Silver White \/Silvery Black \/Silver grey \/Purple \/Golden \/White \/Dark grey Processing Shearing \/LaserCutting \/Bending \/Stamping \/DeepDrawing \/CNC machining \/Turning \/Drilling \/Tapping \/Riveting \/welding \/Surface\/treatment \/Assembling Surface Treatment Powder coating\/Painting\/Galvanizing\/ Electroplating\/ Anodising\/ Chromeplating\/Brushing\/Polishing\/ Silk-screen\/ Printing Service Type OEM...","og_url":"https:\/\/metalpie.com\/pt\/fabricacao-de-chapas-metalicas\/gabinete-de-computador-personalizado-oem-desktop-mini-cooler-master-towers-gabinete-de-computador-micro-2u-em-aluminio\/","og_site_name":"METALPIE","twitter_card":"summary_large_image","twitter_misc":{"Est. tempo de leitura":"1 minuto"},"schema":{"@context":"https:\/\/schema.org","@graph":[{"@type":"WebPage","@id":"https:\/\/metalpie.com\/sheet-metal-fabrication\/oem-customize-computer-case-desktop-mini-cooler-master-towers-cases-micro-2u-aluminum-computer-case\/","url":"https:\/\/metalpie.com\/sheet-metal-fabrication\/oem-customize-computer-case-desktop-mini-cooler-master-towers-cases-micro-2u-aluminum-computer-case\/","name":"Personaliza\u00e7\u00e3o OEM do gabinete do computador desktop Mini cooler master Towers Cases micro 2U gabinete de alum\u00ednio para computador - METALPIE","isPartOf":{"@id":"https:\/\/metalpie.com\/#website"},"datePublished":"2020-12-07T06:03:27+00:00","dateModified":"2020-12-07T06:03:27+00:00","breadcrumb":{"@id":"https:\/\/metalpie.com\/sheet-metal-fabrication\/oem-customize-computer-case-desktop-mini-cooler-master-towers-cases-micro-2u-aluminum-computer-case\/#breadcrumb"},"inLanguage":"pt-BR","potentialAction":[{"@type":"ReadAction","target":["https:\/\/metalpie.com\/sheet-metal-fabrication\/oem-customize-computer-case-desktop-mini-cooler-master-towers-cases-micro-2u-aluminum-computer-case\/"]}]},{"@type":"BreadcrumbList","@id":"https:\/\/metalpie.com\/sheet-metal-fabrication\/oem-customize-computer-case-desktop-mini-cooler-master-towers-cases-micro-2u-aluminum-computer-case\/#breadcrumb","itemListElement":[{"@type":"ListItem","position":1,"name":"Home","item":"https:\/\/metalpie.com\/"},{"@type":"ListItem","position":2,"name":"Products","item":"https:\/\/metalpie.com\/shop\/"},{"@type":"ListItem","position":3,"name":"OEM Customize computer case desktop Mini cooler master Towers Cases micro 2U Aluminum Computer Case"}]},{"@type":"WebSite","@id":"https:\/\/metalpie.com\/#website","url":"https:\/\/metalpie.com\/","name":"METALPIE","description":"Fabrica\u00e7\u00e3o de metais de precis\u00e3o | Ferramentas, processos e muito mais","potentialAction":[{"@type":"SearchAction","target":{"@type":"EntryPoint","urlTemplate":"https:\/\/metalpie.com\/?s={search_term_string}"},"query-input":"required name=search_term_string"}],"inLanguage":"pt-BR"}]}},"_links":{"self":[{"href":"https:\/\/metalpie.com\/pt\/wp-json\/wp\/v2\/product\/391","targetHints":{"allow":["GET"]}}],"collection":[{"href":"https:\/\/metalpie.com\/pt\/wp-json\/wp\/v2\/product"}],"about":[{"href":"https:\/\/metalpie.com\/pt\/wp-json\/wp\/v2\/types\/product"}],"replies":[{"embeddable":true,"href":"https:\/\/metalpie.com\/pt\/wp-json\/wp\/v2\/comments?post=391"}],"wp:featuredmedia":[{"embeddable":true,"href":"https:\/\/metalpie.com\/pt\/wp-json\/wp\/v2\/posts\/1044"}],"wp:attachment":[{"href":"https:\/\/metalpie.com\/pt\/wp-json\/wp\/v2\/media?parent=391"}],"wp:term":[{"taxonomy":"product_cat","embeddable":true,"href":"https:\/\/metalpie.com\/pt\/wp-json\/wp\/v2\/product_cat?post=391"}],"curies":[{"name":"wp","href":"https:\/\/api.w.org\/{rel}","templated":true}]}}