{"id":389,"date":"2020-12-07T14:03:26","date_gmt":"2020-12-07T06:03:26","guid":{"rendered":"https:\/\/f.seowaimao.com\/?post_type=product&amp;p=389"},"modified":"2020-12-07T14:03:26","modified_gmt":"2020-12-07T06:03:26","slug":"usinagem-cnc-de-5-eixos-de-pecas-metalicas","status":"publish","type":"product","link":"https:\/\/metalpie.com\/pt\/pecas-de-usinagem-cnc\/usinagem-cnc-de-5-eixos-de-pecas-metalicas\/","title":{"rendered":"Servi\u00e7o de usinagem de pe\u00e7as met\u00e1licas em 5 eixos CNC e fresamento em 5 eixos CNC"},"content":{"rendered":"<table style=\"border-collapse: collapse; width: 687px; height: 306px;\" border=\"0\" width=\"703\" cellspacing=\"0\" cellpadding=\"0\">\n<tbody>\n<tr style=\"height: 15.00pt;\">\n<td class=\"et3\" style=\"height: 15.00pt; width: 141.00pt;\" width=\"188\" height=\"20\"><strong><span style=\"font-size: 120%;\">Tipo<\/span><\/strong><\/td>\n<td class=\"et4\" style=\"width: 386.25pt;\" width=\"515\"><span style=\"font-size: 120%;\">FRESAGEM\/ Usinagem a laser\/ Fresagem\/ Torneamento\/ Eletroeros\u00e3o a fio<\/span><\/td>\n<\/tr>\n<tr style=\"height: 14.25pt;\">\n<td class=\"et3\" style=\"height: 14.25pt; width: 141.00pt;\" width=\"188\" height=\"19\"><strong><span style=\"font-size: 120%;\">Material<\/span><\/strong><\/td>\n<td class=\"et4\" style=\"width: 386.25pt;\" width=\"515\"><span style=\"font-size: 120%;\">Alum\u00ednio\/ A\u00e7o inoxid\u00e1vel\/ Cobre\/ Lat\u00e3o\/ Galvanizado etc.<\/span><\/td>\n<\/tr>\n<tr style=\"height: 14.25pt;\">\n<td class=\"et3\" style=\"height: 14.25pt; width: 141.00pt;\" width=\"188\" height=\"19\"><strong><span style=\"font-size: 120%;\">Tamanho<\/span><\/strong><\/td>\n<td class=\"et4\" style=\"width: 386.25pt;\" width=\"515\"><span style=\"font-size: 120%;\">Personalizado<\/span><\/td>\n<\/tr>\n<tr style=\"height: 14.25pt;\">\n<td class=\"et3\" style=\"height: 14.25pt; width: 141.00pt;\" width=\"188\" height=\"19\"><strong><span style=\"font-size: 120%;\">Tratamento de superf\u00edcie<\/span><\/strong><\/td>\n<td class=\"et4\" style=\"width: 386.25pt;\" width=\"515\"><span style=\"font-size: 120%;\">Revestimento em p\u00f3\/ Galvanoplastia\/ \u00d3xido\/ Anodiza\u00e7\u00e3o<\/span><\/td>\n<\/tr>\n<tr style=\"height: 14.25pt;\">\n<td class=\"et3\" style=\"height: 14.25pt; width: 141.00pt;\" width=\"188\" height=\"19\"><strong><span style=\"font-size: 120%;\">T\u00e9cnica<\/span><\/strong><\/td>\n<td class=\"et4\" style=\"width: 386.25pt;\" width=\"515\"><span style=\"font-size: 120%;\">Corte a laser\/ Dobra\/ Solda\/ Carimbo<\/span><\/td>\n<\/tr>\n<tr style=\"height: 14.25pt;\">\n<td class=\"et3\" style=\"height: 14.25pt; width: 141.00pt;\" width=\"188\" height=\"19\"><strong><span style=\"font-size: 120%;\">Certifica\u00e7\u00e3o<\/span><\/strong><\/td>\n<td class=\"et4\" style=\"width: 386.25pt;\" width=\"515\"><span style=\"font-size: 120%;\">ISO9001<\/span><\/td>\n<\/tr>\n<tr style=\"height: 14.25pt;\">\n<td class=\"et3\" style=\"height: 14.25pt; width: 141.00pt;\" width=\"188\" height=\"19\"><strong><span style=\"font-size: 120%;\">OEM<\/span><\/strong><\/td>\n<td class=\"et4\" style=\"width: 386.25pt;\" width=\"515\"><span style=\"font-size: 120%;\">Aceitar<\/span><\/td>\n<\/tr>\n<tr style=\"height: 14.25pt;\">\n<td class=\"et3\" style=\"height: 14.25pt; width: 141.00pt;\" width=\"188\" height=\"19\"><strong><span style=\"font-size: 120%;\">Formato do desenho<\/span><\/strong><\/td>\n<td class=\"et4\" style=\"width: 386.25pt;\" width=\"515\"><span style=\"font-size: 120%;\">3D\/CAD\/Dwg\/IGS\/STP<\/span><\/td>\n<\/tr>\n<tr style=\"height: 14.25pt;\">\n<td class=\"et3\" style=\"height: 14.25pt; width: 141.00pt;\" width=\"188\" height=\"19\"><strong><span style=\"font-size: 120%;\">Cor<\/span><\/strong><\/td>\n<td class=\"et4\" style=\"width: 386.25pt;\" width=\"515\"><span style=\"font-size: 120%;\">Personalizado<\/span><\/td>\n<\/tr>\n<tr style=\"height: 27.00pt;\">\n<td class=\"et3\" style=\"height: 27.00pt; width: 141.00pt;\" width=\"188\" height=\"36\"><strong><span style=\"font-size: 120%;\">Aplicativo<\/span><\/strong><\/td>\n<td class=\"et4\" style=\"width: 386.25pt;\" width=\"515\"><span style=\"font-size: 120%;\">Eletrodom\u00e9sticos\/ Autom\u00f3veis\/ Constru\u00e7\u00e3o\/ Equipamentos de capital\/ Energia\/ Instrumenta\u00e7\u00e3o\/ Dispositivos m\u00e9dicos\/ Telecomunica\u00e7\u00f5es<\/span><\/td>\n<\/tr>\n<\/tbody>\n<\/table>","protected":false},"excerpt":{"rendered":"<p>Tipo FURA\u00c7\u00c3O\/ Usinagem a laser\/ Fresagem\/ Torneamento\/ EDM de fio Material Alum\u00ednio\/ A\u00e7o inoxid\u00e1vel\/ Cobre\/ Lat\u00e3o\/ Galvanizado etc. Tamanho personalizado Tratamento de superf\u00edcie Revestimento em p\u00f3\/ Galvanoplastia\/ \u00d3xido\/ Anodiza\u00e7\u00e3o T\u00e9cnicas Corte a laser\/ Dobra\/ Solda\/ Estampagem Certifica\u00e7\u00e3o ISO9001 Aceita\u00e7\u00e3o de OEM Formato de desenho 3D\/CAD\/Dwg\/IGS\/STP Cor personalizada Aplica\u00e7\u00e3o Eletrodom\u00e9sticos\/ Autom\u00f3veis\/ Constru\u00e7\u00e3o\/ Equipamentos de capital\/ Energia\/ Instrumenta\u00e7\u00e3o\/ Dispositivos m\u00e9dicos\/ Telecomunica\u00e7\u00f5es<\/p>","protected":false},"featured_media":1068,"comment_status":"open","ping_status":"closed","template":"","meta":[],"product_cat":[108],"class_list":["post-389","product","type-product","status-publish","has-post-thumbnail","hentry","product_cat-cnc-machining-parts"],"yoast_head":"<!-- This site is optimized with the Yoast SEO plugin v21.5 - https:\/\/yoast.com\/wordpress\/plugins\/seo\/ -->\n<title>5 Axis CNC Machining Metal Parts and CNC 5-Axis Milling Service<\/title>\n<meta name=\"description\" content=\"We provide 5 Axis CNC machining metal parts from small quantities to bulk purchases. These parts can be used in appliances, auto, medical devices...\" \/>\n<meta name=\"robots\" content=\"index, follow, max-snippet:-1, max-image-preview:large, max-video-preview:-1\" \/>\n<link rel=\"canonical\" href=\"https:\/\/metalpie.com\/pt\/pecas-de-usinagem-cnc\/usinagem-cnc-de-5-eixos-de-pecas-metalicas\/\" \/>\n<meta property=\"og:locale\" content=\"pt_BR\" \/>\n<meta property=\"og:type\" content=\"article\" \/>\n<meta property=\"og:title\" content=\"5 Axis CNC Machining Metal Parts and CNC 5-Axis Milling Service\" \/>\n<meta property=\"og:description\" content=\"We provide 5 Axis CNC machining metal parts from small quantities to bulk purchases. These parts can be used in appliances, auto, medical devices...\" \/>\n<meta property=\"og:url\" content=\"https:\/\/metalpie.com\/pt\/pecas-de-usinagem-cnc\/usinagem-cnc-de-5-eixos-de-pecas-metalicas\/\" \/>\n<meta property=\"og:site_name\" content=\"METALPIE\" \/>\n<meta name=\"twitter:card\" content=\"summary_large_image\" \/>\n<meta name=\"twitter:label1\" content=\"Est. tempo de leitura\" \/>\n\t<meta name=\"twitter:data1\" content=\"1 minuto\" \/>\n<script type=\"application\/ld+json\" class=\"yoast-schema-graph\">{\"@context\":\"https:\/\/schema.org\",\"@graph\":[{\"@type\":\"WebPage\",\"@id\":\"https:\/\/metalpie.com\/cnc-machining-parts\/5-axis-cnc-machining-metal-parts\/\",\"url\":\"https:\/\/metalpie.com\/cnc-machining-parts\/5-axis-cnc-machining-metal-parts\/\",\"name\":\"5 Axis CNC Machining Metal Parts and CNC 5-Axis Milling Service\",\"isPartOf\":{\"@id\":\"https:\/\/metalpie.com\/#website\"},\"datePublished\":\"2020-12-07T06:03:26+00:00\",\"dateModified\":\"2020-12-07T06:03:26+00:00\",\"description\":\"We provide 5 Axis CNC machining metal parts from small quantities to bulk purchases. These parts can be used in appliances, auto, medical devices...\",\"breadcrumb\":{\"@id\":\"https:\/\/metalpie.com\/cnc-machining-parts\/5-axis-cnc-machining-metal-parts\/#breadcrumb\"},\"inLanguage\":\"pt-BR\",\"potentialAction\":[{\"@type\":\"ReadAction\",\"target\":[\"https:\/\/metalpie.com\/cnc-machining-parts\/5-axis-cnc-machining-metal-parts\/\"]}]},{\"@type\":\"BreadcrumbList\",\"@id\":\"https:\/\/metalpie.com\/cnc-machining-parts\/5-axis-cnc-machining-metal-parts\/#breadcrumb\",\"itemListElement\":[{\"@type\":\"ListItem\",\"position\":1,\"name\":\"Home\",\"item\":\"https:\/\/metalpie.com\/\"},{\"@type\":\"ListItem\",\"position\":2,\"name\":\"Products\",\"item\":\"https:\/\/metalpie.com\/shop\/\"},{\"@type\":\"ListItem\",\"position\":3,\"name\":\"5 Axis CNC Machining Metal Parts and CNC 5-Axis Milling Service\"}]},{\"@type\":\"WebSite\",\"@id\":\"https:\/\/metalpie.com\/#website\",\"url\":\"https:\/\/metalpie.com\/\",\"name\":\"METALPIE\",\"description\":\"Precision Metal Fabrication | Tools, Processes &amp; More\",\"potentialAction\":[{\"@type\":\"SearchAction\",\"target\":{\"@type\":\"EntryPoint\",\"urlTemplate\":\"https:\/\/metalpie.com\/?s={search_term_string}\"},\"query-input\":\"required name=search_term_string\"}],\"inLanguage\":\"pt-BR\"}]}<\/script>\n<!-- \/ Yoast SEO plugin. -->","yoast_head_json":{"title":"Servi\u00e7o de usinagem de pe\u00e7as met\u00e1licas em 5 eixos CNC e fresamento em 5 eixos CNC","description":"Fornecemos pe\u00e7as met\u00e1licas para usinagem CNC de 5 eixos, desde pequenas quantidades at\u00e9 compras a granel. Essas pe\u00e7as podem ser usadas em eletrodom\u00e9sticos, autom\u00f3veis, dispositivos m\u00e9dicos...","robots":{"index":"index","follow":"follow","max-snippet":"max-snippet:-1","max-image-preview":"max-image-preview:large","max-video-preview":"max-video-preview:-1"},"canonical":"https:\/\/metalpie.com\/pt\/pecas-de-usinagem-cnc\/usinagem-cnc-de-5-eixos-de-pecas-metalicas\/","og_locale":"pt_BR","og_type":"article","og_title":"5 Axis CNC Machining Metal Parts and CNC 5-Axis Milling Service","og_description":"We provide 5 Axis CNC machining metal parts from small quantities to bulk purchases. These parts can be used in appliances, auto, medical devices...","og_url":"https:\/\/metalpie.com\/pt\/pecas-de-usinagem-cnc\/usinagem-cnc-de-5-eixos-de-pecas-metalicas\/","og_site_name":"METALPIE","twitter_card":"summary_large_image","twitter_misc":{"Est. tempo de leitura":"1 minuto"},"schema":{"@context":"https:\/\/schema.org","@graph":[{"@type":"WebPage","@id":"https:\/\/metalpie.com\/cnc-machining-parts\/5-axis-cnc-machining-metal-parts\/","url":"https:\/\/metalpie.com\/cnc-machining-parts\/5-axis-cnc-machining-metal-parts\/","name":"Servi\u00e7o de usinagem de pe\u00e7as met\u00e1licas em 5 eixos CNC e fresamento em 5 eixos CNC","isPartOf":{"@id":"https:\/\/metalpie.com\/#website"},"datePublished":"2020-12-07T06:03:26+00:00","dateModified":"2020-12-07T06:03:26+00:00","description":"Fornecemos pe\u00e7as met\u00e1licas para usinagem CNC de 5 eixos, desde pequenas quantidades at\u00e9 compras a granel. Essas pe\u00e7as podem ser usadas em eletrodom\u00e9sticos, autom\u00f3veis, dispositivos m\u00e9dicos...","breadcrumb":{"@id":"https:\/\/metalpie.com\/cnc-machining-parts\/5-axis-cnc-machining-metal-parts\/#breadcrumb"},"inLanguage":"pt-BR","potentialAction":[{"@type":"ReadAction","target":["https:\/\/metalpie.com\/cnc-machining-parts\/5-axis-cnc-machining-metal-parts\/"]}]},{"@type":"BreadcrumbList","@id":"https:\/\/metalpie.com\/cnc-machining-parts\/5-axis-cnc-machining-metal-parts\/#breadcrumb","itemListElement":[{"@type":"ListItem","position":1,"name":"Home","item":"https:\/\/metalpie.com\/"},{"@type":"ListItem","position":2,"name":"Products","item":"https:\/\/metalpie.com\/shop\/"},{"@type":"ListItem","position":3,"name":"5 Axis CNC Machining Metal Parts and CNC 5-Axis Milling Service"}]},{"@type":"WebSite","@id":"https:\/\/metalpie.com\/#website","url":"https:\/\/metalpie.com\/","name":"METALPIE","description":"Fabrica\u00e7\u00e3o de metais de precis\u00e3o | Ferramentas, processos e muito mais","potentialAction":[{"@type":"SearchAction","target":{"@type":"EntryPoint","urlTemplate":"https:\/\/metalpie.com\/?s={search_term_string}"},"query-input":"required name=search_term_string"}],"inLanguage":"pt-BR"}]}},"_links":{"self":[{"href":"https:\/\/metalpie.com\/pt\/wp-json\/wp\/v2\/product\/389","targetHints":{"allow":["GET"]}}],"collection":[{"href":"https:\/\/metalpie.com\/pt\/wp-json\/wp\/v2\/product"}],"about":[{"href":"https:\/\/metalpie.com\/pt\/wp-json\/wp\/v2\/types\/product"}],"replies":[{"embeddable":true,"href":"https:\/\/metalpie.com\/pt\/wp-json\/wp\/v2\/comments?post=389"}],"wp:featuredmedia":[{"embeddable":true,"href":"https:\/\/metalpie.com\/pt\/wp-json\/wp\/v2\/posts\/1068"}],"wp:attachment":[{"href":"https:\/\/metalpie.com\/pt\/wp-json\/wp\/v2\/media?parent=389"}],"wp:term":[{"taxonomy":"product_cat","embeddable":true,"href":"https:\/\/metalpie.com\/pt\/wp-json\/wp\/v2\/product_cat?post=389"}],"curies":[{"name":"wp","href":"https:\/\/api.w.org\/{rel}","templated":true}]}}