{"id":3319,"date":"2022-12-22T08:55:21","date_gmt":"2022-12-22T00:55:21","guid":{"rendered":"https:\/\/metalpie.com\/?post_type=product&#038;p=3319"},"modified":"2023-02-01T14:27:51","modified_gmt":"2023-02-01T06:27:51","slug":"carroceria-de-aluminio-para-caminhao-leve","status":"publish","type":"product","link":"https:\/\/metalpie.com\/pt\/veiculos-de-aluminio\/carroceria-de-aluminio-para-caminhao-leve\/","title":{"rendered":"Carroceria de alum\u00ednio para caminh\u00e3o leve"},"content":{"rendered":"<section class=\"section\" id=\"section_1393791546\">\n\t\t<div class=\"bg section-bg fill bg-fill  bg-loaded\" >\n\n\t\t\t\n\t\t\t\n\t\t\t\n\n\t\t<\/div>\n\n\t\t\n\n\t\t<div class=\"section-content relative\">\n\t\t\t\n<div class=\"row\"  id=\"row-290808365\">\n\n\t<div id=\"col-788800297\" class=\"col small-12 large-12\"  >\n\t\t\t\t<div class=\"col-inner\"  >\n\t\t\t\n\t\t\t\n<h2>Carroceria de alum\u00ednio para caminh\u00e3o leve<\/h2>\n<table style=\"font-size: 14.4px; border-collapse: collapse; width: 740px; height: 253px;\" border=\"0\" width=\"762\" cellspacing=\"0\" cellpadding=\"0\">\n<tbody>\n<tr style=\"height: 21.00pt;\">\n<td class=\"et3\" style=\"height: 21.00pt; width: 196.50pt;\" width=\"262\" height=\"28\"><strong>Comprimento externo<\/strong><\/td>\n<td class=\"et4\" style=\"width: 182.25pt;\" width=\"243\"><strong>Largura externa<\/strong><\/td>\n<td class=\"et4\" style=\"width: 192.75pt;\" width=\"257\"><strong>Altura externa<\/strong><\/td>\n<\/tr>\n<tr style=\"height: 21.00pt;\">\n<td class=\"et5\" style=\"height: 21.00pt; width: 196.50pt;\" width=\"262\" height=\"28\">4285<\/td>\n<td class=\"et6\" style=\"width: 182.25pt;\" width=\"243\">2432<\/td>\n<td class=\"et6\" style=\"width: 192.75pt;\" width=\"257\">1735<\/td>\n<\/tr>\n<tr style=\"height: 21.00pt;\">\n<td class=\"et7\" style=\"height: 21.00pt; width: 196.50pt;\" width=\"262\" height=\"28\"><strong>Comprimento interno<\/strong><\/td>\n<td class=\"et8\" style=\"width: 182.25pt;\" width=\"243\"><strong>Largura interna<\/strong><\/td>\n<td class=\"et8\" style=\"width: 192.75pt;\" width=\"257\"><strong>Altura interna<\/strong><\/td>\n<\/tr>\n<tr style=\"height: 21.00pt;\">\n<td class=\"et5\" style=\"height: 21.00pt; width: 196.50pt;\" width=\"262\" height=\"28\">4165<\/td>\n<td class=\"et6\" style=\"width: 182.25pt;\" width=\"243\">2300<\/td>\n<td class=\"et6\" style=\"width: 192.75pt;\" width=\"257\">500<\/td>\n<\/tr>\n<tr style=\"height: 21.00pt;\">\n<td class=\"et7\" style=\"height: 21.00pt; width: 196.50pt;\" width=\"262\" height=\"28\"><strong>Espessura total dos pain\u00e9is laterais<\/strong><\/td>\n<td class=\"et8\" style=\"width: 182.25pt;\" width=\"243\"><strong>Espessura do piso<\/strong><\/td>\n<td class=\"et8\" style=\"width: 192.75pt;\" width=\"257\"><strong>M\u00e9todo de abertura da porta<\/strong><\/td>\n<\/tr>\n<tr style=\"height: 21.00pt;\">\n<td class=\"et5\" style=\"height: 21.00pt; width: 196.50pt;\" width=\"262\" height=\"28\">30<\/td>\n<td class=\"et6\" style=\"width: 182.25pt;\" width=\"243\">20<\/td>\n<td class=\"et6\" style=\"width: 192.75pt;\" width=\"257\">Cinco portas\/Tr\u00eas portas<\/td>\n<\/tr>\n<tr style=\"height: 21.00pt;\">\n<td class=\"et7\" style=\"height: 21.00pt; width: 196.50pt;\" width=\"262\" height=\"28\"><strong>Formul\u00e1rio de instrumenta\u00e7\u00e3o<\/strong><\/td>\n<td class=\"et10\" style=\"width: 182.25pt;\" width=\"243\"><strong>Peso do corpo da caixa<span class=\"font2\">\/kg<\/span><\/strong><\/td>\n<td class=\"et8\" style=\"width: 192.75pt;\" width=\"257\"><strong>Carga de projeto\/T<\/strong><\/td>\n<\/tr>\n<tr style=\"height: 21.00pt;\">\n<td class=\"et5\" style=\"height: 21.00pt; width: 196.50pt;\" width=\"262\" height=\"28\">Participa\u00e7\u00e3o externa<\/td>\n<td class=\"et6\" style=\"width: 182.25pt;\" width=\"243\">260<\/td>\n<td class=\"et6\" style=\"width: 192.75pt;\" width=\"257\">\n<p>5<\/p>\n<\/td>\n<\/tr>\n<\/tbody>\n<\/table>\n<h2>Vis\u00e3o geral<\/h2>\n<p><span data-preserver-spaces=\"true\">A carroceria de alum\u00ednio do caminh\u00e3o \u00e9 opcional em termos de cor, tamanho e muitos outros detalhes. Como fabricante profissional de carrocerias de caminh\u00e3o de alum\u00ednio, podemos personalizar uma variedade de especifica\u00e7\u00f5es para voc\u00ea. Fornecemos essas carrocerias de caminh\u00f5es leves para muitas marcas globais famosas. Seremos sua melhor escolha se estiver procurando um fabricante poderoso para seus caminh\u00f5es com carrocerias de alum\u00ednio!<\/span><\/p>\n<h2>Caracter\u00edsticas das carrocerias de caminh\u00e3o de alum\u00ednio<\/h2>\n<p><span data-preserver-spaces=\"true\">1. Usamos perfis de alum\u00ednio de alto impacto para fabricar essa carroceria de alum\u00ednio para caminh\u00e3o. Todos os perfis s\u00e3o desenvolvidos e fabricados por n\u00f3s mesmos.<\/span><\/p>\n<p><span data-preserver-spaces=\"true\">2. Rebitagem e aparafusamento s\u00e3o os principais m\u00e9todos de conex\u00e3o, complementados por uma pequena quantidade de solda. Esses m\u00e9todos de conex\u00e3o s\u00e3o convenientes para a montagem e manuten\u00e7\u00e3o de carrocerias de caminh\u00f5es de alum\u00ednio.<\/span><\/p>\n<p><span data-preserver-spaces=\"true\">3. Em termos de estrutura, al\u00e9m de usar parte da estrutura do produto da van, a parte do corrim\u00e3o usa a tecnologia japonesa como refer\u00eancia. Projetamos uma nova estrutura de grade montada para essa carroceria de caminh\u00e3o de alum\u00ednio.\u00a0<\/span><\/p>\n<p><span data-preserver-spaces=\"true\">4. Tanto as cercas laterais quanto as cercas traseiras adotam perfis com estruturas fechadas. Por meio da combina\u00e7\u00e3o e combina\u00e7\u00e3o de perfis, as cercas com alturas de s\u00e9rie de 400 mm, 500 mm e 600 mm podem ser combinadas para atender \u00e0s necessidades dos clientes. A parte inferior da cerca frontal tamb\u00e9m \u00e9 feita com a mesma combina\u00e7\u00e3o de perfis.<\/span><\/p>\n<p><span data-preserver-spaces=\"true\">5. O piso \u00e9 extrudado de perfis de alta resist\u00eancia e colocado longitudinalmente. A parte superior do perfil tem nervuras antiderrapantes, e a parte inferior \u00e9 projetada com nervuras de suporte. A parte inferior do piso \u00e9 disposta com vigas de suporte horizontais com alta rigidez geral.<\/span><\/p>\n\t\t<\/div>\n\t\t\t\t\t<\/div>\n\n\t\n<\/div>\n\t\t<\/div>\n\n\t\t\n<style>\n#section_1393791546 {\n  padding-top: 30px;\n  padding-bottom: 30px;\n}\n<\/style>\n\t<\/section>","protected":false},"excerpt":{"rendered":"<p>A carroceria do caminh\u00e3o foi projetada especialmente para caminh\u00f5es leves. As estacas estendidas melhoraram a capacidade de carga. \u00c9 um ve\u00edculo perfeito para fazer seus pr\u00f3prios neg\u00f3cios.<\/p>","protected":false},"featured_media":3320,"comment_status":"closed","ping_status":"closed","template":"","meta":[],"product_cat":[98],"class_list":["post-3319","product","type-product","status-publish","has-post-thumbnail","hentry","product_cat-aluminum-vehicles"],"yoast_head":"<!-- This site is optimized with the Yoast SEO plugin v21.5 - https:\/\/yoast.com\/wordpress\/plugins\/seo\/ -->\n<title>Aluminum Truck Body &amp; Wing Body for Window and Door Display<\/title>\n<meta name=\"description\" content=\"We provide various aluminum truck bodies, such as box truck bodies and wing bodies. We also deliver custom truck body service.\" \/>\n<meta name=\"robots\" content=\"index, follow, max-snippet:-1, max-image-preview:large, max-video-preview:-1\" \/>\n<link rel=\"canonical\" href=\"https:\/\/metalpie.com\/pt\/veiculos-de-aluminio\/carroceria-de-aluminio-para-caminhao-leve\/\" \/>\n<meta property=\"og:locale\" content=\"pt_BR\" \/>\n<meta property=\"og:type\" content=\"article\" \/>\n<meta property=\"og:title\" content=\"Aluminum Truck Body &amp; Wing Body for Window and Door Display\" \/>\n<meta property=\"og:description\" content=\"We provide various aluminum truck bodies, such as box truck bodies and wing bodies. We also deliver custom truck body service.\" \/>\n<meta property=\"og:url\" content=\"https:\/\/metalpie.com\/pt\/veiculos-de-aluminio\/carroceria-de-aluminio-para-caminhao-leve\/\" \/>\n<meta property=\"og:site_name\" content=\"METALPIE\" \/>\n<meta property=\"article:modified_time\" content=\"2023-02-01T06:27:51+00:00\" \/>\n<meta property=\"og:image\" content=\"https:\/\/metalpie.com\/wp-content\/uploads\/2022\/12\/aluminum_truck_bodies_side_right.webp\" \/>\n\t<meta property=\"og:image:width\" content=\"1000\" \/>\n\t<meta property=\"og:image:height\" content=\"750\" \/>\n\t<meta property=\"og:image:type\" content=\"image\/webp\" \/>\n<meta name=\"twitter:card\" content=\"summary_large_image\" \/>\n<meta name=\"twitter:label1\" content=\"Est. tempo de leitura\" \/>\n\t<meta name=\"twitter:data1\" content=\"2 minutos\" \/>\n<script type=\"application\/ld+json\" class=\"yoast-schema-graph\">{\"@context\":\"https:\/\/schema.org\",\"@graph\":[{\"@type\":\"WebPage\",\"@id\":\"https:\/\/metalpie.com\/ru\/%d0%b0%d0%bb%d1%8e%d0%bc%d0%b8%d0%bd%d0%b8%d0%b5%d0%b2%d1%8b%d0%b5-%d0%b0%d0%b2%d1%82%d0%be%d0%bc%d0%be%d0%b1%d0%b8%d0%bb%d0%b8\/%d0%b0%d0%bb%d1%8e%d0%bc%d0%b8%d0%bd%d0%b8%d0%b5%d0%b2%d1%8b%d0%b9-%d0%ba%d1%83%d0%b7%d0%be%d0%b2-%d0%b4%d0%bb%d1%8f-%d0%bb%d0%b5%d0%b3%d0%ba%d0%be%d0%b3%d0%be-%d0%b3%d1%80%d1%83%d0%b7%d0%be%d0%b2\/\",\"url\":\"https:\/\/metalpie.com\/ru\/%d0%b0%d0%bb%d1%8e%d0%bc%d0%b8%d0%bd%d0%b8%d0%b5%d0%b2%d1%8b%d0%b5-%d0%b0%d0%b2%d1%82%d0%be%d0%bc%d0%be%d0%b1%d0%b8%d0%bb%d0%b8\/%d0%b0%d0%bb%d1%8e%d0%bc%d0%b8%d0%bd%d0%b8%d0%b5%d0%b2%d1%8b%d0%b9-%d0%ba%d1%83%d0%b7%d0%be%d0%b2-%d0%b4%d0%bb%d1%8f-%d0%bb%d0%b5%d0%b3%d0%ba%d0%be%d0%b3%d0%be-%d0%b3%d1%80%d1%83%d0%b7%d0%be%d0%b2\/\",\"name\":\"Aluminum Truck Body & Wing Body for Window and Door Display\",\"isPartOf\":{\"@id\":\"https:\/\/metalpie.com\/#website\"},\"datePublished\":\"2022-12-22T00:55:21+00:00\",\"dateModified\":\"2023-02-01T06:27:51+00:00\",\"description\":\"We provide various aluminum truck bodies, such as box truck bodies and wing bodies. We also deliver custom truck body service.\",\"breadcrumb\":{\"@id\":\"https:\/\/metalpie.com\/ru\/%d0%b0%d0%bb%d1%8e%d0%bc%d0%b8%d0%bd%d0%b8%d0%b5%d0%b2%d1%8b%d0%b5-%d0%b0%d0%b2%d1%82%d0%be%d0%bc%d0%be%d0%b1%d0%b8%d0%bb%d0%b8\/%d0%b0%d0%bb%d1%8e%d0%bc%d0%b8%d0%bd%d0%b8%d0%b5%d0%b2%d1%8b%d0%b9-%d0%ba%d1%83%d0%b7%d0%be%d0%b2-%d0%b4%d0%bb%d1%8f-%d0%bb%d0%b5%d0%b3%d0%ba%d0%be%d0%b3%d0%be-%d0%b3%d1%80%d1%83%d0%b7%d0%be%d0%b2\/#breadcrumb\"},\"inLanguage\":\"pt-BR\",\"potentialAction\":[{\"@type\":\"ReadAction\",\"target\":[\"https:\/\/metalpie.com\/ru\/%d0%b0%d0%bb%d1%8e%d0%bc%d0%b8%d0%bd%d0%b8%d0%b5%d0%b2%d1%8b%d0%b5-%d0%b0%d0%b2%d1%82%d0%be%d0%bc%d0%be%d0%b1%d0%b8%d0%bb%d0%b8\/%d0%b0%d0%bb%d1%8e%d0%bc%d0%b8%d0%bd%d0%b8%d0%b5%d0%b2%d1%8b%d0%b9-%d0%ba%d1%83%d0%b7%d0%be%d0%b2-%d0%b4%d0%bb%d1%8f-%d0%bb%d0%b5%d0%b3%d0%ba%d0%be%d0%b3%d0%be-%d0%b3%d1%80%d1%83%d0%b7%d0%be%d0%b2\/\"]}]},{\"@type\":\"BreadcrumbList\",\"@id\":\"https:\/\/metalpie.com\/ru\/%d0%b0%d0%bb%d1%8e%d0%bc%d0%b8%d0%bd%d0%b8%d0%b5%d0%b2%d1%8b%d0%b5-%d0%b0%d0%b2%d1%82%d0%be%d0%bc%d0%be%d0%b1%d0%b8%d0%bb%d0%b8\/%d0%b0%d0%bb%d1%8e%d0%bc%d0%b8%d0%bd%d0%b8%d0%b5%d0%b2%d1%8b%d0%b9-%d0%ba%d1%83%d0%b7%d0%be%d0%b2-%d0%b4%d0%bb%d1%8f-%d0%bb%d0%b5%d0%b3%d0%ba%d0%be%d0%b3%d0%be-%d0%b3%d1%80%d1%83%d0%b7%d0%be%d0%b2\/#breadcrumb\",\"itemListElement\":[{\"@type\":\"ListItem\",\"position\":1,\"name\":\"Home\",\"item\":\"https:\/\/metalpie.com\/\"},{\"@type\":\"ListItem\",\"position\":2,\"name\":\"Products\",\"item\":\"https:\/\/metalpie.com\/shop\/\"},{\"@type\":\"ListItem\",\"position\":3,\"name\":\"Aluminum Truck Body for Light Truck\"}]},{\"@type\":\"WebSite\",\"@id\":\"https:\/\/metalpie.com\/#website\",\"url\":\"https:\/\/metalpie.com\/\",\"name\":\"METALPIE\",\"description\":\"Precision Metal Fabrication | Tools, Processes &amp; More\",\"potentialAction\":[{\"@type\":\"SearchAction\",\"target\":{\"@type\":\"EntryPoint\",\"urlTemplate\":\"https:\/\/metalpie.com\/?s={search_term_string}\"},\"query-input\":\"required name=search_term_string\"}],\"inLanguage\":\"pt-BR\"}]}<\/script>\n<!-- \/ Yoast SEO plugin. -->","yoast_head_json":{"title":"Carroceria de caminh\u00e3o e carroceria de asa de alum\u00ednio para exibi\u00e7\u00e3o de janelas e portas","description":"Fornecemos v\u00e1rias carrocerias de caminh\u00e3o de alum\u00ednio, como carrocerias de caminh\u00e3o tipo caixa e carrocerias tipo asa. Tamb\u00e9m fornecemos servi\u00e7os personalizados de carroceria de caminh\u00e3o.","robots":{"index":"index","follow":"follow","max-snippet":"max-snippet:-1","max-image-preview":"max-image-preview:large","max-video-preview":"max-video-preview:-1"},"canonical":"https:\/\/metalpie.com\/pt\/veiculos-de-aluminio\/carroceria-de-aluminio-para-caminhao-leve\/","og_locale":"pt_BR","og_type":"article","og_title":"Aluminum Truck Body & Wing Body for Window and Door Display","og_description":"We provide various aluminum truck bodies, such as box truck bodies and wing bodies. We also deliver custom truck body service.","og_url":"https:\/\/metalpie.com\/pt\/veiculos-de-aluminio\/carroceria-de-aluminio-para-caminhao-leve\/","og_site_name":"METALPIE","article_modified_time":"2023-02-01T06:27:51+00:00","og_image":[{"width":1000,"height":750,"url":"https:\/\/metalpie.com\/wp-content\/uploads\/2022\/12\/aluminum_truck_bodies_side_right.webp","type":"image\/webp"}],"twitter_card":"summary_large_image","twitter_misc":{"Est. tempo de leitura":"2 minutos"},"schema":{"@context":"https:\/\/schema.org","@graph":[{"@type":"WebPage","@id":"https:\/\/metalpie.com\/ru\/%d0%b0%d0%bb%d1%8e%d0%bc%d0%b8%d0%bd%d0%b8%d0%b5%d0%b2%d1%8b%d0%b5-%d0%b0%d0%b2%d1%82%d0%be%d0%bc%d0%be%d0%b1%d0%b8%d0%bb%d0%b8\/%d0%b0%d0%bb%d1%8e%d0%bc%d0%b8%d0%bd%d0%b8%d0%b5%d0%b2%d1%8b%d0%b9-%d0%ba%d1%83%d0%b7%d0%be%d0%b2-%d0%b4%d0%bb%d1%8f-%d0%bb%d0%b5%d0%b3%d0%ba%d0%be%d0%b3%d0%be-%d0%b3%d1%80%d1%83%d0%b7%d0%be%d0%b2\/","url":"https:\/\/metalpie.com\/ru\/%d0%b0%d0%bb%d1%8e%d0%bc%d0%b8%d0%bd%d0%b8%d0%b5%d0%b2%d1%8b%d0%b5-%d0%b0%d0%b2%d1%82%d0%be%d0%bc%d0%be%d0%b1%d0%b8%d0%bb%d0%b8\/%d0%b0%d0%bb%d1%8e%d0%bc%d0%b8%d0%bd%d0%b8%d0%b5%d0%b2%d1%8b%d0%b9-%d0%ba%d1%83%d0%b7%d0%be%d0%b2-%d0%b4%d0%bb%d1%8f-%d0%bb%d0%b5%d0%b3%d0%ba%d0%be%d0%b3%d0%be-%d0%b3%d1%80%d1%83%d0%b7%d0%be%d0%b2\/","name":"Carroceria de caminh\u00e3o e carroceria de asa de alum\u00ednio para exibi\u00e7\u00e3o de janelas e portas","isPartOf":{"@id":"https:\/\/metalpie.com\/#website"},"datePublished":"2022-12-22T00:55:21+00:00","dateModified":"2023-02-01T06:27:51+00:00","description":"Fornecemos v\u00e1rias carrocerias de caminh\u00e3o de alum\u00ednio, como carrocerias de caminh\u00e3o tipo caixa e carrocerias tipo asa. Tamb\u00e9m fornecemos servi\u00e7os personalizados de carroceria de caminh\u00e3o.","breadcrumb":{"@id":"https:\/\/metalpie.com\/ru\/%d0%b0%d0%bb%d1%8e%d0%bc%d0%b8%d0%bd%d0%b8%d0%b5%d0%b2%d1%8b%d0%b5-%d0%b0%d0%b2%d1%82%d0%be%d0%bc%d0%be%d0%b1%d0%b8%d0%bb%d0%b8\/%d0%b0%d0%bb%d1%8e%d0%bc%d0%b8%d0%bd%d0%b8%d0%b5%d0%b2%d1%8b%d0%b9-%d0%ba%d1%83%d0%b7%d0%be%d0%b2-%d0%b4%d0%bb%d1%8f-%d0%bb%d0%b5%d0%b3%d0%ba%d0%be%d0%b3%d0%be-%d0%b3%d1%80%d1%83%d0%b7%d0%be%d0%b2\/#breadcrumb"},"inLanguage":"pt-BR","potentialAction":[{"@type":"ReadAction","target":["https:\/\/metalpie.com\/ru\/%d0%b0%d0%bb%d1%8e%d0%bc%d0%b8%d0%bd%d0%b8%d0%b5%d0%b2%d1%8b%d0%b5-%d0%b0%d0%b2%d1%82%d0%be%d0%bc%d0%be%d0%b1%d0%b8%d0%bb%d0%b8\/%d0%b0%d0%bb%d1%8e%d0%bc%d0%b8%d0%bd%d0%b8%d0%b5%d0%b2%d1%8b%d0%b9-%d0%ba%d1%83%d0%b7%d0%be%d0%b2-%d0%b4%d0%bb%d1%8f-%d0%bb%d0%b5%d0%b3%d0%ba%d0%be%d0%b3%d0%be-%d0%b3%d1%80%d1%83%d0%b7%d0%be%d0%b2\/"]}]},{"@type":"BreadcrumbList","@id":"https:\/\/metalpie.com\/ru\/%d0%b0%d0%bb%d1%8e%d0%bc%d0%b8%d0%bd%d0%b8%d0%b5%d0%b2%d1%8b%d0%b5-%d0%b0%d0%b2%d1%82%d0%be%d0%bc%d0%be%d0%b1%d0%b8%d0%bb%d0%b8\/%d0%b0%d0%bb%d1%8e%d0%bc%d0%b8%d0%bd%d0%b8%d0%b5%d0%b2%d1%8b%d0%b9-%d0%ba%d1%83%d0%b7%d0%be%d0%b2-%d0%b4%d0%bb%d1%8f-%d0%bb%d0%b5%d0%b3%d0%ba%d0%be%d0%b3%d0%be-%d0%b3%d1%80%d1%83%d0%b7%d0%be%d0%b2\/#breadcrumb","itemListElement":[{"@type":"ListItem","position":1,"name":"Home","item":"https:\/\/metalpie.com\/"},{"@type":"ListItem","position":2,"name":"Products","item":"https:\/\/metalpie.com\/shop\/"},{"@type":"ListItem","position":3,"name":"Aluminum Truck Body for Light Truck"}]},{"@type":"WebSite","@id":"https:\/\/metalpie.com\/#website","url":"https:\/\/metalpie.com\/","name":"METALPIE","description":"Fabrica\u00e7\u00e3o de metais de precis\u00e3o | Ferramentas, processos e muito mais","potentialAction":[{"@type":"SearchAction","target":{"@type":"EntryPoint","urlTemplate":"https:\/\/metalpie.com\/?s={search_term_string}"},"query-input":"required name=search_term_string"}],"inLanguage":"pt-BR"}]}},"_links":{"self":[{"href":"https:\/\/metalpie.com\/pt\/wp-json\/wp\/v2\/product\/3319","targetHints":{"allow":["GET"]}}],"collection":[{"href":"https:\/\/metalpie.com\/pt\/wp-json\/wp\/v2\/product"}],"about":[{"href":"https:\/\/metalpie.com\/pt\/wp-json\/wp\/v2\/types\/product"}],"replies":[{"embeddable":true,"href":"https:\/\/metalpie.com\/pt\/wp-json\/wp\/v2\/comments?post=3319"}],"wp:featuredmedia":[{"embeddable":true,"href":"https:\/\/metalpie.com\/pt\/wp-json\/wp\/v2\/media\/3320"}],"wp:attachment":[{"href":"https:\/\/metalpie.com\/pt\/wp-json\/wp\/v2\/media?parent=3319"}],"wp:term":[{"taxonomy":"product_cat","embeddable":true,"href":"https:\/\/metalpie.com\/pt\/wp-json\/wp\/v2\/product_cat?post=3319"}],"curies":[{"name":"wp","href":"https:\/\/api.w.org\/{rel}","templated":true}]}}