{"id":3314,"date":"2022-12-22T08:41:03","date_gmt":"2022-12-22T00:41:03","guid":{"rendered":"https:\/\/metalpie.com\/?post_type=product&#038;p=3314"},"modified":"2023-02-01T16:16:08","modified_gmt":"2023-02-01T08:16:08","slug":"carroceria-de-caminhao-de-aluminio-carroceria-de-caminhao-de-carga","status":"publish","type":"product","link":"https:\/\/metalpie.com\/pt\/veiculos-de-aluminio\/carroceria-de-caminhao-de-aluminio-carroceria-de-caminhao-de-carga\/","title":{"rendered":"Carroceria de caminh\u00e3o de alum\u00ednio e carroceria de caminh\u00e3o de carga"},"content":{"rendered":"<section class=\"section\" id=\"section_1527334225\">\n\t\t<div class=\"bg section-bg fill bg-fill  bg-loaded\" >\n\n\t\t\t\n\t\t\t\n\t\t\t\n\n\t\t<\/div>\n\n\t\t\n\n\t\t<div class=\"section-content relative\">\n\t\t\t\n<div class=\"row\"  id=\"row-981761514\">\n\n\t<div id=\"col-527701497\" class=\"col small-12 large-12\"  >\n\t\t\t\t<div class=\"col-inner\"  >\n\t\t\t\n\t\t\t\n<h2>Par\u00e2metro da carroceria do caminh\u00e3o de carga<\/h2>\n<table width=\"718\">\n<tbody>\n<tr>\n<td width=\"210\"><strong>Comprimento externo<\/strong><\/td>\n<td width=\"259\"><strong>Largura externa<\/strong><\/td>\n<td width=\"249\"><strong>Altura externa<\/strong><\/td>\n<\/tr>\n<tr>\n<td width=\"210\">6850<\/td>\n<td width=\"259\">2550<\/td>\n<td width=\"249\">2845<\/td>\n<\/tr>\n<tr>\n<td width=\"210\"><strong>Comprimento interno<\/strong><\/td>\n<td width=\"259\"><strong>Largura interna<\/strong><\/td>\n<td width=\"249\"><strong>Altura interna<\/strong><\/td>\n<\/tr>\n<tr>\n<td width=\"210\">6800<\/td>\n<td width=\"259\">2500<\/td>\n<td width=\"249\">2600<\/td>\n<\/tr>\n<tr>\n<td width=\"210\"><strong>Porta lateral<\/strong><\/td>\n<td width=\"259\"><strong>Porta traseira<\/strong><\/td>\n<td width=\"249\"><strong>Fechaduras<\/strong><\/td>\n<\/tr>\n<tr>\n<td width=\"210\">N\u00e3o<\/td>\n<td width=\"259\">Abertura de pain\u00e9is duplos<\/td>\n<td width=\"249\">Galvanizado<\/td>\n<\/tr>\n<tr>\n<td width=\"210\"><strong>Suportes de alum\u00ednio<\/strong><\/td>\n<td width=\"259\"><strong>Largura do canal na caixa<\/strong><\/td>\n<td width=\"249\"><strong>Peso do corpo da caixa\/kg<\/strong><\/td>\n<\/tr>\n<tr>\n<td width=\"210\">2 lados 4 andares<\/td>\n<td width=\"259\">765 mm<\/td>\n<td width=\"249\">1400<\/td>\n<\/tr>\n<\/tbody>\n<\/table>\n<h2><span data-preserver-spaces=\"true\">Descri\u00e7\u00e3o<\/span><\/h2>\n<p><span data-preserver-spaces=\"true\">A carroceria do caminh\u00e3o de carga \u00e9 especialmente projetada para o transporte de perfis. Para fixar os perfis, tomamos v\u00e1rias medidas para evitar que eles desmoronem, como a instala\u00e7\u00e3o de racks de alum\u00ednio e hastes de suporte. Portanto, essa \u00e9 a escolha perfeita para sua empresa.<\/span><\/p>\n<h2>Caracter\u00edsticas da carroceria de caminh\u00e3o de alum\u00ednio<\/h2>\n<p><span data-preserver-spaces=\"true\">1. Esse modelo \u00e9 usado especialmente para transportar perfis de comprimento fixo. A estrutura em camadas da caixa pode facilitar a entrega de pequenos lotes de perfis e mercadorias a granel.<\/span><\/p>\n<p><span data-preserver-spaces=\"true\">2. Voc\u00ea pode retrair os suportes separadamente para maior comodidade e ajustar manualmente a altura a cada 50 mm. O n\u00famero de camadas na caixa e a altura de uma \u00fanica camada s\u00e3o opcionais. O n\u00famero de camadas na caixa e a altura de uma \u00fanica camada s\u00e3o opcionais.<\/span><\/p>\n<p><span data-preserver-spaces=\"true\">3. Medidas de seguran\u00e7a: H\u00e1 um dispositivo antiderrapante no suporte, e o suporte foi projetado com limites duplos para evitar que o perfil se mova. Equipamos uma estrutura anticolis\u00e3o na placa frontal para evitar o perigo causado pelo dano do perfil \u00e0 placa do compartimento.<\/span><\/p>\n<p><span data-preserver-spaces=\"true\">4. Grande se\u00e7\u00e3o transversal do painel da caixa: a largura de um \u00fanico painel da caixa da carroceria de alum\u00ednio do caminh\u00e3o aumenta para 600 mm. Essa largura \u00e9 200 a 300 mm maior do que as especifica\u00e7\u00f5es comuns no mercado. Com menos juntas, a rigidez geral da carroceria de alum\u00ednio do caminh\u00e3o \u00e9 boa, o que aumenta efetivamente a capacidade de antideforma\u00e7\u00e3o da carroceria e tem uma melhor capacidade de suporte.\u00a0<\/span><\/p>\n<p><span data-preserver-spaces=\"true\">5. A rigidez geral \u00e9 boa: a estrutura principal de suporte de carga \u00e9 um suporte de perfil, que \u00e9 instalado na estrutura da caixa de a\u00e7o. A estrutura da caixa de a\u00e7o \u00e9 integrada a todo o corpo da caixa, resolvendo de forma eficaz o problema da for\u00e7a geral e da concentra\u00e7\u00e3o de estresse local. Durante o processo de design desse produto, usamos o c\u00e1lculo de simula\u00e7\u00e3o CAE para garantir a resist\u00eancia do design. O primeiro lote de produtos foi colocado em opera\u00e7\u00e3o no mercado por mais de um ano, e o feedback dos clientes \u00e9 bom.<\/span><\/p>\n<p><span data-preserver-spaces=\"true\">6. A coloca\u00e7\u00e3o dos perfis \u00e9 mais conveniente: os suportes na caixa podem ser configurados com 3 a 5 camadas, de acordo com as necessidades do cliente. \u00c9 poss\u00edvel ajustar manualmente a altura de cada camada de acordo com a demanda de cada transporte. A carroceria do caminh\u00e3o com caixa de alum\u00ednio tamb\u00e9m pode ser dividida em duas se\u00e7\u00f5es: o armaz\u00e9m de pe\u00e7as dianteiro e o armaz\u00e9m de perfis traseiro. O dep\u00f3sito de pe\u00e7as armazena acess\u00f3rios para portas e janelas, consum\u00edveis e outros acess\u00f3rios dispersos. O dep\u00f3sito de perfis \u00e9 usado especialmente para o transporte de perfis cortados sob medida. As op\u00e7\u00f5es acima tornam o uso do gabinete mais flex\u00edvel.<\/span><\/p>\n\t\t<\/div>\n\t\t\t\t\t<\/div>\n\n\t\n<\/div>\n\t\t<\/div>\n\n\t\t\n<style>\n#section_1527334225 {\n  padding-top: 30px;\n  padding-bottom: 30px;\n}\n<\/style>\n\t<\/section>","protected":false},"excerpt":{"rendered":"<p>A carroceria do caminh\u00e3o de carga tem uma grande capacidade de carga. Ele pode transportar perfis de alum\u00ednio, perfis de a\u00e7o e muitos outros perfis.<\/p>","protected":false},"featured_media":3315,"comment_status":"closed","ping_status":"closed","template":"","meta":[],"product_cat":[98],"class_list":["post-3314","product","type-product","status-publish","has-post-thumbnail","hentry","product_cat-aluminum-vehicles"],"yoast_head":"<!-- This site is optimized with the Yoast SEO plugin v21.5 - https:\/\/yoast.com\/wordpress\/plugins\/seo\/ -->\n<title>Aluminum Truck Body &amp; Wing Body for Window and Door Display<\/title>\n<meta name=\"description\" content=\"We provide various aluminum truck bodies, such as box truck bodies and wing bodies. We also deliver custom truck body service.\" \/>\n<meta name=\"robots\" content=\"index, follow, max-snippet:-1, max-image-preview:large, max-video-preview:-1\" \/>\n<link rel=\"canonical\" href=\"https:\/\/metalpie.com\/pt\/veiculos-de-aluminio\/carroceria-de-caminhao-de-aluminio-carroceria-de-caminhao-de-carga\/\" \/>\n<meta property=\"og:locale\" content=\"pt_BR\" \/>\n<meta property=\"og:type\" content=\"article\" \/>\n<meta property=\"og:title\" content=\"Aluminum Truck Body &amp; Wing Body for Window and Door Display\" \/>\n<meta property=\"og:description\" content=\"We provide various aluminum truck bodies, such as box truck bodies and wing bodies. We also deliver custom truck body service.\" \/>\n<meta property=\"og:url\" content=\"https:\/\/metalpie.com\/pt\/veiculos-de-aluminio\/carroceria-de-caminhao-de-aluminio-carroceria-de-caminhao-de-carga\/\" \/>\n<meta property=\"og:site_name\" content=\"METALPIE\" \/>\n<meta property=\"article:modified_time\" content=\"2023-02-01T08:16:08+00:00\" \/>\n<meta property=\"og:image\" content=\"https:\/\/metalpie.com\/wp-content\/uploads\/2022\/12\/aluminum_box_truck_body-2.webp\" \/>\n\t<meta property=\"og:image:width\" content=\"1000\" \/>\n\t<meta property=\"og:image:height\" content=\"750\" \/>\n\t<meta property=\"og:image:type\" content=\"image\/webp\" \/>\n<meta name=\"twitter:card\" content=\"summary_large_image\" \/>\n<meta name=\"twitter:label1\" content=\"Est. tempo de leitura\" \/>\n\t<meta name=\"twitter:data1\" content=\"3 minutos\" \/>\n<script type=\"application\/ld+json\" class=\"yoast-schema-graph\">{\"@context\":\"https:\/\/schema.org\",\"@graph\":[{\"@type\":\"WebPage\",\"@id\":\"https:\/\/metalpie.com\/ru\/%d0%b0%d0%bb%d1%8e%d0%bc%d0%b8%d0%bd%d0%b8%d0%b5%d0%b2%d1%8b%d0%b5-%d0%b0%d0%b2%d1%82%d0%be%d0%bc%d0%be%d0%b1%d0%b8%d0%bb%d0%b8\/%d0%b0%d0%bb%d1%8e%d0%bc%d0%b8%d0%bd%d0%b8%d0%b5%d0%b2%d1%8b%d0%b9-%d0%ba%d1%83%d0%b7%d0%be%d0%b2-%d0%b3%d1%80%d1%83%d0%b7%d0%be%d0%b2%d0%be%d0%b3%d0%be-%d0%b0%d0%b2%d1%82%d0%be%d0%bc%d0%be%d0%b1\/\",\"url\":\"https:\/\/metalpie.com\/ru\/%d0%b0%d0%bb%d1%8e%d0%bc%d0%b8%d0%bd%d0%b8%d0%b5%d0%b2%d1%8b%d0%b5-%d0%b0%d0%b2%d1%82%d0%be%d0%bc%d0%be%d0%b1%d0%b8%d0%bb%d0%b8\/%d0%b0%d0%bb%d1%8e%d0%bc%d0%b8%d0%bd%d0%b8%d0%b5%d0%b2%d1%8b%d0%b9-%d0%ba%d1%83%d0%b7%d0%be%d0%b2-%d0%b3%d1%80%d1%83%d0%b7%d0%be%d0%b2%d0%be%d0%b3%d0%be-%d0%b0%d0%b2%d1%82%d0%be%d0%bc%d0%be%d0%b1\/\",\"name\":\"Aluminum Truck Body & Wing Body for Window and Door Display\",\"isPartOf\":{\"@id\":\"https:\/\/metalpie.com\/#website\"},\"datePublished\":\"2022-12-22T00:41:03+00:00\",\"dateModified\":\"2023-02-01T08:16:08+00:00\",\"description\":\"We provide various aluminum truck bodies, such as box truck bodies and wing bodies. We also deliver custom truck body service.\",\"breadcrumb\":{\"@id\":\"https:\/\/metalpie.com\/ru\/%d0%b0%d0%bb%d1%8e%d0%bc%d0%b8%d0%bd%d0%b8%d0%b5%d0%b2%d1%8b%d0%b5-%d0%b0%d0%b2%d1%82%d0%be%d0%bc%d0%be%d0%b1%d0%b8%d0%bb%d0%b8\/%d0%b0%d0%bb%d1%8e%d0%bc%d0%b8%d0%bd%d0%b8%d0%b5%d0%b2%d1%8b%d0%b9-%d0%ba%d1%83%d0%b7%d0%be%d0%b2-%d0%b3%d1%80%d1%83%d0%b7%d0%be%d0%b2%d0%be%d0%b3%d0%be-%d0%b0%d0%b2%d1%82%d0%be%d0%bc%d0%be%d0%b1\/#breadcrumb\"},\"inLanguage\":\"pt-BR\",\"potentialAction\":[{\"@type\":\"ReadAction\",\"target\":[\"https:\/\/metalpie.com\/ru\/%d0%b0%d0%bb%d1%8e%d0%bc%d0%b8%d0%bd%d0%b8%d0%b5%d0%b2%d1%8b%d0%b5-%d0%b0%d0%b2%d1%82%d0%be%d0%bc%d0%be%d0%b1%d0%b8%d0%bb%d0%b8\/%d0%b0%d0%bb%d1%8e%d0%bc%d0%b8%d0%bd%d0%b8%d0%b5%d0%b2%d1%8b%d0%b9-%d0%ba%d1%83%d0%b7%d0%be%d0%b2-%d0%b3%d1%80%d1%83%d0%b7%d0%be%d0%b2%d0%be%d0%b3%d0%be-%d0%b0%d0%b2%d1%82%d0%be%d0%bc%d0%be%d0%b1\/\"]}]},{\"@type\":\"BreadcrumbList\",\"@id\":\"https:\/\/metalpie.com\/ru\/%d0%b0%d0%bb%d1%8e%d0%bc%d0%b8%d0%bd%d0%b8%d0%b5%d0%b2%d1%8b%d0%b5-%d0%b0%d0%b2%d1%82%d0%be%d0%bc%d0%be%d0%b1%d0%b8%d0%bb%d0%b8\/%d0%b0%d0%bb%d1%8e%d0%bc%d0%b8%d0%bd%d0%b8%d0%b5%d0%b2%d1%8b%d0%b9-%d0%ba%d1%83%d0%b7%d0%be%d0%b2-%d0%b3%d1%80%d1%83%d0%b7%d0%be%d0%b2%d0%be%d0%b3%d0%be-%d0%b0%d0%b2%d1%82%d0%be%d0%bc%d0%be%d0%b1\/#breadcrumb\",\"itemListElement\":[{\"@type\":\"ListItem\",\"position\":1,\"name\":\"Home\",\"item\":\"https:\/\/metalpie.com\/\"},{\"@type\":\"ListItem\",\"position\":2,\"name\":\"Products\",\"item\":\"https:\/\/metalpie.com\/shop\/\"},{\"@type\":\"ListItem\",\"position\":3,\"name\":\"Aluminum Truck Body &#038; Cargo Truck Body\"}]},{\"@type\":\"WebSite\",\"@id\":\"https:\/\/metalpie.com\/#website\",\"url\":\"https:\/\/metalpie.com\/\",\"name\":\"METALPIE\",\"description\":\"Precision Metal Fabrication | Tools, Processes &amp; More\",\"potentialAction\":[{\"@type\":\"SearchAction\",\"target\":{\"@type\":\"EntryPoint\",\"urlTemplate\":\"https:\/\/metalpie.com\/?s={search_term_string}\"},\"query-input\":\"required name=search_term_string\"}],\"inLanguage\":\"pt-BR\"}]}<\/script>\n<!-- \/ Yoast SEO plugin. -->","yoast_head_json":{"title":"Carroceria de caminh\u00e3o e carroceria de asa de alum\u00ednio para exibi\u00e7\u00e3o de janelas e portas","description":"Fornecemos v\u00e1rias carrocerias de caminh\u00e3o de alum\u00ednio, como carrocerias de caminh\u00e3o tipo caixa e carrocerias tipo asa. Tamb\u00e9m fornecemos servi\u00e7os personalizados de carroceria de caminh\u00e3o.","robots":{"index":"index","follow":"follow","max-snippet":"max-snippet:-1","max-image-preview":"max-image-preview:large","max-video-preview":"max-video-preview:-1"},"canonical":"https:\/\/metalpie.com\/pt\/veiculos-de-aluminio\/carroceria-de-caminhao-de-aluminio-carroceria-de-caminhao-de-carga\/","og_locale":"pt_BR","og_type":"article","og_title":"Aluminum Truck Body & Wing Body for Window and Door Display","og_description":"We provide various aluminum truck bodies, such as box truck bodies and wing bodies. We also deliver custom truck body service.","og_url":"https:\/\/metalpie.com\/pt\/veiculos-de-aluminio\/carroceria-de-caminhao-de-aluminio-carroceria-de-caminhao-de-carga\/","og_site_name":"METALPIE","article_modified_time":"2023-02-01T08:16:08+00:00","og_image":[{"width":1000,"height":750,"url":"https:\/\/metalpie.com\/wp-content\/uploads\/2022\/12\/aluminum_box_truck_body-2.webp","type":"image\/webp"}],"twitter_card":"summary_large_image","twitter_misc":{"Est. tempo de leitura":"3 minutos"},"schema":{"@context":"https:\/\/schema.org","@graph":[{"@type":"WebPage","@id":"https:\/\/metalpie.com\/ru\/%d0%b0%d0%bb%d1%8e%d0%bc%d0%b8%d0%bd%d0%b8%d0%b5%d0%b2%d1%8b%d0%b5-%d0%b0%d0%b2%d1%82%d0%be%d0%bc%d0%be%d0%b1%d0%b8%d0%bb%d0%b8\/%d0%b0%d0%bb%d1%8e%d0%bc%d0%b8%d0%bd%d0%b8%d0%b5%d0%b2%d1%8b%d0%b9-%d0%ba%d1%83%d0%b7%d0%be%d0%b2-%d0%b3%d1%80%d1%83%d0%b7%d0%be%d0%b2%d0%be%d0%b3%d0%be-%d0%b0%d0%b2%d1%82%d0%be%d0%bc%d0%be%d0%b1\/","url":"https:\/\/metalpie.com\/ru\/%d0%b0%d0%bb%d1%8e%d0%bc%d0%b8%d0%bd%d0%b8%d0%b5%d0%b2%d1%8b%d0%b5-%d0%b0%d0%b2%d1%82%d0%be%d0%bc%d0%be%d0%b1%d0%b8%d0%bb%d0%b8\/%d0%b0%d0%bb%d1%8e%d0%bc%d0%b8%d0%bd%d0%b8%d0%b5%d0%b2%d1%8b%d0%b9-%d0%ba%d1%83%d0%b7%d0%be%d0%b2-%d0%b3%d1%80%d1%83%d0%b7%d0%be%d0%b2%d0%be%d0%b3%d0%be-%d0%b0%d0%b2%d1%82%d0%be%d0%bc%d0%be%d0%b1\/","name":"Carroceria de caminh\u00e3o e carroceria de asa de alum\u00ednio para exibi\u00e7\u00e3o de janelas e portas","isPartOf":{"@id":"https:\/\/metalpie.com\/#website"},"datePublished":"2022-12-22T00:41:03+00:00","dateModified":"2023-02-01T08:16:08+00:00","description":"Fornecemos v\u00e1rias carrocerias de caminh\u00e3o de alum\u00ednio, como carrocerias de caminh\u00e3o tipo caixa e carrocerias tipo asa. Tamb\u00e9m fornecemos servi\u00e7os personalizados de carroceria de caminh\u00e3o.","breadcrumb":{"@id":"https:\/\/metalpie.com\/ru\/%d0%b0%d0%bb%d1%8e%d0%bc%d0%b8%d0%bd%d0%b8%d0%b5%d0%b2%d1%8b%d0%b5-%d0%b0%d0%b2%d1%82%d0%be%d0%bc%d0%be%d0%b1%d0%b8%d0%bb%d0%b8\/%d0%b0%d0%bb%d1%8e%d0%bc%d0%b8%d0%bd%d0%b8%d0%b5%d0%b2%d1%8b%d0%b9-%d0%ba%d1%83%d0%b7%d0%be%d0%b2-%d0%b3%d1%80%d1%83%d0%b7%d0%be%d0%b2%d0%be%d0%b3%d0%be-%d0%b0%d0%b2%d1%82%d0%be%d0%bc%d0%be%d0%b1\/#breadcrumb"},"inLanguage":"pt-BR","potentialAction":[{"@type":"ReadAction","target":["https:\/\/metalpie.com\/ru\/%d0%b0%d0%bb%d1%8e%d0%bc%d0%b8%d0%bd%d0%b8%d0%b5%d0%b2%d1%8b%d0%b5-%d0%b0%d0%b2%d1%82%d0%be%d0%bc%d0%be%d0%b1%d0%b8%d0%bb%d0%b8\/%d0%b0%d0%bb%d1%8e%d0%bc%d0%b8%d0%bd%d0%b8%d0%b5%d0%b2%d1%8b%d0%b9-%d0%ba%d1%83%d0%b7%d0%be%d0%b2-%d0%b3%d1%80%d1%83%d0%b7%d0%be%d0%b2%d0%be%d0%b3%d0%be-%d0%b0%d0%b2%d1%82%d0%be%d0%bc%d0%be%d0%b1\/"]}]},{"@type":"BreadcrumbList","@id":"https:\/\/metalpie.com\/ru\/%d0%b0%d0%bb%d1%8e%d0%bc%d0%b8%d0%bd%d0%b8%d0%b5%d0%b2%d1%8b%d0%b5-%d0%b0%d0%b2%d1%82%d0%be%d0%bc%d0%be%d0%b1%d0%b8%d0%bb%d0%b8\/%d0%b0%d0%bb%d1%8e%d0%bc%d0%b8%d0%bd%d0%b8%d0%b5%d0%b2%d1%8b%d0%b9-%d0%ba%d1%83%d0%b7%d0%be%d0%b2-%d0%b3%d1%80%d1%83%d0%b7%d0%be%d0%b2%d0%be%d0%b3%d0%be-%d0%b0%d0%b2%d1%82%d0%be%d0%bc%d0%be%d0%b1\/#breadcrumb","itemListElement":[{"@type":"ListItem","position":1,"name":"Home","item":"https:\/\/metalpie.com\/"},{"@type":"ListItem","position":2,"name":"Products","item":"https:\/\/metalpie.com\/shop\/"},{"@type":"ListItem","position":3,"name":"Aluminum Truck Body &#038; Cargo Truck Body"}]},{"@type":"WebSite","@id":"https:\/\/metalpie.com\/#website","url":"https:\/\/metalpie.com\/","name":"METALPIE","description":"Fabrica\u00e7\u00e3o de metais de precis\u00e3o | Ferramentas, processos e muito mais","potentialAction":[{"@type":"SearchAction","target":{"@type":"EntryPoint","urlTemplate":"https:\/\/metalpie.com\/?s={search_term_string}"},"query-input":"required name=search_term_string"}],"inLanguage":"pt-BR"}]}},"_links":{"self":[{"href":"https:\/\/metalpie.com\/pt\/wp-json\/wp\/v2\/product\/3314","targetHints":{"allow":["GET"]}}],"collection":[{"href":"https:\/\/metalpie.com\/pt\/wp-json\/wp\/v2\/product"}],"about":[{"href":"https:\/\/metalpie.com\/pt\/wp-json\/wp\/v2\/types\/product"}],"replies":[{"embeddable":true,"href":"https:\/\/metalpie.com\/pt\/wp-json\/wp\/v2\/comments?post=3314"}],"wp:featuredmedia":[{"embeddable":true,"href":"https:\/\/metalpie.com\/pt\/wp-json\/wp\/v2\/media\/3315"}],"wp:attachment":[{"href":"https:\/\/metalpie.com\/pt\/wp-json\/wp\/v2\/media?parent=3314"}],"wp:term":[{"taxonomy":"product_cat","embeddable":true,"href":"https:\/\/metalpie.com\/pt\/wp-json\/wp\/v2\/product_cat?post=3314"}],"curies":[{"name":"wp","href":"https:\/\/api.w.org\/{rel}","templated":true}]}}