{"id":3306,"date":"2022-12-20T13:27:29","date_gmt":"2022-12-20T05:27:29","guid":{"rendered":"https:\/\/metalpie.com\/?post_type=product&#038;p=3306"},"modified":"2023-01-31T15:17:52","modified_gmt":"2023-01-31T07:17:52","slug":"carroceria-de-caminhao-de-aluminio-para-exibicao-de-janelas-e-portas","status":"publish","type":"product","link":"https:\/\/metalpie.com\/pt\/veiculos-de-aluminio\/carroceria-de-caminhao-de-aluminio-para-exibicao-de-janelas-e-portas\/","title":{"rendered":"Carroceria de caminh\u00e3o e carroceria de asa de alum\u00ednio para exibi\u00e7\u00e3o de janelas e portas"},"content":{"rendered":"<section class=\"section\" id=\"section_1189975553\">\n\t\t<div class=\"bg section-bg fill bg-fill  bg-loaded\" >\n\n\t\t\t\n\t\t\t\n\t\t\t\n\n\t\t<\/div>\n\n\t\t\n\n\t\t<div class=\"section-content relative\">\n\t\t\t\n<div class=\"row\"  id=\"row-1214197324\">\n\n\t<div id=\"col-1547942336\" class=\"col small-12 large-12\"  >\n\t\t\t\t<div class=\"col-inner\"  >\n\t\t\t\n\t\t\t\n<h2>Par\u00e2metro do corpo da asa de alum\u00ednio<\/h2>\n<table width=\"418\">\n<tbody>\n<tr>\n<td width=\"131\"><strong>Comprimento externo<\/strong><\/td>\n<td width=\"127\"><strong>Largura externa<\/strong><\/td>\n<td width=\"160\"><strong>Altura externa<\/strong><\/td>\n<\/tr>\n<tr>\n<td width=\"131\">4190<\/td>\n<td width=\"127\">2150<\/td>\n<td width=\"160\">2325<\/td>\n<\/tr>\n<tr>\n<td width=\"131\"><strong>Comprimento interno<\/strong><\/td>\n<td width=\"127\"><strong>Largura interna<\/strong><\/td>\n<td width=\"160\"><strong>Altura interna<\/strong><\/td>\n<\/tr>\n<tr>\n<td width=\"131\">4140<\/td>\n<td width=\"127\">2100<\/td>\n<td width=\"160\">2100<\/td>\n<\/tr>\n<tr>\n<td width=\"131\"><strong>Porta lateral<\/strong><\/td>\n<td width=\"127\"><strong>Porta traseira<\/strong><\/td>\n<td width=\"160\"><strong>Prote\u00e7\u00e3o traseira lateral<\/strong><\/td>\n<\/tr>\n<tr>\n<td width=\"131\">Portas laterais de eleva\u00e7\u00e3o<\/td>\n<td width=\"127\">Portas traseiras de eleva\u00e7\u00e3o<\/td>\n<td width=\"160\">Estilo de saia<\/td>\n<\/tr>\n<tr>\n<td width=\"131\"><strong>Expositor de portas e janelas<\/strong><\/td>\n<td width=\"127\"><strong>Arm\u00e1rio de exposi\u00e7\u00e3o de amostras para vitrines<\/strong><\/td>\n<td width=\"160\"><strong>Arm\u00e1rio de ferramentas<\/strong><\/td>\n<\/tr>\n<tr>\n<td width=\"131\">5 pe\u00e7as<\/td>\n<td width=\"127\">Quantidade opcional<\/td>\n<td width=\"160\">1Conjunto<\/td>\n<\/tr>\n<tr>\n<td width=\"131\"><strong>Peso do corpo da caixa\/kg<\/strong><\/td>\n<td width=\"127\">\u00a0<\/td>\n<td width=\"160\">\u00a0<\/td>\n<\/tr>\n<tr>\n<td width=\"131\">1150<\/td>\n<td width=\"127\">\u00a0<\/td>\n<td>\u00a0<\/td>\n<\/tr>\n<\/tbody>\n<\/table>\n<h2>Descri\u00e7\u00e3o da carroceria de caminh\u00e3o de alum\u00ednio<\/h2>\n<p>A carroceria de alum\u00ednio do caminh\u00e3o \u00e9 uma carroceria em forma de asa para exibir janelas ou portas. As portas laterais e traseiras podem ser levantadas. Uma porta lateral \u00e9 usada para exibir amostras de janelas de alum\u00ednio, e a outra \u00e9 usada para exibir portas de alum\u00ednio. A carroceria de alum\u00ednio do caminh\u00e3o tem rodap\u00e9s, que desempenham um papel importante na prote\u00e7\u00e3o lateral e traseira. A quantidade de treli\u00e7a no gabinete de exibi\u00e7\u00e3o \u00e9 opcional. Podemos ajustar a disposi\u00e7\u00e3o do gabinete se voc\u00ea quiser.<\/p>\n<h2>Caracter\u00edsticas da carroceria de caminh\u00e3o de alum\u00ednio<\/h2>\n<p>1. Essa carroceria de caminh\u00e3o de alum\u00ednio \u00e9 usada especialmente para exibir amostras de portas e janelas, acess\u00f3rios, ferramentas, etc. Ela pode ser instalada com gabinetes experimentais, TVs dobr\u00e1veis e outras configura\u00e7\u00f5es de acordo com as necessidades do cliente.<\/p>\n<p>2. Grande se\u00e7\u00e3o transversal da caixa: a largura de uma \u00fanica caixa \u00e9 aumentada para 600 mm. Nossa placa de alum\u00ednio para carroceria de caminh\u00e3o \u00e9 200 a 300 mm maior do que as especifica\u00e7\u00f5es comuns no mercado. A caixa com menos juntas e boa rigidez geral aumenta efetivamente a capacidade de antideforma\u00e7\u00e3o da caixa e tem uma melhor capacidade de suporte.<\/p>\n<p>3. O comprimento total da caixa de alum\u00ednio \u00e9 de 4,2 metros.<\/p>\n<p>4. M\u00e9todo de abertura: levantamento padr\u00e3o em ambos os lados e na parte traseira, a estrutura geral de levantamento, o \u00e2ngulo de levantamento \u00e9 \u2265 90\u00b0, apoiado por molas a g\u00e1s, o que \u00e9 conveniente e eficiente. A parte inferior foi projetada com uma estrutura de veda\u00e7\u00e3o, que pode ser colocada na horizontal para exibir pe\u00e7as sobressalentes. Opcional sem a grade.<\/p>\n<p>5. \u00c1rea de exibi\u00e7\u00e3o de pe\u00e7as sobressalentes para portas e janelas. <br \/>H\u00e1 um gabinete de exibi\u00e7\u00e3o no lado esquerdo do carro, que pode exibir amostras de janelas, acess\u00f3rios para fechaduras de portas, etc. Podemos personalizar o tamanho do gabinete de acordo com as necessidades do cliente.<\/p>\n<p>6. \u00c1rea de exibi\u00e7\u00e3o da janela de amostra. <br \/>H\u00e1 um rack de exibi\u00e7\u00e3o de portas e janelas no lado direito da carroceria de alum\u00ednio do caminh\u00e3o, que pode fixar com firmeza as amostras de portas e janelas. Ao mesmo tempo, o rack de exibi\u00e7\u00e3o \u00e9 equipado com trilhos-guia e roletes para cima e para baixo, e qualquer exposi\u00e7\u00e3o pode ser puxada para fora da extremidade traseira do carro para que os clientes a observem com cuidado.<\/p>\n<p>7. \u00c1rea do arm\u00e1rio de ferramentas.<br \/>Ele pode exibir as ferramentas e os aparelhos usados na instala\u00e7\u00e3o de portas e janelas e organizar a bancada de teste de portas e janelas.<\/p>\n\t\t<\/div>\n\t\t\t\t\t<\/div>\n\n\t\n<\/div>\n\t\t<\/div>\n\n\t\t\n<style>\n#section_1189975553 {\n  padding-top: 30px;\n  padding-bottom: 30px;\n}\n<\/style>\n\t<\/section>","protected":false},"excerpt":{"rendered":"<p>O corpo da asa \u00e9 constru\u00eddo inteiramente com f\u00f4rmas de alum\u00ednio de alto desempenho. Ele \u00e9 forte e dur\u00e1vel. Oferecemos a personaliza\u00e7\u00e3o de especifica\u00e7\u00f5es espec\u00edficas para atender \u00e0s suas necessidades.<\/p>","protected":false},"featured_media":3308,"comment_status":"closed","ping_status":"closed","template":"","meta":[],"product_cat":[98],"class_list":["post-3306","product","type-product","status-publish","has-post-thumbnail","hentry","product_cat-aluminum-vehicles"],"yoast_head":"<!-- This site is optimized with the Yoast SEO plugin v21.5 - https:\/\/yoast.com\/wordpress\/plugins\/seo\/ -->\n<title>Aluminum Truck Body &amp; Wing Body for Window and Door Display<\/title>\n<meta name=\"description\" content=\"We provide various aluminum truck bodies, such as box truck bodies and wing bodies. We also deliver custom truck body service.\" \/>\n<meta name=\"robots\" content=\"index, follow, max-snippet:-1, max-image-preview:large, max-video-preview:-1\" \/>\n<link rel=\"canonical\" href=\"https:\/\/metalpie.com\/pt\/veiculos-de-aluminio\/carroceria-de-caminhao-de-aluminio-para-exibicao-de-janelas-e-portas\/\" \/>\n<meta property=\"og:locale\" content=\"pt_BR\" \/>\n<meta property=\"og:type\" content=\"article\" \/>\n<meta property=\"og:title\" content=\"Aluminum Truck Body &amp; Wing Body for Window and Door Display\" \/>\n<meta property=\"og:description\" content=\"We provide various aluminum truck bodies, such as box truck bodies and wing bodies. We also deliver custom truck body service.\" \/>\n<meta property=\"og:url\" content=\"https:\/\/metalpie.com\/pt\/veiculos-de-aluminio\/carroceria-de-caminhao-de-aluminio-para-exibicao-de-janelas-e-portas\/\" \/>\n<meta property=\"og:site_name\" content=\"METALPIE\" \/>\n<meta property=\"article:modified_time\" content=\"2023-01-31T07:17:52+00:00\" \/>\n<meta property=\"og:image\" content=\"https:\/\/metalpie.com\/wp-content\/uploads\/2022\/12\/aluminum_box_truck_body_new-1.webp\" \/>\n\t<meta property=\"og:image:width\" content=\"1000\" \/>\n\t<meta property=\"og:image:height\" content=\"750\" \/>\n\t<meta property=\"og:image:type\" content=\"image\/webp\" \/>\n<meta name=\"twitter:card\" content=\"summary_large_image\" \/>\n<meta name=\"twitter:label1\" content=\"Est. tempo de leitura\" \/>\n\t<meta name=\"twitter:data1\" content=\"2 minutos\" \/>\n<script type=\"application\/ld+json\" class=\"yoast-schema-graph\">{\"@context\":\"https:\/\/schema.org\",\"@graph\":[{\"@type\":\"WebPage\",\"@id\":\"https:\/\/metalpie.com\/ru\/%d0%b0%d0%bb%d1%8e%d0%bc%d0%b8%d0%bd%d0%b8%d0%b5%d0%b2%d1%8b%d0%b5-%d0%b0%d0%b2%d1%82%d0%be%d0%bc%d0%be%d0%b1%d0%b8%d0%bb%d0%b8\/%d0%b0%d0%bb%d1%8e%d0%bc%d0%b8%d0%bd%d0%b8%d0%b5%d0%b2%d1%8b%d0%b9-%d0%ba%d1%83%d0%b7%d0%be%d0%b2-%d0%b3%d1%80%d1%83%d0%b7%d0%be%d0%b2%d0%b8%d0%ba%d0%b0-%d1%81-%d0%ba%d1%80%d1%8b%d0%bb%d1%8c%d1%8f\/\",\"url\":\"https:\/\/metalpie.com\/ru\/%d0%b0%d0%bb%d1%8e%d0%bc%d0%b8%d0%bd%d0%b8%d0%b5%d0%b2%d1%8b%d0%b5-%d0%b0%d0%b2%d1%82%d0%be%d0%bc%d0%be%d0%b1%d0%b8%d0%bb%d0%b8\/%d0%b0%d0%bb%d1%8e%d0%bc%d0%b8%d0%bd%d0%b8%d0%b5%d0%b2%d1%8b%d0%b9-%d0%ba%d1%83%d0%b7%d0%be%d0%b2-%d0%b3%d1%80%d1%83%d0%b7%d0%be%d0%b2%d0%b8%d0%ba%d0%b0-%d1%81-%d0%ba%d1%80%d1%8b%d0%bb%d1%8c%d1%8f\/\",\"name\":\"Aluminum Truck Body & Wing Body for Window and Door Display\",\"isPartOf\":{\"@id\":\"https:\/\/metalpie.com\/#website\"},\"datePublished\":\"2022-12-20T05:27:29+00:00\",\"dateModified\":\"2023-01-31T07:17:52+00:00\",\"description\":\"We provide various aluminum truck bodies, such as box truck bodies and wing bodies. We also deliver custom truck body service.\",\"breadcrumb\":{\"@id\":\"https:\/\/metalpie.com\/ru\/%d0%b0%d0%bb%d1%8e%d0%bc%d0%b8%d0%bd%d0%b8%d0%b5%d0%b2%d1%8b%d0%b5-%d0%b0%d0%b2%d1%82%d0%be%d0%bc%d0%be%d0%b1%d0%b8%d0%bb%d0%b8\/%d0%b0%d0%bb%d1%8e%d0%bc%d0%b8%d0%bd%d0%b8%d0%b5%d0%b2%d1%8b%d0%b9-%d0%ba%d1%83%d0%b7%d0%be%d0%b2-%d0%b3%d1%80%d1%83%d0%b7%d0%be%d0%b2%d0%b8%d0%ba%d0%b0-%d1%81-%d0%ba%d1%80%d1%8b%d0%bb%d1%8c%d1%8f\/#breadcrumb\"},\"inLanguage\":\"pt-BR\",\"potentialAction\":[{\"@type\":\"ReadAction\",\"target\":[\"https:\/\/metalpie.com\/ru\/%d0%b0%d0%bb%d1%8e%d0%bc%d0%b8%d0%bd%d0%b8%d0%b5%d0%b2%d1%8b%d0%b5-%d0%b0%d0%b2%d1%82%d0%be%d0%bc%d0%be%d0%b1%d0%b8%d0%bb%d0%b8\/%d0%b0%d0%bb%d1%8e%d0%bc%d0%b8%d0%bd%d0%b8%d0%b5%d0%b2%d1%8b%d0%b9-%d0%ba%d1%83%d0%b7%d0%be%d0%b2-%d0%b3%d1%80%d1%83%d0%b7%d0%be%d0%b2%d0%b8%d0%ba%d0%b0-%d1%81-%d0%ba%d1%80%d1%8b%d0%bb%d1%8c%d1%8f\/\"]}]},{\"@type\":\"BreadcrumbList\",\"@id\":\"https:\/\/metalpie.com\/ru\/%d0%b0%d0%bb%d1%8e%d0%bc%d0%b8%d0%bd%d0%b8%d0%b5%d0%b2%d1%8b%d0%b5-%d0%b0%d0%b2%d1%82%d0%be%d0%bc%d0%be%d0%b1%d0%b8%d0%bb%d0%b8\/%d0%b0%d0%bb%d1%8e%d0%bc%d0%b8%d0%bd%d0%b8%d0%b5%d0%b2%d1%8b%d0%b9-%d0%ba%d1%83%d0%b7%d0%be%d0%b2-%d0%b3%d1%80%d1%83%d0%b7%d0%be%d0%b2%d0%b8%d0%ba%d0%b0-%d1%81-%d0%ba%d1%80%d1%8b%d0%bb%d1%8c%d1%8f\/#breadcrumb\",\"itemListElement\":[{\"@type\":\"ListItem\",\"position\":1,\"name\":\"Home\",\"item\":\"https:\/\/metalpie.com\/\"},{\"@type\":\"ListItem\",\"position\":2,\"name\":\"Products\",\"item\":\"https:\/\/metalpie.com\/shop\/\"},{\"@type\":\"ListItem\",\"position\":3,\"name\":\"Aluminum Truck Body &#038; Wing Body for Window and Door Display\"}]},{\"@type\":\"WebSite\",\"@id\":\"https:\/\/metalpie.com\/#website\",\"url\":\"https:\/\/metalpie.com\/\",\"name\":\"METALPIE\",\"description\":\"Precision Metal Fabrication | Tools, Processes &amp; More\",\"potentialAction\":[{\"@type\":\"SearchAction\",\"target\":{\"@type\":\"EntryPoint\",\"urlTemplate\":\"https:\/\/metalpie.com\/?s={search_term_string}\"},\"query-input\":\"required name=search_term_string\"}],\"inLanguage\":\"pt-BR\"}]}<\/script>\n<!-- \/ Yoast SEO plugin. -->","yoast_head_json":{"title":"Carroceria de caminh\u00e3o e carroceria de asa de alum\u00ednio para exibi\u00e7\u00e3o de janelas e portas","description":"Fornecemos v\u00e1rias carrocerias de caminh\u00e3o de alum\u00ednio, como carrocerias de caminh\u00e3o tipo caixa e carrocerias tipo asa. Tamb\u00e9m fornecemos servi\u00e7os personalizados de carroceria de caminh\u00e3o.","robots":{"index":"index","follow":"follow","max-snippet":"max-snippet:-1","max-image-preview":"max-image-preview:large","max-video-preview":"max-video-preview:-1"},"canonical":"https:\/\/metalpie.com\/pt\/veiculos-de-aluminio\/carroceria-de-caminhao-de-aluminio-para-exibicao-de-janelas-e-portas\/","og_locale":"pt_BR","og_type":"article","og_title":"Aluminum Truck Body & Wing Body for Window and Door Display","og_description":"We provide various aluminum truck bodies, such as box truck bodies and wing bodies. We also deliver custom truck body service.","og_url":"https:\/\/metalpie.com\/pt\/veiculos-de-aluminio\/carroceria-de-caminhao-de-aluminio-para-exibicao-de-janelas-e-portas\/","og_site_name":"METALPIE","article_modified_time":"2023-01-31T07:17:52+00:00","og_image":[{"width":1000,"height":750,"url":"https:\/\/metalpie.com\/wp-content\/uploads\/2022\/12\/aluminum_box_truck_body_new-1.webp","type":"image\/webp"}],"twitter_card":"summary_large_image","twitter_misc":{"Est. tempo de leitura":"2 minutos"},"schema":{"@context":"https:\/\/schema.org","@graph":[{"@type":"WebPage","@id":"https:\/\/metalpie.com\/ru\/%d0%b0%d0%bb%d1%8e%d0%bc%d0%b8%d0%bd%d0%b8%d0%b5%d0%b2%d1%8b%d0%b5-%d0%b0%d0%b2%d1%82%d0%be%d0%bc%d0%be%d0%b1%d0%b8%d0%bb%d0%b8\/%d0%b0%d0%bb%d1%8e%d0%bc%d0%b8%d0%bd%d0%b8%d0%b5%d0%b2%d1%8b%d0%b9-%d0%ba%d1%83%d0%b7%d0%be%d0%b2-%d0%b3%d1%80%d1%83%d0%b7%d0%be%d0%b2%d0%b8%d0%ba%d0%b0-%d1%81-%d0%ba%d1%80%d1%8b%d0%bb%d1%8c%d1%8f\/","url":"https:\/\/metalpie.com\/ru\/%d0%b0%d0%bb%d1%8e%d0%bc%d0%b8%d0%bd%d0%b8%d0%b5%d0%b2%d1%8b%d0%b5-%d0%b0%d0%b2%d1%82%d0%be%d0%bc%d0%be%d0%b1%d0%b8%d0%bb%d0%b8\/%d0%b0%d0%bb%d1%8e%d0%bc%d0%b8%d0%bd%d0%b8%d0%b5%d0%b2%d1%8b%d0%b9-%d0%ba%d1%83%d0%b7%d0%be%d0%b2-%d0%b3%d1%80%d1%83%d0%b7%d0%be%d0%b2%d0%b8%d0%ba%d0%b0-%d1%81-%d0%ba%d1%80%d1%8b%d0%bb%d1%8c%d1%8f\/","name":"Carroceria de caminh\u00e3o e carroceria de asa de alum\u00ednio para exibi\u00e7\u00e3o de janelas e portas","isPartOf":{"@id":"https:\/\/metalpie.com\/#website"},"datePublished":"2022-12-20T05:27:29+00:00","dateModified":"2023-01-31T07:17:52+00:00","description":"Fornecemos v\u00e1rias carrocerias de caminh\u00e3o de alum\u00ednio, como carrocerias de caminh\u00e3o tipo caixa e carrocerias tipo asa. Tamb\u00e9m fornecemos servi\u00e7os personalizados de carroceria de caminh\u00e3o.","breadcrumb":{"@id":"https:\/\/metalpie.com\/ru\/%d0%b0%d0%bb%d1%8e%d0%bc%d0%b8%d0%bd%d0%b8%d0%b5%d0%b2%d1%8b%d0%b5-%d0%b0%d0%b2%d1%82%d0%be%d0%bc%d0%be%d0%b1%d0%b8%d0%bb%d0%b8\/%d0%b0%d0%bb%d1%8e%d0%bc%d0%b8%d0%bd%d0%b8%d0%b5%d0%b2%d1%8b%d0%b9-%d0%ba%d1%83%d0%b7%d0%be%d0%b2-%d0%b3%d1%80%d1%83%d0%b7%d0%be%d0%b2%d0%b8%d0%ba%d0%b0-%d1%81-%d0%ba%d1%80%d1%8b%d0%bb%d1%8c%d1%8f\/#breadcrumb"},"inLanguage":"pt-BR","potentialAction":[{"@type":"ReadAction","target":["https:\/\/metalpie.com\/ru\/%d0%b0%d0%bb%d1%8e%d0%bc%d0%b8%d0%bd%d0%b8%d0%b5%d0%b2%d1%8b%d0%b5-%d0%b0%d0%b2%d1%82%d0%be%d0%bc%d0%be%d0%b1%d0%b8%d0%bb%d0%b8\/%d0%b0%d0%bb%d1%8e%d0%bc%d0%b8%d0%bd%d0%b8%d0%b5%d0%b2%d1%8b%d0%b9-%d0%ba%d1%83%d0%b7%d0%be%d0%b2-%d0%b3%d1%80%d1%83%d0%b7%d0%be%d0%b2%d0%b8%d0%ba%d0%b0-%d1%81-%d0%ba%d1%80%d1%8b%d0%bb%d1%8c%d1%8f\/"]}]},{"@type":"BreadcrumbList","@id":"https:\/\/metalpie.com\/ru\/%d0%b0%d0%bb%d1%8e%d0%bc%d0%b8%d0%bd%d0%b8%d0%b5%d0%b2%d1%8b%d0%b5-%d0%b0%d0%b2%d1%82%d0%be%d0%bc%d0%be%d0%b1%d0%b8%d0%bb%d0%b8\/%d0%b0%d0%bb%d1%8e%d0%bc%d0%b8%d0%bd%d0%b8%d0%b5%d0%b2%d1%8b%d0%b9-%d0%ba%d1%83%d0%b7%d0%be%d0%b2-%d0%b3%d1%80%d1%83%d0%b7%d0%be%d0%b2%d0%b8%d0%ba%d0%b0-%d1%81-%d0%ba%d1%80%d1%8b%d0%bb%d1%8c%d1%8f\/#breadcrumb","itemListElement":[{"@type":"ListItem","position":1,"name":"Home","item":"https:\/\/metalpie.com\/"},{"@type":"ListItem","position":2,"name":"Products","item":"https:\/\/metalpie.com\/shop\/"},{"@type":"ListItem","position":3,"name":"Aluminum Truck Body &#038; Wing Body for Window and Door Display"}]},{"@type":"WebSite","@id":"https:\/\/metalpie.com\/#website","url":"https:\/\/metalpie.com\/","name":"METALPIE","description":"Fabrica\u00e7\u00e3o de metais de precis\u00e3o | Ferramentas, processos e muito mais","potentialAction":[{"@type":"SearchAction","target":{"@type":"EntryPoint","urlTemplate":"https:\/\/metalpie.com\/?s={search_term_string}"},"query-input":"required name=search_term_string"}],"inLanguage":"pt-BR"}]}},"_links":{"self":[{"href":"https:\/\/metalpie.com\/pt\/wp-json\/wp\/v2\/product\/3306","targetHints":{"allow":["GET"]}}],"collection":[{"href":"https:\/\/metalpie.com\/pt\/wp-json\/wp\/v2\/product"}],"about":[{"href":"https:\/\/metalpie.com\/pt\/wp-json\/wp\/v2\/types\/product"}],"replies":[{"embeddable":true,"href":"https:\/\/metalpie.com\/pt\/wp-json\/wp\/v2\/comments?post=3306"}],"wp:featuredmedia":[{"embeddable":true,"href":"https:\/\/metalpie.com\/pt\/wp-json\/wp\/v2\/media\/3308"}],"wp:attachment":[{"href":"https:\/\/metalpie.com\/pt\/wp-json\/wp\/v2\/media?parent=3306"}],"wp:term":[{"taxonomy":"product_cat","embeddable":true,"href":"https:\/\/metalpie.com\/pt\/wp-json\/wp\/v2\/product_cat?post=3306"}],"curies":[{"name":"wp","href":"https:\/\/api.w.org\/{rel}","templated":true}]}}