{"id":3229,"date":"2022-12-20T10:30:52","date_gmt":"2022-12-20T02:30:52","guid":{"rendered":"https:\/\/metalpie.com\/?post_type=product&#038;p=3229"},"modified":"2023-01-31T15:02:37","modified_gmt":"2023-01-31T07:02:37","slug":"carrocerias-de-caminhao-com-caixa-de-aluminio","status":"publish","type":"product","link":"https:\/\/metalpie.com\/pt\/veiculos-de-aluminio\/carrocerias-de-caminhao-com-caixa-de-aluminio\/","title":{"rendered":"Carroceria de caminh\u00e3o com caixa de alum\u00ednio"},"content":{"rendered":"<section class=\"section\" id=\"section_1555063995\">\n\t\t<div class=\"bg section-bg fill bg-fill  bg-loaded\" >\n\n\t\t\t\n\t\t\t\n\t\t\t\n\n\t\t<\/div>\n\n\t\t\n\n\t\t<div class=\"section-content relative\">\n\t\t\t\n<div class=\"row\"  id=\"row-1836413531\">\n\n\t<div id=\"col-1134364966\" class=\"col small-12 large-12\"  >\n\t\t\t\t<div class=\"col-inner\"  >\n\t\t\t\n\t\t\t\n<h2>Par\u00e2metro da carroceria de caminh\u00e3o com caixa de alum\u00ednio<\/h2>\n<table style=\"border-collapse: collapse; width: 729.02pt;\" border=\"0\" width=\"972\" cellspacing=\"0\" cellpadding=\"0\">\n<tbody>\n<tr style=\"height: 20.25pt;\">\n<td class=\"et2\" style=\"height: 20.25pt; width: 298.50pt;\" width=\"398\" height=\"27\"><strong>Comprimento externo<\/strong><\/td>\n<td class=\"et2\" style=\"width: 215.25pt;\" width=\"287\"><strong>Largura externa<\/strong><\/td>\n<td class=\"et2\" style=\"width: 215.25pt;\" width=\"287\"><strong>Altura externa<\/strong><\/td>\n<\/tr>\n<tr style=\"height: 20.25pt;\">\n<td class=\"et6\" style=\"height: 20.25pt;\" height=\"27\">4190<\/td>\n<td class=\"et6\">2150<\/td>\n<td class=\"et6\">2325<\/td>\n<\/tr>\n<tr style=\"height: 20.25pt;\">\n<td class=\"et2\" style=\"height: 20.25pt;\" height=\"27\"><strong>Comprimento interno<\/strong><\/td>\n<td class=\"et2\"><strong>Largura interna<\/strong><\/td>\n<td class=\"et2\"><strong>Altura interna<\/strong><\/td>\n<\/tr>\n<tr style=\"height: 20.25pt;\">\n<td class=\"et6\" style=\"height: 20.25pt;\" height=\"27\">4140<\/td>\n<td class=\"et6\">2100<\/td>\n<td class=\"et6\">2100<\/td>\n<\/tr>\n<tr style=\"height: 20.25pt;\">\n<td class=\"et2\" style=\"height: 20.25pt;\" height=\"27\"><strong>Espessura dos pain\u00e9is laterais<\/strong><\/td>\n<td class=\"et2\"><strong>Espessura do painel Dool<\/strong><\/td>\n<td class=\"et2\"><strong>Placa inferior<\/strong><\/td>\n<\/tr>\n<tr style=\"height: 20.25pt;\">\n<td class=\"et6\" style=\"height: 20.25pt;\" height=\"27\">20<\/td>\n<td class=\"et6\">20<\/td>\n<td class=\"et6\">Perfis de alum\u00ednio<\/td>\n<\/tr>\n<tr style=\"height: 20.25pt;\">\n<td class=\"et2\" style=\"height: 20.25pt;\" height=\"27\"><strong>Porta lateral<\/strong><\/td>\n<td class=\"et2\"><strong>Porta traseira<\/strong><\/td>\n<td class=\"et2\"><strong>Fechaduras<\/strong><\/td>\n<\/tr>\n<tr style=\"height: 20.25pt;\">\n<td class=\"et2\" style=\"height: 20.25pt;\" height=\"27\">Abertura de pain\u00e9is duplos no lado direito<\/td>\n<td class=\"et2\">Abertura de pain\u00e9is duplos<\/td>\n<td class=\"et2\">Galvanizado<\/td>\n<\/tr>\n<tr style=\"height: 20.25pt;\">\n<td class=\"et2\" style=\"height: 20.25pt;\" height=\"27\"><strong>Peso do corpo da caixa<\/strong><\/td>\n<td class=\"et2\"><strong>Capacidade m\u00e1xima<\/strong><\/td>\n<td class=\"et2\"><strong>Carga de projeto<\/strong><\/td>\n<\/tr>\n<tr style=\"height: 20.25pt;\">\n<td class=\"et2\" style=\"height: 20.25pt;\" height=\"27\">430 kg<\/td>\n<td class=\"et2\">18,2 metros c\u00fabicos<\/td>\n<td class=\"et2\">5t<\/td>\n<\/tr>\n<\/tbody>\n<\/table>\n\t\t<\/div>\n\t\t\t\t\t<\/div>\n\n\t\n<\/div>\n\t\t<\/div>\n\n\t\t\n<style>\n#section_1555063995 {\n  padding-top: 30px;\n  padding-bottom: 30px;\n}\n<\/style>\n\t<\/section>\n\t\n\t<section class=\"section\" id=\"section_168829603\">\n\t\t<div class=\"bg section-bg fill bg-fill  bg-loaded\" >\n\n\t\t\t\n\t\t\t\n\t\t\t\n\n\t\t<\/div>\n\n\t\t\n\n\t\t<div class=\"section-content relative\">\n\t\t\t\n<div class=\"row\"  id=\"row-1916057498\">\n\n\t<div id=\"col-87450114\" class=\"col small-12 large-12\"  >\n\t\t\t\t<div class=\"col-inner\"  >\n\t\t\t\n\t\t\t\n<h2>Descri\u00e7\u00e3o<\/h2>\n<p>A Huajian \u00e9 uma das principais fabricantes de carrocerias de caminh\u00e3o de alum\u00ednio do mundo. Nossa sede est\u00e1 localizada no condado de Linqu, que possui materiais de alum\u00ednio abundantes e da mais alta qualidade. As carrocerias de caminh\u00e3o produzidas em nossa empresa usam perfis de alum\u00ednio resistentes. Processadas por t\u00e9cnicas especiais, as carrocerias de caminh\u00e3o com caixa de alum\u00ednio s\u00e3o leves e resistentes \u00e0 corros\u00e3o. Ao mesmo tempo, ajudam a reduzir o peso do caminh\u00e3o. <br \/>Esse tipo de carroceria de caixa est\u00e1 dispon\u00edvel em cores. Basta nos informar suas necessidades, e forneceremos carrocerias de alum\u00ednio personalizadas perfeitas para voc\u00ea.<\/p>\n\t\t<\/div>\n\t\t\t\t\t<\/div>\n\n\t\n<\/div>\n\t\t<\/div>\n\n\t\t\n<style>\n#section_168829603 {\n  padding-top: 30px;\n  padding-bottom: 30px;\n}\n<\/style>\n\t<\/section>\n\t\n\t<section class=\"section\" id=\"section_1950588659\">\n\t\t<div class=\"bg section-bg fill bg-fill  bg-loaded\" >\n\n\t\t\t\n\t\t\t\n\t\t\t\n\n\t\t<\/div>\n\n\t\t\n\n\t\t<div class=\"section-content relative\">\n\t\t\t\n<div class=\"row\"  id=\"row-651566308\">\n\n\t<div id=\"col-80697160\" class=\"col small-12 large-12\"  >\n\t\t\t\t<div class=\"col-inner\"  >\n\t\t\t\n\t\t\t\n<h2>Recursos<\/h2>\n<p>1. A carroceria da van de alum\u00ednio \u00e9 feita de nossos pr\u00f3prios perfis de alum\u00ednio de alta resist\u00eancia. Adota rebitagem, soldagem e aparafusamento como os principais m\u00e9todos para conectar a maioria das pe\u00e7as. E usa o m\u00e9todo de colagem para conectar as demais pe\u00e7as. Sua estrutura facilita a montagem e a manuten\u00e7\u00e3o.<br \/>2. A placa inferior usa uma estrutura montada de perfis de alum\u00ednio. Ela tem boa resist\u00eancia e \u00e9 f\u00e1cil de montar.<br \/>3. As colunas, vigas laterais e outras estruturas s\u00e3o projetadas como estruturas em forma de arco, que s\u00e3o mais bonitas e t\u00eam menos resist\u00eancia ao vento;<br \/>4. Placa traseira opcional de liga de alum\u00ednio. O tamanho da placa traseira \u00e9 de 2100*1630. E a parte superior da placa traseira \u00e9 equipada com uma porta basculante, que \u00e9 conveniente para carga e descarga.<\/p>\n\t\t<\/div>\n\t\t\t\t\t<\/div>\n\n\t\n<\/div>\n\t\t<\/div>\n\n\t\t\n<style>\n#section_1950588659 {\n  padding-top: 30px;\n  padding-bottom: 30px;\n}\n<\/style>\n\t<\/section>","protected":false},"excerpt":{"rendered":"<p>Essa carroceria de caminh\u00e3o com caixa tem uma ampla gama de aplica\u00e7\u00f5es. Ela pode ser usada para entregar muitos tipos de mercadorias, como pacotes, produtos m\u00e9dicos, mantimentos etc. Usamos materiais de alum\u00ednio resistentes para fabricar essa carroceria de caminh\u00e3o de alum\u00ednio. Ela tem uma estrutura forte e \u00e9 f\u00e1cil de montar e manter. O tamanho \u00e9 opcional. Oferecemos suporte a carrocerias de caixas personalizadas. Se tiver alguma d\u00favida, sinta-se \u00e0 vontade para entrar em contato conosco!<\/p>","protected":false},"featured_media":3256,"comment_status":"closed","ping_status":"closed","template":"","meta":[],"product_cat":[98],"class_list":["post-3229","product","type-product","status-publish","has-post-thumbnail","hentry","product_cat-aluminum-vehicles"],"yoast_head":"<!-- This site is optimized with the Yoast SEO plugin v21.5 - https:\/\/yoast.com\/wordpress\/plugins\/seo\/ -->\n<title>Aluminum Box Truck Body | Aluminum Truck Bodies for Sale<\/title>\n<meta name=\"description\" content=\"Hualv aluminum box truck body is of good quality. It is popular among clients due to its high quality, competitive rate, and custom size.\" \/>\n<meta name=\"robots\" content=\"index, follow, max-snippet:-1, max-image-preview:large, max-video-preview:-1\" \/>\n<link rel=\"canonical\" href=\"https:\/\/metalpie.com\/pt\/veiculos-de-aluminio\/carrocerias-de-caminhao-com-caixa-de-aluminio\/\" \/>\n<meta property=\"og:locale\" content=\"pt_BR\" \/>\n<meta property=\"og:type\" content=\"article\" \/>\n<meta property=\"og:title\" content=\"Aluminum Box Truck Body | Aluminum Truck Bodies for Sale\" \/>\n<meta property=\"og:description\" content=\"Hualv aluminum box truck body is of good quality. It is popular among clients due to its high quality, competitive rate, and custom size.\" \/>\n<meta property=\"og:url\" content=\"https:\/\/metalpie.com\/pt\/veiculos-de-aluminio\/carrocerias-de-caminhao-com-caixa-de-aluminio\/\" \/>\n<meta property=\"og:site_name\" content=\"METALPIE\" \/>\n<meta property=\"article:modified_time\" content=\"2023-01-31T07:02:37+00:00\" \/>\n<meta property=\"og:image\" content=\"https:\/\/metalpie.com\/wp-content\/uploads\/2022\/12\/Aluminum_Truck_Bodies_new.webp\" \/>\n\t<meta property=\"og:image:width\" content=\"1000\" \/>\n\t<meta property=\"og:image:height\" content=\"750\" \/>\n\t<meta property=\"og:image:type\" content=\"image\/webp\" \/>\n<meta name=\"twitter:card\" content=\"summary_large_image\" \/>\n<meta name=\"twitter:label1\" content=\"Est. tempo de leitura\" \/>\n\t<meta name=\"twitter:data1\" content=\"1 minuto\" \/>\n<script type=\"application\/ld+json\" class=\"yoast-schema-graph\">{\"@context\":\"https:\/\/schema.org\",\"@graph\":[{\"@type\":\"WebPage\",\"@id\":\"https:\/\/metalpie.com\/ru\/%d0%b0%d0%bb%d1%8e%d0%bc%d0%b8%d0%bd%d0%b8%d0%b5%d0%b2%d1%8b%d0%b5-%d0%b0%d0%b2%d1%82%d0%be%d0%bc%d0%be%d0%b1%d0%b8%d0%bb%d0%b8\/%d0%b0%d0%bb%d1%8e%d0%bc%d0%b8%d0%bd%d0%b8%d0%b5%d0%b2%d1%8b%d0%b5-%d0%ba%d1%83%d0%b7%d0%be%d0%b2%d0%b0-%d0%b3%d1%80%d1%83%d0%b7%d0%be%d0%b2%d0%b8%d0%ba%d0%be%d0%b2\/\",\"url\":\"https:\/\/metalpie.com\/ru\/%d0%b0%d0%bb%d1%8e%d0%bc%d0%b8%d0%bd%d0%b8%d0%b5%d0%b2%d1%8b%d0%b5-%d0%b0%d0%b2%d1%82%d0%be%d0%bc%d0%be%d0%b1%d0%b8%d0%bb%d0%b8\/%d0%b0%d0%bb%d1%8e%d0%bc%d0%b8%d0%bd%d0%b8%d0%b5%d0%b2%d1%8b%d0%b5-%d0%ba%d1%83%d0%b7%d0%be%d0%b2%d0%b0-%d0%b3%d1%80%d1%83%d0%b7%d0%be%d0%b2%d0%b8%d0%ba%d0%be%d0%b2\/\",\"name\":\"Aluminum Box Truck Body | Aluminum Truck Bodies for Sale\",\"isPartOf\":{\"@id\":\"https:\/\/metalpie.com\/#website\"},\"datePublished\":\"2022-12-20T02:30:52+00:00\",\"dateModified\":\"2023-01-31T07:02:37+00:00\",\"description\":\"Hualv aluminum box truck body is of good quality. It is popular among clients due to its high quality, competitive rate, and custom size.\",\"breadcrumb\":{\"@id\":\"https:\/\/metalpie.com\/ru\/%d0%b0%d0%bb%d1%8e%d0%bc%d0%b8%d0%bd%d0%b8%d0%b5%d0%b2%d1%8b%d0%b5-%d0%b0%d0%b2%d1%82%d0%be%d0%bc%d0%be%d0%b1%d0%b8%d0%bb%d0%b8\/%d0%b0%d0%bb%d1%8e%d0%bc%d0%b8%d0%bd%d0%b8%d0%b5%d0%b2%d1%8b%d0%b5-%d0%ba%d1%83%d0%b7%d0%be%d0%b2%d0%b0-%d0%b3%d1%80%d1%83%d0%b7%d0%be%d0%b2%d0%b8%d0%ba%d0%be%d0%b2\/#breadcrumb\"},\"inLanguage\":\"pt-BR\",\"potentialAction\":[{\"@type\":\"ReadAction\",\"target\":[\"https:\/\/metalpie.com\/ru\/%d0%b0%d0%bb%d1%8e%d0%bc%d0%b8%d0%bd%d0%b8%d0%b5%d0%b2%d1%8b%d0%b5-%d0%b0%d0%b2%d1%82%d0%be%d0%bc%d0%be%d0%b1%d0%b8%d0%bb%d0%b8\/%d0%b0%d0%bb%d1%8e%d0%bc%d0%b8%d0%bd%d0%b8%d0%b5%d0%b2%d1%8b%d0%b5-%d0%ba%d1%83%d0%b7%d0%be%d0%b2%d0%b0-%d0%b3%d1%80%d1%83%d0%b7%d0%be%d0%b2%d0%b8%d0%ba%d0%be%d0%b2\/\"]}]},{\"@type\":\"BreadcrumbList\",\"@id\":\"https:\/\/metalpie.com\/ru\/%d0%b0%d0%bb%d1%8e%d0%bc%d0%b8%d0%bd%d0%b8%d0%b5%d0%b2%d1%8b%d0%b5-%d0%b0%d0%b2%d1%82%d0%be%d0%bc%d0%be%d0%b1%d0%b8%d0%bb%d0%b8\/%d0%b0%d0%bb%d1%8e%d0%bc%d0%b8%d0%bd%d0%b8%d0%b5%d0%b2%d1%8b%d0%b5-%d0%ba%d1%83%d0%b7%d0%be%d0%b2%d0%b0-%d0%b3%d1%80%d1%83%d0%b7%d0%be%d0%b2%d0%b8%d0%ba%d0%be%d0%b2\/#breadcrumb\",\"itemListElement\":[{\"@type\":\"ListItem\",\"position\":1,\"name\":\"Home\",\"item\":\"https:\/\/metalpie.com\/\"},{\"@type\":\"ListItem\",\"position\":2,\"name\":\"Products\",\"item\":\"https:\/\/metalpie.com\/shop\/\"},{\"@type\":\"ListItem\",\"position\":3,\"name\":\"Aluminum Box Truck Body\"}]},{\"@type\":\"WebSite\",\"@id\":\"https:\/\/metalpie.com\/#website\",\"url\":\"https:\/\/metalpie.com\/\",\"name\":\"METALPIE\",\"description\":\"Precision Metal Fabrication | Tools, Processes &amp; More\",\"potentialAction\":[{\"@type\":\"SearchAction\",\"target\":{\"@type\":\"EntryPoint\",\"urlTemplate\":\"https:\/\/metalpie.com\/?s={search_term_string}\"},\"query-input\":\"required name=search_term_string\"}],\"inLanguage\":\"pt-BR\"}]}<\/script>\n<!-- \/ Yoast SEO plugin. -->","yoast_head_json":{"title":"Carroceria de caminh\u00e3o com caixa de alum\u00ednio | Carrocerias de caminh\u00e3o de alum\u00ednio para venda","description":"A carroceria de caminh\u00e3o com caixa de alum\u00ednio da Hualv \u00e9 de boa qualidade. Ela \u00e9 popular entre os clientes devido \u00e0 sua alta qualidade, pre\u00e7o competitivo e tamanho personalizado.","robots":{"index":"index","follow":"follow","max-snippet":"max-snippet:-1","max-image-preview":"max-image-preview:large","max-video-preview":"max-video-preview:-1"},"canonical":"https:\/\/metalpie.com\/pt\/veiculos-de-aluminio\/carrocerias-de-caminhao-com-caixa-de-aluminio\/","og_locale":"pt_BR","og_type":"article","og_title":"Aluminum Box Truck Body | Aluminum Truck Bodies for Sale","og_description":"Hualv aluminum box truck body is of good quality. It is popular among clients due to its high quality, competitive rate, and custom size.","og_url":"https:\/\/metalpie.com\/pt\/veiculos-de-aluminio\/carrocerias-de-caminhao-com-caixa-de-aluminio\/","og_site_name":"METALPIE","article_modified_time":"2023-01-31T07:02:37+00:00","og_image":[{"width":1000,"height":750,"url":"https:\/\/metalpie.com\/wp-content\/uploads\/2022\/12\/Aluminum_Truck_Bodies_new.webp","type":"image\/webp"}],"twitter_card":"summary_large_image","twitter_misc":{"Est. tempo de leitura":"1 minuto"},"schema":{"@context":"https:\/\/schema.org","@graph":[{"@type":"WebPage","@id":"https:\/\/metalpie.com\/ru\/%d0%b0%d0%bb%d1%8e%d0%bc%d0%b8%d0%bd%d0%b8%d0%b5%d0%b2%d1%8b%d0%b5-%d0%b0%d0%b2%d1%82%d0%be%d0%bc%d0%be%d0%b1%d0%b8%d0%bb%d0%b8\/%d0%b0%d0%bb%d1%8e%d0%bc%d0%b8%d0%bd%d0%b8%d0%b5%d0%b2%d1%8b%d0%b5-%d0%ba%d1%83%d0%b7%d0%be%d0%b2%d0%b0-%d0%b3%d1%80%d1%83%d0%b7%d0%be%d0%b2%d0%b8%d0%ba%d0%be%d0%b2\/","url":"https:\/\/metalpie.com\/ru\/%d0%b0%d0%bb%d1%8e%d0%bc%d0%b8%d0%bd%d0%b8%d0%b5%d0%b2%d1%8b%d0%b5-%d0%b0%d0%b2%d1%82%d0%be%d0%bc%d0%be%d0%b1%d0%b8%d0%bb%d0%b8\/%d0%b0%d0%bb%d1%8e%d0%bc%d0%b8%d0%bd%d0%b8%d0%b5%d0%b2%d1%8b%d0%b5-%d0%ba%d1%83%d0%b7%d0%be%d0%b2%d0%b0-%d0%b3%d1%80%d1%83%d0%b7%d0%be%d0%b2%d0%b8%d0%ba%d0%be%d0%b2\/","name":"Carroceria de caminh\u00e3o com caixa de alum\u00ednio | Carrocerias de caminh\u00e3o de alum\u00ednio para venda","isPartOf":{"@id":"https:\/\/metalpie.com\/#website"},"datePublished":"2022-12-20T02:30:52+00:00","dateModified":"2023-01-31T07:02:37+00:00","description":"A carroceria de caminh\u00e3o com caixa de alum\u00ednio da Hualv \u00e9 de boa qualidade. Ela \u00e9 popular entre os clientes devido \u00e0 sua alta qualidade, pre\u00e7o competitivo e tamanho personalizado.","breadcrumb":{"@id":"https:\/\/metalpie.com\/ru\/%d0%b0%d0%bb%d1%8e%d0%bc%d0%b8%d0%bd%d0%b8%d0%b5%d0%b2%d1%8b%d0%b5-%d0%b0%d0%b2%d1%82%d0%be%d0%bc%d0%be%d0%b1%d0%b8%d0%bb%d0%b8\/%d0%b0%d0%bb%d1%8e%d0%bc%d0%b8%d0%bd%d0%b8%d0%b5%d0%b2%d1%8b%d0%b5-%d0%ba%d1%83%d0%b7%d0%be%d0%b2%d0%b0-%d0%b3%d1%80%d1%83%d0%b7%d0%be%d0%b2%d0%b8%d0%ba%d0%be%d0%b2\/#breadcrumb"},"inLanguage":"pt-BR","potentialAction":[{"@type":"ReadAction","target":["https:\/\/metalpie.com\/ru\/%d0%b0%d0%bb%d1%8e%d0%bc%d0%b8%d0%bd%d0%b8%d0%b5%d0%b2%d1%8b%d0%b5-%d0%b0%d0%b2%d1%82%d0%be%d0%bc%d0%be%d0%b1%d0%b8%d0%bb%d0%b8\/%d0%b0%d0%bb%d1%8e%d0%bc%d0%b8%d0%bd%d0%b8%d0%b5%d0%b2%d1%8b%d0%b5-%d0%ba%d1%83%d0%b7%d0%be%d0%b2%d0%b0-%d0%b3%d1%80%d1%83%d0%b7%d0%be%d0%b2%d0%b8%d0%ba%d0%be%d0%b2\/"]}]},{"@type":"BreadcrumbList","@id":"https:\/\/metalpie.com\/ru\/%d0%b0%d0%bb%d1%8e%d0%bc%d0%b8%d0%bd%d0%b8%d0%b5%d0%b2%d1%8b%d0%b5-%d0%b0%d0%b2%d1%82%d0%be%d0%bc%d0%be%d0%b1%d0%b8%d0%bb%d0%b8\/%d0%b0%d0%bb%d1%8e%d0%bc%d0%b8%d0%bd%d0%b8%d0%b5%d0%b2%d1%8b%d0%b5-%d0%ba%d1%83%d0%b7%d0%be%d0%b2%d0%b0-%d0%b3%d1%80%d1%83%d0%b7%d0%be%d0%b2%d0%b8%d0%ba%d0%be%d0%b2\/#breadcrumb","itemListElement":[{"@type":"ListItem","position":1,"name":"Home","item":"https:\/\/metalpie.com\/"},{"@type":"ListItem","position":2,"name":"Products","item":"https:\/\/metalpie.com\/shop\/"},{"@type":"ListItem","position":3,"name":"Aluminum Box Truck Body"}]},{"@type":"WebSite","@id":"https:\/\/metalpie.com\/#website","url":"https:\/\/metalpie.com\/","name":"METALPIE","description":"Fabrica\u00e7\u00e3o de metais de precis\u00e3o | Ferramentas, processos e muito mais","potentialAction":[{"@type":"SearchAction","target":{"@type":"EntryPoint","urlTemplate":"https:\/\/metalpie.com\/?s={search_term_string}"},"query-input":"required name=search_term_string"}],"inLanguage":"pt-BR"}]}},"_links":{"self":[{"href":"https:\/\/metalpie.com\/pt\/wp-json\/wp\/v2\/product\/3229","targetHints":{"allow":["GET"]}}],"collection":[{"href":"https:\/\/metalpie.com\/pt\/wp-json\/wp\/v2\/product"}],"about":[{"href":"https:\/\/metalpie.com\/pt\/wp-json\/wp\/v2\/types\/product"}],"replies":[{"embeddable":true,"href":"https:\/\/metalpie.com\/pt\/wp-json\/wp\/v2\/comments?post=3229"}],"wp:featuredmedia":[{"embeddable":true,"href":"https:\/\/metalpie.com\/pt\/wp-json\/wp\/v2\/media\/3256"}],"wp:attachment":[{"href":"https:\/\/metalpie.com\/pt\/wp-json\/wp\/v2\/media?parent=3229"}],"wp:term":[{"taxonomy":"product_cat","embeddable":true,"href":"https:\/\/metalpie.com\/pt\/wp-json\/wp\/v2\/product_cat?post=3229"}],"curies":[{"name":"wp","href":"https:\/\/api.w.org\/{rel}","templated":true}]}}