{"id":3199,"date":"2022-12-20T09:23:39","date_gmt":"2022-12-20T01:23:39","guid":{"rendered":"https:\/\/metalpie.com\/?post_type=product&#038;p=3199"},"modified":"2023-02-17T17:08:51","modified_gmt":"2023-02-17T09:08:51","slug":"13-75-metros-de-semirreboque-de-aluminio","status":"publish","type":"product","link":"https:\/\/metalpie.com\/pt\/veiculos-de-aluminio\/13-75-metros-de-semirreboque-de-aluminio\/","title":{"rendered":"13,75 metros de semirreboque de alum\u00ednio"},"content":{"rendered":"<section class=\"section\" id=\"section_1102115122\">\n\t\t<div class=\"bg section-bg fill bg-fill  bg-loaded\" >\n\n\t\t\t\n\t\t\t\n\t\t\t\n\n\t\t<\/div>\n\n\t\t\n\n\t\t<div class=\"section-content relative\">\n\t\t\t\n<div class=\"row\"  id=\"row-1389317759\">\n\n\t<div id=\"col-700381007\" class=\"col small-12 large-12\"  >\n\t\t\t\t<div class=\"col-inner\"  >\n\t\t\t\n\t\t\t\n<h2>Par\u00e2metros do semirreboque de alum\u00ednio<\/h2>\n<table width=\"285\">\n<tbody>\n<tr>\n<td colspan=\"3\" width=\"285\"><strong>Os principais par\u00e2metros t\u00e9cnicos<\/strong><\/td>\n<\/tr>\n<tr>\n<td width=\"95\"><strong>Comprimento externo<\/strong><\/td>\n<td width=\"95\"><strong>Largura externa<\/strong><\/td>\n<td width=\"95\"><strong>Altura externa<\/strong><\/td>\n<\/tr>\n<tr>\n<td width=\"95\">13750<\/td>\n<td width=\"95\">2550<\/td>\n<td width=\"95\">4000<\/td>\n<\/tr>\n<tr>\n<td width=\"95\"><strong>Comprimento interno<\/strong><\/td>\n<td width=\"95\"><strong>Largura interna<\/strong><\/td>\n<td width=\"95\"><strong>Altura interna<\/strong><\/td>\n<\/tr>\n<tr>\n<td width=\"95\">13700<\/td>\n<td width=\"95\">2500<\/td>\n<td width=\"95\">2630<\/td>\n<\/tr>\n<tr>\n<td width=\"95\"><strong>Espessura dos pain\u00e9is laterais<\/strong><\/td>\n<td width=\"95\"><strong>Espessura do painel da porta<\/strong><\/td>\n<td width=\"95\"><strong>Placa inferior<\/strong><\/td>\n<\/tr>\n<tr>\n<td width=\"95\">20<\/td>\n<td width=\"95\">25<\/td>\n<td width=\"95\">Base de alum\u00ednio<\/td>\n<\/tr>\n<tr>\n<td width=\"95\"><strong>Porta lateral<\/strong><\/td>\n<td width=\"95\"><strong>Porta dos fundos<\/strong><\/td>\n<td width=\"95\"><strong>Fechaduras<\/strong><\/td>\n<\/tr>\n<tr>\n<td width=\"95\">Portas duplas laterais<\/td>\n<td width=\"95\">Portas duplas<\/td>\n<td width=\"95\">90<\/td>\n<\/tr>\n<tr>\n<td width=\"95\"><strong>Suspens\u00e3o<\/strong><\/td>\n<td width=\"95\"><strong>Eixo\/n\u00famero de eixos<\/strong><\/td>\n<td width=\"95\"><strong>Pneu<\/strong><\/td>\n<\/tr>\n<tr>\n<td width=\"95\">Suspens\u00e3o a ar BPW<\/td>\n<td width=\"95\">BPW 10 toneladas \/ 2 eixos<\/td>\n<td width=\"95\">425\/65R22.5<\/td>\n<\/tr>\n<tr>\n<td width=\"95\"><strong>Roda<\/strong><\/td>\n<td width=\"95\"><strong>Outrigger<\/strong><\/td>\n<td width=\"95\"><strong>V\u00e1lvula de rel\u00e9 de emerg\u00eancia<\/strong><\/td>\n<\/tr>\n<tr>\n<td width=\"95\">13,00*22,5 Fabricado em alum\u00ednio<\/td>\n<td width=\"95\">17\u2033linkage<\/td>\n<td width=\"95\">Wabco<\/td>\n<\/tr>\n<tr>\n<td width=\"95\"><strong>Pino de reboque<\/strong><\/td>\n<td width=\"95\"><strong>ABS<\/strong><\/td>\n<td width=\"95\"><strong>V\u00e1lvula de aperto de m\u00e3o<\/strong><\/td>\n<\/tr>\n<tr>\n<td width=\"95\">50#<\/td>\n<td width=\"95\">Dom\u00e9stico 4S\/2M<\/td>\n<td width=\"95\">Wabco<\/td>\n<\/tr>\n<tr>\n<td width=\"95\"><strong>Peso\/kg<\/strong><\/td>\n<td colspan=\"2\" width=\"190\"><strong>4900<\/strong><\/td>\n<\/tr>\n<\/tbody>\n<\/table>\n<h2><strong><span data-preserver-spaces=\"true\">Descri\u00e7\u00e3o dos semirreboques de alum\u00ednio<\/span><\/strong><\/h2>\n<p><span data-preserver-spaces=\"true\">Nossa empresa produz principalmente todos os tipos de carrinhos de liga de alum\u00ednio. A superf\u00edcie dos carros pode ser fabricada em v\u00e1rias cores, e podemos personalizar o tamanho dos carros de acordo com as necessidades do cliente.<\/span><\/p>\n<p><span data-preserver-spaces=\"true\">Temos uma equipe profissional de P&amp;D e podemos desenvolver os produtos de que voc\u00ea precisa de acordo com suas necessidades.<\/span><\/p>\n<h2><strong><span data-preserver-spaces=\"true\">Recursos<\/span><\/strong><\/h2>\n<p><span data-preserver-spaces=\"true\">1. A carroceria do carro \u00e9 feita de perfis de alum\u00ednio de alta resist\u00eancia, conectados principalmente por soldagem e aparafusamento;<\/span><\/p>\n<p><span data-preserver-spaces=\"true\">2. A coluna frontal adota uma estrutura de arco grande para reduzir a resist\u00eancia ao vento e atender plenamente aos requisitos da GB1589;<\/span><\/p>\n<p><span data-preserver-spaces=\"true\">3. A tira de borracha adota uma estrutura embutida, que \u00e9 mais bonita, tem uma vida \u00fatil mais longa e veda\u00e7\u00e3o mais confi\u00e1vel;<\/span><\/p>\n<p><span data-preserver-spaces=\"true\">4. A placa inferior \u00e9 uma estrutura de perfil oco com alta resist\u00eancia, que pode atender \u00e0s opera\u00e7\u00f5es de carga e descarga de empilhadeiras.<\/span><\/p>\n<p><span data-preserver-spaces=\"true\">5. A prote\u00e7\u00e3o lateral pode ser equipada com uma estrutura de saia\/guarda-corpo.<\/span><\/p>\n<p><span data-preserver-spaces=\"true\">6. Os pain\u00e9is laterais de alum\u00ednio do semirreboque s\u00e3o resistentes e se abrem facilmente.<\/span><\/p>\n\t\t<\/div>\n\t\t\t\t\t<\/div>\n\n\t\n<\/div>\n\t\t<\/div>\n\n\t\t\n<style>\n#section_1102115122 {\n  padding-top: 30px;\n  padding-bottom: 30px;\n}\n<\/style>\n\t<\/section>","protected":false},"excerpt":{"rendered":"","protected":false},"featured_media":3203,"comment_status":"closed","ping_status":"closed","template":"","meta":[],"product_cat":[98],"class_list":["post-3199","product","type-product","status-publish","has-post-thumbnail","hentry","product_cat-aluminum-vehicles"],"yoast_head":"<!-- This site is optimized with the Yoast SEO plugin v21.5 - https:\/\/yoast.com\/wordpress\/plugins\/seo\/ -->\n<title>13.75 Meters of Aluminum Semi-trailer | Aluminum Truck Body<\/title>\n<meta name=\"description\" content=\"We provide aluminum semi-trailers and aluminum cargo trailers. As a professional aluminum truck body manufacturer, we are your top choice!\" \/>\n<meta name=\"robots\" content=\"index, follow, max-snippet:-1, max-image-preview:large, max-video-preview:-1\" \/>\n<link rel=\"canonical\" href=\"https:\/\/metalpie.com\/pt\/veiculos-de-aluminio\/13-75-metros-de-semirreboque-de-aluminio\/\" \/>\n<meta property=\"og:locale\" content=\"pt_BR\" \/>\n<meta property=\"og:type\" content=\"article\" \/>\n<meta property=\"og:title\" content=\"13.75 Meters of Aluminum Semi-trailer | Aluminum Truck Body\" \/>\n<meta property=\"og:description\" content=\"We provide aluminum semi-trailers and aluminum cargo trailers. As a professional aluminum truck body manufacturer, we are your top choice!\" \/>\n<meta property=\"og:url\" content=\"https:\/\/metalpie.com\/pt\/veiculos-de-aluminio\/13-75-metros-de-semirreboque-de-aluminio\/\" \/>\n<meta property=\"og:site_name\" content=\"METALPIE\" \/>\n<meta property=\"article:modified_time\" content=\"2023-02-17T09:08:51+00:00\" \/>\n<meta property=\"og:image\" content=\"https:\/\/metalpie.com\/wp-content\/uploads\/2022\/12\/Meters_13_of_Aluminum_Semi_trailer.webp\" \/>\n\t<meta property=\"og:image:width\" content=\"1000\" \/>\n\t<meta property=\"og:image:height\" content=\"750\" \/>\n\t<meta property=\"og:image:type\" content=\"image\/webp\" \/>\n<meta name=\"twitter:card\" content=\"summary_large_image\" \/>\n<meta name=\"twitter:label1\" content=\"Est. tempo de leitura\" \/>\n\t<meta name=\"twitter:data1\" content=\"2 minutos\" \/>\n<script type=\"application\/ld+json\" class=\"yoast-schema-graph\">{\"@context\":\"https:\/\/schema.org\",\"@graph\":[{\"@type\":\"WebPage\",\"@id\":\"https:\/\/metalpie.com\/ru\/%d0%b0%d0%bb%d1%8e%d0%bc%d0%b8%d0%bd%d0%b8%d0%b5%d0%b2%d1%8b%d0%b5-%d0%b0%d0%b2%d1%82%d0%be%d0%bc%d0%be%d0%b1%d0%b8%d0%bb%d0%b8\/13-75-%d0%bc%d0%b5%d1%82%d1%80%d0%be%d0%b2-%d0%b0%d0%bb%d1%8e%d0%bc%d0%b8%d0%bd%d0%b8%d0%b5%d0%b2%d1%8b%d1%85-%d0%bf%d0%be%d0%bb%d1%83%d0%bf%d1%80%d0%b8%d1%86%d0%b5%d0%bf%d0%be%d0%b2\/\",\"url\":\"https:\/\/metalpie.com\/ru\/%d0%b0%d0%bb%d1%8e%d0%bc%d0%b8%d0%bd%d0%b8%d0%b5%d0%b2%d1%8b%d0%b5-%d0%b0%d0%b2%d1%82%d0%be%d0%bc%d0%be%d0%b1%d0%b8%d0%bb%d0%b8\/13-75-%d0%bc%d0%b5%d1%82%d1%80%d0%be%d0%b2-%d0%b0%d0%bb%d1%8e%d0%bc%d0%b8%d0%bd%d0%b8%d0%b5%d0%b2%d1%8b%d1%85-%d0%bf%d0%be%d0%bb%d1%83%d0%bf%d1%80%d0%b8%d1%86%d0%b5%d0%bf%d0%be%d0%b2\/\",\"name\":\"13.75 Meters of Aluminum Semi-trailer | Aluminum Truck Body\",\"isPartOf\":{\"@id\":\"https:\/\/metalpie.com\/#website\"},\"datePublished\":\"2022-12-20T01:23:39+00:00\",\"dateModified\":\"2023-02-17T09:08:51+00:00\",\"description\":\"We provide aluminum semi-trailers and aluminum cargo trailers. As a professional aluminum truck body manufacturer, we are your top choice!\",\"breadcrumb\":{\"@id\":\"https:\/\/metalpie.com\/ru\/%d0%b0%d0%bb%d1%8e%d0%bc%d0%b8%d0%bd%d0%b8%d0%b5%d0%b2%d1%8b%d0%b5-%d0%b0%d0%b2%d1%82%d0%be%d0%bc%d0%be%d0%b1%d0%b8%d0%bb%d0%b8\/13-75-%d0%bc%d0%b5%d1%82%d1%80%d0%be%d0%b2-%d0%b0%d0%bb%d1%8e%d0%bc%d0%b8%d0%bd%d0%b8%d0%b5%d0%b2%d1%8b%d1%85-%d0%bf%d0%be%d0%bb%d1%83%d0%bf%d1%80%d0%b8%d1%86%d0%b5%d0%bf%d0%be%d0%b2\/#breadcrumb\"},\"inLanguage\":\"pt-BR\",\"potentialAction\":[{\"@type\":\"ReadAction\",\"target\":[\"https:\/\/metalpie.com\/ru\/%d0%b0%d0%bb%d1%8e%d0%bc%d0%b8%d0%bd%d0%b8%d0%b5%d0%b2%d1%8b%d0%b5-%d0%b0%d0%b2%d1%82%d0%be%d0%bc%d0%be%d0%b1%d0%b8%d0%bb%d0%b8\/13-75-%d0%bc%d0%b5%d1%82%d1%80%d0%be%d0%b2-%d0%b0%d0%bb%d1%8e%d0%bc%d0%b8%d0%bd%d0%b8%d0%b5%d0%b2%d1%8b%d1%85-%d0%bf%d0%be%d0%bb%d1%83%d0%bf%d1%80%d0%b8%d1%86%d0%b5%d0%bf%d0%be%d0%b2\/\"]}]},{\"@type\":\"BreadcrumbList\",\"@id\":\"https:\/\/metalpie.com\/ru\/%d0%b0%d0%bb%d1%8e%d0%bc%d0%b8%d0%bd%d0%b8%d0%b5%d0%b2%d1%8b%d0%b5-%d0%b0%d0%b2%d1%82%d0%be%d0%bc%d0%be%d0%b1%d0%b8%d0%bb%d0%b8\/13-75-%d0%bc%d0%b5%d1%82%d1%80%d0%be%d0%b2-%d0%b0%d0%bb%d1%8e%d0%bc%d0%b8%d0%bd%d0%b8%d0%b5%d0%b2%d1%8b%d1%85-%d0%bf%d0%be%d0%bb%d1%83%d0%bf%d1%80%d0%b8%d1%86%d0%b5%d0%bf%d0%be%d0%b2\/#breadcrumb\",\"itemListElement\":[{\"@type\":\"ListItem\",\"position\":1,\"name\":\"Home\",\"item\":\"https:\/\/metalpie.com\/\"},{\"@type\":\"ListItem\",\"position\":2,\"name\":\"Products\",\"item\":\"https:\/\/metalpie.com\/shop\/\"},{\"@type\":\"ListItem\",\"position\":3,\"name\":\"13.75 Meters of Aluminum Semi-trailer\"}]},{\"@type\":\"WebSite\",\"@id\":\"https:\/\/metalpie.com\/#website\",\"url\":\"https:\/\/metalpie.com\/\",\"name\":\"METALPIE\",\"description\":\"Precision Metal Fabrication | Tools, Processes &amp; More\",\"potentialAction\":[{\"@type\":\"SearchAction\",\"target\":{\"@type\":\"EntryPoint\",\"urlTemplate\":\"https:\/\/metalpie.com\/?s={search_term_string}\"},\"query-input\":\"required name=search_term_string\"}],\"inLanguage\":\"pt-BR\"}]}<\/script>\n<!-- \/ Yoast SEO plugin. -->","yoast_head_json":{"title":"13,75 metros de semirreboque de alum\u00ednio e carroceria de caminh\u00e3o de alum\u00ednio","description":"Fornecemos semirreboques de alum\u00ednio e reboques de carga de alum\u00ednio. Como um fabricante profissional de carroceria de caminh\u00e3o de alum\u00ednio, somos a sua melhor escolha!","robots":{"index":"index","follow":"follow","max-snippet":"max-snippet:-1","max-image-preview":"max-image-preview:large","max-video-preview":"max-video-preview:-1"},"canonical":"https:\/\/metalpie.com\/pt\/veiculos-de-aluminio\/13-75-metros-de-semirreboque-de-aluminio\/","og_locale":"pt_BR","og_type":"article","og_title":"13.75 Meters of Aluminum Semi-trailer | Aluminum Truck Body","og_description":"We provide aluminum semi-trailers and aluminum cargo trailers. As a professional aluminum truck body manufacturer, we are your top choice!","og_url":"https:\/\/metalpie.com\/pt\/veiculos-de-aluminio\/13-75-metros-de-semirreboque-de-aluminio\/","og_site_name":"METALPIE","article_modified_time":"2023-02-17T09:08:51+00:00","og_image":[{"width":1000,"height":750,"url":"https:\/\/metalpie.com\/wp-content\/uploads\/2022\/12\/Meters_13_of_Aluminum_Semi_trailer.webp","type":"image\/webp"}],"twitter_card":"summary_large_image","twitter_misc":{"Est. tempo de leitura":"2 minutos"},"schema":{"@context":"https:\/\/schema.org","@graph":[{"@type":"WebPage","@id":"https:\/\/metalpie.com\/ru\/%d0%b0%d0%bb%d1%8e%d0%bc%d0%b8%d0%bd%d0%b8%d0%b5%d0%b2%d1%8b%d0%b5-%d0%b0%d0%b2%d1%82%d0%be%d0%bc%d0%be%d0%b1%d0%b8%d0%bb%d0%b8\/13-75-%d0%bc%d0%b5%d1%82%d1%80%d0%be%d0%b2-%d0%b0%d0%bb%d1%8e%d0%bc%d0%b8%d0%bd%d0%b8%d0%b5%d0%b2%d1%8b%d1%85-%d0%bf%d0%be%d0%bb%d1%83%d0%bf%d1%80%d0%b8%d1%86%d0%b5%d0%bf%d0%be%d0%b2\/","url":"https:\/\/metalpie.com\/ru\/%d0%b0%d0%bb%d1%8e%d0%bc%d0%b8%d0%bd%d0%b8%d0%b5%d0%b2%d1%8b%d0%b5-%d0%b0%d0%b2%d1%82%d0%be%d0%bc%d0%be%d0%b1%d0%b8%d0%bb%d0%b8\/13-75-%d0%bc%d0%b5%d1%82%d1%80%d0%be%d0%b2-%d0%b0%d0%bb%d1%8e%d0%bc%d0%b8%d0%bd%d0%b8%d0%b5%d0%b2%d1%8b%d1%85-%d0%bf%d0%be%d0%bb%d1%83%d0%bf%d1%80%d0%b8%d1%86%d0%b5%d0%bf%d0%be%d0%b2\/","name":"13,75 metros de semirreboque de alum\u00ednio e carroceria de caminh\u00e3o de alum\u00ednio","isPartOf":{"@id":"https:\/\/metalpie.com\/#website"},"datePublished":"2022-12-20T01:23:39+00:00","dateModified":"2023-02-17T09:08:51+00:00","description":"Fornecemos semirreboques de alum\u00ednio e reboques de carga de alum\u00ednio. Como um fabricante profissional de carroceria de caminh\u00e3o de alum\u00ednio, somos a sua melhor escolha!","breadcrumb":{"@id":"https:\/\/metalpie.com\/ru\/%d0%b0%d0%bb%d1%8e%d0%bc%d0%b8%d0%bd%d0%b8%d0%b5%d0%b2%d1%8b%d0%b5-%d0%b0%d0%b2%d1%82%d0%be%d0%bc%d0%be%d0%b1%d0%b8%d0%bb%d0%b8\/13-75-%d0%bc%d0%b5%d1%82%d1%80%d0%be%d0%b2-%d0%b0%d0%bb%d1%8e%d0%bc%d0%b8%d0%bd%d0%b8%d0%b5%d0%b2%d1%8b%d1%85-%d0%bf%d0%be%d0%bb%d1%83%d0%bf%d1%80%d0%b8%d1%86%d0%b5%d0%bf%d0%be%d0%b2\/#breadcrumb"},"inLanguage":"pt-BR","potentialAction":[{"@type":"ReadAction","target":["https:\/\/metalpie.com\/ru\/%d0%b0%d0%bb%d1%8e%d0%bc%d0%b8%d0%bd%d0%b8%d0%b5%d0%b2%d1%8b%d0%b5-%d0%b0%d0%b2%d1%82%d0%be%d0%bc%d0%be%d0%b1%d0%b8%d0%bb%d0%b8\/13-75-%d0%bc%d0%b5%d1%82%d1%80%d0%be%d0%b2-%d0%b0%d0%bb%d1%8e%d0%bc%d0%b8%d0%bd%d0%b8%d0%b5%d0%b2%d1%8b%d1%85-%d0%bf%d0%be%d0%bb%d1%83%d0%bf%d1%80%d0%b8%d1%86%d0%b5%d0%bf%d0%be%d0%b2\/"]}]},{"@type":"BreadcrumbList","@id":"https:\/\/metalpie.com\/ru\/%d0%b0%d0%bb%d1%8e%d0%bc%d0%b8%d0%bd%d0%b8%d0%b5%d0%b2%d1%8b%d0%b5-%d0%b0%d0%b2%d1%82%d0%be%d0%bc%d0%be%d0%b1%d0%b8%d0%bb%d0%b8\/13-75-%d0%bc%d0%b5%d1%82%d1%80%d0%be%d0%b2-%d0%b0%d0%bb%d1%8e%d0%bc%d0%b8%d0%bd%d0%b8%d0%b5%d0%b2%d1%8b%d1%85-%d0%bf%d0%be%d0%bb%d1%83%d0%bf%d1%80%d0%b8%d1%86%d0%b5%d0%bf%d0%be%d0%b2\/#breadcrumb","itemListElement":[{"@type":"ListItem","position":1,"name":"Home","item":"https:\/\/metalpie.com\/"},{"@type":"ListItem","position":2,"name":"Products","item":"https:\/\/metalpie.com\/shop\/"},{"@type":"ListItem","position":3,"name":"13.75 Meters of Aluminum Semi-trailer"}]},{"@type":"WebSite","@id":"https:\/\/metalpie.com\/#website","url":"https:\/\/metalpie.com\/","name":"METALPIE","description":"Fabrica\u00e7\u00e3o de metais de precis\u00e3o | Ferramentas, processos e muito mais","potentialAction":[{"@type":"SearchAction","target":{"@type":"EntryPoint","urlTemplate":"https:\/\/metalpie.com\/?s={search_term_string}"},"query-input":"required name=search_term_string"}],"inLanguage":"pt-BR"}]}},"_links":{"self":[{"href":"https:\/\/metalpie.com\/pt\/wp-json\/wp\/v2\/product\/3199","targetHints":{"allow":["GET"]}}],"collection":[{"href":"https:\/\/metalpie.com\/pt\/wp-json\/wp\/v2\/product"}],"about":[{"href":"https:\/\/metalpie.com\/pt\/wp-json\/wp\/v2\/types\/product"}],"replies":[{"embeddable":true,"href":"https:\/\/metalpie.com\/pt\/wp-json\/wp\/v2\/comments?post=3199"}],"wp:featuredmedia":[{"embeddable":true,"href":"https:\/\/metalpie.com\/pt\/wp-json\/wp\/v2\/media\/3203"}],"wp:attachment":[{"href":"https:\/\/metalpie.com\/pt\/wp-json\/wp\/v2\/media?parent=3199"}],"wp:term":[{"taxonomy":"product_cat","embeddable":true,"href":"https:\/\/metalpie.com\/pt\/wp-json\/wp\/v2\/product_cat?post=3199"}],"curies":[{"name":"wp","href":"https:\/\/api.w.org\/{rel}","templated":true}]}}