{"id":3183,"date":"2022-12-19T17:08:38","date_gmt":"2022-12-19T09:08:38","guid":{"rendered":"https:\/\/metalpie.com\/?post_type=product&#038;p=3183"},"modified":"2023-02-17T17:23:18","modified_gmt":"2023-02-17T09:23:18","slug":"9-8-metros-de-reboques-de-carga-de-aluminio-com-carenagem-traseira","status":"publish","type":"product","link":"https:\/\/metalpie.com\/pt\/veiculos-de-aluminio\/9-8-metros-de-reboques-de-carga-de-aluminio-com-carenagem-traseira\/","title":{"rendered":"9,8 metros Todos os reboques de carga de alum\u00ednio com carenagem traseira"},"content":{"rendered":"<section class=\"section\" id=\"section_249519037\">\n\t\t<div class=\"bg section-bg fill bg-fill  bg-loaded\" >\n\n\t\t\t\n\t\t\t\n\t\t\t\n\n\t\t<\/div>\n\n\t\t\n\n\t\t<div class=\"section-content relative\">\n\t\t\t\n<div class=\"row\"  id=\"row-1816138917\">\n\n\t<div id=\"col-249891752\" class=\"col small-12 large-12\"  >\n\t\t\t\t<div class=\"col-inner\"  >\n\t\t\t\n\t\t\t\n<h2>Par\u00e2metros do All Aluminum Cargo Trailer<\/h2>\n<table width=\"285\">\n<tbody>\n<tr>\n<td width=\"95\"><strong>Comprimento externo<\/strong><\/td>\n<td width=\"95\"><strong>Largura externa<\/strong><\/td>\n<td width=\"95\"><strong>Altura externa<\/strong><\/td>\n<\/tr>\n<tr>\n<td width=\"95\">4190<\/td>\n<td width=\"95\">2150<\/td>\n<td width=\"95\">2325<\/td>\n<\/tr>\n<tr>\n<td width=\"95\"><strong>Comprimento interno<\/strong><\/td>\n<td width=\"95\"><strong>Largura interna<\/strong><\/td>\n<td width=\"95\"><strong>Altura interna<\/strong><\/td>\n<\/tr>\n<tr>\n<td width=\"95\">4140<\/td>\n<td width=\"95\">2100<\/td>\n<td width=\"95\">2100<\/td>\n<\/tr>\n<tr>\n<td width=\"95\"><strong>Espessura dos pain\u00e9is laterais<\/strong><\/td>\n<td width=\"95\"><strong>Espessura do painel da porta<\/strong><\/td>\n<td width=\"95\"><strong>Placa inferior<\/strong><\/td>\n<\/tr>\n<tr>\n<td width=\"95\">20<\/td>\n<td width=\"95\">20<\/td>\n<td width=\"95\">Perfis de alum\u00ednio<\/td>\n<\/tr>\n<tr>\n<td width=\"95\"><strong>Porta lateral<\/strong><\/td>\n<td width=\"95\"><strong>Porta traseira<\/strong><\/td>\n<td width=\"95\"><strong>Fechaduras<\/strong><\/td>\n<\/tr>\n<tr>\n<td width=\"95\">Portas duplas<\/td>\n<td width=\"95\">Portas duplas<\/td>\n<td width=\"95\">galvanizado<\/td>\n<\/tr>\n<tr>\n<td width=\"95\"><strong>Peso da caixa nua\/kg<\/strong><\/td>\n<td width=\"95\"><strong>Volume\/m\u00b3<\/strong><\/td>\n<td width=\"95\"><strong>Carga de projeto\/tonelada<\/strong><\/td>\n<\/tr>\n<tr>\n<td width=\"95\">430<\/td>\n<td width=\"95\">18.2<\/td>\n<td width=\"95\">5<\/td>\n<\/tr>\n<\/tbody>\n<\/table>\n<h2>Descri\u00e7\u00e3o<\/h2>\n<p><span data-preserver-spaces=\"true\">Nossa empresa produz principalmente todos os tipos de carrinhos de liga de alum\u00ednio. A superf\u00edcie dos carros pode ser fabricada em v\u00e1rias cores, e o tamanho dos carros pode ser personalizado de acordo com as necessidades do cliente.<\/span><\/p>\n<p><span data-preserver-spaces=\"true\">Temos uma equipe profissional de P&amp;D e podemos desenvolver os produtos de que voc\u00ea precisa de acordo com suas necessidades.<\/span><\/p>\n<h2>Caracter\u00edsticas do All Aluminum Cargo Trailers<\/h2>\n<p><span data-preserver-spaces=\"true\">1. O corpo da caixa \u00e9 feito de perfis de alum\u00ednio de alta resist\u00eancia desenvolvidos e produzidos de forma independente, com rebitagem, soldagem e aparafusamento como os principais m\u00e9todos de conex\u00e3o, complementados por colagem etc., para facilitar a montagem e a manuten\u00e7\u00e3o;<\/span><\/p>\n<p><span data-preserver-spaces=\"true\">2. O deck de alum\u00ednio do trailer adota uma estrutura montada de perfis de alum\u00ednio, que tem boa resist\u00eancia e \u00e9 f\u00e1cil de montar;<\/span><\/p>\n<p><span data-preserver-spaces=\"true\">3. As colunas, vigas laterais e outras estruturas s\u00e3o projetadas como estruturas em forma de arco, que s\u00e3o mais bonitas e t\u00eam menos resist\u00eancia ao vento;<\/span><\/p>\n<p><span data-preserver-spaces=\"true\">4. Placa traseira opcional de liga de alum\u00ednio; o tamanho da placa traseira \u00e9 de 2100*1630 e a parte superior da placa traseira \u00e9 equipada com uma porta basculante, o que \u00e9 conveniente para carga e descarga.<\/span><\/p>\n\t\t<\/div>\n\t\t\t\t\t<\/div>\n\n\t\n<\/div>\n\t\t<\/div>\n\n\t\t\n<style>\n#section_249519037 {\n  padding-top: 30px;\n  padding-bottom: 30px;\n}\n<\/style>\n\t<\/section>","protected":false},"excerpt":{"rendered":"","protected":false},"featured_media":3184,"comment_status":"closed","ping_status":"closed","template":"","meta":[],"product_cat":[98],"class_list":["post-3183","product","type-product","status-publish","has-post-thumbnail","hentry","product_cat-aluminum-vehicles"],"yoast_head":"<!-- This site is optimized with the Yoast SEO plugin v21.5 - https:\/\/yoast.com\/wordpress\/plugins\/seo\/ -->\n<title>9.8 Meters All Aluminum Cargo Trailers with Rear Fairing<\/title>\n<meta name=\"description\" content=\"We provide all aluminum cargo trailers and other aluminum truck bodies. Contact us to customize cargo trailers for your business!\" \/>\n<meta name=\"robots\" content=\"index, follow, max-snippet:-1, max-image-preview:large, max-video-preview:-1\" \/>\n<link rel=\"canonical\" href=\"https:\/\/metalpie.com\/pt\/veiculos-de-aluminio\/9-8-metros-de-reboques-de-carga-de-aluminio-com-carenagem-traseira\/\" \/>\n<meta property=\"og:locale\" content=\"pt_BR\" \/>\n<meta property=\"og:type\" content=\"article\" \/>\n<meta property=\"og:title\" content=\"9.8 Meters All Aluminum Cargo Trailers with Rear Fairing\" \/>\n<meta property=\"og:description\" content=\"We provide all aluminum cargo trailers and other aluminum truck bodies. Contact us to customize cargo trailers for your business!\" \/>\n<meta property=\"og:url\" content=\"https:\/\/metalpie.com\/pt\/veiculos-de-aluminio\/9-8-metros-de-reboques-de-carga-de-aluminio-com-carenagem-traseira\/\" \/>\n<meta property=\"og:site_name\" content=\"METALPIE\" \/>\n<meta property=\"article:modified_time\" content=\"2023-02-17T09:23:18+00:00\" \/>\n<meta property=\"og:image\" content=\"https:\/\/metalpie.com\/wp-content\/uploads\/2022\/12\/Aluminum_Cargo_Trailers_with_Rear_Fairing_feature_image.jpg\" \/>\n\t<meta property=\"og:image:width\" content=\"1000\" \/>\n\t<meta property=\"og:image:height\" content=\"750\" \/>\n\t<meta property=\"og:image:type\" content=\"image\/jpeg\" \/>\n<meta name=\"twitter:card\" content=\"summary_large_image\" \/>\n<meta name=\"twitter:label1\" content=\"Est. tempo de leitura\" \/>\n\t<meta name=\"twitter:data1\" content=\"1 minuto\" \/>\n<script type=\"application\/ld+json\" class=\"yoast-schema-graph\">{\"@context\":\"https:\/\/schema.org\",\"@graph\":[{\"@type\":\"WebPage\",\"@id\":\"https:\/\/metalpie.com\/ru\/%d0%b0%d0%bb%d1%8e%d0%bc%d0%b8%d0%bd%d0%b8%d0%b5%d0%b2%d1%8b%d0%b5-%d0%b0%d0%b2%d1%82%d0%be%d0%bc%d0%be%d0%b1%d0%b8%d0%bb%d0%b8\/9-8-%d0%bc%d0%b5%d1%82%d1%80%d0%be%d0%b2-%d0%b0%d0%bb%d1%8e%d0%bc%d0%b8%d0%bd%d0%b8%d0%b5%d0%b2%d1%8b%d1%85-%d0%b3%d1%80%d1%83%d0%b7%d0%be%d0%b2%d1%8b%d1%85-%d0%bf%d1%80%d0%b8%d1%86%d0%b5%d0%bf%d0%be\/\",\"url\":\"https:\/\/metalpie.com\/ru\/%d0%b0%d0%bb%d1%8e%d0%bc%d0%b8%d0%bd%d0%b8%d0%b5%d0%b2%d1%8b%d0%b5-%d0%b0%d0%b2%d1%82%d0%be%d0%bc%d0%be%d0%b1%d0%b8%d0%bb%d0%b8\/9-8-%d0%bc%d0%b5%d1%82%d1%80%d0%be%d0%b2-%d0%b0%d0%bb%d1%8e%d0%bc%d0%b8%d0%bd%d0%b8%d0%b5%d0%b2%d1%8b%d1%85-%d0%b3%d1%80%d1%83%d0%b7%d0%be%d0%b2%d1%8b%d1%85-%d0%bf%d1%80%d0%b8%d1%86%d0%b5%d0%bf%d0%be\/\",\"name\":\"9.8 Meters All Aluminum Cargo Trailers with Rear Fairing\",\"isPartOf\":{\"@id\":\"https:\/\/metalpie.com\/#website\"},\"datePublished\":\"2022-12-19T09:08:38+00:00\",\"dateModified\":\"2023-02-17T09:23:18+00:00\",\"description\":\"We provide all aluminum cargo trailers and other aluminum truck bodies. Contact us to customize cargo trailers for your business!\",\"breadcrumb\":{\"@id\":\"https:\/\/metalpie.com\/ru\/%d0%b0%d0%bb%d1%8e%d0%bc%d0%b8%d0%bd%d0%b8%d0%b5%d0%b2%d1%8b%d0%b5-%d0%b0%d0%b2%d1%82%d0%be%d0%bc%d0%be%d0%b1%d0%b8%d0%bb%d0%b8\/9-8-%d0%bc%d0%b5%d1%82%d1%80%d0%be%d0%b2-%d0%b0%d0%bb%d1%8e%d0%bc%d0%b8%d0%bd%d0%b8%d0%b5%d0%b2%d1%8b%d1%85-%d0%b3%d1%80%d1%83%d0%b7%d0%be%d0%b2%d1%8b%d1%85-%d0%bf%d1%80%d0%b8%d1%86%d0%b5%d0%bf%d0%be\/#breadcrumb\"},\"inLanguage\":\"pt-BR\",\"potentialAction\":[{\"@type\":\"ReadAction\",\"target\":[\"https:\/\/metalpie.com\/ru\/%d0%b0%d0%bb%d1%8e%d0%bc%d0%b8%d0%bd%d0%b8%d0%b5%d0%b2%d1%8b%d0%b5-%d0%b0%d0%b2%d1%82%d0%be%d0%bc%d0%be%d0%b1%d0%b8%d0%bb%d0%b8\/9-8-%d0%bc%d0%b5%d1%82%d1%80%d0%be%d0%b2-%d0%b0%d0%bb%d1%8e%d0%bc%d0%b8%d0%bd%d0%b8%d0%b5%d0%b2%d1%8b%d1%85-%d0%b3%d1%80%d1%83%d0%b7%d0%be%d0%b2%d1%8b%d1%85-%d0%bf%d1%80%d0%b8%d1%86%d0%b5%d0%bf%d0%be\/\"]}]},{\"@type\":\"BreadcrumbList\",\"@id\":\"https:\/\/metalpie.com\/ru\/%d0%b0%d0%bb%d1%8e%d0%bc%d0%b8%d0%bd%d0%b8%d0%b5%d0%b2%d1%8b%d0%b5-%d0%b0%d0%b2%d1%82%d0%be%d0%bc%d0%be%d0%b1%d0%b8%d0%bb%d0%b8\/9-8-%d0%bc%d0%b5%d1%82%d1%80%d0%be%d0%b2-%d0%b0%d0%bb%d1%8e%d0%bc%d0%b8%d0%bd%d0%b8%d0%b5%d0%b2%d1%8b%d1%85-%d0%b3%d1%80%d1%83%d0%b7%d0%be%d0%b2%d1%8b%d1%85-%d0%bf%d1%80%d0%b8%d1%86%d0%b5%d0%bf%d0%be\/#breadcrumb\",\"itemListElement\":[{\"@type\":\"ListItem\",\"position\":1,\"name\":\"Home\",\"item\":\"https:\/\/metalpie.com\/\"},{\"@type\":\"ListItem\",\"position\":2,\"name\":\"Products\",\"item\":\"https:\/\/metalpie.com\/shop\/\"},{\"@type\":\"ListItem\",\"position\":3,\"name\":\"9.8 Meters All Aluminum Cargo Trailers with Rear Fairing\"}]},{\"@type\":\"WebSite\",\"@id\":\"https:\/\/metalpie.com\/#website\",\"url\":\"https:\/\/metalpie.com\/\",\"name\":\"METALPIE\",\"description\":\"Precision Metal Fabrication | Tools, Processes &amp; More\",\"potentialAction\":[{\"@type\":\"SearchAction\",\"target\":{\"@type\":\"EntryPoint\",\"urlTemplate\":\"https:\/\/metalpie.com\/?s={search_term_string}\"},\"query-input\":\"required name=search_term_string\"}],\"inLanguage\":\"pt-BR\"}]}<\/script>\n<!-- \/ Yoast SEO plugin. -->","yoast_head_json":{"title":"9,8 metros Todos os reboques de carga de alum\u00ednio com carenagem traseira","description":"Fornecemos todos os reboques de carga de alum\u00ednio e outras carrocerias de caminh\u00e3o de alum\u00ednio. Entre em contato conosco para personalizar os reboques de carga para a sua empresa!","robots":{"index":"index","follow":"follow","max-snippet":"max-snippet:-1","max-image-preview":"max-image-preview:large","max-video-preview":"max-video-preview:-1"},"canonical":"https:\/\/metalpie.com\/pt\/veiculos-de-aluminio\/9-8-metros-de-reboques-de-carga-de-aluminio-com-carenagem-traseira\/","og_locale":"pt_BR","og_type":"article","og_title":"9.8 Meters All Aluminum Cargo Trailers with Rear Fairing","og_description":"We provide all aluminum cargo trailers and other aluminum truck bodies. Contact us to customize cargo trailers for your business!","og_url":"https:\/\/metalpie.com\/pt\/veiculos-de-aluminio\/9-8-metros-de-reboques-de-carga-de-aluminio-com-carenagem-traseira\/","og_site_name":"METALPIE","article_modified_time":"2023-02-17T09:23:18+00:00","og_image":[{"width":1000,"height":750,"url":"https:\/\/metalpie.com\/wp-content\/uploads\/2022\/12\/Aluminum_Cargo_Trailers_with_Rear_Fairing_feature_image.jpg","type":"image\/jpeg"}],"twitter_card":"summary_large_image","twitter_misc":{"Est. tempo de leitura":"1 minuto"},"schema":{"@context":"https:\/\/schema.org","@graph":[{"@type":"WebPage","@id":"https:\/\/metalpie.com\/ru\/%d0%b0%d0%bb%d1%8e%d0%bc%d0%b8%d0%bd%d0%b8%d0%b5%d0%b2%d1%8b%d0%b5-%d0%b0%d0%b2%d1%82%d0%be%d0%bc%d0%be%d0%b1%d0%b8%d0%bb%d0%b8\/9-8-%d0%bc%d0%b5%d1%82%d1%80%d0%be%d0%b2-%d0%b0%d0%bb%d1%8e%d0%bc%d0%b8%d0%bd%d0%b8%d0%b5%d0%b2%d1%8b%d1%85-%d0%b3%d1%80%d1%83%d0%b7%d0%be%d0%b2%d1%8b%d1%85-%d0%bf%d1%80%d0%b8%d1%86%d0%b5%d0%bf%d0%be\/","url":"https:\/\/metalpie.com\/ru\/%d0%b0%d0%bb%d1%8e%d0%bc%d0%b8%d0%bd%d0%b8%d0%b5%d0%b2%d1%8b%d0%b5-%d0%b0%d0%b2%d1%82%d0%be%d0%bc%d0%be%d0%b1%d0%b8%d0%bb%d0%b8\/9-8-%d0%bc%d0%b5%d1%82%d1%80%d0%be%d0%b2-%d0%b0%d0%bb%d1%8e%d0%bc%d0%b8%d0%bd%d0%b8%d0%b5%d0%b2%d1%8b%d1%85-%d0%b3%d1%80%d1%83%d0%b7%d0%be%d0%b2%d1%8b%d1%85-%d0%bf%d1%80%d0%b8%d1%86%d0%b5%d0%bf%d0%be\/","name":"9,8 metros Todos os reboques de carga de alum\u00ednio com carenagem traseira","isPartOf":{"@id":"https:\/\/metalpie.com\/#website"},"datePublished":"2022-12-19T09:08:38+00:00","dateModified":"2023-02-17T09:23:18+00:00","description":"Fornecemos todos os reboques de carga de alum\u00ednio e outras carrocerias de caminh\u00e3o de alum\u00ednio. Entre em contato conosco para personalizar os reboques de carga para a sua empresa!","breadcrumb":{"@id":"https:\/\/metalpie.com\/ru\/%d0%b0%d0%bb%d1%8e%d0%bc%d0%b8%d0%bd%d0%b8%d0%b5%d0%b2%d1%8b%d0%b5-%d0%b0%d0%b2%d1%82%d0%be%d0%bc%d0%be%d0%b1%d0%b8%d0%bb%d0%b8\/9-8-%d0%bc%d0%b5%d1%82%d1%80%d0%be%d0%b2-%d0%b0%d0%bb%d1%8e%d0%bc%d0%b8%d0%bd%d0%b8%d0%b5%d0%b2%d1%8b%d1%85-%d0%b3%d1%80%d1%83%d0%b7%d0%be%d0%b2%d1%8b%d1%85-%d0%bf%d1%80%d0%b8%d1%86%d0%b5%d0%bf%d0%be\/#breadcrumb"},"inLanguage":"pt-BR","potentialAction":[{"@type":"ReadAction","target":["https:\/\/metalpie.com\/ru\/%d0%b0%d0%bb%d1%8e%d0%bc%d0%b8%d0%bd%d0%b8%d0%b5%d0%b2%d1%8b%d0%b5-%d0%b0%d0%b2%d1%82%d0%be%d0%bc%d0%be%d0%b1%d0%b8%d0%bb%d0%b8\/9-8-%d0%bc%d0%b5%d1%82%d1%80%d0%be%d0%b2-%d0%b0%d0%bb%d1%8e%d0%bc%d0%b8%d0%bd%d0%b8%d0%b5%d0%b2%d1%8b%d1%85-%d0%b3%d1%80%d1%83%d0%b7%d0%be%d0%b2%d1%8b%d1%85-%d0%bf%d1%80%d0%b8%d1%86%d0%b5%d0%bf%d0%be\/"]}]},{"@type":"BreadcrumbList","@id":"https:\/\/metalpie.com\/ru\/%d0%b0%d0%bb%d1%8e%d0%bc%d0%b8%d0%bd%d0%b8%d0%b5%d0%b2%d1%8b%d0%b5-%d0%b0%d0%b2%d1%82%d0%be%d0%bc%d0%be%d0%b1%d0%b8%d0%bb%d0%b8\/9-8-%d0%bc%d0%b5%d1%82%d1%80%d0%be%d0%b2-%d0%b0%d0%bb%d1%8e%d0%bc%d0%b8%d0%bd%d0%b8%d0%b5%d0%b2%d1%8b%d1%85-%d0%b3%d1%80%d1%83%d0%b7%d0%be%d0%b2%d1%8b%d1%85-%d0%bf%d1%80%d0%b8%d1%86%d0%b5%d0%bf%d0%be\/#breadcrumb","itemListElement":[{"@type":"ListItem","position":1,"name":"Home","item":"https:\/\/metalpie.com\/"},{"@type":"ListItem","position":2,"name":"Products","item":"https:\/\/metalpie.com\/shop\/"},{"@type":"ListItem","position":3,"name":"9.8 Meters All Aluminum Cargo Trailers with Rear Fairing"}]},{"@type":"WebSite","@id":"https:\/\/metalpie.com\/#website","url":"https:\/\/metalpie.com\/","name":"METALPIE","description":"Fabrica\u00e7\u00e3o de metais de precis\u00e3o | Ferramentas, processos e muito mais","potentialAction":[{"@type":"SearchAction","target":{"@type":"EntryPoint","urlTemplate":"https:\/\/metalpie.com\/?s={search_term_string}"},"query-input":"required name=search_term_string"}],"inLanguage":"pt-BR"}]}},"_links":{"self":[{"href":"https:\/\/metalpie.com\/pt\/wp-json\/wp\/v2\/product\/3183","targetHints":{"allow":["GET"]}}],"collection":[{"href":"https:\/\/metalpie.com\/pt\/wp-json\/wp\/v2\/product"}],"about":[{"href":"https:\/\/metalpie.com\/pt\/wp-json\/wp\/v2\/types\/product"}],"replies":[{"embeddable":true,"href":"https:\/\/metalpie.com\/pt\/wp-json\/wp\/v2\/comments?post=3183"}],"wp:featuredmedia":[{"embeddable":true,"href":"https:\/\/metalpie.com\/pt\/wp-json\/wp\/v2\/media\/3184"}],"wp:attachment":[{"href":"https:\/\/metalpie.com\/pt\/wp-json\/wp\/v2\/media?parent=3183"}],"wp:term":[{"taxonomy":"product_cat","embeddable":true,"href":"https:\/\/metalpie.com\/pt\/wp-json\/wp\/v2\/product_cat?post=3183"}],"curies":[{"name":"wp","href":"https:\/\/api.w.org\/{rel}","templated":true}]}}