{"id":2773,"date":"2022-10-09T13:28:02","date_gmt":"2022-10-09T05:28:02","guid":{"rendered":"https:\/\/metalpie.com\/?post_type=product&#038;p=2773"},"modified":"2023-02-17T14:52:09","modified_gmt":"2023-02-17T06:52:09","slug":"es116-porta-deslizante","status":"publish","type":"product","link":"https:\/\/metalpie.com\/pt\/janelas-e-portas-de-aluminio\/es116-porta-deslizante\/","title":{"rendered":"ES116 Porta de vidro deslizante de alum\u00ednio"},"content":{"rendered":"<section class=\"section\" id=\"section_1345890088\">\n\t\t<div class=\"bg section-bg fill bg-fill  bg-loaded\" >\n\n\t\t\t\n\t\t\t\n\t\t\t\n\n\t\t<\/div>\n\n\t\t\n\n\t\t<div class=\"section-content relative\">\n\t\t\t\n<div class=\"row\"  id=\"row-1921786849\">\n\n\t<div id=\"col-1815363393\" class=\"col small-12 large-12\"  >\n\t\t\t\t<div class=\"col-inner\"  >\n\t\t\t\n\t\t\t\n<h2><span data-preserver-spaces=\"true\">Descri\u00e7\u00e3o da porta deslizante de alum\u00ednio ES116<\/span><\/h2>\n<p><span data-preserver-spaces=\"true\">A ES116 \u00e9 uma das mais vendidas de nossas portas de vidro deslizantes de alum\u00ednio. H\u00e1 duas pe\u00e7as grandes de vidro na porta. E as molduras de alum\u00ednio da porta ocupam apenas uma pequena parte. Portanto, ela \u00e9 altamente adequada para quem deseja boa ilumina\u00e7\u00e3o. Para resid\u00eancias, voc\u00ea pode instal\u00e1-la na varanda como uma divis\u00f3ria entre os c\u00f4modos e a varanda. Tamb\u00e9m pode instal\u00e1-la no banheiro para torn\u00e1-lo separado. Oferecemos suporte \u00e0 personaliza\u00e7\u00e3o, portanto, podemos trocar o vidro da porta por vidro fosco, mais adequado para o banheiro. Al\u00e9m disso, a cor pode ser escolhida. Qualquer cor que desejar, compartilhe sua ideia conosco. Forneceremos uma porta deslizante fant\u00e1stica para voc\u00ea.\u00a0<\/span><\/p>\n<h2>Ferragens de alum\u00ednio para portas<\/h2>\n<ul>\n<li>Ma\u00e7aneta de boa qualidade. Ela \u00e9 feita de material de alta qualidade. Portanto, voc\u00ea n\u00e3o precisa se preocupar se ela pode quebrar ou se soltar facilmente. E o revestimento da superf\u00edcie tamb\u00e9m n\u00e3o sai devido ao processo especial.<\/li>\n<li>Dobradi\u00e7a de porta. As excelentes dobradi\u00e7as de porta s\u00e3o fortes e resistentes ao desgaste.<\/li>\n<\/ul>\n<h2 class=\"okr-block-clipboard lark-doc\" data-okr=\"%7B%22okrDelta%22%3A%5B%7B%22lineType%22%3A%22text%22%2C%22lineOptions%22%3A%7B%7D%2C%22lineContent%22%3A%5B%7B%22opType%22%3A%22text%22%2C%22options%22%3A%7B%22text%22%3A%22Color%20%26%20Size%22%7D%7D%5D%7D%2C%7B%22lineType%22%3A%22text%22%2C%22lineOptions%22%3A%7B%7D%2C%22lineContent%22%3A%5B%7B%22opType%22%3A%22text%22%2C%22options%22%3A%7B%22text%22%3A%22We%20use%20five%20processes%20powder%20coating%2C%20PVDF%20coating%2C%20wood%20grain%2C%20anodized%2C%20and%20electrophoresis%20to%20color%20aluminum%20window%20frames.%20Custom%20colors%20and%20sizes%20are%20also%20available.%22%7D%7D%5D%7D%5D%2C%22businessKey%22%3A%22lark-doc%22%7D\"><span style=\"font-size: 23.04px;\">Cor e tamanho<\/span><\/h2>\n<div data-zone-id=\"grpfj1bsuo\" data-line-index=\"1\">Usamos cinco processos: revestimento em p\u00f3, revestimento em PVDF, gr\u00e3o de madeira, anodiza\u00e7\u00e3o e eletroforese para colorir esquadrias de alum\u00ednio. Cores e tamanhos personalizados tamb\u00e9m est\u00e3o dispon\u00edveis.<\/div>\n<div data-zone-id=\"grpfj1bsuo\" data-line-index=\"1\"><\/div>\n<div data-zone-id=\"grpfj1bsuo\" data-line-index=\"1\">\n<h2>Recursos<\/h2>\n<ul>\n<li><span data-preserver-spaces=\"true\">Grande \u00e1rea de abertura e vis\u00e3o ampla<\/span><\/li>\n<li><span data-preserver-spaces=\"true\">Menos perfis e processamento simples<\/span><\/li>\n<li><span data-preserver-spaces=\"true\">N\u00e3o ocupe o espa\u00e7o interno ap\u00f3s a abertura.<\/span><\/li>\n<li><span data-preserver-spaces=\"true\">O cord\u00e3o de vidro interno torna a janela segura e protegida\u3002<\/span><\/li>\n<li><span data-preserver-spaces=\"true\">Design de entalhe de padr\u00e3o europeu, hardware com forte compatibilidade.<\/span><\/li>\n<li><span data-preserver-spaces=\"true\">Design de veda\u00e7\u00e3o multicanal, tornando a veda\u00e7\u00e3o perfeita.<\/span><\/li>\n<li><span data-preserver-spaces=\"true\">Ela pode ser usada como porta interna e externa.<\/span><\/li>\n<\/ul>\n<\/div>\n<div data-zone-id=\"grpfj1bsuo\" data-line-index=\"1\"><\/div>\n\t\t<\/div>\n\t\t\t\t\t<\/div>\n\n\t\n<\/div>\n\t\t<\/div>\n\n\t\t\n<style>\n#section_1345890088 {\n  padding-top: 30px;\n  padding-bottom: 30px;\n}\n<\/style>\n\t<\/section>\n\t\n\t<section class=\"section\" id=\"section_2082511595\">\n\t\t<div class=\"bg section-bg fill bg-fill  bg-loaded\" >\n\n\t\t\t\n\t\t\t\n\t\t\t\n\n\t\t<\/div>\n\n\t\t\t<div class=\"ux-shape-divider ux-shape-divider--top ux-shape-divider--style-curve-opacity\">\n\t\t<svg viewbox=\"0 0 1000 100\" xmlns=\"http:\/\/www.w3.org\/2000\/svg\" preserveaspectratio=\"none\">\n\t\t<path class=\"ux-shape-fill\" opacity=\"0.15\" d=\"M0 14C0 14 88.64 17.48 300 50C560 90 814 77 1003 40L1015 68L1018 104H0V14Z\"\/>\n\t\t<path class=\"ux-shape-fill\" opacity=\"0.3\" d=\"M0 45C0 45 271 90.13 500 77C657 68 830 30 1015 14V100H0V45Z\"\/>\n\t\t<path class=\"ux-shape-fill\" d=\"M0 58C0 58 188.29 90 508 90C798 90 1002 55 1002 55V100H0V58Z\"\/>\n<\/svg>\n\t<\/div>\n\n\n\t\t<div class=\"section-content relative\">\n\t\t\t\n<div class=\"is-divider divider clearfix\" style=\"margin-top:0px;margin-bottom:0px;max-width:0px;height:30px;\"><\/div>\n<div class=\"row row-collapse align-middle\"  id=\"row-2082412688\">\n\n\t<div id=\"col-1848607673\" class=\"col medium-6 small-12 large-6\"  >\n\t\t\t\t<div class=\"col-inner\"  >\n\t\t\t\n\t\t\t\n<div class=\"row row-small align-middle\"  id=\"row-1568240204\">\n\n\t<div id=\"col-1422323820\" class=\"col medium-7 small-12 large-7\"  >\n\t\t\t\t<div class=\"col-inner\"  >\n\t\t\t\n\t\t\t\n\t<div class=\"img has-hover x md-x lg-x y md-y lg-y\" id=\"image_994000584\">\n\t\t\t\t\t\t\t\t<div class=\"img-inner dark\" >\n\t\t\t<img loading=\"lazy\" decoding=\"async\" width=\"532\" height=\"366\" src=\"https:\/\/metalpie.com\/wp-content\/uploads\/2022\/09\/block_Universal_products_bottom_001.1image.jpg.webp\" class=\"attachment-original size-original\" alt=\"\" srcset=\"https:\/\/metalpie.com\/wp-content\/uploads\/2022\/09\/block_Universal_products_bottom_001.1image.jpg.webp 532w, https:\/\/metalpie.com\/wp-content\/uploads\/2022\/09\/block_Universal_products_bottom_001.1image.jpg-300x206.webp 300w\" sizes=\"auto, (max-width: 532px) 100vw, 532px\" \/>\t\t\t\t\t\t\n\t\t\t\t\t<\/div>\n\t\t\t\t\t\t\t\t\n<style>\n#image_994000584 {\n  width: 100%;\n}\n<\/style>\n\t<\/div>\n\t\n\t\t<\/div>\n\t\t\t\t\t<\/div>\n\n\t\n\n\t<div id=\"col-568547507\" class=\"col medium-5 small-12 large-5\"  >\n\t\t\t\t<div class=\"col-inner\"  >\n\t\t\t\n\t\t\t\n\t<div id=\"text-772081982\" class=\"text\">\n\t\t\n<h5>Desempenho herm\u00e9tico<\/h5>\n\t\t\n<style>\n#text-772081982 {\n  text-align: center;\n}\n@media (min-width:550px) {\n  #text-772081982 {\n    text-align: left;\n  }\n}\n<\/style>\n\t<\/div>\n\t\n\t<div id=\"text-2358980448\" class=\"text\">\n\t\t\n<p><b>N\u00edvel 5<\/b><\/p>\n\t\t\n<style>\n#text-2358980448 {\n  text-align: center;\n}\n@media (min-width:550px) {\n  #text-2358980448 {\n    text-align: left;\n  }\n}\n<\/style>\n\t<\/div>\n\t\n\t\t<\/div>\n\t\t\t\t\t<\/div>\n\n\t\n<\/div>\n\t\t<\/div>\n\t\t\t\t\t<\/div>\n\n\t\n\n\t<div id=\"col-1465777296\" class=\"col medium-6 small-12 large-6\"  >\n\t\t\t\t<div class=\"col-inner\"  >\n\t\t\t\n\t\t\t\n<div class=\"row row-small align-middle\"  id=\"row-1885060267\">\n\n\t<div id=\"col-110029307\" class=\"col medium-7 small-12 large-7\"  >\n\t\t\t\t<div class=\"col-inner\"  >\n\t\t\t\n\t\t\t\n\t<div class=\"img has-hover x md-x lg-x y md-y lg-y\" id=\"image_582740471\">\n\t\t\t\t\t\t\t\t<div class=\"img-inner dark\" >\n\t\t\t<img loading=\"lazy\" decoding=\"async\" width=\"534\" height=\"368\" src=\"https:\/\/metalpie.com\/wp-content\/uploads\/2022\/09\/block_Universal_products_bottom_002.2image.jpg.webp\" class=\"attachment-original size-original\" alt=\"\" srcset=\"https:\/\/metalpie.com\/wp-content\/uploads\/2022\/09\/block_Universal_products_bottom_002.2image.jpg.webp 534w, https:\/\/metalpie.com\/wp-content\/uploads\/2022\/09\/block_Universal_products_bottom_002.2image.jpg-300x207.webp 300w\" sizes=\"auto, (max-width: 534px) 100vw, 534px\" \/>\t\t\t\t\t\t\n\t\t\t\t\t<\/div>\n\t\t\t\t\t\t\t\t\n<style>\n#image_582740471 {\n  width: 100%;\n}\n<\/style>\n\t<\/div>\n\t\n\t\t<\/div>\n\t\t\t\t\t<\/div>\n\n\t\n\n\t<div id=\"col-1088529169\" class=\"col medium-5 small-12 large-5\"  >\n\t\t\t\t<div class=\"col-inner\"  >\n\t\t\t\n\t\t\t\n\t<div id=\"text-1002954959\" class=\"text\">\n\t\t\n<h5>Resist\u00eancia \u00e0 press\u00e3o do vento<\/h5>\n\t\t\n<style>\n#text-1002954959 {\n  text-align: center;\n}\n@media (min-width:550px) {\n  #text-1002954959 {\n    text-align: left;\n  }\n}\n<\/style>\n\t<\/div>\n\t\n\t<div id=\"text-3693068335\" class=\"text\">\n\t\t\n<p><strong>N\u00edvel 9<\/strong><\/p>\n\t\t\n<style>\n#text-3693068335 {\n  text-align: center;\n}\n@media (min-width:550px) {\n  #text-3693068335 {\n    text-align: left;\n  }\n}\n<\/style>\n\t<\/div>\n\t\n\t\t<\/div>\n\t\t\t\t\t<\/div>\n\n\t\n<\/div>\n\t\t<\/div>\n\t\t\t\t\t<\/div>\n\n\t\n\n\t<div id=\"col-27519463\" class=\"col medium-6 small-12 large-6\"  >\n\t\t\t\t<div class=\"col-inner\"  >\n\t\t\t\n\t\t\t\n<div class=\"row row-small align-middle\"  id=\"row-1836488132\">\n\n\t<div id=\"col-887590311\" class=\"col medium-7 small-12 large-7\"  >\n\t\t\t\t<div class=\"col-inner\"  >\n\t\t\t\n\t\t\t\n\t<div class=\"img has-hover x md-x lg-x y md-y lg-y\" id=\"image_321492790\">\n\t\t\t\t\t\t\t\t<div class=\"img-inner dark\" >\n\t\t\t<img loading=\"lazy\" decoding=\"async\" width=\"531\" height=\"366\" src=\"https:\/\/metalpie.com\/wp-content\/uploads\/2022\/09\/block_Universal_products_bottom_003.3image.jpg.webp\" class=\"attachment-original size-original\" alt=\"\" srcset=\"https:\/\/metalpie.com\/wp-content\/uploads\/2022\/09\/block_Universal_products_bottom_003.3image.jpg.webp 531w, https:\/\/metalpie.com\/wp-content\/uploads\/2022\/09\/block_Universal_products_bottom_003.3image.jpg-300x207.webp 300w\" sizes=\"auto, (max-width: 531px) 100vw, 531px\" \/>\t\t\t\t\t\t\n\t\t\t\t\t<\/div>\n\t\t\t\t\t\t\t\t\n<style>\n#image_321492790 {\n  width: 100%;\n}\n<\/style>\n\t<\/div>\n\t\n\t\t<\/div>\n\t\t\t\t\t<\/div>\n\n\t\n\n\t<div id=\"col-1792113075\" class=\"col medium-5 small-12 large-5\"  >\n\t\t\t\t<div class=\"col-inner\"  >\n\t\t\t\n\t\t\t\n\t<div id=\"text-3397218177\" class=\"text\">\n\t\t\n<h5>Desempenho \u00e0 prova d'\u00e1gua<\/h5>\n\t\t\n<style>\n#text-3397218177 {\n  text-align: center;\n}\n@media (min-width:550px) {\n  #text-3397218177 {\n    text-align: left;\n  }\n}\n<\/style>\n\t<\/div>\n\t\n\t<div id=\"text-880639255\" class=\"text\">\n\t\t\n<p><strong>N\u00edvel 3<\/strong><\/p>\n\t\t\n<style>\n#text-880639255 {\n  text-align: center;\n}\n@media (min-width:550px) {\n  #text-880639255 {\n    text-align: left;\n  }\n}\n<\/style>\n\t<\/div>\n\t\n\t\t<\/div>\n\t\t\t\t\t<\/div>\n\n\t\n<\/div>\n\t\t<\/div>\n\t\t\t\t\t<\/div>\n\n\t\n\n\t<div id=\"col-605340638\" class=\"col medium-6 small-12 large-6\"  >\n\t\t\t\t<div class=\"col-inner\"  >\n\t\t\t\n\t\t\t\n<div class=\"row row-small align-middle\"  id=\"row-789235540\">\n\n\t<div id=\"col-1362001178\" class=\"col medium-7 small-12 large-7\"  >\n\t\t\t\t<div class=\"col-inner\"  >\n\t\t\t\n\t\t\t\n\t<div class=\"img has-hover x md-x lg-x y md-y lg-y\" id=\"image_1585298050\">\n\t\t\t\t\t\t\t\t<div class=\"img-inner dark\" >\n\t\t\t<img loading=\"lazy\" decoding=\"async\" width=\"531\" height=\"365\" src=\"https:\/\/metalpie.com\/wp-content\/uploads\/2022\/09\/block_Universal_products_bottom_004.4image.jpg.webp\" class=\"attachment-original size-original\" alt=\"\" srcset=\"https:\/\/metalpie.com\/wp-content\/uploads\/2022\/09\/block_Universal_products_bottom_004.4image.jpg.webp 531w, https:\/\/metalpie.com\/wp-content\/uploads\/2022\/09\/block_Universal_products_bottom_004.4image.jpg-300x206.webp 300w\" sizes=\"auto, (max-width: 531px) 100vw, 531px\" \/>\t\t\t\t\t\t\n\t\t\t\t\t<\/div>\n\t\t\t\t\t\t\t\t\n<style>\n#image_1585298050 {\n  width: 100%;\n}\n<\/style>\n\t<\/div>\n\t\n\t\t<\/div>\n\t\t\t\t\t<\/div>\n\n\t\n\n\t<div id=\"col-87615081\" class=\"col medium-5 small-12 large-5\"  >\n\t\t\t\t<div class=\"col-inner\"  >\n\t\t\t\n\t\t\t\n\t<div id=\"text-2839259063\" class=\"text\">\n\t\t\n<h5>Desempenho do isolamento<\/h5>\n\t\t\n<style>\n#text-2839259063 {\n  text-align: center;\n}\n@media (min-width:550px) {\n  #text-2839259063 {\n    text-align: left;\n  }\n}\n<\/style>\n\t<\/div>\n\t\n\t<div id=\"text-588132284\" class=\"text\">\n\t\t\n<p>K=2,2~ 2,8W\/(\u33a1.K)<\/p>\n\t\t\n<style>\n#text-588132284 {\n  text-align: center;\n}\n@media (min-width:550px) {\n  #text-588132284 {\n    text-align: left;\n  }\n}\n<\/style>\n\t<\/div>\n\t\n\t\t<\/div>\n\t\t\t\t\t<\/div>\n\n\t\n<\/div>\n\t\t<\/div>\n\t\t\t\t\t<\/div>\n\n\t\n\n<style>\n#row-2082412688 > .col > .col-inner {\n  padding: 0px 20px 0px 20px;\n}\n<\/style>\n<\/div>\n\t\t<\/div>\n\n\t\t\n<style>\n#section_2082511595 {\n  padding-top: 0px;\n  padding-bottom: 0px;\n  background-color: rgb(245, 245, 245);\n}\n#section_2082511595 .ux-shape-divider--top svg {\n  height: 143px;\n  --divider-top-width: 100%;\n}\n<\/style>\n\t<\/section>\n\t\n\t<section class=\"section\" id=\"section_1038931518\">\n\t\t<div class=\"bg section-bg fill bg-fill  bg-loaded\" >\n\n\t\t\t\n\t\t\t\n\t\t\t\n\n\t\t<\/div>\n\n\t\t\n\n\t\t<div class=\"section-content relative\">\n\t\t\t\n<div class=\"row\"  id=\"row-1819767111\">\n\n\t<div id=\"col-1617716459\" class=\"col small-12 large-12\"  >\n\t\t\t\t<div class=\"col-inner\"  >\n\t\t\t\n\t\t\t\n<h2>Faixas de aplica\u00e7\u00e3o da porta deslizante de alum\u00ednio ES116<\/h2>\n<ul>\n<li>Estudo<\/li>\n<li>Shopping centers<\/li>\n<li>Moradias<\/li>\n<li>Pr\u00e9dios comerciais<\/li>\n<\/ul>\n\t\t<\/div>\n\t\t\t\t\t<\/div>\n\n\t\n<\/div>\n\t\t<\/div>\n\n\t\t\n<style>\n#section_1038931518 {\n  padding-top: 30px;\n  padding-bottom: 30px;\n}\n<\/style>\n\t<\/section>\n\t\n\t<section class=\"section\" id=\"section_691818168\">\n\t\t<div class=\"bg section-bg fill bg-fill  bg-loaded\" >\n\n\t\t\t\n\t\t\t<div class=\"section-bg-overlay absolute fill\"><\/div>\n\t\t\t\n\n\t\t<\/div>\n\n\t\t\n\n\t\t<div class=\"section-content relative\">\n\t\t\t\n<div class=\"is-divider divider clearfix\" style=\"margin-top:0.0em;margin-bottom:0.0em;max-width:0px;height:20px;\"><\/div>\n<div class=\"row row-large align-middle\"  id=\"row-289515961\">\n\n\t<div id=\"col-2045698547\" class=\"col medium-6 small-12 large-6\"  >\n\t\t\t\t<div class=\"col-inner\"  >\n\t\t\t\n\t\t\t\n\t<div class=\"img has-hover x md-x lg-x y md-y lg-y\" id=\"image_1155439082\">\n\t\t\t\t\t\t\t\t<div class=\"img-inner dark\" >\n\t\t\t<img loading=\"lazy\" decoding=\"async\" width=\"1000\" height=\"1000\" src=\"https:\/\/metalpie.com\/wp-content\/uploads\/2022\/11\/ES_116.webp\" class=\"attachment-large size-large\" alt=\"Amostra de porta deslizante de alum\u00ednio ES116\" srcset=\"https:\/\/metalpie.com\/wp-content\/uploads\/2022\/11\/ES_116.webp 1000w, https:\/\/metalpie.com\/wp-content\/uploads\/2022\/11\/ES_116-300x300.webp 300w, https:\/\/metalpie.com\/wp-content\/uploads\/2022\/11\/ES_116-80x80.webp 80w, https:\/\/metalpie.com\/wp-content\/uploads\/2022\/11\/ES_116-768x768.webp 768w, https:\/\/metalpie.com\/wp-content\/uploads\/2022\/11\/ES_116-500x500.webp 500w, https:\/\/metalpie.com\/wp-content\/uploads\/2022\/11\/ES_116-800x800.webp 800w, https:\/\/metalpie.com\/wp-content\/uploads\/2022\/11\/ES_116-100x100.webp 100w\" sizes=\"auto, (max-width: 1000px) 100vw, 1000px\" \/>\t\t\t\t\t\t\n\t\t\t\t\t<\/div>\n\t\t\t\t\t\t\t\t\n<style>\n#image_1155439082 {\n  width: 100%;\n}\n<\/style>\n\t<\/div>\n\t\n\t\t<\/div>\n\t\t\t\t\t<\/div>\n\n\t\n\n\t<div id=\"col-592126790\" class=\"col medium-6 small-12 large-6\"  >\n\t\t\t\t<div class=\"col-inner text-left\"  >\n\t\t\t\n\t\t\t\n<h2><span data-preserver-spaces=\"true\">ES116 Amostra de porta deslizante de alum\u00ednio<\/span><\/h2>\n<p><span data-preserver-spaces=\"true\">Na imagem, voc\u00ea pode ver que h\u00e1 duas pe\u00e7as de vidro na porta deslizante de alum\u00ednio ES116. Acrescentamos uma ruptura t\u00e9rmica para separar a moldura da porta de alum\u00ednio para um melhor isolamento t\u00e9rmico. Esse \u00e9 um design popular de alum\u00ednio com ponte quebrada. Se quiser uma amostra da porta, entre em contato conosco!<\/span><\/p>\n<p><strong>Especifica\u00e7\u00f5es:<\/strong><\/p>\n<ul>\n<li><span data-preserver-spaces=\"true\">Profundidade da estrutura: 116 mm<\/span><\/li>\n<li><span data-preserver-spaces=\"true\">Quebra t\u00e9rmica: 15 mm\/18,6 mm<\/span><\/li>\n<li><span data-preserver-spaces=\"true\">Profundidade do ventilador: 52 mm<\/span><\/li>\n<li><span data-preserver-spaces=\"true\">Quebra t\u00e9rmica: 15 mm<\/span><\/li>\n<\/ul>\n\t\t<\/div>\n\t\t\t\t\t<\/div>\n\n\t\n\n<style>\n#row-289515961 > .col > .col-inner {\n  padding: 0px 20px 0px 20px;\n}\n<\/style>\n<\/div>\n\t\t<\/div>\n\n\t\t\n<style>\n#section_691818168 {\n  padding-top: 0px;\n  padding-bottom: 0px;\n  background-color: rgb(193, 193, 193);\n}\n#section_691818168 .section-bg-overlay {\n  background-color: rgba(255, 255, 255, 0.85);\n}\n<\/style>\n\t<\/section>","protected":false},"excerpt":{"rendered":"<p>A porta dobr\u00e1vel ES116 \u00e9 um estilo simples que pode ser aplicado na porta da cozinha, varanda, sala de reuni\u00f5es, etc. Essa porta dobr\u00e1vel faz com que seu c\u00f4modo pare\u00e7a muito mais limpo e arrumado.<\/p>","protected":false},"featured_media":2774,"comment_status":"closed","ping_status":"closed","template":"","meta":[],"product_cat":[15],"class_list":["post-2773","product","type-product","status-publish","has-post-thumbnail","hentry","product_cat-aluminum-windows-doors"],"yoast_head":"<!-- This site is optimized with the Yoast SEO plugin v21.5 - https:\/\/yoast.com\/wordpress\/plugins\/seo\/ -->\n<title>ES116 Sliding Door | Aluminum Sliding Glass Doors- METALPIE<\/title>\n<meta name=\"description\" content=\"ES116 sliding door is suitable for home, hotel, and company, including kitchen, balcony, bathroom, and meeting room... We can customize the size you want.\" \/>\n<meta name=\"robots\" content=\"index, follow, max-snippet:-1, max-image-preview:large, max-video-preview:-1\" \/>\n<link rel=\"canonical\" href=\"https:\/\/metalpie.com\/pt\/janelas-e-portas-de-aluminio\/es116-porta-deslizante\/\" \/>\n<meta property=\"og:locale\" content=\"pt_BR\" \/>\n<meta property=\"og:type\" content=\"article\" \/>\n<meta property=\"og:title\" content=\"ES116 Sliding Door | Aluminum Sliding Glass Doors- METALPIE\" \/>\n<meta property=\"og:description\" content=\"ES116 sliding door is suitable for home, hotel, and company, including kitchen, balcony, bathroom, and meeting room... We can customize the size you want.\" \/>\n<meta property=\"og:url\" content=\"https:\/\/metalpie.com\/pt\/janelas-e-portas-de-aluminio\/es116-porta-deslizante\/\" \/>\n<meta property=\"og:site_name\" content=\"METALPIE\" \/>\n<meta property=\"article:modified_time\" content=\"2023-02-17T06:52:09+00:00\" \/>\n<meta property=\"og:image\" content=\"https:\/\/metalpie.com\/wp-content\/uploads\/2022\/10\/ES116_sliding_door_001image.webp\" \/>\n\t<meta property=\"og:image:width\" content=\"1000\" \/>\n\t<meta property=\"og:image:height\" content=\"1000\" \/>\n\t<meta property=\"og:image:type\" content=\"image\/webp\" \/>\n<meta name=\"twitter:card\" content=\"summary_large_image\" \/>\n<meta name=\"twitter:label1\" content=\"Est. tempo de leitura\" \/>\n\t<meta name=\"twitter:data1\" content=\"3 minutos\" \/>\n<script type=\"application\/ld+json\" class=\"yoast-schema-graph\">{\"@context\":\"https:\/\/schema.org\",\"@graph\":[{\"@type\":\"WebPage\",\"@id\":\"https:\/\/metalpie.com\/aluminum-windows-doors\/es116-sliding-door\/\",\"url\":\"https:\/\/metalpie.com\/aluminum-windows-doors\/es116-sliding-door\/\",\"name\":\"ES116 Sliding Door | Aluminum Sliding Glass Doors- METALPIE\",\"isPartOf\":{\"@id\":\"https:\/\/metalpie.com\/#website\"},\"datePublished\":\"2022-10-09T05:28:02+00:00\",\"dateModified\":\"2023-02-17T06:52:09+00:00\",\"description\":\"ES116 sliding door is suitable for home, hotel, and company, including kitchen, balcony, bathroom, and meeting room... We can customize the size you want.\",\"breadcrumb\":{\"@id\":\"https:\/\/metalpie.com\/aluminum-windows-doors\/es116-sliding-door\/#breadcrumb\"},\"inLanguage\":\"pt-BR\",\"potentialAction\":[{\"@type\":\"ReadAction\",\"target\":[\"https:\/\/metalpie.com\/aluminum-windows-doors\/es116-sliding-door\/\"]}]},{\"@type\":\"BreadcrumbList\",\"@id\":\"https:\/\/metalpie.com\/aluminum-windows-doors\/es116-sliding-door\/#breadcrumb\",\"itemListElement\":[{\"@type\":\"ListItem\",\"position\":1,\"name\":\"Home\",\"item\":\"https:\/\/metalpie.com\/\"},{\"@type\":\"ListItem\",\"position\":2,\"name\":\"Products\",\"item\":\"https:\/\/metalpie.com\/shop\/\"},{\"@type\":\"ListItem\",\"position\":3,\"name\":\"ES116 Aluminum Sliding Glass Door\"}]},{\"@type\":\"WebSite\",\"@id\":\"https:\/\/metalpie.com\/#website\",\"url\":\"https:\/\/metalpie.com\/\",\"name\":\"METALPIE\",\"description\":\"Precision Metal Fabrication | Tools, Processes &amp; More\",\"potentialAction\":[{\"@type\":\"SearchAction\",\"target\":{\"@type\":\"EntryPoint\",\"urlTemplate\":\"https:\/\/metalpie.com\/?s={search_term_string}\"},\"query-input\":\"required name=search_term_string\"}],\"inLanguage\":\"pt-BR\"}]}<\/script>\n<!-- \/ Yoast SEO plugin. -->","yoast_head_json":{"title":"ES116 Porta de correr | Portas de vidro deslizantes de alum\u00ednio - METALPIE","description":"A porta deslizante ES116 \u00e9 adequada para resid\u00eancias, hot\u00e9is e empresas, incluindo cozinha, varanda, banheiro e sala de reuni\u00f5es... Podemos personalizar o tamanho que voc\u00ea quiser.","robots":{"index":"index","follow":"follow","max-snippet":"max-snippet:-1","max-image-preview":"max-image-preview:large","max-video-preview":"max-video-preview:-1"},"canonical":"https:\/\/metalpie.com\/pt\/janelas-e-portas-de-aluminio\/es116-porta-deslizante\/","og_locale":"pt_BR","og_type":"article","og_title":"ES116 Sliding Door | Aluminum Sliding Glass Doors- METALPIE","og_description":"ES116 sliding door is suitable for home, hotel, and company, including kitchen, balcony, bathroom, and meeting room... We can customize the size you want.","og_url":"https:\/\/metalpie.com\/pt\/janelas-e-portas-de-aluminio\/es116-porta-deslizante\/","og_site_name":"METALPIE","article_modified_time":"2023-02-17T06:52:09+00:00","og_image":[{"width":1000,"height":1000,"url":"https:\/\/metalpie.com\/wp-content\/uploads\/2022\/10\/ES116_sliding_door_001image.webp","type":"image\/webp"}],"twitter_card":"summary_large_image","twitter_misc":{"Est. tempo de leitura":"3 minutos"},"schema":{"@context":"https:\/\/schema.org","@graph":[{"@type":"WebPage","@id":"https:\/\/metalpie.com\/aluminum-windows-doors\/es116-sliding-door\/","url":"https:\/\/metalpie.com\/aluminum-windows-doors\/es116-sliding-door\/","name":"ES116 Porta de correr | Portas de vidro deslizantes de alum\u00ednio - METALPIE","isPartOf":{"@id":"https:\/\/metalpie.com\/#website"},"datePublished":"2022-10-09T05:28:02+00:00","dateModified":"2023-02-17T06:52:09+00:00","description":"A porta deslizante ES116 \u00e9 adequada para resid\u00eancias, hot\u00e9is e empresas, incluindo cozinha, varanda, banheiro e sala de reuni\u00f5es... Podemos personalizar o tamanho que voc\u00ea quiser.","breadcrumb":{"@id":"https:\/\/metalpie.com\/aluminum-windows-doors\/es116-sliding-door\/#breadcrumb"},"inLanguage":"pt-BR","potentialAction":[{"@type":"ReadAction","target":["https:\/\/metalpie.com\/aluminum-windows-doors\/es116-sliding-door\/"]}]},{"@type":"BreadcrumbList","@id":"https:\/\/metalpie.com\/aluminum-windows-doors\/es116-sliding-door\/#breadcrumb","itemListElement":[{"@type":"ListItem","position":1,"name":"Home","item":"https:\/\/metalpie.com\/"},{"@type":"ListItem","position":2,"name":"Products","item":"https:\/\/metalpie.com\/shop\/"},{"@type":"ListItem","position":3,"name":"ES116 Aluminum Sliding Glass Door"}]},{"@type":"WebSite","@id":"https:\/\/metalpie.com\/#website","url":"https:\/\/metalpie.com\/","name":"METALPIE","description":"Fabrica\u00e7\u00e3o de metais de precis\u00e3o | Ferramentas, processos e muito mais","potentialAction":[{"@type":"SearchAction","target":{"@type":"EntryPoint","urlTemplate":"https:\/\/metalpie.com\/?s={search_term_string}"},"query-input":"required name=search_term_string"}],"inLanguage":"pt-BR"}]}},"_links":{"self":[{"href":"https:\/\/metalpie.com\/pt\/wp-json\/wp\/v2\/product\/2773","targetHints":{"allow":["GET"]}}],"collection":[{"href":"https:\/\/metalpie.com\/pt\/wp-json\/wp\/v2\/product"}],"about":[{"href":"https:\/\/metalpie.com\/pt\/wp-json\/wp\/v2\/types\/product"}],"replies":[{"embeddable":true,"href":"https:\/\/metalpie.com\/pt\/wp-json\/wp\/v2\/comments?post=2773"}],"wp:featuredmedia":[{"embeddable":true,"href":"https:\/\/metalpie.com\/pt\/wp-json\/wp\/v2\/media\/2774"}],"wp:attachment":[{"href":"https:\/\/metalpie.com\/pt\/wp-json\/wp\/v2\/media?parent=2773"}],"wp:term":[{"taxonomy":"product_cat","embeddable":true,"href":"https:\/\/metalpie.com\/pt\/wp-json\/wp\/v2\/product_cat?post=2773"}],"curies":[{"name":"wp","href":"https:\/\/api.w.org\/{rel}","templated":true}]}}