{"id":2768,"date":"2022-10-09T13:17:33","date_gmt":"2022-10-09T05:17:33","guid":{"rendered":"https:\/\/metalpie.com\/?post_type=product&#038;p=2768"},"modified":"2022-11-29T08:27:23","modified_gmt":"2022-11-29T00:27:23","slug":"porta-deslizante-de-aluminio-ep86","status":"publish","type":"product","link":"https:\/\/metalpie.com\/pt\/janelas-e-portas-de-aluminio\/porta-deslizante-de-aluminio-ep86\/","title":{"rendered":"Porta deslizante de alum\u00ednio EP86"},"content":{"rendered":"<section class=\"section\" id=\"section_786410998\">\n\t\t<div class=\"bg section-bg fill bg-fill  bg-loaded\" >\n\n\t\t\t\n\t\t\t\n\t\t\t\n\n\t\t<\/div>\n\n\t\t\n\n\t\t<div class=\"section-content relative\">\n\t\t\t\n<div class=\"row\"  id=\"row-136835581\">\n\n\t<div id=\"col-967804262\" class=\"col small-12 large-12\"  >\n\t\t\t\t<div class=\"col-inner\"  >\n\t\t\t\n\t\t\t\n<h2>Descri\u00e7\u00e3o da porta deslizante de alum\u00ednio<\/h2>\n<p>A EP86 \u00e9 uma porta deslizante de pista \u00fanica. Ao deslizar os lados direito e esquerdo, \u00e9 f\u00e1cil de abrir. Muitas molduras de alum\u00ednio dividem o vidro em v\u00e1rias partes, o que \u00e9 bom para uma porta divis\u00f3ria. As molduras pretas desviam sua aten\u00e7\u00e3o, portanto essa porta enriquece melhor sua decora\u00e7\u00e3o. Essa porta pode ser aberta apenas parcialmente, e dois pain\u00e9is s\u00e3o fixados ao abri-la.<\/p>\n<h2><span data-preserver-spaces=\"true\">Ferragens de alum\u00ednio para portas<\/span><\/h2>\n<ul>\n<li><span data-preserver-spaces=\"true\">H\u00e1 quatro pain\u00e9is. Dois pain\u00e9is s\u00e3o fixos e outros dois s\u00e3o deslizantes. Os pain\u00e9is ativos t\u00eam uma moldura de porta de alum\u00ednio estendida como ma\u00e7aneta. Assim, \u00e9 f\u00e1cil e seguro abrir a porta.<\/span><\/li>\n<li><span data-preserver-spaces=\"true\">A moldura da porta de alum\u00ednio n\u00e3o \u00e9 uma ponte de alum\u00ednio quebrada. Se sua casa tiver aquecimento no inverno, ser\u00e1 f\u00e1cil transferir o calor para todos os c\u00f4modos.\u00a0\u00a0<\/span><\/li>\n<\/ul>\n<h2>Cor e tamanho<\/h2>\n<p>Usamos cinco processos: revestimento em p\u00f3, revestimento em PVDF, gr\u00e3o de madeira, anodiza\u00e7\u00e3o e eletroforese para colorir esquadrias de alum\u00ednio. Cores e tamanhos personalizados tamb\u00e9m est\u00e3o dispon\u00edveis.<\/p>\n<h2><span data-preserver-spaces=\"true\">Recursos<\/span><\/h2>\n<ul>\n<li><span data-preserver-spaces=\"true\">As molduras das portas de alum\u00ednio s\u00e3o excelentes, o que pode bloquear a vis\u00e3o para atingir a fun\u00e7\u00e3o de uma porta divis\u00f3ria.<\/span><\/li>\n<li><span data-preserver-spaces=\"true\">\u00c9 uma porta deslizante de pista \u00fanica.\u00a0<\/span><\/li>\n<li><span data-preserver-spaces=\"true\">\u00c9 uma porta com abertura em ambos os lados.<\/span><\/li>\n<\/ul>\n\t\t<\/div>\n\t\t\t\t\t<\/div>\n\n\t\n<\/div>\n\t\t<\/div>\n\n\t\t\n<style>\n#section_786410998 {\n  padding-top: 30px;\n  padding-bottom: 30px;\n}\n<\/style>\n\t<\/section>\n\t\n\t<section class=\"section\" id=\"section_179268809\">\n\t\t<div class=\"bg section-bg fill bg-fill  bg-loaded\" >\n\n\t\t\t\n\t\t\t\n\t\t\t\n\n\t\t<\/div>\n\n\t\t\t<div class=\"ux-shape-divider ux-shape-divider--top ux-shape-divider--style-curve-opacity\">\n\t\t<svg viewbox=\"0 0 1000 100\" xmlns=\"http:\/\/www.w3.org\/2000\/svg\" preserveaspectratio=\"none\">\n\t\t<path class=\"ux-shape-fill\" opacity=\"0.15\" d=\"M0 14C0 14 88.64 17.48 300 50C560 90 814 77 1003 40L1015 68L1018 104H0V14Z\"\/>\n\t\t<path class=\"ux-shape-fill\" opacity=\"0.3\" d=\"M0 45C0 45 271 90.13 500 77C657 68 830 30 1015 14V100H0V45Z\"\/>\n\t\t<path class=\"ux-shape-fill\" d=\"M0 58C0 58 188.29 90 508 90C798 90 1002 55 1002 55V100H0V58Z\"\/>\n<\/svg>\n\t<\/div>\n\n\n\t\t<div class=\"section-content relative\">\n\t\t\t\n<div class=\"is-divider divider clearfix\" style=\"margin-top:0px;margin-bottom:0px;max-width:0px;height:30px;\"><\/div>\n<div class=\"row row-collapse align-middle\"  id=\"row-219617085\">\n\n\t<div id=\"col-1407256524\" class=\"col medium-6 small-12 large-6\"  >\n\t\t\t\t<div class=\"col-inner\"  >\n\t\t\t\n\t\t\t\n<div class=\"row row-small align-middle\"  id=\"row-2146853533\">\n\n\t<div id=\"col-2127609054\" class=\"col medium-7 small-12 large-7\"  >\n\t\t\t\t<div class=\"col-inner\"  >\n\t\t\t\n\t\t\t\n\t<div class=\"img has-hover x md-x lg-x y md-y lg-y\" id=\"image_889581173\">\n\t\t\t\t\t\t\t\t<div class=\"img-inner dark\" >\n\t\t\t<img loading=\"lazy\" decoding=\"async\" width=\"532\" height=\"366\" src=\"https:\/\/metalpie.com\/wp-content\/uploads\/2022\/09\/block_Universal_products_bottom_001.1image.jpg.webp\" class=\"attachment-original size-original\" alt=\"\" srcset=\"https:\/\/metalpie.com\/wp-content\/uploads\/2022\/09\/block_Universal_products_bottom_001.1image.jpg.webp 532w, https:\/\/metalpie.com\/wp-content\/uploads\/2022\/09\/block_Universal_products_bottom_001.1image.jpg-300x206.webp 300w\" sizes=\"auto, (max-width: 532px) 100vw, 532px\" \/>\t\t\t\t\t\t\n\t\t\t\t\t<\/div>\n\t\t\t\t\t\t\t\t\n<style>\n#image_889581173 {\n  width: 100%;\n}\n<\/style>\n\t<\/div>\n\t\n\t\t<\/div>\n\t\t\t\t\t<\/div>\n\n\t\n\n\t<div id=\"col-2000493998\" class=\"col medium-5 small-12 large-5\"  >\n\t\t\t\t<div class=\"col-inner\"  >\n\t\t\t\n\t\t\t\n\t<div id=\"text-3567440716\" class=\"text\">\n\t\t\n<h5>Bom desempenho herm\u00e9tico<\/h5>\n\t\t\n<style>\n#text-3567440716 {\n  text-align: center;\n}\n@media (min-width:550px) {\n  #text-3567440716 {\n    text-align: left;\n  }\n}\n<\/style>\n\t<\/div>\n\t\n\t\t<\/div>\n\t\t\t\t\t<\/div>\n\n\t\n<\/div>\n\t\t<\/div>\n\t\t\t\t\t<\/div>\n\n\t\n\n\t<div id=\"col-568229015\" class=\"col medium-6 small-12 large-6\"  >\n\t\t\t\t<div class=\"col-inner\"  >\n\t\t\t\n\t\t\t\n<div class=\"row row-small align-middle\"  id=\"row-212622438\">\n\n\t<div id=\"col-2130924577\" class=\"col medium-7 small-12 large-7\"  >\n\t\t\t\t<div class=\"col-inner\"  >\n\t\t\t\n\t\t\t\n\t<div class=\"img has-hover x md-x lg-x y md-y lg-y\" id=\"image_757284406\">\n\t\t\t\t\t\t\t\t<div class=\"img-inner dark\" >\n\t\t\t<img loading=\"lazy\" decoding=\"async\" width=\"534\" height=\"368\" src=\"https:\/\/metalpie.com\/wp-content\/uploads\/2022\/09\/block_Universal_products_bottom_002.2image.jpg.webp\" class=\"attachment-original size-original\" alt=\"\" srcset=\"https:\/\/metalpie.com\/wp-content\/uploads\/2022\/09\/block_Universal_products_bottom_002.2image.jpg.webp 534w, https:\/\/metalpie.com\/wp-content\/uploads\/2022\/09\/block_Universal_products_bottom_002.2image.jpg-300x207.webp 300w\" sizes=\"auto, (max-width: 534px) 100vw, 534px\" \/>\t\t\t\t\t\t\n\t\t\t\t\t<\/div>\n\t\t\t\t\t\t\t\t\n<style>\n#image_757284406 {\n  width: 100%;\n}\n<\/style>\n\t<\/div>\n\t\n\t\t<\/div>\n\t\t\t\t\t<\/div>\n\n\t\n\n\t<div id=\"col-1481325317\" class=\"col medium-5 small-12 large-5\"  >\n\t\t\t\t<div class=\"col-inner\"  >\n\t\t\t\n\t\t\t\n\t<div id=\"text-3978566139\" class=\"text\">\n\t\t\n<h5>Boa resist\u00eancia \u00e0 press\u00e3o do vento<\/h5>\n\t\t\n<style>\n#text-3978566139 {\n  text-align: center;\n}\n@media (min-width:550px) {\n  #text-3978566139 {\n    text-align: left;\n  }\n}\n<\/style>\n\t<\/div>\n\t\n\t\t<\/div>\n\t\t\t\t\t<\/div>\n\n\t\n<\/div>\n\t\t<\/div>\n\t\t\t\t\t<\/div>\n\n\t\n\n\t<div id=\"col-1355119608\" class=\"col medium-6 small-12 large-6\"  >\n\t\t\t\t<div class=\"col-inner\"  >\n\t\t\t\n\t\t\t\n<div class=\"row row-small align-middle\"  id=\"row-761250480\">\n\n\t<div id=\"col-1771924601\" class=\"col medium-7 small-12 large-7\"  >\n\t\t\t\t<div class=\"col-inner\"  >\n\t\t\t\n\t\t\t\n\t<div class=\"img has-hover x md-x lg-x y md-y lg-y\" id=\"image_862367196\">\n\t\t\t\t\t\t\t\t<div class=\"img-inner dark\" >\n\t\t\t<img loading=\"lazy\" decoding=\"async\" width=\"531\" height=\"366\" src=\"https:\/\/metalpie.com\/wp-content\/uploads\/2022\/09\/block_Universal_products_bottom_003.3image.jpg.webp\" class=\"attachment-original size-original\" alt=\"\" srcset=\"https:\/\/metalpie.com\/wp-content\/uploads\/2022\/09\/block_Universal_products_bottom_003.3image.jpg.webp 531w, https:\/\/metalpie.com\/wp-content\/uploads\/2022\/09\/block_Universal_products_bottom_003.3image.jpg-300x207.webp 300w\" sizes=\"auto, (max-width: 531px) 100vw, 531px\" \/>\t\t\t\t\t\t\n\t\t\t\t\t<\/div>\n\t\t\t\t\t\t\t\t\n<style>\n#image_862367196 {\n  width: 100%;\n}\n<\/style>\n\t<\/div>\n\t\n\t\t<\/div>\n\t\t\t\t\t<\/div>\n\n\t\n\n\t<div id=\"col-210679434\" class=\"col medium-5 small-12 large-5\"  >\n\t\t\t\t<div class=\"col-inner\"  >\n\t\t\t\n\t\t\t\n\t<div id=\"text-3550682669\" class=\"text\">\n\t\t\n<h5>Bom desempenho \u00e0 prova d'\u00e1gua<\/h5>\n\t\t\n<style>\n#text-3550682669 {\n  text-align: center;\n}\n@media (min-width:550px) {\n  #text-3550682669 {\n    text-align: left;\n  }\n}\n<\/style>\n\t<\/div>\n\t\n\t\t<\/div>\n\t\t\t\t\t<\/div>\n\n\t\n<\/div>\n\t\t<\/div>\n\t\t\t\t\t<\/div>\n\n\t\n\n\t<div id=\"col-1772505669\" class=\"col medium-6 small-12 large-6\"  >\n\t\t\t\t<div class=\"col-inner\"  >\n\t\t\t\n\t\t\t\n<div class=\"row row-small align-middle\"  id=\"row-1175627373\">\n\n\t<div id=\"col-979959879\" class=\"col medium-7 small-12 large-7\"  >\n\t\t\t\t<div class=\"col-inner\"  >\n\t\t\t\n\t\t\t\n\t<div class=\"img has-hover x md-x lg-x y md-y lg-y\" id=\"image_2074456234\">\n\t\t\t\t\t\t\t\t<div class=\"img-inner dark\" >\n\t\t\t<img loading=\"lazy\" decoding=\"async\" width=\"531\" height=\"365\" src=\"https:\/\/metalpie.com\/wp-content\/uploads\/2022\/09\/block_Universal_products_bottom_004.4image.jpg.webp\" class=\"attachment-original size-original\" alt=\"\" srcset=\"https:\/\/metalpie.com\/wp-content\/uploads\/2022\/09\/block_Universal_products_bottom_004.4image.jpg.webp 531w, https:\/\/metalpie.com\/wp-content\/uploads\/2022\/09\/block_Universal_products_bottom_004.4image.jpg-300x206.webp 300w\" sizes=\"auto, (max-width: 531px) 100vw, 531px\" \/>\t\t\t\t\t\t\n\t\t\t\t\t<\/div>\n\t\t\t\t\t\t\t\t\n<style>\n#image_2074456234 {\n  width: 100%;\n}\n<\/style>\n\t<\/div>\n\t\n\t\t<\/div>\n\t\t\t\t\t<\/div>\n\n\t\n\n\t<div id=\"col-165620801\" class=\"col medium-5 small-12 large-5\"  >\n\t\t\t\t<div class=\"col-inner\"  >\n\t\t\t\n\t\t\t\n\t<div id=\"text-4029444298\" class=\"text\">\n\t\t\n<h5>Bom desempenho de isolamento t\u00e9rmico<\/h5>\n\t\t\n<style>\n#text-4029444298 {\n  text-align: center;\n}\n@media (min-width:550px) {\n  #text-4029444298 {\n    text-align: left;\n  }\n}\n<\/style>\n\t<\/div>\n\t\n\t\t<\/div>\n\t\t\t\t\t<\/div>\n\n\t\n<\/div>\n\t\t<\/div>\n\t\t\t\t\t<\/div>\n\n\t\n\n<style>\n#row-219617085 > .col > .col-inner {\n  padding: 0px 20px 0px 20px;\n}\n<\/style>\n<\/div>\n\t\t<\/div>\n\n\t\t\n<style>\n#section_179268809 {\n  padding-top: 0px;\n  padding-bottom: 0px;\n  background-color: rgb(245, 245, 245);\n}\n#section_179268809 .ux-shape-divider--top svg {\n  height: 143px;\n  --divider-top-width: 100%;\n}\n<\/style>\n\t<\/section>\n\t\n\t<section class=\"section\" id=\"section_1609078159\">\n\t\t<div class=\"bg section-bg fill bg-fill  bg-loaded\" >\n\n\t\t\t\n\t\t\t\n\t\t\t\n\n\t\t<\/div>\n\n\t\t\n\n\t\t<div class=\"section-content relative\">\n\t\t\t\n<div class=\"row\"  id=\"row-1951366546\">\n\n\t<div id=\"col-1830935525\" class=\"col small-12 large-12\"  >\n\t\t\t\t<div class=\"col-inner\"  >\n\t\t\t\n\t\t\t\n<h2>Faixas de aplica\u00e7\u00e3o da porta deslizante de alum\u00ednio EP86<\/h2>\n<ul>\n<li>Resid\u00eancias<\/li>\n<li>Moradias<\/li>\n<li>Pr\u00e9dios comerciais<\/li>\n<li>Shopping centers<\/li>\n<\/ul>\n\t\t<\/div>\n\t\t\t\t\t<\/div>\n\n\t\n<\/div>\n\t\t<\/div>\n\n\t\t\n<style>\n#section_1609078159 {\n  padding-top: 30px;\n  padding-bottom: 30px;\n}\n<\/style>\n\t<\/section>","protected":false},"excerpt":{"rendered":"<p>A porta deslizante EP86 permite a personaliza\u00e7\u00e3o de v\u00e1rias especifica\u00e7\u00f5es. Voc\u00ea pode escolher a cor da moldura da porta de alum\u00ednio de acordo com seu estilo de decora\u00e7\u00e3o, como a mais comum, branca ou preta.<\/p>","protected":false},"featured_media":2769,"comment_status":"closed","ping_status":"closed","template":"","meta":[],"product_cat":[15],"class_list":["post-2768","product","type-product","status-publish","has-post-thumbnail","hentry","product_cat-aluminum-windows-doors"],"yoast_head":"<!-- This site is optimized with the Yoast SEO plugin v21.5 - https:\/\/yoast.com\/wordpress\/plugins\/seo\/ -->\n<title>EP86 Aluminum Sliding Door | Aluminum Door Frame<\/title>\n<meta name=\"description\" content=\"EP86 aluminum sliding door is a simple style with multiple square or rectangular frames. These frames will not block the view and are very fashionable.\" \/>\n<meta name=\"robots\" content=\"index, follow, max-snippet:-1, max-image-preview:large, max-video-preview:-1\" \/>\n<link rel=\"canonical\" href=\"https:\/\/metalpie.com\/pt\/janelas-e-portas-de-aluminio\/porta-deslizante-de-aluminio-ep86\/\" \/>\n<meta property=\"og:locale\" content=\"pt_BR\" \/>\n<meta property=\"og:type\" content=\"article\" \/>\n<meta property=\"og:title\" content=\"EP86 Aluminum Sliding Door | Aluminum Door Frame\" \/>\n<meta property=\"og:description\" content=\"EP86 aluminum sliding door is a simple style with multiple square or rectangular frames. These frames will not block the view and are very fashionable.\" \/>\n<meta property=\"og:url\" content=\"https:\/\/metalpie.com\/pt\/janelas-e-portas-de-aluminio\/porta-deslizante-de-aluminio-ep86\/\" \/>\n<meta property=\"og:site_name\" content=\"METALPIE\" \/>\n<meta property=\"article:modified_time\" content=\"2022-11-29T00:27:23+00:00\" \/>\n<meta property=\"og:image\" content=\"https:\/\/metalpie.com\/wp-content\/uploads\/2022\/10\/EP86_sliding_door_001image.webp\" \/>\n\t<meta property=\"og:image:width\" content=\"1000\" \/>\n\t<meta property=\"og:image:height\" content=\"1000\" \/>\n\t<meta property=\"og:image:type\" content=\"image\/webp\" \/>\n<meta name=\"twitter:card\" content=\"summary_large_image\" \/>\n<meta name=\"twitter:label1\" content=\"Est. tempo de leitura\" \/>\n\t<meta name=\"twitter:data1\" content=\"2 minutos\" \/>\n<script type=\"application\/ld+json\" class=\"yoast-schema-graph\">{\"@context\":\"https:\/\/schema.org\",\"@graph\":[{\"@type\":\"WebPage\",\"@id\":\"https:\/\/metalpie.com\/pt\/janelas-e-portas-de-aluminio\/porta-deslizante-de-aluminio-ep86\/\",\"url\":\"https:\/\/metalpie.com\/pt\/janelas-e-portas-de-aluminio\/porta-deslizante-de-aluminio-ep86\/\",\"name\":\"EP86 Aluminum Sliding Door | Aluminum Door Frame\",\"isPartOf\":{\"@id\":\"https:\/\/metalpie.com\/#website\"},\"datePublished\":\"2022-10-09T05:17:33+00:00\",\"dateModified\":\"2022-11-29T00:27:23+00:00\",\"description\":\"EP86 aluminum sliding door is a simple style with multiple square or rectangular frames. These frames will not block the view and are very fashionable.\",\"breadcrumb\":{\"@id\":\"https:\/\/metalpie.com\/pt\/janelas-e-portas-de-aluminio\/porta-deslizante-de-aluminio-ep86\/#breadcrumb\"},\"inLanguage\":\"pt-BR\",\"potentialAction\":[{\"@type\":\"ReadAction\",\"target\":[\"https:\/\/metalpie.com\/pt\/janelas-e-portas-de-aluminio\/porta-deslizante-de-aluminio-ep86\/\"]}]},{\"@type\":\"BreadcrumbList\",\"@id\":\"https:\/\/metalpie.com\/pt\/janelas-e-portas-de-aluminio\/porta-deslizante-de-aluminio-ep86\/#breadcrumb\",\"itemListElement\":[{\"@type\":\"ListItem\",\"position\":1,\"name\":\"Home\",\"item\":\"https:\/\/metalpie.com\/\"},{\"@type\":\"ListItem\",\"position\":2,\"name\":\"Products\",\"item\":\"https:\/\/metalpie.com\/shop\/\"},{\"@type\":\"ListItem\",\"position\":3,\"name\":\"EP86 Aluminum Sliding Door\"}]},{\"@type\":\"WebSite\",\"@id\":\"https:\/\/metalpie.com\/#website\",\"url\":\"https:\/\/metalpie.com\/\",\"name\":\"METALPIE\",\"description\":\"Precision Metal Fabrication | Tools, Processes &amp; More\",\"potentialAction\":[{\"@type\":\"SearchAction\",\"target\":{\"@type\":\"EntryPoint\",\"urlTemplate\":\"https:\/\/metalpie.com\/?s={search_term_string}\"},\"query-input\":\"required name=search_term_string\"}],\"inLanguage\":\"pt-BR\"}]}<\/script>\n<!-- \/ Yoast SEO plugin. -->","yoast_head_json":{"title":"EP86 Porta deslizante de alum\u00ednio | Moldura de porta de alum\u00ednio","description":"A porta deslizante de alum\u00ednio EP86 \u00e9 um estilo simples com v\u00e1rias molduras quadradas ou retangulares. Essas molduras n\u00e3o bloqueiam a vis\u00e3o e est\u00e3o muito na moda.","robots":{"index":"index","follow":"follow","max-snippet":"max-snippet:-1","max-image-preview":"max-image-preview:large","max-video-preview":"max-video-preview:-1"},"canonical":"https:\/\/metalpie.com\/pt\/janelas-e-portas-de-aluminio\/porta-deslizante-de-aluminio-ep86\/","og_locale":"pt_BR","og_type":"article","og_title":"EP86 Aluminum Sliding Door | Aluminum Door Frame","og_description":"EP86 aluminum sliding door is a simple style with multiple square or rectangular frames. These frames will not block the view and are very fashionable.","og_url":"https:\/\/metalpie.com\/pt\/janelas-e-portas-de-aluminio\/porta-deslizante-de-aluminio-ep86\/","og_site_name":"METALPIE","article_modified_time":"2022-11-29T00:27:23+00:00","og_image":[{"width":1000,"height":1000,"url":"https:\/\/metalpie.com\/wp-content\/uploads\/2022\/10\/EP86_sliding_door_001image.webp","type":"image\/webp"}],"twitter_card":"summary_large_image","twitter_misc":{"Est. tempo de leitura":"2 minutos"},"schema":{"@context":"https:\/\/schema.org","@graph":[{"@type":"WebPage","@id":"https:\/\/metalpie.com\/pt\/janelas-e-portas-de-aluminio\/porta-deslizante-de-aluminio-ep86\/","url":"https:\/\/metalpie.com\/pt\/janelas-e-portas-de-aluminio\/porta-deslizante-de-aluminio-ep86\/","name":"EP86 Porta deslizante de alum\u00ednio | Moldura de porta de alum\u00ednio","isPartOf":{"@id":"https:\/\/metalpie.com\/#website"},"datePublished":"2022-10-09T05:17:33+00:00","dateModified":"2022-11-29T00:27:23+00:00","description":"A porta deslizante de alum\u00ednio EP86 \u00e9 um estilo simples com v\u00e1rias molduras quadradas ou retangulares. Essas molduras n\u00e3o bloqueiam a vis\u00e3o e est\u00e3o muito na moda.","breadcrumb":{"@id":"https:\/\/metalpie.com\/pt\/janelas-e-portas-de-aluminio\/porta-deslizante-de-aluminio-ep86\/#breadcrumb"},"inLanguage":"pt-BR","potentialAction":[{"@type":"ReadAction","target":["https:\/\/metalpie.com\/pt\/janelas-e-portas-de-aluminio\/porta-deslizante-de-aluminio-ep86\/"]}]},{"@type":"BreadcrumbList","@id":"https:\/\/metalpie.com\/pt\/janelas-e-portas-de-aluminio\/porta-deslizante-de-aluminio-ep86\/#breadcrumb","itemListElement":[{"@type":"ListItem","position":1,"name":"Home","item":"https:\/\/metalpie.com\/"},{"@type":"ListItem","position":2,"name":"Products","item":"https:\/\/metalpie.com\/shop\/"},{"@type":"ListItem","position":3,"name":"EP86 Aluminum Sliding Door"}]},{"@type":"WebSite","@id":"https:\/\/metalpie.com\/#website","url":"https:\/\/metalpie.com\/","name":"METALPIE","description":"Fabrica\u00e7\u00e3o de metais de precis\u00e3o | Ferramentas, processos e muito mais","potentialAction":[{"@type":"SearchAction","target":{"@type":"EntryPoint","urlTemplate":"https:\/\/metalpie.com\/?s={search_term_string}"},"query-input":"required name=search_term_string"}],"inLanguage":"pt-BR"}]}},"_links":{"self":[{"href":"https:\/\/metalpie.com\/pt\/wp-json\/wp\/v2\/product\/2768","targetHints":{"allow":["GET"]}}],"collection":[{"href":"https:\/\/metalpie.com\/pt\/wp-json\/wp\/v2\/product"}],"about":[{"href":"https:\/\/metalpie.com\/pt\/wp-json\/wp\/v2\/types\/product"}],"replies":[{"embeddable":true,"href":"https:\/\/metalpie.com\/pt\/wp-json\/wp\/v2\/comments?post=2768"}],"wp:featuredmedia":[{"embeddable":true,"href":"https:\/\/metalpie.com\/pt\/wp-json\/wp\/v2\/media\/2769"}],"wp:attachment":[{"href":"https:\/\/metalpie.com\/pt\/wp-json\/wp\/v2\/media?parent=2768"}],"wp:term":[{"taxonomy":"product_cat","embeddable":true,"href":"https:\/\/metalpie.com\/pt\/wp-json\/wp\/v2\/product_cat?post=2768"}],"curies":[{"name":"wp","href":"https:\/\/api.w.org\/{rel}","templated":true}]}}