{"id":2758,"date":"2022-10-09T13:06:38","date_gmt":"2022-10-09T05:06:38","guid":{"rendered":"https:\/\/metalpie.com\/?post_type=product&#038;p=2758"},"modified":"2023-02-17T14:55:57","modified_gmt":"2023-02-17T06:55:57","slug":"es139pro-porta-deslizante-com-elevador","status":"publish","type":"product","link":"https:\/\/metalpie.com\/pt\/janelas-e-portas-de-aluminio\/es139pro-porta-deslizante-com-elevador\/","title":{"rendered":"ES139pro Porta de alum\u00ednio para levantar e deslizar"},"content":{"rendered":"<section class=\"section\" id=\"section_995946183\">\n\t\t<div class=\"bg section-bg fill bg-fill  bg-loaded\" >\n\n\t\t\t\n\t\t\t\n\t\t\t\n\n\t\t<\/div>\n\n\t\t\n\n\t\t<div class=\"section-content relative\">\n\t\t\t\n<div class=\"row\"  id=\"row-1767023982\">\n\n\t<div id=\"col-1302140644\" class=\"col small-12 large-12\"  >\n\t\t\t\t<div class=\"col-inner\"  >\n\t\t\t\n\t\t\t\n<h2>Descri\u00e7\u00e3o da porta de alum\u00ednio para eleva\u00e7\u00e3o e deslizamento<\/h2>\n<p>Essa porta de alum\u00ednio \u00e9 preta e tem uma apar\u00eancia elegante. As cores s\u00e3o opcionais, portanto, voc\u00ea pode escolher a cor para fazer uma combina\u00e7\u00e3o harmoniosa de cores. H\u00e1 um sistema de trava confi\u00e1vel e seguro. Depois de trancar a porta, voc\u00ea n\u00e3o precisa se preocupar com a possibilidade de uma pessoa m\u00e1 abrir a porta.<\/p>\n<h2>Ferragens de alum\u00ednio para portas<\/h2>\n<ul>\n<li>A al\u00e7a dupla face facilita a abertura da porta.<\/li>\n<li>Sistema de travamento de v\u00e1rios pontos, seguro e confi\u00e1vel.<\/li>\n<li><span style=\"color: #555555; font-size: 14.4px;\">O trilho inferior tem boa capacidade de suporte de carga.<\/span><\/li>\n<\/ul>\n<h2>Cor e tamanho<\/h2>\n<p>Usamos cinco processos: revestimento em p\u00f3, revestimento em PVDF, gr\u00e3o de madeira, anodiza\u00e7\u00e3o e eletroforese para colorir esquadrias de alum\u00ednio. Cores e tamanhos personalizados tamb\u00e9m est\u00e3o dispon\u00edveis.<\/p>\n<h2>Recursos<\/h2>\n<ul>\n<li>Um \u00fanico painel pode suportar 300 kg.<\/li>\n<li>Ele pode ser equipado com uma porta de tela anti-mosquito.<\/li>\n<li>O painel da porta pode parar em qualquer posi\u00e7\u00e3o.<\/li>\n<li>Excelente estanqueidade ao ar e \u00e0 \u00e1gua.<\/li>\n<li>Excelente resist\u00eancia \u00e0 press\u00e3o do vento.<\/li>\n<li>Design de \u00f3rbita baixa para passagem sem barreiras.<\/li>\n<li>O design de eleva\u00e7\u00e3o e deslizamento faz uma combina\u00e7\u00e3o de moda e est\u00e9tica.<\/li>\n<\/ul>\n\t\t<\/div>\n\t\t\t\t\t<\/div>\n\n\t\n<\/div>\n\t\t<\/div>\n\n\t\t\n<style>\n#section_995946183 {\n  padding-top: 30px;\n  padding-bottom: 30px;\n}\n<\/style>\n\t<\/section>\n\t\n\t<section class=\"section\" id=\"section_1826633358\">\n\t\t<div class=\"bg section-bg fill bg-fill  bg-loaded\" >\n\n\t\t\t\n\t\t\t\n\t\t\t\n\n\t\t<\/div>\n\n\t\t\t<div class=\"ux-shape-divider ux-shape-divider--top ux-shape-divider--style-curve-opacity\">\n\t\t<svg viewbox=\"0 0 1000 100\" xmlns=\"http:\/\/www.w3.org\/2000\/svg\" preserveaspectratio=\"none\">\n\t\t<path class=\"ux-shape-fill\" opacity=\"0.15\" d=\"M0 14C0 14 88.64 17.48 300 50C560 90 814 77 1003 40L1015 68L1018 104H0V14Z\"\/>\n\t\t<path class=\"ux-shape-fill\" opacity=\"0.3\" d=\"M0 45C0 45 271 90.13 500 77C657 68 830 30 1015 14V100H0V45Z\"\/>\n\t\t<path class=\"ux-shape-fill\" d=\"M0 58C0 58 188.29 90 508 90C798 90 1002 55 1002 55V100H0V58Z\"\/>\n<\/svg>\n\t<\/div>\n\n\n\t\t<div class=\"section-content relative\">\n\t\t\t\n<div class=\"is-divider divider clearfix\" style=\"margin-top:0px;margin-bottom:0px;max-width:0px;height:30px;\"><\/div>\n<div class=\"row row-collapse align-middle\"  id=\"row-1417745700\">\n\n\t<div id=\"col-1976219658\" class=\"col medium-6 small-12 large-6\"  >\n\t\t\t\t<div class=\"col-inner\"  >\n\t\t\t\n\t\t\t\n<div class=\"row row-small align-middle\"  id=\"row-735551604\">\n\n\t<div id=\"col-1083885417\" class=\"col medium-7 small-12 large-7\"  >\n\t\t\t\t<div class=\"col-inner\"  >\n\t\t\t\n\t\t\t\n\t<div class=\"img has-hover x md-x lg-x y md-y lg-y\" id=\"image_561918824\">\n\t\t\t\t\t\t\t\t<div class=\"img-inner dark\" >\n\t\t\t<img loading=\"lazy\" decoding=\"async\" width=\"532\" height=\"366\" src=\"https:\/\/metalpie.com\/wp-content\/uploads\/2022\/09\/block_Universal_products_bottom_001.1image.jpg.webp\" class=\"attachment-original size-original\" alt=\"\" srcset=\"https:\/\/metalpie.com\/wp-content\/uploads\/2022\/09\/block_Universal_products_bottom_001.1image.jpg.webp 532w, https:\/\/metalpie.com\/wp-content\/uploads\/2022\/09\/block_Universal_products_bottom_001.1image.jpg-300x206.webp 300w\" sizes=\"auto, (max-width: 532px) 100vw, 532px\" \/>\t\t\t\t\t\t\n\t\t\t\t\t<\/div>\n\t\t\t\t\t\t\t\t\n<style>\n#image_561918824 {\n  width: 100%;\n}\n<\/style>\n\t<\/div>\n\t\n\t\t<\/div>\n\t\t\t\t\t<\/div>\n\n\t\n\n\t<div id=\"col-1606683464\" class=\"col medium-5 small-12 large-5\"  >\n\t\t\t\t<div class=\"col-inner\"  >\n\t\t\t\n\t\t\t\n\t<div id=\"text-1922044227\" class=\"text\">\n\t\t\n<h5>Desempenho herm\u00e9tico<\/h5>\n\t\t\n<style>\n#text-1922044227 {\n  text-align: center;\n}\n@media (min-width:550px) {\n  #text-1922044227 {\n    text-align: left;\n  }\n}\n<\/style>\n\t<\/div>\n\t\n\t<div id=\"text-3010230440\" class=\"text\">\n\t\t\n<p><b>N\u00edvel 8<br \/>\n<\/b>q1=0,3 m\u00b3 \/ (m.h)<br \/>\nq2=0,5 m\u00b3\/ ( \u33a1.h )<\/p>\n\t\t\n<style>\n#text-3010230440 {\n  text-align: center;\n}\n@media (min-width:550px) {\n  #text-3010230440 {\n    text-align: left;\n  }\n}\n<\/style>\n\t<\/div>\n\t\n\t\t<\/div>\n\t\t\t\t\t<\/div>\n\n\t\n<\/div>\n\t\t<\/div>\n\t\t\t\t\t<\/div>\n\n\t\n\n\t<div id=\"col-687755723\" class=\"col medium-6 small-12 large-6\"  >\n\t\t\t\t<div class=\"col-inner\"  >\n\t\t\t\n\t\t\t\n<div class=\"row row-small align-middle\"  id=\"row-725554369\">\n\n\t<div id=\"col-1919083499\" class=\"col medium-7 small-12 large-7\"  >\n\t\t\t\t<div class=\"col-inner\"  >\n\t\t\t\n\t\t\t\n\t<div class=\"img has-hover x md-x lg-x y md-y lg-y\" id=\"image_2025092427\">\n\t\t\t\t\t\t\t\t<div class=\"img-inner dark\" >\n\t\t\t<img loading=\"lazy\" decoding=\"async\" width=\"534\" height=\"368\" src=\"https:\/\/metalpie.com\/wp-content\/uploads\/2022\/09\/block_Universal_products_bottom_002.2image.jpg.webp\" class=\"attachment-original size-original\" alt=\"\" srcset=\"https:\/\/metalpie.com\/wp-content\/uploads\/2022\/09\/block_Universal_products_bottom_002.2image.jpg.webp 534w, https:\/\/metalpie.com\/wp-content\/uploads\/2022\/09\/block_Universal_products_bottom_002.2image.jpg-300x207.webp 300w\" sizes=\"auto, (max-width: 534px) 100vw, 534px\" \/>\t\t\t\t\t\t\n\t\t\t\t\t<\/div>\n\t\t\t\t\t\t\t\t\n<style>\n#image_2025092427 {\n  width: 100%;\n}\n<\/style>\n\t<\/div>\n\t\n\t\t<\/div>\n\t\t\t\t\t<\/div>\n\n\t\n\n\t<div id=\"col-1042574900\" class=\"col medium-5 small-12 large-5\"  >\n\t\t\t\t<div class=\"col-inner\"  >\n\t\t\t\n\t\t\t\n\t<div id=\"text-4288578758\" class=\"text\">\n\t\t\n<h5>Resist\u00eancia \u00e0 press\u00e3o do vento<\/h5>\n\t\t\n<style>\n#text-4288578758 {\n  text-align: center;\n}\n@media (min-width:550px) {\n  #text-4288578758 {\n    text-align: left;\n  }\n}\n<\/style>\n\t<\/div>\n\t\n\t<div id=\"text-3998405225\" class=\"text\">\n\t\t\n<p><strong>N\u00edvel 9<\/strong><br \/>\np3=5,0 Kpa<\/p>\n\t\t\n<style>\n#text-3998405225 {\n  text-align: center;\n}\n@media (min-width:550px) {\n  #text-3998405225 {\n    text-align: left;\n  }\n}\n<\/style>\n\t<\/div>\n\t\n\t\t<\/div>\n\t\t\t\t\t<\/div>\n\n\t\n<\/div>\n\t\t<\/div>\n\t\t\t\t\t<\/div>\n\n\t\n\n\t<div id=\"col-1234092855\" class=\"col medium-6 small-12 large-6\"  >\n\t\t\t\t<div class=\"col-inner\"  >\n\t\t\t\n\t\t\t\n<div class=\"row row-small align-middle\"  id=\"row-1887468645\">\n\n\t<div id=\"col-1573058059\" class=\"col medium-7 small-12 large-7\"  >\n\t\t\t\t<div class=\"col-inner\"  >\n\t\t\t\n\t\t\t\n\t<div class=\"img has-hover x md-x lg-x y md-y lg-y\" id=\"image_960482740\">\n\t\t\t\t\t\t\t\t<div class=\"img-inner dark\" >\n\t\t\t<img loading=\"lazy\" decoding=\"async\" width=\"531\" height=\"366\" src=\"https:\/\/metalpie.com\/wp-content\/uploads\/2022\/09\/block_Universal_products_bottom_003.3image.jpg.webp\" class=\"attachment-original size-original\" alt=\"\" srcset=\"https:\/\/metalpie.com\/wp-content\/uploads\/2022\/09\/block_Universal_products_bottom_003.3image.jpg.webp 531w, https:\/\/metalpie.com\/wp-content\/uploads\/2022\/09\/block_Universal_products_bottom_003.3image.jpg-300x207.webp 300w\" sizes=\"auto, (max-width: 531px) 100vw, 531px\" \/>\t\t\t\t\t\t\n\t\t\t\t\t<\/div>\n\t\t\t\t\t\t\t\t\n<style>\n#image_960482740 {\n  width: 100%;\n}\n<\/style>\n\t<\/div>\n\t\n\t\t<\/div>\n\t\t\t\t\t<\/div>\n\n\t\n\n\t<div id=\"col-41486059\" class=\"col medium-5 small-12 large-5\"  >\n\t\t\t\t<div class=\"col-inner\"  >\n\t\t\t\n\t\t\t\n\t<div id=\"text-2132862175\" class=\"text\">\n\t\t\n<h5>Desempenho \u00e0 prova d'\u00e1gua<\/h5>\n\t\t\n<style>\n#text-2132862175 {\n  text-align: center;\n}\n@media (min-width:550px) {\n  #text-2132862175 {\n    text-align: left;\n  }\n}\n<\/style>\n\t<\/div>\n\t\n\t<div id=\"text-3784744868\" class=\"text\">\n\t\t\n<p><strong>N\u00edvel 6<\/strong><br \/>\n\u25b3P=700 pa<\/p>\n\t\t\n<style>\n#text-3784744868 {\n  text-align: center;\n}\n@media (min-width:550px) {\n  #text-3784744868 {\n    text-align: left;\n  }\n}\n<\/style>\n\t<\/div>\n\t\n\t\t<\/div>\n\t\t\t\t\t<\/div>\n\n\t\n<\/div>\n\t\t<\/div>\n\t\t\t\t\t<\/div>\n\n\t\n\n\t<div id=\"col-1816677385\" class=\"col medium-6 small-12 large-6\"  >\n\t\t\t\t<div class=\"col-inner\"  >\n\t\t\t\n\t\t\t\n<div class=\"row row-small align-middle\"  id=\"row-187308944\">\n\n\t<div id=\"col-1040193380\" class=\"col medium-7 small-12 large-7\"  >\n\t\t\t\t<div class=\"col-inner\"  >\n\t\t\t\n\t\t\t\n\t<div class=\"img has-hover x md-x lg-x y md-y lg-y\" id=\"image_697494525\">\n\t\t\t\t\t\t\t\t<div class=\"img-inner dark\" >\n\t\t\t<img loading=\"lazy\" decoding=\"async\" width=\"531\" height=\"365\" src=\"https:\/\/metalpie.com\/wp-content\/uploads\/2022\/09\/block_Universal_products_bottom_004.4image.jpg.webp\" class=\"attachment-original size-original\" alt=\"\" srcset=\"https:\/\/metalpie.com\/wp-content\/uploads\/2022\/09\/block_Universal_products_bottom_004.4image.jpg.webp 531w, https:\/\/metalpie.com\/wp-content\/uploads\/2022\/09\/block_Universal_products_bottom_004.4image.jpg-300x206.webp 300w\" sizes=\"auto, (max-width: 531px) 100vw, 531px\" \/>\t\t\t\t\t\t\n\t\t\t\t\t<\/div>\n\t\t\t\t\t\t\t\t\n<style>\n#image_697494525 {\n  width: 100%;\n}\n<\/style>\n\t<\/div>\n\t\n\t\t<\/div>\n\t\t\t\t\t<\/div>\n\n\t\n\n\t<div id=\"col-1528678157\" class=\"col medium-5 small-12 large-5\"  >\n\t\t\t\t<div class=\"col-inner\"  >\n\t\t\t\n\t\t\t\n\t<div id=\"text-3949926077\" class=\"text\">\n\t\t\n<h5>Desempenho do isolamento<\/h5>\n\t\t\n<style>\n#text-3949926077 {\n  text-align: center;\n}\n@media (min-width:550px) {\n  #text-3949926077 {\n    text-align: left;\n  }\n}\n<\/style>\n\t<\/div>\n\t\n\t<div id=\"text-2002577586\" class=\"text\">\n\t\t\n<p><strong>N\u00edvel 7<\/strong><br \/>\nK=1,8~ 2,2W\/(\u33a1.K)<\/p>\n\t\t\n<style>\n#text-2002577586 {\n  text-align: center;\n}\n@media (min-width:550px) {\n  #text-2002577586 {\n    text-align: left;\n  }\n}\n<\/style>\n\t<\/div>\n\t\n\t\t<\/div>\n\t\t\t\t\t<\/div>\n\n\t\n<\/div>\n\t\t<\/div>\n\t\t\t\t\t<\/div>\n\n\t\n\n<style>\n#row-1417745700 > .col > .col-inner {\n  padding: 0px 20px 0px 20px;\n}\n<\/style>\n<\/div>\n\t\t<\/div>\n\n\t\t\n<style>\n#section_1826633358 {\n  padding-top: 0px;\n  padding-bottom: 0px;\n  background-color: rgb(245, 245, 245);\n}\n#section_1826633358 .ux-shape-divider--top svg {\n  height: 143px;\n  --divider-top-width: 100%;\n}\n<\/style>\n\t<\/section>","protected":false},"excerpt":{"rendered":"<p>Podemos personalizar as cores ou os padr\u00f5es das molduras das portas de alum\u00ednio se voc\u00ea quiser combin\u00e1-las com seu estilo de decora\u00e7\u00e3o. Essa porta de eleva\u00e7\u00e3o e deslizamento \u00e9 uma boa op\u00e7\u00e3o se sua casa for grande. Ao instal\u00e1-la na varanda do seu quarto, voc\u00ea acordar\u00e1 com a primeira luz do sol da manh\u00e3.<\/p>","protected":false},"featured_media":2759,"comment_status":"closed","ping_status":"closed","template":"","meta":[],"product_cat":[15],"class_list":["post-2758","product","type-product","status-publish","has-post-thumbnail","hentry","product_cat-aluminum-windows-doors"],"yoast_head":"<!-- This site is optimized with the Yoast SEO plugin v21.5 - https:\/\/yoast.com\/wordpress\/plugins\/seo\/ -->\n<title>ES139pro Aluminum Lift and Slide Door | Lift and Slide Patio Doors<\/title>\n<meta name=\"description\" content=\"ES139pro aluminum lift and slide door is your best choice if you have a large balcony. This series is an improvement base on our classic series.\" \/>\n<meta name=\"robots\" content=\"index, follow, max-snippet:-1, max-image-preview:large, max-video-preview:-1\" \/>\n<link rel=\"canonical\" href=\"https:\/\/metalpie.com\/pt\/janelas-e-portas-de-aluminio\/es139pro-porta-deslizante-com-elevador\/\" \/>\n<meta property=\"og:locale\" content=\"pt_BR\" \/>\n<meta property=\"og:type\" content=\"article\" \/>\n<meta property=\"og:title\" content=\"ES139pro Aluminum Lift and Slide Door | Lift and Slide Patio Doors\" \/>\n<meta property=\"og:description\" content=\"ES139pro aluminum lift and slide door is your best choice if you have a large balcony. This series is an improvement base on our classic series.\" \/>\n<meta property=\"og:url\" content=\"https:\/\/metalpie.com\/pt\/janelas-e-portas-de-aluminio\/es139pro-porta-deslizante-com-elevador\/\" \/>\n<meta property=\"og:site_name\" content=\"METALPIE\" \/>\n<meta property=\"article:modified_time\" content=\"2023-02-17T06:55:57+00:00\" \/>\n<meta property=\"og:image\" content=\"https:\/\/metalpie.com\/wp-content\/uploads\/2022\/10\/es139pro_lift_sliding_door_001image.webp\" \/>\n\t<meta property=\"og:image:width\" content=\"1000\" \/>\n\t<meta property=\"og:image:height\" content=\"1000\" \/>\n\t<meta property=\"og:image:type\" content=\"image\/webp\" \/>\n<meta name=\"twitter:card\" content=\"summary_large_image\" \/>\n<meta name=\"twitter:label1\" content=\"Est. tempo de leitura\" \/>\n\t<meta name=\"twitter:data1\" content=\"2 minutos\" \/>\n<script type=\"application\/ld+json\" class=\"yoast-schema-graph\">{\"@context\":\"https:\/\/schema.org\",\"@graph\":[{\"@type\":\"WebPage\",\"@id\":\"https:\/\/metalpie.com\/ru\/%d0%b0%d0%bb%d1%8e%d0%bc%d0%b8%d0%bd%d0%b8%d0%b5%d0%b2%d1%8b%d0%b5-%d0%be%d0%ba%d0%bd%d0%b0-%d0%b4%d0%b2%d0%b5%d1%80%d0%b8\/%d0%bf%d0%be%d0%b4%d1%8a%d0%b5%d0%bc%d0%bd%d0%be-%d1%80%d0%b0%d0%b7%d0%b4%d0%b2%d0%b8%d0%b6%d0%bd%d0%b0%d1%8f-%d0%b4%d0%b2%d0%b5%d1%80%d1%8c-es139pro\/\",\"url\":\"https:\/\/metalpie.com\/ru\/%d0%b0%d0%bb%d1%8e%d0%bc%d0%b8%d0%bd%d0%b8%d0%b5%d0%b2%d1%8b%d0%b5-%d0%be%d0%ba%d0%bd%d0%b0-%d0%b4%d0%b2%d0%b5%d1%80%d0%b8\/%d0%bf%d0%be%d0%b4%d1%8a%d0%b5%d0%bc%d0%bd%d0%be-%d1%80%d0%b0%d0%b7%d0%b4%d0%b2%d0%b8%d0%b6%d0%bd%d0%b0%d1%8f-%d0%b4%d0%b2%d0%b5%d1%80%d1%8c-es139pro\/\",\"name\":\"ES139pro Aluminum Lift and Slide Door | Lift and Slide Patio Doors\",\"isPartOf\":{\"@id\":\"https:\/\/metalpie.com\/#website\"},\"datePublished\":\"2022-10-09T05:06:38+00:00\",\"dateModified\":\"2023-02-17T06:55:57+00:00\",\"description\":\"ES139pro aluminum lift and slide door is your best choice if you have a large balcony. This series is an improvement base on our classic series.\",\"breadcrumb\":{\"@id\":\"https:\/\/metalpie.com\/ru\/%d0%b0%d0%bb%d1%8e%d0%bc%d0%b8%d0%bd%d0%b8%d0%b5%d0%b2%d1%8b%d0%b5-%d0%be%d0%ba%d0%bd%d0%b0-%d0%b4%d0%b2%d0%b5%d1%80%d0%b8\/%d0%bf%d0%be%d0%b4%d1%8a%d0%b5%d0%bc%d0%bd%d0%be-%d1%80%d0%b0%d0%b7%d0%b4%d0%b2%d0%b8%d0%b6%d0%bd%d0%b0%d1%8f-%d0%b4%d0%b2%d0%b5%d1%80%d1%8c-es139pro\/#breadcrumb\"},\"inLanguage\":\"pt-BR\",\"potentialAction\":[{\"@type\":\"ReadAction\",\"target\":[\"https:\/\/metalpie.com\/ru\/%d0%b0%d0%bb%d1%8e%d0%bc%d0%b8%d0%bd%d0%b8%d0%b5%d0%b2%d1%8b%d0%b5-%d0%be%d0%ba%d0%bd%d0%b0-%d0%b4%d0%b2%d0%b5%d1%80%d0%b8\/%d0%bf%d0%be%d0%b4%d1%8a%d0%b5%d0%bc%d0%bd%d0%be-%d1%80%d0%b0%d0%b7%d0%b4%d0%b2%d0%b8%d0%b6%d0%bd%d0%b0%d1%8f-%d0%b4%d0%b2%d0%b5%d1%80%d1%8c-es139pro\/\"]}]},{\"@type\":\"BreadcrumbList\",\"@id\":\"https:\/\/metalpie.com\/ru\/%d0%b0%d0%bb%d1%8e%d0%bc%d0%b8%d0%bd%d0%b8%d0%b5%d0%b2%d1%8b%d0%b5-%d0%be%d0%ba%d0%bd%d0%b0-%d0%b4%d0%b2%d0%b5%d1%80%d0%b8\/%d0%bf%d0%be%d0%b4%d1%8a%d0%b5%d0%bc%d0%bd%d0%be-%d1%80%d0%b0%d0%b7%d0%b4%d0%b2%d0%b8%d0%b6%d0%bd%d0%b0%d1%8f-%d0%b4%d0%b2%d0%b5%d1%80%d1%8c-es139pro\/#breadcrumb\",\"itemListElement\":[{\"@type\":\"ListItem\",\"position\":1,\"name\":\"Home\",\"item\":\"https:\/\/metalpie.com\/\"},{\"@type\":\"ListItem\",\"position\":2,\"name\":\"Products\",\"item\":\"https:\/\/metalpie.com\/shop\/\"},{\"@type\":\"ListItem\",\"position\":3,\"name\":\"ES139pro Aluminum Lift and Slide Door\"}]},{\"@type\":\"WebSite\",\"@id\":\"https:\/\/metalpie.com\/#website\",\"url\":\"https:\/\/metalpie.com\/\",\"name\":\"METALPIE\",\"description\":\"Precision Metal Fabrication | Tools, Processes &amp; More\",\"potentialAction\":[{\"@type\":\"SearchAction\",\"target\":{\"@type\":\"EntryPoint\",\"urlTemplate\":\"https:\/\/metalpie.com\/?s={search_term_string}\"},\"query-input\":\"required name=search_term_string\"}],\"inLanguage\":\"pt-BR\"}]}<\/script>\n<!-- \/ Yoast SEO plugin. -->","yoast_head_json":{"title":"ES139pro Aluminum Lift and Slide Door | Portas de P\u00e1tio Lift and Slide","description":"A porta deslizante e de eleva\u00e7\u00e3o de alum\u00ednio ES139pro \u00e9 a melhor op\u00e7\u00e3o se voc\u00ea tiver uma varanda grande. Essa s\u00e9rie \u00e9 uma base aprimorada da nossa s\u00e9rie cl\u00e1ssica.","robots":{"index":"index","follow":"follow","max-snippet":"max-snippet:-1","max-image-preview":"max-image-preview:large","max-video-preview":"max-video-preview:-1"},"canonical":"https:\/\/metalpie.com\/pt\/janelas-e-portas-de-aluminio\/es139pro-porta-deslizante-com-elevador\/","og_locale":"pt_BR","og_type":"article","og_title":"ES139pro Aluminum Lift and Slide Door | Lift and Slide Patio Doors","og_description":"ES139pro aluminum lift and slide door is your best choice if you have a large balcony. This series is an improvement base on our classic series.","og_url":"https:\/\/metalpie.com\/pt\/janelas-e-portas-de-aluminio\/es139pro-porta-deslizante-com-elevador\/","og_site_name":"METALPIE","article_modified_time":"2023-02-17T06:55:57+00:00","og_image":[{"width":1000,"height":1000,"url":"https:\/\/metalpie.com\/wp-content\/uploads\/2022\/10\/es139pro_lift_sliding_door_001image.webp","type":"image\/webp"}],"twitter_card":"summary_large_image","twitter_misc":{"Est. tempo de leitura":"2 minutos"},"schema":{"@context":"https:\/\/schema.org","@graph":[{"@type":"WebPage","@id":"https:\/\/metalpie.com\/ru\/%d0%b0%d0%bb%d1%8e%d0%bc%d0%b8%d0%bd%d0%b8%d0%b5%d0%b2%d1%8b%d0%b5-%d0%be%d0%ba%d0%bd%d0%b0-%d0%b4%d0%b2%d0%b5%d1%80%d0%b8\/%d0%bf%d0%be%d0%b4%d1%8a%d0%b5%d0%bc%d0%bd%d0%be-%d1%80%d0%b0%d0%b7%d0%b4%d0%b2%d0%b8%d0%b6%d0%bd%d0%b0%d1%8f-%d0%b4%d0%b2%d0%b5%d1%80%d1%8c-es139pro\/","url":"https:\/\/metalpie.com\/ru\/%d0%b0%d0%bb%d1%8e%d0%bc%d0%b8%d0%bd%d0%b8%d0%b5%d0%b2%d1%8b%d0%b5-%d0%be%d0%ba%d0%bd%d0%b0-%d0%b4%d0%b2%d0%b5%d1%80%d0%b8\/%d0%bf%d0%be%d0%b4%d1%8a%d0%b5%d0%bc%d0%bd%d0%be-%d1%80%d0%b0%d0%b7%d0%b4%d0%b2%d0%b8%d0%b6%d0%bd%d0%b0%d1%8f-%d0%b4%d0%b2%d0%b5%d1%80%d1%8c-es139pro\/","name":"ES139pro Aluminum Lift and Slide Door | Portas de P\u00e1tio Lift and Slide","isPartOf":{"@id":"https:\/\/metalpie.com\/#website"},"datePublished":"2022-10-09T05:06:38+00:00","dateModified":"2023-02-17T06:55:57+00:00","description":"A porta deslizante e de eleva\u00e7\u00e3o de alum\u00ednio ES139pro \u00e9 a melhor op\u00e7\u00e3o se voc\u00ea tiver uma varanda grande. Essa s\u00e9rie \u00e9 uma base aprimorada da nossa s\u00e9rie cl\u00e1ssica.","breadcrumb":{"@id":"https:\/\/metalpie.com\/ru\/%d0%b0%d0%bb%d1%8e%d0%bc%d0%b8%d0%bd%d0%b8%d0%b5%d0%b2%d1%8b%d0%b5-%d0%be%d0%ba%d0%bd%d0%b0-%d0%b4%d0%b2%d0%b5%d1%80%d0%b8\/%d0%bf%d0%be%d0%b4%d1%8a%d0%b5%d0%bc%d0%bd%d0%be-%d1%80%d0%b0%d0%b7%d0%b4%d0%b2%d0%b8%d0%b6%d0%bd%d0%b0%d1%8f-%d0%b4%d0%b2%d0%b5%d1%80%d1%8c-es139pro\/#breadcrumb"},"inLanguage":"pt-BR","potentialAction":[{"@type":"ReadAction","target":["https:\/\/metalpie.com\/ru\/%d0%b0%d0%bb%d1%8e%d0%bc%d0%b8%d0%bd%d0%b8%d0%b5%d0%b2%d1%8b%d0%b5-%d0%be%d0%ba%d0%bd%d0%b0-%d0%b4%d0%b2%d0%b5%d1%80%d0%b8\/%d0%bf%d0%be%d0%b4%d1%8a%d0%b5%d0%bc%d0%bd%d0%be-%d1%80%d0%b0%d0%b7%d0%b4%d0%b2%d0%b8%d0%b6%d0%bd%d0%b0%d1%8f-%d0%b4%d0%b2%d0%b5%d1%80%d1%8c-es139pro\/"]}]},{"@type":"BreadcrumbList","@id":"https:\/\/metalpie.com\/ru\/%d0%b0%d0%bb%d1%8e%d0%bc%d0%b8%d0%bd%d0%b8%d0%b5%d0%b2%d1%8b%d0%b5-%d0%be%d0%ba%d0%bd%d0%b0-%d0%b4%d0%b2%d0%b5%d1%80%d0%b8\/%d0%bf%d0%be%d0%b4%d1%8a%d0%b5%d0%bc%d0%bd%d0%be-%d1%80%d0%b0%d0%b7%d0%b4%d0%b2%d0%b8%d0%b6%d0%bd%d0%b0%d1%8f-%d0%b4%d0%b2%d0%b5%d1%80%d1%8c-es139pro\/#breadcrumb","itemListElement":[{"@type":"ListItem","position":1,"name":"Home","item":"https:\/\/metalpie.com\/"},{"@type":"ListItem","position":2,"name":"Products","item":"https:\/\/metalpie.com\/shop\/"},{"@type":"ListItem","position":3,"name":"ES139pro Aluminum Lift and Slide Door"}]},{"@type":"WebSite","@id":"https:\/\/metalpie.com\/#website","url":"https:\/\/metalpie.com\/","name":"METALPIE","description":"Fabrica\u00e7\u00e3o de metais de precis\u00e3o | Ferramentas, processos e muito mais","potentialAction":[{"@type":"SearchAction","target":{"@type":"EntryPoint","urlTemplate":"https:\/\/metalpie.com\/?s={search_term_string}"},"query-input":"required name=search_term_string"}],"inLanguage":"pt-BR"}]}},"_links":{"self":[{"href":"https:\/\/metalpie.com\/pt\/wp-json\/wp\/v2\/product\/2758","targetHints":{"allow":["GET"]}}],"collection":[{"href":"https:\/\/metalpie.com\/pt\/wp-json\/wp\/v2\/product"}],"about":[{"href":"https:\/\/metalpie.com\/pt\/wp-json\/wp\/v2\/types\/product"}],"replies":[{"embeddable":true,"href":"https:\/\/metalpie.com\/pt\/wp-json\/wp\/v2\/comments?post=2758"}],"wp:featuredmedia":[{"embeddable":true,"href":"https:\/\/metalpie.com\/pt\/wp-json\/wp\/v2\/media\/2759"}],"wp:attachment":[{"href":"https:\/\/metalpie.com\/pt\/wp-json\/wp\/v2\/media?parent=2758"}],"wp:term":[{"taxonomy":"product_cat","embeddable":true,"href":"https:\/\/metalpie.com\/pt\/wp-json\/wp\/v2\/product_cat?post=2758"}],"curies":[{"name":"wp","href":"https:\/\/api.w.org\/{rel}","templated":true}]}}