{"id":2722,"date":"2022-10-09T12:02:37","date_gmt":"2022-10-09T04:02:37","guid":{"rendered":"https:\/\/metalpie.com\/?post_type=product&#038;p=2722"},"modified":"2022-11-29T13:42:11","modified_gmt":"2022-11-29T05:42:11","slug":"janela-deslizante-es86","status":"publish","type":"product","link":"https:\/\/metalpie.com\/pt\/janelas-e-portas-de-aluminio\/janela-deslizante-es86\/","title":{"rendered":"Janela deslizante ES86"},"content":{"rendered":"<section class=\"section\" id=\"section_913365673\">\n\t\t<div class=\"bg section-bg fill bg-fill  bg-loaded\" >\n\n\t\t\t\n\t\t\t\n\t\t\t\n\n\t\t<\/div>\n\n\t\t\n\n\t\t<div class=\"section-content relative\">\n\t\t\t\n<div class=\"row\"  id=\"row-248787100\">\n\n\t<div id=\"col-1916186065\" class=\"col small-12 large-12\"  >\n\t\t\t\t<div class=\"col-inner\"  >\n\t\t\t\n\t\t\t\n<h2>Janela de correr de alum\u00ednio Descri\u00e7\u00e3o<\/h2>\n<p>A porta deslizante de alum\u00ednio ES86 consiste em 3 pain\u00e9is de vidro. O vidro superior da janela \u00e9 fixo e n\u00e3o pode ser aberto. Outro vidro pode deslizar para abrir a janela. \u00c9 f\u00e1cil abrir e fechar a janela deslizante. Se voc\u00ea tem filhos, a instala\u00e7\u00e3o de janelas deslizantes \u00e9 uma boa op\u00e7\u00e3o porque voc\u00ea n\u00e3o precisa se preocupar com o fato de seus filhos baterem contra a janela.<\/p>\n<h2>Ferragens de alum\u00ednio para janelas<\/h2>\n<p>Excelente ma\u00e7aneta de janela. Ela foi projetada tendo em mente os h\u00e1bitos de abertura de janela das pessoas, tornando a janela deslizante simples de abrir e fechar.<\/p>\n<h2>Cor e tamanho<\/h2>\n<p>Usamos cinco processos: revestimento em p\u00f3, revestimento em PVDF, gr\u00e3o de madeira, anodiza\u00e7\u00e3o e eletroforese para colorir esquadrias de alum\u00ednio. Cores e tamanhos personalizados tamb\u00e9m est\u00e3o dispon\u00edveis.<\/p>\n<h2>Recursos<\/h2>\n<ul>\n<li>Projeto de uma moldura de janela estreita com linhas finas.<\/li>\n<li><span style=\"color: #555555; font-size: 14.4px;\">Elo de c\u00f3digo de canto fundido patenteado. <\/span><\/li>\n<li><span style=\"color: #555555; font-size: 14.4px;\">Melhor desempenho com veda\u00e7\u00e3o de tiras de borracha EPDM. <\/span><\/li>\n<li><span style=\"color: #555555; font-size: 14.4px;\">Bom efeito de estanqueidade devido ao design exclusivo de drenagem. <\/span><\/li>\n<li><span style=\"color: #555555; font-size: 14.4px;\">Bom desempenho de isolamento t\u00e9rmico.<\/span><\/li>\n<\/ul>\n<h2>Faixas de aplica\u00e7\u00e3o da janela deslizante de alum\u00ednio ES86<\/h2>\n<ul>\n<li>Shopping centers<\/li>\n<li>Moradias<\/li>\n<li>Pr\u00e9dios comerciais<\/li>\n<\/ul>\n\t\t<\/div>\n\t\t\t\t\t<\/div>\n\n\t\n<\/div>\n\t\t<\/div>\n\n\t\t\n<style>\n#section_913365673 {\n  padding-top: 30px;\n  padding-bottom: 30px;\n}\n<\/style>\n\t<\/section>\n\t\n\t<section class=\"section\" id=\"section_347657175\">\n\t\t<div class=\"bg section-bg fill bg-fill  bg-loaded\" >\n\n\t\t\t\n\t\t\t\n\t\t\t\n\n\t\t<\/div>\n\n\t\t\t<div class=\"ux-shape-divider ux-shape-divider--top ux-shape-divider--style-curve-opacity\">\n\t\t<svg viewbox=\"0 0 1000 100\" xmlns=\"http:\/\/www.w3.org\/2000\/svg\" preserveaspectratio=\"none\">\n\t\t<path class=\"ux-shape-fill\" opacity=\"0.15\" d=\"M0 14C0 14 88.64 17.48 300 50C560 90 814 77 1003 40L1015 68L1018 104H0V14Z\"\/>\n\t\t<path class=\"ux-shape-fill\" opacity=\"0.3\" d=\"M0 45C0 45 271 90.13 500 77C657 68 830 30 1015 14V100H0V45Z\"\/>\n\t\t<path class=\"ux-shape-fill\" d=\"M0 58C0 58 188.29 90 508 90C798 90 1002 55 1002 55V100H0V58Z\"\/>\n<\/svg>\n\t<\/div>\n\n\n\t\t<div class=\"section-content relative\">\n\t\t\t\n<div class=\"is-divider divider clearfix\" style=\"margin-top:0px;margin-bottom:0px;max-width:0px;height:30px;\"><\/div>\n<div class=\"row row-collapse align-middle\"  id=\"row-2116636318\">\n\n\t<div id=\"col-1558134191\" class=\"col medium-6 small-12 large-6\"  >\n\t\t\t\t<div class=\"col-inner\"  >\n\t\t\t\n\t\t\t\n<div class=\"row row-small align-middle\"  id=\"row-1872376281\">\n\n\t<div id=\"col-1848502799\" class=\"col medium-7 small-12 large-7\"  >\n\t\t\t\t<div class=\"col-inner\"  >\n\t\t\t\n\t\t\t\n\t<div class=\"img has-hover x md-x lg-x y md-y lg-y\" id=\"image_2117402084\">\n\t\t\t\t\t\t\t\t<div class=\"img-inner dark\" >\n\t\t\t<img loading=\"lazy\" decoding=\"async\" width=\"532\" height=\"366\" src=\"https:\/\/metalpie.com\/wp-content\/uploads\/2022\/09\/block_Universal_products_bottom_001.1image.jpg.webp\" class=\"attachment-original size-original\" alt=\"\" srcset=\"https:\/\/metalpie.com\/wp-content\/uploads\/2022\/09\/block_Universal_products_bottom_001.1image.jpg.webp 532w, https:\/\/metalpie.com\/wp-content\/uploads\/2022\/09\/block_Universal_products_bottom_001.1image.jpg-300x206.webp 300w\" sizes=\"auto, (max-width: 532px) 100vw, 532px\" \/>\t\t\t\t\t\t\n\t\t\t\t\t<\/div>\n\t\t\t\t\t\t\t\t\n<style>\n#image_2117402084 {\n  width: 100%;\n}\n<\/style>\n\t<\/div>\n\t\n\t\t<\/div>\n\t\t\t\t\t<\/div>\n\n\t\n\n\t<div id=\"col-441979349\" class=\"col medium-5 small-12 large-5\"  >\n\t\t\t\t<div class=\"col-inner\"  >\n\t\t\t\n\t\t\t\n\t<div id=\"text-543318275\" class=\"text\">\n\t\t\n<h5>Desempenho herm\u00e9tico<\/h5>\n\t\t\n<style>\n#text-543318275 {\n  text-align: center;\n}\n@media (min-width:550px) {\n  #text-543318275 {\n    text-align: left;\n  }\n}\n<\/style>\n\t<\/div>\n\t\n\t<div id=\"text-1587229848\" class=\"text\">\n\t\t\n<p><b>N\u00edvel 8<br \/>\n<\/b>q1=0,32 m\u00b3 \/ (m.h)<br \/>\nq2=1,09 m\u00b3\/ ( \u33a1.h )<\/p>\n\t\t\n<style>\n#text-1587229848 {\n  text-align: center;\n}\n@media (min-width:550px) {\n  #text-1587229848 {\n    text-align: left;\n  }\n}\n<\/style>\n\t<\/div>\n\t\n\t\t<\/div>\n\t\t\t\t\t<\/div>\n\n\t\n<\/div>\n\t\t<\/div>\n\t\t\t\t\t<\/div>\n\n\t\n\n\t<div id=\"col-470998101\" class=\"col medium-6 small-12 large-6\"  >\n\t\t\t\t<div class=\"col-inner\"  >\n\t\t\t\n\t\t\t\n<div class=\"row row-small align-middle\"  id=\"row-838464083\">\n\n\t<div id=\"col-1438172603\" class=\"col medium-7 small-12 large-7\"  >\n\t\t\t\t<div class=\"col-inner\"  >\n\t\t\t\n\t\t\t\n\t<div class=\"img has-hover x md-x lg-x y md-y lg-y\" id=\"image_1504656623\">\n\t\t\t\t\t\t\t\t<div class=\"img-inner dark\" >\n\t\t\t<img loading=\"lazy\" decoding=\"async\" width=\"534\" height=\"368\" src=\"https:\/\/metalpie.com\/wp-content\/uploads\/2022\/09\/block_Universal_products_bottom_002.2image.jpg.webp\" class=\"attachment-original size-original\" alt=\"\" srcset=\"https:\/\/metalpie.com\/wp-content\/uploads\/2022\/09\/block_Universal_products_bottom_002.2image.jpg.webp 534w, https:\/\/metalpie.com\/wp-content\/uploads\/2022\/09\/block_Universal_products_bottom_002.2image.jpg-300x207.webp 300w\" sizes=\"auto, (max-width: 534px) 100vw, 534px\" \/>\t\t\t\t\t\t\n\t\t\t\t\t<\/div>\n\t\t\t\t\t\t\t\t\n<style>\n#image_1504656623 {\n  width: 100%;\n}\n<\/style>\n\t<\/div>\n\t\n\t\t<\/div>\n\t\t\t\t\t<\/div>\n\n\t\n\n\t<div id=\"col-2080768843\" class=\"col medium-5 small-12 large-5\"  >\n\t\t\t\t<div class=\"col-inner\"  >\n\t\t\t\n\t\t\t\n\t<div id=\"text-46499073\" class=\"text\">\n\t\t\n<h5>Resist\u00eancia \u00e0 press\u00e3o do vento<\/h5>\n\t\t\n<style>\n#text-46499073 {\n  text-align: center;\n}\n@media (min-width:550px) {\n  #text-46499073 {\n    text-align: left;\n  }\n}\n<\/style>\n\t<\/div>\n\t\n\t<div id=\"text-3633942403\" class=\"text\">\n\t\t\n<p><strong>N\u00edvel 9<\/strong><br \/>\np3=5,0 Kpa<\/p>\n\t\t\n<style>\n#text-3633942403 {\n  text-align: center;\n}\n@media (min-width:550px) {\n  #text-3633942403 {\n    text-align: left;\n  }\n}\n<\/style>\n\t<\/div>\n\t\n\t\t<\/div>\n\t\t\t\t\t<\/div>\n\n\t\n<\/div>\n\t\t<\/div>\n\t\t\t\t\t<\/div>\n\n\t\n\n\t<div id=\"col-1595429279\" class=\"col medium-6 small-12 large-6\"  >\n\t\t\t\t<div class=\"col-inner\"  >\n\t\t\t\n\t\t\t\n<div class=\"row row-small align-middle\"  id=\"row-1611305361\">\n\n\t<div id=\"col-185273543\" class=\"col medium-7 small-12 large-7\"  >\n\t\t\t\t<div class=\"col-inner\"  >\n\t\t\t\n\t\t\t\n\t<div class=\"img has-hover x md-x lg-x y md-y lg-y\" id=\"image_120218699\">\n\t\t\t\t\t\t\t\t<div class=\"img-inner dark\" >\n\t\t\t<img loading=\"lazy\" decoding=\"async\" width=\"531\" height=\"366\" src=\"https:\/\/metalpie.com\/wp-content\/uploads\/2022\/09\/block_Universal_products_bottom_003.3image.jpg.webp\" class=\"attachment-original size-original\" alt=\"\" srcset=\"https:\/\/metalpie.com\/wp-content\/uploads\/2022\/09\/block_Universal_products_bottom_003.3image.jpg.webp 531w, https:\/\/metalpie.com\/wp-content\/uploads\/2022\/09\/block_Universal_products_bottom_003.3image.jpg-300x207.webp 300w\" sizes=\"auto, (max-width: 531px) 100vw, 531px\" \/>\t\t\t\t\t\t\n\t\t\t\t\t<\/div>\n\t\t\t\t\t\t\t\t\n<style>\n#image_120218699 {\n  width: 100%;\n}\n<\/style>\n\t<\/div>\n\t\n\t\t<\/div>\n\t\t\t\t\t<\/div>\n\n\t\n\n\t<div id=\"col-1690907500\" class=\"col medium-5 small-12 large-5\"  >\n\t\t\t\t<div class=\"col-inner\"  >\n\t\t\t\n\t\t\t\n\t<div id=\"text-2472982651\" class=\"text\">\n\t\t\n<h5>Desempenho \u00e0 prova d'\u00e1gua<\/h5>\n\t\t\n<style>\n#text-2472982651 {\n  text-align: center;\n}\n@media (min-width:550px) {\n  #text-2472982651 {\n    text-align: left;\n  }\n}\n<\/style>\n\t<\/div>\n\t\n\t<div id=\"text-3790370806\" class=\"text\">\n\t\t\n<p><strong>N\u00edvel 3<\/strong><br \/>\n\u25b3P=267 pa<\/p>\n\t\t\n<style>\n#text-3790370806 {\n  text-align: center;\n}\n@media (min-width:550px) {\n  #text-3790370806 {\n    text-align: left;\n  }\n}\n<\/style>\n\t<\/div>\n\t\n\t\t<\/div>\n\t\t\t\t\t<\/div>\n\n\t\n<\/div>\n\t\t<\/div>\n\t\t\t\t\t<\/div>\n\n\t\n\n\t<div id=\"col-556644770\" class=\"col medium-6 small-12 large-6\"  >\n\t\t\t\t<div class=\"col-inner\"  >\n\t\t\t\n\t\t\t\n<div class=\"row row-small align-middle\"  id=\"row-957365830\">\n\n\t<div id=\"col-809052425\" class=\"col medium-7 small-12 large-7\"  >\n\t\t\t\t<div class=\"col-inner\"  >\n\t\t\t\n\t\t\t\n\t<div class=\"img has-hover x md-x lg-x y md-y lg-y\" id=\"image_2041331047\">\n\t\t\t\t\t\t\t\t<div class=\"img-inner dark\" >\n\t\t\t<img loading=\"lazy\" decoding=\"async\" width=\"531\" height=\"365\" src=\"https:\/\/metalpie.com\/wp-content\/uploads\/2022\/09\/block_Universal_products_bottom_004.4image.jpg.webp\" class=\"attachment-original size-original\" alt=\"\" srcset=\"https:\/\/metalpie.com\/wp-content\/uploads\/2022\/09\/block_Universal_products_bottom_004.4image.jpg.webp 531w, https:\/\/metalpie.com\/wp-content\/uploads\/2022\/09\/block_Universal_products_bottom_004.4image.jpg-300x206.webp 300w\" sizes=\"auto, (max-width: 531px) 100vw, 531px\" \/>\t\t\t\t\t\t\n\t\t\t\t\t<\/div>\n\t\t\t\t\t\t\t\t\n<style>\n#image_2041331047 {\n  width: 100%;\n}\n<\/style>\n\t<\/div>\n\t\n\t\t<\/div>\n\t\t\t\t\t<\/div>\n\n\t\n\n\t<div id=\"col-527631270\" class=\"col medium-5 small-12 large-5\"  >\n\t\t\t\t<div class=\"col-inner\"  >\n\t\t\t\n\t\t\t\n\t<div id=\"text-2645955786\" class=\"text\">\n\t\t\n<h5>Desempenho do isolamento<\/h5>\n\t\t\n<style>\n#text-2645955786 {\n  text-align: center;\n}\n@media (min-width:550px) {\n  #text-2645955786 {\n    text-align: left;\n  }\n}\n<\/style>\n\t<\/div>\n\t\n\t<div id=\"text-2639068065\" class=\"text\">\n\t\t\n<p><strong>N\u00edvel 5<\/strong><br \/>\nK=2,6W\/(\u33a1.K)<\/p>\n\t\t\n<style>\n#text-2639068065 {\n  text-align: center;\n}\n@media (min-width:550px) {\n  #text-2639068065 {\n    text-align: left;\n  }\n}\n<\/style>\n\t<\/div>\n\t\n\t\t<\/div>\n\t\t\t\t\t<\/div>\n\n\t\n<\/div>\n\t\t<\/div>\n\t\t\t\t\t<\/div>\n\n\t\n\n<style>\n#row-2116636318 > .col > .col-inner {\n  padding: 0px 20px 0px 20px;\n}\n<\/style>\n<\/div>\n\t\t<\/div>\n\n\t\t\n<style>\n#section_347657175 {\n  padding-top: 0px;\n  padding-bottom: 0px;\n  background-color: rgb(245, 245, 245);\n}\n#section_347657175 .ux-shape-divider--top svg {\n  height: 143px;\n  --divider-top-width: 100%;\n}\n<\/style>\n\t<\/section>","protected":false},"excerpt":{"rendered":"<p>A janela deslizante ES86 \u00e9 opcional e multicolorida; voc\u00ea pode escolher a cor ou o tipo de acordo com seu estilo de decora\u00e7\u00e3o. Voc\u00ea pode instalar essa janela deslizante horizontal no quarto, na cozinha, na varanda etc.<\/p>","protected":false},"featured_media":2733,"comment_status":"closed","ping_status":"closed","template":"","meta":[],"product_cat":[15],"class_list":["post-2722","product","type-product","status-publish","has-post-thumbnail","hentry","product_cat-aluminum-windows-doors"],"yoast_head":"<!-- This site is optimized with the Yoast SEO plugin v21.5 - https:\/\/yoast.com\/wordpress\/plugins\/seo\/ -->\n<title>ES86 Aluminum Sliding Window | Horizontal Sliding Windows<\/title>\n<meta name=\"description\" content=\"ES86 sliding window is a horizontal sliding window that its window frames are good aluminum profiles. This window is optional in multi-color.\" \/>\n<meta name=\"robots\" content=\"index, follow, max-snippet:-1, max-image-preview:large, max-video-preview:-1\" \/>\n<link rel=\"canonical\" href=\"https:\/\/metalpie.com\/pt\/janelas-e-portas-de-aluminio\/janela-deslizante-es86\/\" \/>\n<meta property=\"og:locale\" content=\"pt_BR\" \/>\n<meta property=\"og:type\" content=\"article\" \/>\n<meta property=\"og:title\" content=\"ES86 Aluminum Sliding Window | Horizontal Sliding Windows\" \/>\n<meta property=\"og:description\" content=\"ES86 sliding window is a horizontal sliding window that its window frames are good aluminum profiles. This window is optional in multi-color.\" \/>\n<meta property=\"og:url\" content=\"https:\/\/metalpie.com\/pt\/janelas-e-portas-de-aluminio\/janela-deslizante-es86\/\" \/>\n<meta property=\"og:site_name\" content=\"METALPIE\" \/>\n<meta property=\"article:modified_time\" content=\"2022-11-29T05:42:11+00:00\" \/>\n<meta property=\"og:image\" content=\"https:\/\/metalpie.com\/wp-content\/uploads\/2022\/10\/ES86_sliding_window_001image.jpg\" \/>\n\t<meta property=\"og:image:width\" content=\"1000\" \/>\n\t<meta property=\"og:image:height\" content=\"1000\" \/>\n\t<meta property=\"og:image:type\" content=\"image\/jpeg\" \/>\n<meta name=\"twitter:card\" content=\"summary_large_image\" \/>\n<meta name=\"twitter:label1\" content=\"Est. tempo de leitura\" \/>\n\t<meta name=\"twitter:data1\" content=\"2 minutos\" \/>\n<script type=\"application\/ld+json\" class=\"yoast-schema-graph\">{\"@context\":\"https:\/\/schema.org\",\"@graph\":[{\"@type\":\"WebPage\",\"@id\":\"https:\/\/metalpie.com\/ru\/%d0%b0%d0%bb%d1%8e%d0%bc%d0%b8%d0%bd%d0%b8%d0%b5%d0%b2%d1%8b%d0%b5-%d0%be%d0%ba%d0%bd%d0%b0-%d0%b4%d0%b2%d0%b5%d1%80%d0%b8\/%d1%80%d0%b0%d0%b7%d0%b4%d0%b2%d0%b8%d0%b6%d0%bd%d0%be%d0%b5-%d0%be%d0%ba%d0%bd%d0%be-es86\/\",\"url\":\"https:\/\/metalpie.com\/ru\/%d0%b0%d0%bb%d1%8e%d0%bc%d0%b8%d0%bd%d0%b8%d0%b5%d0%b2%d1%8b%d0%b5-%d0%be%d0%ba%d0%bd%d0%b0-%d0%b4%d0%b2%d0%b5%d1%80%d0%b8\/%d1%80%d0%b0%d0%b7%d0%b4%d0%b2%d0%b8%d0%b6%d0%bd%d0%be%d0%b5-%d0%be%d0%ba%d0%bd%d0%be-es86\/\",\"name\":\"ES86 Aluminum Sliding Window | Horizontal Sliding Windows\",\"isPartOf\":{\"@id\":\"https:\/\/metalpie.com\/#website\"},\"datePublished\":\"2022-10-09T04:02:37+00:00\",\"dateModified\":\"2022-11-29T05:42:11+00:00\",\"description\":\"ES86 sliding window is a horizontal sliding window that its window frames are good aluminum profiles. This window is optional in multi-color.\",\"breadcrumb\":{\"@id\":\"https:\/\/metalpie.com\/ru\/%d0%b0%d0%bb%d1%8e%d0%bc%d0%b8%d0%bd%d0%b8%d0%b5%d0%b2%d1%8b%d0%b5-%d0%be%d0%ba%d0%bd%d0%b0-%d0%b4%d0%b2%d0%b5%d1%80%d0%b8\/%d1%80%d0%b0%d0%b7%d0%b4%d0%b2%d0%b8%d0%b6%d0%bd%d0%be%d0%b5-%d0%be%d0%ba%d0%bd%d0%be-es86\/#breadcrumb\"},\"inLanguage\":\"pt-BR\",\"potentialAction\":[{\"@type\":\"ReadAction\",\"target\":[\"https:\/\/metalpie.com\/ru\/%d0%b0%d0%bb%d1%8e%d0%bc%d0%b8%d0%bd%d0%b8%d0%b5%d0%b2%d1%8b%d0%b5-%d0%be%d0%ba%d0%bd%d0%b0-%d0%b4%d0%b2%d0%b5%d1%80%d0%b8\/%d1%80%d0%b0%d0%b7%d0%b4%d0%b2%d0%b8%d0%b6%d0%bd%d0%be%d0%b5-%d0%be%d0%ba%d0%bd%d0%be-es86\/\"]}]},{\"@type\":\"BreadcrumbList\",\"@id\":\"https:\/\/metalpie.com\/ru\/%d0%b0%d0%bb%d1%8e%d0%bc%d0%b8%d0%bd%d0%b8%d0%b5%d0%b2%d1%8b%d0%b5-%d0%be%d0%ba%d0%bd%d0%b0-%d0%b4%d0%b2%d0%b5%d1%80%d0%b8\/%d1%80%d0%b0%d0%b7%d0%b4%d0%b2%d0%b8%d0%b6%d0%bd%d0%be%d0%b5-%d0%be%d0%ba%d0%bd%d0%be-es86\/#breadcrumb\",\"itemListElement\":[{\"@type\":\"ListItem\",\"position\":1,\"name\":\"Home\",\"item\":\"https:\/\/metalpie.com\/\"},{\"@type\":\"ListItem\",\"position\":2,\"name\":\"Products\",\"item\":\"https:\/\/metalpie.com\/shop\/\"},{\"@type\":\"ListItem\",\"position\":3,\"name\":\"ES86 Sliding Window\"}]},{\"@type\":\"WebSite\",\"@id\":\"https:\/\/metalpie.com\/#website\",\"url\":\"https:\/\/metalpie.com\/\",\"name\":\"METALPIE\",\"description\":\"Precision Metal Fabrication | Tools, Processes &amp; More\",\"potentialAction\":[{\"@type\":\"SearchAction\",\"target\":{\"@type\":\"EntryPoint\",\"urlTemplate\":\"https:\/\/metalpie.com\/?s={search_term_string}\"},\"query-input\":\"required name=search_term_string\"}],\"inLanguage\":\"pt-BR\"}]}<\/script>\n<!-- \/ Yoast SEO plugin. -->","yoast_head_json":{"title":"ES86 Janela de correr de alum\u00ednio | Janelas de correr horizontais","description":"A janela deslizante ES86 \u00e9 uma janela deslizante horizontal cujos caixilhos s\u00e3o bons perfis de alum\u00ednio. Essa janela \u00e9 opcional em v\u00e1rias cores.","robots":{"index":"index","follow":"follow","max-snippet":"max-snippet:-1","max-image-preview":"max-image-preview:large","max-video-preview":"max-video-preview:-1"},"canonical":"https:\/\/metalpie.com\/pt\/janelas-e-portas-de-aluminio\/janela-deslizante-es86\/","og_locale":"pt_BR","og_type":"article","og_title":"ES86 Aluminum Sliding Window | Horizontal Sliding Windows","og_description":"ES86 sliding window is a horizontal sliding window that its window frames are good aluminum profiles. This window is optional in multi-color.","og_url":"https:\/\/metalpie.com\/pt\/janelas-e-portas-de-aluminio\/janela-deslizante-es86\/","og_site_name":"METALPIE","article_modified_time":"2022-11-29T05:42:11+00:00","og_image":[{"width":1000,"height":1000,"url":"https:\/\/metalpie.com\/wp-content\/uploads\/2022\/10\/ES86_sliding_window_001image.jpg","type":"image\/jpeg"}],"twitter_card":"summary_large_image","twitter_misc":{"Est. tempo de leitura":"2 minutos"},"schema":{"@context":"https:\/\/schema.org","@graph":[{"@type":"WebPage","@id":"https:\/\/metalpie.com\/ru\/%d0%b0%d0%bb%d1%8e%d0%bc%d0%b8%d0%bd%d0%b8%d0%b5%d0%b2%d1%8b%d0%b5-%d0%be%d0%ba%d0%bd%d0%b0-%d0%b4%d0%b2%d0%b5%d1%80%d0%b8\/%d1%80%d0%b0%d0%b7%d0%b4%d0%b2%d0%b8%d0%b6%d0%bd%d0%be%d0%b5-%d0%be%d0%ba%d0%bd%d0%be-es86\/","url":"https:\/\/metalpie.com\/ru\/%d0%b0%d0%bb%d1%8e%d0%bc%d0%b8%d0%bd%d0%b8%d0%b5%d0%b2%d1%8b%d0%b5-%d0%be%d0%ba%d0%bd%d0%b0-%d0%b4%d0%b2%d0%b5%d1%80%d0%b8\/%d1%80%d0%b0%d0%b7%d0%b4%d0%b2%d0%b8%d0%b6%d0%bd%d0%be%d0%b5-%d0%be%d0%ba%d0%bd%d0%be-es86\/","name":"ES86 Janela de correr de alum\u00ednio | Janelas de correr horizontais","isPartOf":{"@id":"https:\/\/metalpie.com\/#website"},"datePublished":"2022-10-09T04:02:37+00:00","dateModified":"2022-11-29T05:42:11+00:00","description":"A janela deslizante ES86 \u00e9 uma janela deslizante horizontal cujos caixilhos s\u00e3o bons perfis de alum\u00ednio. Essa janela \u00e9 opcional em v\u00e1rias cores.","breadcrumb":{"@id":"https:\/\/metalpie.com\/ru\/%d0%b0%d0%bb%d1%8e%d0%bc%d0%b8%d0%bd%d0%b8%d0%b5%d0%b2%d1%8b%d0%b5-%d0%be%d0%ba%d0%bd%d0%b0-%d0%b4%d0%b2%d0%b5%d1%80%d0%b8\/%d1%80%d0%b0%d0%b7%d0%b4%d0%b2%d0%b8%d0%b6%d0%bd%d0%be%d0%b5-%d0%be%d0%ba%d0%bd%d0%be-es86\/#breadcrumb"},"inLanguage":"pt-BR","potentialAction":[{"@type":"ReadAction","target":["https:\/\/metalpie.com\/ru\/%d0%b0%d0%bb%d1%8e%d0%bc%d0%b8%d0%bd%d0%b8%d0%b5%d0%b2%d1%8b%d0%b5-%d0%be%d0%ba%d0%bd%d0%b0-%d0%b4%d0%b2%d0%b5%d1%80%d0%b8\/%d1%80%d0%b0%d0%b7%d0%b4%d0%b2%d0%b8%d0%b6%d0%bd%d0%be%d0%b5-%d0%be%d0%ba%d0%bd%d0%be-es86\/"]}]},{"@type":"BreadcrumbList","@id":"https:\/\/metalpie.com\/ru\/%d0%b0%d0%bb%d1%8e%d0%bc%d0%b8%d0%bd%d0%b8%d0%b5%d0%b2%d1%8b%d0%b5-%d0%be%d0%ba%d0%bd%d0%b0-%d0%b4%d0%b2%d0%b5%d1%80%d0%b8\/%d1%80%d0%b0%d0%b7%d0%b4%d0%b2%d0%b8%d0%b6%d0%bd%d0%be%d0%b5-%d0%be%d0%ba%d0%bd%d0%be-es86\/#breadcrumb","itemListElement":[{"@type":"ListItem","position":1,"name":"Home","item":"https:\/\/metalpie.com\/"},{"@type":"ListItem","position":2,"name":"Products","item":"https:\/\/metalpie.com\/shop\/"},{"@type":"ListItem","position":3,"name":"ES86 Sliding Window"}]},{"@type":"WebSite","@id":"https:\/\/metalpie.com\/#website","url":"https:\/\/metalpie.com\/","name":"METALPIE","description":"Fabrica\u00e7\u00e3o de metais de precis\u00e3o | Ferramentas, processos e muito mais","potentialAction":[{"@type":"SearchAction","target":{"@type":"EntryPoint","urlTemplate":"https:\/\/metalpie.com\/?s={search_term_string}"},"query-input":"required name=search_term_string"}],"inLanguage":"pt-BR"}]}},"_links":{"self":[{"href":"https:\/\/metalpie.com\/pt\/wp-json\/wp\/v2\/product\/2722","targetHints":{"allow":["GET"]}}],"collection":[{"href":"https:\/\/metalpie.com\/pt\/wp-json\/wp\/v2\/product"}],"about":[{"href":"https:\/\/metalpie.com\/pt\/wp-json\/wp\/v2\/types\/product"}],"replies":[{"embeddable":true,"href":"https:\/\/metalpie.com\/pt\/wp-json\/wp\/v2\/comments?post=2722"}],"wp:featuredmedia":[{"embeddable":true,"href":"https:\/\/metalpie.com\/pt\/wp-json\/wp\/v2\/media\/2733"}],"wp:attachment":[{"href":"https:\/\/metalpie.com\/pt\/wp-json\/wp\/v2\/media?parent=2722"}],"wp:term":[{"taxonomy":"product_cat","embeddable":true,"href":"https:\/\/metalpie.com\/pt\/wp-json\/wp\/v2\/product_cat?post=2722"}],"curies":[{"name":"wp","href":"https:\/\/api.w.org\/{rel}","templated":true}]}}