{"id":2692,"date":"2022-10-09T09:00:48","date_gmt":"2022-10-09T01:00:48","guid":{"rendered":"https:\/\/metalpie.com\/?post_type=product&#038;p=2692"},"modified":"2023-08-23T14:15:46","modified_gmt":"2023-08-23T06:15:46","slug":"formas-de-aluminio-2","status":"publish","type":"product","link":"https:\/\/metalpie.com\/pt\/formas-de-aluminio\/formas-de-aluminio-2\/","title":{"rendered":"F\u00f4rmas de alum\u00ednio"},"content":{"rendered":"<section class=\"section\" id=\"section_584745297\">\n\t\t<div class=\"bg section-bg fill bg-fill  bg-loaded\" >\n\n\t\t\t\n\t\t\t\n\t\t\t\n\n\t\t<\/div>\n\n\t\t\n\n\t\t<div class=\"section-content relative\">\n\t\t\t\n<div class=\"row\"  id=\"row-1804421792\">\n\n\t<div id=\"col-780428424\" class=\"col small-12 large-12\"  >\n\t\t\t\t<div class=\"col-inner\"  >\n\t\t\t\n\t\t\t\n<h2><strong>Formas de concreto de alum\u00ednio<\/strong><\/h2>\n<p>Os pa\u00edses mais desenvolvidos est\u00e3o usando f\u00f4rmas de alum\u00ednio para constru\u00e7\u00e3o em todo o mundo. Ela \u00e9 superior em termos de material e efeitos de constru\u00e7\u00e3o. Tamb\u00e9m \u00e9 melhor em termos de or\u00e7amento de custos, vida \u00fatil e prote\u00e7\u00e3o ambiental. A f\u00f4rma de alum\u00ednio reduz o custo do projeto, melhora a qualidade da engenharia, acelera a constru\u00e7\u00e3o e evita erros humanos no processo. Assim, ela proporciona um ambiente de trabalho seguro e civilizado para os trabalhadores da constru\u00e7\u00e3o civil.<\/p>\n<div class=\"row\"  id=\"row-1582025343\">\n\n\t<div id=\"col-1363280989\" class=\"col medium-6 small-12 large-6\"  >\n\t\t\t\t<div class=\"col-inner\"  >\n\t\t\t\n\t\t\t\n\t<div class=\"img has-hover x md-x lg-x y md-y lg-y\" id=\"image_899044984\">\n\t\t\t\t\t\t\t\t<div class=\"img-inner dark\" >\n\t\t\t<img loading=\"lazy\" decoding=\"async\" width=\"554\" height=\"341\" src=\"https:\/\/metalpie.com\/wp-content\/uploads\/2022\/10\/ALUMINIUM_FORMA_WORK_PLATE_004image.webp\" class=\"attachment-original size-original\" alt=\"\" srcset=\"https:\/\/metalpie.com\/wp-content\/uploads\/2022\/10\/ALUMINIUM_FORMA_WORK_PLATE_004image.webp 554w, https:\/\/metalpie.com\/wp-content\/uploads\/2022\/10\/ALUMINIUM_FORMA_WORK_PLATE_004image-300x185.webp 300w\" sizes=\"auto, (max-width: 554px) 100vw, 554px\" \/>\t\t\t\t\t\t\n\t\t\t\t\t<\/div>\n\t\t\t\t\t\t\t\t\n<style>\n#image_899044984 {\n  width: 100%;\n}\n<\/style>\n\t<\/div>\n\t\n\t\t<\/div>\n\t\t\t\t\t<\/div>\n\n\t\n\n\t<div id=\"col-1372611702\" class=\"col medium-6 small-12 large-6\"  >\n\t\t\t\t<div class=\"col-inner\"  >\n\t\t\t\n\t\t\t\n\t\t<\/div>\n\t\t\t\t\t<\/div>\n\n\t\n<\/div>\n\t\t<\/div>\n\t\t\t\t\t<\/div>\n\n\t\n<\/div>\n<div class=\"row\"  id=\"row-1183076666\">\n\n\t<div id=\"col-1696540017\" class=\"col small-12 large-12\"  >\n\t\t\t\t<div class=\"col-inner\"  >\n\t\t\t\n\t\t\t\n<p>O modelo de alum\u00ednio tem as caracter\u00edsticas de leveza e flexibilidade. Ele tem alta rigidez, longa vida \u00fatil e uma grande superf\u00edcie de chapa. Suas outras qualidades s\u00e3o: poucas fendas, alta precis\u00e3o e superf\u00edcie lisa. Ele tem baixa depend\u00eancia de maquin\u00e1rio para a constru\u00e7\u00e3o. Facilita o baixo custo de m\u00e3o de obra e materiais. O modelo de liga de alum\u00ednio tem uma ampla gama de aplica\u00e7\u00f5es, baixo custo de manuten\u00e7\u00e3o, alta efici\u00eancia de constru\u00e7\u00e3o e alto valor de recupera\u00e7\u00e3o.<\/p>\n<div class=\"row\"  id=\"row-1455882924\">\n\n\t<div id=\"col-1525236572\" class=\"col medium-6 small-12 large-6\"  >\n\t\t\t\t<div class=\"col-inner\"  >\n\t\t\t\n\t\t\t\n\t<div class=\"img has-hover x md-x lg-x y md-y lg-y\" id=\"image_264938833\">\n\t\t\t\t\t\t\t\t<div class=\"img-inner dark\" >\n\t\t\t<img loading=\"lazy\" decoding=\"async\" width=\"553\" height=\"369\" src=\"https:\/\/metalpie.com\/wp-content\/uploads\/2022\/10\/ALUMINIUM_FORMA_WORK_PLATE_005image.webp\" class=\"attachment-original size-original\" alt=\"\" srcset=\"https:\/\/metalpie.com\/wp-content\/uploads\/2022\/10\/ALUMINIUM_FORMA_WORK_PLATE_005image.webp 553w, https:\/\/metalpie.com\/wp-content\/uploads\/2022\/10\/ALUMINIUM_FORMA_WORK_PLATE_005image-300x200.webp 300w\" sizes=\"auto, (max-width: 553px) 100vw, 553px\" \/>\t\t\t\t\t\t\n\t\t\t\t\t<\/div>\n\t\t\t\t\t\t\t\t\n<style>\n#image_264938833 {\n  width: 100%;\n}\n<\/style>\n\t<\/div>\n\t\n\t\t<\/div>\n\t\t\t\t\t<\/div>\n\n\t\n\n\t<div id=\"col-450126116\" class=\"col medium-6 small-12 large-6\"  >\n\t\t\t\t<div class=\"col-inner\"  >\n\t\t\t\n\t\t\t\n\t\t<\/div>\n\t\t\t\t\t<\/div>\n\n\t\n<\/div>\n\t\t<\/div>\n\t\t\t\t\t<\/div>\n\n\t\n<\/div>\n<div class=\"row\"  id=\"row-645417559\">\n\n\t<div id=\"col-1377789637\" class=\"col small-12 large-12\"  >\n\t\t\t\t<div class=\"col-inner\"  >\n\t\t\t\n\t\t\t\n<p>O produto pode ser projetado e processado de acordo com os desenhos dos projetos de constru\u00e7\u00e3o feitos pelos clientes. A barra de tens\u00e3o pode ajustar a dist\u00e2ncia entre as placas. Os furos na borda do modelo s\u00e3o distribu\u00eddos de acordo com um espa\u00e7amento espec\u00edfico. As conex\u00f5es s\u00e3o principalmente inser\u00e7\u00f5es cil\u00edndricas e inser\u00e7\u00f5es em forma de cunha. Uma diagonal ou um quadrado atr\u00e1s de qualquer gabarito fornece suporte para o encosto para maior facilidade e praticidade.<\/p>\n<div class=\"row\"  id=\"row-2053793089\">\n\n\t<div id=\"col-581622609\" class=\"col medium-6 small-12 large-6\"  >\n\t\t\t\t<div class=\"col-inner\"  >\n\t\t\t\n\t\t\t\n\t<div class=\"img has-hover x md-x lg-x y md-y lg-y\" id=\"image_848013968\">\n\t\t\t\t\t\t\t\t<div class=\"img-inner dark\" >\n\t\t\t<img loading=\"lazy\" decoding=\"async\" width=\"554\" height=\"342\" src=\"https:\/\/metalpie.com\/wp-content\/uploads\/2022\/10\/ALUMINIUM_FORMA_WORK_PLATE_006image.webp\" class=\"attachment-original size-original\" alt=\"\" srcset=\"https:\/\/metalpie.com\/wp-content\/uploads\/2022\/10\/ALUMINIUM_FORMA_WORK_PLATE_006image.webp 554w, https:\/\/metalpie.com\/wp-content\/uploads\/2022\/10\/ALUMINIUM_FORMA_WORK_PLATE_006image-300x185.webp 300w\" sizes=\"auto, (max-width: 554px) 100vw, 554px\" \/>\t\t\t\t\t\t\n\t\t\t\t\t<\/div>\n\t\t\t\t\t\t\t\t\n<style>\n#image_848013968 {\n  width: 100%;\n}\n<\/style>\n\t<\/div>\n\t\n\t\t<\/div>\n\t\t\t\t\t<\/div>\n\n\t\n\n\t<div id=\"col-1607271913\" class=\"col medium-6 small-12 large-6\"  >\n\t\t\t\t<div class=\"col-inner\"  >\n\t\t\t\n\t\t\t\n\t\t<\/div>\n\t\t\t\t\t<\/div>\n\n\t\n<\/div>\n\t\t<\/div>\n\t\t\t\t\t<\/div>\n\n\t\n<\/div>\n<div class=\"row\"  id=\"row-1089851608\">\n\n\t<div id=\"col-413336674\" class=\"col small-12 large-12\"  >\n\t\t\t\t<div class=\"col-inner\"  >\n\t\t\t\n\t\t\t\n<h3>\u00a0O que a f\u00f4rma de alum\u00ednio pode fazer?<\/h3>\n<p>A f\u00f4rma de liga de alum\u00ednio para constru\u00e7\u00e3o \u00e9 adequada para o uso de modelos. Podem ser f\u00f4rmas para paredes, pisos horizontais, colunas, vigas, esteiras e pontes. Ela \u00e9 feita em um modelo pequeno, m\u00e9dio ou grande. O peso do produto \u00e9 leve, pode ser totalmente feito pelo homem e tamb\u00e9m pode ser formado ap\u00f3s o i\u00e7amento mec\u00e2nico. A conex\u00e3o principal \u00e9 uma conex\u00e3o de pino em cunha. A constru\u00e7\u00e3o geralmente requer apenas uma chave inglesa ou um pequeno martelo, o que \u00e9 conveniente e r\u00e1pido. Antes da instala\u00e7\u00e3o, \u00e9 necess\u00e1rio apenas treinar a equipe de constru\u00e7\u00e3o. Independentemente de como o sistema de f\u00f4rmas de alum\u00ednio \u00e9 usado, os m\u00e9todos e componentes b\u00e1sicos s\u00e3o os mesmos, e os construtores podem us\u00e1-los com habilidade. Como resultado, a precis\u00e3o do modelo \u00e9 alta. Ele tamb\u00e9m economiza em gesso secund\u00e1rio e custos de m\u00e3o de obra e d\u00e1 ao edif\u00edcio um fator mais alto de seguran\u00e7a de qualidade.<\/p>\n<p>O modelo de constru\u00e7\u00e3o em liga de alum\u00ednio tem um valor de recupera\u00e7\u00e3o mais alto e menor compartilhamento de custos. Com mais de dez anos de hist\u00f3ria em pa\u00edses e regi\u00f5es avan\u00e7ados, ele est\u00e1 se tornando cada vez mais popular atualmente. Devido \u00e0s suas claras vantagens, tamb\u00e9m \u00e9 uma energia renov\u00e1vel. Ele adere \u00e0s \"quatro se\u00e7\u00f5es e uma prote\u00e7\u00e3o ambiental\", a dire\u00e7\u00e3o do desenvolvimento futuro.<\/p>\n<div class=\"row\"  id=\"row-2130120704\">\n\n\t<div id=\"col-1876484052\" class=\"col medium-6 small-12 large-6\"  >\n\t\t\t\t<div class=\"col-inner\"  >\n\t\t\t\n\t\t\t\n\t<div class=\"img has-hover x md-x lg-x y md-y lg-y\" id=\"image_338165359\">\n\t\t\t\t\t\t\t\t<div class=\"img-inner dark\" >\n\t\t\t<img loading=\"lazy\" decoding=\"async\" width=\"553\" height=\"337\" src=\"https:\/\/metalpie.com\/wp-content\/uploads\/2022\/10\/ALUMINIUM_FORMA_WORK_PLATE_007image.webp\" class=\"attachment-original size-original\" alt=\"\" srcset=\"https:\/\/metalpie.com\/wp-content\/uploads\/2022\/10\/ALUMINIUM_FORMA_WORK_PLATE_007image.webp 553w, https:\/\/metalpie.com\/wp-content\/uploads\/2022\/10\/ALUMINIUM_FORMA_WORK_PLATE_007image-300x183.webp 300w\" sizes=\"auto, (max-width: 553px) 100vw, 553px\" \/>\t\t\t\t\t\t\n\t\t\t\t\t<\/div>\n\t\t\t\t\t\t\t\t\n<style>\n#image_338165359 {\n  width: 100%;\n}\n<\/style>\n\t<\/div>\n\t\n\t\t<\/div>\n\t\t\t\t\t<\/div>\n\n\t\n\n\t<div id=\"col-705424522\" class=\"col medium-6 small-12 large-6\"  >\n\t\t\t\t<div class=\"col-inner\"  >\n\t\t\t\n\t\t\t\n\t\t<\/div>\n\t\t\t\t\t<\/div>\n\n\t\n<\/div>\n\t\t<\/div>\n\t\t\t\t\t<\/div>\n\n\t\n<\/div>\n<div class=\"row\"  id=\"row-875391883\">\n\n\t<div id=\"col-2032691218\" class=\"col small-12 large-12\"  >\n\t\t\t\t<div class=\"col-inner\"  >\n\t\t\t\n\t\t\t\n<h2>As 10 principais vantagens das formas de concreto de alum\u00ednio<\/h2>\n<div><\/div>\n<h3>1 Baixo custo:<\/h3>\n<div><\/div>\n<div>O sistema de f\u00f4rma de alum\u00ednio incorpora material de extrus\u00e3o de liga de alum\u00ednio, tamb\u00e9m conhecido como 6061-T6, que \u00e9 um componente altamente dur\u00e1vel e pode ser usado repetidamente mais de 300 vezes a uma taxa muito econ\u00f4mica. Isso ocorre porque ele requer menos manuten\u00e7\u00e3o e habilidades para ser utilizado e, devido \u00e0 sua natureza leve, pode ser facilmente levantado e transportado sem a interven\u00e7\u00e3o de maquin\u00e1rio pesado.<\/div>\n<div><\/div>\n<h3>2 Seguro e eficiente:<\/h3>\n<div><\/div>\n<div>Sua natureza leve e robusta proporciona uma estrutura forte para edif\u00edcios altos e apartamentos e tamb\u00e9m oferece um local de constru\u00e7\u00e3o seguro para os trabalhadores. Al\u00e9m disso, \u00e9 f\u00e1cil de limpar e reparar, ao contr\u00e1rio de outros materiais de f\u00f4rma, incluindo a\u00e7o, compensado e pl\u00e1stico, que s\u00e3o corrosivos e n\u00e3o recicl\u00e1veis.<\/div>\n<div><\/div>\n<h3>3 Instala\u00e7\u00e3o eficiente em termos de tempo:<\/h3>\n<div><\/div>\n<div>A f\u00f4rma de liga met\u00e1lica \u00e9 um sistema de montagem e remo\u00e7\u00e3o r\u00e1pida que reduz o per\u00edodo de constru\u00e7\u00e3o e economiza custos administrativos. Pesando em torno de 23 a 24 kg\/m2, a f\u00f4rma pode ser montada manualmente sem o uso de m\u00e1quinas. Um trabalhador qualificado pode instalar de 20 a 30 metros quadrados por dia com o m\u00ednimo de supervis\u00e3o.<\/div>\n<div><\/div>\n<h3>4 Ampla aplica\u00e7\u00e3o e flexibilidade:<\/h3>\n<div><\/div>\n<div>A f\u00f4rma de alum\u00ednio pode ser implantada em uma ampla gama de aparelhos, como paredes, pisos horizontais, colunas, vigas, escadas, peitoris de janelas, abas, etc., e oferece suporte estrutural para vigas de anel, colunas estruturais e antibarreiras. Al\u00e9m disso, o modelo de alum\u00ednio vem em diferentes tamanhos e dimens\u00f5es padr\u00e3o e pode ser adaptado de acordo com os requisitos do projeto.<\/div>\n<div><\/div>\n<h3>5 Ecologicamente correto:<\/h3>\n<div><\/div>\n<div>A implanta\u00e7\u00e3o e a instala\u00e7\u00e3o de f\u00f4rmas de liga de alum\u00ednio deixam pouco ou nenhum res\u00edduo no canteiro de obras. A f\u00f4rma pode ser facilmente desmontada e removida ap\u00f3s a conclus\u00e3o do projeto, mantendo todo o ambiente da constru\u00e7\u00e3o seguro, limpo e organizado. Al\u00e9m disso, todos os materiais do sistema de f\u00f4rmas de alum\u00ednio seguem as normas de conserva\u00e7\u00e3o de energia, prote\u00e7\u00e3o ambiental e baixa emiss\u00e3o de carbono.<\/div>\n<div><\/div>\n<h3>6 Durabilidade confi\u00e1vel:<\/h3>\n<div><\/div>\n<div>A f\u00f4rma \u00e9 composta por uma placa de liga de alum\u00ednio que proporciona estabilidade robusta e uma capacidade de carga explosiva de at\u00e9 60 kg por metro quadrado. A f\u00f4rma pode suportar muita press\u00e3o e peso de maquin\u00e1rio pesado, o que facilita ainda mais o processo de constru\u00e7\u00e3o.<\/div>\n<div><\/div>\n<h3>7 Sistema de suporte conveniente:<\/h3>\n<div><\/div>\n<div>Diferentemente dos m\u00e9todos de constru\u00e7\u00e3o tradicionais que envolvem estruturas completas com custos mais altos, as barras de suporte para o modelo de alum\u00ednio s\u00e3o relativamente mais baratas (espa\u00e7amento entre cada suporte independente de aproximadamente 1.350 mm), proporcionando, portanto, um espa\u00e7o de trabalho maior, acesso de pessoal e manuseio de materiais para facilitar o gerenciamento do local.<\/div>\n<div><\/div>\n<h3>8 \u00c1rea de carpete mais alta<\/h3>\n<div><\/div>\n<div>O sistema de f\u00f4rmas \u00e9 composto por paredes de cisalhamento finas que ocupam menos espa\u00e7o e oferecem uma \u00e1rea de superf\u00edcie maior para o fluxo suave das atividades de constru\u00e7\u00e3o. Como resultado, uma quantidade significativa de maquin\u00e1rio e m\u00e3o de obra pode ser empregada em um determinado momento para acelerar os projetos de constru\u00e7\u00e3o.<\/div>\n<div><\/div>\n<h3>9 Alto valor residual:<\/h3>\n<div><\/div>\n<div>A f\u00f4rma de alum\u00ednio tem alto valor de recupera\u00e7\u00e3o. Ou seja, o material \u00e9 raspado na forma de res\u00edduos que s\u00e3o 100% recicl\u00e1veis e podem ser reutilizados em v\u00e1rios projetos de constru\u00e7\u00e3o.<\/div>\n<div><\/div>\n<div><\/div>\n<h3>10 Bons efeitos de superf\u00edcie:<\/h3>\n<div><\/div>\n<div>A f\u00f4rma de liga de alum\u00ednio \u00e9 f\u00e1cil de remover e, uma vez removida, n\u00e3o causa nenhum impacto negativo na qualidade da superf\u00edcie do concreto. A superf\u00edcie permanece lisa e limpa e, portanto, elimina a necessidade de investir em reboco interno e externo.<\/div>\n<div class=\"row\"  id=\"row-1891149543\">\n\n\t<div id=\"col-1281906297\" class=\"col medium-6 small-12 large-6\"  >\n\t\t\t\t<div class=\"col-inner\"  >\n\t\t\t\n\t\t\t\n\t<div class=\"img has-hover x md-x lg-x y md-y lg-y\" id=\"image_1940954768\">\n\t\t\t\t\t\t\t\t<div class=\"img-inner dark\" >\n\t\t\t<img loading=\"lazy\" decoding=\"async\" width=\"553\" height=\"369\" src=\"https:\/\/metalpie.com\/wp-content\/uploads\/2022\/10\/ALUMINIUM_FORMA_WORK_PLATE_008image.webp\" class=\"attachment-original size-original\" alt=\"\" srcset=\"https:\/\/metalpie.com\/wp-content\/uploads\/2022\/10\/ALUMINIUM_FORMA_WORK_PLATE_008image.webp 553w, https:\/\/metalpie.com\/wp-content\/uploads\/2022\/10\/ALUMINIUM_FORMA_WORK_PLATE_008image-300x200.webp 300w\" sizes=\"auto, (max-width: 553px) 100vw, 553px\" \/>\t\t\t\t\t\t\n\t\t\t\t\t<\/div>\n\t\t\t\t\t\t\t\t\n<style>\n#image_1940954768 {\n  width: 100%;\n}\n<\/style>\n\t<\/div>\n\t\n\t\t<\/div>\n\t\t\t\t\t<\/div>\n\n\t\n\n\t<div id=\"col-244117241\" class=\"col medium-6 small-12 large-6\"  >\n\t\t\t\t<div class=\"col-inner\"  >\n\t\t\t\n\t\t\t\n\t\t<\/div>\n\t\t\t\t\t<\/div>\n\n\t\n<\/div>\n\t\t<\/div>\n\t\t\t\t\t<\/div>\n\n\t\n<\/div>\n<div class=\"row\"  id=\"row-1039296984\">\n\n\t<div id=\"col-1836601120\" class=\"col small-12 large-12\"  >\n\t\t\t\t<div class=\"col-inner\"  >\n\t\t\t\n\t\t\t\n<h2>A Shandong Huajian Aluminum criou um novo padr\u00e3o de f\u00f4rmas para constru\u00e7\u00e3o.<\/h2>\n<p>A Shandong Hualv Formwork Co., Ltd. est\u00e1 localizada no condado de Linqu, no parque industrial de alta tecnologia de Longshan, prov\u00edncia de Shandong. \u00c9 uma empresa abrangente com uma \u00e1rea de mais de 200 mu e uma \u00e1rea de mais de 170.000 metros quadrados. Ela tem capacidade para produzir f\u00f4rmas de liga de alum\u00ednio e f\u00f4rmas de liga de alum\u00ednio. Sua capacidade de produ\u00e7\u00e3o \u00e9 de 200.000 metros quadrados por ano. Ela possui:<\/p>\n<ul>\n<li>Linha de produ\u00e7\u00e3o avan\u00e7ada de gabaritos de liga de alum\u00ednio 5.<\/li>\n<li>Serra de alimenta\u00e7\u00e3o eletr\u00f4nica ajust\u00e1vel e autom\u00e1tica 8.<\/li>\n<li>Serra de r\u00e9gua de controle num\u00e9rico 8,<\/li>\n<li>serra de controle num\u00e9rico de \u00e2ngulo arbitr\u00e1rio 4,<\/li>\n<li>Rob\u00f4 de soldagem de dupla posi\u00e7\u00e3o Kuka.<\/li>\n<li>Sistema rigoroso de gerenciamento de produ\u00e7\u00e3o<\/li>\n<li>processo cient\u00edfico e tecnologia de processamento avan\u00e7ada.<\/li>\n<\/ul>\n<p>A empresa possui um centro completo de desenvolvimento de produtos, design e inspe\u00e7\u00e3o de qualidade. A Huajian segue o controle rigoroso da qualidade do produto e a implementa\u00e7\u00e3o do m\u00e9todo de gerenciamento 6S para os usu\u00e1rios. Isso garante a constru\u00e7\u00e3o de produtos de primeira classe e servi\u00e7os de alta qualidade.<\/p>\n\t\t<\/div>\n\t\t\t\t\t<\/div>\n\n\t\n<\/div>\n\t\t<\/div>\n\n\t\t\n<style>\n#section_584745297 {\n  padding-top: 30px;\n  padding-bottom: 30px;\n}\n<\/style>\n\t<\/section>","protected":false},"excerpt":{"rendered":"<p>Os pa\u00edses mais desenvolvidos est\u00e3o usando f\u00f4rmas de alum\u00ednio para constru\u00e7\u00e3o em todo o mundo. A f\u00f4rma de alum\u00ednio \u00e9 superior em termos de material e efeitos de constru\u00e7\u00e3o. Tamb\u00e9m \u00e9 melhor em termos de or\u00e7amento de custos, vida \u00fatil e prote\u00e7\u00e3o ambiental. A f\u00f4rma de alum\u00ednio reduz o custo do projeto, melhora a qualidade da engenharia, acelera a constru\u00e7\u00e3o e evita erros humanos no processo. Assim, ela proporciona um ambiente de trabalho seguro e civilizado para os trabalhadores da constru\u00e7\u00e3o civil.<\/p>","protected":false},"featured_media":2693,"comment_status":"closed","ping_status":"closed","template":"","meta":[],"product_cat":[97],"class_list":["post-2692","product","type-product","status-publish","has-post-thumbnail","hentry","product_cat-aluminum-formwork"],"yoast_head":"<!-- This site is optimized with the Yoast SEO plugin v21.5 - https:\/\/yoast.com\/wordpress\/plugins\/seo\/ -->\n<title>Aluminum Formwork Suppliers | Aluminum Concrete Forms<\/title>\n<meta name=\"description\" content=\"Aluminum formwork is a popular construction material. Huajian delivers high-quality aluminum concrete forms for our customers.\" \/>\n<meta name=\"robots\" content=\"index, follow, max-snippet:-1, max-image-preview:large, max-video-preview:-1\" \/>\n<link rel=\"canonical\" href=\"https:\/\/metalpie.com\/pt\/formas-de-aluminio\/formas-de-aluminio-2\/\" \/>\n<meta property=\"og:locale\" content=\"pt_BR\" \/>\n<meta property=\"og:type\" content=\"article\" \/>\n<meta property=\"og:title\" content=\"Aluminum Formwork Suppliers | Aluminum Concrete Forms\" \/>\n<meta property=\"og:description\" content=\"Aluminum formwork is a popular construction material. Huajian delivers high-quality aluminum concrete forms for our customers.\" \/>\n<meta property=\"og:url\" content=\"https:\/\/metalpie.com\/pt\/formas-de-aluminio\/formas-de-aluminio-2\/\" \/>\n<meta property=\"og:site_name\" content=\"METALPIE\" \/>\n<meta property=\"article:modified_time\" content=\"2023-08-23T06:15:46+00:00\" \/>\n<meta property=\"og:image\" content=\"https:\/\/metalpie.com\/wp-content\/uploads\/2022\/10\/ALUMINIUM_FORMA_WORK_PLATE_001image.webp\" \/>\n\t<meta property=\"og:image:width\" content=\"800\" \/>\n\t<meta property=\"og:image:height\" content=\"800\" \/>\n\t<meta property=\"og:image:type\" content=\"image\/webp\" \/>\n<meta name=\"twitter:card\" content=\"summary_large_image\" \/>\n<meta name=\"twitter:label1\" content=\"Est. tempo de leitura\" \/>\n\t<meta name=\"twitter:data1\" content=\"6 minutos\" \/>\n<script type=\"application\/ld+json\" class=\"yoast-schema-graph\">{\"@context\":\"https:\/\/schema.org\",\"@graph\":[{\"@type\":\"WebPage\",\"@id\":\"https:\/\/metalpie.com\/pt\/formas-de-aluminio\/formas-de-aluminio-2\/\",\"url\":\"https:\/\/metalpie.com\/pt\/formas-de-aluminio\/formas-de-aluminio-2\/\",\"name\":\"Aluminum Formwork Suppliers | Aluminum Concrete Forms\",\"isPartOf\":{\"@id\":\"https:\/\/metalpie.com\/#website\"},\"datePublished\":\"2022-10-09T01:00:48+00:00\",\"dateModified\":\"2023-08-23T06:15:46+00:00\",\"description\":\"Aluminum formwork is a popular construction material. Huajian delivers high-quality aluminum concrete forms for our customers.\",\"breadcrumb\":{\"@id\":\"https:\/\/metalpie.com\/pt\/formas-de-aluminio\/formas-de-aluminio-2\/#breadcrumb\"},\"inLanguage\":\"pt-BR\",\"potentialAction\":[{\"@type\":\"ReadAction\",\"target\":[\"https:\/\/metalpie.com\/pt\/formas-de-aluminio\/formas-de-aluminio-2\/\"]}]},{\"@type\":\"BreadcrumbList\",\"@id\":\"https:\/\/metalpie.com\/pt\/formas-de-aluminio\/formas-de-aluminio-2\/#breadcrumb\",\"itemListElement\":[{\"@type\":\"ListItem\",\"position\":1,\"name\":\"Home\",\"item\":\"https:\/\/metalpie.com\/\"},{\"@type\":\"ListItem\",\"position\":2,\"name\":\"Products\",\"item\":\"https:\/\/metalpie.com\/shop\/\"},{\"@type\":\"ListItem\",\"position\":3,\"name\":\"Aluminium Formwork\"}]},{\"@type\":\"WebSite\",\"@id\":\"https:\/\/metalpie.com\/#website\",\"url\":\"https:\/\/metalpie.com\/\",\"name\":\"METALPIE\",\"description\":\"Precision Metal Fabrication | Tools, Processes &amp; More\",\"potentialAction\":[{\"@type\":\"SearchAction\",\"target\":{\"@type\":\"EntryPoint\",\"urlTemplate\":\"https:\/\/metalpie.com\/?s={search_term_string}\"},\"query-input\":\"required name=search_term_string\"}],\"inLanguage\":\"pt-BR\"}]}<\/script>\n<!-- \/ Yoast SEO plugin. -->","yoast_head_json":{"title":"Fornecedores de f\u00f4rmas de alum\u00ednio | Formas de alum\u00ednio para concreto","description":"A f\u00f4rma de alum\u00ednio \u00e9 um material de constru\u00e7\u00e3o popular. A Huajian fornece formas de concreto de alum\u00ednio de alta qualidade para nossos clientes.","robots":{"index":"index","follow":"follow","max-snippet":"max-snippet:-1","max-image-preview":"max-image-preview:large","max-video-preview":"max-video-preview:-1"},"canonical":"https:\/\/metalpie.com\/pt\/formas-de-aluminio\/formas-de-aluminio-2\/","og_locale":"pt_BR","og_type":"article","og_title":"Aluminum Formwork Suppliers | Aluminum Concrete Forms","og_description":"Aluminum formwork is a popular construction material. Huajian delivers high-quality aluminum concrete forms for our customers.","og_url":"https:\/\/metalpie.com\/pt\/formas-de-aluminio\/formas-de-aluminio-2\/","og_site_name":"METALPIE","article_modified_time":"2023-08-23T06:15:46+00:00","og_image":[{"width":800,"height":800,"url":"https:\/\/metalpie.com\/wp-content\/uploads\/2022\/10\/ALUMINIUM_FORMA_WORK_PLATE_001image.webp","type":"image\/webp"}],"twitter_card":"summary_large_image","twitter_misc":{"Est. tempo de leitura":"6 minutos"},"schema":{"@context":"https:\/\/schema.org","@graph":[{"@type":"WebPage","@id":"https:\/\/metalpie.com\/pt\/formas-de-aluminio\/formas-de-aluminio-2\/","url":"https:\/\/metalpie.com\/pt\/formas-de-aluminio\/formas-de-aluminio-2\/","name":"Fornecedores de f\u00f4rmas de alum\u00ednio | Formas de alum\u00ednio para concreto","isPartOf":{"@id":"https:\/\/metalpie.com\/#website"},"datePublished":"2022-10-09T01:00:48+00:00","dateModified":"2023-08-23T06:15:46+00:00","description":"A f\u00f4rma de alum\u00ednio \u00e9 um material de constru\u00e7\u00e3o popular. A Huajian fornece formas de concreto de alum\u00ednio de alta qualidade para nossos clientes.","breadcrumb":{"@id":"https:\/\/metalpie.com\/pt\/formas-de-aluminio\/formas-de-aluminio-2\/#breadcrumb"},"inLanguage":"pt-BR","potentialAction":[{"@type":"ReadAction","target":["https:\/\/metalpie.com\/pt\/formas-de-aluminio\/formas-de-aluminio-2\/"]}]},{"@type":"BreadcrumbList","@id":"https:\/\/metalpie.com\/pt\/formas-de-aluminio\/formas-de-aluminio-2\/#breadcrumb","itemListElement":[{"@type":"ListItem","position":1,"name":"Home","item":"https:\/\/metalpie.com\/"},{"@type":"ListItem","position":2,"name":"Products","item":"https:\/\/metalpie.com\/shop\/"},{"@type":"ListItem","position":3,"name":"Aluminium Formwork"}]},{"@type":"WebSite","@id":"https:\/\/metalpie.com\/#website","url":"https:\/\/metalpie.com\/","name":"METALPIE","description":"Fabrica\u00e7\u00e3o de metais de precis\u00e3o | Ferramentas, processos e muito mais","potentialAction":[{"@type":"SearchAction","target":{"@type":"EntryPoint","urlTemplate":"https:\/\/metalpie.com\/?s={search_term_string}"},"query-input":"required name=search_term_string"}],"inLanguage":"pt-BR"}]}},"_links":{"self":[{"href":"https:\/\/metalpie.com\/pt\/wp-json\/wp\/v2\/product\/2692","targetHints":{"allow":["GET"]}}],"collection":[{"href":"https:\/\/metalpie.com\/pt\/wp-json\/wp\/v2\/product"}],"about":[{"href":"https:\/\/metalpie.com\/pt\/wp-json\/wp\/v2\/types\/product"}],"replies":[{"embeddable":true,"href":"https:\/\/metalpie.com\/pt\/wp-json\/wp\/v2\/comments?post=2692"}],"wp:featuredmedia":[{"embeddable":true,"href":"https:\/\/metalpie.com\/pt\/wp-json\/wp\/v2\/media\/2693"}],"wp:attachment":[{"href":"https:\/\/metalpie.com\/pt\/wp-json\/wp\/v2\/media?parent=2692"}],"wp:term":[{"taxonomy":"product_cat","embeddable":true,"href":"https:\/\/metalpie.com\/pt\/wp-json\/wp\/v2\/product_cat?post=2692"}],"curies":[{"name":"wp","href":"https:\/\/api.w.org\/{rel}","templated":true}]}}