{"id":2651,"date":"2022-10-08T22:04:59","date_gmt":"2022-10-08T14:04:59","guid":{"rendered":"https:\/\/metalpie.com\/?post_type=product&#038;p=2651"},"modified":"2022-10-08T22:11:00","modified_gmt":"2022-10-08T14:11:00","slug":"perfil-de-aluminio-para-automoveis","status":"publish","type":"product","link":"https:\/\/metalpie.com\/pt\/veiculos-de-aluminio\/perfil-de-aluminio-para-automoveis\/","title":{"rendered":"Perfil de alum\u00ednio para autom\u00f3veis"},"content":{"rendered":"<section class=\"section\" id=\"section_818867166\">\n\t\t<div class=\"bg section-bg fill bg-fill  bg-loaded\" >\n\n\t\t\t\n\t\t\t\n\t\t\t\n\n\t\t<\/div>\n\n\t\t\n\n\t\t<div class=\"section-content relative\">\n\t\t\t\n<div class=\"row align-middle\"  id=\"row-1600595188\">\n\n\t<div id=\"col-661588279\" class=\"col medium-6 small-12 large-6\"  >\n\t\t\t\t<div class=\"col-inner\"  >\n\t\t\t\n\t\t\t\n\t<div class=\"img has-hover x md-x lg-x y md-y lg-y\" id=\"image_1799784687\">\n\t\t\t\t\t\t\t\t<div class=\"img-inner dark\" >\n\t\t\t<img loading=\"lazy\" decoding=\"async\" width=\"652\" height=\"490\" src=\"https:\/\/metalpie.com\/wp-content\/uploads\/2022\/10\/AUTOMOBILE_ALUMINIUM_PROFILE_004image.webp\" class=\"attachment-original size-original\" alt=\"\" srcset=\"https:\/\/metalpie.com\/wp-content\/uploads\/2022\/10\/AUTOMOBILE_ALUMINIUM_PROFILE_004image.webp 652w, https:\/\/metalpie.com\/wp-content\/uploads\/2022\/10\/AUTOMOBILE_ALUMINIUM_PROFILE_004image-300x225.webp 300w\" sizes=\"auto, (max-width: 652px) 100vw, 652px\" \/>\t\t\t\t\t\t\n\t\t\t\t\t<\/div>\n\t\t\t\t\t\t\t\t\n<style>\n#image_1799784687 {\n  width: 100%;\n}\n<\/style>\n\t<\/div>\n\t\n\t\t<\/div>\n\t\t\t\t\t<\/div>\n\n\t\n\n\t<div id=\"col-790884262\" class=\"col medium-6 small-12 large-6\"  >\n\t\t\t\t<div class=\"col-inner\"  >\n\t\t\t\n\t\t\t\n<p>A pesquisa do grupo Huajian Aluminium mostra que cerca de 75% do consumo de energia est\u00e1 relacionado ao peso do autom\u00f3vel: diminuir o peso do carro pode reduzir efetivamente o consumo de combust\u00edvel e as emiss\u00f5es. Em compara\u00e7\u00e3o com o a\u00e7o, o alum\u00ednio tem vantagens \u00f3bvias. A densidade do alum\u00ednio \u00e9 apenas cerca de 1\/3 da do a\u00e7o. Ao mesmo tempo, o alum\u00ednio tamb\u00e9m \u00e9 o segundo maior material industrial nacional, atr\u00e1s apenas do a\u00e7o. Ele \u00e9 muito maduro no setor de produ\u00e7\u00e3o e fornecimento e tem a capacidade de abastecer o setor automotivo de forma est\u00e1vel, o que pode atender aos requisitos do setor automotivo para o sistema de controle de qualidade.<\/p>\n\t\t<\/div>\n\t\t\t\t\t<\/div>\n\n\t\n<\/div>\n<div class=\"row\"  id=\"row-1742927044\">\n\n\t<div id=\"col-1771399930\" class=\"col small-12 large-12\"  >\n\t\t\t\t<div class=\"col-inner\"  >\n\t\t\t\n\t\t\t\n\t<div class=\"img has-hover x md-x lg-x y md-y lg-y\" id=\"image_889899616\">\n\t\t\t\t\t\t\t\t<div class=\"img-inner dark\" >\n\t\t\t<img loading=\"lazy\" decoding=\"async\" width=\"747\" height=\"484\" src=\"https:\/\/metalpie.com\/wp-content\/uploads\/2022\/10\/AUTOMOBILE_ALUMINIUM_PROFILE_005image.webp\" class=\"attachment-original size-original\" alt=\"\" srcset=\"https:\/\/metalpie.com\/wp-content\/uploads\/2022\/10\/AUTOMOBILE_ALUMINIUM_PROFILE_005image.webp 747w, https:\/\/metalpie.com\/wp-content\/uploads\/2022\/10\/AUTOMOBILE_ALUMINIUM_PROFILE_005image-300x194.webp 300w\" sizes=\"auto, (max-width: 747px) 100vw, 747px\" \/>\t\t\t\t\t\t\n\t\t\t\t\t<\/div>\n\t\t\t\t\t\t\t\t\n<style>\n#image_889899616 {\n  width: 100%;\n}\n<\/style>\n\t<\/div>\n\t\n<p>H\u00e1 tr\u00eas formas principais de forma\u00e7\u00e3o de liga de alum\u00ednio em aplica\u00e7\u00f5es de carroceria de autom\u00f3veis: estampagem, moldagem por extrus\u00e3o e moldagem por fundi\u00e7\u00e3o. A estampagem se baseia principalmente em material em folha, por meio do projeto de moldes, processamento e moldagem, geralmente requer v\u00e1rias sequ\u00eancias para ser realizada, sendo mais adequada para a produ\u00e7\u00e3o em massa de pe\u00e7as, como pain\u00e9is externos de portas, pain\u00e9is internos e externos de capas de cabelo e outras pe\u00e7as; a moldagem por extrus\u00e3o \u00e9 adequada principalmente para a fabrica\u00e7\u00e3o de algumas pe\u00e7as de vigas longas. Por meio da se\u00e7\u00e3o transversal projetada, que \u00e9 mais complicada do que a do a\u00e7o, o desempenho geral em termos de rigidez e colis\u00e3o, como vigas longitudinais, vigas anticolis\u00e3o dianteiras e traseiras etc., \u00e9 mais adequado para a fabrica\u00e7\u00e3o de algumas pe\u00e7as de vigas longas. Algumas pe\u00e7as que usam a\u00e7o exigem v\u00e1rias pe\u00e7as, enquanto o uso de alum\u00ednio fundido pode ser obtido com apenas uma pe\u00e7a, como os suportes de torre. A caracter\u00edstica do alum\u00ednio \u00e9 que seu m\u00f3dulo de elasticidade \u00e9 1\/3 do m\u00f3dulo de elasticidade do a\u00e7o. De acordo com a an\u00e1lise te\u00f3rica, a rigidez de 1,4 vezes a espessura do alum\u00ednio pode ser equivalente \u00e0 do a\u00e7o. Em teoria, do ponto de vista de garantir a rigidez da carroceria do carro, a substitui\u00e7\u00e3o do a\u00e7o pelo alum\u00ednio com 1,4 vezes a espessura do a\u00e7o pode atingir a mesma rigidez e reduzir o peso em 50%. Nos modelos existentes, a placa interna \u00e9 feita principalmente de liga de alum\u00ednio s\u00e9rie 5, e a placa externa \u00e9 feita principalmente de liga de alum\u00ednio s\u00e9rie 6 com caracter\u00edsticas de endurecimento por cozimento. O alum\u00ednio fundido e o alum\u00ednio extrudado podem obter desempenho adicional por meio da promo\u00e7\u00e3o de design de se\u00e7\u00e3o transversal complexa.<\/p>\n\t\t<\/div>\n\t\t\t\t\t<\/div>\n\n\t\n<\/div>\n<div class=\"row align-middle\"  id=\"row-616839575\">\n\n\t<div id=\"col-708037110\" class=\"col medium-6 small-12 large-6\"  >\n\t\t\t\t<div class=\"col-inner\"  >\n\t\t\t\n\t\t\t\n\t<div class=\"img has-hover x md-x lg-x y md-y lg-y\" id=\"image_90284364\">\n\t\t\t\t\t\t\t\t<div class=\"img-inner dark\" >\n\t\t\t<img loading=\"lazy\" decoding=\"async\" width=\"641\" height=\"516\" src=\"https:\/\/metalpie.com\/wp-content\/uploads\/2022\/10\/AUTOMOBILE_ALUMINIUM_PROFILE_006image.webp\" class=\"attachment-original size-original\" alt=\"\" srcset=\"https:\/\/metalpie.com\/wp-content\/uploads\/2022\/10\/AUTOMOBILE_ALUMINIUM_PROFILE_006image.webp 641w, https:\/\/metalpie.com\/wp-content\/uploads\/2022\/10\/AUTOMOBILE_ALUMINIUM_PROFILE_006image-300x241.webp 300w\" sizes=\"auto, (max-width: 641px) 100vw, 641px\" \/>\t\t\t\t\t\t\n\t\t\t\t\t<\/div>\n\t\t\t\t\t\t\t\t\n<style>\n#image_90284364 {\n  width: 100%;\n}\n<\/style>\n\t<\/div>\n\t\n\t\t<\/div>\n\t\t\t\t\t<\/div>\n\n\t\n\n\t<div id=\"col-235284764\" class=\"col medium-6 small-12 large-6\"  >\n\t\t\t\t<div class=\"col-inner\"  >\n\t\t\t\n\t\t\t\n<p>A liga de alum\u00ednio extrudado \u00e9 usada principalmente em algumas partes da viga da carroceria do carro.<\/p>\n<p>Como soleiras de portas, vigas longitudinais, vigas, etc., o alum\u00ednio extrudado pode obter melhor rigidez e colis\u00e3o por meio de uma estrutura de se\u00e7\u00e3o transversal mais complexa do que o a\u00e7o. Na d\u00e9cada de 1990, o Jap\u00e3o construiu um carro esportivo NSX totalmente em alum\u00ednio com uma carroceria totalmente em alum\u00ednio. Os perfis extrudados representavam 12% do peso total. Com o progresso gradual da tecnologia de processamento de dobra tridimensional de alta precis\u00e3o dos perfis e da tecnologia de controle de estrutura e controle de resist\u00eancia das ligas da s\u00e9rie 6, o peso da liga de alum\u00ednio extrudado usada no INSIGHT da Honda aumentou para 30%. No entanto, com o desenvolvimento de outras tecnologias e o impacto do ambiente de mercado, o peso dos perfis extrudados na carroceria do carro do BCE nos \u00faltimos 10 anos \u00e9 de cerca de 3%, e a gama de pe\u00e7as usadas \u00e9 relativamente est\u00e1vel.<\/p>\n\t\t<\/div>\n\t\t\t\t\t<\/div>\n\n\t\n<\/div>\n\t<div class=\"img has-hover x md-x lg-x y md-y lg-y\" id=\"image_575183194\">\n\t\t\t\t\t\t\t\t<div class=\"img-inner dark\" >\n\t\t\t<img loading=\"lazy\" decoding=\"async\" width=\"757\" height=\"569\" src=\"https:\/\/metalpie.com\/wp-content\/uploads\/2022\/10\/AUTOMOBILE_ALUMINIUM_PROFILE_007image.webp\" class=\"attachment-original size-original\" alt=\"\" srcset=\"https:\/\/metalpie.com\/wp-content\/uploads\/2022\/10\/AUTOMOBILE_ALUMINIUM_PROFILE_007image.webp 757w, https:\/\/metalpie.com\/wp-content\/uploads\/2022\/10\/AUTOMOBILE_ALUMINIUM_PROFILE_007image-300x225.webp 300w\" sizes=\"auto, (max-width: 757px) 100vw, 757px\" \/>\t\t\t\t\t\t\n\t\t\t\t\t<\/div>\n\t\t\t\t\t\t\t\t\n<style>\n#image_575183194 {\n  width: 100%;\n}\n<\/style>\n\t<\/div>\n\t\n<p>A baixa densidade da liga de alum\u00ednio faz dela um material importante para uma carroceria leve.<\/p>\n<p>Em termos de substitui\u00e7\u00e3o do a\u00e7o, o desempenho de todo o ve\u00edculo pode ser melhorado por meio da espessura de cerca de 1,5 vez e do design estrutural especial da fundi\u00e7\u00e3o; em termos de rela\u00e7\u00e3o de peso da bicicleta, a propor\u00e7\u00e3o de alum\u00ednio estampado em chapa met\u00e1lica \u00e9 a maior, seguida pelo alum\u00ednio fundido e pelo alum\u00ednio extrudado. No entanto, na montagem do painel lateral, que precisa absorver a energia de forma eficiente e reduzir a quantidade de intrus\u00e3o, ele n\u00e3o apresenta vantagens em compara\u00e7\u00e3o com o a\u00e7o conformado a quente.<\/p>\n<p>O grupo Huajian Aluminium tem se esfor\u00e7ado na extrus\u00e3o de material de alum\u00ednio desde 2000, e a habilidade de produ\u00e7\u00e3o da empresa est\u00e1 amadurecida no fornecimento de autom\u00f3veis.<\/p>\n\t\t<\/div>\n\n\t\t\n<style>\n#section_818867166 {\n  padding-top: 30px;\n  padding-bottom: 30px;\n}\n<\/style>\n\t<\/section>","protected":false},"excerpt":{"rendered":"<p>A pesquisa do grupo Huajian Aluminium mostra que cerca de 75% do consumo de energia est\u00e1 relacionado ao peso do autom\u00f3vel: diminuir o peso do carro pode reduzir efetivamente o consumo de combust\u00edvel e as emiss\u00f5es. Em compara\u00e7\u00e3o com o a\u00e7o, o alum\u00ednio tem vantagens \u00f3bvias.<\/p>","protected":false},"featured_media":2652,"comment_status":"closed","ping_status":"closed","template":"","meta":[],"product_cat":[98],"class_list":["post-2651","product","type-product","status-publish","has-post-thumbnail","hentry","product_cat-aluminum-vehicles"],"yoast_head":"<!-- This site is optimized with the Yoast SEO plugin v21.5 - https:\/\/yoast.com\/wordpress\/plugins\/seo\/ -->\n<title>Fresh Air Window - METALPIE<\/title>\n<meta name=\"robots\" content=\"index, follow, max-snippet:-1, max-image-preview:large, max-video-preview:-1\" \/>\n<link rel=\"canonical\" href=\"https:\/\/metalpie.com\/pt\/veiculos-de-aluminio\/perfil-de-aluminio-para-automoveis\/\" \/>\n<meta property=\"og:locale\" content=\"pt_BR\" \/>\n<meta property=\"og:type\" content=\"article\" \/>\n<meta property=\"og:title\" content=\"Fresh Air Window - METALPIE\" \/>\n<meta property=\"og:description\" content=\"Huajian Aluminium group research shows that about 75% of energy consumption is related to the weight of automobile\uff0cdecrease car\u2018s weight can effectively reduce fuel consumption and emissions. Compared with steel, aluminum has obvious advantages.\" \/>\n<meta property=\"og:url\" content=\"https:\/\/metalpie.com\/pt\/veiculos-de-aluminio\/perfil-de-aluminio-para-automoveis\/\" \/>\n<meta property=\"og:site_name\" content=\"METALPIE\" \/>\n<meta property=\"article:modified_time\" content=\"2022-10-08T14:11:00+00:00\" \/>\n<meta property=\"og:image\" content=\"https:\/\/metalpie.com\/wp-content\/uploads\/2022\/10\/AUTOMOBILE_ALUMINIUM_PROFILE_001image.webp\" \/>\n\t<meta property=\"og:image:width\" content=\"800\" \/>\n\t<meta property=\"og:image:height\" content=\"800\" \/>\n\t<meta property=\"og:image:type\" content=\"image\/webp\" \/>\n<meta name=\"twitter:card\" content=\"summary_large_image\" \/>\n<meta name=\"twitter:label1\" content=\"Est. tempo de leitura\" \/>\n\t<meta name=\"twitter:data1\" content=\"4 minutos\" \/>\n<script type=\"application\/ld+json\" class=\"yoast-schema-graph\">{\"@context\":\"https:\/\/schema.org\",\"@graph\":[{\"@type\":\"WebPage\",\"@id\":\"https:\/\/metalpie.com\/ru\/%d0%b0%d0%bb%d1%8e%d0%bc%d0%b8%d0%bd%d0%b8%d0%b5%d0%b2%d1%8b%d0%b5-%d0%b0%d0%b2%d1%82%d0%be%d0%bc%d0%be%d0%b1%d0%b8%d0%bb%d0%b8\/%d0%b0%d0%b2%d1%82%d0%be%d0%bc%d0%be%d0%b1%d0%b8%d0%bb%d1%8c%d0%bd%d1%8b%d0%b9-%d0%b0%d0%bb%d1%8e%d0%bc%d0%b8%d0%bd%d0%b8%d0%b5%d0%b2%d1%8b%d0%b9-%d0%bf%d1%80%d0%be%d1%84%d0%b8%d0%bb%d1%8c\/\",\"url\":\"https:\/\/metalpie.com\/ru\/%d0%b0%d0%bb%d1%8e%d0%bc%d0%b8%d0%bd%d0%b8%d0%b5%d0%b2%d1%8b%d0%b5-%d0%b0%d0%b2%d1%82%d0%be%d0%bc%d0%be%d0%b1%d0%b8%d0%bb%d0%b8\/%d0%b0%d0%b2%d1%82%d0%be%d0%bc%d0%be%d0%b1%d0%b8%d0%bb%d1%8c%d0%bd%d1%8b%d0%b9-%d0%b0%d0%bb%d1%8e%d0%bc%d0%b8%d0%bd%d0%b8%d0%b5%d0%b2%d1%8b%d0%b9-%d0%bf%d1%80%d0%be%d1%84%d0%b8%d0%bb%d1%8c\/\",\"name\":\"Fresh Air Window - METALPIE\",\"isPartOf\":{\"@id\":\"https:\/\/metalpie.com\/#website\"},\"datePublished\":\"2022-10-08T14:04:59+00:00\",\"dateModified\":\"2022-10-08T14:11:00+00:00\",\"breadcrumb\":{\"@id\":\"https:\/\/metalpie.com\/ru\/%d0%b0%d0%bb%d1%8e%d0%bc%d0%b8%d0%bd%d0%b8%d0%b5%d0%b2%d1%8b%d0%b5-%d0%b0%d0%b2%d1%82%d0%be%d0%bc%d0%be%d0%b1%d0%b8%d0%bb%d0%b8\/%d0%b0%d0%b2%d1%82%d0%be%d0%bc%d0%be%d0%b1%d0%b8%d0%bb%d1%8c%d0%bd%d1%8b%d0%b9-%d0%b0%d0%bb%d1%8e%d0%bc%d0%b8%d0%bd%d0%b8%d0%b5%d0%b2%d1%8b%d0%b9-%d0%bf%d1%80%d0%be%d1%84%d0%b8%d0%bb%d1%8c\/#breadcrumb\"},\"inLanguage\":\"pt-BR\",\"potentialAction\":[{\"@type\":\"ReadAction\",\"target\":[\"https:\/\/metalpie.com\/ru\/%d0%b0%d0%bb%d1%8e%d0%bc%d0%b8%d0%bd%d0%b8%d0%b5%d0%b2%d1%8b%d0%b5-%d0%b0%d0%b2%d1%82%d0%be%d0%bc%d0%be%d0%b1%d0%b8%d0%bb%d0%b8\/%d0%b0%d0%b2%d1%82%d0%be%d0%bc%d0%be%d0%b1%d0%b8%d0%bb%d1%8c%d0%bd%d1%8b%d0%b9-%d0%b0%d0%bb%d1%8e%d0%bc%d0%b8%d0%bd%d0%b8%d0%b5%d0%b2%d1%8b%d0%b9-%d0%bf%d1%80%d0%be%d1%84%d0%b8%d0%bb%d1%8c\/\"]}]},{\"@type\":\"BreadcrumbList\",\"@id\":\"https:\/\/metalpie.com\/ru\/%d0%b0%d0%bb%d1%8e%d0%bc%d0%b8%d0%bd%d0%b8%d0%b5%d0%b2%d1%8b%d0%b5-%d0%b0%d0%b2%d1%82%d0%be%d0%bc%d0%be%d0%b1%d0%b8%d0%bb%d0%b8\/%d0%b0%d0%b2%d1%82%d0%be%d0%bc%d0%be%d0%b1%d0%b8%d0%bb%d1%8c%d0%bd%d1%8b%d0%b9-%d0%b0%d0%bb%d1%8e%d0%bc%d0%b8%d0%bd%d0%b8%d0%b5%d0%b2%d1%8b%d0%b9-%d0%bf%d1%80%d0%be%d1%84%d0%b8%d0%bb%d1%8c\/#breadcrumb\",\"itemListElement\":[{\"@type\":\"ListItem\",\"position\":1,\"name\":\"Home\",\"item\":\"https:\/\/metalpie.com\/\"},{\"@type\":\"ListItem\",\"position\":2,\"name\":\"Products\",\"item\":\"https:\/\/metalpie.com\/shop\/\"},{\"@type\":\"ListItem\",\"position\":3,\"name\":\"Automobile Aluminium Profile\"}]},{\"@type\":\"WebSite\",\"@id\":\"https:\/\/metalpie.com\/#website\",\"url\":\"https:\/\/metalpie.com\/\",\"name\":\"METALPIE\",\"description\":\"Precision Metal Fabrication | Tools, Processes &amp; More\",\"potentialAction\":[{\"@type\":\"SearchAction\",\"target\":{\"@type\":\"EntryPoint\",\"urlTemplate\":\"https:\/\/metalpie.com\/?s={search_term_string}\"},\"query-input\":\"required name=search_term_string\"}],\"inLanguage\":\"pt-BR\"}]}<\/script>\n<!-- \/ Yoast SEO plugin. -->","yoast_head_json":{"title":"Janela de ar fresco - METALPIE","robots":{"index":"index","follow":"follow","max-snippet":"max-snippet:-1","max-image-preview":"max-image-preview:large","max-video-preview":"max-video-preview:-1"},"canonical":"https:\/\/metalpie.com\/pt\/veiculos-de-aluminio\/perfil-de-aluminio-para-automoveis\/","og_locale":"pt_BR","og_type":"article","og_title":"Fresh Air Window - METALPIE","og_description":"Huajian Aluminium group research shows that about 75% of energy consumption is related to the weight of automobile\uff0cdecrease car\u2018s weight can effectively reduce fuel consumption and emissions. Compared with steel, aluminum has obvious advantages.","og_url":"https:\/\/metalpie.com\/pt\/veiculos-de-aluminio\/perfil-de-aluminio-para-automoveis\/","og_site_name":"METALPIE","article_modified_time":"2022-10-08T14:11:00+00:00","og_image":[{"width":800,"height":800,"url":"https:\/\/metalpie.com\/wp-content\/uploads\/2022\/10\/AUTOMOBILE_ALUMINIUM_PROFILE_001image.webp","type":"image\/webp"}],"twitter_card":"summary_large_image","twitter_misc":{"Est. tempo de leitura":"4 minutos"},"schema":{"@context":"https:\/\/schema.org","@graph":[{"@type":"WebPage","@id":"https:\/\/metalpie.com\/ru\/%d0%b0%d0%bb%d1%8e%d0%bc%d0%b8%d0%bd%d0%b8%d0%b5%d0%b2%d1%8b%d0%b5-%d0%b0%d0%b2%d1%82%d0%be%d0%bc%d0%be%d0%b1%d0%b8%d0%bb%d0%b8\/%d0%b0%d0%b2%d1%82%d0%be%d0%bc%d0%be%d0%b1%d0%b8%d0%bb%d1%8c%d0%bd%d1%8b%d0%b9-%d0%b0%d0%bb%d1%8e%d0%bc%d0%b8%d0%bd%d0%b8%d0%b5%d0%b2%d1%8b%d0%b9-%d0%bf%d1%80%d0%be%d1%84%d0%b8%d0%bb%d1%8c\/","url":"https:\/\/metalpie.com\/ru\/%d0%b0%d0%bb%d1%8e%d0%bc%d0%b8%d0%bd%d0%b8%d0%b5%d0%b2%d1%8b%d0%b5-%d0%b0%d0%b2%d1%82%d0%be%d0%bc%d0%be%d0%b1%d0%b8%d0%bb%d0%b8\/%d0%b0%d0%b2%d1%82%d0%be%d0%bc%d0%be%d0%b1%d0%b8%d0%bb%d1%8c%d0%bd%d1%8b%d0%b9-%d0%b0%d0%bb%d1%8e%d0%bc%d0%b8%d0%bd%d0%b8%d0%b5%d0%b2%d1%8b%d0%b9-%d0%bf%d1%80%d0%be%d1%84%d0%b8%d0%bb%d1%8c\/","name":"Janela de ar fresco - METALPIE","isPartOf":{"@id":"https:\/\/metalpie.com\/#website"},"datePublished":"2022-10-08T14:04:59+00:00","dateModified":"2022-10-08T14:11:00+00:00","breadcrumb":{"@id":"https:\/\/metalpie.com\/ru\/%d0%b0%d0%bb%d1%8e%d0%bc%d0%b8%d0%bd%d0%b8%d0%b5%d0%b2%d1%8b%d0%b5-%d0%b0%d0%b2%d1%82%d0%be%d0%bc%d0%be%d0%b1%d0%b8%d0%bb%d0%b8\/%d0%b0%d0%b2%d1%82%d0%be%d0%bc%d0%be%d0%b1%d0%b8%d0%bb%d1%8c%d0%bd%d1%8b%d0%b9-%d0%b0%d0%bb%d1%8e%d0%bc%d0%b8%d0%bd%d0%b8%d0%b5%d0%b2%d1%8b%d0%b9-%d0%bf%d1%80%d0%be%d1%84%d0%b8%d0%bb%d1%8c\/#breadcrumb"},"inLanguage":"pt-BR","potentialAction":[{"@type":"ReadAction","target":["https:\/\/metalpie.com\/ru\/%d0%b0%d0%bb%d1%8e%d0%bc%d0%b8%d0%bd%d0%b8%d0%b5%d0%b2%d1%8b%d0%b5-%d0%b0%d0%b2%d1%82%d0%be%d0%bc%d0%be%d0%b1%d0%b8%d0%bb%d0%b8\/%d0%b0%d0%b2%d1%82%d0%be%d0%bc%d0%be%d0%b1%d0%b8%d0%bb%d1%8c%d0%bd%d1%8b%d0%b9-%d0%b0%d0%bb%d1%8e%d0%bc%d0%b8%d0%bd%d0%b8%d0%b5%d0%b2%d1%8b%d0%b9-%d0%bf%d1%80%d0%be%d1%84%d0%b8%d0%bb%d1%8c\/"]}]},{"@type":"BreadcrumbList","@id":"https:\/\/metalpie.com\/ru\/%d0%b0%d0%bb%d1%8e%d0%bc%d0%b8%d0%bd%d0%b8%d0%b5%d0%b2%d1%8b%d0%b5-%d0%b0%d0%b2%d1%82%d0%be%d0%bc%d0%be%d0%b1%d0%b8%d0%bb%d0%b8\/%d0%b0%d0%b2%d1%82%d0%be%d0%bc%d0%be%d0%b1%d0%b8%d0%bb%d1%8c%d0%bd%d1%8b%d0%b9-%d0%b0%d0%bb%d1%8e%d0%bc%d0%b8%d0%bd%d0%b8%d0%b5%d0%b2%d1%8b%d0%b9-%d0%bf%d1%80%d0%be%d1%84%d0%b8%d0%bb%d1%8c\/#breadcrumb","itemListElement":[{"@type":"ListItem","position":1,"name":"Home","item":"https:\/\/metalpie.com\/"},{"@type":"ListItem","position":2,"name":"Products","item":"https:\/\/metalpie.com\/shop\/"},{"@type":"ListItem","position":3,"name":"Automobile Aluminium Profile"}]},{"@type":"WebSite","@id":"https:\/\/metalpie.com\/#website","url":"https:\/\/metalpie.com\/","name":"METALPIE","description":"Fabrica\u00e7\u00e3o de metais de precis\u00e3o | Ferramentas, processos e muito mais","potentialAction":[{"@type":"SearchAction","target":{"@type":"EntryPoint","urlTemplate":"https:\/\/metalpie.com\/?s={search_term_string}"},"query-input":"required name=search_term_string"}],"inLanguage":"pt-BR"}]}},"_links":{"self":[{"href":"https:\/\/metalpie.com\/pt\/wp-json\/wp\/v2\/product\/2651","targetHints":{"allow":["GET"]}}],"collection":[{"href":"https:\/\/metalpie.com\/pt\/wp-json\/wp\/v2\/product"}],"about":[{"href":"https:\/\/metalpie.com\/pt\/wp-json\/wp\/v2\/types\/product"}],"replies":[{"embeddable":true,"href":"https:\/\/metalpie.com\/pt\/wp-json\/wp\/v2\/comments?post=2651"}],"wp:featuredmedia":[{"embeddable":true,"href":"https:\/\/metalpie.com\/pt\/wp-json\/wp\/v2\/media\/2652"}],"wp:attachment":[{"href":"https:\/\/metalpie.com\/pt\/wp-json\/wp\/v2\/media?parent=2651"}],"wp:term":[{"taxonomy":"product_cat","embeddable":true,"href":"https:\/\/metalpie.com\/pt\/wp-json\/wp\/v2\/product_cat?post=2651"}],"curies":[{"name":"wp","href":"https:\/\/api.w.org\/{rel}","templated":true}]}}