{"id":1300,"date":"2022-08-19T17:20:50","date_gmt":"2022-08-19T09:20:50","guid":{"rendered":"https:\/\/goodsheet.bbswaimao.com\/?post_type=product&amp;p=1300"},"modified":"2022-08-19T17:20:50","modified_gmt":"2022-08-19T09:20:50","slug":"fabricacao-de-chapas-de-metal-suportes-de-aco-inoxidavel-para-maquina-de-impressora-3d","status":"publish","type":"product","link":"https:\/\/metalpie.com\/pt\/impressora-3d-de-metal\/fabricacao-de-chapas-de-metal-suportes-de-aco-inoxidavel-para-maquina-de-impressora-3d\/","title":{"rendered":"Suportes de a\u00e7o inoxid\u00e1vel para fabrica\u00e7\u00e3o de chapas met\u00e1licas para m\u00e1quinas de impress\u00e3o 3D"},"content":{"rendered":"<p><span style=\"font-size: 170%\">\u00a0Especifica\u00e7\u00e3o da fabrica\u00e7\u00e3o de chapas met\u00e1licas para suportes<\/span><\/p>\n<div class=\"over-tabs\">\n<table style=\"height: 584px\" width=\"718\" cellspacing=\"0\" cellpadding=\"0\">\n<colgroup>\n<col \/>\n<col \/>\n<col \/><\/colgroup>\n<tbody>\n<tr class=\"firstRow\">\n<td>Material<\/td>\n<td colspan=\"2\">Alum\u00ednio, cobre, lat\u00e3o, a\u00e7o inoxid\u00e1vel<\/td>\n<\/tr>\n<tr>\n<td>Espessura da placa<\/td>\n<td colspan=\"2\">0,9 mm - 20 mm<\/td>\n<\/tr>\n<tr>\n<td>Processo<\/td>\n<td colspan=\"2\">Puncionamento, corte, estamparia, dobra<\/td>\n<\/tr>\n<tr>\n<td>Aplicativo<\/td>\n<td colspan=\"2\">Suportes de chapa met\u00e1lica, suportes de parede, suportes de montagem,<br \/>\nSuportes para TV, suportes de parede para TV, suporte para montagem em parede de LCD, etc.<\/td>\n<\/tr>\n<tr>\n<td>Acabamento da superf\u00edcie<\/td>\n<td colspan=\"2\">Anodiza\u00e7\u00e3o, zinco, cromagem, revestimento em p\u00f3 e serigrafia, etc.<\/td>\n<\/tr>\n<tr>\n<td rowspan=\"6\">Toler\u00e2ncia<\/td>\n<td>Dobrar para o furo ou caracter\u00edstica:<\/td>\n<td>\u00b10,2 mm<\/td>\n<\/tr>\n<tr>\n<td>Forma\u00e7\u00e3o e dobragem:<\/td>\n<td>\u00b10,4 mm<\/td>\n<\/tr>\n<tr>\n<td>Di\u00e2metro com inser\u00e7\u00f5es:<\/td>\n<td>\u00b10,06 mm<\/td>\n<\/tr>\n<tr>\n<td>Dimens\u00f5es lineares excluindo<br \/>\nlocais para curvas:<\/td>\n<td>\u00b10,1 mm<\/td>\n<\/tr>\n<tr>\n<td>Angularidade<\/td>\n<td>\u00b12 graus<\/td>\n<\/tr>\n<tr>\n<td>Rugosidade da superf\u00edcie<\/td>\n<td>\u00b13,2 micr\u00f4metros<\/td>\n<\/tr>\n<tr>\n<td>Prazo de entrega<\/td>\n<td colspan=\"2\">7 a 35 dias, dependendo da quantidade<\/td>\n<\/tr>\n<\/tbody>\n<\/table>\n<p>&nbsp;<\/p>\n<\/div>","protected":false},"excerpt":{"rendered":"<p>A fabrica\u00e7\u00e3o de chapas met\u00e1licas de suporte \u00e9 amplamente utilizada em aparelhos eletr\u00f4nicos, comunica\u00e7\u00e3o, ind\u00fastria automobil\u00edstica, equipamentos m\u00e9dicos e outros campos. As caracter\u00edsticas do suporte de chapa met\u00e1lica s\u00e3o peso leve, alta resist\u00eancia, condutividade el\u00e9trica, baixo custo, bom desempenho de produ\u00e7\u00e3o em massa e assim por diante.<\/p>","protected":false},"featured_media":1304,"comment_status":"open","ping_status":"closed","template":"","meta":[],"product_cat":[111],"class_list":["post-1300","product","type-product","status-publish","has-post-thumbnail","hentry","product_cat-metal-3d-printer"],"yoast_head":"<!-- This site is optimized with the Yoast SEO plugin v21.5 - https:\/\/yoast.com\/wordpress\/plugins\/seo\/ -->\n<title>Sheet Metal Fabrication Stainless Steel Brackets For 3D Printer Machine - METALPIE<\/title>\n<meta name=\"robots\" content=\"index, follow, max-snippet:-1, max-image-preview:large, max-video-preview:-1\" \/>\n<link rel=\"canonical\" href=\"https:\/\/metalpie.com\/pt\/impressora-3d-de-metal\/fabricacao-de-chapas-de-metal-suportes-de-aco-inoxidavel-para-maquina-de-impressora-3d\/\" \/>\n<meta property=\"og:locale\" content=\"pt_BR\" \/>\n<meta property=\"og:type\" content=\"article\" \/>\n<meta property=\"og:title\" content=\"Sheet Metal Fabrication Stainless Steel Brackets For 3D Printer Machine - METALPIE\" \/>\n<meta property=\"og:description\" content=\"Bracket sheet metal fabrication has widely used in electronic appliances, communication, automobile industry, medical equipment and other fields. The characteristics of sheet metal bracket are light weight, high strength, electrical conductivity ow cost, good mass production performance and so on.\" \/>\n<meta property=\"og:url\" content=\"https:\/\/metalpie.com\/pt\/impressora-3d-de-metal\/fabricacao-de-chapas-de-metal-suportes-de-aco-inoxidavel-para-maquina-de-impressora-3d\/\" \/>\n<meta property=\"og:site_name\" content=\"METALPIE\" \/>\n<meta name=\"twitter:card\" content=\"summary_large_image\" \/>\n<script type=\"application\/ld+json\" class=\"yoast-schema-graph\">{\"@context\":\"https:\/\/schema.org\",\"@graph\":[{\"@type\":\"WebPage\",\"@id\":\"https:\/\/metalpie.com\/metal-3d-printer\/sheet-metal-fabrication-stainless-steel-brackets-for-3d-printer-machine\/\",\"url\":\"https:\/\/metalpie.com\/metal-3d-printer\/sheet-metal-fabrication-stainless-steel-brackets-for-3d-printer-machine\/\",\"name\":\"Sheet Metal Fabrication Stainless Steel Brackets For 3D Printer Machine - METALPIE\",\"isPartOf\":{\"@id\":\"https:\/\/metalpie.com\/#website\"},\"datePublished\":\"2022-08-19T09:20:50+00:00\",\"dateModified\":\"2022-08-19T09:20:50+00:00\",\"breadcrumb\":{\"@id\":\"https:\/\/metalpie.com\/metal-3d-printer\/sheet-metal-fabrication-stainless-steel-brackets-for-3d-printer-machine\/#breadcrumb\"},\"inLanguage\":\"pt-BR\",\"potentialAction\":[{\"@type\":\"ReadAction\",\"target\":[\"https:\/\/metalpie.com\/metal-3d-printer\/sheet-metal-fabrication-stainless-steel-brackets-for-3d-printer-machine\/\"]}]},{\"@type\":\"BreadcrumbList\",\"@id\":\"https:\/\/metalpie.com\/metal-3d-printer\/sheet-metal-fabrication-stainless-steel-brackets-for-3d-printer-machine\/#breadcrumb\",\"itemListElement\":[{\"@type\":\"ListItem\",\"position\":1,\"name\":\"Home\",\"item\":\"https:\/\/metalpie.com\/\"},{\"@type\":\"ListItem\",\"position\":2,\"name\":\"Products\",\"item\":\"https:\/\/metalpie.com\/shop\/\"},{\"@type\":\"ListItem\",\"position\":3,\"name\":\"Sheet Metal Fabrication Stainless Steel Brackets For 3D Printer Machine\"}]},{\"@type\":\"WebSite\",\"@id\":\"https:\/\/metalpie.com\/#website\",\"url\":\"https:\/\/metalpie.com\/\",\"name\":\"METALPIE\",\"description\":\"Precision Metal Fabrication | Tools, Processes &amp; More\",\"potentialAction\":[{\"@type\":\"SearchAction\",\"target\":{\"@type\":\"EntryPoint\",\"urlTemplate\":\"https:\/\/metalpie.com\/?s={search_term_string}\"},\"query-input\":\"required name=search_term_string\"}],\"inLanguage\":\"pt-BR\"}]}<\/script>\n<!-- \/ Yoast SEO plugin. -->","yoast_head_json":{"title":"Suportes de a\u00e7o inoxid\u00e1vel para fabrica\u00e7\u00e3o de chapas met\u00e1licas para m\u00e1quinas de impress\u00e3o 3D - METALPIE","robots":{"index":"index","follow":"follow","max-snippet":"max-snippet:-1","max-image-preview":"max-image-preview:large","max-video-preview":"max-video-preview:-1"},"canonical":"https:\/\/metalpie.com\/pt\/impressora-3d-de-metal\/fabricacao-de-chapas-de-metal-suportes-de-aco-inoxidavel-para-maquina-de-impressora-3d\/","og_locale":"pt_BR","og_type":"article","og_title":"Sheet Metal Fabrication Stainless Steel Brackets For 3D Printer Machine - METALPIE","og_description":"Bracket sheet metal fabrication has widely used in electronic appliances, communication, automobile industry, medical equipment and other fields. The characteristics of sheet metal bracket are light weight, high strength, electrical conductivity ow cost, good mass production performance and so on.","og_url":"https:\/\/metalpie.com\/pt\/impressora-3d-de-metal\/fabricacao-de-chapas-de-metal-suportes-de-aco-inoxidavel-para-maquina-de-impressora-3d\/","og_site_name":"METALPIE","twitter_card":"summary_large_image","schema":{"@context":"https:\/\/schema.org","@graph":[{"@type":"WebPage","@id":"https:\/\/metalpie.com\/metal-3d-printer\/sheet-metal-fabrication-stainless-steel-brackets-for-3d-printer-machine\/","url":"https:\/\/metalpie.com\/metal-3d-printer\/sheet-metal-fabrication-stainless-steel-brackets-for-3d-printer-machine\/","name":"Suportes de a\u00e7o inoxid\u00e1vel para fabrica\u00e7\u00e3o de chapas met\u00e1licas para m\u00e1quinas de impress\u00e3o 3D - METALPIE","isPartOf":{"@id":"https:\/\/metalpie.com\/#website"},"datePublished":"2022-08-19T09:20:50+00:00","dateModified":"2022-08-19T09:20:50+00:00","breadcrumb":{"@id":"https:\/\/metalpie.com\/metal-3d-printer\/sheet-metal-fabrication-stainless-steel-brackets-for-3d-printer-machine\/#breadcrumb"},"inLanguage":"pt-BR","potentialAction":[{"@type":"ReadAction","target":["https:\/\/metalpie.com\/metal-3d-printer\/sheet-metal-fabrication-stainless-steel-brackets-for-3d-printer-machine\/"]}]},{"@type":"BreadcrumbList","@id":"https:\/\/metalpie.com\/metal-3d-printer\/sheet-metal-fabrication-stainless-steel-brackets-for-3d-printer-machine\/#breadcrumb","itemListElement":[{"@type":"ListItem","position":1,"name":"Home","item":"https:\/\/metalpie.com\/"},{"@type":"ListItem","position":2,"name":"Products","item":"https:\/\/metalpie.com\/shop\/"},{"@type":"ListItem","position":3,"name":"Sheet Metal Fabrication Stainless Steel Brackets For 3D Printer Machine"}]},{"@type":"WebSite","@id":"https:\/\/metalpie.com\/#website","url":"https:\/\/metalpie.com\/","name":"METALPIE","description":"Fabrica\u00e7\u00e3o de metais de precis\u00e3o | Ferramentas, processos e muito mais","potentialAction":[{"@type":"SearchAction","target":{"@type":"EntryPoint","urlTemplate":"https:\/\/metalpie.com\/?s={search_term_string}"},"query-input":"required name=search_term_string"}],"inLanguage":"pt-BR"}]}},"_links":{"self":[{"href":"https:\/\/metalpie.com\/pt\/wp-json\/wp\/v2\/product\/1300","targetHints":{"allow":["GET"]}}],"collection":[{"href":"https:\/\/metalpie.com\/pt\/wp-json\/wp\/v2\/product"}],"about":[{"href":"https:\/\/metalpie.com\/pt\/wp-json\/wp\/v2\/types\/product"}],"replies":[{"embeddable":true,"href":"https:\/\/metalpie.com\/pt\/wp-json\/wp\/v2\/comments?post=1300"}],"wp:featuredmedia":[{"embeddable":true,"href":"https:\/\/metalpie.com\/pt\/wp-json\/"}],"wp:attachment":[{"href":"https:\/\/metalpie.com\/pt\/wp-json\/wp\/v2\/media?parent=1300"}],"wp:term":[{"taxonomy":"product_cat","embeddable":true,"href":"https:\/\/metalpie.com\/pt\/wp-json\/wp\/v2\/product_cat?post=1300"}],"curies":[{"name":"wp","href":"https:\/\/api.w.org\/{rel}","templated":true}]}}