{"id":1293,"date":"2022-08-19T16:44:22","date_gmt":"2022-08-19T08:44:22","guid":{"rendered":"https:\/\/goodsheet.bbswaimao.com\/?post_type=product&amp;p=1293"},"modified":"2022-08-19T16:44:22","modified_gmt":"2022-08-19T08:44:22","slug":"pecas-sobressalentes-de-chapa-metalica-personalizadas-revestimento-em-po-cinza-para-pecas-de-chapa-de-impressora-3d","status":"publish","type":"product","link":"https:\/\/metalpie.com\/pt\/impressora-3d-de-metal\/pecas-sobressalentes-de-chapa-metalica-personalizadas-revestimento-em-po-cinza-para-pecas-de-chapa-de-impressora-3d\/","title":{"rendered":"Pe\u00e7as sobressalentes de chapa met\u00e1lica personalizadas com revestimento em p\u00f3 cinza para pe\u00e7as de chapa de impressora 3D"},"content":{"rendered":"<h3 class=\"specifications-title\" data-v-a1e7a598=\"\">Principais especifica\u00e7\u00f5es\/caracter\u00edsticas especiais:<\/h3>\n<div class=\"tpl_txt_editor\" data-v-a1e7a598=\"\"><b>Materiais\u00a0<\/b><br \/>\nLiga de alum\u00ednio: 5052\/6061\/6063\/7075 etc.<br \/>\nBrass Alloy:3602\/2604\/h59\/h62\/etc<br \/>\nLiga de a\u00e7o inoxid\u00e1vel: 303\/304\/316\/412\/etc<br \/>\nLiga de a\u00e7o: a\u00e7o carbono\/molde\/etc<br \/>\nOutros materiais especiais: Lucite\/Nylon\/Bakelite\/etc<br \/>\nTrabalhamos com muitos outros tipos de materiais. Entre em contato conosco se o material desejado n\u00e3o estiver listado acima.<br \/>\n<b>Tratamento de superf\u00edcie\u00a0<\/b><br \/>\nEnegrecimento, polimento, anodiza\u00e7\u00e3o, cromagem, zincagem, niquelagem, colora\u00e7\u00e3o<br \/>\n<b>Equipamento de teste\u00a0<\/b><br \/>\nCMM; microsc\u00f3pio de ferramentas; bra\u00e7o com v\u00e1rias articula\u00e7\u00f5es; medidor de altura autom\u00e1tico; medidor de altura manual; medidor de discagem; plataforma de m\u00e1rmore; medi\u00e7\u00e3o de rugosidade<br \/>\n<b>Inspe\u00e7\u00e3o<\/b><br \/>\nNosso Microsc\u00f3pio de Ferramentas Mitutoyo pode medir at\u00e9 300 mmX x 175 mmY x 220 mmZ<br \/>\n<b>Formatos de arquivo<\/b><br \/>\nSolid Works, Pro\/Engineer, AutoCAD (DXF, DWG), PDF, TIF etc.<br \/>\n<b>Embalagem\u00a0<\/b><br \/>\n1. embalagem industrial tubo de pl\u00e1stico + caixa de papel\u00e3o + caixa de madeira<br \/>\n2. embalagem comercial saco pl\u00e1stico + caixa + caixa de papel\u00e3o + paletes de madeira<br \/>\n3. conforme a exig\u00eancia do cliente<br \/>\n<b>Entregar\u00a0<\/b><br \/>\nDHL, FEDEX. TNT, SF ou de acordo com a exig\u00eancia do cliente<br \/>\nDetalhe da entrega: mercadorias prontas e estoque dentro de 5 a 25 dias \u00fateis<br \/>\n<b>Controle de qualidade<\/b><br \/>\nCertifica\u00e7\u00e3o ISO9001:2008.TUV<br \/>\n<b>Capacidade de processamento<\/b><br \/>\nPodemos fornecer chapas met\u00e1licas, usinagem de pe\u00e7as mec\u00e2nicas, tratamento de superf\u00edcie, como anodiza\u00e7\u00e3o e galvaniza\u00e7\u00e3o, de acordo com as exig\u00eancias de nossos clientes.<br \/>\n<b>faixa de manuten\u00e7\u00e3o<\/b><br \/>\nAs pe\u00e7as s\u00e3o usadas em ve\u00edculos, m\u00e1quinas de impress\u00e3o, m\u00e1quinas de processamento de alimentos, m\u00e1quinas t\u00eaxteis, m\u00e1quinas eletr\u00f4nicas, etc.<br \/>\n<b>Exportado para<\/b><br \/>\nJap\u00e3o, Estados Unidos, Canad\u00e1, Inglaterra e B\u00e9lgica, Alemanha, R\u00fassia, Fran\u00e7a, It\u00e1lia e todos os pa\u00edses<br \/>\n<b>Aplicativo<\/b><br \/>\nPe\u00e7as sobressalentes de m\u00e1quinas, ferramentas el\u00e9tricas de maquin\u00e1rio motorizado, aparelhos esportivos, utens\u00edlios de cozinha, equipamentos de escrit\u00f3rio, scooters Janelas de alum\u00ednio, blocos de chuveiro, rodinhas suspensas, rodas de arm\u00e1rio, brinquedos etc.<br \/>\n<b>Certifica\u00e7\u00e3o<\/b>ISO9001, RoHS, SGS etc.<\/div>","protected":false},"excerpt":{"rendered":"<p>Nossa equipe de soldagem se mobiliza por toda a instala\u00e7\u00e3o para integrar a soldagem TIG, MIG, por pinos e por pontos a outras etapas de fabrica\u00e7\u00e3o, reduzindo o tempo total de produ\u00e7\u00e3o. Frequentemente, eles se juntam ao processo de conforma\u00e7\u00e3o ou de hardware, no qual as pe\u00e7as est\u00e3o sendo dobradas para a dimens\u00e3o especificada ou no qual o hardware \u00e9 inserido na chapa met\u00e1lica.<\/p>","protected":false},"featured_media":1294,"comment_status":"open","ping_status":"closed","template":"","meta":[],"product_cat":[111],"class_list":["post-1293","product","type-product","status-publish","has-post-thumbnail","hentry","product_cat-metal-3d-printer"],"yoast_head":"<!-- This site is optimized with the Yoast SEO plugin v21.5 - https:\/\/yoast.com\/wordpress\/plugins\/seo\/ -->\n<title>Custom Sheet Metal Spare Parts Grey Powder Coating Shell for 3D Printer Plate Parts - METALPIE<\/title>\n<meta name=\"robots\" content=\"index, follow, max-snippet:-1, max-image-preview:large, max-video-preview:-1\" \/>\n<link rel=\"canonical\" href=\"https:\/\/metalpie.com\/pt\/impressora-3d-de-metal\/pecas-sobressalentes-de-chapa-metalica-personalizadas-revestimento-em-po-cinza-para-pecas-de-chapa-de-impressora-3d\/\" \/>\n<meta property=\"og:locale\" content=\"pt_BR\" \/>\n<meta property=\"og:type\" content=\"article\" \/>\n<meta property=\"og:title\" content=\"Custom Sheet Metal Spare Parts Grey Powder Coating Shell for 3D Printer Plate Parts - METALPIE\" \/>\n<meta property=\"og:description\" content=\"Our weld team mobilizes across the facility to integrate TIG, MIG, Stud, and Spot welding into other fabrication steps, reducing overall production time. Frequently, they will join the forming or hardware process where parts are being bent to specified dimension or where hardware is inserted into the sheet metal.\" \/>\n<meta property=\"og:url\" content=\"https:\/\/metalpie.com\/pt\/impressora-3d-de-metal\/pecas-sobressalentes-de-chapa-metalica-personalizadas-revestimento-em-po-cinza-para-pecas-de-chapa-de-impressora-3d\/\" \/>\n<meta property=\"og:site_name\" content=\"METALPIE\" \/>\n<meta name=\"twitter:card\" content=\"summary_large_image\" \/>\n<meta name=\"twitter:label1\" content=\"Est. tempo de leitura\" \/>\n\t<meta name=\"twitter:data1\" content=\"1 minuto\" \/>\n<script type=\"application\/ld+json\" class=\"yoast-schema-graph\">{\"@context\":\"https:\/\/schema.org\",\"@graph\":[{\"@type\":\"WebPage\",\"@id\":\"https:\/\/metalpie.com\/metal-3d-printer\/custom-sheet-metal-spare-parts-grey-powder-coating-shell-for-3d-printer-plate-parts\/\",\"url\":\"https:\/\/metalpie.com\/metal-3d-printer\/custom-sheet-metal-spare-parts-grey-powder-coating-shell-for-3d-printer-plate-parts\/\",\"name\":\"Custom Sheet Metal Spare Parts Grey Powder Coating Shell for 3D Printer Plate Parts - METALPIE\",\"isPartOf\":{\"@id\":\"https:\/\/metalpie.com\/#website\"},\"datePublished\":\"2022-08-19T08:44:22+00:00\",\"dateModified\":\"2022-08-19T08:44:22+00:00\",\"breadcrumb\":{\"@id\":\"https:\/\/metalpie.com\/metal-3d-printer\/custom-sheet-metal-spare-parts-grey-powder-coating-shell-for-3d-printer-plate-parts\/#breadcrumb\"},\"inLanguage\":\"pt-BR\",\"potentialAction\":[{\"@type\":\"ReadAction\",\"target\":[\"https:\/\/metalpie.com\/metal-3d-printer\/custom-sheet-metal-spare-parts-grey-powder-coating-shell-for-3d-printer-plate-parts\/\"]}]},{\"@type\":\"BreadcrumbList\",\"@id\":\"https:\/\/metalpie.com\/metal-3d-printer\/custom-sheet-metal-spare-parts-grey-powder-coating-shell-for-3d-printer-plate-parts\/#breadcrumb\",\"itemListElement\":[{\"@type\":\"ListItem\",\"position\":1,\"name\":\"Home\",\"item\":\"https:\/\/metalpie.com\/\"},{\"@type\":\"ListItem\",\"position\":2,\"name\":\"Products\",\"item\":\"https:\/\/metalpie.com\/shop\/\"},{\"@type\":\"ListItem\",\"position\":3,\"name\":\"Custom Sheet Metal Spare Parts Grey Powder Coating Shell for 3D Printer Plate Parts\"}]},{\"@type\":\"WebSite\",\"@id\":\"https:\/\/metalpie.com\/#website\",\"url\":\"https:\/\/metalpie.com\/\",\"name\":\"METALPIE\",\"description\":\"Precision Metal Fabrication | Tools, Processes &amp; More\",\"potentialAction\":[{\"@type\":\"SearchAction\",\"target\":{\"@type\":\"EntryPoint\",\"urlTemplate\":\"https:\/\/metalpie.com\/?s={search_term_string}\"},\"query-input\":\"required name=search_term_string\"}],\"inLanguage\":\"pt-BR\"}]}<\/script>\n<!-- \/ Yoast SEO plugin. -->","yoast_head_json":{"title":"Pe\u00e7as sobressalentes de chapa met\u00e1lica personalizadas com revestimento em p\u00f3 cinza para pe\u00e7as de chapa de impressora 3D - METALPIE","robots":{"index":"index","follow":"follow","max-snippet":"max-snippet:-1","max-image-preview":"max-image-preview:large","max-video-preview":"max-video-preview:-1"},"canonical":"https:\/\/metalpie.com\/pt\/impressora-3d-de-metal\/pecas-sobressalentes-de-chapa-metalica-personalizadas-revestimento-em-po-cinza-para-pecas-de-chapa-de-impressora-3d\/","og_locale":"pt_BR","og_type":"article","og_title":"Custom Sheet Metal Spare Parts Grey Powder Coating Shell for 3D Printer Plate Parts - METALPIE","og_description":"Our weld team mobilizes across the facility to integrate TIG, MIG, Stud, and Spot welding into other fabrication steps, reducing overall production time. Frequently, they will join the forming or hardware process where parts are being bent to specified dimension or where hardware is inserted into the sheet metal.","og_url":"https:\/\/metalpie.com\/pt\/impressora-3d-de-metal\/pecas-sobressalentes-de-chapa-metalica-personalizadas-revestimento-em-po-cinza-para-pecas-de-chapa-de-impressora-3d\/","og_site_name":"METALPIE","twitter_card":"summary_large_image","twitter_misc":{"Est. tempo de leitura":"1 minuto"},"schema":{"@context":"https:\/\/schema.org","@graph":[{"@type":"WebPage","@id":"https:\/\/metalpie.com\/metal-3d-printer\/custom-sheet-metal-spare-parts-grey-powder-coating-shell-for-3d-printer-plate-parts\/","url":"https:\/\/metalpie.com\/metal-3d-printer\/custom-sheet-metal-spare-parts-grey-powder-coating-shell-for-3d-printer-plate-parts\/","name":"Pe\u00e7as sobressalentes de chapa met\u00e1lica personalizadas com revestimento em p\u00f3 cinza para pe\u00e7as de chapa de impressora 3D - METALPIE","isPartOf":{"@id":"https:\/\/metalpie.com\/#website"},"datePublished":"2022-08-19T08:44:22+00:00","dateModified":"2022-08-19T08:44:22+00:00","breadcrumb":{"@id":"https:\/\/metalpie.com\/metal-3d-printer\/custom-sheet-metal-spare-parts-grey-powder-coating-shell-for-3d-printer-plate-parts\/#breadcrumb"},"inLanguage":"pt-BR","potentialAction":[{"@type":"ReadAction","target":["https:\/\/metalpie.com\/metal-3d-printer\/custom-sheet-metal-spare-parts-grey-powder-coating-shell-for-3d-printer-plate-parts\/"]}]},{"@type":"BreadcrumbList","@id":"https:\/\/metalpie.com\/metal-3d-printer\/custom-sheet-metal-spare-parts-grey-powder-coating-shell-for-3d-printer-plate-parts\/#breadcrumb","itemListElement":[{"@type":"ListItem","position":1,"name":"Home","item":"https:\/\/metalpie.com\/"},{"@type":"ListItem","position":2,"name":"Products","item":"https:\/\/metalpie.com\/shop\/"},{"@type":"ListItem","position":3,"name":"Custom Sheet Metal Spare Parts Grey Powder Coating Shell for 3D Printer Plate Parts"}]},{"@type":"WebSite","@id":"https:\/\/metalpie.com\/#website","url":"https:\/\/metalpie.com\/","name":"METALPIE","description":"Fabrica\u00e7\u00e3o de metais de precis\u00e3o | Ferramentas, processos e muito mais","potentialAction":[{"@type":"SearchAction","target":{"@type":"EntryPoint","urlTemplate":"https:\/\/metalpie.com\/?s={search_term_string}"},"query-input":"required name=search_term_string"}],"inLanguage":"pt-BR"}]}},"_links":{"self":[{"href":"https:\/\/metalpie.com\/pt\/wp-json\/wp\/v2\/product\/1293","targetHints":{"allow":["GET"]}}],"collection":[{"href":"https:\/\/metalpie.com\/pt\/wp-json\/wp\/v2\/product"}],"about":[{"href":"https:\/\/metalpie.com\/pt\/wp-json\/wp\/v2\/types\/product"}],"replies":[{"embeddable":true,"href":"https:\/\/metalpie.com\/pt\/wp-json\/wp\/v2\/comments?post=1293"}],"wp:featuredmedia":[{"embeddable":true,"href":"https:\/\/metalpie.com\/pt\/wp-json\/"}],"wp:attachment":[{"href":"https:\/\/metalpie.com\/pt\/wp-json\/wp\/v2\/media?parent=1293"}],"wp:term":[{"taxonomy":"product_cat","embeddable":true,"href":"https:\/\/metalpie.com\/pt\/wp-json\/wp\/v2\/product_cat?post=1293"}],"curies":[{"name":"wp","href":"https:\/\/api.w.org\/{rel}","templated":true}]}}