{"id":1111,"date":"2022-08-08T11:17:27","date_gmt":"2022-08-08T03:17:27","guid":{"rendered":"https:\/\/goodsheet.bbswaimao.com\/?post_type=product&amp;p=1111"},"modified":"2022-08-08T11:17:27","modified_gmt":"2022-08-08T03:17:27","slug":"pecas-de-estampagem-de-metal-personalizadas-pecas-de-chapa-metalica-estampada-de-aluminio-e-aco-inoxidavel","status":"publish","type":"product","link":"https:\/\/metalpie.com\/pt\/peca-de-estamparia-de-metal\/pecas-de-estampagem-de-metal-personalizadas-pecas-de-chapa-metalica-estampada-de-aluminio-e-aco-inoxidavel\/","title":{"rendered":"Pe\u00e7as de estampagem de metal personalizadas pe\u00e7as de chapa met\u00e1lica estampada de alum\u00ednio e a\u00e7o inoxid\u00e1vel"},"content":{"rendered":"<table style=\"height: 478px\" width=\"1291\">\n<tbody>\n<tr>\n<td width=\"206\">Nome do produto<\/td>\n<td width=\"535\">Pe\u00e7as de metal personalizadas pe\u00e7as de estampagem de cobre, alum\u00ednio e a\u00e7o inoxid\u00e1vel<\/td>\n<\/tr>\n<tr>\n<td width=\"206\">Material<\/td>\n<td width=\"535\">SPCC SECC AL SST<\/td>\n<\/tr>\n<tr>\n<td width=\"206\">Tamanho<\/td>\n<td width=\"535\">De acordo com os desenhos, amostras ou suas solicita\u00e7\u00f5es<\/td>\n<\/tr>\n<tr>\n<td width=\"206\">Servi\u00e7os<\/td>\n<td width=\"535\">Fornecedor de servi\u00e7os completos que atende a clientes de estamparia, forjamento, fundi\u00e7\u00e3o e usinagem<\/td>\n<\/tr>\n<tr>\n<td width=\"206\">Design<\/td>\n<td width=\"535\">De acordo com os desenhos, amostras ou suas solicita\u00e7\u00f5es<\/td>\n<\/tr>\n<tr>\n<td width=\"206\">Padr\u00f5es do setor<\/td>\n<td width=\"535\">&nbsp;<\/p>\n<p>DIN\/ ISO 9001:2015 Compat\u00edvel com RoHS<\/td>\n<\/tr>\n<tr>\n<td width=\"206\">Prazo de pagamento<\/td>\n<td width=\"535\">\u00a0\u00a0L\/C, T\/T, Paypal, v\u00e1rias op\u00e7\u00f5es para tornar o pagamento mais conveniente<\/td>\n<\/tr>\n<tr>\n<td width=\"206\">Controle de qualidade<\/td>\n<td width=\"535\">\u00a0Testador de RoHS, paqu\u00edmetros, testador de dispers\u00e3o de sal, instrumento de medi\u00e7\u00e3o coordenado<\/td>\n<\/tr>\n<tr>\n<td width=\"206\">Adicional<\/td>\n<td width=\"535\">\u00a01) Pedidos de amostra e pedidos pequenos s\u00e3o aceit\u00e1veis;<br \/>\n2) Os m\u00e9todos de entrega: DHL, EMS, UPS ou Fedex (mais r\u00e1pido e seguro)<br \/>\n3) Localizada na base de fabrica\u00e7\u00e3o da cidade de Shenzhen, na China, tamb\u00e9m ajudamos o cliente a projetar de acordo com as exig\u00eancias dos clientes e a aplica\u00e7\u00e3o dos produtos.<\/td>\n<\/tr>\n<\/tbody>\n<\/table>","protected":false},"excerpt":{"rendered":"<p>Essas etiquetas horizontais para estampar em branco podem ser amplamente aplicadas na fabrica\u00e7\u00e3o de joias, sinais de fabrica\u00e7\u00e3o, colares, pulseiras, pingentes, chaveiros, pingentes de bolsas, pingentes de correntes de su\u00e9teres, ornamentos ou voc\u00ea pode estampar palavras ou padr\u00f5es simples e significativos como presentes, o que pode atender a v\u00e1rias necessidades.<\/p>","protected":false},"featured_media":1113,"comment_status":"open","ping_status":"closed","template":"","meta":[],"product_cat":[110],"class_list":["post-1111","product","type-product","status-publish","has-post-thumbnail","hentry","product_cat-metal-stamping-part"],"yoast_head":"<!-- This site is optimized with the Yoast SEO plugin v21.5 - https:\/\/yoast.com\/wordpress\/plugins\/seo\/ -->\n<title>Custom metal stamping parts aluminum stainless steel stamped sheet metal part - METALPIE<\/title>\n<meta name=\"robots\" content=\"index, follow, max-snippet:-1, max-image-preview:large, max-video-preview:-1\" \/>\n<link rel=\"canonical\" href=\"https:\/\/metalpie.com\/pt\/peca-de-estamparia-de-metal\/pecas-de-estampagem-de-metal-personalizadas-pecas-de-chapa-metalica-estampada-de-aluminio-e-aco-inoxidavel\/\" \/>\n<meta property=\"og:locale\" content=\"pt_BR\" \/>\n<meta property=\"og:type\" content=\"article\" \/>\n<meta property=\"og:title\" content=\"Custom metal stamping parts aluminum stainless steel stamped sheet metal part - METALPIE\" \/>\n<meta property=\"og:description\" content=\"These horizontal blank stamping tags can be widely applied for jewelry making, makings sign, necklace, bracelet, pendant, key chain, bag pendant, sweater chain pendants, ornaments or you can stamp simple meaningful words or patterns as gifts, which can meet your multiple needs.\" \/>\n<meta property=\"og:url\" content=\"https:\/\/metalpie.com\/pt\/peca-de-estamparia-de-metal\/pecas-de-estampagem-de-metal-personalizadas-pecas-de-chapa-metalica-estampada-de-aluminio-e-aco-inoxidavel\/\" \/>\n<meta property=\"og:site_name\" content=\"METALPIE\" \/>\n<meta name=\"twitter:card\" content=\"summary_large_image\" \/>\n<meta name=\"twitter:label1\" content=\"Est. tempo de leitura\" \/>\n\t<meta name=\"twitter:data1\" content=\"1 minuto\" \/>\n<script type=\"application\/ld+json\" class=\"yoast-schema-graph\">{\"@context\":\"https:\/\/schema.org\",\"@graph\":[{\"@type\":\"WebPage\",\"@id\":\"https:\/\/metalpie.com\/metal-stamping-part\/custom-metal-stamping-parts-aluminum-stainless-steel-stamped-sheet-metal-part\/\",\"url\":\"https:\/\/metalpie.com\/metal-stamping-part\/custom-metal-stamping-parts-aluminum-stainless-steel-stamped-sheet-metal-part\/\",\"name\":\"Custom metal stamping parts aluminum stainless steel stamped sheet metal part - METALPIE\",\"isPartOf\":{\"@id\":\"https:\/\/metalpie.com\/#website\"},\"datePublished\":\"2022-08-08T03:17:27+00:00\",\"dateModified\":\"2022-08-08T03:17:27+00:00\",\"breadcrumb\":{\"@id\":\"https:\/\/metalpie.com\/metal-stamping-part\/custom-metal-stamping-parts-aluminum-stainless-steel-stamped-sheet-metal-part\/#breadcrumb\"},\"inLanguage\":\"pt-BR\",\"potentialAction\":[{\"@type\":\"ReadAction\",\"target\":[\"https:\/\/metalpie.com\/metal-stamping-part\/custom-metal-stamping-parts-aluminum-stainless-steel-stamped-sheet-metal-part\/\"]}]},{\"@type\":\"BreadcrumbList\",\"@id\":\"https:\/\/metalpie.com\/metal-stamping-part\/custom-metal-stamping-parts-aluminum-stainless-steel-stamped-sheet-metal-part\/#breadcrumb\",\"itemListElement\":[{\"@type\":\"ListItem\",\"position\":1,\"name\":\"Home\",\"item\":\"https:\/\/metalpie.com\/\"},{\"@type\":\"ListItem\",\"position\":2,\"name\":\"Products\",\"item\":\"https:\/\/metalpie.com\/shop\/\"},{\"@type\":\"ListItem\",\"position\":3,\"name\":\"Custom metal stamping parts aluminum stainless steel stamped sheet metal part\"}]},{\"@type\":\"WebSite\",\"@id\":\"https:\/\/metalpie.com\/#website\",\"url\":\"https:\/\/metalpie.com\/\",\"name\":\"METALPIE\",\"description\":\"Precision Metal Fabrication | Tools, Processes &amp; More\",\"potentialAction\":[{\"@type\":\"SearchAction\",\"target\":{\"@type\":\"EntryPoint\",\"urlTemplate\":\"https:\/\/metalpie.com\/?s={search_term_string}\"},\"query-input\":\"required name=search_term_string\"}],\"inLanguage\":\"pt-BR\"}]}<\/script>\n<!-- \/ Yoast SEO plugin. -->","yoast_head_json":{"title":"Pe\u00e7as de estampagem de metal personalizadas pe\u00e7as de chapa met\u00e1lica estampada de alum\u00ednio e a\u00e7o inoxid\u00e1vel - METALPIE","robots":{"index":"index","follow":"follow","max-snippet":"max-snippet:-1","max-image-preview":"max-image-preview:large","max-video-preview":"max-video-preview:-1"},"canonical":"https:\/\/metalpie.com\/pt\/peca-de-estamparia-de-metal\/pecas-de-estampagem-de-metal-personalizadas-pecas-de-chapa-metalica-estampada-de-aluminio-e-aco-inoxidavel\/","og_locale":"pt_BR","og_type":"article","og_title":"Custom metal stamping parts aluminum stainless steel stamped sheet metal part - METALPIE","og_description":"These horizontal blank stamping tags can be widely applied for jewelry making, makings sign, necklace, bracelet, pendant, key chain, bag pendant, sweater chain pendants, ornaments or you can stamp simple meaningful words or patterns as gifts, which can meet your multiple needs.","og_url":"https:\/\/metalpie.com\/pt\/peca-de-estamparia-de-metal\/pecas-de-estampagem-de-metal-personalizadas-pecas-de-chapa-metalica-estampada-de-aluminio-e-aco-inoxidavel\/","og_site_name":"METALPIE","twitter_card":"summary_large_image","twitter_misc":{"Est. tempo de leitura":"1 minuto"},"schema":{"@context":"https:\/\/schema.org","@graph":[{"@type":"WebPage","@id":"https:\/\/metalpie.com\/metal-stamping-part\/custom-metal-stamping-parts-aluminum-stainless-steel-stamped-sheet-metal-part\/","url":"https:\/\/metalpie.com\/metal-stamping-part\/custom-metal-stamping-parts-aluminum-stainless-steel-stamped-sheet-metal-part\/","name":"Pe\u00e7as de estampagem de metal personalizadas pe\u00e7as de chapa met\u00e1lica estampada de alum\u00ednio e a\u00e7o inoxid\u00e1vel - METALPIE","isPartOf":{"@id":"https:\/\/metalpie.com\/#website"},"datePublished":"2022-08-08T03:17:27+00:00","dateModified":"2022-08-08T03:17:27+00:00","breadcrumb":{"@id":"https:\/\/metalpie.com\/metal-stamping-part\/custom-metal-stamping-parts-aluminum-stainless-steel-stamped-sheet-metal-part\/#breadcrumb"},"inLanguage":"pt-BR","potentialAction":[{"@type":"ReadAction","target":["https:\/\/metalpie.com\/metal-stamping-part\/custom-metal-stamping-parts-aluminum-stainless-steel-stamped-sheet-metal-part\/"]}]},{"@type":"BreadcrumbList","@id":"https:\/\/metalpie.com\/metal-stamping-part\/custom-metal-stamping-parts-aluminum-stainless-steel-stamped-sheet-metal-part\/#breadcrumb","itemListElement":[{"@type":"ListItem","position":1,"name":"Home","item":"https:\/\/metalpie.com\/"},{"@type":"ListItem","position":2,"name":"Products","item":"https:\/\/metalpie.com\/shop\/"},{"@type":"ListItem","position":3,"name":"Custom metal stamping parts aluminum stainless steel stamped sheet metal part"}]},{"@type":"WebSite","@id":"https:\/\/metalpie.com\/#website","url":"https:\/\/metalpie.com\/","name":"METALPIE","description":"Fabrica\u00e7\u00e3o de metais de precis\u00e3o | Ferramentas, processos e muito mais","potentialAction":[{"@type":"SearchAction","target":{"@type":"EntryPoint","urlTemplate":"https:\/\/metalpie.com\/?s={search_term_string}"},"query-input":"required name=search_term_string"}],"inLanguage":"pt-BR"}]}},"_links":{"self":[{"href":"https:\/\/metalpie.com\/pt\/wp-json\/wp\/v2\/product\/1111","targetHints":{"allow":["GET"]}}],"collection":[{"href":"https:\/\/metalpie.com\/pt\/wp-json\/wp\/v2\/product"}],"about":[{"href":"https:\/\/metalpie.com\/pt\/wp-json\/wp\/v2\/types\/product"}],"replies":[{"embeddable":true,"href":"https:\/\/metalpie.com\/pt\/wp-json\/wp\/v2\/comments?post=1111"}],"wp:featuredmedia":[{"embeddable":true,"href":"https:\/\/metalpie.com\/pt\/wp-json\/"}],"wp:attachment":[{"href":"https:\/\/metalpie.com\/pt\/wp-json\/wp\/v2\/media?parent=1111"}],"wp:term":[{"taxonomy":"product_cat","embeddable":true,"href":"https:\/\/metalpie.com\/pt\/wp-json\/wp\/v2\/product_cat?post=1111"}],"curies":[{"name":"wp","href":"https:\/\/api.w.org\/{rel}","templated":true}]}}