{"id":1076,"date":"2022-08-15T23:16:56","date_gmt":"2022-08-15T15:16:56","guid":{"rendered":"https:\/\/goodsheet.bbswaimao.com\/?post_type=product&amp;p=1076"},"modified":"2022-08-15T23:16:56","modified_gmt":"2022-08-15T15:16:56","slug":"lorem-ipsum-dolor-sit-amet-consectetuer-adipisci-%e5%a4%8d%e5%88%b6-duplicate-1","status":"publish","type":"product","link":"https:\/\/metalpie.com\/pt\/impressora-3d-de-metal\/lorem-ipsum-dolor-sit-amet-consectetuer-adipisci-%e5%a4%8d%e5%88%b6-duplicate-1\/","title":{"rendered":"Gabinete de impressora 3D para fabrica\u00e7\u00e3o de chapas met\u00e1licas personalizadas OEM"},"content":{"rendered":"<table class=\"has-title hight-light-first-column all magic-4\" style=\"height: 409px\" width=\"800\">\n<tbody>\n<tr>\n<td colspan=\"1\" rowspan=\"1\">\n<div class=\"magic-5\" data-spm-anchor-id=\"a2700.details.0.i30.64901cea8wrLjz\">Nome<\/div>\n<\/td>\n<td colspan=\"1\" rowspan=\"1\">\n<div class=\"magic-6\">Servi\u00e7o de gabinete de impressora 3D de fabrica\u00e7\u00e3o de chapa met\u00e1lica personalizada OEM<\/div>\n<\/td>\n<\/tr>\n<tr>\n<td colspan=\"1\" rowspan=\"1\">\n<div class=\"magic-5\">Material<\/div>\n<\/td>\n<td colspan=\"1\" rowspan=\"1\">\n<div class=\"magic-6\">A\u00e7o laminado em torr\u00e3o<\/div>\n<\/td>\n<\/tr>\n<tr>\n<td colspan=\"1\" rowspan=\"1\">Tratamento de superf\u00edcie<\/td>\n<td colspan=\"1\" rowspan=\"1\">Revestido com p\u00f3<\/td>\n<\/tr>\n<tr>\n<td colspan=\"1\" rowspan=\"1\">Aplicativo<\/td>\n<td colspan=\"1\" rowspan=\"1\">Impressora 3D<\/td>\n<\/tr>\n<tr>\n<td colspan=\"1\" rowspan=\"1\">\n<div class=\"magic-5\">Embalagem<\/div>\n<\/td>\n<td colspan=\"1\" rowspan=\"1\">\n<div class=\"magic-6\">Embalagem interna: espuma \/ saco pl\u00e1stico \/ papel \/ saco pl\u00e1stico bolha \/ filme stretch.<br \/>\nEmbalagem externa: caixas de papel\u00e3o r\u00edgido\/caixas de madeira personalizadas.<\/div>\n<\/td>\n<\/tr>\n<tr>\n<td colspan=\"1\" rowspan=\"1\">\n<div class=\"magic-5\">Equipamento de produ\u00e7\u00e3o<\/div>\n<\/td>\n<td colspan=\"1\" rowspan=\"1\">\n<div class=\"magic-6\">Corte a laser Soldagem por dobra<\/div>\n<\/td>\n<\/tr>\n<tr>\n<td colspan=\"1\" rowspan=\"1\">\n<div class=\"magic-5\">Equipamentos de teste<\/div>\n<\/td>\n<td colspan=\"1\" rowspan=\"1\">\n<div class=\"magic-6\">Aparelho de proje\u00e7\u00e3o, teste de n\u00e9voa salina, dur\u00f4metro e testador de espessura de revestimento<\/div>\n<\/td>\n<\/tr>\n<tr>\n<td colspan=\"1\" rowspan=\"1\">\n<div class=\"magic-5\">\u00a0Toler\u00e2ncia<\/div>\n<\/td>\n<td colspan=\"1\" rowspan=\"1\">\n<div class=\"magic-6\">\u00b10,1~0,2mm<\/div>\n<\/td>\n<\/tr>\n<tr>\n<td colspan=\"1\" rowspan=\"1\">\n<div class=\"magic-5\">Desenho<\/div>\n<\/td>\n<td colspan=\"1\" rowspan=\"1\">\n<div class=\"magic-6\">JPG, PDF, CAD, DWG, STP, STEP<\/div>\n<\/td>\n<\/tr>\n<\/tbody>\n<\/table>\n<p>&nbsp;<\/p>","protected":false},"excerpt":{"rendered":"<p>Um gabinete de impressora 3D projetado para ser impresso e montado em uma grande m\u00e1quina de impress\u00e3o. Imprima um n\u00famero ilimitado de gabinetes e dimensione-os para qualquer tamanho.<\/p>\n<p>Esse projeto se concentra no uso de a\u00e7o laminado a frio, bem como no revestimento em p\u00f3 de grau externo. O p\u00f3 de cor de metal industrial de alta qualidade e um processo de soldagem firme permitir\u00e3o que os produtos atendam perfeitamente \u00e0s expectativas dos clientes.<\/p>","protected":false},"featured_media":1103,"comment_status":"closed","ping_status":"closed","template":"","meta":[],"product_cat":[111],"class_list":["post-1076","product","type-product","status-publish","has-post-thumbnail","hentry","product_cat-metal-3d-printer"],"yoast_head":"<!-- This site is optimized with the Yoast SEO plugin v21.5 - https:\/\/yoast.com\/wordpress\/plugins\/seo\/ -->\n<title>OEM Customized Sheet Metal Fabrication 3D Printer Enclosure - METALPIE<\/title>\n<meta name=\"robots\" content=\"index, follow, max-snippet:-1, max-image-preview:large, max-video-preview:-1\" \/>\n<link rel=\"canonical\" href=\"https:\/\/metalpie.com\/pt\/impressora-3d-de-metal\/lorem-ipsum-dolor-sit-amet-consectetuer-adipisci-\u590d\u5236-duplicate-1\/\" \/>\n<meta property=\"og:locale\" content=\"pt_BR\" \/>\n<meta property=\"og:type\" content=\"article\" \/>\n<meta property=\"og:title\" content=\"OEM Customized Sheet Metal Fabrication 3D Printer Enclosure - METALPIE\" \/>\n<meta property=\"og:description\" content=\"A 3d printer enclosure designed to be printed and assembled at big printer machine. Print out unlimited enclosures and scale them to any size. This design focuses on the use of cold rolled steel as well as and make the Outdoor grade powder coating. Up-market industrial metal color powder and a firm welding process will let the products perfectly matched all customer&#039;s expectations.\" \/>\n<meta property=\"og:url\" content=\"https:\/\/metalpie.com\/pt\/impressora-3d-de-metal\/lorem-ipsum-dolor-sit-amet-consectetuer-adipisci-\u590d\u5236-duplicate-1\/\" \/>\n<meta property=\"og:site_name\" content=\"METALPIE\" \/>\n<meta name=\"twitter:card\" content=\"summary_large_image\" \/>\n<meta name=\"twitter:label1\" content=\"Est. tempo de leitura\" \/>\n\t<meta name=\"twitter:data1\" content=\"1 minuto\" \/>\n<script type=\"application\/ld+json\" class=\"yoast-schema-graph\">{\"@context\":\"https:\/\/schema.org\",\"@graph\":[{\"@type\":\"WebPage\",\"@id\":\"https:\/\/metalpie.com\/metal-3d-printer\/lorem-ipsum-dolor-sit-amet-consectetuer-adipisci-%e5%a4%8d%e5%88%b6-duplicate-1\/\",\"url\":\"https:\/\/metalpie.com\/metal-3d-printer\/lorem-ipsum-dolor-sit-amet-consectetuer-adipisci-%e5%a4%8d%e5%88%b6-duplicate-1\/\",\"name\":\"OEM Customized Sheet Metal Fabrication 3D Printer Enclosure - METALPIE\",\"isPartOf\":{\"@id\":\"https:\/\/metalpie.com\/#website\"},\"datePublished\":\"2022-08-15T15:16:56+00:00\",\"dateModified\":\"2022-08-15T15:16:56+00:00\",\"breadcrumb\":{\"@id\":\"https:\/\/metalpie.com\/metal-3d-printer\/lorem-ipsum-dolor-sit-amet-consectetuer-adipisci-%e5%a4%8d%e5%88%b6-duplicate-1\/#breadcrumb\"},\"inLanguage\":\"pt-BR\",\"potentialAction\":[{\"@type\":\"ReadAction\",\"target\":[\"https:\/\/metalpie.com\/metal-3d-printer\/lorem-ipsum-dolor-sit-amet-consectetuer-adipisci-%e5%a4%8d%e5%88%b6-duplicate-1\/\"]}]},{\"@type\":\"BreadcrumbList\",\"@id\":\"https:\/\/metalpie.com\/metal-3d-printer\/lorem-ipsum-dolor-sit-amet-consectetuer-adipisci-%e5%a4%8d%e5%88%b6-duplicate-1\/#breadcrumb\",\"itemListElement\":[{\"@type\":\"ListItem\",\"position\":1,\"name\":\"Home\",\"item\":\"https:\/\/metalpie.com\/\"},{\"@type\":\"ListItem\",\"position\":2,\"name\":\"Products\",\"item\":\"https:\/\/metalpie.com\/shop\/\"},{\"@type\":\"ListItem\",\"position\":3,\"name\":\"OEM Customized Sheet Metal Fabrication 3D Printer Enclosure\"}]},{\"@type\":\"WebSite\",\"@id\":\"https:\/\/metalpie.com\/#website\",\"url\":\"https:\/\/metalpie.com\/\",\"name\":\"METALPIE\",\"description\":\"Precision Metal Fabrication | Tools, Processes &amp; More\",\"potentialAction\":[{\"@type\":\"SearchAction\",\"target\":{\"@type\":\"EntryPoint\",\"urlTemplate\":\"https:\/\/metalpie.com\/?s={search_term_string}\"},\"query-input\":\"required name=search_term_string\"}],\"inLanguage\":\"pt-BR\"}]}<\/script>\n<!-- \/ Yoast SEO plugin. -->","yoast_head_json":{"title":"Gabinete de impressora 3D para fabrica\u00e7\u00e3o de chapas met\u00e1licas personalizadas OEM - METALPIE","robots":{"index":"index","follow":"follow","max-snippet":"max-snippet:-1","max-image-preview":"max-image-preview:large","max-video-preview":"max-video-preview:-1"},"canonical":"https:\/\/metalpie.com\/pt\/impressora-3d-de-metal\/lorem-ipsum-dolor-sit-amet-consectetuer-adipisci-\u590d\u5236-duplicate-1\/","og_locale":"pt_BR","og_type":"article","og_title":"OEM Customized Sheet Metal Fabrication 3D Printer Enclosure - METALPIE","og_description":"A 3d printer enclosure designed to be printed and assembled at big printer machine. Print out unlimited enclosures and scale them to any size. This design focuses on the use of cold rolled steel as well as and make the Outdoor grade powder coating. Up-market industrial metal color powder and a firm welding process will let the products perfectly matched all customer's expectations.","og_url":"https:\/\/metalpie.com\/pt\/impressora-3d-de-metal\/lorem-ipsum-dolor-sit-amet-consectetuer-adipisci-\u590d\u5236-duplicate-1\/","og_site_name":"METALPIE","twitter_card":"summary_large_image","twitter_misc":{"Est. tempo de leitura":"1 minuto"},"schema":{"@context":"https:\/\/schema.org","@graph":[{"@type":"WebPage","@id":"https:\/\/metalpie.com\/metal-3d-printer\/lorem-ipsum-dolor-sit-amet-consectetuer-adipisci-%e5%a4%8d%e5%88%b6-duplicate-1\/","url":"https:\/\/metalpie.com\/metal-3d-printer\/lorem-ipsum-dolor-sit-amet-consectetuer-adipisci-%e5%a4%8d%e5%88%b6-duplicate-1\/","name":"Gabinete de impressora 3D para fabrica\u00e7\u00e3o de chapas met\u00e1licas personalizadas OEM - METALPIE","isPartOf":{"@id":"https:\/\/metalpie.com\/#website"},"datePublished":"2022-08-15T15:16:56+00:00","dateModified":"2022-08-15T15:16:56+00:00","breadcrumb":{"@id":"https:\/\/metalpie.com\/metal-3d-printer\/lorem-ipsum-dolor-sit-amet-consectetuer-adipisci-%e5%a4%8d%e5%88%b6-duplicate-1\/#breadcrumb"},"inLanguage":"pt-BR","potentialAction":[{"@type":"ReadAction","target":["https:\/\/metalpie.com\/metal-3d-printer\/lorem-ipsum-dolor-sit-amet-consectetuer-adipisci-%e5%a4%8d%e5%88%b6-duplicate-1\/"]}]},{"@type":"BreadcrumbList","@id":"https:\/\/metalpie.com\/metal-3d-printer\/lorem-ipsum-dolor-sit-amet-consectetuer-adipisci-%e5%a4%8d%e5%88%b6-duplicate-1\/#breadcrumb","itemListElement":[{"@type":"ListItem","position":1,"name":"Home","item":"https:\/\/metalpie.com\/"},{"@type":"ListItem","position":2,"name":"Products","item":"https:\/\/metalpie.com\/shop\/"},{"@type":"ListItem","position":3,"name":"OEM Customized Sheet Metal Fabrication 3D Printer Enclosure"}]},{"@type":"WebSite","@id":"https:\/\/metalpie.com\/#website","url":"https:\/\/metalpie.com\/","name":"METALPIE","description":"Fabrica\u00e7\u00e3o de metais de precis\u00e3o | Ferramentas, processos e muito mais","potentialAction":[{"@type":"SearchAction","target":{"@type":"EntryPoint","urlTemplate":"https:\/\/metalpie.com\/?s={search_term_string}"},"query-input":"required name=search_term_string"}],"inLanguage":"pt-BR"}]}},"_links":{"self":[{"href":"https:\/\/metalpie.com\/pt\/wp-json\/wp\/v2\/product\/1076","targetHints":{"allow":["GET"]}}],"collection":[{"href":"https:\/\/metalpie.com\/pt\/wp-json\/wp\/v2\/product"}],"about":[{"href":"https:\/\/metalpie.com\/pt\/wp-json\/wp\/v2\/types\/product"}],"replies":[{"embeddable":true,"href":"https:\/\/metalpie.com\/pt\/wp-json\/wp\/v2\/comments?post=1076"}],"wp:featuredmedia":[{"embeddable":true,"href":"https:\/\/metalpie.com\/pt\/wp-json\/"}],"wp:attachment":[{"href":"https:\/\/metalpie.com\/pt\/wp-json\/wp\/v2\/media?parent=1076"}],"wp:term":[{"taxonomy":"product_cat","embeddable":true,"href":"https:\/\/metalpie.com\/pt\/wp-json\/wp\/v2\/product_cat?post=1076"}],"curies":[{"name":"wp","href":"https:\/\/api.w.org\/{rel}","templated":true}]}}