{"id":2214,"date":"2022-09-23T15:20:07","date_gmt":"2022-09-23T07:20:07","guid":{"rendered":"https:\/\/metalpie.com\/?page_id=2214"},"modified":"2025-07-24T16:25:44","modified_gmt":"2025-07-24T08:25:44","slug":"entre-em-contato-conosco","status":"publish","type":"page","link":"https:\/\/metalpie.com\/pt\/entre-em-contato-conosco\/","title":{"rendered":"Entre em contato conosco"},"content":{"rendered":"<div class=\"banner has-hover\" id=\"banner-683544363\">\n          <div class=\"banner-inner fill\">\n        <div class=\"banner-bg fill\" >\n            <div class=\"bg fill bg-fill\"><\/div>\n                                    \n                    <\/div>\n\t\t\n        <div class=\"banner-layers container\">\n            <div class=\"fill banner-link\"><\/div>            \n   <div id=\"text-box-1640558262\" class=\"text-box banner-layer x50 md-x5 lg-x5 y50 md-y50 lg-y50 res-text\">\n                                <div class=\"text-box-content text dark\">\n              \n              <div class=\"text-inner text-center\">\n                  \n\t<div id=\"text-26683214\" class=\"text\">\n\t\t\n<h1>Entre em contato conosco<\/h1>\n\t\t\n<style>\n#text-26683214 {\n  text-align: center;\n}\n@media (min-width:550px) {\n  #text-26683214 {\n    text-align: left;\n  }\n}\n<\/style>\n\t<\/div>\n\t\n\t<div id=\"text-1887140265\" class=\"text\">\n\t\t\n<p>Home \/ Entre em contato conosco<\/p>\n\t\t\n<style>\n#text-1887140265 {\n  text-align: center;\n}\n@media (min-width:550px) {\n  #text-1887140265 {\n    text-align: left;\n  }\n}\n<\/style>\n\t<\/div>\n\t\n              <\/div>\n           <\/div>\n                            \n<style>\n#text-box-1640558262 {\n  width: 74%;\n}\n#text-box-1640558262 .text-box-content {\n  font-size: 100%;\n}\n@media (min-width:550px) {\n  #text-box-1640558262 {\n    width: 90%;\n  }\n}\n@media (min-width:850px) {\n  #text-box-1640558262 {\n    width: 25%;\n  }\n}\n<\/style>\n    <\/div>\n \n        <\/div>\n      <\/div>\n\n            \n<style>\n#banner-683544363 {\n  padding-top: 44%;\n}\n#banner-683544363 .bg.bg-loaded {\n  background-image: url(https:\/\/metalpie.com\/wp-content\/uploads\/2022\/09\/contact_page_banner_002image.webp);\n}\n#banner-683544363 .bg {\n  background-position: 93% 99%;\n}\n@media (min-width:550px) {\n  #banner-683544363 {\n    padding-top: 20%;\n  }\n}\n<\/style>\n  <\/div>\n\n\n\t<section class=\"section\" id=\"section_1521852001\">\n\t\t<div class=\"bg section-bg fill bg-fill  bg-loaded\" >\n\n\t\t\t\n\t\t\t\n\t\t\t\n\n\t\t<\/div>\n\n\t\t\n\n\t\t<div class=\"section-content relative\">\n\t\t\t\n<div class=\"row\"  id=\"row-1703831282\">\n\n\t<div id=\"col-1100832247\" class=\"col small-12 large-12\"  >\n\t\t\t\t<div class=\"col-inner\"  >\n\t\t\t\n\t\t\t\n\t<div id=\"text-4231688873\" class=\"text\">\n\t\t\n<h2>Vamos come\u00e7ar um <span style=\"color: #f08101;\">Conversa\u00e7\u00e3o<\/span><\/h2>\n\t\t\n<style>\n#text-4231688873 {\n  font-size: 1rem;\n  text-align: center;\n}\n@media (min-width:550px) {\n  #text-4231688873 {\n    font-size: 1.3rem;\n  }\n}\n<\/style>\n\t<\/div>\n\t\n\t<div id=\"gap-997643862\" class=\"gap-element clearfix\" style=\"display:block; height:auto;\">\n\t\t\n<style>\n#gap-997643862 {\n  padding-top: 7px;\n}\n<\/style>\n\t<\/div>\n\t\n\t<div id=\"text-1995561074\" class=\"text\">\n\t\t\n<p>O servi\u00e7o de atendimento ao cliente est\u00e1 aqui para ajud\u00e1-lo e oferecer orienta\u00e7\u00e3o personalizada sobre a escolha do aparelho que melhor atenda \u00e0s suas necessidades.<\/p>\n<p>Para entrar em contato conosco, preencha este formul\u00e1rio agora<\/p>\n<p>\u00a0<\/p>\n\t\t\n<style>\n#text-1995561074 {\n  text-align: center;\n}\n<\/style>\n\t<\/div>\n\t\n\t\t<\/div>\n\t\t\t\t\t<\/div>\n\n\t\n<\/div>\n\t<div id=\"gap-945257773\" class=\"gap-element clearfix hide-for-small\" style=\"display:block; height:auto;\">\n\t\t\n<style>\n#gap-945257773 {\n  padding-top: 0px;\n}\n@media (min-width:850px) {\n  #gap-945257773 {\n    padding-top: 33px;\n  }\n}\n<\/style>\n\t<\/div>\n\t\n<div class=\"row align-center\"  id=\"row-1230426571\">\n\n\t<div id=\"col-1226433003\" class=\"col medium-5 small-12 large-5\"  >\n\t\t\t\t<div class=\"col-inner\"  >\n\t\t\t\n\t\t\t\n<div class=\"row\"  id=\"row-843316078\">\n\n\t<div id=\"col-1678407968\" class=\"col small-12 large-12\"  >\n\t\t\t\t<div class=\"col-inner\"  >\n\t\t\t\n\t\t\t\n\t<div id=\"text-3233657511\" class=\"text\">\n\t\t\n<h3>F\u00e1brica<\/h3>\n\t\t\n<style>\n#text-3233657511 {\n  text-align: center;\n}\n@media (min-width:550px) {\n  #text-3233657511 {\n    text-align: left;\n  }\n}\n<\/style>\n\t<\/div>\n\t\n<p>Endere\u00e7o da f\u00e1brica: Condado de Linqu, Prov\u00edncia de Shandong, China<\/p>\n<p>\u00a0<\/p>\n<p>\u00a0<\/p>\n<p>\u00a0<\/p>\n\t\t<\/div>\n\t\t\t\t\t<\/div>\n\n\t\n<\/div>\n<div class=\"row\"  id=\"row-1257429495\">\n\n\t<div id=\"col-590486754\" class=\"col small-12 large-12\"  >\n\t\t\t\t<div class=\"col-inner\"  >\n\t\t\t\n\t\t\t\n\t<div id=\"text-824190500\" class=\"text\">\n\t\t\n<h3>Escrit\u00f3rio de Qingdao<\/h3>\n\t\t\n<style>\n#text-824190500 {\n  text-align: center;\n}\n@media (min-width:550px) {\n  #text-824190500 {\n    text-align: left;\n  }\n}\n<\/style>\n\t<\/div>\n\t\n<p>Endere\u00e7o do escrit\u00f3rio de Qingdao: Miaoling Road, Shangshi Center, edif\u00edcio n\u00ba 6, sala 502, cidade de Qingdao, China<\/p>\n<p>Telefone:Celular\/Whatsapp\/Wechat: +86-15053654797<\/p>\n<p>\u00a0<\/p>\n\t\t<\/div>\n\t\t\t\t\t<\/div>\n\n\t\n<\/div>\n\t\t<\/div>\n\t\t\t\t\t<\/div>\n\n\t\n\n\t<div id=\"col-1874373044\" class=\"col medium-5 small-12 large-5\"  >\n\t\t\t\t<div class=\"col-inner\"  >\n\t\t\t\n\t\t\t\n\n<div class=\"wpcf7 no-js\" id=\"wpcf7-f9-o1\" lang=\"en-US\" dir=\"ltr\">\n<div class=\"screen-reader-response\"><p role=\"status\" aria-live=\"polite\" aria-atomic=\"true\"><\/p> <ul><\/ul><\/div>\n<form action=\"\/pt\/wp-json\/wp\/v2\/pages\/2214#wpcf7-f9-o1\" method=\"post\" class=\"wpcf7-form init\" aria-label=\"Formul\u00e1rio de contato\" novalidate=\"novalidate\" data-status=\"init\" data-trp-original-action=\"\/pt\/wp-json\/wp\/v2\/pages\/2214#wpcf7-f9-o1\">\n<div style=\"display: none;\">\n<input type=\"hidden\" name=\"_wpcf7\" value=\"9\" \/>\n<input type=\"hidden\" name=\"_wpcf7_version\" value=\"5.8.2\" \/>\n<input type=\"hidden\" name=\"_wpcf7_locale\" value=\"en_US\" \/>\n<input type=\"hidden\" name=\"_wpcf7_unit_tag\" value=\"wpcf7-f9-o1\" \/>\n<input type=\"hidden\" name=\"_wpcf7_container_post\" value=\"0\" \/>\n<input type=\"hidden\" name=\"_wpcf7_posted_data_hash\" value=\"\" \/>\n<\/div>\n<p><label>Nome *<br \/>\n<span class=\"wpcf7-form-control-wrap\" data-name=\"your-name\"><input size=\"40\" class=\"wpcf7-form-control wpcf7-text wpcf7-validates-as-required\" aria-required=\"true\" aria-invalid=\"false\" value=\"\" type=\"text\" name=\"your-name\" \/><\/span> <\/label>\n<\/p>\n<p><label>E-mail *<br \/>\n<span class=\"wpcf7-form-control-wrap\" data-name=\"your-email\"><input size=\"40\" class=\"wpcf7-form-control wpcf7-email wpcf7-validates-as-required wpcf7-text wpcf7-validates-as-email\" aria-required=\"true\" aria-invalid=\"false\" value=\"\" type=\"email\" name=\"your-email\" \/><\/span> <\/label>\n<\/p>\n<p><label>Telefone<br \/>\n<span class=\"wpcf7-form-control-wrap\" data-name=\"your-phone\"><input size=\"40\" class=\"wpcf7-form-control wpcf7-text\" aria-invalid=\"false\" value=\"\" type=\"text\" name=\"your-phone\" \/><\/span> <\/label><br \/>\n<label>Pa\u00eds<br \/>\n<span class=\"wpcf7-form-control-wrap\" data-name=\"your-country\"><input size=\"40\" class=\"wpcf7-form-control wpcf7-text\" aria-invalid=\"false\" value=\"\" type=\"text\" name=\"your-country\" \/><\/span> <\/label>\n<\/p>\n<p><label> Sua mensagem *<br \/>\n<span class=\"wpcf7-form-control-wrap\" data-name=\"your-message\"><textarea cols=\"40\" rows=\"10\" class=\"wpcf7-form-control wpcf7-textarea wpcf7-validates-as-required\" aria-required=\"true\" aria-invalid=\"false\" name=\"your-message\"><\/textarea><\/span> <\/label>\n<\/p>\n<div style=\"display:none\">\n\t<p><span class=\"wpcf7-form-control-wrap form-url\" data-name=\"form-url\"><input type=\"text\" name=\"form-url\" size=\"40\" class=\"wpcf7-form-control wpcf7-text wpcf7dtx wpcf7dtx-text\" aria-invalid=\"false\" value=\"https:\/\/metalpie.com\/pt\/pt\/wp-json\/wp\/v2\/pages\/2214\" autocomplete=\"off\" \/><\/span>\n\t<\/p>\n<\/div>\n<div style=\"display:none; margin-bottom:10px;\">\n\t<p>[cf7ic]\n\t<\/p>\n<\/div>\n<p><input class=\"wpcf7-form-control wpcf7-submit has-spinner\" type=\"submit\" value=\"Enviar\" \/>\n<\/p><div class=\"wpcf7-response-output\" aria-hidden=\"true\"><\/div>\n<input type=\"hidden\" name=\"trp-form-language\" value=\"pt\"\/><\/form>\n<\/div>\n\n\t\t<\/div>\n\t\t\t\t\t<\/div>\n\n\t\n<\/div>\n\t\t<\/div>\n\n\t\t\n<style>\n#section_1521852001 {\n  padding-top: 27px;\n  padding-bottom: 27px;\n}\n@media (min-width:550px) {\n  #section_1521852001 {\n    padding-top: 26px;\n    padding-bottom: 26px;\n  }\n}\n@media (min-width:850px) {\n  #section_1521852001 {\n    padding-top: 60px;\n    padding-bottom: 60px;\n  }\n}\n<\/style>\n\t<\/section>","protected":false},"excerpt":{"rendered":"","protected":false},"author":11,"featured_media":0,"parent":0,"menu_order":0,"comment_status":"closed","ping_status":"closed","template":"page-blank.php","meta":{"footnotes":""},"class_list":["post-2214","page","type-page","status-publish","hentry"],"yoast_head":"<!-- This site is optimized with the Yoast SEO plugin v21.5 - https:\/\/yoast.com\/wordpress\/plugins\/seo\/ -->\n<title>Contact Us - METALPIE<\/title>\n<meta name=\"robots\" content=\"index, follow, max-snippet:-1, max-image-preview:large, max-video-preview:-1\" \/>\n<link rel=\"canonical\" href=\"https:\/\/metalpie.com\/pt\/entre-em-contato-conosco\/\" \/>\n<meta property=\"og:locale\" content=\"pt_BR\" \/>\n<meta property=\"og:type\" content=\"article\" \/>\n<meta property=\"og:title\" content=\"Contact Us - METALPIE\" \/>\n<meta property=\"og:url\" content=\"https:\/\/metalpie.com\/pt\/entre-em-contato-conosco\/\" \/>\n<meta property=\"og:site_name\" content=\"METALPIE\" \/>\n<meta property=\"article:modified_time\" content=\"2025-07-24T08:25:44+00:00\" \/>\n<meta name=\"twitter:card\" content=\"summary_large_image\" \/>\n<meta name=\"twitter:label1\" content=\"Est. tempo de leitura\" \/>\n\t<meta name=\"twitter:data1\" content=\"2 minutos\" \/>\n<script type=\"application\/ld+json\" class=\"yoast-schema-graph\">{\"@context\":\"https:\/\/schema.org\",\"@graph\":[{\"@type\":\"WebPage\",\"@id\":\"https:\/\/metalpie.com\/contact-us\/\",\"url\":\"https:\/\/metalpie.com\/contact-us\/\",\"name\":\"Contact Us - METALPIE\",\"isPartOf\":{\"@id\":\"https:\/\/metalpie.com\/#website\"},\"datePublished\":\"2022-09-23T07:20:07+00:00\",\"dateModified\":\"2025-07-24T08:25:44+00:00\",\"breadcrumb\":{\"@id\":\"https:\/\/metalpie.com\/contact-us\/#breadcrumb\"},\"inLanguage\":\"pt-BR\",\"potentialAction\":[{\"@type\":\"ReadAction\",\"target\":[\"https:\/\/metalpie.com\/contact-us\/\"]}]},{\"@type\":\"BreadcrumbList\",\"@id\":\"https:\/\/metalpie.com\/contact-us\/#breadcrumb\",\"itemListElement\":[{\"@type\":\"ListItem\",\"position\":1,\"name\":\"Home\",\"item\":\"https:\/\/metalpie.com\/\"},{\"@type\":\"ListItem\",\"position\":2,\"name\":\"Contact Us\"}]},{\"@type\":\"WebSite\",\"@id\":\"https:\/\/metalpie.com\/#website\",\"url\":\"https:\/\/metalpie.com\/\",\"name\":\"METALPIE\",\"description\":\"Precision Metal Fabrication | Tools, Processes &amp; More\",\"potentialAction\":[{\"@type\":\"SearchAction\",\"target\":{\"@type\":\"EntryPoint\",\"urlTemplate\":\"https:\/\/metalpie.com\/?s={search_term_string}\"},\"query-input\":\"required name=search_term_string\"}],\"inLanguage\":\"pt-BR\"}]}<\/script>\n<!-- \/ Yoast SEO plugin. -->","yoast_head_json":{"title":"Entre em contato conosco - METALPIE","robots":{"index":"index","follow":"follow","max-snippet":"max-snippet:-1","max-image-preview":"max-image-preview:large","max-video-preview":"max-video-preview:-1"},"canonical":"https:\/\/metalpie.com\/pt\/entre-em-contato-conosco\/","og_locale":"pt_BR","og_type":"article","og_title":"Contact Us - METALPIE","og_url":"https:\/\/metalpie.com\/pt\/entre-em-contato-conosco\/","og_site_name":"METALPIE","article_modified_time":"2025-07-24T08:25:44+00:00","twitter_card":"summary_large_image","twitter_misc":{"Est. tempo de leitura":"2 minutos"},"schema":{"@context":"https:\/\/schema.org","@graph":[{"@type":"WebPage","@id":"https:\/\/metalpie.com\/contact-us\/","url":"https:\/\/metalpie.com\/contact-us\/","name":"Entre em contato conosco - METALPIE","isPartOf":{"@id":"https:\/\/metalpie.com\/#website"},"datePublished":"2022-09-23T07:20:07+00:00","dateModified":"2025-07-24T08:25:44+00:00","breadcrumb":{"@id":"https:\/\/metalpie.com\/contact-us\/#breadcrumb"},"inLanguage":"pt-BR","potentialAction":[{"@type":"ReadAction","target":["https:\/\/metalpie.com\/contact-us\/"]}]},{"@type":"BreadcrumbList","@id":"https:\/\/metalpie.com\/contact-us\/#breadcrumb","itemListElement":[{"@type":"ListItem","position":1,"name":"Home","item":"https:\/\/metalpie.com\/"},{"@type":"ListItem","position":2,"name":"Contact Us"}]},{"@type":"WebSite","@id":"https:\/\/metalpie.com\/#website","url":"https:\/\/metalpie.com\/","name":"METALPIE","description":"Fabrica\u00e7\u00e3o de metais de precis\u00e3o | Ferramentas, processos e muito mais","potentialAction":[{"@type":"SearchAction","target":{"@type":"EntryPoint","urlTemplate":"https:\/\/metalpie.com\/?s={search_term_string}"},"query-input":"required name=search_term_string"}],"inLanguage":"pt-BR"}]}},"_links":{"self":[{"href":"https:\/\/metalpie.com\/pt\/wp-json\/wp\/v2\/pages\/2214","targetHints":{"allow":["GET"]}}],"collection":[{"href":"https:\/\/metalpie.com\/pt\/wp-json\/wp\/v2\/pages"}],"about":[{"href":"https:\/\/metalpie.com\/pt\/wp-json\/wp\/v2\/types\/page"}],"author":[{"embeddable":true,"href":"https:\/\/metalpie.com\/pt\/wp-json\/wp\/v2\/users\/11"}],"replies":[{"embeddable":true,"href":"https:\/\/metalpie.com\/pt\/wp-json\/wp\/v2\/comments?post=2214"}],"version-history":[{"count":0,"href":"https:\/\/metalpie.com\/pt\/wp-json\/wp\/v2\/pages\/2214\/revisions"}],"wp:attachment":[{"href":"https:\/\/metalpie.com\/pt\/wp-json\/wp\/v2\/media?parent=2214"}],"curies":[{"name":"wp","href":"https:\/\/api.w.org\/{rel}","templated":true}]}}