{"id":2128,"date":"2022-09-23T10:45:32","date_gmt":"2022-09-23T02:45:32","guid":{"rendered":"https:\/\/metalpie.com\/?page_id=2128"},"modified":"2022-12-30T16:50:18","modified_gmt":"2022-12-30T08:50:18","slug":"sobre-nos","status":"publish","type":"page","link":"https:\/\/metalpie.com\/pt\/sobre-nos\/","title":{"rendered":"Sobre n\u00f3s"},"content":{"rendered":"<div class=\"banner has-hover\" id=\"banner-812690190\">\n          <div class=\"banner-inner fill\">\n        <div class=\"banner-bg fill\" >\n            <div class=\"bg fill bg-fill\"><\/div>\n                                    \n                    <\/div>\n\t\t\n        <div class=\"banner-layers container\">\n            <div class=\"fill banner-link\"><\/div>            \n\n   <div id=\"text-box-967270485\" class=\"text-box banner-layer x50 md-x5 lg-x5 y50 md-y50 lg-y50 res-text\">\n                                <div class=\"text-box-content text dark\">\n              \n              <div class=\"text-inner text-center\">\n                  \n\n\t<div id=\"text-3062761473\" class=\"text\">\n\t\t\n\n<h1>Sobre n\u00f3s<\/h1>\n\t\t\n<style>\n#text-3062761473 {\n  text-align: center;\n}\n@media (min-width:550px) {\n  #text-3062761473 {\n    text-align: left;\n  }\n}\n<\/style>\n\t<\/div>\n\t\n\t<div id=\"text-4195325537\" class=\"text\">\n\t\t\n\nHome \/ Sobre n\u00f3s\n\t\t\n<style>\n#text-4195325537 {\n  text-align: center;\n}\n@media (min-width:550px) {\n  #text-4195325537 {\n    text-align: left;\n  }\n}\n<\/style>\n\t<\/div>\n\t\n\n              <\/div>\n           <\/div>\n                            \n<style>\n#text-box-967270485 {\n  width: 74%;\n}\n#text-box-967270485 .text-box-content {\n  font-size: 100%;\n}\n@media (min-width:550px) {\n  #text-box-967270485 {\n    width: 60%;\n  }\n}\n@media (min-width:850px) {\n  #text-box-967270485 {\n    width: 18%;\n  }\n}\n<\/style>\n    <\/div>\n \n\n        <\/div>\n      <\/div>\n\n            \n<style>\n#banner-812690190 {\n  padding-top: 44%;\n}\n#banner-812690190 .bg.bg-loaded {\n  background-image: url(https:\/\/metalpie.com\/wp-content\/uploads\/2022\/09\/test_banner_all.webp);\n}\n#banner-812690190 .bg {\n  background-position: 0% 90%;\n}\n@media (min-width:550px) {\n  #banner-812690190 {\n    padding-top: 20%;\n  }\n}\n<\/style>\n  <\/div>\n\n\n\t<section class=\"section\" id=\"section_2004658791\">\n\t\t<div class=\"bg section-bg fill bg-fill  bg-loaded\" >\n\n\t\t\t\n\t\t\t\n\t\t\t\n\n\t\t<\/div>\n\n\t\t\n\n\t\t<div class=\"section-content relative\">\n\t\t\t\n\n<div class=\"row align-bottom align-center\"  id=\"row-1813743221\">\n\n\n\t<div id=\"col-969976930\" class=\"col medium-12 small-12 large-6\"  >\n\t\t\t\t<div class=\"col-inner\"  >\n\t\t\t\n\t\t\t\n\n\t<div id=\"text-3916307441\" class=\"text\">\n\t\t\n\nSobre Huajian\n\t\t\n<style>\n#text-3916307441 {\n  font-size: 1rem;\n  text-align: center;\n  color: rgb(240, 129, 1);\n}\n#text-3916307441 > * {\n  color: rgb(240, 129, 1);\n}\n@media (min-width:550px) {\n  #text-3916307441 {\n    font-size: 1.1rem;\n    text-align: left;\n  }\n}\n<\/style>\n\t<\/div>\n\t\n\t<div id=\"text-1317648189\" class=\"text\">\n\t\t\n\n<h2><span style=\"color: #f08101;\">Quem<\/span> N\u00f3s somos<\/h2>\n\t\t\n<style>\n#text-1317648189 {\n  font-size: 1rem;\n  text-align: center;\n}\n@media (min-width:550px) {\n  #text-1317648189 {\n    font-size: 1.2rem;\n    text-align: left;\n  }\n}\n<\/style>\n\t<\/div>\n\t\n\t<div id=\"gap-598926946\" class=\"gap-element clearfix\" style=\"display:block; height:auto;\">\n\t\t\n<style>\n#gap-598926946 {\n  padding-top: 28px;\n}\n<\/style>\n\t<\/div>\n\t\n\n<p>Em 2000, a empresa Huajian Aluminum foi fundada no condado de Linqu, na China. Desde o in\u00edcio, nos concentramos na produ\u00e7\u00e3o de perfis de alum\u00ednio, portas, janelas, formas de concreto, etc.<br \/>A Huajian Aluminum cresceu e se tornou um dos maiores fabricantes de perfis de alum\u00ednio da China ap\u00f3s 20 anos de desenvolvimento. Atualmente, temos nossa pr\u00f3pria marca de portas e janelas de alum\u00ednio e cinco f\u00e1bricas. Nossos produtos, que receberam as certifica\u00e7\u00f5es ISO9001, ISO4001 e CE, s\u00e3o exportados para a Europa, \u00c1frica e Am\u00e9rica... e t\u00eam recebido feedback positivo dos clientes.<\/p>\n\n\t\t<\/div>\n\t\t\t\t\t<\/div>\n\n\t\n\n\t<div id=\"col-1853314088\" class=\"col medium-12 small-12 large-6\"  >\n\t\t\t\t<div class=\"col-inner\"  >\n\t\t\t\n\t\t\t\n\n<div class=\"video video-fit mb\" style=\"padding-top:56.25%;\"><iframe loading=\"lazy\" title=\"Apresenta\u00e7\u00e3o do grupo de alum\u00ednio Huajian\" width=\"1020\" height=\"574\" src=\"https:\/\/www.youtube.com\/embed\/fkq4gHRezv8?feature=oembed\" frameborder=\"0\" allow=\"accelerometer; autoplay; clipboard-write; encrypted-media; gyroscope; picture-in-picture\" allowfullscreen><\/iframe><\/div>\n\n\n\t\t<\/div>\n\t\t\t\t\t<\/div>\n\n\t\n\n<\/div>\n\n\t\t<\/div>\n\n\t\t\n<style>\n#section_2004658791 {\n  padding-top: 10px;\n  padding-bottom: 10px;\n}\n@media (min-width:550px) {\n  #section_2004658791 {\n    padding-top: 30px;\n    padding-bottom: 30px;\n  }\n}\n<\/style>\n\t<\/section>\n\t\n\t<section class=\"section\" id=\"section_572124988\">\n\t\t<div class=\"bg section-bg fill bg-fill  bg-loaded\" >\n\n\t\t\t\n\t\t\t\n\t\t\t\n\n\t\t<\/div>\n\n\t\t\n\n\t\t<div class=\"section-content relative\">\n\t\t\t\n\n<div class=\"row align-middle align-center\"  id=\"row-1670256955\">\n\n\n\t<div id=\"col-1947024274\" class=\"col small-12 large-12\"  >\n\t\t\t\t<div class=\"col-inner\"  >\n\t\t\t\n\t\t\t\n\n\t<div id=\"gap-886569198\" class=\"gap-element clearfix hide-for-small\" style=\"display:block; height:auto;\">\n\t\t\n<style>\n#gap-886569198 {\n  padding-top: 0px;\n}\n@media (min-width:850px) {\n  #gap-886569198 {\n    padding-top: 75px;\n  }\n}\n<\/style>\n\t<\/div>\n\t\n\n<div class=\"row align-center\"  id=\"row-545195194\">\n\n\n\t<div id=\"col-326369325\" class=\"col medium-5 small-12 large-5\"  >\n\t\t\t\t<div class=\"col-inner\"  >\n\t\t\t\n\t\t\t\n\n\t<div class=\"box has-hover   has-hover box-text-bottom\" >\n\n\t\t<div class=\"box-image\" >\n\t\t\t\t\t\t<div class=\"\" >\n\t\t\t\t<img loading=\"lazy\" decoding=\"async\" width=\"1000\" height=\"750\" src=\"https:\/\/metalpie.com\/wp-content\/uploads\/2022\/09\/about_page_case_002image.jpg\" class=\"attachment- size-\" alt=\"\" srcset=\"https:\/\/metalpie.com\/wp-content\/uploads\/2022\/09\/about_page_case_002image.jpg 1000w, https:\/\/metalpie.com\/wp-content\/uploads\/2022\/09\/about_page_case_002image-300x225.jpg 300w, https:\/\/metalpie.com\/wp-content\/uploads\/2022\/09\/about_page_case_002image-768x576.jpg 768w\" sizes=\"auto, (max-width: 1000px) 100vw, 1000px\" \/>\t\t\t\t\t\t\t\t\t\t\t<\/div>\n\t\t\t\t\t<\/div>\n\n\t\t<div class=\"box-text text-center\" >\n\t\t\t<div class=\"box-text-inner\">\n\t\t\t\t\n\n\n\t\t\t<\/div>\n\t\t<\/div>\n\t<\/div>\n\t\n\n\t\t<\/div>\n\t\t\t\t\t<\/div>\n\n\t\n\n\t<div id=\"col-1493907309\" class=\"col medium-1 small-12 large-1\"  >\n\t\t\t\t<div class=\"col-inner\"  >\n\t\t\t\n\t\t\t\n\n\n\t\t<\/div>\n\t\t\t\t\t<\/div>\n\n\t\n\n\t<div id=\"col-1537829631\" class=\"col medium-5 small-12 large-5\"  >\n\t\t\t\t<div class=\"col-inner\"  >\n\t\t\t\n\t\t\t\n\n\t<div id=\"text-1082245832\" class=\"text\">\n\t\t\n\n<h2>Nosso <span style=\"color: #f08101;\">Projeto<\/span><\/h2>\n\t\t\n<style>\n#text-1082245832 {\n  font-size: 1rem;\n  text-align: center;\n}\n@media (min-width:550px) {\n  #text-1082245832 {\n    font-size: 1.3rem;\n    text-align: left;\n  }\n}\n<\/style>\n\t<\/div>\n\t\n<p>Participamos da constru\u00e7\u00e3o da CITIC Tower, que tem 528 m de altura e \u00e9 a estrutura mais alta da China. Suas paredes de cortina s\u00e3o da Huajian Aluminum. Al\u00e9m disso, fornecemos perfis de alum\u00ednio para os edif\u00edcios da CCTV, o Est\u00e1dio Nacional Indoor da China e muitos outros projetos.<\/p>\n\t<div id=\"text-3691956220\" class=\"text\">\n\t\t\n\n<a class=\"button button_orange\" style=\"border-radius: 8px;\" data-fancybox=\"\" data-src=\"#hidden-CF7\">Solicite uma cota\u00e7\u00e3o<\/a>\n\t\t\n<style>\n#text-3691956220 {\n  text-align: center;\n}\n@media (min-width:550px) {\n  #text-3691956220 {\n    text-align: left;\n  }\n}\n<\/style>\n\t<\/div>\n\t\n\n\t\t<\/div>\n\t\t\t\t\t<\/div>\n\n\t\n\n<\/div>\n\n\t\t<\/div>\n\t\t\t\t\t<\/div>\n\n\t\n\n<\/div>\n\n\t\t<\/div>\n\n\t\t\n<style>\n#section_572124988 {\n  padding-top: 0px;\n  padding-bottom: 0px;\n}\n@media (min-width:550px) {\n  #section_572124988 {\n    padding-top: 0px;\n    padding-bottom: 0px;\n  }\n}\n@media (min-width:850px) {\n  #section_572124988 {\n    padding-top: 30px;\n    padding-bottom: 30px;\n  }\n}\n<\/style>\n\t<\/section>\n\t\n\t<section class=\"section dark has-parallax\" id=\"section_826001230\">\n\t\t<div class=\"bg section-bg fill bg-fill\" data-parallax-container=\".section\" data-parallax-background data-parallax=\"-10\">\n\n\t\t\t\n\t\t\t\n\t\t\t\n\n\t\t<\/div>\n\n\t\t\n\n\t\t<div class=\"section-content relative\">\n\t\t\t\n\n<div class=\"row\"  id=\"row-353637304\">\n\n\n\t<div id=\"col-1491165981\" class=\"col medium-12 small-12 large-9\"  >\n\t\t\t\t<div class=\"col-inner\"  >\n\t\t\t\n\t\t\t\n\n\t<div id=\"text-4174224446\" class=\"text\">\n\t\t\n\n<h3>Nossos valores fundamentais s\u00e3o: \"Orientado ao cliente, impulsionado pela administra\u00e7\u00e3o, desenvolvimento orientado para a inova\u00e7\u00e3o\".<\/h3>\n\t\t\n<style>\n#text-4174224446 {\n  font-size: 1rem;\n  text-align: center;\n}\n@media (min-width:550px) {\n  #text-4174224446 {\n    font-size: 1.3rem;\n  }\n}\n@media (min-width:850px) {\n  #text-4174224446 {\n    text-align: left;\n  }\n}\n<\/style>\n\t<\/div>\n\t\n\n\t\t<\/div>\n\t\t\t\t\t<\/div>\n\n\t\n\n<\/div>\n\n\t\t<\/div>\n\n\t\t\n<style>\n#section_826001230 {\n  padding-top: 15px;\n  padding-bottom: 15px;\n}\n#section_826001230 .section-bg.bg-loaded {\n  background-image: url(https:\/\/metalpie.com\/wp-content\/uploads\/2022\/09\/about_page_bg_002image.webp);\n}\n@media (min-width:550px) {\n  #section_826001230 {\n    padding-top: 30px;\n    padding-bottom: 30px;\n  }\n}\n<\/style>\n\t<\/section>\n\t\n\t<section class=\"section\" id=\"section_680695256\">\n\t\t<div class=\"bg section-bg fill bg-fill  bg-loaded\" >\n\n\t\t\t\n\t\t\t\n\t\t\t\n\n\t\t<\/div>\n\n\t\t\n\n\t\t<div class=\"section-content relative\">\n\t\t\t\n\n<div class=\"row\"  id=\"row-1698092468\">\n\n\n\t<div id=\"col-1104923099\" class=\"col small-12 large-12\"  >\n\t\t\t\t<div class=\"col-inner\"  >\n\t\t\t\n\t\t\t\n\n\t<div id=\"text-533572726\" class=\"text\">\n\t\t\n\n<h2>Nosso <span style=\"color: #f08101;\">Equipe<\/span><\/h2>\n\t\t\n<style>\n#text-533572726 {\n  font-size: 1rem;\n  text-align: center;\n}\n@media (min-width:550px) {\n  #text-533572726 {\n    font-size: 1.3rem;\n    text-align: left;\n  }\n}\n<\/style>\n\t<\/div>\n\t\n\t<div id=\"text-1168606609\" class=\"text\">\n\t\t\n\n<p>Temos quatro unidades respons\u00e1veis pela fabrica\u00e7\u00e3o de perfis de alum\u00ednio espec\u00edficos para constru\u00e7\u00e3o, perfis de alum\u00ednio industriais, f\u00f4rmas de alum\u00ednio para concreto e perfis de alum\u00ednio para autom\u00f3veis. Nosso objetivo \u00e9 ser l\u00edder na fabrica\u00e7\u00e3o de perfis de alum\u00ednio e produzir produtos de alum\u00ednio com excelente desempenho.<\/p>\n\t\t\n<style>\n#text-1168606609 {\n  font-size: 1rem;\n}\n@media (min-width:550px) {\n  #text-1168606609 {\n    font-size: 1.1rem;\n  }\n}\n<\/style>\n\t<\/div>\n\t\n\t<div class=\"img has-hover x md-x lg-x y md-y lg-y\" id=\"image_149802386\">\n\t\t\t\t\t\t\t\t<div class=\"img-inner dark\" >\n\t\t\t<img loading=\"lazy\" decoding=\"async\" width=\"1000\" height=\"417\" src=\"https:\/\/metalpie.com\/wp-content\/uploads\/2022\/09\/about_page_team_005image.webp\" class=\"attachment-original size-original\" alt=\"\" srcset=\"https:\/\/metalpie.com\/wp-content\/uploads\/2022\/09\/about_page_team_005image.webp 1000w, https:\/\/metalpie.com\/wp-content\/uploads\/2022\/09\/about_page_team_005image-300x125.webp 300w, https:\/\/metalpie.com\/wp-content\/uploads\/2022\/09\/about_page_team_005image-768x320.webp 768w\" sizes=\"auto, (max-width: 1000px) 100vw, 1000px\" \/>\t\t\t\t\t\t\n\t\t\t\t\t<\/div>\n\t\t\t\t\t\t\t\t\n<style>\n#image_149802386 {\n  width: 100%;\n}\n<\/style>\n\t<\/div>\n\t\n\n\n\n\n\t\t<\/div>\n\t\t\t\t\t<\/div>\n\n\t\n\n<\/div>\n\n\t\t<\/div>\n\n\t\t\n<style>\n#section_680695256 {\n  padding-top: 13px;\n  padding-bottom: 13px;\n}\n@media (min-width:550px) {\n  #section_680695256 {\n    padding-top: 30px;\n    padding-bottom: 30px;\n  }\n}\n<\/style>\n\t<\/section>\n\t\n\t<section class=\"section\" id=\"section_390314026\">\n\t\t<div class=\"bg section-bg fill bg-fill  bg-loaded\" >\n\n\t\t\t\n\t\t\t\n\t\t\t\n\n\t\t<\/div>\n\n\t\t\n\n\t\t<div class=\"section-content relative\">\n\t\t\t\n\n<div class=\"row align-center\"  id=\"row-1841920385\">\n\n\n\t<div id=\"col-352080501\" class=\"col small-12 large-12\"  >\n\t\t\t\t<div class=\"col-inner\"  >\n\t\t\t\n\t\t\t\n\n\t<div id=\"text-3528956431\" class=\"text\">\n\t\t\n\n<h2><span style=\"color: #f08101;\">Certificado<\/span><\/h2>\n\t\t\n<style>\n#text-3528956431 {\n  font-size: 1rem;\n  text-align: center;\n}\n@media (min-width:550px) {\n  #text-3528956431 {\n    font-size: 1.3rem;\n  }\n}\n<\/style>\n\t<\/div>\n\t\n\n\n\n\t\t<\/div>\n\t\t\t\t\t<\/div>\n\n\t\n\n<\/div>\n\n\t\t<\/div>\n\n\t\t\n<style>\n#section_390314026 {\n  padding-top: 0px;\n  padding-bottom: 0px;\n}\n@media (min-width:550px) {\n  #section_390314026 {\n    padding-top: 0px;\n    padding-bottom: 0px;\n  }\n}\n@media (min-width:850px) {\n  #section_390314026 {\n    padding-top: 30px;\n    padding-bottom: 30px;\n  }\n}\n<\/style>\n\t<\/section>","protected":false},"excerpt":{"rendered":"","protected":false},"author":11,"featured_media":0,"parent":0,"menu_order":0,"comment_status":"closed","ping_status":"closed","template":"page-blank.php","meta":{"footnotes":""},"class_list":["post-2128","page","type-page","status-publish","hentry"],"yoast_head":"<!-- This site is optimized with the Yoast SEO plugin v21.5 - https:\/\/yoast.com\/wordpress\/plugins\/seo\/ -->\n<title>About Us - METALPIE<\/title>\n<meta name=\"description\" content=\"We are aluminum profiles, aluminum windows, and doors manufacturer from China. Aluminum windows are our most popular products with endless design options.\" \/>\n<meta name=\"robots\" content=\"index, follow, max-snippet:-1, max-image-preview:large, max-video-preview:-1\" \/>\n<link rel=\"canonical\" href=\"https:\/\/metalpie.com\/pt\/sobre-nos\/\" \/>\n<meta property=\"og:locale\" content=\"pt_BR\" \/>\n<meta property=\"og:type\" content=\"article\" \/>\n<meta property=\"og:title\" content=\"About Us - METALPIE\" \/>\n<meta property=\"og:description\" content=\"We are aluminum profiles, aluminum windows, and doors manufacturer from China. Aluminum windows are our most popular products with endless design options.\" \/>\n<meta property=\"og:url\" content=\"https:\/\/metalpie.com\/pt\/sobre-nos\/\" \/>\n<meta property=\"og:site_name\" content=\"METALPIE\" \/>\n<meta property=\"article:modified_time\" content=\"2022-12-30T08:50:18+00:00\" \/>\n<meta name=\"twitter:card\" content=\"summary_large_image\" \/>\n<meta name=\"twitter:label1\" content=\"Est. tempo de leitura\" \/>\n\t<meta name=\"twitter:data1\" content=\"2 minutos\" \/>\n<script type=\"application\/ld+json\" class=\"yoast-schema-graph\">{\"@context\":\"https:\/\/schema.org\",\"@graph\":[{\"@type\":\"WebPage\",\"@id\":\"https:\/\/metalpie.com\/about-us\/\",\"url\":\"https:\/\/metalpie.com\/about-us\/\",\"name\":\"About Us - METALPIE\",\"isPartOf\":{\"@id\":\"https:\/\/metalpie.com\/#website\"},\"datePublished\":\"2022-09-23T02:45:32+00:00\",\"dateModified\":\"2022-12-30T08:50:18+00:00\",\"description\":\"We are aluminum profiles, aluminum windows, and doors manufacturer from China. Aluminum windows are our most popular products with endless design options.\",\"breadcrumb\":{\"@id\":\"https:\/\/metalpie.com\/about-us\/#breadcrumb\"},\"inLanguage\":\"pt-BR\",\"potentialAction\":[{\"@type\":\"ReadAction\",\"target\":[\"https:\/\/metalpie.com\/about-us\/\"]}]},{\"@type\":\"BreadcrumbList\",\"@id\":\"https:\/\/metalpie.com\/about-us\/#breadcrumb\",\"itemListElement\":[{\"@type\":\"ListItem\",\"position\":1,\"name\":\"Home\",\"item\":\"https:\/\/metalpie.com\/\"},{\"@type\":\"ListItem\",\"position\":2,\"name\":\"About Us\"}]},{\"@type\":\"WebSite\",\"@id\":\"https:\/\/metalpie.com\/#website\",\"url\":\"https:\/\/metalpie.com\/\",\"name\":\"METALPIE\",\"description\":\"Precision Metal Fabrication | Tools, Processes &amp; More\",\"potentialAction\":[{\"@type\":\"SearchAction\",\"target\":{\"@type\":\"EntryPoint\",\"urlTemplate\":\"https:\/\/metalpie.com\/?s={search_term_string}\"},\"query-input\":\"required name=search_term_string\"}],\"inLanguage\":\"pt-BR\"}]}<\/script>\n<!-- \/ Yoast SEO plugin. -->","yoast_head_json":{"title":"Sobre n\u00f3s - METALPIE","description":"Somos fabricantes de perfis de alum\u00ednio, janelas de alum\u00ednio e portas da China. As janelas de alum\u00ednio s\u00e3o nossos produtos mais populares, com infinitas op\u00e7\u00f5es de design.","robots":{"index":"index","follow":"follow","max-snippet":"max-snippet:-1","max-image-preview":"max-image-preview:large","max-video-preview":"max-video-preview:-1"},"canonical":"https:\/\/metalpie.com\/pt\/sobre-nos\/","og_locale":"pt_BR","og_type":"article","og_title":"About Us - METALPIE","og_description":"We are aluminum profiles, aluminum windows, and doors manufacturer from China. Aluminum windows are our most popular products with endless design options.","og_url":"https:\/\/metalpie.com\/pt\/sobre-nos\/","og_site_name":"METALPIE","article_modified_time":"2022-12-30T08:50:18+00:00","twitter_card":"summary_large_image","twitter_misc":{"Est. tempo de leitura":"2 minutos"},"schema":{"@context":"https:\/\/schema.org","@graph":[{"@type":"WebPage","@id":"https:\/\/metalpie.com\/about-us\/","url":"https:\/\/metalpie.com\/about-us\/","name":"Sobre n\u00f3s - METALPIE","isPartOf":{"@id":"https:\/\/metalpie.com\/#website"},"datePublished":"2022-09-23T02:45:32+00:00","dateModified":"2022-12-30T08:50:18+00:00","description":"Somos fabricantes de perfis de alum\u00ednio, janelas de alum\u00ednio e portas da China. As janelas de alum\u00ednio s\u00e3o nossos produtos mais populares, com infinitas op\u00e7\u00f5es de design.","breadcrumb":{"@id":"https:\/\/metalpie.com\/about-us\/#breadcrumb"},"inLanguage":"pt-BR","potentialAction":[{"@type":"ReadAction","target":["https:\/\/metalpie.com\/about-us\/"]}]},{"@type":"BreadcrumbList","@id":"https:\/\/metalpie.com\/about-us\/#breadcrumb","itemListElement":[{"@type":"ListItem","position":1,"name":"Home","item":"https:\/\/metalpie.com\/"},{"@type":"ListItem","position":2,"name":"About Us"}]},{"@type":"WebSite","@id":"https:\/\/metalpie.com\/#website","url":"https:\/\/metalpie.com\/","name":"METALPIE","description":"Fabrica\u00e7\u00e3o de metais de precis\u00e3o | Ferramentas, processos e muito mais","potentialAction":[{"@type":"SearchAction","target":{"@type":"EntryPoint","urlTemplate":"https:\/\/metalpie.com\/?s={search_term_string}"},"query-input":"required name=search_term_string"}],"inLanguage":"pt-BR"}]}},"_links":{"self":[{"href":"https:\/\/metalpie.com\/pt\/wp-json\/wp\/v2\/pages\/2128","targetHints":{"allow":["GET"]}}],"collection":[{"href":"https:\/\/metalpie.com\/pt\/wp-json\/wp\/v2\/pages"}],"about":[{"href":"https:\/\/metalpie.com\/pt\/wp-json\/wp\/v2\/types\/page"}],"author":[{"embeddable":true,"href":"https:\/\/metalpie.com\/pt\/wp-json\/wp\/v2\/users\/11"}],"replies":[{"embeddable":true,"href":"https:\/\/metalpie.com\/pt\/wp-json\/wp\/v2\/comments?post=2128"}],"version-history":[{"count":0,"href":"https:\/\/metalpie.com\/pt\/wp-json\/wp\/v2\/pages\/2128\/revisions"}],"wp:attachment":[{"href":"https:\/\/metalpie.com\/pt\/wp-json\/wp\/v2\/media?parent=2128"}],"curies":[{"name":"wp","href":"https:\/\/api.w.org\/{rel}","templated":true}]}}