{"id":3319,"date":"2022-12-22T08:55:21","date_gmt":"2022-12-22T00:55:21","guid":{"rendered":"https:\/\/metalpie.com\/?post_type=product&#038;p=3319"},"modified":"2023-02-01T14:27:51","modified_gmt":"2023-02-01T06:27:51","slug":"carrozzeria-in-alluminio-per-camion-leggeri","status":"publish","type":"product","link":"https:\/\/metalpie.com\/it\/veicoli-in-alluminio\/carrozzeria-in-alluminio-per-camion-leggeri\/","title":{"rendered":"Carrozzeria in alluminio per autocarri leggeri"},"content":{"rendered":"<section class=\"section\" id=\"section_1533034992\">\n\t\t<div class=\"bg section-bg fill bg-fill  bg-loaded\" >\n\n\t\t\t\n\t\t\t\n\t\t\t\n\n\t\t<\/div>\n\n\t\t\n\n\t\t<div class=\"section-content relative\">\n\t\t\t\n<div class=\"row\"  id=\"row-1671284731\">\n\n\t<div id=\"col-1138557321\" class=\"col small-12 large-12\"  >\n\t\t\t\t<div class=\"col-inner\"  >\n\t\t\t\n\t\t\t\n<h2>Carrozzeria per autocarri leggeri in alluminio<\/h2>\n<table style=\"font-size: 14.4px; border-collapse: collapse; width: 740px; height: 253px;\" border=\"0\" width=\"762\" cellspacing=\"0\" cellpadding=\"0\">\n<tbody>\n<tr style=\"height: 21.00pt;\">\n<td class=\"et3\" style=\"height: 21.00pt; width: 196.50pt;\" width=\"262\" height=\"28\"><strong>Lunghezza esterna<\/strong><\/td>\n<td class=\"et4\" style=\"width: 182.25pt;\" width=\"243\"><strong>Larghezza esterna<\/strong><\/td>\n<td class=\"et4\" style=\"width: 192.75pt;\" width=\"257\"><strong>Altezza esterna<\/strong><\/td>\n<\/tr>\n<tr style=\"height: 21.00pt;\">\n<td class=\"et5\" style=\"height: 21.00pt; width: 196.50pt;\" width=\"262\" height=\"28\">4285<\/td>\n<td class=\"et6\" style=\"width: 182.25pt;\" width=\"243\">2432<\/td>\n<td class=\"et6\" style=\"width: 192.75pt;\" width=\"257\">1735<\/td>\n<\/tr>\n<tr style=\"height: 21.00pt;\">\n<td class=\"et7\" style=\"height: 21.00pt; width: 196.50pt;\" width=\"262\" height=\"28\"><strong>Lunghezza interna<\/strong><\/td>\n<td class=\"et8\" style=\"width: 182.25pt;\" width=\"243\"><strong>Larghezza interna<\/strong><\/td>\n<td class=\"et8\" style=\"width: 192.75pt;\" width=\"257\"><strong>Altezza interna<\/strong><\/td>\n<\/tr>\n<tr style=\"height: 21.00pt;\">\n<td class=\"et5\" style=\"height: 21.00pt; width: 196.50pt;\" width=\"262\" height=\"28\">4165<\/td>\n<td class=\"et6\" style=\"width: 182.25pt;\" width=\"243\">2300<\/td>\n<td class=\"et6\" style=\"width: 192.75pt;\" width=\"257\">500<\/td>\n<\/tr>\n<tr style=\"height: 21.00pt;\">\n<td class=\"et7\" style=\"height: 21.00pt; width: 196.50pt;\" width=\"262\" height=\"28\"><strong>Spessore totale dei pannelli laterali<\/strong><\/td>\n<td class=\"et8\" style=\"width: 182.25pt;\" width=\"243\"><strong>Spessore del pavimento<\/strong><\/td>\n<td class=\"et8\" style=\"width: 192.75pt;\" width=\"257\"><strong>Metodo di apertura della porta<\/strong><\/td>\n<\/tr>\n<tr style=\"height: 21.00pt;\">\n<td class=\"et5\" style=\"height: 21.00pt; width: 196.50pt;\" width=\"262\" height=\"28\">30<\/td>\n<td class=\"et6\" style=\"width: 182.25pt;\" width=\"243\">20<\/td>\n<td class=\"et6\" style=\"width: 192.75pt;\" width=\"257\">Cinque porte\/Tre porte<\/td>\n<\/tr>\n<tr style=\"height: 21.00pt;\">\n<td class=\"et7\" style=\"height: 21.00pt; width: 196.50pt;\" width=\"262\" height=\"28\"><strong>Modulo per la strumentazione<\/strong><\/td>\n<td class=\"et10\" style=\"width: 182.25pt;\" width=\"243\"><strong>Peso del corpo della scatola<span class=\"font2\">\/kg<\/span><\/strong><\/td>\n<td class=\"et8\" style=\"width: 192.75pt;\" width=\"257\"><strong>Carico di progetto\/T<\/strong><\/td>\n<\/tr>\n<tr style=\"height: 21.00pt;\">\n<td class=\"et5\" style=\"height: 21.00pt; width: 196.50pt;\" width=\"262\" height=\"28\">Palo esterno<\/td>\n<td class=\"et6\" style=\"width: 182.25pt;\" width=\"243\">260<\/td>\n<td class=\"et6\" style=\"width: 192.75pt;\" width=\"257\">\n<p>5<\/p>\n<\/td>\n<\/tr>\n<\/tbody>\n<\/table>\n<h2>Panoramica<\/h2>\n<p><span data-preserver-spaces=\"true\">La carrozzeria in alluminio \u00e8 opzionale per colore, dimensioni e molti altri dettagli. In qualit\u00e0 di produttore professionale di carrozzerie in alluminio, possiamo personalizzare una variet\u00e0 di specifiche per voi. Abbiamo fornito questi corpi di camion leggeri per molti famosi marchi globali. Saremo la vostra scelta migliore se state cercando un produttore potente per i vostri camion con carrozzeria in alluminio!<\/span><\/p>\n<h2>Caratteristiche dei cassoni in alluminio<\/h2>\n<p><span data-preserver-spaces=\"true\">1. Utilizziamo profili in alluminio ad alto impatto per realizzare questa carrozzeria in alluminio. Tutti i profili sono sviluppati e prodotti da noi stessi.<\/span><\/p>\n<p><span data-preserver-spaces=\"true\">2. La rivettatura e l'avvitamento sono i principali metodi di collegamento, integrati da una piccola quantit\u00e0 di saldatura. Questi metodi di collegamento sono comodi per l'assemblaggio e la manutenzione delle carrozzerie in alluminio.<\/span><\/p>\n<p><span data-preserver-spaces=\"true\">3. In termini di struttura, oltre a utilizzare parte della struttura del prodotto furgone, la parte della ringhiera utilizza la tecnologia giapponese come riferimento. Abbiamo progettato una nuova struttura di ringhiera assemblata per questa carrozzeria in alluminio.\u00a0<\/span><\/p>\n<p><span data-preserver-spaces=\"true\">4. Sia le recinzioni laterali che quelle posteriori adottano profili con strutture chiuse. Grazie alla combinazione e all'abbinamento dei profili, \u00e8 possibile combinare recinzioni con altezze di serie di 400 mm, 500 mm e 600 mm per soddisfare le esigenze dei clienti. Anche la parte inferiore della recinzione anteriore \u00e8 realizzata con la stessa combinazione di profili.<\/span><\/p>\n<p><span data-preserver-spaces=\"true\">5. Il pavimento viene estruso da profili ad alta resistenza e posato longitudinalmente. La parte superiore del profilo \u00e8 dotata di nervature antiscivolo, mentre la parte inferiore \u00e8 progettata con nervature di supporto. La parte inferiore del pavimento \u00e8 dotata di travi di supporto orizzontali ad alta rigidit\u00e0 complessiva.<\/span><\/p>\n\t\t<\/div>\n\t\t\t\t\t<\/div>\n\n\t\n<\/div>\n\t\t<\/div>\n\n\t\t\n<style>\n#section_1533034992 {\n  padding-top: 30px;\n  padding-bottom: 30px;\n}\n<\/style>\n\t<\/section>","protected":false},"excerpt":{"rendered":"<p>Il cassone del camion \u00e8 stato progettato appositamente per i camion leggeri. I pali estesi hanno migliorato la capacit\u00e0 di carico. \u00c8 un veicolo perfetto per svolgere la propria attivit\u00e0.<\/p>","protected":false},"featured_media":3320,"comment_status":"closed","ping_status":"closed","template":"","meta":[],"product_cat":[98],"class_list":["post-3319","product","type-product","status-publish","has-post-thumbnail","hentry","product_cat-aluminum-vehicles"],"yoast_head":"<!-- This site is optimized with the Yoast SEO plugin v21.5 - https:\/\/yoast.com\/wordpress\/plugins\/seo\/ -->\n<title>Aluminum Truck Body &amp; Wing Body for Window and Door Display<\/title>\n<meta name=\"description\" content=\"We provide various aluminum truck bodies, such as box truck bodies and wing bodies. We also deliver custom truck body service.\" \/>\n<meta name=\"robots\" content=\"index, follow, max-snippet:-1, max-image-preview:large, max-video-preview:-1\" \/>\n<link rel=\"canonical\" href=\"https:\/\/metalpie.com\/it\/veicoli-in-alluminio\/carrozzeria-in-alluminio-per-camion-leggeri\/\" \/>\n<meta property=\"og:locale\" content=\"it_IT\" \/>\n<meta property=\"og:type\" content=\"article\" \/>\n<meta property=\"og:title\" content=\"Aluminum Truck Body &amp; Wing Body for Window and Door Display\" \/>\n<meta property=\"og:description\" content=\"We provide various aluminum truck bodies, such as box truck bodies and wing bodies. We also deliver custom truck body service.\" \/>\n<meta property=\"og:url\" content=\"https:\/\/metalpie.com\/it\/veicoli-in-alluminio\/carrozzeria-in-alluminio-per-camion-leggeri\/\" \/>\n<meta property=\"og:site_name\" content=\"METALPIE\" \/>\n<meta property=\"article:modified_time\" content=\"2023-02-01T06:27:51+00:00\" \/>\n<meta property=\"og:image\" content=\"https:\/\/metalpie.com\/wp-content\/uploads\/2022\/12\/aluminum_truck_bodies_side_right.webp\" \/>\n\t<meta property=\"og:image:width\" content=\"1000\" \/>\n\t<meta property=\"og:image:height\" content=\"750\" \/>\n\t<meta property=\"og:image:type\" content=\"image\/webp\" \/>\n<meta name=\"twitter:card\" content=\"summary_large_image\" \/>\n<meta name=\"twitter:label1\" content=\"Tempo di lettura stimato\" \/>\n\t<meta name=\"twitter:data1\" content=\"2 minuti\" \/>\n<script type=\"application\/ld+json\" class=\"yoast-schema-graph\">{\"@context\":\"https:\/\/schema.org\",\"@graph\":[{\"@type\":\"WebPage\",\"@id\":\"https:\/\/metalpie.com\/ru\/%d0%b0%d0%bb%d1%8e%d0%bc%d0%b8%d0%bd%d0%b8%d0%b5%d0%b2%d1%8b%d0%b5-%d0%b0%d0%b2%d1%82%d0%be%d0%bc%d0%be%d0%b1%d0%b8%d0%bb%d0%b8\/%d0%b0%d0%bb%d1%8e%d0%bc%d0%b8%d0%bd%d0%b8%d0%b5%d0%b2%d1%8b%d0%b9-%d0%ba%d1%83%d0%b7%d0%be%d0%b2-%d0%b4%d0%bb%d1%8f-%d0%bb%d0%b5%d0%b3%d0%ba%d0%be%d0%b3%d0%be-%d0%b3%d1%80%d1%83%d0%b7%d0%be%d0%b2\/\",\"url\":\"https:\/\/metalpie.com\/ru\/%d0%b0%d0%bb%d1%8e%d0%bc%d0%b8%d0%bd%d0%b8%d0%b5%d0%b2%d1%8b%d0%b5-%d0%b0%d0%b2%d1%82%d0%be%d0%bc%d0%be%d0%b1%d0%b8%d0%bb%d0%b8\/%d0%b0%d0%bb%d1%8e%d0%bc%d0%b8%d0%bd%d0%b8%d0%b5%d0%b2%d1%8b%d0%b9-%d0%ba%d1%83%d0%b7%d0%be%d0%b2-%d0%b4%d0%bb%d1%8f-%d0%bb%d0%b5%d0%b3%d0%ba%d0%be%d0%b3%d0%be-%d0%b3%d1%80%d1%83%d0%b7%d0%be%d0%b2\/\",\"name\":\"Aluminum Truck Body & Wing Body for Window and Door Display\",\"isPartOf\":{\"@id\":\"https:\/\/metalpie.com\/#website\"},\"datePublished\":\"2022-12-22T00:55:21+00:00\",\"dateModified\":\"2023-02-01T06:27:51+00:00\",\"description\":\"We provide various aluminum truck bodies, such as box truck bodies and wing bodies. We also deliver custom truck body service.\",\"breadcrumb\":{\"@id\":\"https:\/\/metalpie.com\/ru\/%d0%b0%d0%bb%d1%8e%d0%bc%d0%b8%d0%bd%d0%b8%d0%b5%d0%b2%d1%8b%d0%b5-%d0%b0%d0%b2%d1%82%d0%be%d0%bc%d0%be%d0%b1%d0%b8%d0%bb%d0%b8\/%d0%b0%d0%bb%d1%8e%d0%bc%d0%b8%d0%bd%d0%b8%d0%b5%d0%b2%d1%8b%d0%b9-%d0%ba%d1%83%d0%b7%d0%be%d0%b2-%d0%b4%d0%bb%d1%8f-%d0%bb%d0%b5%d0%b3%d0%ba%d0%be%d0%b3%d0%be-%d0%b3%d1%80%d1%83%d0%b7%d0%be%d0%b2\/#breadcrumb\"},\"inLanguage\":\"it-IT\",\"potentialAction\":[{\"@type\":\"ReadAction\",\"target\":[\"https:\/\/metalpie.com\/ru\/%d0%b0%d0%bb%d1%8e%d0%bc%d0%b8%d0%bd%d0%b8%d0%b5%d0%b2%d1%8b%d0%b5-%d0%b0%d0%b2%d1%82%d0%be%d0%bc%d0%be%d0%b1%d0%b8%d0%bb%d0%b8\/%d0%b0%d0%bb%d1%8e%d0%bc%d0%b8%d0%bd%d0%b8%d0%b5%d0%b2%d1%8b%d0%b9-%d0%ba%d1%83%d0%b7%d0%be%d0%b2-%d0%b4%d0%bb%d1%8f-%d0%bb%d0%b5%d0%b3%d0%ba%d0%be%d0%b3%d0%be-%d0%b3%d1%80%d1%83%d0%b7%d0%be%d0%b2\/\"]}]},{\"@type\":\"BreadcrumbList\",\"@id\":\"https:\/\/metalpie.com\/ru\/%d0%b0%d0%bb%d1%8e%d0%bc%d0%b8%d0%bd%d0%b8%d0%b5%d0%b2%d1%8b%d0%b5-%d0%b0%d0%b2%d1%82%d0%be%d0%bc%d0%be%d0%b1%d0%b8%d0%bb%d0%b8\/%d0%b0%d0%bb%d1%8e%d0%bc%d0%b8%d0%bd%d0%b8%d0%b5%d0%b2%d1%8b%d0%b9-%d0%ba%d1%83%d0%b7%d0%be%d0%b2-%d0%b4%d0%bb%d1%8f-%d0%bb%d0%b5%d0%b3%d0%ba%d0%be%d0%b3%d0%be-%d0%b3%d1%80%d1%83%d0%b7%d0%be%d0%b2\/#breadcrumb\",\"itemListElement\":[{\"@type\":\"ListItem\",\"position\":1,\"name\":\"Home\",\"item\":\"https:\/\/metalpie.com\/\"},{\"@type\":\"ListItem\",\"position\":2,\"name\":\"Products\",\"item\":\"https:\/\/metalpie.com\/shop\/\"},{\"@type\":\"ListItem\",\"position\":3,\"name\":\"Aluminum Truck Body for Light Truck\"}]},{\"@type\":\"WebSite\",\"@id\":\"https:\/\/metalpie.com\/#website\",\"url\":\"https:\/\/metalpie.com\/\",\"name\":\"METALPIE\",\"description\":\"Precision Metal Fabrication | Tools, Processes &amp; More\",\"potentialAction\":[{\"@type\":\"SearchAction\",\"target\":{\"@type\":\"EntryPoint\",\"urlTemplate\":\"https:\/\/metalpie.com\/?s={search_term_string}\"},\"query-input\":\"required name=search_term_string\"}],\"inLanguage\":\"it-IT\"}]}<\/script>\n<!-- \/ Yoast SEO plugin. -->","yoast_head_json":{"title":"Carrozzeria per camion e carrozzeria ad ala in alluminio per l'esposizione di porte e finestre","description":"Forniamo varie carrozzerie in alluminio, come le carrozzerie per autocarri a cassone e le carrozzerie ad ala. Forniamo anche un servizio di carrozzerie personalizzate.","robots":{"index":"index","follow":"follow","max-snippet":"max-snippet:-1","max-image-preview":"max-image-preview:large","max-video-preview":"max-video-preview:-1"},"canonical":"https:\/\/metalpie.com\/it\/veicoli-in-alluminio\/carrozzeria-in-alluminio-per-camion-leggeri\/","og_locale":"it_IT","og_type":"article","og_title":"Aluminum Truck Body & Wing Body for Window and Door Display","og_description":"We provide various aluminum truck bodies, such as box truck bodies and wing bodies. We also deliver custom truck body service.","og_url":"https:\/\/metalpie.com\/it\/veicoli-in-alluminio\/carrozzeria-in-alluminio-per-camion-leggeri\/","og_site_name":"METALPIE","article_modified_time":"2023-02-01T06:27:51+00:00","og_image":[{"width":1000,"height":750,"url":"https:\/\/metalpie.com\/wp-content\/uploads\/2022\/12\/aluminum_truck_bodies_side_right.webp","type":"image\/webp"}],"twitter_card":"summary_large_image","twitter_misc":{"Tempo di lettura stimato":"2 minuti"},"schema":{"@context":"https:\/\/schema.org","@graph":[{"@type":"WebPage","@id":"https:\/\/metalpie.com\/ru\/%d0%b0%d0%bb%d1%8e%d0%bc%d0%b8%d0%bd%d0%b8%d0%b5%d0%b2%d1%8b%d0%b5-%d0%b0%d0%b2%d1%82%d0%be%d0%bc%d0%be%d0%b1%d0%b8%d0%bb%d0%b8\/%d0%b0%d0%bb%d1%8e%d0%bc%d0%b8%d0%bd%d0%b8%d0%b5%d0%b2%d1%8b%d0%b9-%d0%ba%d1%83%d0%b7%d0%be%d0%b2-%d0%b4%d0%bb%d1%8f-%d0%bb%d0%b5%d0%b3%d0%ba%d0%be%d0%b3%d0%be-%d0%b3%d1%80%d1%83%d0%b7%d0%be%d0%b2\/","url":"https:\/\/metalpie.com\/ru\/%d0%b0%d0%bb%d1%8e%d0%bc%d0%b8%d0%bd%d0%b8%d0%b5%d0%b2%d1%8b%d0%b5-%d0%b0%d0%b2%d1%82%d0%be%d0%bc%d0%be%d0%b1%d0%b8%d0%bb%d0%b8\/%d0%b0%d0%bb%d1%8e%d0%bc%d0%b8%d0%bd%d0%b8%d0%b5%d0%b2%d1%8b%d0%b9-%d0%ba%d1%83%d0%b7%d0%be%d0%b2-%d0%b4%d0%bb%d1%8f-%d0%bb%d0%b5%d0%b3%d0%ba%d0%be%d0%b3%d0%be-%d0%b3%d1%80%d1%83%d0%b7%d0%be%d0%b2\/","name":"Carrozzeria per camion e carrozzeria ad ala in alluminio per l'esposizione di porte e finestre","isPartOf":{"@id":"https:\/\/metalpie.com\/#website"},"datePublished":"2022-12-22T00:55:21+00:00","dateModified":"2023-02-01T06:27:51+00:00","description":"Forniamo varie carrozzerie in alluminio, come le carrozzerie per autocarri a cassone e le carrozzerie ad ala. Forniamo anche un servizio di carrozzerie personalizzate.","breadcrumb":{"@id":"https:\/\/metalpie.com\/ru\/%d0%b0%d0%bb%d1%8e%d0%bc%d0%b8%d0%bd%d0%b8%d0%b5%d0%b2%d1%8b%d0%b5-%d0%b0%d0%b2%d1%82%d0%be%d0%bc%d0%be%d0%b1%d0%b8%d0%bb%d0%b8\/%d0%b0%d0%bb%d1%8e%d0%bc%d0%b8%d0%bd%d0%b8%d0%b5%d0%b2%d1%8b%d0%b9-%d0%ba%d1%83%d0%b7%d0%be%d0%b2-%d0%b4%d0%bb%d1%8f-%d0%bb%d0%b5%d0%b3%d0%ba%d0%be%d0%b3%d0%be-%d0%b3%d1%80%d1%83%d0%b7%d0%be%d0%b2\/#breadcrumb"},"inLanguage":"it-IT","potentialAction":[{"@type":"ReadAction","target":["https:\/\/metalpie.com\/ru\/%d0%b0%d0%bb%d1%8e%d0%bc%d0%b8%d0%bd%d0%b8%d0%b5%d0%b2%d1%8b%d0%b5-%d0%b0%d0%b2%d1%82%d0%be%d0%bc%d0%be%d0%b1%d0%b8%d0%bb%d0%b8\/%d0%b0%d0%bb%d1%8e%d0%bc%d0%b8%d0%bd%d0%b8%d0%b5%d0%b2%d1%8b%d0%b9-%d0%ba%d1%83%d0%b7%d0%be%d0%b2-%d0%b4%d0%bb%d1%8f-%d0%bb%d0%b5%d0%b3%d0%ba%d0%be%d0%b3%d0%be-%d0%b3%d1%80%d1%83%d0%b7%d0%be%d0%b2\/"]}]},{"@type":"BreadcrumbList","@id":"https:\/\/metalpie.com\/ru\/%d0%b0%d0%bb%d1%8e%d0%bc%d0%b8%d0%bd%d0%b8%d0%b5%d0%b2%d1%8b%d0%b5-%d0%b0%d0%b2%d1%82%d0%be%d0%bc%d0%be%d0%b1%d0%b8%d0%bb%d0%b8\/%d0%b0%d0%bb%d1%8e%d0%bc%d0%b8%d0%bd%d0%b8%d0%b5%d0%b2%d1%8b%d0%b9-%d0%ba%d1%83%d0%b7%d0%be%d0%b2-%d0%b4%d0%bb%d1%8f-%d0%bb%d0%b5%d0%b3%d0%ba%d0%be%d0%b3%d0%be-%d0%b3%d1%80%d1%83%d0%b7%d0%be%d0%b2\/#breadcrumb","itemListElement":[{"@type":"ListItem","position":1,"name":"Home","item":"https:\/\/metalpie.com\/"},{"@type":"ListItem","position":2,"name":"Products","item":"https:\/\/metalpie.com\/shop\/"},{"@type":"ListItem","position":3,"name":"Aluminum Truck Body for Light Truck"}]},{"@type":"WebSite","@id":"https:\/\/metalpie.com\/#website","url":"https:\/\/metalpie.com\/","name":"METALPIE","description":"Fabbricazione di precisione del metallo - Strumenti, processi e altro ancora","potentialAction":[{"@type":"SearchAction","target":{"@type":"EntryPoint","urlTemplate":"https:\/\/metalpie.com\/?s={search_term_string}"},"query-input":"required name=search_term_string"}],"inLanguage":"it-IT"}]}},"_links":{"self":[{"href":"https:\/\/metalpie.com\/it\/wp-json\/wp\/v2\/product\/3319","targetHints":{"allow":["GET"]}}],"collection":[{"href":"https:\/\/metalpie.com\/it\/wp-json\/wp\/v2\/product"}],"about":[{"href":"https:\/\/metalpie.com\/it\/wp-json\/wp\/v2\/types\/product"}],"replies":[{"embeddable":true,"href":"https:\/\/metalpie.com\/it\/wp-json\/wp\/v2\/comments?post=3319"}],"wp:featuredmedia":[{"embeddable":true,"href":"https:\/\/metalpie.com\/it\/wp-json\/wp\/v2\/media\/3320"}],"wp:attachment":[{"href":"https:\/\/metalpie.com\/it\/wp-json\/wp\/v2\/media?parent=3319"}],"wp:term":[{"taxonomy":"product_cat","embeddable":true,"href":"https:\/\/metalpie.com\/it\/wp-json\/wp\/v2\/product_cat?post=3319"}],"curies":[{"name":"wp","href":"https:\/\/api.w.org\/{rel}","templated":true}]}}