{"id":3314,"date":"2022-12-22T08:41:03","date_gmt":"2022-12-22T00:41:03","guid":{"rendered":"https:\/\/metalpie.com\/?post_type=product&#038;p=3314"},"modified":"2023-02-01T16:16:08","modified_gmt":"2023-02-01T08:16:08","slug":"carrozzeria-per-camion-in-alluminio-carrozzeria-per-camion-cargo","status":"publish","type":"product","link":"https:\/\/metalpie.com\/it\/veicoli-in-alluminio\/carrozzeria-per-camion-in-alluminio-carrozzeria-per-camion-cargo\/","title":{"rendered":"Carrozzeria per camion in alluminio e carrozzeria per camion da carico"},"content":{"rendered":"<section class=\"section\" id=\"section_1603851772\">\n\t\t<div class=\"bg section-bg fill bg-fill  bg-loaded\" >\n\n\t\t\t\n\t\t\t\n\t\t\t\n\n\t\t<\/div>\n\n\t\t\n\n\t\t<div class=\"section-content relative\">\n\t\t\t\n<div class=\"row\"  id=\"row-825933787\">\n\n\t<div id=\"col-56797706\" class=\"col small-12 large-12\"  >\n\t\t\t\t<div class=\"col-inner\"  >\n\t\t\t\n\t\t\t\n<h2>Parametri del cassone del camion da carico<\/h2>\n<table width=\"718\">\n<tbody>\n<tr>\n<td width=\"210\"><strong>Lunghezza esterna<\/strong><\/td>\n<td width=\"259\"><strong>Larghezza esterna<\/strong><\/td>\n<td width=\"249\"><strong>Altezza esterna<\/strong><\/td>\n<\/tr>\n<tr>\n<td width=\"210\">6850<\/td>\n<td width=\"259\">2550<\/td>\n<td width=\"249\">2845<\/td>\n<\/tr>\n<tr>\n<td width=\"210\"><strong>Lunghezza interna<\/strong><\/td>\n<td width=\"259\"><strong>Larghezza interna<\/strong><\/td>\n<td width=\"249\"><strong>Altezza interna<\/strong><\/td>\n<\/tr>\n<tr>\n<td width=\"210\">6800<\/td>\n<td width=\"259\">2500<\/td>\n<td width=\"249\">2600<\/td>\n<\/tr>\n<tr>\n<td width=\"210\"><strong>Porta laterale<\/strong><\/td>\n<td width=\"259\"><strong>Porta posteriore<\/strong><\/td>\n<td width=\"249\"><strong>Serrature<\/strong><\/td>\n<\/tr>\n<tr>\n<td width=\"210\">No<\/td>\n<td width=\"259\">Apertura a doppio pannello<\/td>\n<td width=\"249\">Zincato<\/td>\n<\/tr>\n<tr>\n<td width=\"210\"><strong>Staffe in alluminio<\/strong><\/td>\n<td width=\"259\"><strong>Larghezza del canale nella scatola<\/strong><\/td>\n<td width=\"249\"><strong>Peso del corpo della scatola\/kg<\/strong><\/td>\n<\/tr>\n<tr>\n<td width=\"210\">2 lati 4 piani<\/td>\n<td width=\"259\">765 mm<\/td>\n<td width=\"249\">1400<\/td>\n<\/tr>\n<\/tbody>\n<\/table>\n<h2><span data-preserver-spaces=\"true\">Descrizione<\/span><\/h2>\n<p><span data-preserver-spaces=\"true\">Il cassone del carrello \u00e8 stato progettato appositamente per il trasporto di profili. Per fissare i profilati, adottiamo molte misure per evitare che crollino, come l'installazione di rastrelliere in alluminio e aste di supporto. Pertanto, \u00e8 una scelta perfetta per la vostra attivit\u00e0.<\/span><\/p>\n<h2>Caratteristiche della carrozzeria in alluminio<\/h2>\n<p><span data-preserver-spaces=\"true\">1. Questo modello \u00e8 utilizzato in particolare per il trasporto di profili a lunghezza fissa. La struttura a strati della cassa pu\u00f2 facilitare la consegna di piccoli lotti di profili e di merci sfuse.<\/span><\/p>\n<p><span data-preserver-spaces=\"true\">2. \u00c8 possibile ritrarre le staffe separatamente per comodit\u00e0 e regolare manualmente l'altezza ogni 50 mm. Il numero di strati nella scatola e l'altezza di un singolo strato sono opzionali. Il numero di strati nella scatola e l'altezza di un singolo strato sono opzionali.<\/span><\/p>\n<p><span data-preserver-spaces=\"true\">3. Misure di sicurezza: Sulla staffa \u00e8 presente un dispositivo antiscivolo e la staffa \u00e8 progettata con doppi limiti per evitare che il profilo si muova. Sulla piastra anteriore \u00e8 presente una struttura anticollisione per evitare il pericolo di danneggiamento del profilo sul pannello del vano.<\/span><\/p>\n<p><span data-preserver-spaces=\"true\">4. Ampia sezione trasversale del pannello del cassone: la larghezza di un singolo pannello del cassone del camion in alluminio aumenta fino a 600 mm. Questa larghezza \u00e8 superiore di 200-300 mm rispetto alle specifiche comuni del mercato. Grazie al minor numero di giunti, la rigidit\u00e0 complessiva della cassa del camion in alluminio \u00e8 buona, il che aumenta efficacemente la capacit\u00e0 anti-deformazione della cassa e ha una migliore capacit\u00e0 di carico.\u00a0<\/span><\/p>\n<p><span data-preserver-spaces=\"true\">5. La rigidit\u00e0 complessiva \u00e8 buona: la struttura portante principale \u00e8 costituita da una staffa profilata, installata sul telaio del cassone in acciaio. Il telaio in acciaio della scatola \u00e8 integrato con l'intero corpo della scatola e risolve efficacemente il problema della forza complessiva e della concentrazione locale delle sollecitazioni. Durante il processo di progettazione di questo prodotto, abbiamo utilizzato il calcolo di simulazione CAE per garantire la resistenza del progetto. Il primo lotto di prodotti \u00e8 stato immesso sul mercato per pi\u00f9 di un anno e il feedback dei clienti \u00e8 buono.<\/span><\/p>\n<p><span data-preserver-spaces=\"true\">6. Il posizionamento dei profili \u00e8 pi\u00f9 conveniente: le staffe nella scatola possono essere impostate con 3-5 strati in base alle esigenze del cliente. \u00c8 possibile regolare manualmente l'altezza di ogni strato in base alle esigenze di trasporto. Il cassone del camion in alluminio pu\u00f2 anche dividersi in due sezioni: il magazzino parti anteriore e il magazzino profili posteriore. Il magazzino ricambi contiene accessori per porte e finestre, materiali di consumo e altri accessori sparsi. Il magazzino dei profili \u00e8 utilizzato appositamente per il trasporto di profili tagliati su misura. Queste opzioni rendono pi\u00f9 flessibile l'utilizzo dell'armadio.<\/span><\/p>\n\t\t<\/div>\n\t\t\t\t\t<\/div>\n\n\t\n<\/div>\n\t\t<\/div>\n\n\t\t\n<style>\n#section_1603851772 {\n  padding-top: 30px;\n  padding-bottom: 30px;\n}\n<\/style>\n\t<\/section>","protected":false},"excerpt":{"rendered":"<p>Il cassone del carrello merci ha una grande capacit\u00e0 di carico. Pu\u00f2 trasportare profili di alluminio, profili di acciaio e molti altri profili.<\/p>","protected":false},"featured_media":3315,"comment_status":"closed","ping_status":"closed","template":"","meta":[],"product_cat":[98],"class_list":["post-3314","product","type-product","status-publish","has-post-thumbnail","hentry","product_cat-aluminum-vehicles"],"yoast_head":"<!-- This site is optimized with the Yoast SEO plugin v21.5 - https:\/\/yoast.com\/wordpress\/plugins\/seo\/ -->\n<title>Aluminum Truck Body &amp; Wing Body for Window and Door Display<\/title>\n<meta name=\"description\" content=\"We provide various aluminum truck bodies, such as box truck bodies and wing bodies. We also deliver custom truck body service.\" \/>\n<meta name=\"robots\" content=\"index, follow, max-snippet:-1, max-image-preview:large, max-video-preview:-1\" \/>\n<link rel=\"canonical\" href=\"https:\/\/metalpie.com\/it\/veicoli-in-alluminio\/carrozzeria-per-camion-in-alluminio-carrozzeria-per-camion-cargo\/\" \/>\n<meta property=\"og:locale\" content=\"it_IT\" \/>\n<meta property=\"og:type\" content=\"article\" \/>\n<meta property=\"og:title\" content=\"Aluminum Truck Body &amp; Wing Body for Window and Door Display\" \/>\n<meta property=\"og:description\" content=\"We provide various aluminum truck bodies, such as box truck bodies and wing bodies. We also deliver custom truck body service.\" \/>\n<meta property=\"og:url\" content=\"https:\/\/metalpie.com\/it\/veicoli-in-alluminio\/carrozzeria-per-camion-in-alluminio-carrozzeria-per-camion-cargo\/\" \/>\n<meta property=\"og:site_name\" content=\"METALPIE\" \/>\n<meta property=\"article:modified_time\" content=\"2023-02-01T08:16:08+00:00\" \/>\n<meta property=\"og:image\" content=\"https:\/\/metalpie.com\/wp-content\/uploads\/2022\/12\/aluminum_box_truck_body-2.webp\" \/>\n\t<meta property=\"og:image:width\" content=\"1000\" \/>\n\t<meta property=\"og:image:height\" content=\"750\" \/>\n\t<meta property=\"og:image:type\" content=\"image\/webp\" \/>\n<meta name=\"twitter:card\" content=\"summary_large_image\" \/>\n<meta name=\"twitter:label1\" content=\"Tempo di lettura stimato\" \/>\n\t<meta name=\"twitter:data1\" content=\"3 minuti\" \/>\n<script type=\"application\/ld+json\" class=\"yoast-schema-graph\">{\"@context\":\"https:\/\/schema.org\",\"@graph\":[{\"@type\":\"WebPage\",\"@id\":\"https:\/\/metalpie.com\/ru\/%d0%b0%d0%bb%d1%8e%d0%bc%d0%b8%d0%bd%d0%b8%d0%b5%d0%b2%d1%8b%d0%b5-%d0%b0%d0%b2%d1%82%d0%be%d0%bc%d0%be%d0%b1%d0%b8%d0%bb%d0%b8\/%d0%b0%d0%bb%d1%8e%d0%bc%d0%b8%d0%bd%d0%b8%d0%b5%d0%b2%d1%8b%d0%b9-%d0%ba%d1%83%d0%b7%d0%be%d0%b2-%d0%b3%d1%80%d1%83%d0%b7%d0%be%d0%b2%d0%be%d0%b3%d0%be-%d0%b0%d0%b2%d1%82%d0%be%d0%bc%d0%be%d0%b1\/\",\"url\":\"https:\/\/metalpie.com\/ru\/%d0%b0%d0%bb%d1%8e%d0%bc%d0%b8%d0%bd%d0%b8%d0%b5%d0%b2%d1%8b%d0%b5-%d0%b0%d0%b2%d1%82%d0%be%d0%bc%d0%be%d0%b1%d0%b8%d0%bb%d0%b8\/%d0%b0%d0%bb%d1%8e%d0%bc%d0%b8%d0%bd%d0%b8%d0%b5%d0%b2%d1%8b%d0%b9-%d0%ba%d1%83%d0%b7%d0%be%d0%b2-%d0%b3%d1%80%d1%83%d0%b7%d0%be%d0%b2%d0%be%d0%b3%d0%be-%d0%b0%d0%b2%d1%82%d0%be%d0%bc%d0%be%d0%b1\/\",\"name\":\"Aluminum Truck Body & Wing Body for Window and Door Display\",\"isPartOf\":{\"@id\":\"https:\/\/metalpie.com\/#website\"},\"datePublished\":\"2022-12-22T00:41:03+00:00\",\"dateModified\":\"2023-02-01T08:16:08+00:00\",\"description\":\"We provide various aluminum truck bodies, such as box truck bodies and wing bodies. We also deliver custom truck body service.\",\"breadcrumb\":{\"@id\":\"https:\/\/metalpie.com\/ru\/%d0%b0%d0%bb%d1%8e%d0%bc%d0%b8%d0%bd%d0%b8%d0%b5%d0%b2%d1%8b%d0%b5-%d0%b0%d0%b2%d1%82%d0%be%d0%bc%d0%be%d0%b1%d0%b8%d0%bb%d0%b8\/%d0%b0%d0%bb%d1%8e%d0%bc%d0%b8%d0%bd%d0%b8%d0%b5%d0%b2%d1%8b%d0%b9-%d0%ba%d1%83%d0%b7%d0%be%d0%b2-%d0%b3%d1%80%d1%83%d0%b7%d0%be%d0%b2%d0%be%d0%b3%d0%be-%d0%b0%d0%b2%d1%82%d0%be%d0%bc%d0%be%d0%b1\/#breadcrumb\"},\"inLanguage\":\"it-IT\",\"potentialAction\":[{\"@type\":\"ReadAction\",\"target\":[\"https:\/\/metalpie.com\/ru\/%d0%b0%d0%bb%d1%8e%d0%bc%d0%b8%d0%bd%d0%b8%d0%b5%d0%b2%d1%8b%d0%b5-%d0%b0%d0%b2%d1%82%d0%be%d0%bc%d0%be%d0%b1%d0%b8%d0%bb%d0%b8\/%d0%b0%d0%bb%d1%8e%d0%bc%d0%b8%d0%bd%d0%b8%d0%b5%d0%b2%d1%8b%d0%b9-%d0%ba%d1%83%d0%b7%d0%be%d0%b2-%d0%b3%d1%80%d1%83%d0%b7%d0%be%d0%b2%d0%be%d0%b3%d0%be-%d0%b0%d0%b2%d1%82%d0%be%d0%bc%d0%be%d0%b1\/\"]}]},{\"@type\":\"BreadcrumbList\",\"@id\":\"https:\/\/metalpie.com\/ru\/%d0%b0%d0%bb%d1%8e%d0%bc%d0%b8%d0%bd%d0%b8%d0%b5%d0%b2%d1%8b%d0%b5-%d0%b0%d0%b2%d1%82%d0%be%d0%bc%d0%be%d0%b1%d0%b8%d0%bb%d0%b8\/%d0%b0%d0%bb%d1%8e%d0%bc%d0%b8%d0%bd%d0%b8%d0%b5%d0%b2%d1%8b%d0%b9-%d0%ba%d1%83%d0%b7%d0%be%d0%b2-%d0%b3%d1%80%d1%83%d0%b7%d0%be%d0%b2%d0%be%d0%b3%d0%be-%d0%b0%d0%b2%d1%82%d0%be%d0%bc%d0%be%d0%b1\/#breadcrumb\",\"itemListElement\":[{\"@type\":\"ListItem\",\"position\":1,\"name\":\"Home\",\"item\":\"https:\/\/metalpie.com\/\"},{\"@type\":\"ListItem\",\"position\":2,\"name\":\"Products\",\"item\":\"https:\/\/metalpie.com\/shop\/\"},{\"@type\":\"ListItem\",\"position\":3,\"name\":\"Aluminum Truck Body &#038; Cargo Truck Body\"}]},{\"@type\":\"WebSite\",\"@id\":\"https:\/\/metalpie.com\/#website\",\"url\":\"https:\/\/metalpie.com\/\",\"name\":\"METALPIE\",\"description\":\"Precision Metal Fabrication | Tools, Processes &amp; More\",\"potentialAction\":[{\"@type\":\"SearchAction\",\"target\":{\"@type\":\"EntryPoint\",\"urlTemplate\":\"https:\/\/metalpie.com\/?s={search_term_string}\"},\"query-input\":\"required name=search_term_string\"}],\"inLanguage\":\"it-IT\"}]}<\/script>\n<!-- \/ Yoast SEO plugin. -->","yoast_head_json":{"title":"Carrozzeria per camion e carrozzeria ad ala in alluminio per l'esposizione di porte e finestre","description":"Forniamo varie carrozzerie in alluminio, come le carrozzerie per autocarri a cassone e le carrozzerie ad ala. Forniamo anche un servizio di carrozzerie personalizzate.","robots":{"index":"index","follow":"follow","max-snippet":"max-snippet:-1","max-image-preview":"max-image-preview:large","max-video-preview":"max-video-preview:-1"},"canonical":"https:\/\/metalpie.com\/it\/veicoli-in-alluminio\/carrozzeria-per-camion-in-alluminio-carrozzeria-per-camion-cargo\/","og_locale":"it_IT","og_type":"article","og_title":"Aluminum Truck Body & Wing Body for Window and Door Display","og_description":"We provide various aluminum truck bodies, such as box truck bodies and wing bodies. We also deliver custom truck body service.","og_url":"https:\/\/metalpie.com\/it\/veicoli-in-alluminio\/carrozzeria-per-camion-in-alluminio-carrozzeria-per-camion-cargo\/","og_site_name":"METALPIE","article_modified_time":"2023-02-01T08:16:08+00:00","og_image":[{"width":1000,"height":750,"url":"https:\/\/metalpie.com\/wp-content\/uploads\/2022\/12\/aluminum_box_truck_body-2.webp","type":"image\/webp"}],"twitter_card":"summary_large_image","twitter_misc":{"Tempo di lettura stimato":"3 minuti"},"schema":{"@context":"https:\/\/schema.org","@graph":[{"@type":"WebPage","@id":"https:\/\/metalpie.com\/ru\/%d0%b0%d0%bb%d1%8e%d0%bc%d0%b8%d0%bd%d0%b8%d0%b5%d0%b2%d1%8b%d0%b5-%d0%b0%d0%b2%d1%82%d0%be%d0%bc%d0%be%d0%b1%d0%b8%d0%bb%d0%b8\/%d0%b0%d0%bb%d1%8e%d0%bc%d0%b8%d0%bd%d0%b8%d0%b5%d0%b2%d1%8b%d0%b9-%d0%ba%d1%83%d0%b7%d0%be%d0%b2-%d0%b3%d1%80%d1%83%d0%b7%d0%be%d0%b2%d0%be%d0%b3%d0%be-%d0%b0%d0%b2%d1%82%d0%be%d0%bc%d0%be%d0%b1\/","url":"https:\/\/metalpie.com\/ru\/%d0%b0%d0%bb%d1%8e%d0%bc%d0%b8%d0%bd%d0%b8%d0%b5%d0%b2%d1%8b%d0%b5-%d0%b0%d0%b2%d1%82%d0%be%d0%bc%d0%be%d0%b1%d0%b8%d0%bb%d0%b8\/%d0%b0%d0%bb%d1%8e%d0%bc%d0%b8%d0%bd%d0%b8%d0%b5%d0%b2%d1%8b%d0%b9-%d0%ba%d1%83%d0%b7%d0%be%d0%b2-%d0%b3%d1%80%d1%83%d0%b7%d0%be%d0%b2%d0%be%d0%b3%d0%be-%d0%b0%d0%b2%d1%82%d0%be%d0%bc%d0%be%d0%b1\/","name":"Carrozzeria per camion e carrozzeria ad ala in alluminio per l'esposizione di porte e finestre","isPartOf":{"@id":"https:\/\/metalpie.com\/#website"},"datePublished":"2022-12-22T00:41:03+00:00","dateModified":"2023-02-01T08:16:08+00:00","description":"Forniamo varie carrozzerie in alluminio, come le carrozzerie per autocarri a cassone e le carrozzerie ad ala. Forniamo anche un servizio di carrozzerie personalizzate.","breadcrumb":{"@id":"https:\/\/metalpie.com\/ru\/%d0%b0%d0%bb%d1%8e%d0%bc%d0%b8%d0%bd%d0%b8%d0%b5%d0%b2%d1%8b%d0%b5-%d0%b0%d0%b2%d1%82%d0%be%d0%bc%d0%be%d0%b1%d0%b8%d0%bb%d0%b8\/%d0%b0%d0%bb%d1%8e%d0%bc%d0%b8%d0%bd%d0%b8%d0%b5%d0%b2%d1%8b%d0%b9-%d0%ba%d1%83%d0%b7%d0%be%d0%b2-%d0%b3%d1%80%d1%83%d0%b7%d0%be%d0%b2%d0%be%d0%b3%d0%be-%d0%b0%d0%b2%d1%82%d0%be%d0%bc%d0%be%d0%b1\/#breadcrumb"},"inLanguage":"it-IT","potentialAction":[{"@type":"ReadAction","target":["https:\/\/metalpie.com\/ru\/%d0%b0%d0%bb%d1%8e%d0%bc%d0%b8%d0%bd%d0%b8%d0%b5%d0%b2%d1%8b%d0%b5-%d0%b0%d0%b2%d1%82%d0%be%d0%bc%d0%be%d0%b1%d0%b8%d0%bb%d0%b8\/%d0%b0%d0%bb%d1%8e%d0%bc%d0%b8%d0%bd%d0%b8%d0%b5%d0%b2%d1%8b%d0%b9-%d0%ba%d1%83%d0%b7%d0%be%d0%b2-%d0%b3%d1%80%d1%83%d0%b7%d0%be%d0%b2%d0%be%d0%b3%d0%be-%d0%b0%d0%b2%d1%82%d0%be%d0%bc%d0%be%d0%b1\/"]}]},{"@type":"BreadcrumbList","@id":"https:\/\/metalpie.com\/ru\/%d0%b0%d0%bb%d1%8e%d0%bc%d0%b8%d0%bd%d0%b8%d0%b5%d0%b2%d1%8b%d0%b5-%d0%b0%d0%b2%d1%82%d0%be%d0%bc%d0%be%d0%b1%d0%b8%d0%bb%d0%b8\/%d0%b0%d0%bb%d1%8e%d0%bc%d0%b8%d0%bd%d0%b8%d0%b5%d0%b2%d1%8b%d0%b9-%d0%ba%d1%83%d0%b7%d0%be%d0%b2-%d0%b3%d1%80%d1%83%d0%b7%d0%be%d0%b2%d0%be%d0%b3%d0%be-%d0%b0%d0%b2%d1%82%d0%be%d0%bc%d0%be%d0%b1\/#breadcrumb","itemListElement":[{"@type":"ListItem","position":1,"name":"Home","item":"https:\/\/metalpie.com\/"},{"@type":"ListItem","position":2,"name":"Products","item":"https:\/\/metalpie.com\/shop\/"},{"@type":"ListItem","position":3,"name":"Aluminum Truck Body &#038; Cargo Truck Body"}]},{"@type":"WebSite","@id":"https:\/\/metalpie.com\/#website","url":"https:\/\/metalpie.com\/","name":"METALPIE","description":"Fabbricazione di precisione del metallo - Strumenti, processi e altro ancora","potentialAction":[{"@type":"SearchAction","target":{"@type":"EntryPoint","urlTemplate":"https:\/\/metalpie.com\/?s={search_term_string}"},"query-input":"required name=search_term_string"}],"inLanguage":"it-IT"}]}},"_links":{"self":[{"href":"https:\/\/metalpie.com\/it\/wp-json\/wp\/v2\/product\/3314","targetHints":{"allow":["GET"]}}],"collection":[{"href":"https:\/\/metalpie.com\/it\/wp-json\/wp\/v2\/product"}],"about":[{"href":"https:\/\/metalpie.com\/it\/wp-json\/wp\/v2\/types\/product"}],"replies":[{"embeddable":true,"href":"https:\/\/metalpie.com\/it\/wp-json\/wp\/v2\/comments?post=3314"}],"wp:featuredmedia":[{"embeddable":true,"href":"https:\/\/metalpie.com\/it\/wp-json\/wp\/v2\/media\/3315"}],"wp:attachment":[{"href":"https:\/\/metalpie.com\/it\/wp-json\/wp\/v2\/media?parent=3314"}],"wp:term":[{"taxonomy":"product_cat","embeddable":true,"href":"https:\/\/metalpie.com\/it\/wp-json\/wp\/v2\/product_cat?post=3314"}],"curies":[{"name":"wp","href":"https:\/\/api.w.org\/{rel}","templated":true}]}}