{"id":3306,"date":"2022-12-20T13:27:29","date_gmt":"2022-12-20T05:27:29","guid":{"rendered":"https:\/\/metalpie.com\/?post_type=product&#038;p=3306"},"modified":"2023-01-31T15:17:52","modified_gmt":"2023-01-31T07:17:52","slug":"carrozzeria-in-alluminio-per-camion-carrozzeria-ad-ala-per-vetrina-e-porta","status":"publish","type":"product","link":"https:\/\/metalpie.com\/it\/veicoli-in-alluminio\/carrozzeria-in-alluminio-per-camion-carrozzeria-ad-ala-per-vetrina-e-porta\/","title":{"rendered":"Carrozzeria per camion e carrozzeria ad ala in alluminio per l'esposizione di porte e finestre"},"content":{"rendered":"<section class=\"section\" id=\"section_116852471\">\n\t\t<div class=\"bg section-bg fill bg-fill  bg-loaded\" >\n\n\t\t\t\n\t\t\t\n\t\t\t\n\n\t\t<\/div>\n\n\t\t\n\n\t\t<div class=\"section-content relative\">\n\t\t\t\n<div class=\"row\"  id=\"row-1505876476\">\n\n\t<div id=\"col-581126239\" class=\"col small-12 large-12\"  >\n\t\t\t\t<div class=\"col-inner\"  >\n\t\t\t\n\t\t\t\n<h2>Parametro del corpo dell'ala in alluminio<\/h2>\n<table width=\"418\">\n<tbody>\n<tr>\n<td width=\"131\"><strong>Lunghezza esterna<\/strong><\/td>\n<td width=\"127\"><strong>Larghezza esterna<\/strong><\/td>\n<td width=\"160\"><strong>Altezza esterna<\/strong><\/td>\n<\/tr>\n<tr>\n<td width=\"131\">4190<\/td>\n<td width=\"127\">2150<\/td>\n<td width=\"160\">2325<\/td>\n<\/tr>\n<tr>\n<td width=\"131\"><strong>Lunghezza interna<\/strong><\/td>\n<td width=\"127\"><strong>Larghezza interna<\/strong><\/td>\n<td width=\"160\"><strong>Altezza interna<\/strong><\/td>\n<\/tr>\n<tr>\n<td width=\"131\">4140<\/td>\n<td width=\"127\">2100<\/td>\n<td width=\"160\">2100<\/td>\n<\/tr>\n<tr>\n<td width=\"131\"><strong>Porta laterale<\/strong><\/td>\n<td width=\"127\"><strong>Porta posteriore<\/strong><\/td>\n<td width=\"160\"><strong>Protezione posteriore laterale<\/strong><\/td>\n<\/tr>\n<tr>\n<td width=\"131\">Porte laterali sollevabili<\/td>\n<td width=\"127\">Porte posteriori sollevabili<\/td>\n<td width=\"160\">Stile della gonna<\/td>\n<\/tr>\n<tr>\n<td width=\"131\"><strong>Espositore per porte e finestre<\/strong><\/td>\n<td width=\"127\"><strong>Vetrina portacampioni<\/strong><\/td>\n<td width=\"160\"><strong>Armadietto degli attrezzi<\/strong><\/td>\n<\/tr>\n<tr>\n<td width=\"131\">5 pezzi<\/td>\n<td width=\"127\">Quantit\u00e0 opzionale<\/td>\n<td width=\"160\">1set<\/td>\n<\/tr>\n<tr>\n<td width=\"131\"><strong>Peso del corpo della scatola\/kg<\/strong><\/td>\n<td width=\"127\">\u00a0<\/td>\n<td width=\"160\">\u00a0<\/td>\n<\/tr>\n<tr>\n<td width=\"131\">1150<\/td>\n<td width=\"127\">\u00a0<\/td>\n<td>\u00a0<\/td>\n<\/tr>\n<\/tbody>\n<\/table>\n<h2>Descrizione del corpo del camion in alluminio<\/h2>\n<p>La carrozzeria del camion in alluminio \u00e8 una carrozzeria ad ala per l'esposizione di finestre o porte. Le porte laterali e posteriori possono essere sollevate. Una porta laterale viene utilizzata per esporre campioni di finestre in alluminio, mentre l'altra viene utilizzata per esporre porte in alluminio. La carrozzeria in alluminio \u00e8 dotata di pianali con zoccoli, che svolgono un ruolo importante nella protezione laterale e posteriore. La quantit\u00e0 di traliccio nella vetrina \u00e8 opzionale. Se lo desiderate, possiamo regolare la disposizione della vetrina.<\/p>\n<h2>Caratteristiche della carrozzeria in alluminio<\/h2>\n<p>1. Questa carrozzeria in alluminio \u00e8 utilizzata in particolare per esporre campioni di porte e finestre, accessori, strumenti, ecc. Pu\u00f2 essere dotato di armadietti sperimentali, televisori pieghevoli e altre configurazioni in base alle esigenze del cliente.<\/p>\n<p>2. Ampia sezione trasversale del cassone: la larghezza di un singolo cassone \u00e8 aumentata a 600 mm. La nostra piastra di alluminio per camion \u00e8 pi\u00f9 grande di 200-300 mm rispetto alle specifiche comuni del mercato. Il cassone con un minor numero di giunti e una buona rigidit\u00e0 complessiva aumenta efficacemente la capacit\u00e0 antideformativa del cassone e ha una migliore capacit\u00e0 portante.<\/p>\n<p>3. La lunghezza totale della scatola di alluminio \u00e8 di 4,2 metri.<\/p>\n<p>4. Metodo di apertura: sollevamento standard su entrambi i lati e sulla parte posteriore, struttura di ribaltamento complessiva, angolo di ribaltamento \u2265 90\u00b0, supportato da molle a gas, comodo ed efficiente. La parte inferiore \u00e8 progettata con una struttura a recinzione, che pu\u00f2 essere appoggiata in piano per esporre i pezzi di ricambio. Opzionale senza recinzione.<\/p>\n<p>5. Area di esposizione dei ricambi per porte e finestre. <br \/>Sul lato sinistro del carrello \u00e8 presente una vetrina che pu\u00f2 esporre campioni di finestre, accessori per serrature, ecc. Possiamo personalizzare le dimensioni del mobile in base alle esigenze del cliente.<\/p>\n<p>6. Area di visualizzazione della vetrina campione. <br \/>Sul lato destro della carrozzeria in alluminio \u00e8 presente una rastrelliera per porte e finestre, che pu\u00f2 fissare saldamente i campioni di porte e finestre. Allo stesso tempo, la rastrelliera \u00e8 dotata di binari di guida e rulli che salgono e scendono, e qualsiasi oggetto esposto pu\u00f2 essere estratto dalla parte posteriore del carrello per essere osservato attentamente dai clienti.<\/p>\n<p>7. Area dell'armadietto degli attrezzi.<br \/>Pu\u00f2 esporre gli strumenti e gli apparecchi utilizzati per l'installazione di porte e finestre e predisporre il banco di prova per porte e finestre.<\/p>\n\t\t<\/div>\n\t\t\t\t\t<\/div>\n\n\t\n<\/div>\n\t\t<\/div>\n\n\t\t\n<style>\n#section_116852471 {\n  padding-top: 30px;\n  padding-bottom: 30px;\n}\n<\/style>\n\t<\/section>","protected":false},"excerpt":{"rendered":"<p>Il corpo dell'ala \u00e8 costruito interamente in alluminio ad alte prestazioni. \u00c8 robusto e durevole. Offriamo la possibilit\u00e0 di personalizzare le specifiche in base alle vostre esigenze.<\/p>","protected":false},"featured_media":3308,"comment_status":"closed","ping_status":"closed","template":"","meta":[],"product_cat":[98],"class_list":["post-3306","product","type-product","status-publish","has-post-thumbnail","hentry","product_cat-aluminum-vehicles"],"yoast_head":"<!-- This site is optimized with the Yoast SEO plugin v21.5 - https:\/\/yoast.com\/wordpress\/plugins\/seo\/ -->\n<title>Aluminum Truck Body &amp; Wing Body for Window and Door Display<\/title>\n<meta name=\"description\" content=\"We provide various aluminum truck bodies, such as box truck bodies and wing bodies. We also deliver custom truck body service.\" \/>\n<meta name=\"robots\" content=\"index, follow, max-snippet:-1, max-image-preview:large, max-video-preview:-1\" \/>\n<link rel=\"canonical\" href=\"https:\/\/metalpie.com\/it\/veicoli-in-alluminio\/carrozzeria-in-alluminio-per-camion-carrozzeria-ad-ala-per-vetrina-e-porta\/\" \/>\n<meta property=\"og:locale\" content=\"it_IT\" \/>\n<meta property=\"og:type\" content=\"article\" \/>\n<meta property=\"og:title\" content=\"Aluminum Truck Body &amp; Wing Body for Window and Door Display\" \/>\n<meta property=\"og:description\" content=\"We provide various aluminum truck bodies, such as box truck bodies and wing bodies. We also deliver custom truck body service.\" \/>\n<meta property=\"og:url\" content=\"https:\/\/metalpie.com\/it\/veicoli-in-alluminio\/carrozzeria-in-alluminio-per-camion-carrozzeria-ad-ala-per-vetrina-e-porta\/\" \/>\n<meta property=\"og:site_name\" content=\"METALPIE\" \/>\n<meta property=\"article:modified_time\" content=\"2023-01-31T07:17:52+00:00\" \/>\n<meta property=\"og:image\" content=\"https:\/\/metalpie.com\/wp-content\/uploads\/2022\/12\/aluminum_box_truck_body_new-1.webp\" \/>\n\t<meta property=\"og:image:width\" content=\"1000\" \/>\n\t<meta property=\"og:image:height\" content=\"750\" \/>\n\t<meta property=\"og:image:type\" content=\"image\/webp\" \/>\n<meta name=\"twitter:card\" content=\"summary_large_image\" \/>\n<meta name=\"twitter:label1\" content=\"Tempo di lettura stimato\" \/>\n\t<meta name=\"twitter:data1\" content=\"2 minuti\" \/>\n<script type=\"application\/ld+json\" class=\"yoast-schema-graph\">{\"@context\":\"https:\/\/schema.org\",\"@graph\":[{\"@type\":\"WebPage\",\"@id\":\"https:\/\/metalpie.com\/ru\/%d0%b0%d0%bb%d1%8e%d0%bc%d0%b8%d0%bd%d0%b8%d0%b5%d0%b2%d1%8b%d0%b5-%d0%b0%d0%b2%d1%82%d0%be%d0%bc%d0%be%d0%b1%d0%b8%d0%bb%d0%b8\/%d0%b0%d0%bb%d1%8e%d0%bc%d0%b8%d0%bd%d0%b8%d0%b5%d0%b2%d1%8b%d0%b9-%d0%ba%d1%83%d0%b7%d0%be%d0%b2-%d0%b3%d1%80%d1%83%d0%b7%d0%be%d0%b2%d0%b8%d0%ba%d0%b0-%d1%81-%d0%ba%d1%80%d1%8b%d0%bb%d1%8c%d1%8f\/\",\"url\":\"https:\/\/metalpie.com\/ru\/%d0%b0%d0%bb%d1%8e%d0%bc%d0%b8%d0%bd%d0%b8%d0%b5%d0%b2%d1%8b%d0%b5-%d0%b0%d0%b2%d1%82%d0%be%d0%bc%d0%be%d0%b1%d0%b8%d0%bb%d0%b8\/%d0%b0%d0%bb%d1%8e%d0%bc%d0%b8%d0%bd%d0%b8%d0%b5%d0%b2%d1%8b%d0%b9-%d0%ba%d1%83%d0%b7%d0%be%d0%b2-%d0%b3%d1%80%d1%83%d0%b7%d0%be%d0%b2%d0%b8%d0%ba%d0%b0-%d1%81-%d0%ba%d1%80%d1%8b%d0%bb%d1%8c%d1%8f\/\",\"name\":\"Aluminum Truck Body & Wing Body for Window and Door Display\",\"isPartOf\":{\"@id\":\"https:\/\/metalpie.com\/#website\"},\"datePublished\":\"2022-12-20T05:27:29+00:00\",\"dateModified\":\"2023-01-31T07:17:52+00:00\",\"description\":\"We provide various aluminum truck bodies, such as box truck bodies and wing bodies. We also deliver custom truck body service.\",\"breadcrumb\":{\"@id\":\"https:\/\/metalpie.com\/ru\/%d0%b0%d0%bb%d1%8e%d0%bc%d0%b8%d0%bd%d0%b8%d0%b5%d0%b2%d1%8b%d0%b5-%d0%b0%d0%b2%d1%82%d0%be%d0%bc%d0%be%d0%b1%d0%b8%d0%bb%d0%b8\/%d0%b0%d0%bb%d1%8e%d0%bc%d0%b8%d0%bd%d0%b8%d0%b5%d0%b2%d1%8b%d0%b9-%d0%ba%d1%83%d0%b7%d0%be%d0%b2-%d0%b3%d1%80%d1%83%d0%b7%d0%be%d0%b2%d0%b8%d0%ba%d0%b0-%d1%81-%d0%ba%d1%80%d1%8b%d0%bb%d1%8c%d1%8f\/#breadcrumb\"},\"inLanguage\":\"it-IT\",\"potentialAction\":[{\"@type\":\"ReadAction\",\"target\":[\"https:\/\/metalpie.com\/ru\/%d0%b0%d0%bb%d1%8e%d0%bc%d0%b8%d0%bd%d0%b8%d0%b5%d0%b2%d1%8b%d0%b5-%d0%b0%d0%b2%d1%82%d0%be%d0%bc%d0%be%d0%b1%d0%b8%d0%bb%d0%b8\/%d0%b0%d0%bb%d1%8e%d0%bc%d0%b8%d0%bd%d0%b8%d0%b5%d0%b2%d1%8b%d0%b9-%d0%ba%d1%83%d0%b7%d0%be%d0%b2-%d0%b3%d1%80%d1%83%d0%b7%d0%be%d0%b2%d0%b8%d0%ba%d0%b0-%d1%81-%d0%ba%d1%80%d1%8b%d0%bb%d1%8c%d1%8f\/\"]}]},{\"@type\":\"BreadcrumbList\",\"@id\":\"https:\/\/metalpie.com\/ru\/%d0%b0%d0%bb%d1%8e%d0%bc%d0%b8%d0%bd%d0%b8%d0%b5%d0%b2%d1%8b%d0%b5-%d0%b0%d0%b2%d1%82%d0%be%d0%bc%d0%be%d0%b1%d0%b8%d0%bb%d0%b8\/%d0%b0%d0%bb%d1%8e%d0%bc%d0%b8%d0%bd%d0%b8%d0%b5%d0%b2%d1%8b%d0%b9-%d0%ba%d1%83%d0%b7%d0%be%d0%b2-%d0%b3%d1%80%d1%83%d0%b7%d0%be%d0%b2%d0%b8%d0%ba%d0%b0-%d1%81-%d0%ba%d1%80%d1%8b%d0%bb%d1%8c%d1%8f\/#breadcrumb\",\"itemListElement\":[{\"@type\":\"ListItem\",\"position\":1,\"name\":\"Home\",\"item\":\"https:\/\/metalpie.com\/\"},{\"@type\":\"ListItem\",\"position\":2,\"name\":\"Products\",\"item\":\"https:\/\/metalpie.com\/shop\/\"},{\"@type\":\"ListItem\",\"position\":3,\"name\":\"Aluminum Truck Body &#038; Wing Body for Window and Door Display\"}]},{\"@type\":\"WebSite\",\"@id\":\"https:\/\/metalpie.com\/#website\",\"url\":\"https:\/\/metalpie.com\/\",\"name\":\"METALPIE\",\"description\":\"Precision Metal Fabrication | Tools, Processes &amp; More\",\"potentialAction\":[{\"@type\":\"SearchAction\",\"target\":{\"@type\":\"EntryPoint\",\"urlTemplate\":\"https:\/\/metalpie.com\/?s={search_term_string}\"},\"query-input\":\"required name=search_term_string\"}],\"inLanguage\":\"it-IT\"}]}<\/script>\n<!-- \/ Yoast SEO plugin. -->","yoast_head_json":{"title":"Carrozzeria per camion e carrozzeria ad ala in alluminio per l'esposizione di porte e finestre","description":"Forniamo varie carrozzerie in alluminio, come le carrozzerie per autocarri a cassone e le carrozzerie ad ala. Forniamo anche un servizio di carrozzerie personalizzate.","robots":{"index":"index","follow":"follow","max-snippet":"max-snippet:-1","max-image-preview":"max-image-preview:large","max-video-preview":"max-video-preview:-1"},"canonical":"https:\/\/metalpie.com\/it\/veicoli-in-alluminio\/carrozzeria-in-alluminio-per-camion-carrozzeria-ad-ala-per-vetrina-e-porta\/","og_locale":"it_IT","og_type":"article","og_title":"Aluminum Truck Body & Wing Body for Window and Door Display","og_description":"We provide various aluminum truck bodies, such as box truck bodies and wing bodies. We also deliver custom truck body service.","og_url":"https:\/\/metalpie.com\/it\/veicoli-in-alluminio\/carrozzeria-in-alluminio-per-camion-carrozzeria-ad-ala-per-vetrina-e-porta\/","og_site_name":"METALPIE","article_modified_time":"2023-01-31T07:17:52+00:00","og_image":[{"width":1000,"height":750,"url":"https:\/\/metalpie.com\/wp-content\/uploads\/2022\/12\/aluminum_box_truck_body_new-1.webp","type":"image\/webp"}],"twitter_card":"summary_large_image","twitter_misc":{"Tempo di lettura stimato":"2 minuti"},"schema":{"@context":"https:\/\/schema.org","@graph":[{"@type":"WebPage","@id":"https:\/\/metalpie.com\/ru\/%d0%b0%d0%bb%d1%8e%d0%bc%d0%b8%d0%bd%d0%b8%d0%b5%d0%b2%d1%8b%d0%b5-%d0%b0%d0%b2%d1%82%d0%be%d0%bc%d0%be%d0%b1%d0%b8%d0%bb%d0%b8\/%d0%b0%d0%bb%d1%8e%d0%bc%d0%b8%d0%bd%d0%b8%d0%b5%d0%b2%d1%8b%d0%b9-%d0%ba%d1%83%d0%b7%d0%be%d0%b2-%d0%b3%d1%80%d1%83%d0%b7%d0%be%d0%b2%d0%b8%d0%ba%d0%b0-%d1%81-%d0%ba%d1%80%d1%8b%d0%bb%d1%8c%d1%8f\/","url":"https:\/\/metalpie.com\/ru\/%d0%b0%d0%bb%d1%8e%d0%bc%d0%b8%d0%bd%d0%b8%d0%b5%d0%b2%d1%8b%d0%b5-%d0%b0%d0%b2%d1%82%d0%be%d0%bc%d0%be%d0%b1%d0%b8%d0%bb%d0%b8\/%d0%b0%d0%bb%d1%8e%d0%bc%d0%b8%d0%bd%d0%b8%d0%b5%d0%b2%d1%8b%d0%b9-%d0%ba%d1%83%d0%b7%d0%be%d0%b2-%d0%b3%d1%80%d1%83%d0%b7%d0%be%d0%b2%d0%b8%d0%ba%d0%b0-%d1%81-%d0%ba%d1%80%d1%8b%d0%bb%d1%8c%d1%8f\/","name":"Carrozzeria per camion e carrozzeria ad ala in alluminio per l'esposizione di porte e finestre","isPartOf":{"@id":"https:\/\/metalpie.com\/#website"},"datePublished":"2022-12-20T05:27:29+00:00","dateModified":"2023-01-31T07:17:52+00:00","description":"Forniamo varie carrozzerie in alluminio, come le carrozzerie per autocarri a cassone e le carrozzerie ad ala. Forniamo anche un servizio di carrozzerie personalizzate.","breadcrumb":{"@id":"https:\/\/metalpie.com\/ru\/%d0%b0%d0%bb%d1%8e%d0%bc%d0%b8%d0%bd%d0%b8%d0%b5%d0%b2%d1%8b%d0%b5-%d0%b0%d0%b2%d1%82%d0%be%d0%bc%d0%be%d0%b1%d0%b8%d0%bb%d0%b8\/%d0%b0%d0%bb%d1%8e%d0%bc%d0%b8%d0%bd%d0%b8%d0%b5%d0%b2%d1%8b%d0%b9-%d0%ba%d1%83%d0%b7%d0%be%d0%b2-%d0%b3%d1%80%d1%83%d0%b7%d0%be%d0%b2%d0%b8%d0%ba%d0%b0-%d1%81-%d0%ba%d1%80%d1%8b%d0%bb%d1%8c%d1%8f\/#breadcrumb"},"inLanguage":"it-IT","potentialAction":[{"@type":"ReadAction","target":["https:\/\/metalpie.com\/ru\/%d0%b0%d0%bb%d1%8e%d0%bc%d0%b8%d0%bd%d0%b8%d0%b5%d0%b2%d1%8b%d0%b5-%d0%b0%d0%b2%d1%82%d0%be%d0%bc%d0%be%d0%b1%d0%b8%d0%bb%d0%b8\/%d0%b0%d0%bb%d1%8e%d0%bc%d0%b8%d0%bd%d0%b8%d0%b5%d0%b2%d1%8b%d0%b9-%d0%ba%d1%83%d0%b7%d0%be%d0%b2-%d0%b3%d1%80%d1%83%d0%b7%d0%be%d0%b2%d0%b8%d0%ba%d0%b0-%d1%81-%d0%ba%d1%80%d1%8b%d0%bb%d1%8c%d1%8f\/"]}]},{"@type":"BreadcrumbList","@id":"https:\/\/metalpie.com\/ru\/%d0%b0%d0%bb%d1%8e%d0%bc%d0%b8%d0%bd%d0%b8%d0%b5%d0%b2%d1%8b%d0%b5-%d0%b0%d0%b2%d1%82%d0%be%d0%bc%d0%be%d0%b1%d0%b8%d0%bb%d0%b8\/%d0%b0%d0%bb%d1%8e%d0%bc%d0%b8%d0%bd%d0%b8%d0%b5%d0%b2%d1%8b%d0%b9-%d0%ba%d1%83%d0%b7%d0%be%d0%b2-%d0%b3%d1%80%d1%83%d0%b7%d0%be%d0%b2%d0%b8%d0%ba%d0%b0-%d1%81-%d0%ba%d1%80%d1%8b%d0%bb%d1%8c%d1%8f\/#breadcrumb","itemListElement":[{"@type":"ListItem","position":1,"name":"Home","item":"https:\/\/metalpie.com\/"},{"@type":"ListItem","position":2,"name":"Products","item":"https:\/\/metalpie.com\/shop\/"},{"@type":"ListItem","position":3,"name":"Aluminum Truck Body &#038; Wing Body for Window and Door Display"}]},{"@type":"WebSite","@id":"https:\/\/metalpie.com\/#website","url":"https:\/\/metalpie.com\/","name":"METALPIE","description":"Fabbricazione di precisione del metallo - Strumenti, processi e altro ancora","potentialAction":[{"@type":"SearchAction","target":{"@type":"EntryPoint","urlTemplate":"https:\/\/metalpie.com\/?s={search_term_string}"},"query-input":"required name=search_term_string"}],"inLanguage":"it-IT"}]}},"_links":{"self":[{"href":"https:\/\/metalpie.com\/it\/wp-json\/wp\/v2\/product\/3306","targetHints":{"allow":["GET"]}}],"collection":[{"href":"https:\/\/metalpie.com\/it\/wp-json\/wp\/v2\/product"}],"about":[{"href":"https:\/\/metalpie.com\/it\/wp-json\/wp\/v2\/types\/product"}],"replies":[{"embeddable":true,"href":"https:\/\/metalpie.com\/it\/wp-json\/wp\/v2\/comments?post=3306"}],"wp:featuredmedia":[{"embeddable":true,"href":"https:\/\/metalpie.com\/it\/wp-json\/wp\/v2\/media\/3308"}],"wp:attachment":[{"href":"https:\/\/metalpie.com\/it\/wp-json\/wp\/v2\/media?parent=3306"}],"wp:term":[{"taxonomy":"product_cat","embeddable":true,"href":"https:\/\/metalpie.com\/it\/wp-json\/wp\/v2\/product_cat?post=3306"}],"curies":[{"name":"wp","href":"https:\/\/api.w.org\/{rel}","templated":true}]}}