{"id":3229,"date":"2022-12-20T10:30:52","date_gmt":"2022-12-20T02:30:52","guid":{"rendered":"https:\/\/metalpie.com\/?post_type=product&#038;p=3229"},"modified":"2023-01-31T15:02:37","modified_gmt":"2023-01-31T07:02:37","slug":"carrozzerie-per-autocarri-in-alluminio","status":"publish","type":"product","link":"https:\/\/metalpie.com\/it\/veicoli-in-alluminio\/carrozzerie-per-autocarri-in-alluminio\/","title":{"rendered":"Carrozzeria in alluminio per autocarri a cassone"},"content":{"rendered":"<section class=\"section\" id=\"section_1204274006\">\n\t\t<div class=\"bg section-bg fill bg-fill  bg-loaded\" >\n\n\t\t\t\n\t\t\t\n\t\t\t\n\n\t\t<\/div>\n\n\t\t\n\n\t\t<div class=\"section-content relative\">\n\t\t\t\n<div class=\"row\"  id=\"row-772087336\">\n\n\t<div id=\"col-1733233997\" class=\"col small-12 large-12\"  >\n\t\t\t\t<div class=\"col-inner\"  >\n\t\t\t\n\t\t\t\n<h2>Parametro del corpo del camion di scatola in alluminio<\/h2>\n<table style=\"border-collapse: collapse; width: 729.02pt;\" border=\"0\" width=\"972\" cellspacing=\"0\" cellpadding=\"0\">\n<tbody>\n<tr style=\"height: 20.25pt;\">\n<td class=\"et2\" style=\"height: 20.25pt; width: 298.50pt;\" width=\"398\" height=\"27\"><strong>Lunghezza esterna<\/strong><\/td>\n<td class=\"et2\" style=\"width: 215.25pt;\" width=\"287\"><strong>Larghezza esterna<\/strong><\/td>\n<td class=\"et2\" style=\"width: 215.25pt;\" width=\"287\"><strong>Altezza esterna<\/strong><\/td>\n<\/tr>\n<tr style=\"height: 20.25pt;\">\n<td class=\"et6\" style=\"height: 20.25pt;\" height=\"27\">4190<\/td>\n<td class=\"et6\">2150<\/td>\n<td class=\"et6\">2325<\/td>\n<\/tr>\n<tr style=\"height: 20.25pt;\">\n<td class=\"et2\" style=\"height: 20.25pt;\" height=\"27\"><strong>Lunghezza interna<\/strong><\/td>\n<td class=\"et2\"><strong>Larghezza interna<\/strong><\/td>\n<td class=\"et2\"><strong>Altezza interna<\/strong><\/td>\n<\/tr>\n<tr style=\"height: 20.25pt;\">\n<td class=\"et6\" style=\"height: 20.25pt;\" height=\"27\">4140<\/td>\n<td class=\"et6\">2100<\/td>\n<td class=\"et6\">2100<\/td>\n<\/tr>\n<tr style=\"height: 20.25pt;\">\n<td class=\"et2\" style=\"height: 20.25pt;\" height=\"27\"><strong>Spessore dei pannelli laterali<\/strong><\/td>\n<td class=\"et2\"><strong>Spessore del pannello Dool<\/strong><\/td>\n<td class=\"et2\"><strong>Piastra inferiore<\/strong><\/td>\n<\/tr>\n<tr style=\"height: 20.25pt;\">\n<td class=\"et6\" style=\"height: 20.25pt;\" height=\"27\">20<\/td>\n<td class=\"et6\">20<\/td>\n<td class=\"et6\">Profili in alluminio<\/td>\n<\/tr>\n<tr style=\"height: 20.25pt;\">\n<td class=\"et2\" style=\"height: 20.25pt;\" height=\"27\"><strong>Porta laterale<\/strong><\/td>\n<td class=\"et2\"><strong>Porta posteriore<\/strong><\/td>\n<td class=\"et2\"><strong>Serrature<\/strong><\/td>\n<\/tr>\n<tr style=\"height: 20.25pt;\">\n<td class=\"et2\" style=\"height: 20.25pt;\" height=\"27\">Apertura a doppio pannello sul lato destro<\/td>\n<td class=\"et2\">Apertura a doppio pannello<\/td>\n<td class=\"et2\">Zincato<\/td>\n<\/tr>\n<tr style=\"height: 20.25pt;\">\n<td class=\"et2\" style=\"height: 20.25pt;\" height=\"27\"><strong>Peso del corpo della scatola<\/strong><\/td>\n<td class=\"et2\"><strong>Capacit\u00e0 massima<\/strong><\/td>\n<td class=\"et2\"><strong>Carico di progetto<\/strong><\/td>\n<\/tr>\n<tr style=\"height: 20.25pt;\">\n<td class=\"et2\" style=\"height: 20.25pt;\" height=\"27\">430 kg<\/td>\n<td class=\"et2\">18,2 metri cubi<\/td>\n<td class=\"et2\">5t<\/td>\n<\/tr>\n<\/tbody>\n<\/table>\n\t\t<\/div>\n\t\t\t\t\t<\/div>\n\n\t\n<\/div>\n\t\t<\/div>\n\n\t\t\n<style>\n#section_1204274006 {\n  padding-top: 30px;\n  padding-bottom: 30px;\n}\n<\/style>\n\t<\/section>\n\t\n\t<section class=\"section\" id=\"section_957794798\">\n\t\t<div class=\"bg section-bg fill bg-fill  bg-loaded\" >\n\n\t\t\t\n\t\t\t\n\t\t\t\n\n\t\t<\/div>\n\n\t\t\n\n\t\t<div class=\"section-content relative\">\n\t\t\t\n<div class=\"row\"  id=\"row-1647602442\">\n\n\t<div id=\"col-1082201712\" class=\"col small-12 large-12\"  >\n\t\t\t\t<div class=\"col-inner\"  >\n\t\t\t\n\t\t\t\n<h2>Descrizione<\/h2>\n<p>Huajian \u00e8 uno dei principali produttori di carrozzerie in alluminio del mondo. La nostra sede si trova nella contea di Linqu, che dispone di materiali in alluminio abbondanti e di alta qualit\u00e0. Le carrozzerie prodotte dalla nostra azienda utilizzano robusti profili in alluminio. Lavorati con tecniche speciali, i cassoni in alluminio sono leggeri e resistenti alla corrosione. Allo stesso tempo, contribuiscono a ridurre il peso del camion. <br \/>Questo tipo di cassone \u00e8 disponibile in diversi colori. Basta comunicarci le vostre esigenze e vi forniremo carrozzerie in alluminio personalizzate perfette per voi.<\/p>\n\t\t<\/div>\n\t\t\t\t\t<\/div>\n\n\t\n<\/div>\n\t\t<\/div>\n\n\t\t\n<style>\n#section_957794798 {\n  padding-top: 30px;\n  padding-bottom: 30px;\n}\n<\/style>\n\t<\/section>\n\t\n\t<section class=\"section\" id=\"section_127661516\">\n\t\t<div class=\"bg section-bg fill bg-fill  bg-loaded\" >\n\n\t\t\t\n\t\t\t\n\t\t\t\n\n\t\t<\/div>\n\n\t\t\n\n\t\t<div class=\"section-content relative\">\n\t\t\t\n<div class=\"row\"  id=\"row-1573556673\">\n\n\t<div id=\"col-1888556431\" class=\"col small-12 large-12\"  >\n\t\t\t\t<div class=\"col-inner\"  >\n\t\t\t\n\t\t\t\n<h2>Caratteristiche<\/h2>\n<p>1. La carrozzeria del furgone in alluminio \u00e8 realizzata con profili in alluminio ad alta resistenza di nostra produzione. Adotta la rivettatura, la saldatura e l'avvitamento come metodi principali per collegare la maggior parte delle parti. E utilizza il metodo di incollaggio per collegare le altre parti. La sua struttura rende facile l'assemblaggio e la manutenzione.<br \/>2. La piastra inferiore utilizza una struttura assemblata di profili in alluminio. Ha una buona resistenza ed \u00e8 facile da assemblare.<br \/>3. Le colonne, le travi laterali e altre strutture sono progettate come strutture a forma di arco, pi\u00f9 belle e con minore resistenza al vento;<br \/>4. Piastra di coda in lega di alluminio opzionale. La dimensione della piastra di coda \u00e8 di 2100*1630. La parte superiore della piastra di coda \u00e8 dotata di una porta a ribalta, comoda per il carico e lo scarico.<\/p>\n\t\t<\/div>\n\t\t\t\t\t<\/div>\n\n\t\n<\/div>\n\t\t<\/div>\n\n\t\t\n<style>\n#section_127661516 {\n  padding-top: 30px;\n  padding-bottom: 30px;\n}\n<\/style>\n\t<\/section>","protected":false},"excerpt":{"rendered":"<p>Questo cassone ha un'ampia gamma di applicazioni. Pu\u00f2 essere utilizzato per consegnare molti tipi di merci, come pacchi, prodotti medici, generi alimentari, ecc. Per realizzare questo cassone in alluminio utilizziamo materiali resistenti in alluminio. Ha una struttura robusta ed \u00e8 facile da assemblare e mantenere. Le dimensioni sono opzionali. Supportiamo carrozzerie personalizzate. Se avete domande, non esitate a mettervi in contatto con noi!<\/p>","protected":false},"featured_media":3256,"comment_status":"closed","ping_status":"closed","template":"","meta":[],"product_cat":[98],"class_list":["post-3229","product","type-product","status-publish","has-post-thumbnail","hentry","product_cat-aluminum-vehicles"],"yoast_head":"<!-- This site is optimized with the Yoast SEO plugin v21.5 - https:\/\/yoast.com\/wordpress\/plugins\/seo\/ -->\n<title>Aluminum Box Truck Body | Aluminum Truck Bodies for Sale<\/title>\n<meta name=\"description\" content=\"Hualv aluminum box truck body is of good quality. It is popular among clients due to its high quality, competitive rate, and custom size.\" \/>\n<meta name=\"robots\" content=\"index, follow, max-snippet:-1, max-image-preview:large, max-video-preview:-1\" \/>\n<link rel=\"canonical\" href=\"https:\/\/metalpie.com\/it\/veicoli-in-alluminio\/carrozzerie-per-autocarri-in-alluminio\/\" \/>\n<meta property=\"og:locale\" content=\"it_IT\" \/>\n<meta property=\"og:type\" content=\"article\" \/>\n<meta property=\"og:title\" content=\"Aluminum Box Truck Body | Aluminum Truck Bodies for Sale\" \/>\n<meta property=\"og:description\" content=\"Hualv aluminum box truck body is of good quality. It is popular among clients due to its high quality, competitive rate, and custom size.\" \/>\n<meta property=\"og:url\" content=\"https:\/\/metalpie.com\/it\/veicoli-in-alluminio\/carrozzerie-per-autocarri-in-alluminio\/\" \/>\n<meta property=\"og:site_name\" content=\"METALPIE\" \/>\n<meta property=\"article:modified_time\" content=\"2023-01-31T07:02:37+00:00\" \/>\n<meta property=\"og:image\" content=\"https:\/\/metalpie.com\/wp-content\/uploads\/2022\/12\/Aluminum_Truck_Bodies_new.webp\" \/>\n\t<meta property=\"og:image:width\" content=\"1000\" \/>\n\t<meta property=\"og:image:height\" content=\"750\" \/>\n\t<meta property=\"og:image:type\" content=\"image\/webp\" \/>\n<meta name=\"twitter:card\" content=\"summary_large_image\" \/>\n<meta name=\"twitter:label1\" content=\"Tempo di lettura stimato\" \/>\n\t<meta name=\"twitter:data1\" content=\"1 minuto\" \/>\n<script type=\"application\/ld+json\" class=\"yoast-schema-graph\">{\"@context\":\"https:\/\/schema.org\",\"@graph\":[{\"@type\":\"WebPage\",\"@id\":\"https:\/\/metalpie.com\/ru\/%d0%b0%d0%bb%d1%8e%d0%bc%d0%b8%d0%bd%d0%b8%d0%b5%d0%b2%d1%8b%d0%b5-%d0%b0%d0%b2%d1%82%d0%be%d0%bc%d0%be%d0%b1%d0%b8%d0%bb%d0%b8\/%d0%b0%d0%bb%d1%8e%d0%bc%d0%b8%d0%bd%d0%b8%d0%b5%d0%b2%d1%8b%d0%b5-%d0%ba%d1%83%d0%b7%d0%be%d0%b2%d0%b0-%d0%b3%d1%80%d1%83%d0%b7%d0%be%d0%b2%d0%b8%d0%ba%d0%be%d0%b2\/\",\"url\":\"https:\/\/metalpie.com\/ru\/%d0%b0%d0%bb%d1%8e%d0%bc%d0%b8%d0%bd%d0%b8%d0%b5%d0%b2%d1%8b%d0%b5-%d0%b0%d0%b2%d1%82%d0%be%d0%bc%d0%be%d0%b1%d0%b8%d0%bb%d0%b8\/%d0%b0%d0%bb%d1%8e%d0%bc%d0%b8%d0%bd%d0%b8%d0%b5%d0%b2%d1%8b%d0%b5-%d0%ba%d1%83%d0%b7%d0%be%d0%b2%d0%b0-%d0%b3%d1%80%d1%83%d0%b7%d0%be%d0%b2%d0%b8%d0%ba%d0%be%d0%b2\/\",\"name\":\"Aluminum Box Truck Body | Aluminum Truck Bodies for Sale\",\"isPartOf\":{\"@id\":\"https:\/\/metalpie.com\/#website\"},\"datePublished\":\"2022-12-20T02:30:52+00:00\",\"dateModified\":\"2023-01-31T07:02:37+00:00\",\"description\":\"Hualv aluminum box truck body is of good quality. It is popular among clients due to its high quality, competitive rate, and custom size.\",\"breadcrumb\":{\"@id\":\"https:\/\/metalpie.com\/ru\/%d0%b0%d0%bb%d1%8e%d0%bc%d0%b8%d0%bd%d0%b8%d0%b5%d0%b2%d1%8b%d0%b5-%d0%b0%d0%b2%d1%82%d0%be%d0%bc%d0%be%d0%b1%d0%b8%d0%bb%d0%b8\/%d0%b0%d0%bb%d1%8e%d0%bc%d0%b8%d0%bd%d0%b8%d0%b5%d0%b2%d1%8b%d0%b5-%d0%ba%d1%83%d0%b7%d0%be%d0%b2%d0%b0-%d0%b3%d1%80%d1%83%d0%b7%d0%be%d0%b2%d0%b8%d0%ba%d0%be%d0%b2\/#breadcrumb\"},\"inLanguage\":\"it-IT\",\"potentialAction\":[{\"@type\":\"ReadAction\",\"target\":[\"https:\/\/metalpie.com\/ru\/%d0%b0%d0%bb%d1%8e%d0%bc%d0%b8%d0%bd%d0%b8%d0%b5%d0%b2%d1%8b%d0%b5-%d0%b0%d0%b2%d1%82%d0%be%d0%bc%d0%be%d0%b1%d0%b8%d0%bb%d0%b8\/%d0%b0%d0%bb%d1%8e%d0%bc%d0%b8%d0%bd%d0%b8%d0%b5%d0%b2%d1%8b%d0%b5-%d0%ba%d1%83%d0%b7%d0%be%d0%b2%d0%b0-%d0%b3%d1%80%d1%83%d0%b7%d0%be%d0%b2%d0%b8%d0%ba%d0%be%d0%b2\/\"]}]},{\"@type\":\"BreadcrumbList\",\"@id\":\"https:\/\/metalpie.com\/ru\/%d0%b0%d0%bb%d1%8e%d0%bc%d0%b8%d0%bd%d0%b8%d0%b5%d0%b2%d1%8b%d0%b5-%d0%b0%d0%b2%d1%82%d0%be%d0%bc%d0%be%d0%b1%d0%b8%d0%bb%d0%b8\/%d0%b0%d0%bb%d1%8e%d0%bc%d0%b8%d0%bd%d0%b8%d0%b5%d0%b2%d1%8b%d0%b5-%d0%ba%d1%83%d0%b7%d0%be%d0%b2%d0%b0-%d0%b3%d1%80%d1%83%d0%b7%d0%be%d0%b2%d0%b8%d0%ba%d0%be%d0%b2\/#breadcrumb\",\"itemListElement\":[{\"@type\":\"ListItem\",\"position\":1,\"name\":\"Home\",\"item\":\"https:\/\/metalpie.com\/\"},{\"@type\":\"ListItem\",\"position\":2,\"name\":\"Products\",\"item\":\"https:\/\/metalpie.com\/shop\/\"},{\"@type\":\"ListItem\",\"position\":3,\"name\":\"Aluminum Box Truck Body\"}]},{\"@type\":\"WebSite\",\"@id\":\"https:\/\/metalpie.com\/#website\",\"url\":\"https:\/\/metalpie.com\/\",\"name\":\"METALPIE\",\"description\":\"Precision Metal Fabrication | Tools, Processes &amp; More\",\"potentialAction\":[{\"@type\":\"SearchAction\",\"target\":{\"@type\":\"EntryPoint\",\"urlTemplate\":\"https:\/\/metalpie.com\/?s={search_term_string}\"},\"query-input\":\"required name=search_term_string\"}],\"inLanguage\":\"it-IT\"}]}<\/script>\n<!-- \/ Yoast SEO plugin. -->","yoast_head_json":{"title":"Cassone in alluminio per autocarri e cassoni in alluminio in vendita","description":"Il cassone in alluminio di Hualv \u00e8 di buona qualit\u00e0. \u00c8 popolare tra i clienti grazie alla sua alta qualit\u00e0, al prezzo competitivo e alle dimensioni personalizzate.","robots":{"index":"index","follow":"follow","max-snippet":"max-snippet:-1","max-image-preview":"max-image-preview:large","max-video-preview":"max-video-preview:-1"},"canonical":"https:\/\/metalpie.com\/it\/veicoli-in-alluminio\/carrozzerie-per-autocarri-in-alluminio\/","og_locale":"it_IT","og_type":"article","og_title":"Aluminum Box Truck Body | Aluminum Truck Bodies for Sale","og_description":"Hualv aluminum box truck body is of good quality. It is popular among clients due to its high quality, competitive rate, and custom size.","og_url":"https:\/\/metalpie.com\/it\/veicoli-in-alluminio\/carrozzerie-per-autocarri-in-alluminio\/","og_site_name":"METALPIE","article_modified_time":"2023-01-31T07:02:37+00:00","og_image":[{"width":1000,"height":750,"url":"https:\/\/metalpie.com\/wp-content\/uploads\/2022\/12\/Aluminum_Truck_Bodies_new.webp","type":"image\/webp"}],"twitter_card":"summary_large_image","twitter_misc":{"Tempo di lettura stimato":"1 minuto"},"schema":{"@context":"https:\/\/schema.org","@graph":[{"@type":"WebPage","@id":"https:\/\/metalpie.com\/ru\/%d0%b0%d0%bb%d1%8e%d0%bc%d0%b8%d0%bd%d0%b8%d0%b5%d0%b2%d1%8b%d0%b5-%d0%b0%d0%b2%d1%82%d0%be%d0%bc%d0%be%d0%b1%d0%b8%d0%bb%d0%b8\/%d0%b0%d0%bb%d1%8e%d0%bc%d0%b8%d0%bd%d0%b8%d0%b5%d0%b2%d1%8b%d0%b5-%d0%ba%d1%83%d0%b7%d0%be%d0%b2%d0%b0-%d0%b3%d1%80%d1%83%d0%b7%d0%be%d0%b2%d0%b8%d0%ba%d0%be%d0%b2\/","url":"https:\/\/metalpie.com\/ru\/%d0%b0%d0%bb%d1%8e%d0%bc%d0%b8%d0%bd%d0%b8%d0%b5%d0%b2%d1%8b%d0%b5-%d0%b0%d0%b2%d1%82%d0%be%d0%bc%d0%be%d0%b1%d0%b8%d0%bb%d0%b8\/%d0%b0%d0%bb%d1%8e%d0%bc%d0%b8%d0%bd%d0%b8%d0%b5%d0%b2%d1%8b%d0%b5-%d0%ba%d1%83%d0%b7%d0%be%d0%b2%d0%b0-%d0%b3%d1%80%d1%83%d0%b7%d0%be%d0%b2%d0%b8%d0%ba%d0%be%d0%b2\/","name":"Cassone in alluminio per autocarri e cassoni in alluminio in vendita","isPartOf":{"@id":"https:\/\/metalpie.com\/#website"},"datePublished":"2022-12-20T02:30:52+00:00","dateModified":"2023-01-31T07:02:37+00:00","description":"Il cassone in alluminio di Hualv \u00e8 di buona qualit\u00e0. \u00c8 popolare tra i clienti grazie alla sua alta qualit\u00e0, al prezzo competitivo e alle dimensioni personalizzate.","breadcrumb":{"@id":"https:\/\/metalpie.com\/ru\/%d0%b0%d0%bb%d1%8e%d0%bc%d0%b8%d0%bd%d0%b8%d0%b5%d0%b2%d1%8b%d0%b5-%d0%b0%d0%b2%d1%82%d0%be%d0%bc%d0%be%d0%b1%d0%b8%d0%bb%d0%b8\/%d0%b0%d0%bb%d1%8e%d0%bc%d0%b8%d0%bd%d0%b8%d0%b5%d0%b2%d1%8b%d0%b5-%d0%ba%d1%83%d0%b7%d0%be%d0%b2%d0%b0-%d0%b3%d1%80%d1%83%d0%b7%d0%be%d0%b2%d0%b8%d0%ba%d0%be%d0%b2\/#breadcrumb"},"inLanguage":"it-IT","potentialAction":[{"@type":"ReadAction","target":["https:\/\/metalpie.com\/ru\/%d0%b0%d0%bb%d1%8e%d0%bc%d0%b8%d0%bd%d0%b8%d0%b5%d0%b2%d1%8b%d0%b5-%d0%b0%d0%b2%d1%82%d0%be%d0%bc%d0%be%d0%b1%d0%b8%d0%bb%d0%b8\/%d0%b0%d0%bb%d1%8e%d0%bc%d0%b8%d0%bd%d0%b8%d0%b5%d0%b2%d1%8b%d0%b5-%d0%ba%d1%83%d0%b7%d0%be%d0%b2%d0%b0-%d0%b3%d1%80%d1%83%d0%b7%d0%be%d0%b2%d0%b8%d0%ba%d0%be%d0%b2\/"]}]},{"@type":"BreadcrumbList","@id":"https:\/\/metalpie.com\/ru\/%d0%b0%d0%bb%d1%8e%d0%bc%d0%b8%d0%bd%d0%b8%d0%b5%d0%b2%d1%8b%d0%b5-%d0%b0%d0%b2%d1%82%d0%be%d0%bc%d0%be%d0%b1%d0%b8%d0%bb%d0%b8\/%d0%b0%d0%bb%d1%8e%d0%bc%d0%b8%d0%bd%d0%b8%d0%b5%d0%b2%d1%8b%d0%b5-%d0%ba%d1%83%d0%b7%d0%be%d0%b2%d0%b0-%d0%b3%d1%80%d1%83%d0%b7%d0%be%d0%b2%d0%b8%d0%ba%d0%be%d0%b2\/#breadcrumb","itemListElement":[{"@type":"ListItem","position":1,"name":"Home","item":"https:\/\/metalpie.com\/"},{"@type":"ListItem","position":2,"name":"Products","item":"https:\/\/metalpie.com\/shop\/"},{"@type":"ListItem","position":3,"name":"Aluminum Box Truck Body"}]},{"@type":"WebSite","@id":"https:\/\/metalpie.com\/#website","url":"https:\/\/metalpie.com\/","name":"METALPIE","description":"Fabbricazione di precisione del metallo - Strumenti, processi e altro ancora","potentialAction":[{"@type":"SearchAction","target":{"@type":"EntryPoint","urlTemplate":"https:\/\/metalpie.com\/?s={search_term_string}"},"query-input":"required name=search_term_string"}],"inLanguage":"it-IT"}]}},"_links":{"self":[{"href":"https:\/\/metalpie.com\/it\/wp-json\/wp\/v2\/product\/3229","targetHints":{"allow":["GET"]}}],"collection":[{"href":"https:\/\/metalpie.com\/it\/wp-json\/wp\/v2\/product"}],"about":[{"href":"https:\/\/metalpie.com\/it\/wp-json\/wp\/v2\/types\/product"}],"replies":[{"embeddable":true,"href":"https:\/\/metalpie.com\/it\/wp-json\/wp\/v2\/comments?post=3229"}],"wp:featuredmedia":[{"embeddable":true,"href":"https:\/\/metalpie.com\/it\/wp-json\/wp\/v2\/media\/3256"}],"wp:attachment":[{"href":"https:\/\/metalpie.com\/it\/wp-json\/wp\/v2\/media?parent=3229"}],"wp:term":[{"taxonomy":"product_cat","embeddable":true,"href":"https:\/\/metalpie.com\/it\/wp-json\/wp\/v2\/product_cat?post=3229"}],"curies":[{"name":"wp","href":"https:\/\/api.w.org\/{rel}","templated":true}]}}