{"id":3199,"date":"2022-12-20T09:23:39","date_gmt":"2022-12-20T01:23:39","guid":{"rendered":"https:\/\/metalpie.com\/?post_type=product&#038;p=3199"},"modified":"2023-02-17T17:08:51","modified_gmt":"2023-02-17T09:08:51","slug":"13-75-metri-di-semirimorchio-in-alluminio","status":"publish","type":"product","link":"https:\/\/metalpie.com\/it\/veicoli-in-alluminio\/13-75-metri-di-semirimorchio-in-alluminio\/","title":{"rendered":"13,75 metri di semirimorchio in alluminio"},"content":{"rendered":"<section class=\"section\" id=\"section_1735323476\">\n\t\t<div class=\"bg section-bg fill bg-fill  bg-loaded\" >\n\n\t\t\t\n\t\t\t\n\t\t\t\n\n\t\t<\/div>\n\n\t\t\n\n\t\t<div class=\"section-content relative\">\n\t\t\t\n<div class=\"row\"  id=\"row-642877270\">\n\n\t<div id=\"col-1206221094\" class=\"col small-12 large-12\"  >\n\t\t\t\t<div class=\"col-inner\"  >\n\t\t\t\n\t\t\t\n<h2>Parametri dei semirimorchi in alluminio<\/h2>\n<table width=\"285\">\n<tbody>\n<tr>\n<td colspan=\"3\" width=\"285\"><strong>I principali parametri tecnici<\/strong><\/td>\n<\/tr>\n<tr>\n<td width=\"95\"><strong>Lunghezza esterna<\/strong><\/td>\n<td width=\"95\"><strong>Larghezza esterna<\/strong><\/td>\n<td width=\"95\"><strong>Altezza esterna<\/strong><\/td>\n<\/tr>\n<tr>\n<td width=\"95\">13750<\/td>\n<td width=\"95\">2550<\/td>\n<td width=\"95\">4000<\/td>\n<\/tr>\n<tr>\n<td width=\"95\"><strong>Lunghezza interna<\/strong><\/td>\n<td width=\"95\"><strong>Larghezza interna<\/strong><\/td>\n<td width=\"95\"><strong>Altezza interna<\/strong><\/td>\n<\/tr>\n<tr>\n<td width=\"95\">13700<\/td>\n<td width=\"95\">2500<\/td>\n<td width=\"95\">2630<\/td>\n<\/tr>\n<tr>\n<td width=\"95\"><strong>Spessore dei pannelli laterali<\/strong><\/td>\n<td width=\"95\"><strong>Spessore del pannello della porta<\/strong><\/td>\n<td width=\"95\"><strong>Piastra inferiore<\/strong><\/td>\n<\/tr>\n<tr>\n<td width=\"95\">20<\/td>\n<td width=\"95\">25<\/td>\n<td width=\"95\">Base in alluminio<\/td>\n<\/tr>\n<tr>\n<td width=\"95\"><strong>Porta laterale<\/strong><\/td>\n<td width=\"95\"><strong>Porta posteriore<\/strong><\/td>\n<td width=\"95\"><strong>Serrature<\/strong><\/td>\n<\/tr>\n<tr>\n<td width=\"95\">Porte doppie laterali<\/td>\n<td width=\"95\">Doppie porte<\/td>\n<td width=\"95\">90<\/td>\n<\/tr>\n<tr>\n<td width=\"95\"><strong>Sospensione<\/strong><\/td>\n<td width=\"95\"><strong>Asse\/numero di assi<\/strong><\/td>\n<td width=\"95\"><strong>Pneumatico<\/strong><\/td>\n<\/tr>\n<tr>\n<td width=\"95\">Sospensione pneumatica BPW<\/td>\n<td width=\"95\">BPW 10 tonnellate \/ 2 assi<\/td>\n<td width=\"95\">425\/65R22.5<\/td>\n<\/tr>\n<tr>\n<td width=\"95\"><strong>Ruota<\/strong><\/td>\n<td width=\"95\"><strong>Outrigger<\/strong><\/td>\n<td width=\"95\"><strong>Valvola di emergenza a rel\u00e8<\/strong><\/td>\n<\/tr>\n<tr>\n<td width=\"95\">13,00*22,5 Realizzato in alluminio<\/td>\n<td width=\"95\">17\u2033collegamento<\/td>\n<td width=\"95\">Wabco<\/td>\n<\/tr>\n<tr>\n<td width=\"95\"><strong>Perno di traino<\/strong><\/td>\n<td width=\"95\"><strong>ABS<\/strong><\/td>\n<td width=\"95\"><strong>Valvola per la stretta di mano<\/strong><\/td>\n<\/tr>\n<tr>\n<td width=\"95\">50#<\/td>\n<td width=\"95\">Domestico 4S\/2M<\/td>\n<td width=\"95\">Wabco<\/td>\n<\/tr>\n<tr>\n<td width=\"95\"><strong>Peso\/kg<\/strong><\/td>\n<td colspan=\"2\" width=\"190\"><strong>4900<\/strong><\/td>\n<\/tr>\n<\/tbody>\n<\/table>\n<h2><strong><span data-preserver-spaces=\"true\">Descrizione dei semirimorchi in alluminio<\/span><\/strong><\/h2>\n<p><span data-preserver-spaces=\"true\">La nostra azienda produce principalmente tutti i tipi di carrelli in lega di alluminio. La superficie dei carrelli pu\u00f2 essere realizzata in vari colori e possiamo personalizzare le dimensioni dei carrelli in base alle esigenze dei clienti.<\/span><\/p>\n<p><span data-preserver-spaces=\"true\">Disponiamo di un team professionale di R&amp;S e possiamo sviluppare i prodotti di cui avete bisogno in base alle vostre esigenze.<\/span><\/p>\n<h2><strong><span data-preserver-spaces=\"true\">Caratteristiche<\/span><\/strong><\/h2>\n<p><span data-preserver-spaces=\"true\">1. La carrozzeria \u00e8 costituita da profili in alluminio ad alta resistenza, collegati principalmente mediante saldatura e avvitamento;<\/span><\/p>\n<p><span data-preserver-spaces=\"true\">2. La colonna anteriore adotta una struttura ad arco di grandi dimensioni per ridurre la resistenza al vento e soddisfare pienamente i requisiti della norma GB1589;<\/span><\/p>\n<p><span data-preserver-spaces=\"true\">3. La striscia di gomma adotta una struttura integrata, che \u00e8 pi\u00f9 bella, ha una durata maggiore e una tenuta pi\u00f9 affidabile;<\/span><\/p>\n<p><span data-preserver-spaces=\"true\">4. La piastra inferiore \u00e8 una struttura a profilo cavo ad alta resistenza, in grado di soddisfare le operazioni di carico e scarico dei carrelli elevatori.<\/span><\/p>\n<p><span data-preserver-spaces=\"true\">5. Le protezioni laterali possono essere dotate di una struttura a gonnellino\/parapetto.<\/span><\/p>\n<p><span data-preserver-spaces=\"true\">6. I pannelli laterali in alluminio del semirimorchio sono robusti e si aprono facilmente.<\/span><\/p>\n\t\t<\/div>\n\t\t\t\t\t<\/div>\n\n\t\n<\/div>\n\t\t<\/div>\n\n\t\t\n<style>\n#section_1735323476 {\n  padding-top: 30px;\n  padding-bottom: 30px;\n}\n<\/style>\n\t<\/section>","protected":false},"excerpt":{"rendered":"","protected":false},"featured_media":3203,"comment_status":"closed","ping_status":"closed","template":"","meta":[],"product_cat":[98],"class_list":["post-3199","product","type-product","status-publish","has-post-thumbnail","hentry","product_cat-aluminum-vehicles"],"yoast_head":"<!-- This site is optimized with the Yoast SEO plugin v21.5 - https:\/\/yoast.com\/wordpress\/plugins\/seo\/ -->\n<title>13.75 Meters of Aluminum Semi-trailer | Aluminum Truck Body<\/title>\n<meta name=\"description\" content=\"We provide aluminum semi-trailers and aluminum cargo trailers. As a professional aluminum truck body manufacturer, we are your top choice!\" \/>\n<meta name=\"robots\" content=\"index, follow, max-snippet:-1, max-image-preview:large, max-video-preview:-1\" \/>\n<link rel=\"canonical\" href=\"https:\/\/metalpie.com\/it\/veicoli-in-alluminio\/13-75-metri-di-semirimorchio-in-alluminio\/\" \/>\n<meta property=\"og:locale\" content=\"it_IT\" \/>\n<meta property=\"og:type\" content=\"article\" \/>\n<meta property=\"og:title\" content=\"13.75 Meters of Aluminum Semi-trailer | Aluminum Truck Body\" \/>\n<meta property=\"og:description\" content=\"We provide aluminum semi-trailers and aluminum cargo trailers. As a professional aluminum truck body manufacturer, we are your top choice!\" \/>\n<meta property=\"og:url\" content=\"https:\/\/metalpie.com\/it\/veicoli-in-alluminio\/13-75-metri-di-semirimorchio-in-alluminio\/\" \/>\n<meta property=\"og:site_name\" content=\"METALPIE\" \/>\n<meta property=\"article:modified_time\" content=\"2023-02-17T09:08:51+00:00\" \/>\n<meta property=\"og:image\" content=\"https:\/\/metalpie.com\/wp-content\/uploads\/2022\/12\/Meters_13_of_Aluminum_Semi_trailer.webp\" \/>\n\t<meta property=\"og:image:width\" content=\"1000\" \/>\n\t<meta property=\"og:image:height\" content=\"750\" \/>\n\t<meta property=\"og:image:type\" content=\"image\/webp\" \/>\n<meta name=\"twitter:card\" content=\"summary_large_image\" \/>\n<meta name=\"twitter:label1\" content=\"Tempo di lettura stimato\" \/>\n\t<meta name=\"twitter:data1\" content=\"2 minuti\" \/>\n<script type=\"application\/ld+json\" class=\"yoast-schema-graph\">{\"@context\":\"https:\/\/schema.org\",\"@graph\":[{\"@type\":\"WebPage\",\"@id\":\"https:\/\/metalpie.com\/ru\/%d0%b0%d0%bb%d1%8e%d0%bc%d0%b8%d0%bd%d0%b8%d0%b5%d0%b2%d1%8b%d0%b5-%d0%b0%d0%b2%d1%82%d0%be%d0%bc%d0%be%d0%b1%d0%b8%d0%bb%d0%b8\/13-75-%d0%bc%d0%b5%d1%82%d1%80%d0%be%d0%b2-%d0%b0%d0%bb%d1%8e%d0%bc%d0%b8%d0%bd%d0%b8%d0%b5%d0%b2%d1%8b%d1%85-%d0%bf%d0%be%d0%bb%d1%83%d0%bf%d1%80%d0%b8%d1%86%d0%b5%d0%bf%d0%be%d0%b2\/\",\"url\":\"https:\/\/metalpie.com\/ru\/%d0%b0%d0%bb%d1%8e%d0%bc%d0%b8%d0%bd%d0%b8%d0%b5%d0%b2%d1%8b%d0%b5-%d0%b0%d0%b2%d1%82%d0%be%d0%bc%d0%be%d0%b1%d0%b8%d0%bb%d0%b8\/13-75-%d0%bc%d0%b5%d1%82%d1%80%d0%be%d0%b2-%d0%b0%d0%bb%d1%8e%d0%bc%d0%b8%d0%bd%d0%b8%d0%b5%d0%b2%d1%8b%d1%85-%d0%bf%d0%be%d0%bb%d1%83%d0%bf%d1%80%d0%b8%d1%86%d0%b5%d0%bf%d0%be%d0%b2\/\",\"name\":\"13.75 Meters of Aluminum Semi-trailer | Aluminum Truck Body\",\"isPartOf\":{\"@id\":\"https:\/\/metalpie.com\/#website\"},\"datePublished\":\"2022-12-20T01:23:39+00:00\",\"dateModified\":\"2023-02-17T09:08:51+00:00\",\"description\":\"We provide aluminum semi-trailers and aluminum cargo trailers. As a professional aluminum truck body manufacturer, we are your top choice!\",\"breadcrumb\":{\"@id\":\"https:\/\/metalpie.com\/ru\/%d0%b0%d0%bb%d1%8e%d0%bc%d0%b8%d0%bd%d0%b8%d0%b5%d0%b2%d1%8b%d0%b5-%d0%b0%d0%b2%d1%82%d0%be%d0%bc%d0%be%d0%b1%d0%b8%d0%bb%d0%b8\/13-75-%d0%bc%d0%b5%d1%82%d1%80%d0%be%d0%b2-%d0%b0%d0%bb%d1%8e%d0%bc%d0%b8%d0%bd%d0%b8%d0%b5%d0%b2%d1%8b%d1%85-%d0%bf%d0%be%d0%bb%d1%83%d0%bf%d1%80%d0%b8%d1%86%d0%b5%d0%bf%d0%be%d0%b2\/#breadcrumb\"},\"inLanguage\":\"it-IT\",\"potentialAction\":[{\"@type\":\"ReadAction\",\"target\":[\"https:\/\/metalpie.com\/ru\/%d0%b0%d0%bb%d1%8e%d0%bc%d0%b8%d0%bd%d0%b8%d0%b5%d0%b2%d1%8b%d0%b5-%d0%b0%d0%b2%d1%82%d0%be%d0%bc%d0%be%d0%b1%d0%b8%d0%bb%d0%b8\/13-75-%d0%bc%d0%b5%d1%82%d1%80%d0%be%d0%b2-%d0%b0%d0%bb%d1%8e%d0%bc%d0%b8%d0%bd%d0%b8%d0%b5%d0%b2%d1%8b%d1%85-%d0%bf%d0%be%d0%bb%d1%83%d0%bf%d1%80%d0%b8%d1%86%d0%b5%d0%bf%d0%be%d0%b2\/\"]}]},{\"@type\":\"BreadcrumbList\",\"@id\":\"https:\/\/metalpie.com\/ru\/%d0%b0%d0%bb%d1%8e%d0%bc%d0%b8%d0%bd%d0%b8%d0%b5%d0%b2%d1%8b%d0%b5-%d0%b0%d0%b2%d1%82%d0%be%d0%bc%d0%be%d0%b1%d0%b8%d0%bb%d0%b8\/13-75-%d0%bc%d0%b5%d1%82%d1%80%d0%be%d0%b2-%d0%b0%d0%bb%d1%8e%d0%bc%d0%b8%d0%bd%d0%b8%d0%b5%d0%b2%d1%8b%d1%85-%d0%bf%d0%be%d0%bb%d1%83%d0%bf%d1%80%d0%b8%d1%86%d0%b5%d0%bf%d0%be%d0%b2\/#breadcrumb\",\"itemListElement\":[{\"@type\":\"ListItem\",\"position\":1,\"name\":\"Home\",\"item\":\"https:\/\/metalpie.com\/\"},{\"@type\":\"ListItem\",\"position\":2,\"name\":\"Products\",\"item\":\"https:\/\/metalpie.com\/shop\/\"},{\"@type\":\"ListItem\",\"position\":3,\"name\":\"13.75 Meters of Aluminum Semi-trailer\"}]},{\"@type\":\"WebSite\",\"@id\":\"https:\/\/metalpie.com\/#website\",\"url\":\"https:\/\/metalpie.com\/\",\"name\":\"METALPIE\",\"description\":\"Precision Metal Fabrication | Tools, Processes &amp; More\",\"potentialAction\":[{\"@type\":\"SearchAction\",\"target\":{\"@type\":\"EntryPoint\",\"urlTemplate\":\"https:\/\/metalpie.com\/?s={search_term_string}\"},\"query-input\":\"required name=search_term_string\"}],\"inLanguage\":\"it-IT\"}]}<\/script>\n<!-- \/ Yoast SEO plugin. -->","yoast_head_json":{"title":"13,75 metri di semirimorchio in alluminio e carrozzeria in alluminio per camion","description":"Forniamo semirimorchi in alluminio e rimorchi da carico in alluminio. In qualit\u00e0 di produttore professionale di carrozzerie in alluminio, siamo la vostra scelta migliore!","robots":{"index":"index","follow":"follow","max-snippet":"max-snippet:-1","max-image-preview":"max-image-preview:large","max-video-preview":"max-video-preview:-1"},"canonical":"https:\/\/metalpie.com\/it\/veicoli-in-alluminio\/13-75-metri-di-semirimorchio-in-alluminio\/","og_locale":"it_IT","og_type":"article","og_title":"13.75 Meters of Aluminum Semi-trailer | Aluminum Truck Body","og_description":"We provide aluminum semi-trailers and aluminum cargo trailers. As a professional aluminum truck body manufacturer, we are your top choice!","og_url":"https:\/\/metalpie.com\/it\/veicoli-in-alluminio\/13-75-metri-di-semirimorchio-in-alluminio\/","og_site_name":"METALPIE","article_modified_time":"2023-02-17T09:08:51+00:00","og_image":[{"width":1000,"height":750,"url":"https:\/\/metalpie.com\/wp-content\/uploads\/2022\/12\/Meters_13_of_Aluminum_Semi_trailer.webp","type":"image\/webp"}],"twitter_card":"summary_large_image","twitter_misc":{"Tempo di lettura stimato":"2 minuti"},"schema":{"@context":"https:\/\/schema.org","@graph":[{"@type":"WebPage","@id":"https:\/\/metalpie.com\/ru\/%d0%b0%d0%bb%d1%8e%d0%bc%d0%b8%d0%bd%d0%b8%d0%b5%d0%b2%d1%8b%d0%b5-%d0%b0%d0%b2%d1%82%d0%be%d0%bc%d0%be%d0%b1%d0%b8%d0%bb%d0%b8\/13-75-%d0%bc%d0%b5%d1%82%d1%80%d0%be%d0%b2-%d0%b0%d0%bb%d1%8e%d0%bc%d0%b8%d0%bd%d0%b8%d0%b5%d0%b2%d1%8b%d1%85-%d0%bf%d0%be%d0%bb%d1%83%d0%bf%d1%80%d0%b8%d1%86%d0%b5%d0%bf%d0%be%d0%b2\/","url":"https:\/\/metalpie.com\/ru\/%d0%b0%d0%bb%d1%8e%d0%bc%d0%b8%d0%bd%d0%b8%d0%b5%d0%b2%d1%8b%d0%b5-%d0%b0%d0%b2%d1%82%d0%be%d0%bc%d0%be%d0%b1%d0%b8%d0%bb%d0%b8\/13-75-%d0%bc%d0%b5%d1%82%d1%80%d0%be%d0%b2-%d0%b0%d0%bb%d1%8e%d0%bc%d0%b8%d0%bd%d0%b8%d0%b5%d0%b2%d1%8b%d1%85-%d0%bf%d0%be%d0%bb%d1%83%d0%bf%d1%80%d0%b8%d1%86%d0%b5%d0%bf%d0%be%d0%b2\/","name":"13,75 metri di semirimorchio in alluminio e carrozzeria in alluminio per camion","isPartOf":{"@id":"https:\/\/metalpie.com\/#website"},"datePublished":"2022-12-20T01:23:39+00:00","dateModified":"2023-02-17T09:08:51+00:00","description":"Forniamo semirimorchi in alluminio e rimorchi da carico in alluminio. In qualit\u00e0 di produttore professionale di carrozzerie in alluminio, siamo la vostra scelta migliore!","breadcrumb":{"@id":"https:\/\/metalpie.com\/ru\/%d0%b0%d0%bb%d1%8e%d0%bc%d0%b8%d0%bd%d0%b8%d0%b5%d0%b2%d1%8b%d0%b5-%d0%b0%d0%b2%d1%82%d0%be%d0%bc%d0%be%d0%b1%d0%b8%d0%bb%d0%b8\/13-75-%d0%bc%d0%b5%d1%82%d1%80%d0%be%d0%b2-%d0%b0%d0%bb%d1%8e%d0%bc%d0%b8%d0%bd%d0%b8%d0%b5%d0%b2%d1%8b%d1%85-%d0%bf%d0%be%d0%bb%d1%83%d0%bf%d1%80%d0%b8%d1%86%d0%b5%d0%bf%d0%be%d0%b2\/#breadcrumb"},"inLanguage":"it-IT","potentialAction":[{"@type":"ReadAction","target":["https:\/\/metalpie.com\/ru\/%d0%b0%d0%bb%d1%8e%d0%bc%d0%b8%d0%bd%d0%b8%d0%b5%d0%b2%d1%8b%d0%b5-%d0%b0%d0%b2%d1%82%d0%be%d0%bc%d0%be%d0%b1%d0%b8%d0%bb%d0%b8\/13-75-%d0%bc%d0%b5%d1%82%d1%80%d0%be%d0%b2-%d0%b0%d0%bb%d1%8e%d0%bc%d0%b8%d0%bd%d0%b8%d0%b5%d0%b2%d1%8b%d1%85-%d0%bf%d0%be%d0%bb%d1%83%d0%bf%d1%80%d0%b8%d1%86%d0%b5%d0%bf%d0%be%d0%b2\/"]}]},{"@type":"BreadcrumbList","@id":"https:\/\/metalpie.com\/ru\/%d0%b0%d0%bb%d1%8e%d0%bc%d0%b8%d0%bd%d0%b8%d0%b5%d0%b2%d1%8b%d0%b5-%d0%b0%d0%b2%d1%82%d0%be%d0%bc%d0%be%d0%b1%d0%b8%d0%bb%d0%b8\/13-75-%d0%bc%d0%b5%d1%82%d1%80%d0%be%d0%b2-%d0%b0%d0%bb%d1%8e%d0%bc%d0%b8%d0%bd%d0%b8%d0%b5%d0%b2%d1%8b%d1%85-%d0%bf%d0%be%d0%bb%d1%83%d0%bf%d1%80%d0%b8%d1%86%d0%b5%d0%bf%d0%be%d0%b2\/#breadcrumb","itemListElement":[{"@type":"ListItem","position":1,"name":"Home","item":"https:\/\/metalpie.com\/"},{"@type":"ListItem","position":2,"name":"Products","item":"https:\/\/metalpie.com\/shop\/"},{"@type":"ListItem","position":3,"name":"13.75 Meters of Aluminum Semi-trailer"}]},{"@type":"WebSite","@id":"https:\/\/metalpie.com\/#website","url":"https:\/\/metalpie.com\/","name":"METALPIE","description":"Fabbricazione di precisione del metallo - Strumenti, processi e altro ancora","potentialAction":[{"@type":"SearchAction","target":{"@type":"EntryPoint","urlTemplate":"https:\/\/metalpie.com\/?s={search_term_string}"},"query-input":"required name=search_term_string"}],"inLanguage":"it-IT"}]}},"_links":{"self":[{"href":"https:\/\/metalpie.com\/it\/wp-json\/wp\/v2\/product\/3199","targetHints":{"allow":["GET"]}}],"collection":[{"href":"https:\/\/metalpie.com\/it\/wp-json\/wp\/v2\/product"}],"about":[{"href":"https:\/\/metalpie.com\/it\/wp-json\/wp\/v2\/types\/product"}],"replies":[{"embeddable":true,"href":"https:\/\/metalpie.com\/it\/wp-json\/wp\/v2\/comments?post=3199"}],"wp:featuredmedia":[{"embeddable":true,"href":"https:\/\/metalpie.com\/it\/wp-json\/wp\/v2\/media\/3203"}],"wp:attachment":[{"href":"https:\/\/metalpie.com\/it\/wp-json\/wp\/v2\/media?parent=3199"}],"wp:term":[{"taxonomy":"product_cat","embeddable":true,"href":"https:\/\/metalpie.com\/it\/wp-json\/wp\/v2\/product_cat?post=3199"}],"curies":[{"name":"wp","href":"https:\/\/api.w.org\/{rel}","templated":true}]}}